{"id":19451,"date":"2023-08-29T17:45:11","date_gmt":"2023-08-29T15:45:11","guid":{"rendered":"https:\/\/sisgeo.com\/die-unternehmens-gruppe\/"},"modified":"2026-01-23T17:37:25","modified_gmt":"2026-01-23T16:37:25","slug":"die-unternehmens-gruppe","status":"publish","type":"page","link":"https:\/\/sisgeo.com\/de\/unternehmen\/die-unternehmens-gruppe\/","title":{"rendered":"Die Unternehmens Gruppe"},"content":{"rendered":"\t\t<div data-elementor-type=\"wp-page\" data-elementor-id=\"19451\" class=\"elementor elementor-19451 elementor-9540\" data-elementor-post-type=\"page\">\n\t\t\t\t<div class=\"elementor-element elementor-element-9b6c437 e-flex e-con-boxed e-con e-parent\" data-id=\"9b6c437\" data-element_type=\"container\" data-e-type=\"container\">\n\t\t\t\t\t<div class=\"e-con-inner\">\n\t\t<div class=\"elementor-element elementor-element-cf6f8cd e-con-full e-flex e-con e-child\" data-id=\"cf6f8cd\" data-element_type=\"container\" data-e-type=\"container\">\n\t\t\t\t<div class=\"elementor-element elementor-element-5ec07a8 dce_masking-none elementor-widget elementor-widget-image\" data-id=\"5ec07a8\" data-element_type=\"widget\" data-e-type=\"widget\" data-widget_type=\"image.default\">\n\t\t\t\t<div class=\"elementor-widget-container\">\n\t\t\t\t\t\t\t\t\t\t\t\t\t\t\t<img fetchpriority=\"high\" decoding=\"async\" width=\"701\" height=\"334\" src=\"https:\/\/sisgeo.com\/wp-content\/uploads\/2023\/09\/group-company-people.jpg\" class=\"attachment-full size-full wp-image-13273\" alt=\"\" srcset=\"https:\/\/sisgeo.com\/wp-content\/uploads\/2023\/09\/group-company-people.jpg 701w, https:\/\/sisgeo.com\/wp-content\/uploads\/2023\/09\/group-company-people-300x143.jpg 300w\" sizes=\"(max-width: 701px) 100vw, 701px\" \/>\t\t\t\t\t\t\t\t\t\t\t\t\t\t\t<\/div>\n\t\t\t\t<\/div>\n\t\t\t\t<\/div>\n\t\t<div class=\"elementor-element elementor-element-762aa90 e-con-full e-flex e-con e-child\" data-id=\"762aa90\" data-element_type=\"container\" data-e-type=\"container\">\n\t\t\t\t<div class=\"elementor-element elementor-element-d0eb06e elementor-widget__width-initial dce_masking-none elementor-widget elementor-widget-image\" data-id=\"d0eb06e\" data-element_type=\"widget\" data-e-type=\"widget\" data-widget_type=\"image.default\">\n\t\t\t\t<div class=\"elementor-widget-container\">\n\t\t\t\t\t\t\t\t\t\t\t\t\t\t\t<img decoding=\"async\" width=\"1065\" height=\"600\" src=\"https:\/\/sisgeo.com\/wp-content\/uploads\/2026\/01\/Eddyfi-map.jpg\" class=\"attachment-full size-full wp-image-29877\" alt=\"Sisgeo-group-companies\" srcset=\"https:\/\/sisgeo.com\/wp-content\/uploads\/2026\/01\/Eddyfi-map.jpg 1065w, https:\/\/sisgeo.com\/wp-content\/uploads\/2026\/01\/Eddyfi-map-300x169.jpg 300w, https:\/\/sisgeo.com\/wp-content\/uploads\/2026\/01\/Eddyfi-map-1024x577.jpg 1024w, https:\/\/sisgeo.com\/wp-content\/uploads\/2026\/01\/Eddyfi-map-768x433.jpg 768w\" sizes=\"(max-width: 1065px) 100vw, 1065px\" \/>\t\t\t\t\t\t\t\t\t\t\t\t\t\t\t<\/div>\n\t\t\t\t<\/div>\n\t\t\t\t<\/div>\n\t\t\t\t\t<\/div>\n\t\t\t\t<\/div>\n\t\t<div class=\"elementor-element elementor-element-a309bfd e-flex e-con-boxed e-con e-parent\" data-id=\"a309bfd\" data-element_type=\"container\" data-e-type=\"container\">\n\t\t\t\t\t<div class=\"e-con-inner\">\n\t\t<div class=\"elementor-element elementor-element-10b8e74 e-con-full e-flex e-con e-child\" data-id=\"10b8e74\" data-element_type=\"container\" data-e-type=\"container\">\n\t\t\t\t<div class=\"elementor-element elementor-element-0b7ef2e elementor-widget elementor-widget-heading\" data-id=\"0b7ef2e\" data-element_type=\"widget\" data-e-type=\"widget\" data-widget_type=\"heading.default\">\n\t\t\t\t<div class=\"elementor-widget-container\">\n\t\t\t\t\t<h2 class=\"elementor-heading-title elementor-size-default\">Von Italien in die Welt: Innovation in der geotechnischen \u00dcberwachung vorantreiben<\/h2>\t\t\t\t<\/div>\n\t\t\t\t<\/div>\n\t\t\t\t<\/div>\n\t\t<div class=\"elementor-element elementor-element-fd80153 e-con-full e-flex e-con e-child\" data-id=\"fd80153\" data-element_type=\"container\" data-e-type=\"container\">\n\t\t\t\t<div data-dce-text-color=\"#000000\" class=\"elementor-element elementor-element-67d6472 elementor-widget elementor-widget-text-editor\" data-id=\"67d6472\" data-element_type=\"widget\" data-e-type=\"widget\" data-widget_type=\"text-editor.default\">\n\t\t\t\t<div class=\"elementor-widget-container\">\n\t\t\t\t\t\t\t\t\t<p>Seit 1993 bringt Sisgeo italienisches Fachwissen in den Bereichen Ingenieurwesen, Technologie und Pr\u00e4zision auf den globalen geotechnischen Markt. Von unserem Hauptsitz in Masate aus steuern wir jeden Produktionsschritt und gew\u00e4hrleisten so zuverl\u00e4ssige und qualitativ hochwertige L\u00f6sungen. <\/p><p>Dank unserer internationalen Niederlassungen und unseres globalen Netzwerks liefern wir ma\u00dfgeschneiderte Systeme, die den spezifischen Anforderungen jedes Marktes gerecht werden.<\/p><p>Heute sind wir stolz darauf, Teil von <a href=\"https:\/\/www.eddyfi.com\/\">Eddyfi Technologies<\/a> zu sein und uns innerhalb der Gruppe Remote Monitoring Solutions (RMS) <a href=\"https:\/\/www.senceive.com\/contact\">Senceive<\/a> und <a href=\"https:\/\/sensornetworksinc.com\/\">Sensor Networks<\/a> anzuschlie\u00dfen. Dieser Schritt erweitert unser Angebot um branchenf\u00fchrende Funktechnologien und ein vollst\u00e4ndig integriertes Monitoringspektrum. <\/p><p>Gemeinsam mit Senceive erhalten Sie nun eine vollst\u00e4ndige Abdeckung \u2013 von der Oberfl\u00e4che bis zum Untergrund \u2013 um Ihre komplexesten baumesstechnischen und geotechnischen Herausforderungen zu bew\u00e4ltigen. <\/p>\t\t\t\t\t\t\t\t<\/div>\n\t\t\t\t<\/div>\n\t\t\t\t<\/div>\n\t\t\t\t\t<\/div>\n\t\t\t\t<\/div>\n\t\t<div class=\"elementor-element elementor-element-322330d e-flex e-con-boxed e-con e-parent\" data-id=\"322330d\" data-element_type=\"container\" data-e-type=\"container\">\n\t\t\t\t\t<div class=\"e-con-inner\">\n\t\t\t\t<div class=\"elementor-element elementor-element-413308a dce-posts-layout-template dce-col-3 dce-col-tablet-3 dce-col-mobile-1 elementor-widget elementor-widget-dce-dynamicposts-v2\" data-id=\"413308a\" data-element_type=\"widget\" data-e-type=\"widget\" data-settings=\"{&quot;style_items&quot;:&quot;template&quot;,&quot;grid_grid_type&quot;:&quot;flex&quot;}\" data-widget_type=\"dce-dynamicposts-v2.grid\">\n\t\t\t\t<div class=\"elementor-widget-container\">\n\t\t\t\t\t\t\t<div class=\"dce-posts-container dce-posts \">\n\t\t\t<div class=\"dce-posts-fallback\">\n\t\t\t\t<p>No results found.<\/p>\t\t\t<\/div>\n\t\t<\/div>\n\t\t\t\t\t\t<\/div>\n\t\t\t\t<\/div>\n\t\t\t\t\t<\/div>\n\t\t\t\t<\/div>\n\t\t\t\t<\/div>\n\t\t","protected":false},"excerpt":{"rendered":"<p>Von Italien in die Welt: Innovation in der geotechnischen \u00dcberwachung vorantreiben Seit 1993 bringt Sisgeo italienisches Fachwissen in den Bereichen Ingenieurwesen, Technologie und Pr\u00e4zision auf den globalen geotechnischen Markt. Von unserem Hauptsitz in Masate aus steuern wir jeden Produktionsschritt und gew\u00e4hrleisten so zuverl\u00e4ssige und qualitativ hochwertige L\u00f6sungen. Dank unserer internationalen Niederlassungen und unseres globalen Netzwerks [&hellip;]<\/p>\n","protected":false},"author":1,"featured_media":0,"parent":19962,"menu_order":0,"comment_status":"closed","ping_status":"closed","template":"","meta":{"footnotes":""},"categories":[],"tags":[],"class_list":["post-19451","page","type-page","status-publish","hentry"],"yoast_head":"<!-- This site is optimized with the Yoast SEO Premium plugin v27.2 (Yoast SEO v27.2) - https:\/\/yoast.com\/product\/yoast-seo-premium-wordpress\/ -->\n<title>Die Unternehmens Gruppe - Sisgeo<\/title>\n<meta name=\"description\" content=\"We\u2019re proud to be part of Eddyfi Technologies, joining Senceive and Sensor Networks, within the Remote Monitoring Solutions (RMS) group.\" \/>\n<meta name=\"robots\" content=\"index, follow, max-snippet:-1, max-image-preview:large, max-video-preview:-1\" \/>\n<link rel=\"canonical\" href=\"https:\/\/sisgeo.com\/de\/unternehmen\/die-unternehmens-gruppe\/\" \/>\n<meta property=\"og:locale\" content=\"de_DE\" \/>\n<meta property=\"og:type\" content=\"article\" \/>\n<meta property=\"og:title\" content=\"Die Unternehmens Gruppe\" \/>\n<meta property=\"og:description\" content=\"We\u2019re proud to be part of Eddyfi Technologies, joining Senceive and Sensor Networks, within the Remote Monitoring Solutions (RMS) group.\" \/>\n<meta property=\"og:url\" content=\"https:\/\/sisgeo.com\/de\/unternehmen\/die-unternehmens-gruppe\/\" \/>\n<meta property=\"og:site_name\" content=\"Sisgeo\" \/>\n<meta property=\"article:modified_time\" content=\"2026-01-23T16:37:25+00:00\" \/>\n<meta property=\"og:image\" content=\"https:\/\/sisgeo.com\/wp-content\/uploads\/2023\/09\/group-company-people.jpg\" \/>\n\t<meta property=\"og:image:width\" content=\"701\" \/>\n\t<meta property=\"og:image:height\" content=\"334\" \/>\n\t<meta property=\"og:image:type\" content=\"image\/jpeg\" \/>\n<meta name=\"twitter:card\" content=\"summary_large_image\" \/>\n<meta name=\"twitter:label1\" content=\"Gesch\u00e4tzte Lesezeit\" \/>\n\t<meta name=\"twitter:data1\" content=\"6\u00a0Minuten\" \/>\n<script type=\"application\/ld+json\" class=\"yoast-schema-graph\">{\"@context\":\"https:\/\/schema.org\",\"@graph\":[{\"@type\":\"WebPage\",\"@id\":\"https:\/\/sisgeo.com\/de\/unternehmen\/die-unternehmens-gruppe\/\",\"url\":\"https:\/\/sisgeo.com\/de\/unternehmen\/die-unternehmens-gruppe\/\",\"name\":\"Die Unternehmens Gruppe - Sisgeo\",\"isPartOf\":{\"@id\":\"https:\/\/sisgeo.com\/de\/#website\"},\"primaryImageOfPage\":{\"@id\":\"https:\/\/sisgeo.com\/de\/unternehmen\/die-unternehmens-gruppe\/#primaryimage\"},\"image\":{\"@id\":\"https:\/\/sisgeo.com\/de\/unternehmen\/die-unternehmens-gruppe\/#primaryimage\"},\"thumbnailUrl\":\"https:\/\/sisgeo.com\/wp-content\/uploads\/2023\/09\/group-company-people.jpg\",\"datePublished\":\"2023-08-29T15:45:11+00:00\",\"dateModified\":\"2026-01-23T16:37:25+00:00\",\"description\":\"We\u2019re proud to be part of Eddyfi Technologies, joining Senceive and Sensor Networks, within the Remote Monitoring Solutions (RMS) group.\",\"breadcrumb\":{\"@id\":\"https:\/\/sisgeo.com\/de\/unternehmen\/die-unternehmens-gruppe\/#breadcrumb\"},\"inLanguage\":\"de\",\"potentialAction\":[{\"@type\":\"ReadAction\",\"target\":[\"https:\/\/sisgeo.com\/de\/unternehmen\/die-unternehmens-gruppe\/\"]}]},{\"@type\":\"ImageObject\",\"inLanguage\":\"de\",\"@id\":\"https:\/\/sisgeo.com\/de\/unternehmen\/die-unternehmens-gruppe\/#primaryimage\",\"url\":\"https:\/\/sisgeo.com\/wp-content\/uploads\/2023\/09\/group-company-people.jpg\",\"contentUrl\":\"https:\/\/sisgeo.com\/wp-content\/uploads\/2023\/09\/group-company-people.jpg\"},{\"@type\":\"BreadcrumbList\",\"@id\":\"https:\/\/sisgeo.com\/de\/unternehmen\/die-unternehmens-gruppe\/#breadcrumb\",\"itemListElement\":[{\"@type\":\"ListItem\",\"position\":1,\"name\":\"Home\",\"item\":\"https:\/\/sisgeo.com\/de\/geotechnische-und-strukturelle-instrumentierung-fuer-shm\/\"},{\"@type\":\"ListItem\",\"position\":2,\"name\":\"Unternehmen\",\"item\":\"https:\/\/sisgeo.com\/de\/unternehmen\/\"},{\"@type\":\"ListItem\",\"position\":3,\"name\":\"Die Unternehmens Gruppe\"}]},{\"@type\":\"WebSite\",\"@id\":\"https:\/\/sisgeo.com\/de\/#website\",\"url\":\"https:\/\/sisgeo.com\/de\/\",\"name\":\"Sisgeo\",\"description\":\"Inclined to improvement\",\"publisher\":{\"@id\":\"https:\/\/sisgeo.com\/de\/#organization\"},\"potentialAction\":[{\"@type\":\"SearchAction\",\"target\":{\"@type\":\"EntryPoint\",\"urlTemplate\":\"https:\/\/sisgeo.com\/de\/?s={search_term_string}\"},\"query-input\":{\"@type\":\"PropertyValueSpecification\",\"valueRequired\":true,\"valueName\":\"search_term_string\"}}],\"inLanguage\":\"de\"},{\"@type\":\"Organization\",\"@id\":\"https:\/\/sisgeo.com\/de\/#organization\",\"name\":\"Sisgeo S.r.l.\",\"url\":\"https:\/\/sisgeo.com\/de\/\",\"logo\":{\"@type\":\"ImageObject\",\"inLanguage\":\"de\",\"@id\":\"https:\/\/sisgeo.com\/de\/#\/schema\/logo\/image\/\",\"url\":\"https:\/\/sisgeodev.pipehosting.it\/wp-content\/uploads\/2023\/06\/logo-RGB.png\",\"contentUrl\":\"https:\/\/sisgeodev.pipehosting.it\/wp-content\/uploads\/2023\/06\/logo-RGB.png\",\"width\":205,\"height\":97,\"caption\":\"Sisgeo S.r.l.\"},\"image\":{\"@id\":\"https:\/\/sisgeo.com\/de\/#\/schema\/logo\/image\/\"}}]}<\/script>\n<!-- \/ Yoast SEO Premium plugin. -->","yoast_head_json":{"title":"Die Unternehmens Gruppe - Sisgeo","description":"We\u2019re proud to be part of Eddyfi Technologies, joining Senceive and Sensor Networks, within the Remote Monitoring Solutions (RMS) group.","robots":{"index":"index","follow":"follow","max-snippet":"max-snippet:-1","max-image-preview":"max-image-preview:large","max-video-preview":"max-video-preview:-1"},"canonical":"https:\/\/sisgeo.com\/de\/unternehmen\/die-unternehmens-gruppe\/","og_locale":"de_DE","og_type":"article","og_title":"Die Unternehmens Gruppe","og_description":"We\u2019re proud to be part of Eddyfi Technologies, joining Senceive and Sensor Networks, within the Remote Monitoring Solutions (RMS) group.","og_url":"https:\/\/sisgeo.com\/de\/unternehmen\/die-unternehmens-gruppe\/","og_site_name":"Sisgeo","article_modified_time":"2026-01-23T16:37:25+00:00","og_image":[{"width":701,"height":334,"url":"https:\/\/sisgeo.com\/wp-content\/uploads\/2023\/09\/group-company-people.jpg","type":"image\/jpeg"}],"twitter_card":"summary_large_image","twitter_misc":{"Gesch\u00e4tzte Lesezeit":"6\u00a0Minuten"},"schema":{"@context":"https:\/\/schema.org","@graph":[{"@type":"WebPage","@id":"https:\/\/sisgeo.com\/de\/unternehmen\/die-unternehmens-gruppe\/","url":"https:\/\/sisgeo.com\/de\/unternehmen\/die-unternehmens-gruppe\/","name":"Die Unternehmens Gruppe - Sisgeo","isPartOf":{"@id":"https:\/\/sisgeo.com\/de\/#website"},"primaryImageOfPage":{"@id":"https:\/\/sisgeo.com\/de\/unternehmen\/die-unternehmens-gruppe\/#primaryimage"},"image":{"@id":"https:\/\/sisgeo.com\/de\/unternehmen\/die-unternehmens-gruppe\/#primaryimage"},"thumbnailUrl":"https:\/\/sisgeo.com\/wp-content\/uploads\/2023\/09\/group-company-people.jpg","datePublished":"2023-08-29T15:45:11+00:00","dateModified":"2026-01-23T16:37:25+00:00","description":"We\u2019re proud to be part of Eddyfi Technologies, joining Senceive and Sensor Networks, within the Remote Monitoring Solutions (RMS) group.","breadcrumb":{"@id":"https:\/\/sisgeo.com\/de\/unternehmen\/die-unternehmens-gruppe\/#breadcrumb"},"inLanguage":"de","potentialAction":[{"@type":"ReadAction","target":["https:\/\/sisgeo.com\/de\/unternehmen\/die-unternehmens-gruppe\/"]}]},{"@type":"ImageObject","inLanguage":"de","@id":"https:\/\/sisgeo.com\/de\/unternehmen\/die-unternehmens-gruppe\/#primaryimage","url":"https:\/\/sisgeo.com\/wp-content\/uploads\/2023\/09\/group-company-people.jpg","contentUrl":"https:\/\/sisgeo.com\/wp-content\/uploads\/2023\/09\/group-company-people.jpg"},{"@type":"BreadcrumbList","@id":"https:\/\/sisgeo.com\/de\/unternehmen\/die-unternehmens-gruppe\/#breadcrumb","itemListElement":[{"@type":"ListItem","position":1,"name":"Home","item":"https:\/\/sisgeo.com\/de\/geotechnische-und-strukturelle-instrumentierung-fuer-shm\/"},{"@type":"ListItem","position":2,"name":"Unternehmen","item":"https:\/\/sisgeo.com\/de\/unternehmen\/"},{"@type":"ListItem","position":3,"name":"Die Unternehmens Gruppe"}]},{"@type":"WebSite","@id":"https:\/\/sisgeo.com\/de\/#website","url":"https:\/\/sisgeo.com\/de\/","name":"Sisgeo","description":"Inclined to improvement","publisher":{"@id":"https:\/\/sisgeo.com\/de\/#organization"},"potentialAction":[{"@type":"SearchAction","target":{"@type":"EntryPoint","urlTemplate":"https:\/\/sisgeo.com\/de\/?s={search_term_string}"},"query-input":{"@type":"PropertyValueSpecification","valueRequired":true,"valueName":"search_term_string"}}],"inLanguage":"de"},{"@type":"Organization","@id":"https:\/\/sisgeo.com\/de\/#organization","name":"Sisgeo S.r.l.","url":"https:\/\/sisgeo.com\/de\/","logo":{"@type":"ImageObject","inLanguage":"de","@id":"https:\/\/sisgeo.com\/de\/#\/schema\/logo\/image\/","url":"https:\/\/sisgeodev.pipehosting.it\/wp-content\/uploads\/2023\/06\/logo-RGB.png","contentUrl":"https:\/\/sisgeodev.pipehosting.it\/wp-content\/uploads\/2023\/06\/logo-RGB.png","width":205,"height":97,"caption":"Sisgeo S.r.l."},"image":{"@id":"https:\/\/sisgeo.com\/de\/#\/schema\/logo\/image\/"}}]}},"_links":{"self":[{"href":"https:\/\/sisgeo.com\/de\/wp-json\/wp\/v2\/pages\/19451","targetHints":{"allow":["GET"]}}],"collection":[{"href":"https:\/\/sisgeo.com\/de\/wp-json\/wp\/v2\/pages"}],"about":[{"href":"https:\/\/sisgeo.com\/de\/wp-json\/wp\/v2\/types\/page"}],"author":[{"embeddable":true,"href":"https:\/\/sisgeo.com\/de\/wp-json\/wp\/v2\/users\/1"}],"replies":[{"embeddable":true,"href":"https:\/\/sisgeo.com\/de\/wp-json\/wp\/v2\/comments?post=19451"}],"version-history":[{"count":7,"href":"https:\/\/sisgeo.com\/de\/wp-json\/wp\/v2\/pages\/19451\/revisions"}],"predecessor-version":[{"id":29901,"href":"https:\/\/sisgeo.com\/de\/wp-json\/wp\/v2\/pages\/19451\/revisions\/29901"}],"up":[{"embeddable":true,"href":"https:\/\/sisgeo.com\/de\/wp-json\/wp\/v2\/pages\/19962"}],"wp:attachment":[{"href":"https:\/\/sisgeo.com\/de\/wp-json\/wp\/v2\/media?parent=19451"}],"wp:term":[{"taxonomy":"category","embeddable":true,"href":"https:\/\/sisgeo.com\/de\/wp-json\/wp\/v2\/categories?post=19451"},{"taxonomy":"post_tag","embeddable":true,"href":"https:\/\/sisgeo.com\/de\/wp-json\/wp\/v2\/tags?post=19451"}],"curies":[{"name":"wp","href":"https:\/\/api.w.org\/{rel}","templated":true}]}}