{"id":19699,"date":"2023-08-29T17:57:16","date_gmt":"2023-08-29T15:57:16","guid":{"rendered":"https:\/\/sisgeo.com\/fe\/"},"modified":"2023-12-01T12:14:21","modified_gmt":"2023-12-01T11:14:21","slug":"fe","status":"publish","type":"page","link":"https:\/\/sisgeo.com\/de\/unternehmen\/fe\/","title":{"rendered":"F&amp;E"},"content":{"rendered":"\t\t<div data-elementor-type=\"wp-page\" data-elementor-id=\"19699\" class=\"elementor elementor-19699 elementor-9551\" data-elementor-post-type=\"page\">\n\t\t\t\t<div class=\"elementor-element elementor-element-9b6c437 e-flex e-con-boxed e-con e-parent\" data-id=\"9b6c437\" data-element_type=\"container\" data-e-type=\"container\">\n\t\t\t\t\t<div class=\"e-con-inner\">\n\t\t<div class=\"elementor-element elementor-element-8d6dcc8 e-con-full e-flex e-con e-child\" data-id=\"8d6dcc8\" data-element_type=\"container\" data-e-type=\"container\">\n\t\t\t\t<div class=\"elementor-element elementor-element-6227a15 dce_masking-none elementor-widget elementor-widget-image\" data-id=\"6227a15\" data-element_type=\"widget\" data-e-type=\"widget\" data-widget_type=\"image.default\">\n\t\t\t\t<div class=\"elementor-widget-container\">\n\t\t\t\t\t\t\t\t\t\t\t\t\t\t\t<img fetchpriority=\"high\" decoding=\"async\" width=\"1292\" height=\"603\" src=\"https:\/\/sisgeo.com\/wp-content\/uploads\/2023\/09\/RD.png\" class=\"attachment-full size-full wp-image-16606\" alt=\"\" srcset=\"https:\/\/sisgeo.com\/wp-content\/uploads\/2023\/09\/RD.png 1292w, https:\/\/sisgeo.com\/wp-content\/uploads\/2023\/09\/RD-300x140.png 300w, https:\/\/sisgeo.com\/wp-content\/uploads\/2023\/09\/RD-1024x478.png 1024w, https:\/\/sisgeo.com\/wp-content\/uploads\/2023\/09\/RD-768x358.png 768w\" sizes=\"(max-width: 1292px) 100vw, 1292px\" \/>\t\t\t\t\t\t\t\t\t\t\t\t\t\t\t<\/div>\n\t\t\t\t<\/div>\n\t\t\t\t<\/div>\n\t\t\t\t\t<\/div>\n\t\t\t\t<\/div>\n\t\t<div class=\"elementor-element elementor-element-a309bfd e-flex e-con-boxed e-con e-parent\" data-id=\"a309bfd\" data-element_type=\"container\" data-e-type=\"container\">\n\t\t\t\t\t<div class=\"e-con-inner\">\n\t\t<div class=\"elementor-element elementor-element-10b8e74 e-con-full e-flex e-con e-child\" data-id=\"10b8e74\" data-element_type=\"container\" data-e-type=\"container\">\n\t\t\t\t<div class=\"elementor-element elementor-element-0b7ef2e elementor-widget elementor-widget-heading\" data-id=\"0b7ef2e\" data-element_type=\"widget\" data-e-type=\"widget\" data-widget_type=\"heading.default\">\n\t\t\t\t<div class=\"elementor-widget-container\">\n\t\t\t\t\t<h2 class=\"elementor-heading-title elementor-size-default\"><span style=\"font-family: GT Planar\">UNSERE NAT\u00dcRLICHER<\/span> AFFINIT\u00c4T <span style=\"font-family: GT Planar\">ZUR ST\u00c4NDIGEN VERBESSERUNG<\/span><\/h2>\t\t\t\t<\/div>\n\t\t\t\t<\/div>\n\t\t\t\t<\/div>\n\t\t<div class=\"elementor-element elementor-element-fd80153 e-con-full e-flex e-con e-child\" data-id=\"fd80153\" data-element_type=\"container\" data-e-type=\"container\">\n\t\t\t\t<div data-dce-text-color=\"#000000\" class=\"elementor-element elementor-element-67d6472 elementor-widget elementor-widget-text-editor\" data-id=\"67d6472\" data-element_type=\"widget\" data-e-type=\"widget\" data-widget_type=\"text-editor.default\">\n\t\t\t\t<div class=\"elementor-widget-container\">\n\t\t\t\t\t\t\t\t\t<p>Unsere kontinuierlichen Forschungs- und Entwicklungsanstrengungen sind ein zentrales Merkmal unserer Organisation. Unser unerm\u00fcdliches Engagement f\u00fcr fortlaufende Verbesserungen spiegelt sich in der Schaffung neuer und innovativer Produkte wider. Diese erg\u00e4nzen das Instrumentarium unserer Kunden und machen es umfassender, flexibler und wettbewerbsf\u00e4higer. Wir setzen auf Innovation, um unseren Kunden stets die besten L\u00f6sungen zu bieten. <\/p>\n\t\t\t\t\t\t\t\t<\/div>\n\t\t\t\t<\/div>\n\t\t\t\t<div class=\"elementor-element elementor-element-afdc78f elementor-widget elementor-widget-heading\" data-id=\"afdc78f\" data-element_type=\"widget\" data-e-type=\"widget\" data-widget_type=\"heading.default\">\n\t\t\t\t<div class=\"elementor-widget-container\">\n\t\t\t\t\t<h3 class=\"elementor-heading-title elementor-size-default\">Plus<\/h3>\t\t\t\t<\/div>\n\t\t\t\t<\/div>\n\t\t\t\t<div class=\"elementor-element elementor-element-cbabfe7 elementor-widget elementor-widget-text-editor\" data-id=\"cbabfe7\" data-element_type=\"widget\" data-e-type=\"widget\" data-widget_type=\"text-editor.default\">\n\t\t\t\t<div class=\"elementor-widget-container\">\n\t\t\t\t\t\t\t\t\t<ul>\n<li>Hoher Qualit\u00e4tsstandard und kontinuierliche Aktualisierung\/Verbesserung von Produkten und Dienstleistungen<\/li>\n<li>Effiziente und optimierte Produktions- und Logistikprozesse<\/li>\n<li>Einsatz modernster Technologien in unseren Produktionsprozessen<\/li>\n<li>Kontinuierliche Entwicklung neuer Produkte<\/li>\n<li>Internes Team aus Ingenieuren, Technikern, Hardware-Spezialisten und Software-Entwicklern<\/li>\n<li>Beherrschung verschiedener Technologien wie Schwingsaiten- und MEMS-Sensoren<\/li>\n<\/ul>\n\t\t\t\t\t\t\t\t<\/div>\n\t\t\t\t<\/div>\n\t\t\t\t<\/div>\n\t\t\t\t\t<\/div>\n\t\t\t\t<\/div>\n\t\t<div class=\"elementor-element elementor-element-d04f867 e-flex e-con-boxed e-con e-parent\" data-id=\"d04f867\" data-element_type=\"container\" data-e-type=\"container\">\n\t\t\t\t\t<div class=\"e-con-inner\">\n\t\t<div class=\"elementor-element elementor-element-0f7f413 e-con-full e-flex e-con e-child\" data-id=\"0f7f413\" data-element_type=\"container\" data-e-type=\"container\">\n\t\t\t\t<div class=\"elementor-element elementor-element-4a2bbf2 elementor-widget elementor-widget-heading\" data-id=\"4a2bbf2\" data-element_type=\"widget\" data-e-type=\"widget\" data-widget_type=\"heading.default\">\n\t\t\t\t<div class=\"elementor-widget-container\">\n\t\t\t\t\t<h2 class=\"elementor-heading-title elementor-size-default\">AUSR\u00dcSTUNG<\/h2>\t\t\t\t<\/div>\n\t\t\t\t<\/div>\n\t\t\t\t<\/div>\n\t\t<div class=\"elementor-element elementor-element-5198862 e-con-full e-flex e-con e-child\" data-id=\"5198862\" data-element_type=\"container\" data-e-type=\"container\">\n\t\t\t\t<div class=\"elementor-element elementor-element-7956f88 elementor-widget elementor-widget-heading\" data-id=\"7956f88\" data-element_type=\"widget\" data-e-type=\"widget\" data-widget_type=\"heading.default\">\n\t\t\t\t<div class=\"elementor-widget-container\">\n\t\t\t\t\t<h3 class=\"elementor-heading-title elementor-size-default\">ST\u00c4NDIGE ERNEUERUNG UNSERER PRODUKTION<\/h3>\t\t\t\t<\/div>\n\t\t\t\t<\/div>\n\t\t\t\t<div class=\"elementor-element elementor-element-73e45ec elementor-widget elementor-widget-text-editor\" data-id=\"73e45ec\" data-element_type=\"widget\" data-e-type=\"widget\" data-widget_type=\"text-editor.default\">\n\t\t\t\t<div class=\"elementor-widget-container\">\n\t\t\t\t\t\t\t\t\t<ul>\n<li>Pr\u00fcfst\u00e4nde f\u00fcr die Herstellung von Schwingsaiten-Dehnungsmessgebern<\/li>\n<li>Automatisierte Pr\u00fcfst\u00e4nde f\u00fcr die Kalibrierung von Neigungssensoren, Wegaufnehmern und Druckaufnehmern. Die Kalibrierungspr\u00fcfst\u00e4nde werden regelm\u00e4\u00dfig auf die Einhaltung der metrologischen Parameter \u00fcberpr\u00fcft und sind so konzipiert, dass sie automatisiert Kalibrierungsberichte ausstellen. <\/li>\n<li>Klimakammern f\u00fcr die temperaturprogrammierte Charakterisierung von Sensoren\/Instrumenten<\/li>\n<li>Laserschwei\u00dfmaschine<\/li>\n<li>Vakuumf\u00fcll- und S\u00e4ttigungssystem f\u00fcr hydraulische Zellen<\/li>\n<li>Inline-Montagesystem f\u00fcr Mehrfach-Extensometer bis zu 60 m (L\u00e4nge)<\/li>\n<li>Automatisierte hydraulische Presse<\/li>\n<li>Autoklaven f\u00fcr IP68 Tests<\/li>\n<li>Kammer f\u00fcr Epoxyharzversiegelung<\/li>\n<\/ul>\n\t\t\t\t\t\t\t\t<\/div>\n\t\t\t\t<\/div>\n\t\t\t\t<\/div>\n\t\t\t\t\t<\/div>\n\t\t\t\t<\/div>\n\t\t\t\t<\/div>\n\t\t","protected":false},"excerpt":{"rendered":"<p>UNSERE NAT\u00dcRLICHER AFFINIT\u00c4T ZUR ST\u00c4NDIGEN VERBESSERUNG Unsere kontinuierlichen Forschungs- und Entwicklungsanstrengungen sind ein zentrales Merkmal unserer Organisation. Unser unerm\u00fcdliches Engagement f\u00fcr fortlaufende Verbesserungen spiegelt sich in der Schaffung neuer und innovativer Produkte wider. Diese erg\u00e4nzen das Instrumentarium unserer Kunden und machen es umfassender, flexibler und wettbewerbsf\u00e4higer. Wir setzen auf Innovation, um unseren Kunden stets die [&hellip;]<\/p>\n","protected":false},"author":1,"featured_media":0,"parent":19962,"menu_order":0,"comment_status":"closed","ping_status":"closed","template":"","meta":{"footnotes":""},"categories":[],"tags":[],"class_list":["post-19699","page","type-page","status-publish","hentry"],"yoast_head":"<!-- This site is optimized with the Yoast SEO Premium plugin v27.2 (Yoast SEO v27.2) - https:\/\/yoast.com\/product\/yoast-seo-premium-wordpress\/ -->\n<title>F&amp;E - Sisgeo<\/title>\n<meta name=\"robots\" content=\"index, follow, max-snippet:-1, max-image-preview:large, max-video-preview:-1\" \/>\n<link rel=\"canonical\" href=\"https:\/\/sisgeo.com\/de\/unternehmen\/fe\/\" \/>\n<meta property=\"og:locale\" content=\"de_DE\" \/>\n<meta property=\"og:type\" content=\"article\" \/>\n<meta property=\"og:title\" content=\"F&amp;E\" \/>\n<meta property=\"og:description\" content=\"UNSERE NAT\u00dcRLICHER AFFINIT\u00c4T ZUR ST\u00c4NDIGEN VERBESSERUNG Unsere kontinuierlichen Forschungs- und Entwicklungsanstrengungen sind ein zentrales Merkmal unserer Organisation. Unser unerm\u00fcdliches Engagement f\u00fcr fortlaufende Verbesserungen spiegelt sich in der Schaffung neuer und innovativer Produkte wider. Diese erg\u00e4nzen das Instrumentarium unserer Kunden und machen es umfassender, flexibler und wettbewerbsf\u00e4higer. Wir setzen auf Innovation, um unseren Kunden stets die [&hellip;]\" \/>\n<meta property=\"og:url\" content=\"https:\/\/sisgeo.com\/de\/unternehmen\/fe\/\" \/>\n<meta property=\"og:site_name\" content=\"Sisgeo\" \/>\n<meta property=\"article:modified_time\" content=\"2023-12-01T11:14:21+00:00\" \/>\n<meta property=\"og:image\" content=\"https:\/\/sisgeo.com\/wp-content\/uploads\/2023\/09\/RD.png\" \/>\n<meta name=\"twitter:card\" content=\"summary_large_image\" \/>\n<meta name=\"twitter:label1\" content=\"Gesch\u00e4tzte Lesezeit\" \/>\n\t<meta name=\"twitter:data1\" content=\"1\u00a0Minute\" \/>\n<script type=\"application\/ld+json\" class=\"yoast-schema-graph\">{\"@context\":\"https:\/\/schema.org\",\"@graph\":[{\"@type\":\"WebPage\",\"@id\":\"https:\/\/sisgeo.com\/de\/unternehmen\/fe\/\",\"url\":\"https:\/\/sisgeo.com\/de\/unternehmen\/fe\/\",\"name\":\"F&amp;E - Sisgeo\",\"isPartOf\":{\"@id\":\"https:\/\/sisgeo.com\/de\/#website\"},\"primaryImageOfPage\":{\"@id\":\"https:\/\/sisgeo.com\/de\/unternehmen\/fe\/#primaryimage\"},\"image\":{\"@id\":\"https:\/\/sisgeo.com\/de\/unternehmen\/fe\/#primaryimage\"},\"thumbnailUrl\":\"https:\/\/sisgeo.com\/wp-content\/uploads\/2023\/09\/RD.png\",\"datePublished\":\"2023-08-29T15:57:16+00:00\",\"dateModified\":\"2023-12-01T11:14:21+00:00\",\"breadcrumb\":{\"@id\":\"https:\/\/sisgeo.com\/de\/unternehmen\/fe\/#breadcrumb\"},\"inLanguage\":\"de\",\"potentialAction\":[{\"@type\":\"ReadAction\",\"target\":[\"https:\/\/sisgeo.com\/de\/unternehmen\/fe\/\"]}]},{\"@type\":\"ImageObject\",\"inLanguage\":\"de\",\"@id\":\"https:\/\/sisgeo.com\/de\/unternehmen\/fe\/#primaryimage\",\"url\":\"https:\/\/sisgeo.com\/wp-content\/uploads\/2023\/09\/RD.png\",\"contentUrl\":\"https:\/\/sisgeo.com\/wp-content\/uploads\/2023\/09\/RD.png\"},{\"@type\":\"BreadcrumbList\",\"@id\":\"https:\/\/sisgeo.com\/de\/unternehmen\/fe\/#breadcrumb\",\"itemListElement\":[{\"@type\":\"ListItem\",\"position\":1,\"name\":\"Home\",\"item\":\"https:\/\/sisgeo.com\/de\/geotechnische-und-strukturelle-instrumentierung-fuer-shm\/\"},{\"@type\":\"ListItem\",\"position\":2,\"name\":\"F&amp;E\"}]},{\"@type\":\"WebSite\",\"@id\":\"https:\/\/sisgeo.com\/de\/#website\",\"url\":\"https:\/\/sisgeo.com\/de\/\",\"name\":\"Sisgeo\",\"description\":\"Inclined to improvement\",\"publisher\":{\"@id\":\"https:\/\/sisgeo.com\/de\/#organization\"},\"potentialAction\":[{\"@type\":\"SearchAction\",\"target\":{\"@type\":\"EntryPoint\",\"urlTemplate\":\"https:\/\/sisgeo.com\/de\/?s={search_term_string}\"},\"query-input\":{\"@type\":\"PropertyValueSpecification\",\"valueRequired\":true,\"valueName\":\"search_term_string\"}}],\"inLanguage\":\"de\"},{\"@type\":\"Organization\",\"@id\":\"https:\/\/sisgeo.com\/de\/#organization\",\"name\":\"Sisgeo S.r.l.\",\"url\":\"https:\/\/sisgeo.com\/de\/\",\"logo\":{\"@type\":\"ImageObject\",\"inLanguage\":\"de\",\"@id\":\"https:\/\/sisgeo.com\/de\/#\/schema\/logo\/image\/\",\"url\":\"https:\/\/sisgeodev.pipehosting.it\/wp-content\/uploads\/2023\/06\/logo-RGB.png\",\"contentUrl\":\"https:\/\/sisgeodev.pipehosting.it\/wp-content\/uploads\/2023\/06\/logo-RGB.png\",\"width\":205,\"height\":97,\"caption\":\"Sisgeo S.r.l.\"},\"image\":{\"@id\":\"https:\/\/sisgeo.com\/de\/#\/schema\/logo\/image\/\"}}]}<\/script>\n<!-- \/ Yoast SEO Premium plugin. -->","yoast_head_json":{"title":"F&amp;E - Sisgeo","robots":{"index":"index","follow":"follow","max-snippet":"max-snippet:-1","max-image-preview":"max-image-preview:large","max-video-preview":"max-video-preview:-1"},"canonical":"https:\/\/sisgeo.com\/de\/unternehmen\/fe\/","og_locale":"de_DE","og_type":"article","og_title":"F&amp;E","og_description":"UNSERE NAT\u00dcRLICHER AFFINIT\u00c4T ZUR ST\u00c4NDIGEN VERBESSERUNG Unsere kontinuierlichen Forschungs- und Entwicklungsanstrengungen sind ein zentrales Merkmal unserer Organisation. Unser unerm\u00fcdliches Engagement f\u00fcr fortlaufende Verbesserungen spiegelt sich in der Schaffung neuer und innovativer Produkte wider. Diese erg\u00e4nzen das Instrumentarium unserer Kunden und machen es umfassender, flexibler und wettbewerbsf\u00e4higer. Wir setzen auf Innovation, um unseren Kunden stets die [&hellip;]","og_url":"https:\/\/sisgeo.com\/de\/unternehmen\/fe\/","og_site_name":"Sisgeo","article_modified_time":"2023-12-01T11:14:21+00:00","og_image":[{"url":"https:\/\/sisgeo.com\/wp-content\/uploads\/2023\/09\/RD.png","type":"","width":"","height":""}],"twitter_card":"summary_large_image","twitter_misc":{"Gesch\u00e4tzte Lesezeit":"1\u00a0Minute"},"schema":{"@context":"https:\/\/schema.org","@graph":[{"@type":"WebPage","@id":"https:\/\/sisgeo.com\/de\/unternehmen\/fe\/","url":"https:\/\/sisgeo.com\/de\/unternehmen\/fe\/","name":"F&amp;E - Sisgeo","isPartOf":{"@id":"https:\/\/sisgeo.com\/de\/#website"},"primaryImageOfPage":{"@id":"https:\/\/sisgeo.com\/de\/unternehmen\/fe\/#primaryimage"},"image":{"@id":"https:\/\/sisgeo.com\/de\/unternehmen\/fe\/#primaryimage"},"thumbnailUrl":"https:\/\/sisgeo.com\/wp-content\/uploads\/2023\/09\/RD.png","datePublished":"2023-08-29T15:57:16+00:00","dateModified":"2023-12-01T11:14:21+00:00","breadcrumb":{"@id":"https:\/\/sisgeo.com\/de\/unternehmen\/fe\/#breadcrumb"},"inLanguage":"de","potentialAction":[{"@type":"ReadAction","target":["https:\/\/sisgeo.com\/de\/unternehmen\/fe\/"]}]},{"@type":"ImageObject","inLanguage":"de","@id":"https:\/\/sisgeo.com\/de\/unternehmen\/fe\/#primaryimage","url":"https:\/\/sisgeo.com\/wp-content\/uploads\/2023\/09\/RD.png","contentUrl":"https:\/\/sisgeo.com\/wp-content\/uploads\/2023\/09\/RD.png"},{"@type":"BreadcrumbList","@id":"https:\/\/sisgeo.com\/de\/unternehmen\/fe\/#breadcrumb","itemListElement":[{"@type":"ListItem","position":1,"name":"Home","item":"https:\/\/sisgeo.com\/de\/geotechnische-und-strukturelle-instrumentierung-fuer-shm\/"},{"@type":"ListItem","position":2,"name":"F&amp;E"}]},{"@type":"WebSite","@id":"https:\/\/sisgeo.com\/de\/#website","url":"https:\/\/sisgeo.com\/de\/","name":"Sisgeo","description":"Inclined to improvement","publisher":{"@id":"https:\/\/sisgeo.com\/de\/#organization"},"potentialAction":[{"@type":"SearchAction","target":{"@type":"EntryPoint","urlTemplate":"https:\/\/sisgeo.com\/de\/?s={search_term_string}"},"query-input":{"@type":"PropertyValueSpecification","valueRequired":true,"valueName":"search_term_string"}}],"inLanguage":"de"},{"@type":"Organization","@id":"https:\/\/sisgeo.com\/de\/#organization","name":"Sisgeo S.r.l.","url":"https:\/\/sisgeo.com\/de\/","logo":{"@type":"ImageObject","inLanguage":"de","@id":"https:\/\/sisgeo.com\/de\/#\/schema\/logo\/image\/","url":"https:\/\/sisgeodev.pipehosting.it\/wp-content\/uploads\/2023\/06\/logo-RGB.png","contentUrl":"https:\/\/sisgeodev.pipehosting.it\/wp-content\/uploads\/2023\/06\/logo-RGB.png","width":205,"height":97,"caption":"Sisgeo S.r.l."},"image":{"@id":"https:\/\/sisgeo.com\/de\/#\/schema\/logo\/image\/"}}]}},"_links":{"self":[{"href":"https:\/\/sisgeo.com\/de\/wp-json\/wp\/v2\/pages\/19699","targetHints":{"allow":["GET"]}}],"collection":[{"href":"https:\/\/sisgeo.com\/de\/wp-json\/wp\/v2\/pages"}],"about":[{"href":"https:\/\/sisgeo.com\/de\/wp-json\/wp\/v2\/types\/page"}],"author":[{"embeddable":true,"href":"https:\/\/sisgeo.com\/de\/wp-json\/wp\/v2\/users\/1"}],"replies":[{"embeddable":true,"href":"https:\/\/sisgeo.com\/de\/wp-json\/wp\/v2\/comments?post=19699"}],"version-history":[{"count":1,"href":"https:\/\/sisgeo.com\/de\/wp-json\/wp\/v2\/pages\/19699\/revisions"}],"predecessor-version":[{"id":19701,"href":"https:\/\/sisgeo.com\/de\/wp-json\/wp\/v2\/pages\/19699\/revisions\/19701"}],"up":[{"embeddable":true,"href":"https:\/\/sisgeo.com\/de\/wp-json\/wp\/v2\/pages\/19962"}],"wp:attachment":[{"href":"https:\/\/sisgeo.com\/de\/wp-json\/wp\/v2\/media?parent=19699"}],"wp:term":[{"taxonomy":"category","embeddable":true,"href":"https:\/\/sisgeo.com\/de\/wp-json\/wp\/v2\/categories?post=19699"},{"taxonomy":"post_tag","embeddable":true,"href":"https:\/\/sisgeo.com\/de\/wp-json\/wp\/v2\/tags?post=19699"}],"curies":[{"name":"wp","href":"https:\/\/api.w.org\/{rel}","templated":true}]}}