{"id":19707,"date":"2023-08-30T14:14:53","date_gmt":"2023-08-30T12:14:53","guid":{"rendered":"https:\/\/sisgeo.com\/qualitaetsmanagementsystem-und-zertifikate\/"},"modified":"2025-02-11T17:31:32","modified_gmt":"2025-02-11T16:31:32","slug":"qualitaetsmanagementsystem-und-zertifikate","status":"publish","type":"page","link":"https:\/\/sisgeo.com\/de\/unternehmen\/qualitaetsmanagementsystem-und-zertifikate\/","title":{"rendered":"QUALIT\u00c4TSMANAGEMENTSYSTEM UND ZERTIFIKATE"},"content":{"rendered":"\t\t<div data-elementor-type=\"wp-page\" data-elementor-id=\"19707\" class=\"elementor elementor-19707 elementor-9565\" data-elementor-post-type=\"page\">\n\t\t\t\t<div class=\"elementor-element elementor-element-9b6c437 e-flex e-con-boxed e-con e-parent\" data-id=\"9b6c437\" data-element_type=\"container\" data-e-type=\"container\">\n\t\t\t\t\t<div class=\"e-con-inner\">\n\t\t<div class=\"elementor-element elementor-element-c87195e e-con-full e-flex e-con e-child\" data-id=\"c87195e\" data-element_type=\"container\" data-e-type=\"container\">\n\t\t\t\t<div class=\"elementor-element elementor-element-cf51d58 dce_masking-none elementor-widget elementor-widget-image\" data-id=\"cf51d58\" data-element_type=\"widget\" data-e-type=\"widget\" data-widget_type=\"image.default\">\n\t\t\t\t<div class=\"elementor-widget-container\">\n\t\t\t\t\t\t\t\t\t\t\t\t\t\t\t<img fetchpriority=\"high\" decoding=\"async\" width=\"1292\" height=\"603\" src=\"https:\/\/sisgeo.com\/wp-content\/uploads\/2023\/09\/certification-sisgeo1.png\" class=\"attachment-full size-full wp-image-13452\" alt=\"\" srcset=\"https:\/\/sisgeo.com\/wp-content\/uploads\/2023\/09\/certification-sisgeo1.png 1292w, https:\/\/sisgeo.com\/wp-content\/uploads\/2023\/09\/certification-sisgeo1-300x140.png 300w, https:\/\/sisgeo.com\/wp-content\/uploads\/2023\/09\/certification-sisgeo1-1024x478.png 1024w, https:\/\/sisgeo.com\/wp-content\/uploads\/2023\/09\/certification-sisgeo1-768x358.png 768w\" sizes=\"(max-width: 1292px) 100vw, 1292px\" \/>\t\t\t\t\t\t\t\t\t\t\t\t\t\t\t<\/div>\n\t\t\t\t<\/div>\n\t\t\t\t<\/div>\n\t\t<div class=\"elementor-element elementor-element-54e0c4a e-con-full e-flex e-con e-child\" data-id=\"54e0c4a\" data-element_type=\"container\" data-e-type=\"container\">\n\t\t\t\t<div class=\"elementor-element elementor-element-95d55a1 dce_masking-none elementor-widget elementor-widget-image\" data-id=\"95d55a1\" data-element_type=\"widget\" data-e-type=\"widget\" data-widget_type=\"image.default\">\n\t\t\t\t<div class=\"elementor-widget-container\">\n\t\t\t\t\t\t\t\t\t\t\t\t\t\t\t<img decoding=\"async\" width=\"615\" height=\"349\" src=\"https:\/\/sisgeo.com\/wp-content\/uploads\/2023\/05\/Logo-SISGEO-sulla-facciata-della-sede.jpg\" class=\"attachment-full size-full wp-image-835\" alt=\"\" srcset=\"https:\/\/sisgeo.com\/wp-content\/uploads\/2023\/05\/Logo-SISGEO-sulla-facciata-della-sede.jpg 615w, https:\/\/sisgeo.com\/wp-content\/uploads\/2023\/05\/Logo-SISGEO-sulla-facciata-della-sede-300x170.jpg 300w\" sizes=\"(max-width: 615px) 100vw, 615px\" \/>\t\t\t\t\t\t\t\t\t\t\t\t\t\t\t<\/div>\n\t\t\t\t<\/div>\n\t\t\t\t<\/div>\n\t\t\t\t\t<\/div>\n\t\t\t\t<\/div>\n\t\t<div class=\"elementor-element elementor-element-a309bfd e-flex e-con-boxed e-con e-parent\" data-id=\"a309bfd\" data-element_type=\"container\" data-e-type=\"container\">\n\t\t\t\t\t<div class=\"e-con-inner\">\n\t\t<div class=\"elementor-element elementor-element-10b8e74 e-con-full e-flex e-con e-child\" data-id=\"10b8e74\" data-element_type=\"container\" data-e-type=\"container\">\n\t\t\t\t<div class=\"elementor-element elementor-element-0b7ef2e elementor-widget elementor-widget-heading\" data-id=\"0b7ef2e\" data-element_type=\"widget\" data-e-type=\"widget\" data-widget_type=\"heading.default\">\n\t\t\t\t<div class=\"elementor-widget-container\">\n\t\t\t\t\t<h2 class=\"elementor-heading-title elementor-size-default\">UNSER QUALIT\u00c4TSSICHERUNGS- KONZEPT<\/h2>\t\t\t\t<\/div>\n\t\t\t\t<\/div>\n\t\t\t\t<\/div>\n\t\t<div class=\"elementor-element elementor-element-fd80153 e-con-full e-flex e-con e-child\" data-id=\"fd80153\" data-element_type=\"container\" data-e-type=\"container\">\n\t\t\t\t<div data-dce-text-color=\"#000000\" class=\"elementor-element elementor-element-67d6472 elementor-widget elementor-widget-text-editor\" data-id=\"67d6472\" data-element_type=\"widget\" data-e-type=\"widget\" data-widget_type=\"text-editor.default\">\n\t\t\t\t<div class=\"elementor-widget-container\">\n\t\t\t\t\t\t\t\t\t<p>Unsere t\u00e4gliche Mission besteht darin, bei jedem Projekt einen uneingeschr\u00e4nkt kundenorientierten Ansatz zu verfolgen. Unser Ziel ist es, eine ma\u00dfgeschneiderte Wertsch\u00f6pfungskette zu schaffen, die exakt den Bed\u00fcrfnissen unserer Kunden entspricht. Wir setzen dabei auf datengesteuerte Mehrwerte und verpflichten uns zu h\u00f6chster Qualit\u00e4t und Risikomanagement in jedem Unternehmensbereich. Gleichzeitig legen wir gr\u00f6\u00dften Wert auf das Wohlergehen unserer engagierten Belegschaft <\/p>\n\t\t\t\t\t\t\t\t<\/div>\n\t\t\t\t<\/div>\n\t\t\t\t<div class=\"elementor-element elementor-element-afdc78f elementor-widget elementor-widget-heading\" data-id=\"afdc78f\" data-element_type=\"widget\" data-e-type=\"widget\" data-widget_type=\"heading.default\">\n\t\t\t\t<div class=\"elementor-widget-container\">\n\t\t\t\t\t<h3 class=\"elementor-heading-title elementor-size-default\">WERTE - <span style=\"font-family:GT Planar\">DAS FUNDAMENT UNSERER PHILOSOPHIE<\/span><\/h3>\t\t\t\t<\/div>\n\t\t\t\t<\/div>\n\t\t\t\t<div class=\"elementor-element elementor-element-cbabfe7 elementor-widget elementor-widget-text-editor\" data-id=\"cbabfe7\" data-element_type=\"widget\" data-e-type=\"widget\" data-widget_type=\"text-editor.default\">\n\t\t\t\t<div class=\"elementor-widget-container\">\n\t\t\t\t\t\t\t\t\t<ul>\n<li>W\u00fcnsche und Erwartungen in Anforderungen umwandeln<\/li>\n<li>Niemals die Verpflichtungen vernachl\u00e4ssigen, die sich aus Gesetzen und Vorschriften ergeben<\/li>\n<li>Sorgf\u00e4ltige Anwendung unseres Qualit\u00e4tsmanagementsystems<\/li>\n<li>Qualit\u00e4t als bereichs\u00fcbergreifenden Ansatz betrachten<\/li>\n<li>Management interner und externer Risikofaktoren<\/li>\n<li>Anwendung eines prozessorientierten Ansatzes zur Verbesserung der Leistung<\/li>\n<\/ul>\n\t\t\t\t\t\t\t\t<\/div>\n\t\t\t\t<\/div>\n\t\t\t\t<div class=\"elementor-element elementor-element-4d8f88c elementor-widget elementor-widget-heading\" data-id=\"4d8f88c\" data-element_type=\"widget\" data-e-type=\"widget\" data-widget_type=\"heading.default\">\n\t\t\t\t<div class=\"elementor-widget-container\">\n\t\t\t\t\t<h3 class=\"elementor-heading-title elementor-size-default\">Ziele<\/h3>\t\t\t\t<\/div>\n\t\t\t\t<\/div>\n\t\t\t\t<div class=\"elementor-element elementor-element-7432403 elementor-widget elementor-widget-text-editor\" data-id=\"7432403\" data-element_type=\"widget\" data-e-type=\"widget\" data-widget_type=\"text-editor.default\">\n\t\t\t\t<div class=\"elementor-widget-container\">\n\t\t\t\t\t\t\t\t\t<ul>\n<li>Kontinuierliche Verbesserung der Leistung und Zuverl\u00e4ssigkeit unserer Produkte\/Dienstleistungen<\/li>\n<li>St\u00e4ndige Aktualisierung und Feinabstimmung aller Produkte, Dienstleistungen und Prozesse<\/li>\n<li>Rechtzeitige und gr\u00fcndliche Planung der Aktivit\u00e4ten zur F\u00f6rderung der Professionalit\u00e4t<\/li>\n<li>Bef\u00e4higung aller Mitarbeiter in Bezug auf Prozesse und Leistung<\/li>\n<li>Kontinuierliches Schulungs- und Entwicklungsprogramm f\u00fcr das gesamte Personal<\/li>\n<li>Hohes Sicherheitsniveau f\u00fcr die Mitarbeiter und besondere Aufmerksamkeit f\u00fcr die Bedingungen ihrer Arbeitsumgebung<\/li>\n<li>Modernisierung der Produktionsprozesse in \u00dcbereinstimmung mit den Automatisierungssystemen 4.0<\/li>\n<\/ul>\n\t\t\t\t\t\t\t\t<\/div>\n\t\t\t\t<\/div>\n\t\t\t\t<\/div>\n\t\t\t\t\t<\/div>\n\t\t\t\t<\/div>\n\t\t<div class=\"elementor-element elementor-element-d04f867 e-flex e-con-boxed e-con e-parent\" data-id=\"d04f867\" data-element_type=\"container\" data-e-type=\"container\">\n\t\t\t\t\t<div class=\"e-con-inner\">\n\t\t<div class=\"elementor-element elementor-element-0f7f413 e-con-full e-flex e-con e-child\" data-id=\"0f7f413\" data-element_type=\"container\" data-e-type=\"container\">\n\t\t\t\t<div class=\"elementor-element elementor-element-4a2bbf2 elementor-widget elementor-widget-heading\" data-id=\"4a2bbf2\" data-element_type=\"widget\" data-e-type=\"widget\" data-widget_type=\"heading.default\">\n\t\t\t\t<div class=\"elementor-widget-container\">\n\t\t\t\t\t<h2 class=\"elementor-heading-title elementor-size-default\">Zertifikate<\/h2>\t\t\t\t<\/div>\n\t\t\t\t<\/div>\n\t\t\t\t<div class=\"elementor-element elementor-element-7853114 dce_masking-none elementor-widget elementor-widget-image\" data-id=\"7853114\" data-element_type=\"widget\" data-e-type=\"widget\" data-widget_type=\"image.default\">\n\t\t\t\t<div class=\"elementor-widget-container\">\n\t\t\t\t\t\t\t\t\t\t\t\t\t\t\t\t<a href=\"\/wp-content\/uploads\/Certificato%20del%20sistema%20qualit\u00e0\/ISO%209001%20Sisgeo%202024.pdf\" target=\"_blank\" rel=\"nofollow\">\n\t\t\t\t\t\t\t<img decoding=\"async\" width=\"297\" height=\"421\" src=\"https:\/\/sisgeo.com\/wp-content\/uploads\/2023\/08\/Management-system-certificate.png\" class=\"attachment-full size-full wp-image-9603\" alt=\"\" srcset=\"https:\/\/sisgeo.com\/wp-content\/uploads\/2023\/08\/Management-system-certificate.png 297w, https:\/\/sisgeo.com\/wp-content\/uploads\/2023\/08\/Management-system-certificate-212x300.png 212w\" sizes=\"(max-width: 297px) 100vw, 297px\" \/>\t\t\t\t\t\t\t\t<\/a>\n\t\t\t\t\t\t\t\t\t\t\t\t\t\t\t<\/div>\n\t\t\t\t<\/div>\n\t\t\t\t<\/div>\n\t\t<div class=\"elementor-element elementor-element-5198862 e-con-full e-flex e-con e-child\" data-id=\"5198862\" data-element_type=\"container\" data-e-type=\"container\">\n\t\t\t\t<div class=\"elementor-element elementor-element-7956f88 elementor-widget elementor-widget-heading\" data-id=\"7956f88\" data-element_type=\"widget\" data-e-type=\"widget\" data-widget_type=\"heading.default\">\n\t\t\t\t<div class=\"elementor-widget-container\">\n\t\t\t\t\t<h3 class=\"elementor-heading-title elementor-size-default\">UNI EN ISO 9001:2015<\/h3>\t\t\t\t<\/div>\n\t\t\t\t<\/div>\n\t\t\t\t<div class=\"elementor-element elementor-element-73e45ec elementor-widget elementor-widget-text-editor\" data-id=\"73e45ec\" data-element_type=\"widget\" data-e-type=\"widget\" data-widget_type=\"text-editor.default\">\n\t\t\t\t<div class=\"elementor-widget-container\">\n\t\t\t\t\t\t\t\t\t<p>Die Herstellung und Lieferung aller unserer Produkte und Dienstleistungen wird von den grundlegenden Konzepten der Organisation, der Qualit\u00e4t und der Kundenzufriedenheit bestimmt. 1997 erhielt SISGEO das ISO-Zertifikat, und seither hat die st\u00e4ndige und konsequente Umsetzung unseres Qualit\u00e4tssystems im gesamten Unternehmen dazu gef\u00fchrt, dass wir unsere Programme weiterentwickeln und verbessern. <\/p>\n<p>Im Jahr 2018 wurde SISGEO mit dem neuen ISO 9001:2015 Zertifikat f\u00fcr die Entwicklung und Herstellung geotechnischer, geomechanischer und baukonstruktiver Instrumente sowie f\u00fcr die Herstellung manueller und automatisierter Systeme f\u00fcr die geotechnische und strukturelle \u00dcberwachung ausgezeichnet. <\/p>\n<p>Wir sind \u00e4u\u00dferst stolz auf diese Auszeichnung und setzen uns fortlaufend daf\u00fcr ein, unsere Produkte und Dienstleistungen zu verbessern, um die Zufriedenheit unserer gesch\u00e4tzten Kunden kontinuierlich zu steigern.<\/p>\n\t\t\t\t\t\t\t\t<\/div>\n\t\t\t\t<\/div>\n\t\t\t\t<\/div>\n\t\t\t\t\t<\/div>\n\t\t\t\t<\/div>\n\t\t\t\t<\/div>\n\t\t","protected":false},"excerpt":{"rendered":"<p>UNSER QUALIT\u00c4TSSICHERUNGS- KONZEPT Unsere t\u00e4gliche Mission besteht darin, bei jedem Projekt einen uneingeschr\u00e4nkt kundenorientierten Ansatz zu verfolgen. Unser Ziel ist es, eine ma\u00dfgeschneiderte Wertsch\u00f6pfungskette zu schaffen, die exakt den Bed\u00fcrfnissen unserer Kunden entspricht. Wir setzen dabei auf datengesteuerte Mehrwerte und verpflichten uns zu h\u00f6chster Qualit\u00e4t und Risikomanagement in jedem Unternehmensbereich. Gleichzeitig legen wir gr\u00f6\u00dften Wert [&hellip;]<\/p>\n","protected":false},"author":1,"featured_media":0,"parent":19962,"menu_order":0,"comment_status":"closed","ping_status":"closed","template":"","meta":{"_acf_changed":false,"footnotes":""},"categories":[],"tags":[],"class_list":["post-19707","page","type-page","status-publish","hentry"],"acf":[],"yoast_head":"<!-- This site is optimized with the Yoast SEO Premium plugin v27.2 (Yoast SEO v27.2) - https:\/\/yoast.com\/product\/yoast-seo-premium-wordpress\/ -->\n<title>QUALIT\u00c4TSMANAGEMENTSYSTEM UND ZERTIFIKATE - Sisgeo<\/title>\n<meta name=\"robots\" content=\"index, follow, max-snippet:-1, max-image-preview:large, max-video-preview:-1\" \/>\n<link rel=\"canonical\" href=\"https:\/\/sisgeo.com\/de\/unternehmen\/qualitaetsmanagementsystem-und-zertifikate\/\" \/>\n<meta property=\"og:locale\" content=\"de_DE\" \/>\n<meta property=\"og:type\" content=\"article\" \/>\n<meta property=\"og:title\" content=\"QUALIT\u00c4TSMANAGEMENTSYSTEM UND ZERTIFIKATE\" \/>\n<meta property=\"og:description\" content=\"UNSER QUALIT\u00c4TSSICHERUNGS- KONZEPT Unsere t\u00e4gliche Mission besteht darin, bei jedem Projekt einen uneingeschr\u00e4nkt kundenorientierten Ansatz zu verfolgen. Unser Ziel ist es, eine ma\u00dfgeschneiderte Wertsch\u00f6pfungskette zu schaffen, die exakt den Bed\u00fcrfnissen unserer Kunden entspricht. Wir setzen dabei auf datengesteuerte Mehrwerte und verpflichten uns zu h\u00f6chster Qualit\u00e4t und Risikomanagement in jedem Unternehmensbereich. Gleichzeitig legen wir gr\u00f6\u00dften Wert [&hellip;]\" \/>\n<meta property=\"og:url\" content=\"https:\/\/sisgeo.com\/de\/unternehmen\/qualitaetsmanagementsystem-und-zertifikate\/\" \/>\n<meta property=\"og:site_name\" content=\"Sisgeo\" \/>\n<meta property=\"article:modified_time\" content=\"2025-02-11T16:31:32+00:00\" \/>\n<meta property=\"og:image\" content=\"https:\/\/sisgeo.com\/wp-content\/uploads\/2023\/09\/certification-sisgeo1.png\" \/>\n\t<meta property=\"og:image:width\" content=\"1292\" \/>\n\t<meta property=\"og:image:height\" content=\"603\" \/>\n\t<meta property=\"og:image:type\" content=\"image\/png\" \/>\n<meta name=\"twitter:card\" content=\"summary_large_image\" \/>\n<meta name=\"twitter:label1\" content=\"Gesch\u00e4tzte Lesezeit\" \/>\n\t<meta name=\"twitter:data1\" content=\"2\u00a0Minuten\" \/>\n<script type=\"application\/ld+json\" class=\"yoast-schema-graph\">{\"@context\":\"https:\/\/schema.org\",\"@graph\":[{\"@type\":\"WebPage\",\"@id\":\"https:\/\/sisgeo.com\/de\/unternehmen\/qualitaetsmanagementsystem-und-zertifikate\/\",\"url\":\"https:\/\/sisgeo.com\/de\/unternehmen\/qualitaetsmanagementsystem-und-zertifikate\/\",\"name\":\"QUALIT\u00c4TSMANAGEMENTSYSTEM UND ZERTIFIKATE - Sisgeo\",\"isPartOf\":{\"@id\":\"https:\/\/sisgeo.com\/de\/#website\"},\"primaryImageOfPage\":{\"@id\":\"https:\/\/sisgeo.com\/de\/unternehmen\/qualitaetsmanagementsystem-und-zertifikate\/#primaryimage\"},\"image\":{\"@id\":\"https:\/\/sisgeo.com\/de\/unternehmen\/qualitaetsmanagementsystem-und-zertifikate\/#primaryimage\"},\"thumbnailUrl\":\"https:\/\/sisgeo.com\/wp-content\/uploads\/2023\/09\/certification-sisgeo1.png\",\"datePublished\":\"2023-08-30T12:14:53+00:00\",\"dateModified\":\"2025-02-11T16:31:32+00:00\",\"breadcrumb\":{\"@id\":\"https:\/\/sisgeo.com\/de\/unternehmen\/qualitaetsmanagementsystem-und-zertifikate\/#breadcrumb\"},\"inLanguage\":\"de\",\"potentialAction\":[{\"@type\":\"ReadAction\",\"target\":[\"https:\/\/sisgeo.com\/de\/unternehmen\/qualitaetsmanagementsystem-und-zertifikate\/\"]}]},{\"@type\":\"ImageObject\",\"inLanguage\":\"de\",\"@id\":\"https:\/\/sisgeo.com\/de\/unternehmen\/qualitaetsmanagementsystem-und-zertifikate\/#primaryimage\",\"url\":\"https:\/\/sisgeo.com\/wp-content\/uploads\/2023\/09\/certification-sisgeo1.png\",\"contentUrl\":\"https:\/\/sisgeo.com\/wp-content\/uploads\/2023\/09\/certification-sisgeo1.png\"},{\"@type\":\"BreadcrumbList\",\"@id\":\"https:\/\/sisgeo.com\/de\/unternehmen\/qualitaetsmanagementsystem-und-zertifikate\/#breadcrumb\",\"itemListElement\":[{\"@type\":\"ListItem\",\"position\":1,\"name\":\"Home\",\"item\":\"https:\/\/sisgeo.com\/de\/geotechnische-und-strukturelle-instrumentierung-fuer-shm\/\"},{\"@type\":\"ListItem\",\"position\":2,\"name\":\"Unternehmen\",\"item\":\"https:\/\/sisgeo.com\/de\/unternehmen\/\"},{\"@type\":\"ListItem\",\"position\":3,\"name\":\"QUALIT\u00c4TSMANAGEMENTSYSTEM UND ZERTIFIKATE\"}]},{\"@type\":\"WebSite\",\"@id\":\"https:\/\/sisgeo.com\/de\/#website\",\"url\":\"https:\/\/sisgeo.com\/de\/\",\"name\":\"Sisgeo\",\"description\":\"Inclined to improvement\",\"publisher\":{\"@id\":\"https:\/\/sisgeo.com\/de\/#organization\"},\"potentialAction\":[{\"@type\":\"SearchAction\",\"target\":{\"@type\":\"EntryPoint\",\"urlTemplate\":\"https:\/\/sisgeo.com\/de\/?s={search_term_string}\"},\"query-input\":{\"@type\":\"PropertyValueSpecification\",\"valueRequired\":true,\"valueName\":\"search_term_string\"}}],\"inLanguage\":\"de\"},{\"@type\":\"Organization\",\"@id\":\"https:\/\/sisgeo.com\/de\/#organization\",\"name\":\"Sisgeo S.r.l.\",\"url\":\"https:\/\/sisgeo.com\/de\/\",\"logo\":{\"@type\":\"ImageObject\",\"inLanguage\":\"de\",\"@id\":\"https:\/\/sisgeo.com\/de\/#\/schema\/logo\/image\/\",\"url\":\"https:\/\/sisgeodev.pipehosting.it\/wp-content\/uploads\/2023\/06\/logo-RGB.png\",\"contentUrl\":\"https:\/\/sisgeodev.pipehosting.it\/wp-content\/uploads\/2023\/06\/logo-RGB.png\",\"width\":205,\"height\":97,\"caption\":\"Sisgeo S.r.l.\"},\"image\":{\"@id\":\"https:\/\/sisgeo.com\/de\/#\/schema\/logo\/image\/\"}}]}<\/script>\n<!-- \/ Yoast SEO Premium plugin. -->","yoast_head_json":{"title":"QUALIT\u00c4TSMANAGEMENTSYSTEM UND ZERTIFIKATE - Sisgeo","robots":{"index":"index","follow":"follow","max-snippet":"max-snippet:-1","max-image-preview":"max-image-preview:large","max-video-preview":"max-video-preview:-1"},"canonical":"https:\/\/sisgeo.com\/de\/unternehmen\/qualitaetsmanagementsystem-und-zertifikate\/","og_locale":"de_DE","og_type":"article","og_title":"QUALIT\u00c4TSMANAGEMENTSYSTEM UND ZERTIFIKATE","og_description":"UNSER QUALIT\u00c4TSSICHERUNGS- KONZEPT Unsere t\u00e4gliche Mission besteht darin, bei jedem Projekt einen uneingeschr\u00e4nkt kundenorientierten Ansatz zu verfolgen. Unser Ziel ist es, eine ma\u00dfgeschneiderte Wertsch\u00f6pfungskette zu schaffen, die exakt den Bed\u00fcrfnissen unserer Kunden entspricht. Wir setzen dabei auf datengesteuerte Mehrwerte und verpflichten uns zu h\u00f6chster Qualit\u00e4t und Risikomanagement in jedem Unternehmensbereich. Gleichzeitig legen wir gr\u00f6\u00dften Wert [&hellip;]","og_url":"https:\/\/sisgeo.com\/de\/unternehmen\/qualitaetsmanagementsystem-und-zertifikate\/","og_site_name":"Sisgeo","article_modified_time":"2025-02-11T16:31:32+00:00","og_image":[{"width":1292,"height":603,"url":"https:\/\/sisgeo.com\/wp-content\/uploads\/2023\/09\/certification-sisgeo1.png","type":"image\/png"}],"twitter_card":"summary_large_image","twitter_misc":{"Gesch\u00e4tzte Lesezeit":"2\u00a0Minuten"},"schema":{"@context":"https:\/\/schema.org","@graph":[{"@type":"WebPage","@id":"https:\/\/sisgeo.com\/de\/unternehmen\/qualitaetsmanagementsystem-und-zertifikate\/","url":"https:\/\/sisgeo.com\/de\/unternehmen\/qualitaetsmanagementsystem-und-zertifikate\/","name":"QUALIT\u00c4TSMANAGEMENTSYSTEM UND ZERTIFIKATE - Sisgeo","isPartOf":{"@id":"https:\/\/sisgeo.com\/de\/#website"},"primaryImageOfPage":{"@id":"https:\/\/sisgeo.com\/de\/unternehmen\/qualitaetsmanagementsystem-und-zertifikate\/#primaryimage"},"image":{"@id":"https:\/\/sisgeo.com\/de\/unternehmen\/qualitaetsmanagementsystem-und-zertifikate\/#primaryimage"},"thumbnailUrl":"https:\/\/sisgeo.com\/wp-content\/uploads\/2023\/09\/certification-sisgeo1.png","datePublished":"2023-08-30T12:14:53+00:00","dateModified":"2025-02-11T16:31:32+00:00","breadcrumb":{"@id":"https:\/\/sisgeo.com\/de\/unternehmen\/qualitaetsmanagementsystem-und-zertifikate\/#breadcrumb"},"inLanguage":"de","potentialAction":[{"@type":"ReadAction","target":["https:\/\/sisgeo.com\/de\/unternehmen\/qualitaetsmanagementsystem-und-zertifikate\/"]}]},{"@type":"ImageObject","inLanguage":"de","@id":"https:\/\/sisgeo.com\/de\/unternehmen\/qualitaetsmanagementsystem-und-zertifikate\/#primaryimage","url":"https:\/\/sisgeo.com\/wp-content\/uploads\/2023\/09\/certification-sisgeo1.png","contentUrl":"https:\/\/sisgeo.com\/wp-content\/uploads\/2023\/09\/certification-sisgeo1.png"},{"@type":"BreadcrumbList","@id":"https:\/\/sisgeo.com\/de\/unternehmen\/qualitaetsmanagementsystem-und-zertifikate\/#breadcrumb","itemListElement":[{"@type":"ListItem","position":1,"name":"Home","item":"https:\/\/sisgeo.com\/de\/geotechnische-und-strukturelle-instrumentierung-fuer-shm\/"},{"@type":"ListItem","position":2,"name":"Unternehmen","item":"https:\/\/sisgeo.com\/de\/unternehmen\/"},{"@type":"ListItem","position":3,"name":"QUALIT\u00c4TSMANAGEMENTSYSTEM UND ZERTIFIKATE"}]},{"@type":"WebSite","@id":"https:\/\/sisgeo.com\/de\/#website","url":"https:\/\/sisgeo.com\/de\/","name":"Sisgeo","description":"Inclined to improvement","publisher":{"@id":"https:\/\/sisgeo.com\/de\/#organization"},"potentialAction":[{"@type":"SearchAction","target":{"@type":"EntryPoint","urlTemplate":"https:\/\/sisgeo.com\/de\/?s={search_term_string}"},"query-input":{"@type":"PropertyValueSpecification","valueRequired":true,"valueName":"search_term_string"}}],"inLanguage":"de"},{"@type":"Organization","@id":"https:\/\/sisgeo.com\/de\/#organization","name":"Sisgeo S.r.l.","url":"https:\/\/sisgeo.com\/de\/","logo":{"@type":"ImageObject","inLanguage":"de","@id":"https:\/\/sisgeo.com\/de\/#\/schema\/logo\/image\/","url":"https:\/\/sisgeodev.pipehosting.it\/wp-content\/uploads\/2023\/06\/logo-RGB.png","contentUrl":"https:\/\/sisgeodev.pipehosting.it\/wp-content\/uploads\/2023\/06\/logo-RGB.png","width":205,"height":97,"caption":"Sisgeo S.r.l."},"image":{"@id":"https:\/\/sisgeo.com\/de\/#\/schema\/logo\/image\/"}}]}},"_links":{"self":[{"href":"https:\/\/sisgeo.com\/de\/wp-json\/wp\/v2\/pages\/19707","targetHints":{"allow":["GET"]}}],"collection":[{"href":"https:\/\/sisgeo.com\/de\/wp-json\/wp\/v2\/pages"}],"about":[{"href":"https:\/\/sisgeo.com\/de\/wp-json\/wp\/v2\/types\/page"}],"author":[{"embeddable":true,"href":"https:\/\/sisgeo.com\/de\/wp-json\/wp\/v2\/users\/1"}],"replies":[{"embeddable":true,"href":"https:\/\/sisgeo.com\/de\/wp-json\/wp\/v2\/comments?post=19707"}],"version-history":[{"count":4,"href":"https:\/\/sisgeo.com\/de\/wp-json\/wp\/v2\/pages\/19707\/revisions"}],"predecessor-version":[{"id":28163,"href":"https:\/\/sisgeo.com\/de\/wp-json\/wp\/v2\/pages\/19707\/revisions\/28163"}],"up":[{"embeddable":true,"href":"https:\/\/sisgeo.com\/de\/wp-json\/wp\/v2\/pages\/19962"}],"wp:attachment":[{"href":"https:\/\/sisgeo.com\/de\/wp-json\/wp\/v2\/media?parent=19707"}],"wp:term":[{"taxonomy":"category","embeddable":true,"href":"https:\/\/sisgeo.com\/de\/wp-json\/wp\/v2\/categories?post=19707"},{"taxonomy":"post_tag","embeddable":true,"href":"https:\/\/sisgeo.com\/de\/wp-json\/wp\/v2\/tags?post=19707"}],"curies":[{"name":"wp","href":"https:\/\/api.w.org\/{rel}","templated":true}]}}