{"id":19904,"date":"2023-06-14T11:34:51","date_gmt":"2023-06-14T09:34:51","guid":{"rendered":"https:\/\/sisgeo.com\/anwendungen\/schienenwege\/"},"modified":"2024-10-24T17:26:45","modified_gmt":"2024-10-24T15:26:45","slug":"schienenwege","status":"publish","type":"page","link":"https:\/\/sisgeo.com\/de\/anwendungen\/schienenwege\/","title":{"rendered":"Schienenwege"},"content":{"rendered":"\t\t<div data-elementor-type=\"wp-page\" data-elementor-id=\"19904\" class=\"elementor elementor-19904 elementor-2438\" data-elementor-post-type=\"page\">\n\t\t\t\t<div class=\"elementor-element elementor-element-b11e6bb e-flex e-con-boxed e-con e-parent\" data-id=\"b11e6bb\" data-element_type=\"container\" data-e-type=\"container\">\n\t\t\t\t\t<div class=\"e-con-inner\">\n\t\t\t\t<div class=\"elementor-element elementor-element-a8e266f elementor-widget elementor-widget-heading\" data-id=\"a8e266f\" data-element_type=\"widget\" data-e-type=\"widget\" data-widget_type=\"heading.default\">\n\t\t\t\t<div class=\"elementor-widget-container\">\n\t\t\t\t\t<h1 class=\"elementor-heading-title elementor-size-default\">Schienenwege<\/h1>\t\t\t\t<\/div>\n\t\t\t\t<\/div>\n\t\t<div class=\"elementor-element elementor-element-1ffcb20 e-con-full e-flex e-con e-child\" data-id=\"1ffcb20\" data-element_type=\"container\" data-e-type=\"container\">\n\t\t\t\t<div class=\"elementor-element elementor-element-420773e dce_masking-none elementor-widget elementor-widget-image\" data-id=\"420773e\" data-element_type=\"widget\" data-e-type=\"widget\" data-widget_type=\"image.default\">\n\t\t\t\t<div class=\"elementor-widget-container\">\n\t\t\t\t\t\t\t\t\t\t\t\t\t\t\t<img fetchpriority=\"high\" decoding=\"async\" width=\"1292\" height=\"603\" src=\"https:\/\/sisgeo.com\/wp-content\/uploads\/2023\/08\/SISRAIL-Sisgeo-railways.jpg\" class=\"attachment-full size-full wp-image-4877\" alt=\"\" srcset=\"https:\/\/sisgeo.com\/wp-content\/uploads\/2023\/08\/SISRAIL-Sisgeo-railways.jpg 1292w, https:\/\/sisgeo.com\/wp-content\/uploads\/2023\/08\/SISRAIL-Sisgeo-railways-300x140.jpg 300w, https:\/\/sisgeo.com\/wp-content\/uploads\/2023\/08\/SISRAIL-Sisgeo-railways-1024x478.jpg 1024w, https:\/\/sisgeo.com\/wp-content\/uploads\/2023\/08\/SISRAIL-Sisgeo-railways-768x358.jpg 768w\" sizes=\"(max-width: 1292px) 100vw, 1292px\" \/>\t\t\t\t\t\t\t\t\t\t\t\t\t\t\t<\/div>\n\t\t\t\t<\/div>\n\t\t\t\t<\/div>\n\t\t\t\t\t<\/div>\n\t\t\t\t<\/div>\n\t\t<div class=\"elementor-element elementor-element-661d78c e-flex e-con-boxed e-con e-parent\" data-id=\"661d78c\" data-element_type=\"container\" data-e-type=\"container\">\n\t\t\t\t\t<div class=\"e-con-inner\">\n\t\t<div class=\"elementor-element elementor-element-9dbb309 e-con-full e-flex e-con e-child\" data-id=\"9dbb309\" data-element_type=\"container\" data-e-type=\"container\">\n\t\t\t\t<div class=\"elementor-element elementor-element-ff549c9 elementor-widget elementor-widget-dce-iframe\" data-id=\"ff549c9\" data-element_type=\"widget\" data-e-type=\"widget\" data-widget_type=\"dce-iframe.default\">\n\t\t\t\t<div class=\"elementor-widget-container\">\n\t\t\t\t\t\t\t<iframe src=\"https:\/\/sisrail.sisgeo.com\/en\/\" frameborder=\"0\" width=\"100%\" height=\"550\" allowfullscreen=\"true\"><\/iframe>\n\t\t\t\t\t\t<\/div>\n\t\t\t\t<\/div>\n\t\t\t\t<\/div>\n\t\t<div class=\"elementor-element elementor-element-10961dd e-con-full e-flex e-con e-child\" data-id=\"10961dd\" data-element_type=\"container\" data-e-type=\"container\">\n\t\t\t\t<div data-dce-title-color=\"#E20717\" class=\"elementor-element elementor-element-9c822d5 elementor-widget elementor-widget-heading\" data-id=\"9c822d5\" data-element_type=\"widget\" data-e-type=\"widget\" data-widget_type=\"heading.default\">\n\t\t\t\t<div class=\"elementor-widget-container\">\n\t\t\t\t\t<h2 class=\"elementor-heading-title elementor-size-default\">WAS IST EISENBAHN\u00dcBERWACHUNG?<\/h2>\t\t\t\t<\/div>\n\t\t\t\t<\/div>\n\t\t\t\t<div class=\"elementor-element elementor-element-a487431 elementor-widget elementor-widget-text-editor\" data-id=\"a487431\" data-element_type=\"widget\" data-e-type=\"widget\" data-widget_type=\"text-editor.default\">\n\t\t\t\t<div class=\"elementor-widget-container\">\n\t\t\t\t\t\t\t\t\t<p>Effektive \u00dcberwachung von Schienenwegen f\u00fcr maximale Sicherheit und Zuverl\u00e4ssigkeit des Eisenbahnsystems Die \u00dcberwachung von Schienenwegen spielt eine ma\u00dfgebliche Rolle, wenn es darum geht, Ver\u00e4nderungen oder Verformungen in der Eisenbahninfrastruktur zu erkennen und zu \u00fcberwachen. Diese Ver\u00e4nderungen k\u00f6nnen verschiedene Elemente des Eisenbahnsystems wie Gleise, Schotter, Unterbau und andere Gewerke betreffen. <\/p>\n<p>Eine Vielzahl von Faktoren kann solche Verformungen verursachen, darunter Temperaturschwankungen, Zugverkehr, Bauma\u00dfnahmen sowie Naturereignisse wie Erdrutsche oder Erdbeben. Diese Verformungen k\u00f6nnen erhebliche Auswirkungen auf die Sicherheit und Zuverl\u00e4ssigkeit des Eisenbahnsystems haben, weshalb eine genaue \u00dcberwachung unerl\u00e4sslich ist. Moderne Systeme zur \u00dcberwachung von Bahnverformungen setzen Sensoren ein, um Daten \u00fcber die physikalischen Eigenschaften der Eisenbahninfrastruktur zu erfassen. <\/p>\n<p>Dazu z\u00e4hlen beispielsweise Verschiebung, Dehnung und Vibration der Gleisk\u00f6rper und anderer Komponenten. Die erfassten Daten werden anschlie\u00dfend analysiert, um Ver\u00e4nderungen oder Anomalien zu identifizieren, die auf potenzielle Probleme oder Gefahren hinweisen k\u00f6nnten. Die \u00dcberwachung von Verformungen spielt eine entscheidende Rolle bei der Gew\u00e4hrleistung der Sicherheit und Zuverl\u00e4ssigkeit des Eisenbahnsystems. <\/p>\n<p>Durch fr\u00fchzeitige Erkennung von Verformungen k\u00f6nnen Bahnbetreiber rechtzeitig Ma\u00dfnahmen ergreifen, um Unf\u00e4lle zu vermeiden und Betriebsunterbrechungen zu minimieren. Dar\u00fcber hinaus erm\u00f6glicht eine optimierte Planung von Wartungs- und Reparaturarbeiten eine Kostenreduzierung und Steigerung der Effizienz. Um die Sicherheit und Effizienz des Eisenbahnsystems zu gew\u00e4hrleisten, ist eine kontinuierliche und pr\u00e4zise \u00dcberwachung von Schienenwegen unerl\u00e4sslich. Moderne Technologien und fortschrittliche Analysemethoden tragen dazu bei, Verformungen fr\u00fchzeitig zu erkennen und die erforderlichen Ma\u00dfnahmen rechtzeitig einzuleiten. So k\u00f6nnen Unf\u00e4lle vermieden, Betriebsunterbrechungen minimiert und die Gesamtleistung des Eisenbahnsystems optimiert werden.  <\/p>\n\t\t\t\t\t\t\t\t<\/div>\n\t\t\t\t<\/div>\n\t\t\t\t<div data-dce-title-color=\"#E20717\" class=\"elementor-element elementor-element-cee09c6 elementor-widget elementor-widget-heading\" data-id=\"cee09c6\" data-element_type=\"widget\" data-e-type=\"widget\" data-widget_type=\"heading.default\">\n\t\t\t\t<div class=\"elementor-widget-container\">\n\t\t\t\t\t<h2 class=\"elementor-heading-title elementor-size-default\">ENTDECKEN SIE DIE WEBSITE VON SISGEO RAIL<\/h2>\t\t\t\t<\/div>\n\t\t\t\t<\/div>\n\t\t\t\t<div data-dce-background-color=\"#FFFFFF00\" class=\"elementor-element elementor-element-0b16b21 elementor-widget elementor-widget-button\" data-id=\"0b16b21\" data-element_type=\"widget\" data-e-type=\"widget\" data-widget_type=\"button.default\">\n\t\t\t\t<div class=\"elementor-widget-container\">\n\t\t\t\t\t\t\t\t\t<div class=\"elementor-button-wrapper\">\n\t\t\t\t\t<a class=\"elementor-button elementor-button-link elementor-size-md\" href=\"https:\/\/sisrail.sisgeo.com\/en\/\">\n\t\t\t\t\t\t<span class=\"elementor-button-content-wrapper\">\n\t\t\t\t\t\t<span class=\"elementor-button-icon\">\n\t\t\t\t<svg xmlns=\"http:\/\/www.w3.org\/2000\/svg\" width=\"28\" height=\"22\" viewBox=\"0 0 28 22\" fill=\"none\"><path fill-rule=\"evenodd\" clip-rule=\"evenodd\" d=\"M0 11.7483L25.0887 11.7483L16.1287 20.4037L17.248 21.5L28 10.9821L17.248 0.5L16.1287 1.59561L25.0887 10.2144L0 10.2144L0 11.7483Z\" fill=\"#E4002B\"><\/path><\/svg>\t\t\t<\/span>\n\t\t\t\t\t\t\t\t\t<span class=\"elementor-button-text\"><span style=\"font-size:14px\">Website Sisrail<\/span><\/span>\n\t\t\t\t\t<\/span>\n\t\t\t\t\t<\/a>\n\t\t\t\t<\/div>\n\t\t\t\t\t\t\t\t<\/div>\n\t\t\t\t<\/div>\n\t\t\t\t<\/div>\n\t\t\t\t\t<\/div>\n\t\t\t\t<\/div>\n\t\t\t\t<\/div>\n\t\t","protected":false},"excerpt":{"rendered":"<p>Schienenwege WAS IST EISENBAHN\u00dcBERWACHUNG? Effektive \u00dcberwachung von Schienenwegen f\u00fcr maximale Sicherheit und Zuverl\u00e4ssigkeit des Eisenbahnsystems Die \u00dcberwachung von Schienenwegen spielt eine ma\u00dfgebliche Rolle, wenn es darum geht, Ver\u00e4nderungen oder Verformungen in der Eisenbahninfrastruktur zu erkennen und zu \u00fcberwachen. Diese Ver\u00e4nderungen k\u00f6nnen verschiedene Elemente des Eisenbahnsystems wie Gleise, Schotter, Unterbau und andere Gewerke betreffen. Eine Vielzahl [&hellip;]<\/p>\n","protected":false},"author":1,"featured_media":5950,"parent":19797,"menu_order":0,"comment_status":"closed","ping_status":"closed","template":"","meta":{"footnotes":""},"categories":[417],"tags":[],"class_list":["post-19904","page","type-page","status-publish","has-post-thumbnail","hentry","category-anwendungen"],"yoast_head":"<!-- This site is optimized with the Yoast SEO Premium plugin v27.2 (Yoast SEO v27.2) - https:\/\/yoast.com\/product\/yoast-seo-premium-wordpress\/ -->\n<title>Schienenwege - Sisgeo<\/title>\n<meta name=\"robots\" content=\"index, follow, max-snippet:-1, max-image-preview:large, max-video-preview:-1\" \/>\n<link rel=\"canonical\" href=\"https:\/\/sisgeo.com\/de\/anwendungen\/schienenwege\/\" \/>\n<meta property=\"og:locale\" content=\"de_DE\" \/>\n<meta property=\"og:type\" content=\"article\" \/>\n<meta property=\"og:title\" content=\"Schienenwege\" \/>\n<meta property=\"og:description\" content=\"Schienenwege WAS IST EISENBAHN\u00dcBERWACHUNG? Effektive \u00dcberwachung von Schienenwegen f\u00fcr maximale Sicherheit und Zuverl\u00e4ssigkeit des Eisenbahnsystems Die \u00dcberwachung von Schienenwegen spielt eine ma\u00dfgebliche Rolle, wenn es darum geht, Ver\u00e4nderungen oder Verformungen in der Eisenbahninfrastruktur zu erkennen und zu \u00fcberwachen. Diese Ver\u00e4nderungen k\u00f6nnen verschiedene Elemente des Eisenbahnsystems wie Gleise, Schotter, Unterbau und andere Gewerke betreffen. Eine Vielzahl [&hellip;]\" \/>\n<meta property=\"og:url\" content=\"https:\/\/sisgeo.com\/de\/anwendungen\/schienenwege\/\" \/>\n<meta property=\"og:site_name\" content=\"Sisgeo\" \/>\n<meta property=\"article:modified_time\" content=\"2024-10-24T15:26:45+00:00\" \/>\n<meta property=\"og:image\" content=\"https:\/\/sisgeo.com\/wp-content\/uploads\/2023\/08\/Railway-monitoring-application.jpg\" \/>\n\t<meta property=\"og:image:width\" content=\"651\" \/>\n\t<meta property=\"og:image:height\" content=\"975\" \/>\n\t<meta property=\"og:image:type\" content=\"image\/jpeg\" \/>\n<meta name=\"twitter:card\" content=\"summary_large_image\" \/>\n<meta name=\"twitter:label1\" content=\"Gesch\u00e4tzte Lesezeit\" \/>\n\t<meta name=\"twitter:data1\" content=\"1\u00a0Minute\" \/>\n<script type=\"application\/ld+json\" class=\"yoast-schema-graph\">{\"@context\":\"https:\/\/schema.org\",\"@graph\":[{\"@type\":\"WebPage\",\"@id\":\"https:\/\/sisgeo.com\/de\/anwendungen\/schienenwege\/\",\"url\":\"https:\/\/sisgeo.com\/de\/anwendungen\/schienenwege\/\",\"name\":\"Schienenwege - Sisgeo\",\"isPartOf\":{\"@id\":\"https:\/\/sisgeo.com\/de\/#website\"},\"primaryImageOfPage\":{\"@id\":\"https:\/\/sisgeo.com\/de\/anwendungen\/schienenwege\/#primaryimage\"},\"image\":{\"@id\":\"https:\/\/sisgeo.com\/de\/anwendungen\/schienenwege\/#primaryimage\"},\"thumbnailUrl\":\"https:\/\/sisgeo.com\/wp-content\/uploads\/2023\/08\/Railway-monitoring-application.jpg\",\"datePublished\":\"2023-06-14T09:34:51+00:00\",\"dateModified\":\"2024-10-24T15:26:45+00:00\",\"breadcrumb\":{\"@id\":\"https:\/\/sisgeo.com\/de\/anwendungen\/schienenwege\/#breadcrumb\"},\"inLanguage\":\"de\",\"potentialAction\":[{\"@type\":\"ReadAction\",\"target\":[\"https:\/\/sisgeo.com\/de\/anwendungen\/schienenwege\/\"]}]},{\"@type\":\"ImageObject\",\"inLanguage\":\"de\",\"@id\":\"https:\/\/sisgeo.com\/de\/anwendungen\/schienenwege\/#primaryimage\",\"url\":\"https:\/\/sisgeo.com\/wp-content\/uploads\/2023\/08\/Railway-monitoring-application.jpg\",\"contentUrl\":\"https:\/\/sisgeo.com\/wp-content\/uploads\/2023\/08\/Railway-monitoring-application.jpg\",\"width\":651,\"height\":975},{\"@type\":\"BreadcrumbList\",\"@id\":\"https:\/\/sisgeo.com\/de\/anwendungen\/schienenwege\/#breadcrumb\",\"itemListElement\":[{\"@type\":\"ListItem\",\"position\":1,\"name\":\"Home\",\"item\":\"https:\/\/sisgeo.com\/de\/geotechnische-und-strukturelle-instrumentierung-fuer-shm\/\"},{\"@type\":\"ListItem\",\"position\":2,\"name\":\"Anwendungen\",\"item\":\"https:\/\/sisgeo.com\/de\/anwendungen\/\"},{\"@type\":\"ListItem\",\"position\":3,\"name\":\"Schienenwege\"}]},{\"@type\":\"WebSite\",\"@id\":\"https:\/\/sisgeo.com\/de\/#website\",\"url\":\"https:\/\/sisgeo.com\/de\/\",\"name\":\"Sisgeo\",\"description\":\"Inclined to improvement\",\"publisher\":{\"@id\":\"https:\/\/sisgeo.com\/de\/#organization\"},\"potentialAction\":[{\"@type\":\"SearchAction\",\"target\":{\"@type\":\"EntryPoint\",\"urlTemplate\":\"https:\/\/sisgeo.com\/de\/?s={search_term_string}\"},\"query-input\":{\"@type\":\"PropertyValueSpecification\",\"valueRequired\":true,\"valueName\":\"search_term_string\"}}],\"inLanguage\":\"de\"},{\"@type\":\"Organization\",\"@id\":\"https:\/\/sisgeo.com\/de\/#organization\",\"name\":\"Sisgeo S.r.l.\",\"url\":\"https:\/\/sisgeo.com\/de\/\",\"logo\":{\"@type\":\"ImageObject\",\"inLanguage\":\"de\",\"@id\":\"https:\/\/sisgeo.com\/de\/#\/schema\/logo\/image\/\",\"url\":\"https:\/\/sisgeodev.pipehosting.it\/wp-content\/uploads\/2023\/06\/logo-RGB.png\",\"contentUrl\":\"https:\/\/sisgeodev.pipehosting.it\/wp-content\/uploads\/2023\/06\/logo-RGB.png\",\"width\":205,\"height\":97,\"caption\":\"Sisgeo S.r.l.\"},\"image\":{\"@id\":\"https:\/\/sisgeo.com\/de\/#\/schema\/logo\/image\/\"}}]}<\/script>\n<!-- \/ Yoast SEO Premium plugin. -->","yoast_head_json":{"title":"Schienenwege - Sisgeo","robots":{"index":"index","follow":"follow","max-snippet":"max-snippet:-1","max-image-preview":"max-image-preview:large","max-video-preview":"max-video-preview:-1"},"canonical":"https:\/\/sisgeo.com\/de\/anwendungen\/schienenwege\/","og_locale":"de_DE","og_type":"article","og_title":"Schienenwege","og_description":"Schienenwege WAS IST EISENBAHN\u00dcBERWACHUNG? Effektive \u00dcberwachung von Schienenwegen f\u00fcr maximale Sicherheit und Zuverl\u00e4ssigkeit des Eisenbahnsystems Die \u00dcberwachung von Schienenwegen spielt eine ma\u00dfgebliche Rolle, wenn es darum geht, Ver\u00e4nderungen oder Verformungen in der Eisenbahninfrastruktur zu erkennen und zu \u00fcberwachen. Diese Ver\u00e4nderungen k\u00f6nnen verschiedene Elemente des Eisenbahnsystems wie Gleise, Schotter, Unterbau und andere Gewerke betreffen. Eine Vielzahl [&hellip;]","og_url":"https:\/\/sisgeo.com\/de\/anwendungen\/schienenwege\/","og_site_name":"Sisgeo","article_modified_time":"2024-10-24T15:26:45+00:00","og_image":[{"width":651,"height":975,"url":"https:\/\/sisgeo.com\/wp-content\/uploads\/2023\/08\/Railway-monitoring-application.jpg","type":"image\/jpeg"}],"twitter_card":"summary_large_image","twitter_misc":{"Gesch\u00e4tzte Lesezeit":"1\u00a0Minute"},"schema":{"@context":"https:\/\/schema.org","@graph":[{"@type":"WebPage","@id":"https:\/\/sisgeo.com\/de\/anwendungen\/schienenwege\/","url":"https:\/\/sisgeo.com\/de\/anwendungen\/schienenwege\/","name":"Schienenwege - Sisgeo","isPartOf":{"@id":"https:\/\/sisgeo.com\/de\/#website"},"primaryImageOfPage":{"@id":"https:\/\/sisgeo.com\/de\/anwendungen\/schienenwege\/#primaryimage"},"image":{"@id":"https:\/\/sisgeo.com\/de\/anwendungen\/schienenwege\/#primaryimage"},"thumbnailUrl":"https:\/\/sisgeo.com\/wp-content\/uploads\/2023\/08\/Railway-monitoring-application.jpg","datePublished":"2023-06-14T09:34:51+00:00","dateModified":"2024-10-24T15:26:45+00:00","breadcrumb":{"@id":"https:\/\/sisgeo.com\/de\/anwendungen\/schienenwege\/#breadcrumb"},"inLanguage":"de","potentialAction":[{"@type":"ReadAction","target":["https:\/\/sisgeo.com\/de\/anwendungen\/schienenwege\/"]}]},{"@type":"ImageObject","inLanguage":"de","@id":"https:\/\/sisgeo.com\/de\/anwendungen\/schienenwege\/#primaryimage","url":"https:\/\/sisgeo.com\/wp-content\/uploads\/2023\/08\/Railway-monitoring-application.jpg","contentUrl":"https:\/\/sisgeo.com\/wp-content\/uploads\/2023\/08\/Railway-monitoring-application.jpg","width":651,"height":975},{"@type":"BreadcrumbList","@id":"https:\/\/sisgeo.com\/de\/anwendungen\/schienenwege\/#breadcrumb","itemListElement":[{"@type":"ListItem","position":1,"name":"Home","item":"https:\/\/sisgeo.com\/de\/geotechnische-und-strukturelle-instrumentierung-fuer-shm\/"},{"@type":"ListItem","position":2,"name":"Anwendungen","item":"https:\/\/sisgeo.com\/de\/anwendungen\/"},{"@type":"ListItem","position":3,"name":"Schienenwege"}]},{"@type":"WebSite","@id":"https:\/\/sisgeo.com\/de\/#website","url":"https:\/\/sisgeo.com\/de\/","name":"Sisgeo","description":"Inclined to improvement","publisher":{"@id":"https:\/\/sisgeo.com\/de\/#organization"},"potentialAction":[{"@type":"SearchAction","target":{"@type":"EntryPoint","urlTemplate":"https:\/\/sisgeo.com\/de\/?s={search_term_string}"},"query-input":{"@type":"PropertyValueSpecification","valueRequired":true,"valueName":"search_term_string"}}],"inLanguage":"de"},{"@type":"Organization","@id":"https:\/\/sisgeo.com\/de\/#organization","name":"Sisgeo S.r.l.","url":"https:\/\/sisgeo.com\/de\/","logo":{"@type":"ImageObject","inLanguage":"de","@id":"https:\/\/sisgeo.com\/de\/#\/schema\/logo\/image\/","url":"https:\/\/sisgeodev.pipehosting.it\/wp-content\/uploads\/2023\/06\/logo-RGB.png","contentUrl":"https:\/\/sisgeodev.pipehosting.it\/wp-content\/uploads\/2023\/06\/logo-RGB.png","width":205,"height":97,"caption":"Sisgeo S.r.l."},"image":{"@id":"https:\/\/sisgeo.com\/de\/#\/schema\/logo\/image\/"}}]}},"_links":{"self":[{"href":"https:\/\/sisgeo.com\/de\/wp-json\/wp\/v2\/pages\/19904","targetHints":{"allow":["GET"]}}],"collection":[{"href":"https:\/\/sisgeo.com\/de\/wp-json\/wp\/v2\/pages"}],"about":[{"href":"https:\/\/sisgeo.com\/de\/wp-json\/wp\/v2\/types\/page"}],"author":[{"embeddable":true,"href":"https:\/\/sisgeo.com\/de\/wp-json\/wp\/v2\/users\/1"}],"replies":[{"embeddable":true,"href":"https:\/\/sisgeo.com\/de\/wp-json\/wp\/v2\/comments?post=19904"}],"version-history":[{"count":3,"href":"https:\/\/sisgeo.com\/de\/wp-json\/wp\/v2\/pages\/19904\/revisions"}],"predecessor-version":[{"id":26513,"href":"https:\/\/sisgeo.com\/de\/wp-json\/wp\/v2\/pages\/19904\/revisions\/26513"}],"up":[{"embeddable":true,"href":"https:\/\/sisgeo.com\/de\/wp-json\/wp\/v2\/pages\/19797"}],"wp:featuredmedia":[{"embeddable":true,"href":"https:\/\/sisgeo.com\/de\/wp-json\/wp\/v2\/media\/5950"}],"wp:attachment":[{"href":"https:\/\/sisgeo.com\/de\/wp-json\/wp\/v2\/media?parent=19904"}],"wp:term":[{"taxonomy":"category","embeddable":true,"href":"https:\/\/sisgeo.com\/de\/wp-json\/wp\/v2\/categories?post=19904"},{"taxonomy":"post_tag","embeddable":true,"href":"https:\/\/sisgeo.com\/de\/wp-json\/wp\/v2\/tags?post=19904"}],"curies":[{"name":"wp","href":"https:\/\/api.w.org\/{rel}","templated":true}]}}