{"id":19970,"date":"2023-04-17T13:08:39","date_gmt":"2023-04-17T11:08:39","guid":{"rendered":"https:\/\/sisgeo.com\/support-kontaktieren\/"},"modified":"2024-05-16T12:36:49","modified_gmt":"2024-05-16T10:36:49","slug":"support-kontaktieren","status":"publish","type":"page","link":"https:\/\/sisgeo.com\/de\/support-kontaktieren\/","title":{"rendered":"Support"},"content":{"rendered":"\t\t<div data-elementor-type=\"wp-page\" data-elementor-id=\"19970\" class=\"elementor elementor-19970 elementor-60\" data-elementor-post-type=\"page\">\n\t\t\t\t<div class=\"elementor-element elementor-element-9802fed e-flex e-con-boxed e-con e-parent\" data-id=\"9802fed\" data-element_type=\"container\" data-e-type=\"container\">\n\t\t\t\t\t<div class=\"e-con-inner\">\n\t\t<div class=\"elementor-element elementor-element-7aef576 e-con-full e-flex e-con e-child\" data-id=\"7aef576\" data-element_type=\"container\" data-e-type=\"container\">\n\t\t\t\t<\/div>\n\t\t\t\t\t<\/div>\n\t\t\t\t<\/div>\n\t\t<div class=\"elementor-element elementor-element-8a1b806 e-flex e-con-boxed e-con e-parent\" data-id=\"8a1b806\" data-element_type=\"container\" data-e-type=\"container\">\n\t\t\t\t\t<div class=\"e-con-inner\">\n\t\t<div class=\"elementor-element elementor-element-162cf24 e-con-full e-flex e-con e-child\" data-id=\"162cf24\" data-element_type=\"container\" data-e-type=\"container\">\n\t\t\t\t<div class=\"elementor-element elementor-element-9ad2756 dce_masking-none elementor-widget elementor-widget-image\" data-id=\"9ad2756\" data-element_type=\"widget\" data-e-type=\"widget\" data-widget_type=\"image.default\">\n\t\t\t\t<div class=\"elementor-widget-container\">\n\t\t\t\t\t\t\t\t\t\t\t\t\t\t\t\t<a href=\"https:\/\/support.sisgeo.com\/hc\/en-us\">\n\t\t\t\t\t\t\t<img fetchpriority=\"high\" decoding=\"async\" width=\"1292\" height=\"603\" src=\"https:\/\/sisgeo.com\/wp-content\/uploads\/2023\/09\/customer_care_sisgeo.jpg\" class=\"attachment-full size-full wp-image-10518\" alt=\"\" srcset=\"https:\/\/sisgeo.com\/wp-content\/uploads\/2023\/09\/customer_care_sisgeo.jpg 1292w, https:\/\/sisgeo.com\/wp-content\/uploads\/2023\/09\/customer_care_sisgeo-300x140.jpg 300w, https:\/\/sisgeo.com\/wp-content\/uploads\/2023\/09\/customer_care_sisgeo-1024x478.jpg 1024w, https:\/\/sisgeo.com\/wp-content\/uploads\/2023\/09\/customer_care_sisgeo-768x358.jpg 768w\" sizes=\"(max-width: 1292px) 100vw, 1292px\" \/>\t\t\t\t\t\t\t\t<\/a>\n\t\t\t\t\t\t\t\t\t\t\t\t\t\t\t<\/div>\n\t\t\t\t<\/div>\n\t\t\t\t<\/div>\n\t\t<div class=\"elementor-element elementor-element-d25a4f6 e-con-full e-flex e-con e-child\" data-id=\"d25a4f6\" data-element_type=\"container\" data-e-type=\"container\">\n\t\t\t\t<div class=\"elementor-element elementor-element-e64cc6d elementor-hidden-mobile elementor-widget elementor-widget-button\" data-id=\"e64cc6d\" data-element_type=\"widget\" data-e-type=\"widget\" data-widget_type=\"button.default\">\n\t\t\t\t<div class=\"elementor-widget-container\">\n\t\t\t\t\t\t\t\t\t<div class=\"elementor-button-wrapper\">\n\t\t\t\t\t<a class=\"elementor-button elementor-button-link elementor-size-md\" href=\"https:\/\/support.sisgeo.com\/hc\/en-us\">\n\t\t\t\t\t\t<span class=\"elementor-button-content-wrapper\">\n\t\t\t\t\t\t<span class=\"elementor-button-icon\">\n\t\t\t\t<svg xmlns=\"http:\/\/www.w3.org\/2000\/svg\" width=\"28\" height=\"22\" viewBox=\"0 0 28 22\" fill=\"none\"><path fill-rule=\"evenodd\" clip-rule=\"evenodd\" d=\"M0 11.3782L25.0887 11.3782L16.1287 20.0335L17.248 21.1299L28 10.612L17.248 0.129883L16.1287 1.2255L25.0887 9.84433L0 9.84433L0 11.3782Z\" fill=\"white\"><\/path><\/svg>\t\t\t<\/span>\n\t\t\t\t\t\t\t\t\t<span class=\"elementor-button-text\">\n          <span style=\"font-size:20px\">Besuchen Sie das Hilfeportal<\/span>\n        <\/span>\n\t\t\t\t\t<\/span>\n\t\t\t\t\t<\/a>\n\t\t\t\t<\/div>\n\t\t\t\t\t\t\t\t<\/div>\n\t\t\t\t<\/div>\n\t\t\t\t<div class=\"elementor-element elementor-element-403b411 elementor-hidden-desktop elementor-hidden-tablet elementor-widget elementor-widget-button\" data-id=\"403b411\" data-element_type=\"widget\" data-e-type=\"widget\" data-widget_type=\"button.default\">\n\t\t\t\t<div class=\"elementor-widget-container\">\n\t\t\t\t\t\t\t\t\t<div class=\"elementor-button-wrapper\">\n\t\t\t\t\t<a class=\"elementor-button elementor-button-link elementor-size-md\" href=\"https:\/\/support.sisgeo.com\/hc\/en-us\">\n\t\t\t\t\t\t<span class=\"elementor-button-content-wrapper\">\n\t\t\t\t\t\t\t\t\t<span class=\"elementor-button-text\">Besuchen Sie das Hilfeportal<\/span>\n\t\t\t\t\t<\/span>\n\t\t\t\t\t<\/a>\n\t\t\t\t<\/div>\n\t\t\t\t\t\t\t\t<\/div>\n\t\t\t\t<\/div>\n\t\t\t\t<\/div>\n\t\t\t\t\t<\/div>\n\t\t\t\t<\/div>\n\t\t<div class=\"elementor-element elementor-element-25860e3 e-flex e-con-boxed e-con e-parent\" data-id=\"25860e3\" data-element_type=\"container\" data-e-type=\"container\">\n\t\t\t\t\t<div class=\"e-con-inner\">\n\t\t\t\t<div class=\"elementor-element elementor-element-d9150ec elementor-widget elementor-widget-text-editor\" data-id=\"d9150ec\" data-element_type=\"widget\" data-e-type=\"widget\" data-widget_type=\"text-editor.default\">\n\t\t\t\t<div class=\"elementor-widget-container\">\n\t\t\t\t\t\t\t\t\t<p>Der technische Support von Sisgeo wird von der Abteilung Customer Care \u00fcber ein Webportal verwaltet, das Sie <a href=\"https:\/\/support.sisgeo.com\/hc\/en-us\/categories\/360001328034-Support\" target=\"_blank\" rel=\"noopener\">hier<\/a> erreichen k\u00f6nnen.<\/p>\n<p>Die folgenden Dienste k\u00f6nnen \u00fcber das Webportal aktiviert oder verwaltet werden:<\/p>\n<ul>\n<li>RMA f\u00fcr die Wartung und\/oder Reparatur von Ger\u00e4ten<\/li>\n<li>Vermietung von Messsystemen<\/li>\n<li>Anforderung von Kopien von Kalibrierungsberichten und Konformit\u00e4tsbescheinigungen<\/li>\n<li>Ticket-Er\u00f6ffnung f\u00fcr technische Probleml\u00f6sungen<\/li>\n<li>Anfragen f\u00fcr Schulungen<\/li>\n<li>Installationsunterst\u00fctzung vor Ort<\/li>\n<\/ul>\n<p>Bitte beachten Sie, dass die F.A.Q.&#8217;s (Frequently Asked Questions) und die Handb\u00fccher zu den Instrumenten immer online zur Verf\u00fcgung stehen.<\/p>\n\t\t\t\t\t\t\t\t<\/div>\n\t\t\t\t<\/div>\n\t\t\t\t\t<\/div>\n\t\t\t\t<\/div>\n\t\t<div class=\"elementor-element elementor-element-f8d0700 e-flex e-con-boxed e-con e-parent\" data-id=\"f8d0700\" data-element_type=\"container\" data-e-type=\"container\">\n\t\t\t\t\t<div class=\"e-con-inner\">\n\t\t<div class=\"elementor-element elementor-element-74dcf17 e-con-full e-flex e-con e-child\" data-id=\"74dcf17\" data-element_type=\"container\" data-e-type=\"container\">\n\t\t\t\t<div data-dce-title-color=\"#E20717\" class=\"elementor-element elementor-element-5b6883a elementor-widget elementor-widget-heading\" data-id=\"5b6883a\" data-element_type=\"widget\" data-e-type=\"widget\" data-widget_type=\"heading.default\">\n\t\t\t\t<div class=\"elementor-widget-container\">\n\t\t\t\t\t<h2 class=\"elementor-heading-title elementor-size-default\"><span style=\"font-family: GT Planar\">F.A.Q. <\/span>\u2013 Frequently Asked Questions<\/h2>\t\t\t\t<\/div>\n\t\t\t\t<\/div>\n\t\t\t\t<\/div>\n\t\t<div class=\"elementor-element elementor-element-10e9267 e-con-full e-flex e-con e-child\" data-id=\"10e9267\" data-element_type=\"container\" data-e-type=\"container\">\n\t\t\t\t<div data-dce-text-color=\"#000000\" class=\"elementor-element elementor-element-62c6665 elementor-widget elementor-widget-text-editor\" data-id=\"62c6665\" data-element_type=\"widget\" data-e-type=\"widget\" data-widget_type=\"text-editor.default\">\n\t\t\t\t<div class=\"elementor-widget-container\">\n\t\t\t\t\t\t\t\t\t<p>Antworten auf h\u00e4ufig gestellte Fragen finden Sie in der F.A.Q.:<\/p>\n\t\t\t\t\t\t\t\t<\/div>\n\t\t\t\t<\/div>\n\t\t\t\t<div data-dce-background-color=\"#FFFFFF00\" class=\"elementor-element elementor-element-77ae980 elementor-widget elementor-widget-button\" data-id=\"77ae980\" data-element_type=\"widget\" data-e-type=\"widget\" data-widget_type=\"button.default\">\n\t\t\t\t<div class=\"elementor-widget-container\">\n\t\t\t\t\t\t\t\t\t<div class=\"elementor-button-wrapper\">\n\t\t\t\t\t<a class=\"elementor-button elementor-button-link elementor-size-md\" href=\"https:\/\/sisgeo.com\/de\/produkte\/faq\/\">\n\t\t\t\t\t\t<span class=\"elementor-button-content-wrapper\">\n\t\t\t\t\t\t<span class=\"elementor-button-icon\">\n\t\t\t\t<svg xmlns=\"http:\/\/www.w3.org\/2000\/svg\" width=\"28\" height=\"22\" viewBox=\"0 0 28 22\" fill=\"none\"><path fill-rule=\"evenodd\" clip-rule=\"evenodd\" d=\"M0 11.7483L25.0887 11.7483L16.1287 20.4037L17.248 21.5L28 10.9821L17.248 0.5L16.1287 1.59561L25.0887 10.2144L0 10.2144L0 11.7483Z\" fill=\"#E4002B\"><\/path><\/svg>\t\t\t<\/span>\n\t\t\t\t\t\t\t\t\t<span class=\"elementor-button-text\">\n          <span style=\"font-size:12px\">F.A.Q.<\/span>\n        <\/span>\n\t\t\t\t\t<\/span>\n\t\t\t\t\t<\/a>\n\t\t\t\t<\/div>\n\t\t\t\t\t\t\t\t<\/div>\n\t\t\t\t<\/div>\n\t\t\t\t<\/div>\n\t\t\t\t\t<\/div>\n\t\t\t\t<\/div>\n\t\t<div class=\"elementor-element elementor-element-ae53930 e-flex e-con-boxed e-con e-parent\" data-id=\"ae53930\" data-element_type=\"container\" data-e-type=\"container\">\n\t\t\t\t\t<div class=\"e-con-inner\">\n\t\t<div class=\"elementor-element elementor-element-ca18962 e-con-full e-flex e-con e-child\" data-id=\"ca18962\" data-element_type=\"container\" data-e-type=\"container\">\n\t\t\t\t<div data-dce-title-color=\"#E20717\" class=\"elementor-element elementor-element-31992aa elementor-widget elementor-widget-heading\" data-id=\"31992aa\" data-element_type=\"widget\" data-e-type=\"widget\" data-widget_type=\"heading.default\">\n\t\t\t\t<div class=\"elementor-widget-container\">\n\t\t\t\t\t<h2 class=\"elementor-heading-title elementor-size-default\">\n          <span style=\"font-family: GT Planar\">Handb\u00fccher<\/span>\n        <\/h2>\t\t\t\t<\/div>\n\t\t\t\t<\/div>\n\t\t\t\t<\/div>\n\t\t<div class=\"elementor-element elementor-element-f9e0700 e-con-full e-flex e-con e-child\" data-id=\"f9e0700\" data-element_type=\"container\" data-e-type=\"container\">\n\t\t\t\t<div data-dce-text-color=\"#000000\" class=\"elementor-element elementor-element-45c1f71 elementor-widget elementor-widget-text-editor\" data-id=\"45c1f71\" data-element_type=\"widget\" data-e-type=\"widget\" data-widget_type=\"text-editor.default\">\n\t\t\t\t<div class=\"elementor-widget-container\">\n\t\t\t\t\t\t\t\t\t<p>In unseren exklusiven Handb\u00fcchern, die nach einer einfachen Anmeldung mit Benutzername und Passwort zug\u00e4nglich sind, bieten wir Ihnen umfassende Einblicke. Sie finden darin detaillierte Ger\u00e4tebeschreibungen, praxisnahe Anwendungsbeispiele, klare Anleitungen f\u00fcr Vorbereitungsarbeiten vor der Installation, Schritt-f\u00fcr-Schritt-Anleitungen f\u00fcr die Installation selbst sowie wertvolle Tipps zum effektiven Ablesen der Ger\u00e4te. Wir stellen sicher, dass Sie alle erforderlichen Informationen f\u00fcr eine reibungslose Nutzung unserer Produkte erhalten.<\/p>\n\t\t\t\t\t\t\t\t<\/div>\n\t\t\t\t<\/div>\n\t\t\t\t<div data-dce-background-color=\"#FFFFFF00\" class=\"elementor-element elementor-element-f847988 elementor-widget elementor-widget-button\" data-id=\"f847988\" data-element_type=\"widget\" data-e-type=\"widget\" data-widget_type=\"button.default\">\n\t\t\t\t<div class=\"elementor-widget-container\">\n\t\t\t\t\t\t\t\t\t<div class=\"elementor-button-wrapper\">\n\t\t\t\t\t<a class=\"elementor-button elementor-button-link elementor-size-md\" href=\"https:\/\/sisgeo.com\/de\/downoad-bereich\/handbuecher\/\">\n\t\t\t\t\t\t<span class=\"elementor-button-content-wrapper\">\n\t\t\t\t\t\t<span class=\"elementor-button-icon\">\n\t\t\t\t<svg xmlns=\"http:\/\/www.w3.org\/2000\/svg\" width=\"28\" height=\"22\" viewBox=\"0 0 28 22\" fill=\"none\"><path fill-rule=\"evenodd\" clip-rule=\"evenodd\" d=\"M0 11.7483L25.0887 11.7483L16.1287 20.4037L17.248 21.5L28 10.9821L17.248 0.5L16.1287 1.59561L25.0887 10.2144L0 10.2144L0 11.7483Z\" fill=\"#E4002B\"><\/path><\/svg>\t\t\t<\/span>\n\t\t\t\t\t\t\t\t\t<span class=\"elementor-button-text\">\n          <span style=\"font-size:12px\">Zugang Handb\u00fccher<\/span>\n        <\/span>\n\t\t\t\t\t<\/span>\n\t\t\t\t\t<\/a>\n\t\t\t\t<\/div>\n\t\t\t\t\t\t\t\t<\/div>\n\t\t\t\t<\/div>\n\t\t\t\t<\/div>\n\t\t\t\t\t<\/div>\n\t\t\t\t<\/div>\n\t\t\t\t<\/div>\n\t\t","protected":false},"excerpt":{"rendered":"<p>Besuchen Sie das Hilfeportal Besuchen Sie das Hilfeportal Der technische Support von Sisgeo wird von der Abteilung Customer Care \u00fcber ein Webportal verwaltet, das Sie hier erreichen k\u00f6nnen. Die folgenden Dienste k\u00f6nnen \u00fcber das Webportal aktiviert oder verwaltet werden: RMA f\u00fcr die Wartung und\/oder Reparatur von Ger\u00e4ten Vermietung von Messsystemen Anforderung von Kopien von Kalibrierungsberichten [&hellip;]<\/p>\n","protected":false},"author":1,"featured_media":0,"parent":0,"menu_order":0,"comment_status":"closed","ping_status":"closed","template":"","meta":{"_acf_changed":false,"footnotes":""},"categories":[],"tags":[],"class_list":["post-19970","page","type-page","status-publish","hentry"],"acf":[],"yoast_head":"<!-- This site is optimized with the Yoast SEO Premium plugin v27.4 (Yoast SEO v27.4) - https:\/\/yoast.com\/product\/yoast-seo-premium-wordpress\/ -->\n<title>Support - Sisgeo<\/title>\n<meta name=\"robots\" content=\"index, follow, max-snippet:-1, max-image-preview:large, max-video-preview:-1\" \/>\n<link rel=\"canonical\" href=\"https:\/\/sisgeo.com\/de\/support-kontaktieren\/\" \/>\n<meta property=\"og:locale\" content=\"de_DE\" \/>\n<meta property=\"og:type\" content=\"article\" \/>\n<meta property=\"og:title\" content=\"Support\" \/>\n<meta property=\"og:description\" content=\"Besuchen Sie das Hilfeportal Besuchen Sie das Hilfeportal Der technische Support von Sisgeo wird von der Abteilung Customer Care \u00fcber ein Webportal verwaltet, das Sie hier erreichen k\u00f6nnen. Die folgenden Dienste k\u00f6nnen \u00fcber das Webportal aktiviert oder verwaltet werden: RMA f\u00fcr die Wartung und\/oder Reparatur von Ger\u00e4ten Vermietung von Messsystemen Anforderung von Kopien von Kalibrierungsberichten [&hellip;]\" \/>\n<meta property=\"og:url\" content=\"https:\/\/sisgeo.com\/de\/support-kontaktieren\/\" \/>\n<meta property=\"og:site_name\" content=\"Sisgeo\" \/>\n<meta property=\"article:modified_time\" content=\"2024-05-16T10:36:49+00:00\" \/>\n<meta property=\"og:image\" content=\"https:\/\/sisgeo.com\/wp-content\/uploads\/2023\/09\/customer_care_sisgeo.jpg\" \/>\n<meta name=\"twitter:card\" content=\"summary_large_image\" \/>\n<meta name=\"twitter:label1\" content=\"Gesch\u00e4tzte Lesezeit\" \/>\n\t<meta name=\"twitter:data1\" content=\"1\u00a0Minute\" \/>\n<script type=\"application\/ld+json\" class=\"yoast-schema-graph\">{\"@context\":\"https:\\\/\\\/schema.org\",\"@graph\":[{\"@type\":\"WebPage\",\"@id\":\"https:\\\/\\\/sisgeo.com\\\/de\\\/support-kontaktieren\\\/\",\"url\":\"https:\\\/\\\/sisgeo.com\\\/de\\\/support-kontaktieren\\\/\",\"name\":\"Support - Sisgeo\",\"isPartOf\":{\"@id\":\"https:\\\/\\\/sisgeo.com\\\/de\\\/#website\"},\"primaryImageOfPage\":{\"@id\":\"https:\\\/\\\/sisgeo.com\\\/de\\\/support-kontaktieren\\\/#primaryimage\"},\"image\":{\"@id\":\"https:\\\/\\\/sisgeo.com\\\/de\\\/support-kontaktieren\\\/#primaryimage\"},\"thumbnailUrl\":\"https:\\\/\\\/sisgeo.com\\\/wp-content\\\/uploads\\\/2023\\\/09\\\/customer_care_sisgeo.jpg\",\"datePublished\":\"2023-04-17T11:08:39+00:00\",\"dateModified\":\"2024-05-16T10:36:49+00:00\",\"breadcrumb\":{\"@id\":\"https:\\\/\\\/sisgeo.com\\\/de\\\/support-kontaktieren\\\/#breadcrumb\"},\"inLanguage\":\"de\",\"potentialAction\":[{\"@type\":\"ReadAction\",\"target\":[\"https:\\\/\\\/sisgeo.com\\\/de\\\/support-kontaktieren\\\/\"]}]},{\"@type\":\"ImageObject\",\"inLanguage\":\"de\",\"@id\":\"https:\\\/\\\/sisgeo.com\\\/de\\\/support-kontaktieren\\\/#primaryimage\",\"url\":\"https:\\\/\\\/sisgeo.com\\\/wp-content\\\/uploads\\\/2023\\\/09\\\/customer_care_sisgeo.jpg\",\"contentUrl\":\"https:\\\/\\\/sisgeo.com\\\/wp-content\\\/uploads\\\/2023\\\/09\\\/customer_care_sisgeo.jpg\"},{\"@type\":\"BreadcrumbList\",\"@id\":\"https:\\\/\\\/sisgeo.com\\\/de\\\/support-kontaktieren\\\/#breadcrumb\",\"itemListElement\":[{\"@type\":\"ListItem\",\"position\":1,\"name\":\"Home\",\"item\":\"https:\\\/\\\/sisgeo.com\\\/de\\\/geotechnische-und-strukturelle-instrumentierung-fuer-shm\\\/\"},{\"@type\":\"ListItem\",\"position\":2,\"name\":\"Support\"}]},{\"@type\":\"WebSite\",\"@id\":\"https:\\\/\\\/sisgeo.com\\\/de\\\/#website\",\"url\":\"https:\\\/\\\/sisgeo.com\\\/de\\\/\",\"name\":\"Sisgeo\",\"description\":\"Inclined to improvement\",\"publisher\":{\"@id\":\"https:\\\/\\\/sisgeo.com\\\/de\\\/#organization\"},\"potentialAction\":[{\"@type\":\"SearchAction\",\"target\":{\"@type\":\"EntryPoint\",\"urlTemplate\":\"https:\\\/\\\/sisgeo.com\\\/de\\\/?s={search_term_string}\"},\"query-input\":{\"@type\":\"PropertyValueSpecification\",\"valueRequired\":true,\"valueName\":\"search_term_string\"}}],\"inLanguage\":\"de\"},{\"@type\":\"Organization\",\"@id\":\"https:\\\/\\\/sisgeo.com\\\/de\\\/#organization\",\"name\":\"Sisgeo S.r.l.\",\"url\":\"https:\\\/\\\/sisgeo.com\\\/de\\\/\",\"logo\":{\"@type\":\"ImageObject\",\"inLanguage\":\"de\",\"@id\":\"https:\\\/\\\/sisgeo.com\\\/de\\\/#\\\/schema\\\/logo\\\/image\\\/\",\"url\":\"https:\\\/\\\/sisgeodev.pipehosting.it\\\/wp-content\\\/uploads\\\/2023\\\/06\\\/logo-RGB.png\",\"contentUrl\":\"https:\\\/\\\/sisgeodev.pipehosting.it\\\/wp-content\\\/uploads\\\/2023\\\/06\\\/logo-RGB.png\",\"width\":205,\"height\":97,\"caption\":\"Sisgeo S.r.l.\"},\"image\":{\"@id\":\"https:\\\/\\\/sisgeo.com\\\/de\\\/#\\\/schema\\\/logo\\\/image\\\/\"}}]}<\/script>\n<!-- \/ Yoast SEO Premium plugin. -->","yoast_head_json":{"title":"Support - Sisgeo","robots":{"index":"index","follow":"follow","max-snippet":"max-snippet:-1","max-image-preview":"max-image-preview:large","max-video-preview":"max-video-preview:-1"},"canonical":"https:\/\/sisgeo.com\/de\/support-kontaktieren\/","og_locale":"de_DE","og_type":"article","og_title":"Support","og_description":"Besuchen Sie das Hilfeportal Besuchen Sie das Hilfeportal Der technische Support von Sisgeo wird von der Abteilung Customer Care \u00fcber ein Webportal verwaltet, das Sie hier erreichen k\u00f6nnen. Die folgenden Dienste k\u00f6nnen \u00fcber das Webportal aktiviert oder verwaltet werden: RMA f\u00fcr die Wartung und\/oder Reparatur von Ger\u00e4ten Vermietung von Messsystemen Anforderung von Kopien von Kalibrierungsberichten [&hellip;]","og_url":"https:\/\/sisgeo.com\/de\/support-kontaktieren\/","og_site_name":"Sisgeo","article_modified_time":"2024-05-16T10:36:49+00:00","og_image":[{"url":"https:\/\/sisgeo.com\/wp-content\/uploads\/2023\/09\/customer_care_sisgeo.jpg","type":"","width":"","height":""}],"twitter_card":"summary_large_image","twitter_misc":{"Gesch\u00e4tzte Lesezeit":"1\u00a0Minute"},"schema":{"@context":"https:\/\/schema.org","@graph":[{"@type":"WebPage","@id":"https:\/\/sisgeo.com\/de\/support-kontaktieren\/","url":"https:\/\/sisgeo.com\/de\/support-kontaktieren\/","name":"Support - Sisgeo","isPartOf":{"@id":"https:\/\/sisgeo.com\/de\/#website"},"primaryImageOfPage":{"@id":"https:\/\/sisgeo.com\/de\/support-kontaktieren\/#primaryimage"},"image":{"@id":"https:\/\/sisgeo.com\/de\/support-kontaktieren\/#primaryimage"},"thumbnailUrl":"https:\/\/sisgeo.com\/wp-content\/uploads\/2023\/09\/customer_care_sisgeo.jpg","datePublished":"2023-04-17T11:08:39+00:00","dateModified":"2024-05-16T10:36:49+00:00","breadcrumb":{"@id":"https:\/\/sisgeo.com\/de\/support-kontaktieren\/#breadcrumb"},"inLanguage":"de","potentialAction":[{"@type":"ReadAction","target":["https:\/\/sisgeo.com\/de\/support-kontaktieren\/"]}]},{"@type":"ImageObject","inLanguage":"de","@id":"https:\/\/sisgeo.com\/de\/support-kontaktieren\/#primaryimage","url":"https:\/\/sisgeo.com\/wp-content\/uploads\/2023\/09\/customer_care_sisgeo.jpg","contentUrl":"https:\/\/sisgeo.com\/wp-content\/uploads\/2023\/09\/customer_care_sisgeo.jpg"},{"@type":"BreadcrumbList","@id":"https:\/\/sisgeo.com\/de\/support-kontaktieren\/#breadcrumb","itemListElement":[{"@type":"ListItem","position":1,"name":"Home","item":"https:\/\/sisgeo.com\/de\/geotechnische-und-strukturelle-instrumentierung-fuer-shm\/"},{"@type":"ListItem","position":2,"name":"Support"}]},{"@type":"WebSite","@id":"https:\/\/sisgeo.com\/de\/#website","url":"https:\/\/sisgeo.com\/de\/","name":"Sisgeo","description":"Inclined to improvement","publisher":{"@id":"https:\/\/sisgeo.com\/de\/#organization"},"potentialAction":[{"@type":"SearchAction","target":{"@type":"EntryPoint","urlTemplate":"https:\/\/sisgeo.com\/de\/?s={search_term_string}"},"query-input":{"@type":"PropertyValueSpecification","valueRequired":true,"valueName":"search_term_string"}}],"inLanguage":"de"},{"@type":"Organization","@id":"https:\/\/sisgeo.com\/de\/#organization","name":"Sisgeo S.r.l.","url":"https:\/\/sisgeo.com\/de\/","logo":{"@type":"ImageObject","inLanguage":"de","@id":"https:\/\/sisgeo.com\/de\/#\/schema\/logo\/image\/","url":"https:\/\/sisgeodev.pipehosting.it\/wp-content\/uploads\/2023\/06\/logo-RGB.png","contentUrl":"https:\/\/sisgeodev.pipehosting.it\/wp-content\/uploads\/2023\/06\/logo-RGB.png","width":205,"height":97,"caption":"Sisgeo S.r.l."},"image":{"@id":"https:\/\/sisgeo.com\/de\/#\/schema\/logo\/image\/"}}]}},"_links":{"self":[{"href":"https:\/\/sisgeo.com\/de\/wp-json\/wp\/v2\/pages\/19970","targetHints":{"allow":["GET"]}}],"collection":[{"href":"https:\/\/sisgeo.com\/de\/wp-json\/wp\/v2\/pages"}],"about":[{"href":"https:\/\/sisgeo.com\/de\/wp-json\/wp\/v2\/types\/page"}],"author":[{"embeddable":true,"href":"https:\/\/sisgeo.com\/de\/wp-json\/wp\/v2\/users\/1"}],"replies":[{"embeddable":true,"href":"https:\/\/sisgeo.com\/de\/wp-json\/wp\/v2\/comments?post=19970"}],"version-history":[{"count":5,"href":"https:\/\/sisgeo.com\/de\/wp-json\/wp\/v2\/pages\/19970\/revisions"}],"predecessor-version":[{"id":25287,"href":"https:\/\/sisgeo.com\/de\/wp-json\/wp\/v2\/pages\/19970\/revisions\/25287"}],"wp:attachment":[{"href":"https:\/\/sisgeo.com\/de\/wp-json\/wp\/v2\/media?parent=19970"}],"wp:term":[{"taxonomy":"category","embeddable":true,"href":"https:\/\/sisgeo.com\/de\/wp-json\/wp\/v2\/categories?post=19970"},{"taxonomy":"post_tag","embeddable":true,"href":"https:\/\/sisgeo.com\/de\/wp-json\/wp\/v2\/tags?post=19970"}],"curies":[{"name":"wp","href":"https:\/\/api.w.org\/{rel}","templated":true}]}}