{"id":20987,"date":"2023-09-25T09:45:04","date_gmt":"2023-09-25T07:45:04","guid":{"rendered":"https:\/\/sisgeo.com\/bedingungen-und-konditionen\/"},"modified":"2023-12-27T08:24:39","modified_gmt":"2023-12-27T07:24:39","slug":"bedingungen-und-konditionen","status":"publish","type":"page","link":"https:\/\/sisgeo.com\/de\/bedingungen-und-konditionen\/","title":{"rendered":"Bedingungen und Konditionen"},"content":{"rendered":"\t\t<div data-elementor-type=\"wp-page\" data-elementor-id=\"20987\" class=\"elementor elementor-20987 elementor-15426\" data-elementor-post-type=\"page\">\n\t\t\t\t<div class=\"elementor-element elementor-element-1c1cf32 e-flex e-con-boxed e-con e-parent\" data-id=\"1c1cf32\" data-element_type=\"container\" data-e-type=\"container\">\n\t\t\t\t\t<div class=\"e-con-inner\">\n\t\t\t\t<div class=\"elementor-element elementor-element-2d22766e elementor-widget elementor-widget-text-editor\" data-id=\"2d22766e\" data-element_type=\"widget\" data-e-type=\"widget\" data-widget_type=\"text-editor.default\">\n\t\t\t\t<div class=\"elementor-widget-container\">\n\t\t\t\t\t\t\t\t\t<h4>WILLKOMMEN AUF DER SISGEO-WEBSITE!<\/h4>\n<p>BITTE LESEN SIE DIESE BEDINGUNGEN SORGF\u00c4LTIG DURCH, BEVOR SIE DIESE WEBSITE (&#8222;SITE&#8220;) NUTZEN. DIESE WEBSITE DARF NUR ZU INFORMATIONSZWECKEN GENUTZT WERDEN. DURCH DIE NUTZUNG DER WEBSITE ODER DAS HERUNTERLADEN VON MATERIALIEN VON DER WEBSITE ERKL\u00c4REN SIE SICH MIT DIESEN BEDINGUNGEN EINVERSTANDEN (&#8222;T&amp;C&#8220;). WENN SIE DIESEN BEDINGUNGEN NICHT ZUSTIMMEN, BENUTZEN SIE DIE SITE NICHT UND LADEN SIE KEINE MATERIALIEN VON DER SITE HERUNTER.   <\/p>\n<h4><strong>Lizenz<\/strong><\/h4>\n<p>SISGEO autorisiert Sie, die Informationen (&#8222;Materialien&#8220;) auf der Website nur f\u00fcr Ihren pers\u00f6nlichen Gebrauch anzusehen und herunterzuladen. Diese Genehmigung stellt keine \u00dcbertragung des Eigentums an den Materialien und Kopien der Materialien dar und unterliegt den folgenden Einschr\u00e4nkungen: <br \/>&#8211; Sie m\u00fcssen auf allen Kopien der heruntergeladenen Materialien alle in den Materialien enthaltenen Urheberrechts- und sonstigen Eigentumshinweise beibehalten;<br \/>&#8211; Sie d\u00fcrfen das Material in keiner Weise ver\u00e4ndern und es ohne die Erlaubnis von SISGEO weder vervielf\u00e4ltigen noch \u00f6ffentlich ausstellen, vorf\u00fchren oder verbreiten oder anderweitig f\u00fcr \u00f6ffentliche oder kommerzielle Zwecke nutzen oder \u00fcbermitteln; und<br \/>&#8211; Sie d\u00fcrfen die Materialien nicht an eine andere Person weitergeben, es sei denn, Sie informieren diese Person \u00fcber die Verpflichtungen, die sich aus diesen Nutzungsbedingungen ergeben, und sie erkl\u00e4rt sich damit einverstanden.<\/p>\n<p>Sie erkl\u00e4ren sich damit einverstanden, sich an alle zus\u00e4tzlichen Einschr\u00e4nkungen zu halten, die auf der Website angezeigt werden und von Zeit zu Zeit aktualisiert werden k\u00f6nnen. Diese Website, einschlie\u00dflich aller Materialien, ist urheberrechtlich gesch\u00fctzt und unterliegt weltweiten Urheberrechtsgesetzen und vertraglichen Bestimmungen. Sie erkl\u00e4ren sich damit einverstanden, bei der Nutzung dieser Site weltweit alle Urheberrechtsgesetze einzuhalten und jegliches unbefugte Kopieren der Materialien zu verhindern. Sofern nicht ausdr\u00fccklich hierin vorgesehen, gew\u00e4hrt Ihnen SISGEO keine ausdr\u00fccklichen oder stillschweigenden Rechte im Rahmen von Patenten, Designs, Marken, Urheberrechten oder Gesch\u00e4ftsgeheimnissen.   <\/p>\n<h4>Benutzerkonten<\/h4>\n<p>Es kann erforderlich sein, dass Sie ein Konto er\u00f6ffnen m\u00fcssen, um Zugang zu bestimmten eingeschr\u00e4nkten Teilen der Website zu erhalten. In diesem Fall m\u00fcssen Sie den Registrierungsprozess abschlie\u00dfen, indem Sie uns vollst\u00e4ndige und korrekte Informationen, wie im entsprechenden Registrierungsformular angegeben, zur Verf\u00fcgung stellen. Au\u00dferdem m\u00fcssen Sie ein Passwort und einen Benutzernamen w\u00e4hlen. Sie sind in vollem Umfang daf\u00fcr verantwortlich, Ihr Passwort und Ihr Konto geheim zu halten. Dar\u00fcber hinaus sind Sie f\u00fcr alle Aktivit\u00e4ten verantwortlich, die unter diesem Konto stattfinden. Sie verpflichten sich, SISGEO unverz\u00fcglich \u00fcber jede unbefugte Nutzung Ihres Kontos oder jede andere Verletzung der Sicherheit zu informieren. SISGEO haftet nicht f\u00fcr Verluste, die Ihnen durch die Nutzung Ihres Passworts oder Kontos durch eine andere Person entstehen k\u00f6nnen.      <\/p>\n<h4>Benutzer-Garantien<\/h4>\n<p>Sie erkl\u00e4ren und garantieren, dass Sie die Website in \u00dcbereinstimmung mit dieser Vereinbarung, einschlie\u00dflich der Gesetze und Bestimmungen dieser Vereinbarung, nutzen und alle bestehenden und zuk\u00fcnftigen Richtlinien und Regeln der Website einhalten werden. Sie stimmen zu, dass Sie die Website nicht nutzen werden, um: <br \/>&#8211; Spam oder unaufgeforderte Mitteilungen zu \u00fcbermitteln;<br \/>&#8211; vorgeben, SISGEO oder jemand anderes zu sein;<br \/>&#8211; Kopfzeilen zu f\u00e4lschen oder Identifizierungsmerkmale anderweitig zu manipulieren, um die Herkunft von Inhalten zu verschleiern, die \u00fcber die Website \u00fcbertragen werden;<br \/>&#8211; Ihre Zugeh\u00f6rigkeit zu einer Person oder Einrichtung falsch darstellen;<br \/>&#8211; in einer Art und Weise zu handeln, die die F\u00e4higkeit anderer Nutzer, die Website zu nutzen, negativ beeinflusst;<br \/>&#8211; sich an Aktivit\u00e4ten zu beteiligen, die gegen geltendes Recht versto\u00dfen w\u00fcrden;<br \/>&#8211; Material zu ver\u00f6ffentlichen oder zu \u00fcbermitteln, das die Rechte anderer verletzt oder in irgendeiner Weise gegen sie verst\u00f6\u00dft oder das rechtswidrig, beleidigend, verleumderisch, vulg\u00e4r oder anderweitig anst\u00f6\u00dfig ist oder das Werbung oder Aufforderungen in Bezug auf Produkte oder Dienstleistungen enth\u00e4lt, oder<br \/>&#8211; pers\u00f6nliche Daten \u00fcber andere Nutzer zu sammeln oder zu speichern, es sei denn, diese Nutzer haben dies ausdr\u00fccklich genehmigt.<br \/>Wenn Sie sich nicht an die vorgenannten Bestimmungen halten, d\u00fcrfen Sie die Website nicht nutzen, SISGEO ist rechtlich nicht an diese Vereinbarung gebunden und beh\u00e4lt sich alle gesetzlichen Rechte in Bezug auf eine solche Nichteinhaltung vor.<br \/>Sie erkl\u00e4ren sich weiterhin damit einverstanden, SISGEO, ihre Tochtergesellschaften\/Partner und ihre jeweiligen leitenden Angestellten, Direktoren und Vertreter zu verteidigen, zu entsch\u00e4digen und schadlos zu halten von und gegen alle Anspr\u00fcche und Ausgaben, einschlie\u00dflich Anwaltskosten, die sich aus der Nutzung dieser Website ergeben.<\/p>\n<h4>\u00c4nderungen<\/h4>\n<p>SISGEO beh\u00e4lt sich das Recht vor, nach eigenem Ermessen jederzeit Teile dieser Vereinbarung ganz oder teilweise zu \u00e4ndern, zu modifizieren, zu erg\u00e4nzen oder zu entfernen. \u00c4nderungen an dieser Vereinbarung treten in Kraft, wenn eine solche \u00c4nderung auf der Website ver\u00f6ffentlicht wird. Ihre fortgesetzte Nutzung der Website nach der Ver\u00f6ffentlichung von \u00c4nderungen dieser Vereinbarung gilt als Zustimmung zu diesen \u00c4nderungen.  <br \/>SISGEO kann jederzeit und ohne Vorank\u00fcndigung die Website beenden, \u00e4ndern, Fehler oder Auslassungen in einem Teil der Website korrigieren, sonstige \u00c4nderungen an der Website, den Materialien und den auf der Website beschriebenen Produkten, Programmen oder Dienstleistungen vornehmen, jeden Aspekt der Website, einschlie\u00dflich der Verf\u00fcgbarkeit von Funktionen der Website, aussetzen oder einstellen. SISGEO kann auch bestimmte Funktionen und Dienstleistungen einschr\u00e4nken oder Ihren Zugang zu Teilen oder der gesamten Website ohne Vorank\u00fcndigung oder Haftung beschr\u00e4nken. SISGEO kann die oben genannten Genehmigungen, Rechte und Lizenzen jederzeit k\u00fcndigen, und bei einer solchen K\u00fcndigung sind Sie verpflichtet, alle Materialien unverz\u00fcglich zu vernichten.  <\/p>\n<h4>Anerkennung von Rechten an geistigem Eigentum<\/h4>\n<p>Sie erkennen an, dass alle Rechte an geistigem Eigentum (einschlie\u00dflich, aber nicht beschr\u00e4nkt auf Urheberrechte, Patente, Know-how, vertrauliche Informationen, Datenbankrechte) und Rechte an Marken und Designs (ob eingetragen oder nicht) auf der Website bei SISGEO oder ihren Lizenzgebern liegen. Der gesamte Gesch\u00e4ftswert und die Rechte an geistigem Eigentum, die sich aus der Nutzung solcher Rechte an geistigem Eigentum ergeben, die SISGEO zustehen, stehen SISGEO zu. <\/p>\n<h4>Von Ihnen bereitgestellte Informationen<\/h4>\n<p>Die mit dieser Website verbundenen Datenschutzrichtlinien sch\u00fctzen alle pers\u00f6nlich identifizierbaren Informationen, die Sie SISGEO \u00fcber diese Website zur Verf\u00fcgung stellen. Sie sollten jedoch keine vertraulichen oder gesch\u00fctzten Informationen \u00fcber die Website an SISGEO senden. Sie erkl\u00e4ren sich damit einverstanden, dass alle Informationen oder Materialien, die Sie oder in Ihrem Namen handelnde Personen an SISGEO \u00fcbermitteln, nicht als vertraulich oder urheberrechtlich gesch\u00fctzt angesehen werden. Indem Sie SISGEO solche Informationen oder Materialien zur Verf\u00fcgung stellen, treten Sie alle geistigen Eigentumsrechte an diesen Informationen und Materialien vollst\u00e4ndig an SISGEO ab und \u00fcbertragen diese an SISGEO, und SISGEO steht es somit frei, diese Informationen und Materialien zu nutzen, zu reproduzieren, darzustellen, \u00f6ffentlich vorzuf\u00fchren, zu \u00fcbertragen, zu verteilen, zu modifizieren, zuzuweisen und zu lizenzieren, und Sie stimmen weiterhin zu, dass es SISGEO freisteht, jegliche Ideen, Konzepte oder Know-how zu nutzen, die Sie oder Personen, die in Ihrem Namen handeln, SISGEO zur Verf\u00fcgung stellen. Sie garantieren weiterhin, dass Sie SISGEO keine Informationen oder Materialien zur Verf\u00fcgung stellen werden, die verleumderisch, bedrohlich, obsz\u00f6n, bel\u00e4stigend oder anderweitig ungesetzlich sind, oder die gesch\u00fctztes Material anderer enthalten. SISGEO beh\u00e4lt sich das Recht vor, nach eigenem Ermessen jegliche von Ihnen bereitgestellten Informationen von der Website zu entfernen.     <\/p>\n<h4>Sicherheit<\/h4>\n<p>Das d\u00fcrfen Sie nicht:<br \/>&#8211; Ger\u00e4te oder Software zu verwenden, die den Betrieb der Website st\u00f6ren k\u00f6nnen;<br \/>&#8211; Handlungen vorzunehmen, die die Infrastruktur der Website unverh\u00e4ltnism\u00e4\u00dfig stark oder unangemessen belasten (z. B. das Versenden von Massen-E-Mails &#8211; &#8222;Spamming&#8220;), oder<br \/>&#8211; die Software der Website oder deren Funktionalit\u00e4t zu beeintr\u00e4chtigen oder zu manipulieren. Dazu geh\u00f6rt auch das Einstellen von Material auf der Website, das mit Viren, Trojanern, Zeitbomben oder anderen Elementen infiziert ist, die die Programmstruktur der Website besch\u00e4digen oder st\u00f6ren k\u00f6nnen. <\/p>\n<h4>Websites von Drittanbietern<\/h4>\n<p>SISGEO verpflichtet sich nicht, den Inhalt von Websites Dritter zu \u00fcberwachen oder zu \u00fcberpr\u00fcfen, und ist auch nicht verantwortlich f\u00fcr die Richtigkeit oder Zuverl\u00e4ssigkeit solcher Websites Dritter. Au\u00dferdem kann SISGEO auf dieser Website Links zu Websites anbieten, die von anderen Unternehmen betrieben werden. Wenn Sie diese Websites nutzen, verlassen Sie diese Website. Wenn Sie eine verlinkte Website besuchen, tun Sie dies auf eigenes Risiko, und es liegt in Ihrer Verantwortung, alle Schutzma\u00dfnahmen zu ergreifen, um sich vor Viren oder anderen zerst\u00f6rerischen Elementen zu sch\u00fctzen. SISGEO gibt keine Garantie oder Zusicherung in Bezug auf verlinkte Websites oder die dort erscheinenden Informationen oder die dort beschriebenen Produkte oder Dienstleistungen. Die Links bedeuten nicht, dass SISGEO oder diese Website eine Marke, einen Handelsnamen, ein Logo oder ein Urheberrechtssymbol, die in den Links angezeigt werden oder \u00fcber diese zug\u00e4nglich sind, sponsert, bef\u00fcrwortet, mit ihnen verbunden oder assoziiert ist oder rechtlich befugt ist, sie zu verwenden, oder dass eine verlinkte Website befugt ist, eine Marke, einen Handelsnamen, ein Logo oder ein Urheberrechtssymbol von SISGEO oder einer ihrer Tochtergesellschaften oder Niederlassungen zu verwenden.     <\/p>\n<h4>Ausschluss von stillschweigenden Garantien<\/h4>\n<p>Obwohl auf die Richtigkeit der Informationen auf dieser Website geachtet wurde, \u00fcbernimmt SISGEO keine Verantwortung daf\u00fcr. DIE MATERIALIEN K\u00d6NNEN UNGENAUIGKEITEN UND TYPOGRAFISCHE FEHLER ENTHALTEN. SISGEO \u00dcBERNIMMT KEINE GARANTIE F\u00dcR DIE RICHTIGKEIT ODER VOLLST\u00c4NDIGKEIT DER MATERIALIEN ODER F\u00dcR DIE ZUVERL\u00c4SSIGKEIT VON RATSCHL\u00c4GEN, MEINUNGEN, AUSSAGEN ODER ANDEREN INFORMATIONEN, DIE \u00dcBER DIE WEBSITE ANGEZEIGT ODER VERBREITET WERDEN. SIE ERKENNEN AN, DASS DAS VERTRAUEN AUF SOLCHE MEINUNGEN, RATSCHL\u00c4GE, AUSSAGEN, MEMORANDEN ODER INFORMATIONEN AUF IHR EIGENES RISIKO ERFOLGT. ALLE INHALTE WERDEN &#8222;WIE BESEHEN&#8220; UND &#8222;WIE VERF\u00dcGBAR&#8220; BEREITGESTELLT. SISGEO LEHNT AUSDR\u00dcCKLICH ALLE AUSDR\u00dcCKLICHEN ODER STILLSCHWEIGENDEN ZUSICHERUNGEN ODER GEW\u00c4HRLEISTUNGEN JEGLICHER ART AB, EINSCHLIESSLICH UND OHNE EINSCHR\u00c4NKUNG DER GEW\u00c4HRLEISTUNG DER MARKTG\u00c4NGIGKEIT ODER EIGNUNG F\u00dcR EINEN BESTIMMTEN ZWECK, DER NICHTVERLETZUNG VON RECHTEN ODER DES BETRIEBS DIESER WEBSITE ODER DES INHALTS. SISGEO \u00dcBERNIMMT KEINE GARANTIE ODER ZUSICHERUNG F\u00dcR DIE SICHERHEIT DIESER WEBSITE. SIE ERKENNEN AN, DASS ALLE GESENDETEN INFORMATIONEN ABGEFANGEN WERDEN K\u00d6NNEN. SISGEO GARANTIERT NICHT, DASS DIE WEBSITE ODER DIE SERVER, DIE DIESE WEBSITE ZUR VERF\u00dcGUNG STELLEN, ODER DIE VON SISGEO GESENDETEN ELEKTRONISCHEN MITTEILUNGEN FREI VON VIREN ODER ANDEREN SCH\u00c4DLICHEN ELEMENTEN SIND. ALLE DERARTIGEN ZUSICHERUNGEN, GARANTIEN UND BEDINGUNGEN SIND AUSGESCHLOSSEN, ES SEI DENN, DAS GESETZ VERBIETET IHREN AUSSCHLUSS.         <\/p>\n<h4>Begrenzung der Haftung<\/h4>\n<p>IN KEINEM FALL HAFTET SISGEO F\u00dcR DIREKTE, INDIREKTE SCH\u00c4DEN, FOLGESCH\u00c4DEN, STRAFSCHADENSERSATZ, BESONDERE SCH\u00c4DEN ODER BEIL\u00c4UFIG ENTSTANDENE SCH\u00c4DEN (EINSCHLIESSLICH, OHNE EINSCHR\u00c4NKUNG, SCH\u00c4DEN F\u00dcR GESCH\u00c4FTSVERLUSTE, VERTRAGSVERLUSTE, EINNAHMEN, DATENVERLUSTE, INFORMATIONSVERLUSTE ODER GESCH\u00c4FTSUNTERBRECHUNGEN) DIE SICH AUS DER NUTZUNG ODER DER UNF\u00c4HIGKEIT ZUR NUTZUNG DIESER WEBSITE ODER DES INHALTS ODER AUS ODER IN VERBINDUNG MIT DIESER VEREINBARUNG ERGEBEN, SELBST WENN SISGEO AUF DIE M\u00d6GLICHKEIT SOLCHER SCH\u00c4DEN HINGEWIESEN WURDE. ZUS\u00c4TZLICH ZU DEN HIER DARGELEGTEN BEDINGUNGEN IST SISGEO IN KEINEM FALL HAFTBAR F\u00dcR FEHLER, UNGENAUIGKEITEN, AUSLASSUNGEN ODER ANDERE M\u00c4NGEL ODER F\u00dcR DIE NICHT-AKTUALIT\u00c4T ODER NICHT-AUTHENTIZIT\u00c4T DER AUF DIESER WEBSITE ENTHALTENEN INFORMATIONEN. <\/p>\n<h4>Rechte Dritter<\/h4>\n<p>Sofern nicht ausdr\u00fccklich in dieser Vereinbarung vorgesehen, kann eine Person, die nicht Vertragspartei dieser Vereinbarung ist, keine ihrer Bestimmungen durchsetzen.<\/p>\n<h4>Zust\u00e4ndigkeitserkl\u00e4rung<\/h4>\n<p>Diese Website wird von SISGEO von seinen B\u00fcros in Italien aus kontrolliert, betrieben und verwaltet. SISGEO gibt keine Zusicherung, dass die Materialien auf dieser Website f\u00fcr die Nutzung an anderen Orten au\u00dferhalb Italiens geeignet oder verf\u00fcgbar sind. Der Zugriff auf diese Website von Gebieten aus, in denen ihr Inhalt illegal ist, ist verboten. Wenn Sie von einem Ort au\u00dferhalb Italiens auf diese Website zugreifen, sind Sie f\u00fcr die Einhaltung aller lokalen Gesetze verantwortlich. F\u00fcr diese Vereinbarung gelten die Gesetze der Italienischen Republik, ohne dass die Bestimmungen des Kollisionsrechts Anwendung finden. F\u00fcr alle Streitigkeiten, die sich aus dieser Vereinbarung ergeben, ist in erster Instanz ausschlie\u00dflich das Gericht von Mailand zust\u00e4ndig.    <\/p>\n\t\t\t\t\t\t\t\t<\/div>\n\t\t\t\t<\/div>\n\t\t\t\t\t<\/div>\n\t\t\t\t<\/div>\n\t\t\t\t<\/div>\n\t\t","protected":false},"excerpt":{"rendered":"<p>WILLKOMMEN AUF DER SISGEO-WEBSITE! BITTE LESEN SIE DIESE BEDINGUNGEN SORGF\u00c4LTIG DURCH, BEVOR SIE DIESE WEBSITE (&#8222;SITE&#8220;) NUTZEN. DIESE WEBSITE DARF NUR ZU INFORMATIONSZWECKEN GENUTZT WERDEN. DURCH DIE NUTZUNG DER WEBSITE ODER DAS HERUNTERLADEN VON MATERIALIEN VON DER WEBSITE ERKL\u00c4REN SIE SICH MIT DIESEN BEDINGUNGEN EINVERSTANDEN (&#8222;T&amp;C&#8220;). WENN SIE DIESEN BEDINGUNGEN NICHT ZUSTIMMEN, BENUTZEN SIE DIE [&hellip;]<\/p>\n","protected":false},"author":1,"featured_media":0,"parent":0,"menu_order":0,"comment_status":"closed","ping_status":"closed","template":"","meta":{"footnotes":""},"categories":[],"tags":[],"class_list":["post-20987","page","type-page","status-publish","hentry"],"yoast_head":"<!-- This site is optimized with the Yoast SEO Premium plugin v27.2 (Yoast SEO v27.2) - https:\/\/yoast.com\/product\/yoast-seo-premium-wordpress\/ -->\n<title>Bedingungen und Konditionen - Sisgeo<\/title>\n<meta name=\"robots\" content=\"index, follow, max-snippet:-1, max-image-preview:large, max-video-preview:-1\" \/>\n<link rel=\"canonical\" href=\"https:\/\/sisgeo.com\/de\/bedingungen-und-konditionen\/\" \/>\n<meta property=\"og:locale\" content=\"de_DE\" \/>\n<meta property=\"og:type\" content=\"article\" \/>\n<meta property=\"og:title\" content=\"Bedingungen und Konditionen\" \/>\n<meta property=\"og:description\" content=\"WILLKOMMEN AUF DER SISGEO-WEBSITE! BITTE LESEN SIE DIESE BEDINGUNGEN SORGF\u00c4LTIG DURCH, BEVOR SIE DIESE WEBSITE (&#8222;SITE&#8220;) NUTZEN. DIESE WEBSITE DARF NUR ZU INFORMATIONSZWECKEN GENUTZT WERDEN. DURCH DIE NUTZUNG DER WEBSITE ODER DAS HERUNTERLADEN VON MATERIALIEN VON DER WEBSITE ERKL\u00c4REN SIE SICH MIT DIESEN BEDINGUNGEN EINVERSTANDEN (&#8222;T&amp;C&#8220;). WENN SIE DIESEN BEDINGUNGEN NICHT ZUSTIMMEN, BENUTZEN SIE DIE [&hellip;]\" \/>\n<meta property=\"og:url\" content=\"https:\/\/sisgeo.com\/de\/bedingungen-und-konditionen\/\" \/>\n<meta property=\"og:site_name\" content=\"Sisgeo\" \/>\n<meta property=\"article:modified_time\" content=\"2023-12-27T07:24:39+00:00\" \/>\n<meta name=\"twitter:card\" content=\"summary_large_image\" \/>\n<meta name=\"twitter:label1\" content=\"Gesch\u00e4tzte Lesezeit\" \/>\n\t<meta name=\"twitter:data1\" content=\"10\u00a0Minuten\" \/>\n<script type=\"application\/ld+json\" class=\"yoast-schema-graph\">{\"@context\":\"https:\/\/schema.org\",\"@graph\":[{\"@type\":\"WebPage\",\"@id\":\"https:\/\/sisgeo.com\/de\/bedingungen-und-konditionen\/\",\"url\":\"https:\/\/sisgeo.com\/de\/bedingungen-und-konditionen\/\",\"name\":\"Bedingungen und Konditionen - Sisgeo\",\"isPartOf\":{\"@id\":\"https:\/\/sisgeo.com\/de\/#website\"},\"datePublished\":\"2023-09-25T07:45:04+00:00\",\"dateModified\":\"2023-12-27T07:24:39+00:00\",\"breadcrumb\":{\"@id\":\"https:\/\/sisgeo.com\/de\/bedingungen-und-konditionen\/#breadcrumb\"},\"inLanguage\":\"de\",\"potentialAction\":[{\"@type\":\"ReadAction\",\"target\":[\"https:\/\/sisgeo.com\/de\/bedingungen-und-konditionen\/\"]}]},{\"@type\":\"BreadcrumbList\",\"@id\":\"https:\/\/sisgeo.com\/de\/bedingungen-und-konditionen\/#breadcrumb\",\"itemListElement\":[{\"@type\":\"ListItem\",\"position\":1,\"name\":\"Home\",\"item\":\"https:\/\/sisgeo.com\/de\/geotechnische-und-strukturelle-instrumentierung-fuer-shm\/\"},{\"@type\":\"ListItem\",\"position\":2,\"name\":\"Bedingungen und Konditionen\"}]},{\"@type\":\"WebSite\",\"@id\":\"https:\/\/sisgeo.com\/de\/#website\",\"url\":\"https:\/\/sisgeo.com\/de\/\",\"name\":\"Sisgeo\",\"description\":\"Inclined to improvement\",\"publisher\":{\"@id\":\"https:\/\/sisgeo.com\/de\/#organization\"},\"potentialAction\":[{\"@type\":\"SearchAction\",\"target\":{\"@type\":\"EntryPoint\",\"urlTemplate\":\"https:\/\/sisgeo.com\/de\/?s={search_term_string}\"},\"query-input\":{\"@type\":\"PropertyValueSpecification\",\"valueRequired\":true,\"valueName\":\"search_term_string\"}}],\"inLanguage\":\"de\"},{\"@type\":\"Organization\",\"@id\":\"https:\/\/sisgeo.com\/de\/#organization\",\"name\":\"Sisgeo S.r.l.\",\"url\":\"https:\/\/sisgeo.com\/de\/\",\"logo\":{\"@type\":\"ImageObject\",\"inLanguage\":\"de\",\"@id\":\"https:\/\/sisgeo.com\/de\/#\/schema\/logo\/image\/\",\"url\":\"https:\/\/sisgeodev.pipehosting.it\/wp-content\/uploads\/2023\/06\/logo-RGB.png\",\"contentUrl\":\"https:\/\/sisgeodev.pipehosting.it\/wp-content\/uploads\/2023\/06\/logo-RGB.png\",\"width\":205,\"height\":97,\"caption\":\"Sisgeo S.r.l.\"},\"image\":{\"@id\":\"https:\/\/sisgeo.com\/de\/#\/schema\/logo\/image\/\"}}]}<\/script>\n<!-- \/ Yoast SEO Premium plugin. -->","yoast_head_json":{"title":"Bedingungen und Konditionen - Sisgeo","robots":{"index":"index","follow":"follow","max-snippet":"max-snippet:-1","max-image-preview":"max-image-preview:large","max-video-preview":"max-video-preview:-1"},"canonical":"https:\/\/sisgeo.com\/de\/bedingungen-und-konditionen\/","og_locale":"de_DE","og_type":"article","og_title":"Bedingungen und Konditionen","og_description":"WILLKOMMEN AUF DER SISGEO-WEBSITE! BITTE LESEN SIE DIESE BEDINGUNGEN SORGF\u00c4LTIG DURCH, BEVOR SIE DIESE WEBSITE (&#8222;SITE&#8220;) NUTZEN. DIESE WEBSITE DARF NUR ZU INFORMATIONSZWECKEN GENUTZT WERDEN. DURCH DIE NUTZUNG DER WEBSITE ODER DAS HERUNTERLADEN VON MATERIALIEN VON DER WEBSITE ERKL\u00c4REN SIE SICH MIT DIESEN BEDINGUNGEN EINVERSTANDEN (&#8222;T&amp;C&#8220;). WENN SIE DIESEN BEDINGUNGEN NICHT ZUSTIMMEN, BENUTZEN SIE DIE [&hellip;]","og_url":"https:\/\/sisgeo.com\/de\/bedingungen-und-konditionen\/","og_site_name":"Sisgeo","article_modified_time":"2023-12-27T07:24:39+00:00","twitter_card":"summary_large_image","twitter_misc":{"Gesch\u00e4tzte Lesezeit":"10\u00a0Minuten"},"schema":{"@context":"https:\/\/schema.org","@graph":[{"@type":"WebPage","@id":"https:\/\/sisgeo.com\/de\/bedingungen-und-konditionen\/","url":"https:\/\/sisgeo.com\/de\/bedingungen-und-konditionen\/","name":"Bedingungen und Konditionen - Sisgeo","isPartOf":{"@id":"https:\/\/sisgeo.com\/de\/#website"},"datePublished":"2023-09-25T07:45:04+00:00","dateModified":"2023-12-27T07:24:39+00:00","breadcrumb":{"@id":"https:\/\/sisgeo.com\/de\/bedingungen-und-konditionen\/#breadcrumb"},"inLanguage":"de","potentialAction":[{"@type":"ReadAction","target":["https:\/\/sisgeo.com\/de\/bedingungen-und-konditionen\/"]}]},{"@type":"BreadcrumbList","@id":"https:\/\/sisgeo.com\/de\/bedingungen-und-konditionen\/#breadcrumb","itemListElement":[{"@type":"ListItem","position":1,"name":"Home","item":"https:\/\/sisgeo.com\/de\/geotechnische-und-strukturelle-instrumentierung-fuer-shm\/"},{"@type":"ListItem","position":2,"name":"Bedingungen und Konditionen"}]},{"@type":"WebSite","@id":"https:\/\/sisgeo.com\/de\/#website","url":"https:\/\/sisgeo.com\/de\/","name":"Sisgeo","description":"Inclined to improvement","publisher":{"@id":"https:\/\/sisgeo.com\/de\/#organization"},"potentialAction":[{"@type":"SearchAction","target":{"@type":"EntryPoint","urlTemplate":"https:\/\/sisgeo.com\/de\/?s={search_term_string}"},"query-input":{"@type":"PropertyValueSpecification","valueRequired":true,"valueName":"search_term_string"}}],"inLanguage":"de"},{"@type":"Organization","@id":"https:\/\/sisgeo.com\/de\/#organization","name":"Sisgeo S.r.l.","url":"https:\/\/sisgeo.com\/de\/","logo":{"@type":"ImageObject","inLanguage":"de","@id":"https:\/\/sisgeo.com\/de\/#\/schema\/logo\/image\/","url":"https:\/\/sisgeodev.pipehosting.it\/wp-content\/uploads\/2023\/06\/logo-RGB.png","contentUrl":"https:\/\/sisgeodev.pipehosting.it\/wp-content\/uploads\/2023\/06\/logo-RGB.png","width":205,"height":97,"caption":"Sisgeo S.r.l."},"image":{"@id":"https:\/\/sisgeo.com\/de\/#\/schema\/logo\/image\/"}}]}},"_links":{"self":[{"href":"https:\/\/sisgeo.com\/de\/wp-json\/wp\/v2\/pages\/20987","targetHints":{"allow":["GET"]}}],"collection":[{"href":"https:\/\/sisgeo.com\/de\/wp-json\/wp\/v2\/pages"}],"about":[{"href":"https:\/\/sisgeo.com\/de\/wp-json\/wp\/v2\/types\/page"}],"author":[{"embeddable":true,"href":"https:\/\/sisgeo.com\/de\/wp-json\/wp\/v2\/users\/1"}],"replies":[{"embeddable":true,"href":"https:\/\/sisgeo.com\/de\/wp-json\/wp\/v2\/comments?post=20987"}],"version-history":[{"count":1,"href":"https:\/\/sisgeo.com\/de\/wp-json\/wp\/v2\/pages\/20987\/revisions"}],"predecessor-version":[{"id":20989,"href":"https:\/\/sisgeo.com\/de\/wp-json\/wp\/v2\/pages\/20987\/revisions\/20989"}],"wp:attachment":[{"href":"https:\/\/sisgeo.com\/de\/wp-json\/wp\/v2\/media?parent=20987"}],"wp:term":[{"taxonomy":"category","embeddable":true,"href":"https:\/\/sisgeo.com\/de\/wp-json\/wp\/v2\/categories?post=20987"},{"taxonomy":"post_tag","embeddable":true,"href":"https:\/\/sisgeo.com\/de\/wp-json\/wp\/v2\/tags?post=20987"}],"curies":[{"name":"wp","href":"https:\/\/api.w.org\/{rel}","templated":true}]}}