{"id":21035,"date":"2023-06-26T16:25:54","date_gmt":"2023-06-26T14:25:54","guid":{"rendered":"https:\/\/sisgeo.com\/produkte\/ablesegerate\/"},"modified":"2025-02-11T16:51:45","modified_gmt":"2025-02-11T15:51:45","slug":"ablesegeraete","status":"publish","type":"page","link":"https:\/\/sisgeo.com\/de\/produkte\/ablesegeraete\/","title":{"rendered":"Handmessger\u00e4te"},"content":{"rendered":"\t\t<div data-elementor-type=\"wp-page\" data-elementor-id=\"21035\" class=\"elementor elementor-21035 elementor-2696\" data-elementor-post-type=\"page\">\n\t\t\t\t<div class=\"elementor-element elementor-element-7a63a93 e-flex e-con-boxed e-con e-parent\" data-id=\"7a63a93\" data-element_type=\"container\" data-e-type=\"container\">\n\t\t\t\t\t<div class=\"e-con-inner\">\n\t\t\t\t<div class=\"elementor-element elementor-element-caccc42 elementor-widget elementor-widget-heading\" data-id=\"caccc42\" data-element_type=\"widget\" data-e-type=\"widget\" data-widget_type=\"heading.default\">\n\t\t\t\t<div class=\"elementor-widget-container\">\n\t\t\t\t\t<h1 class=\"elementor-heading-title elementor-size-default\">Handmessger\u00e4te<\/h1>\t\t\t\t<\/div>\n\t\t\t\t<\/div>\n\t\t\t\t<div class=\"elementor-element elementor-element-99defb4 elementor-widget elementor-widget-text-editor\" data-id=\"99defb4\" data-element_type=\"widget\" data-e-type=\"widget\" data-widget_type=\"text-editor.default\">\n\t\t\t\t<div class=\"elementor-widget-container\">\n\t\t\t\t\t\t\t\t\t<p>Handmessger\u00e4te werden immer bei der Installation ben\u00f6tigt, um die Sensoren vor und nach der Installation zu \u00fcberpr\u00fcfen. Bei Messsystemen, in denen keine automatischen Messungen erforderlich sind, werden die Ausleseger\u00e4te auch verwendet, um regelm\u00e4\u00dfige Messungen vorzunehmen und das Messsystem zu \u00fcberpr\u00fcfen. <br \/>Ein gutes Monitoringsystem umfasst nicht nur Sensoren, Kabel und Messger\u00e4te, sondern auch zuverl\u00e4ssiges Zubeh\u00f6r, wie z. B. Anschlussk\u00e4sten, Klemmbl\u00f6cke, \u00dcberspannungsschutz und Kabelverbinder.<\/p>\n\t\t\t\t\t\t\t\t<\/div>\n\t\t\t\t<\/div>\n\t\t\t\t<div data-dce-title-color=\"#E20717\" class=\"elementor-element elementor-element-8a09a03 elementor-widget elementor-widget-accordion\" data-id=\"8a09a03\" data-element_type=\"widget\" data-e-type=\"widget\" data-widget_type=\"accordion.default\">\n\t\t\t\t<div class=\"elementor-widget-container\">\n\t\t\t\t\t\t\t<div class=\"elementor-accordion\">\n\t\t\t\t\t\t\t<div class=\"elementor-accordion-item\">\n\t\t\t\t\t<div id=\"elementor-tab-title-1441\" class=\"elementor-tab-title\" data-tab=\"1\" role=\"button\" aria-controls=\"elementor-tab-content-1441\" aria-expanded=\"false\">\n\t\t\t\t\t\t\t\t\t\t\t\t\t<span class=\"elementor-accordion-icon elementor-accordion-icon-right\" aria-hidden=\"true\">\n\t\t\t\t\t\t\t\t\t\t\t\t\t\t\t<span class=\"elementor-accordion-icon-closed\"><svg xmlns=\"http:\/\/www.w3.org\/2000\/svg\" width=\"29\" height=\"16\" viewBox=\"0 0 29 16\" fill=\"none\"><path fill-rule=\"evenodd\" clip-rule=\"evenodd\" d=\"M27.25 0L14.375 13.038L1.5 0L0 1.5L14.4 15.9L28.749 1.5L27.25 0Z\" fill=\"#E4002B\"><\/path><\/svg><\/span>\n\t\t\t\t\t\t\t\t<span class=\"elementor-accordion-icon-opened\"><svg xmlns=\"http:\/\/www.w3.org\/2000\/svg\" width=\"29\" height=\"14\" viewBox=\"0 0 29 14\" fill=\"none\"><path fill-rule=\"evenodd\" clip-rule=\"evenodd\" d=\"M1.49902 13.1885L14.374 2.61651L27.249 13.1885L28.749 11.9722L14.349 0.295833L2.28882e-05 11.9722L1.49902 13.1885Z\" fill=\"#E4002B\"><\/path><\/svg><\/span>\n\t\t\t\t\t\t\t\t\t\t\t\t\t\t<\/span>\n\t\t\t\t\t\t\t\t\t\t\t\t<a class=\"elementor-accordion-title\" tabindex=\"0\">Mehr zum Thema<\/a>\n\t\t\t\t\t<\/div>\n\t\t\t\t\t<div id=\"elementor-tab-content-1441\" class=\"elementor-tab-content elementor-clearfix\" data-tab=\"1\" role=\"region\" aria-labelledby=\"elementor-tab-title-1441\"><p>Das <strong>CRD-Handmessger\u00e4t<\/strong> ist ein Einkanal-Messger\u00e4t, das eine breite Palette von Sensoren (nicht nur von Sisgeo) messen kann. Die benutzerfreundliche Oberfl\u00e4che f\u00fchrt den Nutzer in wenigen Schritten durch die verschiedenen Messarten. <\/p>\n<p>Das <strong>MIND-Messger\u00e4t<\/strong> ist ein tragbares Ger\u00e4t, das Daten von jedem Sisgeo-Sensor mit analogem oder digitalem Ausgang messen und speichern kann. MIND wird \u00fcber die MIND-App bedient, die den Nutzer durch alle Messverfahren f\u00fchrt. Es ist auch in der Lage, die Daten des angeschlossenen Sensors in Echtzeit darzustellen. Dank der automatischen Erkennung analoger Sensoren per QR-Code bekommt man die Messergebnisse inklusive Verrechnung ihrer Kalibrierung mit Polynomen dritten oder vierten Grades so einfach und schnell wie noch nie.   <\/p>\n<p>Sisgeo liefert eine gro\u00dfe Auswahl an Installations- und Messzubeh\u00f6r:<\/p>\n<ul>\n<li>Schaltschr\u00e4nke und Klemmk\u00e4sten f\u00fcr mehrere manuelle Messstellen die dauerhaft mit Handmessger\u00e4ten gemessen werden sollen;<\/li>\n<li>Anschlussk\u00e4sten zum Verbinden von zwei oder mehr Sensorkabeln zu einem Sammelkabel;<\/li>\n<li>\u00dcberspannungsschutz-Anschlussk\u00e4sten mit 3-stufig aufgebauten Ableitern;<\/li>\n<li>Stecker die werkseitig am Sensorkabel f\u00fcr schnelles und fehlerfreies Messen mit Handmessger\u00e4ten installiert werden;<\/li>\n<li>Wasserdichte Muffen zur Kabelverl\u00e4ngerung oder -reparatur.<\/li>\n<\/ul>\n<p>Die Qualit\u00e4t eines Messsystems h\u00e4ngt von der Qualit\u00e4t aller Komponenten ab: Sensoren, Kabel, Zubeh\u00f6r und Ausleseger\u00e4t\/Datenlogger. Ein qualitativ schlechtes Monitoringsystem bedeutet geringere Ausfallsicherheit und somit eine h\u00f6here Wahrscheinlichkeit f\u00fcr nicht erkannte Risiken oder Probleme. <\/p>\n<\/div>\n\t\t\t\t<\/div>\n\t\t\t\t\t\t\t\t<\/div>\n\t\t\t\t\t\t<\/div>\n\t\t\t\t<\/div>\n\t\t\t\t<div class=\"elementor-element elementor-element-58a3ecd dce-posts-layout-default dce-col-4 dce-col-tablet-3 dce-col-mobile-1 dce-align-left elementor-widget elementor-widget-dce-dynamicposts-v2\" data-id=\"58a3ecd\" data-element_type=\"widget\" data-e-type=\"widget\" data-settings=\"{&quot;style_items&quot;:&quot;default&quot;,&quot;grid_grid_type&quot;:&quot;flex&quot;}\" data-widget_type=\"dce-dynamicposts-v2.grid\">\n\t\t\t\t<div class=\"elementor-widget-container\">\n\t\t\t\t\t\n\t\t<div class=\"dce-fix-background-loop dce-posts-container dce-posts dce-dynamic-posts-collection  dce-skin-grid dce-skin-grid-flex\">\n\t\t\t\t\t\t<div class=\"dce-posts-wrapper dce-wrapper-grid\">\n\t\t\t\n\t\t<article class=\"post-20776 page type-page status-publish has-post-thumbnail hentry category-ablesegerate category-mind-readout-de dce-post dce-post-item dce-item-grid\" data-dce-post-id=\"20776\" data-dce-post-index=\"0\">\n\t\t\t<div class=\"dce-post-block elementor-animation-grow\">\n\t\t<div class=\"dce-item dce-item_image elementor-repeater-item-9ee1dae\"><a class=\"dce-post-image\" href=\"https:\/\/sisgeo.com\/de\/produkte\/ablesegeraete\/mind-readout\/\"><figure  class=\"dce-img\"><img fetchpriority=\"high\" decoding=\"async\" width=\"960\" height=\"540\" src=\"https:\/\/sisgeo.com\/wp-content\/uploads\/2023\/07\/sisgeo_mind_readout_0_91db7a6eb11c.png\" class=\"\" alt=\"MIND Readout\" srcset=\"https:\/\/sisgeo.com\/wp-content\/uploads\/2023\/07\/sisgeo_mind_readout_0_91db7a6eb11c.png 960w, https:\/\/sisgeo.com\/wp-content\/uploads\/2023\/07\/sisgeo_mind_readout_0_91db7a6eb11c-300x169.png 300w, https:\/\/sisgeo.com\/wp-content\/uploads\/2023\/07\/sisgeo_mind_readout_0_91db7a6eb11c-768x432.png 768w\" sizes=\"(max-width: 960px) 100vw, 960px\" \/><\/figure><\/a><\/div><div class=\"dce-item dce-item_title elementor-repeater-item-b433209\"><h5 class=\"dce-post-title\"><a href=\"https:\/\/sisgeo.com\/de\/produkte\/ablesegeraete\/mind-readout\/\">MIND Readout<\/a><\/h5><\/div><div class=\"dce-item dce-item_readmore elementor-repeater-item-ef0e5ce\">\t\t<div class=\"dce-post-button\">\n\t\t\t<a href=\"https:\/\/sisgeo.com\/de\/produkte\/ablesegeraete\/mind-readout\/\" class=\"elementor-button-link elementor-button dce-button elementor-size-sm\" role=\"button\" >\n\t\t\t<div class=\"align-middle\"><span>Mehr erfahren<\/span><img decoding=\"async\" src=\"https:\/\/sisgeo.com\/wp-content\/uploads\/2023\/05\/arrow_red.png\"><\/div>\t\t\t<\/a>\n\t\t<\/div>\n\t\t<\/div>\t\t\t<\/div>\n\t\t<\/article>\n\t\t\n\t\t<article class=\"post-20766 page type-page status-publish has-post-thumbnail hentry category-ablesegerate category-mind-app-de dce-post dce-post-item dce-item-grid\" data-dce-post-id=\"20766\" data-dce-post-index=\"1\">\n\t\t\t<div class=\"dce-post-block elementor-animation-grow\">\n\t\t<div class=\"dce-item dce-item_image elementor-repeater-item-9ee1dae\"><a class=\"dce-post-image\" href=\"https:\/\/sisgeo.com\/de\/produkte\/ablesegeraete\/mind-app\/\"><figure  class=\"dce-img\"><img decoding=\"async\" width=\"960\" height=\"540\" src=\"https:\/\/sisgeo.com\/wp-content\/uploads\/2023\/09\/mind_app_sisgeo_0_cbbaf95c13d363fb1d22f04f8.jpg\" class=\"\" alt=\"MIND App\" srcset=\"https:\/\/sisgeo.com\/wp-content\/uploads\/2023\/09\/mind_app_sisgeo_0_cbbaf95c13d363fb1d22f04f8.jpg 960w, https:\/\/sisgeo.com\/wp-content\/uploads\/2023\/09\/mind_app_sisgeo_0_cbbaf95c13d363fb1d22f04f8-300x169.jpg 300w, https:\/\/sisgeo.com\/wp-content\/uploads\/2023\/09\/mind_app_sisgeo_0_cbbaf95c13d363fb1d22f04f8-768x432.jpg 768w\" sizes=\"(max-width: 960px) 100vw, 960px\" \/><\/figure><\/a><\/div><div class=\"dce-item dce-item_title elementor-repeater-item-b433209\"><h5 class=\"dce-post-title\"><a href=\"https:\/\/sisgeo.com\/de\/produkte\/ablesegeraete\/mind-app\/\">MIND App<\/a><\/h5><\/div><div class=\"dce-item dce-item_readmore elementor-repeater-item-ef0e5ce\">\t\t<div class=\"dce-post-button\">\n\t\t\t<a href=\"https:\/\/sisgeo.com\/de\/produkte\/ablesegeraete\/mind-app\/\" class=\"elementor-button-link elementor-button dce-button elementor-size-sm\" role=\"button\" >\n\t\t\t<div class=\"align-middle\"><span>Mehr erfahren<\/span><img decoding=\"async\" src=\"https:\/\/sisgeo.com\/wp-content\/uploads\/2023\/05\/arrow_red.png\"><\/div>\t\t\t<\/a>\n\t\t<\/div>\n\t\t<\/div>\t\t\t<\/div>\n\t\t<\/article>\n\t\t\n\t\t<article class=\"post-20732 page type-page status-publish has-post-thumbnail hentry category-ablesegerate category-crd-400-universal-ablesegerat dce-post dce-post-item dce-item-grid\" data-dce-post-id=\"20732\" data-dce-post-index=\"2\">\n\t\t\t<div class=\"dce-post-block elementor-animation-grow\">\n\t\t<div class=\"dce-item dce-item_image elementor-repeater-item-9ee1dae\"><a class=\"dce-post-image\" href=\"https:\/\/sisgeo.com\/de\/produkte\/ablesegeraete\/crd-400-universal-ablesegeraet\/\"><figure  class=\"dce-img\"><img decoding=\"async\" width=\"960\" height=\"540\" src=\"https:\/\/sisgeo.com\/wp-content\/uploads\/2023\/06\/0_crd_400_m.png\" class=\"\" alt=\"CRD-400 Universal-Ableseger\u00e4t\" srcset=\"https:\/\/sisgeo.com\/wp-content\/uploads\/2023\/06\/0_crd_400_m.png 960w, https:\/\/sisgeo.com\/wp-content\/uploads\/2023\/06\/0_crd_400_m-300x169.png 300w, https:\/\/sisgeo.com\/wp-content\/uploads\/2023\/06\/0_crd_400_m-768x432.png 768w\" sizes=\"(max-width: 960px) 100vw, 960px\" \/><\/figure><\/a><\/div><div class=\"dce-item dce-item_title elementor-repeater-item-b433209\"><h5 class=\"dce-post-title\"><a href=\"https:\/\/sisgeo.com\/de\/produkte\/ablesegeraete\/crd-400-universal-ablesegeraet\/\">CRD-400 Universal-Ableseger\u00e4t<\/a><\/h5><\/div><div class=\"dce-item dce-item_readmore elementor-repeater-item-ef0e5ce\">\t\t<div class=\"dce-post-button\">\n\t\t\t<a href=\"https:\/\/sisgeo.com\/de\/produkte\/ablesegeraete\/crd-400-universal-ablesegeraet\/\" class=\"elementor-button-link elementor-button dce-button elementor-size-sm\" role=\"button\" >\n\t\t\t<div class=\"align-middle\"><span>Mehr erfahren<\/span><img decoding=\"async\" src=\"https:\/\/sisgeo.com\/wp-content\/uploads\/2023\/05\/arrow_red.png\"><\/div>\t\t\t<\/a>\n\t\t<\/div>\n\t\t<\/div>\t\t\t<\/div>\n\t\t<\/article>\n\t\t\n\t\t<article class=\"post-20740 page type-page status-publish has-post-thumbnail hentry category-ablesegerate category-anschlussgehause-und-zubehor dce-post dce-post-item dce-item-grid\" data-dce-post-id=\"20740\" data-dce-post-index=\"3\">\n\t\t\t<div class=\"dce-post-block elementor-animation-grow\">\n\t\t<div class=\"dce-item dce-item_image elementor-repeater-item-9ee1dae\"><a class=\"dce-post-image\" href=\"https:\/\/sisgeo.com\/de\/produkte\/ablesegeraete\/anschlussgehaeuse-und-zubehoer\/\"><figure  class=\"dce-img\"><img loading=\"lazy\" decoding=\"async\" width=\"960\" height=\"540\" src=\"https:\/\/sisgeo.com\/wp-content\/uploads\/2023\/09\/00_junction_boxes_and_accessories_sisgeo_3f4528.png\" class=\"\" alt=\"Anschlussgeh\u00e4use und Zubeh\u00f6r\" srcset=\"https:\/\/sisgeo.com\/wp-content\/uploads\/2023\/09\/00_junction_boxes_and_accessories_sisgeo_3f4528.png 960w, https:\/\/sisgeo.com\/wp-content\/uploads\/2023\/09\/00_junction_boxes_and_accessories_sisgeo_3f4528-300x169.png 300w, https:\/\/sisgeo.com\/wp-content\/uploads\/2023\/09\/00_junction_boxes_and_accessories_sisgeo_3f4528-768x432.png 768w\" sizes=\"(max-width: 960px) 100vw, 960px\" \/><\/figure><\/a><\/div><div class=\"dce-item dce-item_title elementor-repeater-item-b433209\"><h5 class=\"dce-post-title\"><a href=\"https:\/\/sisgeo.com\/de\/produkte\/ablesegeraete\/anschlussgehaeuse-und-zubehoer\/\">Anschlussgeh\u00e4use und Zubeh\u00f6r<\/a><\/h5><\/div><div class=\"dce-item dce-item_readmore elementor-repeater-item-ef0e5ce\">\t\t<div class=\"dce-post-button\">\n\t\t\t<a href=\"https:\/\/sisgeo.com\/de\/produkte\/ablesegeraete\/anschlussgehaeuse-und-zubehoer\/\" class=\"elementor-button-link elementor-button dce-button elementor-size-sm\" role=\"button\" >\n\t\t\t<div class=\"align-middle\"><span>Mehr erfahren<\/span><img decoding=\"async\" src=\"https:\/\/sisgeo.com\/wp-content\/uploads\/2023\/05\/arrow_red.png\"><\/div>\t\t\t<\/a>\n\t\t<\/div>\n\t\t<\/div>\t\t\t<\/div>\n\t\t<\/article>\n\t\t\t\t\t<\/div>\n\t\t\t\t\t<\/div>\n\t\t\t\t\t\t<\/div>\n\t\t\t\t<\/div>\n\t\t\t\t\t<\/div>\n\t\t\t\t<\/div>\n\t\t\t\t<\/div>\n\t\t","protected":false},"excerpt":{"rendered":"<p>Handmessger\u00e4te Handmessger\u00e4te werden immer bei der Installation ben\u00f6tigt, um die Sensoren vor und nach der Installation zu \u00fcberpr\u00fcfen. Bei Messsystemen, in denen keine automatischen Messungen erforderlich sind, werden die Ausleseger\u00e4te auch verwendet, um regelm\u00e4\u00dfige Messungen vorzunehmen und das Messsystem zu \u00fcberpr\u00fcfen. Ein gutes Monitoringsystem umfasst nicht nur Sensoren, Kabel und Messger\u00e4te, sondern auch zuverl\u00e4ssiges Zubeh\u00f6r, [&hellip;]<\/p>\n","protected":false},"author":1,"featured_media":4023,"parent":20241,"menu_order":0,"comment_status":"closed","ping_status":"closed","template":"","meta":{"footnotes":""},"categories":[215],"tags":[],"class_list":["post-21035","page","type-page","status-publish","has-post-thumbnail","hentry","category-products-de-2"],"yoast_head":"<!-- This site is optimized with the Yoast SEO Premium plugin v27.4 (Yoast SEO v27.4) - https:\/\/yoast.com\/product\/yoast-seo-premium-wordpress\/ -->\n<title>Handmessger\u00e4te - Sisgeo<\/title>\n<meta name=\"robots\" content=\"index, follow, max-snippet:-1, max-image-preview:large, max-video-preview:-1\" \/>\n<link rel=\"canonical\" href=\"https:\/\/sisgeo.com\/de\/produkte\/ablesegeraete\/\" \/>\n<meta property=\"og:locale\" content=\"de_DE\" \/>\n<meta property=\"og:type\" content=\"article\" \/>\n<meta property=\"og:title\" content=\"Handmessger\u00e4te\" \/>\n<meta property=\"og:description\" content=\"Handmessger\u00e4te Handmessger\u00e4te werden immer bei der Installation ben\u00f6tigt, um die Sensoren vor und nach der Installation zu \u00fcberpr\u00fcfen. Bei Messsystemen, in denen keine automatischen Messungen erforderlich sind, werden die Ausleseger\u00e4te auch verwendet, um regelm\u00e4\u00dfige Messungen vorzunehmen und das Messsystem zu \u00fcberpr\u00fcfen. Ein gutes Monitoringsystem umfasst nicht nur Sensoren, Kabel und Messger\u00e4te, sondern auch zuverl\u00e4ssiges Zubeh\u00f6r, [&hellip;]\" \/>\n<meta property=\"og:url\" content=\"https:\/\/sisgeo.com\/de\/produkte\/ablesegeraete\/\" \/>\n<meta property=\"og:site_name\" content=\"Sisgeo\" \/>\n<meta property=\"article:modified_time\" content=\"2025-02-11T15:51:45+00:00\" \/>\n<meta property=\"og:image\" content=\"https:\/\/sisgeo.com\/wp-content\/uploads\/2023\/07\/15_PORTABLE-READOUTS.jpg\" \/>\n\t<meta property=\"og:image:width\" content=\"294\" \/>\n\t<meta property=\"og:image:height\" content=\"164\" \/>\n\t<meta property=\"og:image:type\" content=\"image\/jpeg\" \/>\n<meta name=\"twitter:card\" content=\"summary_large_image\" \/>\n<meta name=\"twitter:label1\" content=\"Gesch\u00e4tzte Lesezeit\" \/>\n\t<meta name=\"twitter:data1\" content=\"2\u00a0Minuten\" \/>\n<script type=\"application\/ld+json\" class=\"yoast-schema-graph\">{\"@context\":\"https:\\\/\\\/schema.org\",\"@graph\":[{\"@type\":\"WebPage\",\"@id\":\"https:\\\/\\\/sisgeo.com\\\/de\\\/produkte\\\/ablesegeraete\\\/\",\"url\":\"https:\\\/\\\/sisgeo.com\\\/de\\\/produkte\\\/ablesegeraete\\\/\",\"name\":\"Handmessger\u00e4te - Sisgeo\",\"isPartOf\":{\"@id\":\"https:\\\/\\\/sisgeo.com\\\/de\\\/#website\"},\"primaryImageOfPage\":{\"@id\":\"https:\\\/\\\/sisgeo.com\\\/de\\\/produkte\\\/ablesegeraete\\\/#primaryimage\"},\"image\":{\"@id\":\"https:\\\/\\\/sisgeo.com\\\/de\\\/produkte\\\/ablesegeraete\\\/#primaryimage\"},\"thumbnailUrl\":\"https:\\\/\\\/sisgeo.com\\\/wp-content\\\/uploads\\\/2023\\\/07\\\/15_PORTABLE-READOUTS.jpg\",\"datePublished\":\"2023-06-26T14:25:54+00:00\",\"dateModified\":\"2025-02-11T15:51:45+00:00\",\"breadcrumb\":{\"@id\":\"https:\\\/\\\/sisgeo.com\\\/de\\\/produkte\\\/ablesegeraete\\\/#breadcrumb\"},\"inLanguage\":\"de\",\"potentialAction\":[{\"@type\":\"ReadAction\",\"target\":[\"https:\\\/\\\/sisgeo.com\\\/de\\\/produkte\\\/ablesegeraete\\\/\"]}]},{\"@type\":\"ImageObject\",\"inLanguage\":\"de\",\"@id\":\"https:\\\/\\\/sisgeo.com\\\/de\\\/produkte\\\/ablesegeraete\\\/#primaryimage\",\"url\":\"https:\\\/\\\/sisgeo.com\\\/wp-content\\\/uploads\\\/2023\\\/07\\\/15_PORTABLE-READOUTS.jpg\",\"contentUrl\":\"https:\\\/\\\/sisgeo.com\\\/wp-content\\\/uploads\\\/2023\\\/07\\\/15_PORTABLE-READOUTS.jpg\",\"width\":294,\"height\":164},{\"@type\":\"BreadcrumbList\",\"@id\":\"https:\\\/\\\/sisgeo.com\\\/de\\\/produkte\\\/ablesegeraete\\\/#breadcrumb\",\"itemListElement\":[{\"@type\":\"ListItem\",\"position\":1,\"name\":\"Home\",\"item\":\"https:\\\/\\\/sisgeo.com\\\/de\\\/geotechnische-und-strukturelle-instrumentierung-fuer-shm\\\/\"},{\"@type\":\"ListItem\",\"position\":2,\"name\":\"Produkte\",\"item\":\"https:\\\/\\\/sisgeo.com\\\/de\\\/produkte\\\/\"},{\"@type\":\"ListItem\",\"position\":3,\"name\":\"Handmessger\u00e4te\"}]},{\"@type\":\"WebSite\",\"@id\":\"https:\\\/\\\/sisgeo.com\\\/de\\\/#website\",\"url\":\"https:\\\/\\\/sisgeo.com\\\/de\\\/\",\"name\":\"Sisgeo\",\"description\":\"Inclined to improvement\",\"publisher\":{\"@id\":\"https:\\\/\\\/sisgeo.com\\\/de\\\/#organization\"},\"potentialAction\":[{\"@type\":\"SearchAction\",\"target\":{\"@type\":\"EntryPoint\",\"urlTemplate\":\"https:\\\/\\\/sisgeo.com\\\/de\\\/?s={search_term_string}\"},\"query-input\":{\"@type\":\"PropertyValueSpecification\",\"valueRequired\":true,\"valueName\":\"search_term_string\"}}],\"inLanguage\":\"de\"},{\"@type\":\"Organization\",\"@id\":\"https:\\\/\\\/sisgeo.com\\\/de\\\/#organization\",\"name\":\"Sisgeo S.r.l.\",\"url\":\"https:\\\/\\\/sisgeo.com\\\/de\\\/\",\"logo\":{\"@type\":\"ImageObject\",\"inLanguage\":\"de\",\"@id\":\"https:\\\/\\\/sisgeo.com\\\/de\\\/#\\\/schema\\\/logo\\\/image\\\/\",\"url\":\"https:\\\/\\\/sisgeodev.pipehosting.it\\\/wp-content\\\/uploads\\\/2023\\\/06\\\/logo-RGB.png\",\"contentUrl\":\"https:\\\/\\\/sisgeodev.pipehosting.it\\\/wp-content\\\/uploads\\\/2023\\\/06\\\/logo-RGB.png\",\"width\":205,\"height\":97,\"caption\":\"Sisgeo S.r.l.\"},\"image\":{\"@id\":\"https:\\\/\\\/sisgeo.com\\\/de\\\/#\\\/schema\\\/logo\\\/image\\\/\"}}]}<\/script>\n<!-- \/ Yoast SEO Premium plugin. -->","yoast_head_json":{"title":"Handmessger\u00e4te - Sisgeo","robots":{"index":"index","follow":"follow","max-snippet":"max-snippet:-1","max-image-preview":"max-image-preview:large","max-video-preview":"max-video-preview:-1"},"canonical":"https:\/\/sisgeo.com\/de\/produkte\/ablesegeraete\/","og_locale":"de_DE","og_type":"article","og_title":"Handmessger\u00e4te","og_description":"Handmessger\u00e4te Handmessger\u00e4te werden immer bei der Installation ben\u00f6tigt, um die Sensoren vor und nach der Installation zu \u00fcberpr\u00fcfen. Bei Messsystemen, in denen keine automatischen Messungen erforderlich sind, werden die Ausleseger\u00e4te auch verwendet, um regelm\u00e4\u00dfige Messungen vorzunehmen und das Messsystem zu \u00fcberpr\u00fcfen. Ein gutes Monitoringsystem umfasst nicht nur Sensoren, Kabel und Messger\u00e4te, sondern auch zuverl\u00e4ssiges Zubeh\u00f6r, [&hellip;]","og_url":"https:\/\/sisgeo.com\/de\/produkte\/ablesegeraete\/","og_site_name":"Sisgeo","article_modified_time":"2025-02-11T15:51:45+00:00","og_image":[{"width":294,"height":164,"url":"https:\/\/sisgeo.com\/wp-content\/uploads\/2023\/07\/15_PORTABLE-READOUTS.jpg","type":"image\/jpeg"}],"twitter_card":"summary_large_image","twitter_misc":{"Gesch\u00e4tzte Lesezeit":"2\u00a0Minuten"},"schema":{"@context":"https:\/\/schema.org","@graph":[{"@type":"WebPage","@id":"https:\/\/sisgeo.com\/de\/produkte\/ablesegeraete\/","url":"https:\/\/sisgeo.com\/de\/produkte\/ablesegeraete\/","name":"Handmessger\u00e4te - Sisgeo","isPartOf":{"@id":"https:\/\/sisgeo.com\/de\/#website"},"primaryImageOfPage":{"@id":"https:\/\/sisgeo.com\/de\/produkte\/ablesegeraete\/#primaryimage"},"image":{"@id":"https:\/\/sisgeo.com\/de\/produkte\/ablesegeraete\/#primaryimage"},"thumbnailUrl":"https:\/\/sisgeo.com\/wp-content\/uploads\/2023\/07\/15_PORTABLE-READOUTS.jpg","datePublished":"2023-06-26T14:25:54+00:00","dateModified":"2025-02-11T15:51:45+00:00","breadcrumb":{"@id":"https:\/\/sisgeo.com\/de\/produkte\/ablesegeraete\/#breadcrumb"},"inLanguage":"de","potentialAction":[{"@type":"ReadAction","target":["https:\/\/sisgeo.com\/de\/produkte\/ablesegeraete\/"]}]},{"@type":"ImageObject","inLanguage":"de","@id":"https:\/\/sisgeo.com\/de\/produkte\/ablesegeraete\/#primaryimage","url":"https:\/\/sisgeo.com\/wp-content\/uploads\/2023\/07\/15_PORTABLE-READOUTS.jpg","contentUrl":"https:\/\/sisgeo.com\/wp-content\/uploads\/2023\/07\/15_PORTABLE-READOUTS.jpg","width":294,"height":164},{"@type":"BreadcrumbList","@id":"https:\/\/sisgeo.com\/de\/produkte\/ablesegeraete\/#breadcrumb","itemListElement":[{"@type":"ListItem","position":1,"name":"Home","item":"https:\/\/sisgeo.com\/de\/geotechnische-und-strukturelle-instrumentierung-fuer-shm\/"},{"@type":"ListItem","position":2,"name":"Produkte","item":"https:\/\/sisgeo.com\/de\/produkte\/"},{"@type":"ListItem","position":3,"name":"Handmessger\u00e4te"}]},{"@type":"WebSite","@id":"https:\/\/sisgeo.com\/de\/#website","url":"https:\/\/sisgeo.com\/de\/","name":"Sisgeo","description":"Inclined to improvement","publisher":{"@id":"https:\/\/sisgeo.com\/de\/#organization"},"potentialAction":[{"@type":"SearchAction","target":{"@type":"EntryPoint","urlTemplate":"https:\/\/sisgeo.com\/de\/?s={search_term_string}"},"query-input":{"@type":"PropertyValueSpecification","valueRequired":true,"valueName":"search_term_string"}}],"inLanguage":"de"},{"@type":"Organization","@id":"https:\/\/sisgeo.com\/de\/#organization","name":"Sisgeo S.r.l.","url":"https:\/\/sisgeo.com\/de\/","logo":{"@type":"ImageObject","inLanguage":"de","@id":"https:\/\/sisgeo.com\/de\/#\/schema\/logo\/image\/","url":"https:\/\/sisgeodev.pipehosting.it\/wp-content\/uploads\/2023\/06\/logo-RGB.png","contentUrl":"https:\/\/sisgeodev.pipehosting.it\/wp-content\/uploads\/2023\/06\/logo-RGB.png","width":205,"height":97,"caption":"Sisgeo S.r.l."},"image":{"@id":"https:\/\/sisgeo.com\/de\/#\/schema\/logo\/image\/"}}]}},"_links":{"self":[{"href":"https:\/\/sisgeo.com\/de\/wp-json\/wp\/v2\/pages\/21035","targetHints":{"allow":["GET"]}}],"collection":[{"href":"https:\/\/sisgeo.com\/de\/wp-json\/wp\/v2\/pages"}],"about":[{"href":"https:\/\/sisgeo.com\/de\/wp-json\/wp\/v2\/types\/page"}],"author":[{"embeddable":true,"href":"https:\/\/sisgeo.com\/de\/wp-json\/wp\/v2\/users\/1"}],"replies":[{"embeddable":true,"href":"https:\/\/sisgeo.com\/de\/wp-json\/wp\/v2\/comments?post=21035"}],"version-history":[{"count":3,"href":"https:\/\/sisgeo.com\/de\/wp-json\/wp\/v2\/pages\/21035\/revisions"}],"predecessor-version":[{"id":28142,"href":"https:\/\/sisgeo.com\/de\/wp-json\/wp\/v2\/pages\/21035\/revisions\/28142"}],"up":[{"embeddable":true,"href":"https:\/\/sisgeo.com\/de\/wp-json\/wp\/v2\/pages\/20241"}],"wp:featuredmedia":[{"embeddable":true,"href":"https:\/\/sisgeo.com\/de\/wp-json\/wp\/v2\/media\/4023"}],"wp:attachment":[{"href":"https:\/\/sisgeo.com\/de\/wp-json\/wp\/v2\/media?parent=21035"}],"wp:term":[{"taxonomy":"category","embeddable":true,"href":"https:\/\/sisgeo.com\/de\/wp-json\/wp\/v2\/categories?post=21035"},{"taxonomy":"post_tag","embeddable":true,"href":"https:\/\/sisgeo.com\/de\/wp-json\/wp\/v2\/tags?post=21035"}],"curies":[{"name":"wp","href":"https:\/\/api.w.org\/{rel}","templated":true}]}}