{"id":21037,"date":"2023-07-27T10:17:58","date_gmt":"2023-07-27T08:17:58","guid":{"rendered":"https:\/\/sisgeo.com\/produkte\/druckmessdosen\/"},"modified":"2025-02-11T15:38:01","modified_gmt":"2025-02-11T14:38:01","slug":"druckmessdosen","status":"publish","type":"page","link":"https:\/\/sisgeo.com\/de\/produkte\/druckmessdosen\/","title":{"rendered":"Druckmessdosen"},"content":{"rendered":"\t\t<div data-elementor-type=\"wp-page\" data-elementor-id=\"21037\" class=\"elementor elementor-21037 elementor-3894\" data-elementor-post-type=\"page\">\n\t\t\t\t<div class=\"elementor-element elementor-element-7a63a93 e-flex e-con-boxed e-con e-parent\" data-id=\"7a63a93\" data-element_type=\"container\" data-e-type=\"container\">\n\t\t\t\t\t<div class=\"e-con-inner\">\n\t\t\t\t<div class=\"elementor-element elementor-element-99defb4 elementor-widget elementor-widget-text-editor\" data-id=\"99defb4\" data-element_type=\"widget\" data-e-type=\"widget\" data-widget_type=\"text-editor.default\">\n\t\t\t\t<div class=\"elementor-widget-container\">\n\t\t\t\t\t\t\t\t\t<p>Druckmessdosen bestehen im Wesentlichen aus einem Druckkissen, welches mit einem entgasten Hydraulik\u00f6l gef\u00fcllt ist und einer daran angeschlossenen H\u00fclse mit einem Druckaufnehmer. Die Gr\u00f6\u00dfe und Form des Druckkissens wird je nach Anwendungsfall und dem zu erwartenden Druck oder der Gr\u00f6\u00dfe des Objektes das gemessen werden soll gew\u00e4hlt. <\/p>\n<p>Druckmessdosen werden h\u00e4ufig bei der Auffahrung von Tunneln, bei Aufsch\u00fcttungen oder unter Plattengr\u00fcndungen eingesetzt.<\/p>\n<p>Ein Flat-Jack ist eine spezielle Form der Druckmessdosen, welche zur Messung, bzw. Bestimmung von Tragf\u00e4higkeit oder Spannungen genutzt wird. Bei diesem Anwendungsfall werden die flachen Druckkissen in d\u00fcnne S\u00e4geschlitze in Beton, Fels oder auch Stein eingebracht. <\/p>\n\t\t\t\t\t\t\t\t<\/div>\n\t\t\t\t<\/div>\n\t\t\t\t<div class=\"elementor-element elementor-element-8a09a03 elementor-widget elementor-widget-accordion\" data-id=\"8a09a03\" data-element_type=\"widget\" data-e-type=\"widget\" data-widget_type=\"accordion.default\">\n\t\t\t\t<div class=\"elementor-widget-container\">\n\t\t\t\t\t\t\t<div class=\"elementor-accordion\">\n\t\t\t\t\t\t\t<div class=\"elementor-accordion-item\">\n\t\t\t\t\t<div id=\"elementor-tab-title-1441\" class=\"elementor-tab-title\" data-tab=\"1\" role=\"button\" aria-controls=\"elementor-tab-content-1441\" aria-expanded=\"false\">\n\t\t\t\t\t\t\t\t\t\t\t\t\t<span class=\"elementor-accordion-icon elementor-accordion-icon-right\" aria-hidden=\"true\">\n\t\t\t\t\t\t\t\t\t\t\t\t\t\t\t<span class=\"elementor-accordion-icon-closed\"><svg xmlns=\"http:\/\/www.w3.org\/2000\/svg\" width=\"29\" height=\"16\" viewBox=\"0 0 29 16\" fill=\"none\"><path fill-rule=\"evenodd\" clip-rule=\"evenodd\" d=\"M27.25 0L14.375 13.038L1.5 0L0 1.5L14.4 15.9L28.749 1.5L27.25 0Z\" fill=\"#E4002B\"><\/path><\/svg><\/span>\n\t\t\t\t\t\t\t\t<span class=\"elementor-accordion-icon-opened\"><svg xmlns=\"http:\/\/www.w3.org\/2000\/svg\" width=\"29\" height=\"14\" viewBox=\"0 0 29 14\" fill=\"none\"><path fill-rule=\"evenodd\" clip-rule=\"evenodd\" d=\"M1.49902 13.1885L14.374 2.61651L27.249 13.1885L28.749 11.9722L14.349 0.295833L2.28882e-05 11.9722L1.49902 13.1885Z\" fill=\"#E4002B\"><\/path><\/svg><\/span>\n\t\t\t\t\t\t\t\t\t\t\t\t\t\t<\/span>\n\t\t\t\t\t\t\t\t\t\t\t\t<a class=\"elementor-accordion-title\" tabindex=\"0\">Mehr zum Thema<\/a>\n\t\t\t\t\t<\/div>\n\t\t\t\t\t<div id=\"elementor-tab-content-1441\" class=\"elementor-tab-content elementor-clearfix\" data-tab=\"1\" role=\"region\" aria-labelledby=\"elementor-tab-title-1441\"><p><strong>Erddruckgeber <\/strong> bestehen aus einer einseitig druckempfindlichen Messdose mit einem daran angeschlossenen Sensorr\u00f6hrchen. Der darin verbaute Sensor ist aufgrund der Langlebigkeit meist ein Schwingsaitenaufnehmer. <\/p>\n<p>In Tunneln werden <strong>hydraulische Druckmessdosen<\/strong> h\u00e4ufig zum Monitoring von Spannungszust\u00e4nden im Beton gefordert. Die hydraulischen Druckmessdosen sind als runde und rechteckige Druckgeber verf\u00fcgbar. Neben der Druckkissenform kann man noch verschiedene Gr\u00f6\u00dfen, Sensortypen und Druckbereiche w\u00e4hlen. Die Geber sind automatisch und per Handausleseger\u00e4t messbar.   <\/p>\n<p>In <strong>Flat-Jacks<\/strong> wird der \u00d6ldruck erh\u00f6ht um einen Druck auf das angrenzende Material auszu\u00fcben. Durch die Bestimmung des Drucks der f\u00fcr bestimmte Verformungen notwendig ist k\u00f6nnen R\u00fcckschl\u00fcsse auf die Integrit\u00e4t und die mechanischen Parameter des getesteten Materials gezogen werden. <\/p>\n<p>Weiterf\u00fchrende Informationen und Hilfestellungen bez\u00fcglich des Einsatzes von Druckmessdosen k\u00f6nnen in der ISO 18674-5 \u201cStress change measurements by total pressure cells (TPC)\u201d gefunden werden.<\/p>\n<\/div>\n\t\t\t\t<\/div>\n\t\t\t\t\t\t\t\t<\/div>\n\t\t\t\t\t\t<\/div>\n\t\t\t\t<\/div>\n\t\t\t\t<div class=\"elementor-element elementor-element-58a3ecd dce-posts-layout-default dce-col-4 dce-col-tablet-3 dce-col-mobile-1 dce-align-left elementor-widget elementor-widget-dce-dynamicposts-v2\" data-id=\"58a3ecd\" data-element_type=\"widget\" data-e-type=\"widget\" data-settings=\"{&quot;style_items&quot;:&quot;default&quot;,&quot;grid_grid_type&quot;:&quot;flex&quot;}\" data-widget_type=\"dce-dynamicposts-v2.grid\">\n\t\t\t\t<div class=\"elementor-widget-container\">\n\t\t\t\t\t\n\t\t<div class=\"dce-fix-background-loop dce-posts-container dce-posts dce-dynamic-posts-collection  dce-skin-grid dce-skin-grid-flex\">\n\t\t\t\t\t\t<div class=\"dce-posts-wrapper dce-wrapper-grid\">\n\t\t\t\n\t\t<article class=\"post-20836 page type-page status-publish has-post-thumbnail hentry category-druckmessdosen category-hydraulische-druckmessdosen dce-post dce-post-item dce-item-grid\" data-dce-post-id=\"20836\" data-dce-post-index=\"0\">\n\t\t\t<div class=\"dce-post-block elementor-animation-grow\">\n\t\t<div class=\"dce-item dce-item_image elementor-repeater-item-9ee1dae\"><a class=\"dce-post-image\" href=\"https:\/\/sisgeo.com\/de\/produkte\/druckmessdosen\/hydraulische-druckmessdosen\/\"><figure  class=\"dce-img\"><img fetchpriority=\"high\" decoding=\"async\" width=\"960\" height=\"540\" src=\"https:\/\/sisgeo.com\/wp-content\/uploads\/2023\/09\/0_hydraulic_pressure_cells_f2b5505e7ec4c22052.png\" class=\"\" alt=\"Hydraulische Druckmessdosen\" srcset=\"https:\/\/sisgeo.com\/wp-content\/uploads\/2023\/09\/0_hydraulic_pressure_cells_f2b5505e7ec4c22052.png 960w, https:\/\/sisgeo.com\/wp-content\/uploads\/2023\/09\/0_hydraulic_pressure_cells_f2b5505e7ec4c22052-300x169.png 300w, https:\/\/sisgeo.com\/wp-content\/uploads\/2023\/09\/0_hydraulic_pressure_cells_f2b5505e7ec4c22052-768x432.png 768w\" sizes=\"(max-width: 960px) 100vw, 960px\" \/><\/figure><\/a><\/div><div class=\"dce-item dce-item_title elementor-repeater-item-b433209\"><h5 class=\"dce-post-title\"><a href=\"https:\/\/sisgeo.com\/de\/produkte\/druckmessdosen\/hydraulische-druckmessdosen\/\">Hydraulische Druckmessdosen<\/a><\/h5><\/div><div class=\"dce-item dce-item_readmore elementor-repeater-item-ef0e5ce\">\t\t<div class=\"dce-post-button\">\n\t\t\t<a href=\"https:\/\/sisgeo.com\/de\/produkte\/druckmessdosen\/hydraulische-druckmessdosen\/\" class=\"elementor-button-link elementor-button dce-button elementor-size-sm\" role=\"button\" >\n\t\t\t<div class=\"align-middle\"><span>Mehr erfahren<\/span><img decoding=\"async\" src=\"https:\/\/sisgeo.com\/wp-content\/uploads\/2023\/05\/arrow_red.png\"><\/div>\t\t\t<\/a>\n\t\t<\/div>\n\t\t<\/div>\t\t\t<\/div>\n\t\t<\/article>\n\t\t\n\t\t<article class=\"post-20822 page type-page status-publish has-post-thumbnail hentry category-druckmessdosen category-erddruckmessdosen dce-post dce-post-item dce-item-grid\" data-dce-post-id=\"20822\" data-dce-post-index=\"1\">\n\t\t\t<div class=\"dce-post-block elementor-animation-grow\">\n\t\t<div class=\"dce-item dce-item_image elementor-repeater-item-9ee1dae\"><a class=\"dce-post-image\" href=\"https:\/\/sisgeo.com\/de\/produkte\/druckmessdosen\/erddruckmessdosen\/\"><figure  class=\"dce-img\"><img decoding=\"async\" width=\"960\" height=\"540\" src=\"https:\/\/sisgeo.com\/wp-content\/uploads\/2023\/09\/00_earth_pressure_cells_sisgeo_e822d231c3a92.png\" class=\"\" alt=\"Erddruckmessdosen\" srcset=\"https:\/\/sisgeo.com\/wp-content\/uploads\/2023\/09\/00_earth_pressure_cells_sisgeo_e822d231c3a92.png 960w, https:\/\/sisgeo.com\/wp-content\/uploads\/2023\/09\/00_earth_pressure_cells_sisgeo_e822d231c3a92-300x169.png 300w, https:\/\/sisgeo.com\/wp-content\/uploads\/2023\/09\/00_earth_pressure_cells_sisgeo_e822d231c3a92-768x432.png 768w\" sizes=\"(max-width: 960px) 100vw, 960px\" \/><\/figure><\/a><\/div><div class=\"dce-item dce-item_title elementor-repeater-item-b433209\"><h5 class=\"dce-post-title\"><a href=\"https:\/\/sisgeo.com\/de\/produkte\/druckmessdosen\/erddruckmessdosen\/\">Erddruckmessdosen<\/a><\/h5><\/div><div class=\"dce-item dce-item_readmore elementor-repeater-item-ef0e5ce\">\t\t<div class=\"dce-post-button\">\n\t\t\t<a href=\"https:\/\/sisgeo.com\/de\/produkte\/druckmessdosen\/erddruckmessdosen\/\" class=\"elementor-button-link elementor-button dce-button elementor-size-sm\" role=\"button\" >\n\t\t\t<div class=\"align-middle\"><span>Mehr erfahren<\/span><img decoding=\"async\" src=\"https:\/\/sisgeo.com\/wp-content\/uploads\/2023\/05\/arrow_red.png\"><\/div>\t\t\t<\/a>\n\t\t<\/div>\n\t\t<\/div>\t\t\t<\/div>\n\t\t<\/article>\n\t\t\n\t\t<article class=\"post-20829 page type-page status-publish has-post-thumbnail hentry category-druckmessdosen category-flachpresse-flat-jack-testapparatur dce-post dce-post-item dce-item-grid\" data-dce-post-id=\"20829\" data-dce-post-index=\"2\">\n\t\t\t<div class=\"dce-post-block elementor-animation-grow\">\n\t\t<div class=\"dce-item dce-item_image elementor-repeater-item-9ee1dae\"><a class=\"dce-post-image\" href=\"https:\/\/sisgeo.com\/de\/produkte\/druckmessdosen\/flachpresse-flat-jack-testapparatur\/\"><figure  class=\"dce-img\"><img decoding=\"async\" width=\"960\" height=\"540\" src=\"https:\/\/sisgeo.com\/wp-content\/uploads\/2023\/09\/00_flat_jack_testing_sisgeo_6bdaf4f9b61ae.png\" class=\"\" alt=\"Flachpresse (Flat jack) Testapparatur\" srcset=\"https:\/\/sisgeo.com\/wp-content\/uploads\/2023\/09\/00_flat_jack_testing_sisgeo_6bdaf4f9b61ae.png 960w, https:\/\/sisgeo.com\/wp-content\/uploads\/2023\/09\/00_flat_jack_testing_sisgeo_6bdaf4f9b61ae-300x169.png 300w, https:\/\/sisgeo.com\/wp-content\/uploads\/2023\/09\/00_flat_jack_testing_sisgeo_6bdaf4f9b61ae-768x432.png 768w\" sizes=\"(max-width: 960px) 100vw, 960px\" \/><\/figure><\/a><\/div><div class=\"dce-item dce-item_title elementor-repeater-item-b433209\"><h5 class=\"dce-post-title\"><a href=\"https:\/\/sisgeo.com\/de\/produkte\/druckmessdosen\/flachpresse-flat-jack-testapparatur\/\">Flachpresse (Flat jack) Testapparatur<\/a><\/h5><\/div><div class=\"dce-item dce-item_readmore elementor-repeater-item-ef0e5ce\">\t\t<div class=\"dce-post-button\">\n\t\t\t<a href=\"https:\/\/sisgeo.com\/de\/produkte\/druckmessdosen\/flachpresse-flat-jack-testapparatur\/\" class=\"elementor-button-link elementor-button dce-button elementor-size-sm\" role=\"button\" >\n\t\t\t<div class=\"align-middle\"><span>Mehr erfahren<\/span><img decoding=\"async\" src=\"https:\/\/sisgeo.com\/wp-content\/uploads\/2023\/05\/arrow_red.png\"><\/div>\t\t\t<\/a>\n\t\t<\/div>\n\t\t<\/div>\t\t\t<\/div>\n\t\t<\/article>\n\t\t\t\t\t<\/div>\n\t\t\t\t\t<\/div>\n\t\t\t\t\t\t<\/div>\n\t\t\t\t<\/div>\n\t\t\t\t\t<\/div>\n\t\t\t\t<\/div>\n\t\t\t\t<\/div>\n\t\t","protected":false},"excerpt":{"rendered":"<p>Druckmessdosen bestehen im Wesentlichen aus einem Druckkissen, welches mit einem entgasten Hydraulik\u00f6l gef\u00fcllt ist und einer daran angeschlossenen H\u00fclse mit einem Druckaufnehmer. Die Gr\u00f6\u00dfe und Form des Druckkissens wird je nach Anwendungsfall und dem zu erwartenden Druck oder der Gr\u00f6\u00dfe des Objektes das gemessen werden soll gew\u00e4hlt. Druckmessdosen werden h\u00e4ufig bei der Auffahrung von Tunneln, [&hellip;]<\/p>\n","protected":false},"author":1,"featured_media":4087,"parent":20241,"menu_order":0,"comment_status":"closed","ping_status":"closed","template":"","meta":{"_acf_changed":false,"footnotes":""},"categories":[215],"tags":[],"class_list":["post-21037","page","type-page","status-publish","has-post-thumbnail","hentry","category-products-de-2"],"acf":[],"yoast_head":"<!-- This site is optimized with the Yoast SEO Premium plugin v27.4 (Yoast SEO v27.4) - https:\/\/yoast.com\/product\/yoast-seo-premium-wordpress\/ -->\n<title>Druckmessdosen - Sisgeo<\/title>\n<meta name=\"robots\" content=\"index, follow, max-snippet:-1, max-image-preview:large, max-video-preview:-1\" \/>\n<link rel=\"canonical\" href=\"https:\/\/sisgeo.com\/de\/produkte\/druckmessdosen\/\" \/>\n<meta property=\"og:locale\" content=\"de_DE\" \/>\n<meta property=\"og:type\" content=\"article\" \/>\n<meta property=\"og:title\" content=\"Druckmessdosen\" \/>\n<meta property=\"og:description\" content=\"Druckmessdosen bestehen im Wesentlichen aus einem Druckkissen, welches mit einem entgasten Hydraulik\u00f6l gef\u00fcllt ist und einer daran angeschlossenen H\u00fclse mit einem Druckaufnehmer. Die Gr\u00f6\u00dfe und Form des Druckkissens wird je nach Anwendungsfall und dem zu erwartenden Druck oder der Gr\u00f6\u00dfe des Objektes das gemessen werden soll gew\u00e4hlt. Druckmessdosen werden h\u00e4ufig bei der Auffahrung von Tunneln, [&hellip;]\" \/>\n<meta property=\"og:url\" content=\"https:\/\/sisgeo.com\/de\/produkte\/druckmessdosen\/\" \/>\n<meta property=\"og:site_name\" content=\"Sisgeo\" \/>\n<meta property=\"article:modified_time\" content=\"2025-02-11T14:38:01+00:00\" \/>\n<meta property=\"og:image\" content=\"https:\/\/sisgeo.com\/wp-content\/uploads\/2023\/07\/7_PRESSURE-CELL.jpg\" \/>\n\t<meta property=\"og:image:width\" content=\"294\" \/>\n\t<meta property=\"og:image:height\" content=\"164\" \/>\n\t<meta property=\"og:image:type\" content=\"image\/jpeg\" \/>\n<meta name=\"twitter:card\" content=\"summary_large_image\" \/>\n<meta name=\"twitter:label1\" content=\"Gesch\u00e4tzte Lesezeit\" \/>\n\t<meta name=\"twitter:data1\" content=\"1\u00a0Minute\" \/>\n<script type=\"application\/ld+json\" class=\"yoast-schema-graph\">{\"@context\":\"https:\\\/\\\/schema.org\",\"@graph\":[{\"@type\":\"WebPage\",\"@id\":\"https:\\\/\\\/sisgeo.com\\\/de\\\/produkte\\\/druckmessdosen\\\/\",\"url\":\"https:\\\/\\\/sisgeo.com\\\/de\\\/produkte\\\/druckmessdosen\\\/\",\"name\":\"Druckmessdosen - Sisgeo\",\"isPartOf\":{\"@id\":\"https:\\\/\\\/sisgeo.com\\\/de\\\/#website\"},\"primaryImageOfPage\":{\"@id\":\"https:\\\/\\\/sisgeo.com\\\/de\\\/produkte\\\/druckmessdosen\\\/#primaryimage\"},\"image\":{\"@id\":\"https:\\\/\\\/sisgeo.com\\\/de\\\/produkte\\\/druckmessdosen\\\/#primaryimage\"},\"thumbnailUrl\":\"https:\\\/\\\/sisgeo.com\\\/wp-content\\\/uploads\\\/2023\\\/07\\\/7_PRESSURE-CELL.jpg\",\"datePublished\":\"2023-07-27T08:17:58+00:00\",\"dateModified\":\"2025-02-11T14:38:01+00:00\",\"breadcrumb\":{\"@id\":\"https:\\\/\\\/sisgeo.com\\\/de\\\/produkte\\\/druckmessdosen\\\/#breadcrumb\"},\"inLanguage\":\"de\",\"potentialAction\":[{\"@type\":\"ReadAction\",\"target\":[\"https:\\\/\\\/sisgeo.com\\\/de\\\/produkte\\\/druckmessdosen\\\/\"]}]},{\"@type\":\"ImageObject\",\"inLanguage\":\"de\",\"@id\":\"https:\\\/\\\/sisgeo.com\\\/de\\\/produkte\\\/druckmessdosen\\\/#primaryimage\",\"url\":\"https:\\\/\\\/sisgeo.com\\\/wp-content\\\/uploads\\\/2023\\\/07\\\/7_PRESSURE-CELL.jpg\",\"contentUrl\":\"https:\\\/\\\/sisgeo.com\\\/wp-content\\\/uploads\\\/2023\\\/07\\\/7_PRESSURE-CELL.jpg\",\"width\":294,\"height\":164},{\"@type\":\"BreadcrumbList\",\"@id\":\"https:\\\/\\\/sisgeo.com\\\/de\\\/produkte\\\/druckmessdosen\\\/#breadcrumb\",\"itemListElement\":[{\"@type\":\"ListItem\",\"position\":1,\"name\":\"Home\",\"item\":\"https:\\\/\\\/sisgeo.com\\\/de\\\/geotechnische-und-strukturelle-instrumentierung-fuer-shm\\\/\"},{\"@type\":\"ListItem\",\"position\":2,\"name\":\"Produkte\",\"item\":\"https:\\\/\\\/sisgeo.com\\\/de\\\/produkte\\\/\"},{\"@type\":\"ListItem\",\"position\":3,\"name\":\"Druckmessdosen\"}]},{\"@type\":\"WebSite\",\"@id\":\"https:\\\/\\\/sisgeo.com\\\/de\\\/#website\",\"url\":\"https:\\\/\\\/sisgeo.com\\\/de\\\/\",\"name\":\"Sisgeo\",\"description\":\"Inclined to improvement\",\"publisher\":{\"@id\":\"https:\\\/\\\/sisgeo.com\\\/de\\\/#organization\"},\"potentialAction\":[{\"@type\":\"SearchAction\",\"target\":{\"@type\":\"EntryPoint\",\"urlTemplate\":\"https:\\\/\\\/sisgeo.com\\\/de\\\/?s={search_term_string}\"},\"query-input\":{\"@type\":\"PropertyValueSpecification\",\"valueRequired\":true,\"valueName\":\"search_term_string\"}}],\"inLanguage\":\"de\"},{\"@type\":\"Organization\",\"@id\":\"https:\\\/\\\/sisgeo.com\\\/de\\\/#organization\",\"name\":\"Sisgeo S.r.l.\",\"url\":\"https:\\\/\\\/sisgeo.com\\\/de\\\/\",\"logo\":{\"@type\":\"ImageObject\",\"inLanguage\":\"de\",\"@id\":\"https:\\\/\\\/sisgeo.com\\\/de\\\/#\\\/schema\\\/logo\\\/image\\\/\",\"url\":\"https:\\\/\\\/sisgeodev.pipehosting.it\\\/wp-content\\\/uploads\\\/2023\\\/06\\\/logo-RGB.png\",\"contentUrl\":\"https:\\\/\\\/sisgeodev.pipehosting.it\\\/wp-content\\\/uploads\\\/2023\\\/06\\\/logo-RGB.png\",\"width\":205,\"height\":97,\"caption\":\"Sisgeo S.r.l.\"},\"image\":{\"@id\":\"https:\\\/\\\/sisgeo.com\\\/de\\\/#\\\/schema\\\/logo\\\/image\\\/\"}}]}<\/script>\n<!-- \/ Yoast SEO Premium plugin. -->","yoast_head_json":{"title":"Druckmessdosen - Sisgeo","robots":{"index":"index","follow":"follow","max-snippet":"max-snippet:-1","max-image-preview":"max-image-preview:large","max-video-preview":"max-video-preview:-1"},"canonical":"https:\/\/sisgeo.com\/de\/produkte\/druckmessdosen\/","og_locale":"de_DE","og_type":"article","og_title":"Druckmessdosen","og_description":"Druckmessdosen bestehen im Wesentlichen aus einem Druckkissen, welches mit einem entgasten Hydraulik\u00f6l gef\u00fcllt ist und einer daran angeschlossenen H\u00fclse mit einem Druckaufnehmer. Die Gr\u00f6\u00dfe und Form des Druckkissens wird je nach Anwendungsfall und dem zu erwartenden Druck oder der Gr\u00f6\u00dfe des Objektes das gemessen werden soll gew\u00e4hlt. Druckmessdosen werden h\u00e4ufig bei der Auffahrung von Tunneln, [&hellip;]","og_url":"https:\/\/sisgeo.com\/de\/produkte\/druckmessdosen\/","og_site_name":"Sisgeo","article_modified_time":"2025-02-11T14:38:01+00:00","og_image":[{"width":294,"height":164,"url":"https:\/\/sisgeo.com\/wp-content\/uploads\/2023\/07\/7_PRESSURE-CELL.jpg","type":"image\/jpeg"}],"twitter_card":"summary_large_image","twitter_misc":{"Gesch\u00e4tzte Lesezeit":"1\u00a0Minute"},"schema":{"@context":"https:\/\/schema.org","@graph":[{"@type":"WebPage","@id":"https:\/\/sisgeo.com\/de\/produkte\/druckmessdosen\/","url":"https:\/\/sisgeo.com\/de\/produkte\/druckmessdosen\/","name":"Druckmessdosen - Sisgeo","isPartOf":{"@id":"https:\/\/sisgeo.com\/de\/#website"},"primaryImageOfPage":{"@id":"https:\/\/sisgeo.com\/de\/produkte\/druckmessdosen\/#primaryimage"},"image":{"@id":"https:\/\/sisgeo.com\/de\/produkte\/druckmessdosen\/#primaryimage"},"thumbnailUrl":"https:\/\/sisgeo.com\/wp-content\/uploads\/2023\/07\/7_PRESSURE-CELL.jpg","datePublished":"2023-07-27T08:17:58+00:00","dateModified":"2025-02-11T14:38:01+00:00","breadcrumb":{"@id":"https:\/\/sisgeo.com\/de\/produkte\/druckmessdosen\/#breadcrumb"},"inLanguage":"de","potentialAction":[{"@type":"ReadAction","target":["https:\/\/sisgeo.com\/de\/produkte\/druckmessdosen\/"]}]},{"@type":"ImageObject","inLanguage":"de","@id":"https:\/\/sisgeo.com\/de\/produkte\/druckmessdosen\/#primaryimage","url":"https:\/\/sisgeo.com\/wp-content\/uploads\/2023\/07\/7_PRESSURE-CELL.jpg","contentUrl":"https:\/\/sisgeo.com\/wp-content\/uploads\/2023\/07\/7_PRESSURE-CELL.jpg","width":294,"height":164},{"@type":"BreadcrumbList","@id":"https:\/\/sisgeo.com\/de\/produkte\/druckmessdosen\/#breadcrumb","itemListElement":[{"@type":"ListItem","position":1,"name":"Home","item":"https:\/\/sisgeo.com\/de\/geotechnische-und-strukturelle-instrumentierung-fuer-shm\/"},{"@type":"ListItem","position":2,"name":"Produkte","item":"https:\/\/sisgeo.com\/de\/produkte\/"},{"@type":"ListItem","position":3,"name":"Druckmessdosen"}]},{"@type":"WebSite","@id":"https:\/\/sisgeo.com\/de\/#website","url":"https:\/\/sisgeo.com\/de\/","name":"Sisgeo","description":"Inclined to improvement","publisher":{"@id":"https:\/\/sisgeo.com\/de\/#organization"},"potentialAction":[{"@type":"SearchAction","target":{"@type":"EntryPoint","urlTemplate":"https:\/\/sisgeo.com\/de\/?s={search_term_string}"},"query-input":{"@type":"PropertyValueSpecification","valueRequired":true,"valueName":"search_term_string"}}],"inLanguage":"de"},{"@type":"Organization","@id":"https:\/\/sisgeo.com\/de\/#organization","name":"Sisgeo S.r.l.","url":"https:\/\/sisgeo.com\/de\/","logo":{"@type":"ImageObject","inLanguage":"de","@id":"https:\/\/sisgeo.com\/de\/#\/schema\/logo\/image\/","url":"https:\/\/sisgeodev.pipehosting.it\/wp-content\/uploads\/2023\/06\/logo-RGB.png","contentUrl":"https:\/\/sisgeodev.pipehosting.it\/wp-content\/uploads\/2023\/06\/logo-RGB.png","width":205,"height":97,"caption":"Sisgeo S.r.l."},"image":{"@id":"https:\/\/sisgeo.com\/de\/#\/schema\/logo\/image\/"}}]}},"_links":{"self":[{"href":"https:\/\/sisgeo.com\/de\/wp-json\/wp\/v2\/pages\/21037","targetHints":{"allow":["GET"]}}],"collection":[{"href":"https:\/\/sisgeo.com\/de\/wp-json\/wp\/v2\/pages"}],"about":[{"href":"https:\/\/sisgeo.com\/de\/wp-json\/wp\/v2\/types\/page"}],"author":[{"embeddable":true,"href":"https:\/\/sisgeo.com\/de\/wp-json\/wp\/v2\/users\/1"}],"replies":[{"embeddable":true,"href":"https:\/\/sisgeo.com\/de\/wp-json\/wp\/v2\/comments?post=21037"}],"version-history":[{"count":3,"href":"https:\/\/sisgeo.com\/de\/wp-json\/wp\/v2\/pages\/21037\/revisions"}],"predecessor-version":[{"id":28112,"href":"https:\/\/sisgeo.com\/de\/wp-json\/wp\/v2\/pages\/21037\/revisions\/28112"}],"up":[{"embeddable":true,"href":"https:\/\/sisgeo.com\/de\/wp-json\/wp\/v2\/pages\/20241"}],"wp:featuredmedia":[{"embeddable":true,"href":"https:\/\/sisgeo.com\/de\/wp-json\/wp\/v2\/media\/4087"}],"wp:attachment":[{"href":"https:\/\/sisgeo.com\/de\/wp-json\/wp\/v2\/media?parent=21037"}],"wp:term":[{"taxonomy":"category","embeddable":true,"href":"https:\/\/sisgeo.com\/de\/wp-json\/wp\/v2\/categories?post=21037"},{"taxonomy":"post_tag","embeddable":true,"href":"https:\/\/sisgeo.com\/de\/wp-json\/wp\/v2\/tags?post=21037"}],"curies":[{"name":"wp","href":"https:\/\/api.w.org\/{rel}","templated":true}]}}