{"id":21039,"date":"2023-06-05T10:30:15","date_gmt":"2023-06-05T08:30:15","guid":{"rendered":"https:\/\/sisgeo.com\/produkte\/railway-monitoring-instrumentation\/"},"modified":"2025-02-11T17:00:08","modified_gmt":"2025-02-11T16:00:08","slug":"railway-monitoring-instrumentation","status":"publish","type":"page","link":"https:\/\/sisgeo.com\/de\/produkte\/railway-monitoring-instrumentation\/","title":{"rendered":"SISGEO Rail"},"content":{"rendered":"\t\t<div data-elementor-type=\"wp-page\" data-elementor-id=\"21039\" class=\"elementor elementor-21039 elementor-1865\" data-elementor-post-type=\"page\">\n\t\t\t\t<div class=\"elementor-element elementor-element-7a63a93 e-flex e-con-boxed e-con e-parent\" data-id=\"7a63a93\" data-element_type=\"container\" data-e-type=\"container\">\n\t\t\t\t\t<div class=\"e-con-inner\">\n\t\t\t\t<div class=\"elementor-element elementor-element-caccc42 elementor-widget elementor-widget-heading\" data-id=\"caccc42\" data-element_type=\"widget\" data-e-type=\"widget\" data-widget_type=\"heading.default\">\n\t\t\t\t<div class=\"elementor-widget-container\">\n\t\t\t\t\t<h1 class=\"elementor-heading-title elementor-size-default\">SISGEO Rail <\/h1>\t\t\t\t<\/div>\n\t\t\t\t<\/div>\n\t\t\t\t<div class=\"elementor-element elementor-element-99defb4 elementor-widget elementor-widget-text-editor\" data-id=\"99defb4\" data-element_type=\"widget\" data-e-type=\"widget\" data-widget_type=\"text-editor.default\">\n\t\t\t\t<div class=\"elementor-widget-container\">\n\t\t\t\t\t\t\t\t\t<p>Die Instrumentierung von Gleisen ist ein Schl\u00fcsselfaktor bei der \u00dcberwachung und Begutachtung der Standfestigkeit und des Zustandes der Eisenbahninfrastruktur. Dank des Monitorings ist es m\u00f6glich, potenzielle Probleme wie Bodenbewegungen, Setzungen oder andere Instabilit\u00e4ten zu erkennen und erm\u00f6glicht so rechtzeitige Wartungsarbeiten und gew\u00e4hrleistet so einen sicheren Eisenbahnbetrieb. <\/p>\n<p>Sisgeo entwickelt und fertigt verschiedene Sensormodelle f\u00fcr die Gleis\u00fcberwachung:<\/p>\n<p><strong><u>ENTDECKEN SIE DIE DEDIZIERTE SISGEO-WEBSEITE F\u00dcR GLEISMONITORING<\/u><\/strong><strong><u>!<br \/><\/u><\/strong><a href=\"https:\/\/sisrail.sisgeo.com\/en\/\">https:\/\/sisrail.sisgeo.com\/en\/<\/a><\/p>\n\t\t\t\t\t\t\t\t<\/div>\n\t\t\t\t<\/div>\n\t\t\t\t<div class=\"elementor-element elementor-element-6ac222a elementor-widget elementor-widget-dce-iframe\" data-id=\"6ac222a\" data-element_type=\"widget\" data-e-type=\"widget\" data-widget_type=\"dce-iframe.default\">\n\t\t\t\t<div class=\"elementor-widget-container\">\n\t\t\t\t\t\t\t<iframe src=\"https:\/\/sisrail.sisgeo.com\/en\/\" frameborder=\"0\" width=\"100%\" height=\"80\" allowfullscreen=\"true\"><\/iframe>\n\t\t\t\t\t\t<\/div>\n\t\t\t\t<\/div>\n\t\t\t\t\t<\/div>\n\t\t\t\t<\/div>\n\t\t\t\t<\/div>\n\t\t","protected":false},"excerpt":{"rendered":"<p>SISGEO Rail Die Instrumentierung von Gleisen ist ein Schl\u00fcsselfaktor bei der \u00dcberwachung und Begutachtung der Standfestigkeit und des Zustandes der Eisenbahninfrastruktur. Dank des Monitorings ist es m\u00f6glich, potenzielle Probleme wie Bodenbewegungen, Setzungen oder andere Instabilit\u00e4ten zu erkennen und erm\u00f6glicht so rechtzeitige Wartungsarbeiten und gew\u00e4hrleistet so einen sicheren Eisenbahnbetrieb. Sisgeo entwickelt und fertigt verschiedene Sensormodelle f\u00fcr [&hellip;]<\/p>\n","protected":false},"author":1,"featured_media":3996,"parent":20241,"menu_order":0,"comment_status":"closed","ping_status":"closed","template":"","meta":{"footnotes":""},"categories":[215],"tags":[],"class_list":["post-21039","page","type-page","status-publish","has-post-thumbnail","hentry","category-products-de-2"],"yoast_head":"<!-- This site is optimized with the Yoast SEO Premium plugin v27.2 (Yoast SEO v27.2) - https:\/\/yoast.com\/product\/yoast-seo-premium-wordpress\/ -->\n<title>SISGEO Rail - Sisgeo<\/title>\n<meta name=\"robots\" content=\"index, follow, max-snippet:-1, max-image-preview:large, max-video-preview:-1\" \/>\n<link rel=\"canonical\" href=\"https:\/\/sisgeo.com\/de\/produkte\/railway-monitoring-instrumentation\/\" \/>\n<meta property=\"og:locale\" content=\"de_DE\" \/>\n<meta property=\"og:type\" content=\"article\" \/>\n<meta property=\"og:title\" content=\"SISGEO Rail\" \/>\n<meta property=\"og:description\" content=\"SISGEO Rail Die Instrumentierung von Gleisen ist ein Schl\u00fcsselfaktor bei der \u00dcberwachung und Begutachtung der Standfestigkeit und des Zustandes der Eisenbahninfrastruktur. Dank des Monitorings ist es m\u00f6glich, potenzielle Probleme wie Bodenbewegungen, Setzungen oder andere Instabilit\u00e4ten zu erkennen und erm\u00f6glicht so rechtzeitige Wartungsarbeiten und gew\u00e4hrleistet so einen sicheren Eisenbahnbetrieb. Sisgeo entwickelt und fertigt verschiedene Sensormodelle f\u00fcr [&hellip;]\" \/>\n<meta property=\"og:url\" content=\"https:\/\/sisgeo.com\/de\/produkte\/railway-monitoring-instrumentation\/\" \/>\n<meta property=\"og:site_name\" content=\"Sisgeo\" \/>\n<meta property=\"article:modified_time\" content=\"2025-02-11T16:00:08+00:00\" \/>\n<meta property=\"og:image\" content=\"https:\/\/sisgeo.com\/wp-content\/uploads\/2023\/07\/17_RAILWAY-MONITORING-INSTRUMENTATON.jpg\" \/>\n\t<meta property=\"og:image:width\" content=\"294\" \/>\n\t<meta property=\"og:image:height\" content=\"164\" \/>\n\t<meta property=\"og:image:type\" content=\"image\/jpeg\" \/>\n<meta name=\"twitter:card\" content=\"summary_large_image\" \/>\n<script type=\"application\/ld+json\" class=\"yoast-schema-graph\">{\"@context\":\"https:\/\/schema.org\",\"@graph\":[{\"@type\":\"WebPage\",\"@id\":\"https:\/\/sisgeo.com\/de\/produkte\/railway-monitoring-instrumentation\/\",\"url\":\"https:\/\/sisgeo.com\/de\/produkte\/railway-monitoring-instrumentation\/\",\"name\":\"SISGEO Rail - Sisgeo\",\"isPartOf\":{\"@id\":\"https:\/\/sisgeo.com\/de\/#website\"},\"primaryImageOfPage\":{\"@id\":\"https:\/\/sisgeo.com\/de\/produkte\/railway-monitoring-instrumentation\/#primaryimage\"},\"image\":{\"@id\":\"https:\/\/sisgeo.com\/de\/produkte\/railway-monitoring-instrumentation\/#primaryimage\"},\"thumbnailUrl\":\"https:\/\/sisgeo.com\/wp-content\/uploads\/2023\/07\/17_RAILWAY-MONITORING-INSTRUMENTATON.jpg\",\"datePublished\":\"2023-06-05T08:30:15+00:00\",\"dateModified\":\"2025-02-11T16:00:08+00:00\",\"breadcrumb\":{\"@id\":\"https:\/\/sisgeo.com\/de\/produkte\/railway-monitoring-instrumentation\/#breadcrumb\"},\"inLanguage\":\"de\",\"potentialAction\":[{\"@type\":\"ReadAction\",\"target\":[\"https:\/\/sisgeo.com\/de\/produkte\/railway-monitoring-instrumentation\/\"]}]},{\"@type\":\"ImageObject\",\"inLanguage\":\"de\",\"@id\":\"https:\/\/sisgeo.com\/de\/produkte\/railway-monitoring-instrumentation\/#primaryimage\",\"url\":\"https:\/\/sisgeo.com\/wp-content\/uploads\/2023\/07\/17_RAILWAY-MONITORING-INSTRUMENTATON.jpg\",\"contentUrl\":\"https:\/\/sisgeo.com\/wp-content\/uploads\/2023\/07\/17_RAILWAY-MONITORING-INSTRUMENTATON.jpg\",\"width\":294,\"height\":164},{\"@type\":\"BreadcrumbList\",\"@id\":\"https:\/\/sisgeo.com\/de\/produkte\/railway-monitoring-instrumentation\/#breadcrumb\",\"itemListElement\":[{\"@type\":\"ListItem\",\"position\":1,\"name\":\"Home\",\"item\":\"https:\/\/sisgeo.com\/de\/geotechnische-und-strukturelle-instrumentierung-fuer-shm\/\"},{\"@type\":\"ListItem\",\"position\":2,\"name\":\"Produkte\",\"item\":\"https:\/\/sisgeo.com\/de\/produkte\/\"},{\"@type\":\"ListItem\",\"position\":3,\"name\":\"SISGEO Rail\"}]},{\"@type\":\"WebSite\",\"@id\":\"https:\/\/sisgeo.com\/de\/#website\",\"url\":\"https:\/\/sisgeo.com\/de\/\",\"name\":\"Sisgeo\",\"description\":\"Inclined to improvement\",\"publisher\":{\"@id\":\"https:\/\/sisgeo.com\/de\/#organization\"},\"potentialAction\":[{\"@type\":\"SearchAction\",\"target\":{\"@type\":\"EntryPoint\",\"urlTemplate\":\"https:\/\/sisgeo.com\/de\/?s={search_term_string}\"},\"query-input\":{\"@type\":\"PropertyValueSpecification\",\"valueRequired\":true,\"valueName\":\"search_term_string\"}}],\"inLanguage\":\"de\"},{\"@type\":\"Organization\",\"@id\":\"https:\/\/sisgeo.com\/de\/#organization\",\"name\":\"Sisgeo S.r.l.\",\"url\":\"https:\/\/sisgeo.com\/de\/\",\"logo\":{\"@type\":\"ImageObject\",\"inLanguage\":\"de\",\"@id\":\"https:\/\/sisgeo.com\/de\/#\/schema\/logo\/image\/\",\"url\":\"https:\/\/sisgeodev.pipehosting.it\/wp-content\/uploads\/2023\/06\/logo-RGB.png\",\"contentUrl\":\"https:\/\/sisgeodev.pipehosting.it\/wp-content\/uploads\/2023\/06\/logo-RGB.png\",\"width\":205,\"height\":97,\"caption\":\"Sisgeo S.r.l.\"},\"image\":{\"@id\":\"https:\/\/sisgeo.com\/de\/#\/schema\/logo\/image\/\"}}]}<\/script>\n<!-- \/ Yoast SEO Premium plugin. -->","yoast_head_json":{"title":"SISGEO Rail - Sisgeo","robots":{"index":"index","follow":"follow","max-snippet":"max-snippet:-1","max-image-preview":"max-image-preview:large","max-video-preview":"max-video-preview:-1"},"canonical":"https:\/\/sisgeo.com\/de\/produkte\/railway-monitoring-instrumentation\/","og_locale":"de_DE","og_type":"article","og_title":"SISGEO Rail","og_description":"SISGEO Rail Die Instrumentierung von Gleisen ist ein Schl\u00fcsselfaktor bei der \u00dcberwachung und Begutachtung der Standfestigkeit und des Zustandes der Eisenbahninfrastruktur. Dank des Monitorings ist es m\u00f6glich, potenzielle Probleme wie Bodenbewegungen, Setzungen oder andere Instabilit\u00e4ten zu erkennen und erm\u00f6glicht so rechtzeitige Wartungsarbeiten und gew\u00e4hrleistet so einen sicheren Eisenbahnbetrieb. Sisgeo entwickelt und fertigt verschiedene Sensormodelle f\u00fcr [&hellip;]","og_url":"https:\/\/sisgeo.com\/de\/produkte\/railway-monitoring-instrumentation\/","og_site_name":"Sisgeo","article_modified_time":"2025-02-11T16:00:08+00:00","og_image":[{"width":294,"height":164,"url":"https:\/\/sisgeo.com\/wp-content\/uploads\/2023\/07\/17_RAILWAY-MONITORING-INSTRUMENTATON.jpg","type":"image\/jpeg"}],"twitter_card":"summary_large_image","schema":{"@context":"https:\/\/schema.org","@graph":[{"@type":"WebPage","@id":"https:\/\/sisgeo.com\/de\/produkte\/railway-monitoring-instrumentation\/","url":"https:\/\/sisgeo.com\/de\/produkte\/railway-monitoring-instrumentation\/","name":"SISGEO Rail - Sisgeo","isPartOf":{"@id":"https:\/\/sisgeo.com\/de\/#website"},"primaryImageOfPage":{"@id":"https:\/\/sisgeo.com\/de\/produkte\/railway-monitoring-instrumentation\/#primaryimage"},"image":{"@id":"https:\/\/sisgeo.com\/de\/produkte\/railway-monitoring-instrumentation\/#primaryimage"},"thumbnailUrl":"https:\/\/sisgeo.com\/wp-content\/uploads\/2023\/07\/17_RAILWAY-MONITORING-INSTRUMENTATON.jpg","datePublished":"2023-06-05T08:30:15+00:00","dateModified":"2025-02-11T16:00:08+00:00","breadcrumb":{"@id":"https:\/\/sisgeo.com\/de\/produkte\/railway-monitoring-instrumentation\/#breadcrumb"},"inLanguage":"de","potentialAction":[{"@type":"ReadAction","target":["https:\/\/sisgeo.com\/de\/produkte\/railway-monitoring-instrumentation\/"]}]},{"@type":"ImageObject","inLanguage":"de","@id":"https:\/\/sisgeo.com\/de\/produkte\/railway-monitoring-instrumentation\/#primaryimage","url":"https:\/\/sisgeo.com\/wp-content\/uploads\/2023\/07\/17_RAILWAY-MONITORING-INSTRUMENTATON.jpg","contentUrl":"https:\/\/sisgeo.com\/wp-content\/uploads\/2023\/07\/17_RAILWAY-MONITORING-INSTRUMENTATON.jpg","width":294,"height":164},{"@type":"BreadcrumbList","@id":"https:\/\/sisgeo.com\/de\/produkte\/railway-monitoring-instrumentation\/#breadcrumb","itemListElement":[{"@type":"ListItem","position":1,"name":"Home","item":"https:\/\/sisgeo.com\/de\/geotechnische-und-strukturelle-instrumentierung-fuer-shm\/"},{"@type":"ListItem","position":2,"name":"Produkte","item":"https:\/\/sisgeo.com\/de\/produkte\/"},{"@type":"ListItem","position":3,"name":"SISGEO Rail"}]},{"@type":"WebSite","@id":"https:\/\/sisgeo.com\/de\/#website","url":"https:\/\/sisgeo.com\/de\/","name":"Sisgeo","description":"Inclined to improvement","publisher":{"@id":"https:\/\/sisgeo.com\/de\/#organization"},"potentialAction":[{"@type":"SearchAction","target":{"@type":"EntryPoint","urlTemplate":"https:\/\/sisgeo.com\/de\/?s={search_term_string}"},"query-input":{"@type":"PropertyValueSpecification","valueRequired":true,"valueName":"search_term_string"}}],"inLanguage":"de"},{"@type":"Organization","@id":"https:\/\/sisgeo.com\/de\/#organization","name":"Sisgeo S.r.l.","url":"https:\/\/sisgeo.com\/de\/","logo":{"@type":"ImageObject","inLanguage":"de","@id":"https:\/\/sisgeo.com\/de\/#\/schema\/logo\/image\/","url":"https:\/\/sisgeodev.pipehosting.it\/wp-content\/uploads\/2023\/06\/logo-RGB.png","contentUrl":"https:\/\/sisgeodev.pipehosting.it\/wp-content\/uploads\/2023\/06\/logo-RGB.png","width":205,"height":97,"caption":"Sisgeo S.r.l."},"image":{"@id":"https:\/\/sisgeo.com\/de\/#\/schema\/logo\/image\/"}}]}},"_links":{"self":[{"href":"https:\/\/sisgeo.com\/de\/wp-json\/wp\/v2\/pages\/21039","targetHints":{"allow":["GET"]}}],"collection":[{"href":"https:\/\/sisgeo.com\/de\/wp-json\/wp\/v2\/pages"}],"about":[{"href":"https:\/\/sisgeo.com\/de\/wp-json\/wp\/v2\/types\/page"}],"author":[{"embeddable":true,"href":"https:\/\/sisgeo.com\/de\/wp-json\/wp\/v2\/users\/1"}],"replies":[{"embeddable":true,"href":"https:\/\/sisgeo.com\/de\/wp-json\/wp\/v2\/comments?post=21039"}],"version-history":[{"count":4,"href":"https:\/\/sisgeo.com\/de\/wp-json\/wp\/v2\/pages\/21039\/revisions"}],"predecessor-version":[{"id":28146,"href":"https:\/\/sisgeo.com\/de\/wp-json\/wp\/v2\/pages\/21039\/revisions\/28146"}],"up":[{"embeddable":true,"href":"https:\/\/sisgeo.com\/de\/wp-json\/wp\/v2\/pages\/20241"}],"wp:featuredmedia":[{"embeddable":true,"href":"https:\/\/sisgeo.com\/de\/wp-json\/wp\/v2\/media\/3996"}],"wp:attachment":[{"href":"https:\/\/sisgeo.com\/de\/wp-json\/wp\/v2\/media?parent=21039"}],"wp:term":[{"taxonomy":"category","embeddable":true,"href":"https:\/\/sisgeo.com\/de\/wp-json\/wp\/v2\/categories?post=21039"},{"taxonomy":"post_tag","embeddable":true,"href":"https:\/\/sisgeo.com\/de\/wp-json\/wp\/v2\/tags?post=21039"}],"curies":[{"name":"wp","href":"https:\/\/api.w.org\/{rel}","templated":true}]}}