{"id":21041,"date":"2023-07-27T10:30:07","date_gmt":"2023-07-27T08:30:07","guid":{"rendered":"https:\/\/sisgeo.com\/produkte\/setzungsmesssysteme\/"},"modified":"2025-02-11T15:45:20","modified_gmt":"2025-02-11T14:45:20","slug":"setzungsmesssysteme","status":"publish","type":"page","link":"https:\/\/sisgeo.com\/de\/produkte\/setzungsmesssysteme\/","title":{"rendered":"Setzungsmesssysteme"},"content":{"rendered":"\t\t<div data-elementor-type=\"wp-page\" data-elementor-id=\"21041\" class=\"elementor elementor-21041 elementor-3916\" data-elementor-post-type=\"page\">\n\t\t\t\t<div class=\"elementor-element elementor-element-7a63a93 e-flex e-con-boxed e-con e-parent\" data-id=\"7a63a93\" data-element_type=\"container\" data-e-type=\"container\">\n\t\t\t\t\t<div class=\"e-con-inner\">\n\t\t\t\t<div class=\"elementor-element elementor-element-99defb4 elementor-widget elementor-widget-text-editor\" data-id=\"99defb4\" data-element_type=\"widget\" data-e-type=\"widget\" data-widget_type=\"text-editor.default\">\n\t\t\t\t<div class=\"elementor-widget-container\">\n\t\t\t\t\t\t\t\t\t<p>Setzungsmesssysteme sind unverzichtbar um potenzielle Probleme zu detektieren und f\u00fcr das Risikomanagement bei Bodenbewegungen oder unterirdischen Bautma\u00dfnahmen.<\/p>\n<p>Setzungssensoren sind f\u00fcr die Installation unter Gr\u00fcndungen, an Geb\u00e4uden, in Sch\u00fcttungen oder D\u00e4mmen gemacht. Sisgeo bietet einiges Zubeh\u00f6r f\u00fcr das topografische Monitoring im Zusammenhang mit Setzungssmessungen an, wie etwa Targets oder Miniprismen. <\/p>\n<p>Ein weiteres Instrument zur Setzungsmessung sind Horizontalinklinometer, die unter der entsprechenden Produktkategorie gefunden werden k\u00f6nnen.<\/p>\n<p>Die h\u00e4ufigsten Anwendungsf\u00e4lle f\u00fcr Setzungsmessger\u00e4te sind Tunnel, D\u00e4mme, Sch\u00fcttungen, tiefe Baugruben, Gr\u00fcndungen, St\u00fctzw\u00e4nde, Geb\u00e4ude bei denen potenziell ungleichm\u00e4\u00dfige Setzungen erwartet werden und Structural Health Monitoring.<\/p>\n\t\t\t\t\t\t\t\t<\/div>\n\t\t\t\t<\/div>\n\t\t\t\t<div class=\"elementor-element elementor-element-8a09a03 elementor-widget elementor-widget-accordion\" data-id=\"8a09a03\" data-element_type=\"widget\" data-e-type=\"widget\" data-widget_type=\"accordion.default\">\n\t\t\t\t<div class=\"elementor-widget-container\">\n\t\t\t\t\t\t\t<div class=\"elementor-accordion\">\n\t\t\t\t\t\t\t<div class=\"elementor-accordion-item\">\n\t\t\t\t\t<div id=\"elementor-tab-title-1441\" class=\"elementor-tab-title\" data-tab=\"1\" role=\"button\" aria-controls=\"elementor-tab-content-1441\" aria-expanded=\"false\">\n\t\t\t\t\t\t\t\t\t\t\t\t\t<span class=\"elementor-accordion-icon elementor-accordion-icon-right\" aria-hidden=\"true\">\n\t\t\t\t\t\t\t\t\t\t\t\t\t\t\t<span class=\"elementor-accordion-icon-closed\"><svg xmlns=\"http:\/\/www.w3.org\/2000\/svg\" width=\"29\" height=\"16\" viewBox=\"0 0 29 16\" fill=\"none\"><path fill-rule=\"evenodd\" clip-rule=\"evenodd\" d=\"M27.25 0L14.375 13.038L1.5 0L0 1.5L14.4 15.9L28.749 1.5L27.25 0Z\" fill=\"#E4002B\"><\/path><\/svg><\/span>\n\t\t\t\t\t\t\t\t<span class=\"elementor-accordion-icon-opened\"><svg xmlns=\"http:\/\/www.w3.org\/2000\/svg\" width=\"29\" height=\"14\" viewBox=\"0 0 29 14\" fill=\"none\"><path fill-rule=\"evenodd\" clip-rule=\"evenodd\" d=\"M1.49902 13.1885L14.374 2.61651L27.249 13.1885L28.749 11.9722L14.349 0.295833L2.28882e-05 11.9722L1.49902 13.1885Z\" fill=\"#E4002B\"><\/path><\/svg><\/span>\n\t\t\t\t\t\t\t\t\t\t\t\t\t\t<\/span>\n\t\t\t\t\t\t\t\t\t\t\t\t<a class=\"elementor-accordion-title\" tabindex=\"0\">Mehr zum Thema<\/a>\n\t\t\t\t\t<\/div>\n\t\t\t\t\t<div id=\"elementor-tab-content-1441\" class=\"elementor-tab-content elementor-clearfix\" data-tab=\"1\" role=\"region\" aria-labelledby=\"elementor-tab-title-1441\"><p><strong>H-Level<\/strong> ist ein automatisiertes Schlauchwaagen-Monitoringsystem f\u00fcr eine differentielle Setzungsmessung in Geb\u00e4uden, Tunneln und anderen Infrastrukturen. Das System besteht aus den H-Level Sensoren, die hydraulisch mit einer Referenzstation, die sich in einem m\u00f6glichst Setzungsunbeeinflussten Bereich befindet, verbunden sind.  <\/p>\n<p>Das <strong>Mehrfach-Setzungsmesssystem<\/strong> ist ein hydraulisches System um vertikale Verformungen unter Sch\u00fcttungen und Erdd\u00e4mmen zu messen. Das System besteht aus mehreren Schwingsaitendruckaufnehmern oder piezoresistiven Sensoren, die in einer Kette hydraulisch mit einem Referenzgef\u00e4\u00df, das sich au\u00dferhalb des setzungsbeeinflussten Bereiches befindet, verbunden. Die Drucksensoren sind mit einer Setzungsplatte ausgestattet und werden in Sch\u00fcttungen installiert.  <\/p>\n<p>Das <strong>BRS-Magnetextensometer<\/strong> besteht aus einer beliebigen Anzahl von miteinander verbundenen F\u00fchrungsrohren, die mit einem H\u00fcllrohr reibungsarm in Bohrungen oder Sch\u00fcttungen eingebracht werden. Am H\u00fcllrohr sind magnetische Messringe angebracht, die jede Setzung oder Hebung des angrenzenden Materials mit ihrem Magnetfeld messbar in das Innere des F\u00fchrungsrohres \u00fcbertragen. Mit einer simplen Magnetsonde, die an einem mit Tiefenmarken ausgestatteten Messkabel in das F\u00fchrungsrohr eingebracht wird, kann die Position der Magnetringe und damit die vertikale Bewegung im Boden ermittelt werden. Das BRS-Magnetextensometer erm\u00f6glicht maximal eine Genauigkeit im Millimeterbereich, jedoch ist es im Vergleich zu anderen Systemen sehr preiswert und erm\u00f6glicht viele Messpunkte in einer Messstelle.    <\/p>\n<p><strong>Setzungspegel <\/strong> sind einfache Messstellen die f\u00fcr das Monitoring von Setzungen zwischen zwei Punkten eingesetzt werden. Der Fu\u00dfpunkt besteht aus einer Setzungsplatte in einer Sch\u00fcttung oder einem in einem Bohrloch installierten Ankerpunkt. Am Kopfpunkt wird normalerweise die Setzung geod\u00e4tisch gemessen. Die Messungen k\u00f6nnen jedoch mit speziellen Wegaufnehmern auch automatisiert werden.   <\/p>\n<\/div>\n\t\t\t\t<\/div>\n\t\t\t\t\t\t\t\t<\/div>\n\t\t\t\t\t\t<\/div>\n\t\t\t\t<\/div>\n\t\t\t\t<div class=\"elementor-element elementor-element-58a3ecd dce-posts-layout-default dce-col-4 dce-col-tablet-3 dce-col-mobile-1 dce-align-left elementor-widget elementor-widget-dce-dynamicposts-v2\" data-id=\"58a3ecd\" data-element_type=\"widget\" data-e-type=\"widget\" data-settings=\"{&quot;style_items&quot;:&quot;default&quot;,&quot;grid_grid_type&quot;:&quot;flex&quot;}\" data-widget_type=\"dce-dynamicposts-v2.grid\">\n\t\t\t\t<div class=\"elementor-widget-container\">\n\t\t\t\t\t\n\t\t<div class=\"dce-fix-background-loop dce-posts-container dce-posts dce-dynamic-posts-collection  dce-skin-grid dce-skin-grid-flex\">\n\t\t\t\t\t\t<div class=\"dce-posts-wrapper dce-wrapper-grid\">\n\t\t\t\n\t\t<article class=\"post-20872 page type-page status-publish has-post-thumbnail hentry category-h-level-messsystem category-setzungsmesssysteme dce-post dce-post-item dce-item-grid\" data-dce-post-id=\"20872\" data-dce-post-index=\"0\">\n\t\t\t<div class=\"dce-post-block elementor-animation-grow\">\n\t\t<div class=\"dce-item dce-item_image elementor-repeater-item-9ee1dae\"><a class=\"dce-post-image\" href=\"https:\/\/sisgeo.com\/de\/produkte\/setzungsmesssysteme\/h-level-messsystem\/\"><figure  class=\"dce-img\"><img fetchpriority=\"high\" decoding=\"async\" width=\"960\" height=\"540\" src=\"https:\/\/sisgeo.com\/wp-content\/uploads\/2023\/09\/0_sisgeo_liquid_level_system_279aed0a3c4f53e6b7.png\" class=\"\" alt=\"H-Level-Messsystem\" srcset=\"https:\/\/sisgeo.com\/wp-content\/uploads\/2023\/09\/0_sisgeo_liquid_level_system_279aed0a3c4f53e6b7.png 960w, https:\/\/sisgeo.com\/wp-content\/uploads\/2023\/09\/0_sisgeo_liquid_level_system_279aed0a3c4f53e6b7-300x169.png 300w, https:\/\/sisgeo.com\/wp-content\/uploads\/2023\/09\/0_sisgeo_liquid_level_system_279aed0a3c4f53e6b7-768x432.png 768w\" sizes=\"(max-width: 960px) 100vw, 960px\" \/><\/figure><\/a><\/div><div class=\"dce-item dce-item_title elementor-repeater-item-b433209\"><h5 class=\"dce-post-title\"><a href=\"https:\/\/sisgeo.com\/de\/produkte\/setzungsmesssysteme\/h-level-messsystem\/\">H-Level-Messsystem<\/a><\/h5><\/div><div class=\"dce-item dce-item_readmore elementor-repeater-item-ef0e5ce\">\t\t<div class=\"dce-post-button\">\n\t\t\t<a href=\"https:\/\/sisgeo.com\/de\/produkte\/setzungsmesssysteme\/h-level-messsystem\/\" class=\"elementor-button-link elementor-button dce-button elementor-size-sm\" role=\"button\" >\n\t\t\t<div class=\"align-middle\"><span>Mehr erfahren<\/span><img decoding=\"async\" src=\"https:\/\/sisgeo.com\/wp-content\/uploads\/2023\/05\/arrow_red.png\"><\/div>\t\t\t<\/a>\n\t\t<\/div>\n\t\t<\/div>\t\t\t<\/div>\n\t\t<\/article>\n\t\t\n\t\t<article class=\"post-20879 page type-page status-publish has-post-thumbnail hentry category-system-setzungsmesssystem category-setzungsmesssysteme dce-post dce-post-item dce-item-grid\" data-dce-post-id=\"20879\" data-dce-post-index=\"1\">\n\t\t\t<div class=\"dce-post-block elementor-animation-grow\">\n\t\t<div class=\"dce-item dce-item_image elementor-repeater-item-9ee1dae\"><a class=\"dce-post-image\" href=\"https:\/\/sisgeo.com\/de\/produkte\/setzungsmesssysteme\/mehrfach-setzungsmesssystem\/\"><figure  class=\"dce-img\"><img decoding=\"async\" width=\"960\" height=\"540\" src=\"https:\/\/sisgeo.com\/wp-content\/uploads\/2023\/09\/multipoint_settlement_system_0_d7e74b18b6416f.png\" class=\"\" alt=\"Mehrfach Setzungsmesssystem\" srcset=\"https:\/\/sisgeo.com\/wp-content\/uploads\/2023\/09\/multipoint_settlement_system_0_d7e74b18b6416f.png 960w, https:\/\/sisgeo.com\/wp-content\/uploads\/2023\/09\/multipoint_settlement_system_0_d7e74b18b6416f-300x169.png 300w, https:\/\/sisgeo.com\/wp-content\/uploads\/2023\/09\/multipoint_settlement_system_0_d7e74b18b6416f-768x432.png 768w\" sizes=\"(max-width: 960px) 100vw, 960px\" \/><\/figure><\/a><\/div><div class=\"dce-item dce-item_title elementor-repeater-item-b433209\"><h5 class=\"dce-post-title\"><a href=\"https:\/\/sisgeo.com\/de\/produkte\/setzungsmesssysteme\/mehrfach-setzungsmesssystem\/\">Mehrfach Setzungsmesssystem<\/a><\/h5><\/div><div class=\"dce-item dce-item_readmore elementor-repeater-item-ef0e5ce\">\t\t<div class=\"dce-post-button\">\n\t\t\t<a href=\"https:\/\/sisgeo.com\/de\/produkte\/setzungsmesssysteme\/mehrfach-setzungsmesssystem\/\" class=\"elementor-button-link elementor-button dce-button elementor-size-sm\" role=\"button\" >\n\t\t\t<div class=\"align-middle\"><span>Mehr erfahren<\/span><img decoding=\"async\" src=\"https:\/\/sisgeo.com\/wp-content\/uploads\/2023\/05\/arrow_red.png\"><\/div>\t\t\t<\/a>\n\t\t<\/div>\n\t\t<\/div>\t\t\t<\/div>\n\t\t<\/article>\n\t\t\n\t\t<article class=\"post-20858 page type-page status-publish has-post-thumbnail hentry category-brs-magnetextensometer category-setzungsmesssysteme dce-post dce-post-item dce-item-grid\" data-dce-post-id=\"20858\" data-dce-post-index=\"2\">\n\t\t\t<div class=\"dce-post-block elementor-animation-grow\">\n\t\t<div class=\"dce-item dce-item_image elementor-repeater-item-9ee1dae\"><a class=\"dce-post-image\" href=\"https:\/\/sisgeo.com\/de\/produkte\/setzungsmesssysteme\/brs-magnetextensometer\/\"><figure  class=\"dce-img\"><img decoding=\"async\" width=\"960\" height=\"540\" src=\"https:\/\/sisgeo.com\/wp-content\/uploads\/2023\/09\/00_magnet_extensometer_sisgeo_45f91fced6a43949aa.png\" class=\"\" alt=\"BRS Magnetextensometer\" srcset=\"https:\/\/sisgeo.com\/wp-content\/uploads\/2023\/09\/00_magnet_extensometer_sisgeo_45f91fced6a43949aa.png 960w, https:\/\/sisgeo.com\/wp-content\/uploads\/2023\/09\/00_magnet_extensometer_sisgeo_45f91fced6a43949aa-300x169.png 300w, https:\/\/sisgeo.com\/wp-content\/uploads\/2023\/09\/00_magnet_extensometer_sisgeo_45f91fced6a43949aa-768x432.png 768w\" sizes=\"(max-width: 960px) 100vw, 960px\" \/><\/figure><\/a><\/div><div class=\"dce-item dce-item_title elementor-repeater-item-b433209\"><h5 class=\"dce-post-title\"><a href=\"https:\/\/sisgeo.com\/de\/produkte\/setzungsmesssysteme\/brs-magnetextensometer\/\">BRS Magnetextensometer<\/a><\/h5><\/div><div class=\"dce-item dce-item_readmore elementor-repeater-item-ef0e5ce\">\t\t<div class=\"dce-post-button\">\n\t\t\t<a href=\"https:\/\/sisgeo.com\/de\/produkte\/setzungsmesssysteme\/brs-magnetextensometer\/\" class=\"elementor-button-link elementor-button dce-button elementor-size-sm\" role=\"button\" >\n\t\t\t<div class=\"align-middle\"><span>Mehr erfahren<\/span><img decoding=\"async\" src=\"https:\/\/sisgeo.com\/wp-content\/uploads\/2023\/05\/arrow_red.png\"><\/div>\t\t\t<\/a>\n\t\t<\/div>\n\t\t<\/div>\t\t\t<\/div>\n\t\t<\/article>\n\t\t\n\t\t<article class=\"post-20865 page type-page status-publish has-post-thumbnail hentry category-setzungsmesssysteme category-setzungspegel dce-post dce-post-item dce-item-grid\" data-dce-post-id=\"20865\" data-dce-post-index=\"3\">\n\t\t\t<div class=\"dce-post-block elementor-animation-grow\">\n\t\t<div class=\"dce-item dce-item_image elementor-repeater-item-9ee1dae\"><a class=\"dce-post-image\" href=\"https:\/\/sisgeo.com\/de\/produkte\/setzungsmesssysteme\/setzungspegel\/\"><figure  class=\"dce-img\"><img loading=\"lazy\" decoding=\"async\" width=\"960\" height=\"540\" src=\"https:\/\/sisgeo.com\/wp-content\/uploads\/2023\/09\/00_fixed_extensometer_sisgeo_2b91c9374fe0ca.png\" class=\"\" alt=\"Setzungspegel\" srcset=\"https:\/\/sisgeo.com\/wp-content\/uploads\/2023\/09\/00_fixed_extensometer_sisgeo_2b91c9374fe0ca.png 960w, https:\/\/sisgeo.com\/wp-content\/uploads\/2023\/09\/00_fixed_extensometer_sisgeo_2b91c9374fe0ca-300x169.png 300w, https:\/\/sisgeo.com\/wp-content\/uploads\/2023\/09\/00_fixed_extensometer_sisgeo_2b91c9374fe0ca-768x432.png 768w\" sizes=\"(max-width: 960px) 100vw, 960px\" \/><\/figure><\/a><\/div><div class=\"dce-item dce-item_title elementor-repeater-item-b433209\"><h5 class=\"dce-post-title\"><a href=\"https:\/\/sisgeo.com\/de\/produkte\/setzungsmesssysteme\/setzungspegel\/\">Setzungspegel<\/a><\/h5><\/div><div class=\"dce-item dce-item_readmore elementor-repeater-item-ef0e5ce\">\t\t<div class=\"dce-post-button\">\n\t\t\t<a href=\"https:\/\/sisgeo.com\/de\/produkte\/setzungsmesssysteme\/setzungspegel\/\" class=\"elementor-button-link elementor-button dce-button elementor-size-sm\" role=\"button\" >\n\t\t\t<div class=\"align-middle\"><span>Mehr erfahren<\/span><img decoding=\"async\" src=\"https:\/\/sisgeo.com\/wp-content\/uploads\/2023\/05\/arrow_red.png\"><\/div>\t\t\t<\/a>\n\t\t<\/div>\n\t\t<\/div>\t\t\t<\/div>\n\t\t<\/article>\n\t\t\n\t\t<article class=\"post-20887 page type-page status-publish has-post-thumbnail hentry category-bolts-prisms-and-targets category-setzungsmesssysteme dce-post dce-post-item dce-item-grid\" data-dce-post-id=\"20887\" data-dce-post-index=\"4\">\n\t\t\t<div class=\"dce-post-block elementor-animation-grow\">\n\t\t<div class=\"dce-item dce-item_image elementor-repeater-item-9ee1dae\"><a class=\"dce-post-image\" href=\"https:\/\/sisgeo.com\/de\/produkte\/setzungsmesssysteme\/messbolzen-prismen-und-targets\/\"><figure  class=\"dce-img\"><img loading=\"lazy\" decoding=\"async\" width=\"960\" height=\"540\" src=\"https:\/\/sisgeo.com\/wp-content\/uploads\/2023\/09\/00_bolt_prism_target_sisgeo_5f000a12786dd083d69c7a52f.png\" class=\"\" alt=\"Messbolzen, Prismen und Targets\" srcset=\"https:\/\/sisgeo.com\/wp-content\/uploads\/2023\/09\/00_bolt_prism_target_sisgeo_5f000a12786dd083d69c7a52f.png 960w, https:\/\/sisgeo.com\/wp-content\/uploads\/2023\/09\/00_bolt_prism_target_sisgeo_5f000a12786dd083d69c7a52f-300x169.png 300w, https:\/\/sisgeo.com\/wp-content\/uploads\/2023\/09\/00_bolt_prism_target_sisgeo_5f000a12786dd083d69c7a52f-768x432.png 768w\" sizes=\"(max-width: 960px) 100vw, 960px\" \/><\/figure><\/a><\/div><div class=\"dce-item dce-item_title elementor-repeater-item-b433209\"><h5 class=\"dce-post-title\"><a href=\"https:\/\/sisgeo.com\/de\/produkte\/setzungsmesssysteme\/messbolzen-prismen-und-targets\/\">Messbolzen, Prismen und Targets<\/a><\/h5><\/div><div class=\"dce-item dce-item_readmore elementor-repeater-item-ef0e5ce\">\t\t<div class=\"dce-post-button\">\n\t\t\t<a href=\"https:\/\/sisgeo.com\/de\/produkte\/setzungsmesssysteme\/messbolzen-prismen-und-targets\/\" class=\"elementor-button-link elementor-button dce-button elementor-size-sm\" role=\"button\" >\n\t\t\t<div class=\"align-middle\"><span>Mehr erfahren<\/span><img decoding=\"async\" src=\"https:\/\/sisgeo.com\/wp-content\/uploads\/2023\/05\/arrow_red.png\"><\/div>\t\t\t<\/a>\n\t\t<\/div>\n\t\t<\/div>\t\t\t<\/div>\n\t\t<\/article>\n\t\t\t\t\t<\/div>\n\t\t\t\t\t<\/div>\n\t\t\t\t\t\t<\/div>\n\t\t\t\t<\/div>\n\t\t\t\t\t<\/div>\n\t\t\t\t<\/div>\n\t\t\t\t<\/div>\n\t\t","protected":false},"excerpt":{"rendered":"<p>Setzungsmesssysteme sind unverzichtbar um potenzielle Probleme zu detektieren und f\u00fcr das Risikomanagement bei Bodenbewegungen oder unterirdischen Bautma\u00dfnahmen. Setzungssensoren sind f\u00fcr die Installation unter Gr\u00fcndungen, an Geb\u00e4uden, in Sch\u00fcttungen oder D\u00e4mmen gemacht. Sisgeo bietet einiges Zubeh\u00f6r f\u00fcr das topografische Monitoring im Zusammenhang mit Setzungssmessungen an, wie etwa Targets oder Miniprismen. Ein weiteres Instrument zur Setzungsmessung sind [&hellip;]<\/p>\n","protected":false},"author":1,"featured_media":4071,"parent":20241,"menu_order":0,"comment_status":"closed","ping_status":"closed","template":"","meta":{"footnotes":""},"categories":[215],"tags":[],"class_list":["post-21041","page","type-page","status-publish","has-post-thumbnail","hentry","category-products-de-2"],"yoast_head":"<!-- This site is optimized with the Yoast SEO Premium plugin v27.2 (Yoast SEO v27.2) - https:\/\/yoast.com\/product\/yoast-seo-premium-wordpress\/ -->\n<title>Setzungsmesssysteme - Sisgeo<\/title>\n<meta name=\"robots\" content=\"index, follow, max-snippet:-1, max-image-preview:large, max-video-preview:-1\" \/>\n<link rel=\"canonical\" href=\"https:\/\/sisgeo.com\/de\/produkte\/setzungsmesssysteme\/\" \/>\n<meta property=\"og:locale\" content=\"de_DE\" \/>\n<meta property=\"og:type\" content=\"article\" \/>\n<meta property=\"og:title\" content=\"Setzungsmesssysteme\" \/>\n<meta property=\"og:description\" content=\"Setzungsmesssysteme sind unverzichtbar um potenzielle Probleme zu detektieren und f\u00fcr das Risikomanagement bei Bodenbewegungen oder unterirdischen Bautma\u00dfnahmen. Setzungssensoren sind f\u00fcr die Installation unter Gr\u00fcndungen, an Geb\u00e4uden, in Sch\u00fcttungen oder D\u00e4mmen gemacht. Sisgeo bietet einiges Zubeh\u00f6r f\u00fcr das topografische Monitoring im Zusammenhang mit Setzungssmessungen an, wie etwa Targets oder Miniprismen. Ein weiteres Instrument zur Setzungsmessung sind [&hellip;]\" \/>\n<meta property=\"og:url\" content=\"https:\/\/sisgeo.com\/de\/produkte\/setzungsmesssysteme\/\" \/>\n<meta property=\"og:site_name\" content=\"Sisgeo\" \/>\n<meta property=\"article:modified_time\" content=\"2025-02-11T14:45:20+00:00\" \/>\n<meta property=\"og:image\" content=\"https:\/\/sisgeo.com\/wp-content\/uploads\/2023\/07\/9_SETTLEMENT-GAUGE.jpg\" \/>\n\t<meta property=\"og:image:width\" content=\"294\" \/>\n\t<meta property=\"og:image:height\" content=\"164\" \/>\n\t<meta property=\"og:image:type\" content=\"image\/jpeg\" \/>\n<meta name=\"twitter:card\" content=\"summary_large_image\" \/>\n<meta name=\"twitter:label1\" content=\"Gesch\u00e4tzte Lesezeit\" \/>\n\t<meta name=\"twitter:data1\" content=\"2\u00a0Minuten\" \/>\n<script type=\"application\/ld+json\" class=\"yoast-schema-graph\">{\"@context\":\"https:\/\/schema.org\",\"@graph\":[{\"@type\":\"WebPage\",\"@id\":\"https:\/\/sisgeo.com\/de\/produkte\/setzungsmesssysteme\/\",\"url\":\"https:\/\/sisgeo.com\/de\/produkte\/setzungsmesssysteme\/\",\"name\":\"Setzungsmesssysteme - Sisgeo\",\"isPartOf\":{\"@id\":\"https:\/\/sisgeo.com\/de\/#website\"},\"primaryImageOfPage\":{\"@id\":\"https:\/\/sisgeo.com\/de\/produkte\/setzungsmesssysteme\/#primaryimage\"},\"image\":{\"@id\":\"https:\/\/sisgeo.com\/de\/produkte\/setzungsmesssysteme\/#primaryimage\"},\"thumbnailUrl\":\"https:\/\/sisgeo.com\/wp-content\/uploads\/2023\/07\/9_SETTLEMENT-GAUGE.jpg\",\"datePublished\":\"2023-07-27T08:30:07+00:00\",\"dateModified\":\"2025-02-11T14:45:20+00:00\",\"breadcrumb\":{\"@id\":\"https:\/\/sisgeo.com\/de\/produkte\/setzungsmesssysteme\/#breadcrumb\"},\"inLanguage\":\"de\",\"potentialAction\":[{\"@type\":\"ReadAction\",\"target\":[\"https:\/\/sisgeo.com\/de\/produkte\/setzungsmesssysteme\/\"]}]},{\"@type\":\"ImageObject\",\"inLanguage\":\"de\",\"@id\":\"https:\/\/sisgeo.com\/de\/produkte\/setzungsmesssysteme\/#primaryimage\",\"url\":\"https:\/\/sisgeo.com\/wp-content\/uploads\/2023\/07\/9_SETTLEMENT-GAUGE.jpg\",\"contentUrl\":\"https:\/\/sisgeo.com\/wp-content\/uploads\/2023\/07\/9_SETTLEMENT-GAUGE.jpg\",\"width\":294,\"height\":164},{\"@type\":\"BreadcrumbList\",\"@id\":\"https:\/\/sisgeo.com\/de\/produkte\/setzungsmesssysteme\/#breadcrumb\",\"itemListElement\":[{\"@type\":\"ListItem\",\"position\":1,\"name\":\"Home\",\"item\":\"https:\/\/sisgeo.com\/de\/geotechnische-und-strukturelle-instrumentierung-fuer-shm\/\"},{\"@type\":\"ListItem\",\"position\":2,\"name\":\"Produkte\",\"item\":\"https:\/\/sisgeo.com\/de\/produkte\/\"},{\"@type\":\"ListItem\",\"position\":3,\"name\":\"Setzungsmesssysteme\"}]},{\"@type\":\"WebSite\",\"@id\":\"https:\/\/sisgeo.com\/de\/#website\",\"url\":\"https:\/\/sisgeo.com\/de\/\",\"name\":\"Sisgeo\",\"description\":\"Inclined to improvement\",\"publisher\":{\"@id\":\"https:\/\/sisgeo.com\/de\/#organization\"},\"potentialAction\":[{\"@type\":\"SearchAction\",\"target\":{\"@type\":\"EntryPoint\",\"urlTemplate\":\"https:\/\/sisgeo.com\/de\/?s={search_term_string}\"},\"query-input\":{\"@type\":\"PropertyValueSpecification\",\"valueRequired\":true,\"valueName\":\"search_term_string\"}}],\"inLanguage\":\"de\"},{\"@type\":\"Organization\",\"@id\":\"https:\/\/sisgeo.com\/de\/#organization\",\"name\":\"Sisgeo S.r.l.\",\"url\":\"https:\/\/sisgeo.com\/de\/\",\"logo\":{\"@type\":\"ImageObject\",\"inLanguage\":\"de\",\"@id\":\"https:\/\/sisgeo.com\/de\/#\/schema\/logo\/image\/\",\"url\":\"https:\/\/sisgeodev.pipehosting.it\/wp-content\/uploads\/2023\/06\/logo-RGB.png\",\"contentUrl\":\"https:\/\/sisgeodev.pipehosting.it\/wp-content\/uploads\/2023\/06\/logo-RGB.png\",\"width\":205,\"height\":97,\"caption\":\"Sisgeo S.r.l.\"},\"image\":{\"@id\":\"https:\/\/sisgeo.com\/de\/#\/schema\/logo\/image\/\"}}]}<\/script>\n<!-- \/ Yoast SEO Premium plugin. -->","yoast_head_json":{"title":"Setzungsmesssysteme - Sisgeo","robots":{"index":"index","follow":"follow","max-snippet":"max-snippet:-1","max-image-preview":"max-image-preview:large","max-video-preview":"max-video-preview:-1"},"canonical":"https:\/\/sisgeo.com\/de\/produkte\/setzungsmesssysteme\/","og_locale":"de_DE","og_type":"article","og_title":"Setzungsmesssysteme","og_description":"Setzungsmesssysteme sind unverzichtbar um potenzielle Probleme zu detektieren und f\u00fcr das Risikomanagement bei Bodenbewegungen oder unterirdischen Bautma\u00dfnahmen. Setzungssensoren sind f\u00fcr die Installation unter Gr\u00fcndungen, an Geb\u00e4uden, in Sch\u00fcttungen oder D\u00e4mmen gemacht. Sisgeo bietet einiges Zubeh\u00f6r f\u00fcr das topografische Monitoring im Zusammenhang mit Setzungssmessungen an, wie etwa Targets oder Miniprismen. Ein weiteres Instrument zur Setzungsmessung sind [&hellip;]","og_url":"https:\/\/sisgeo.com\/de\/produkte\/setzungsmesssysteme\/","og_site_name":"Sisgeo","article_modified_time":"2025-02-11T14:45:20+00:00","og_image":[{"width":294,"height":164,"url":"https:\/\/sisgeo.com\/wp-content\/uploads\/2023\/07\/9_SETTLEMENT-GAUGE.jpg","type":"image\/jpeg"}],"twitter_card":"summary_large_image","twitter_misc":{"Gesch\u00e4tzte Lesezeit":"2\u00a0Minuten"},"schema":{"@context":"https:\/\/schema.org","@graph":[{"@type":"WebPage","@id":"https:\/\/sisgeo.com\/de\/produkte\/setzungsmesssysteme\/","url":"https:\/\/sisgeo.com\/de\/produkte\/setzungsmesssysteme\/","name":"Setzungsmesssysteme - Sisgeo","isPartOf":{"@id":"https:\/\/sisgeo.com\/de\/#website"},"primaryImageOfPage":{"@id":"https:\/\/sisgeo.com\/de\/produkte\/setzungsmesssysteme\/#primaryimage"},"image":{"@id":"https:\/\/sisgeo.com\/de\/produkte\/setzungsmesssysteme\/#primaryimage"},"thumbnailUrl":"https:\/\/sisgeo.com\/wp-content\/uploads\/2023\/07\/9_SETTLEMENT-GAUGE.jpg","datePublished":"2023-07-27T08:30:07+00:00","dateModified":"2025-02-11T14:45:20+00:00","breadcrumb":{"@id":"https:\/\/sisgeo.com\/de\/produkte\/setzungsmesssysteme\/#breadcrumb"},"inLanguage":"de","potentialAction":[{"@type":"ReadAction","target":["https:\/\/sisgeo.com\/de\/produkte\/setzungsmesssysteme\/"]}]},{"@type":"ImageObject","inLanguage":"de","@id":"https:\/\/sisgeo.com\/de\/produkte\/setzungsmesssysteme\/#primaryimage","url":"https:\/\/sisgeo.com\/wp-content\/uploads\/2023\/07\/9_SETTLEMENT-GAUGE.jpg","contentUrl":"https:\/\/sisgeo.com\/wp-content\/uploads\/2023\/07\/9_SETTLEMENT-GAUGE.jpg","width":294,"height":164},{"@type":"BreadcrumbList","@id":"https:\/\/sisgeo.com\/de\/produkte\/setzungsmesssysteme\/#breadcrumb","itemListElement":[{"@type":"ListItem","position":1,"name":"Home","item":"https:\/\/sisgeo.com\/de\/geotechnische-und-strukturelle-instrumentierung-fuer-shm\/"},{"@type":"ListItem","position":2,"name":"Produkte","item":"https:\/\/sisgeo.com\/de\/produkte\/"},{"@type":"ListItem","position":3,"name":"Setzungsmesssysteme"}]},{"@type":"WebSite","@id":"https:\/\/sisgeo.com\/de\/#website","url":"https:\/\/sisgeo.com\/de\/","name":"Sisgeo","description":"Inclined to improvement","publisher":{"@id":"https:\/\/sisgeo.com\/de\/#organization"},"potentialAction":[{"@type":"SearchAction","target":{"@type":"EntryPoint","urlTemplate":"https:\/\/sisgeo.com\/de\/?s={search_term_string}"},"query-input":{"@type":"PropertyValueSpecification","valueRequired":true,"valueName":"search_term_string"}}],"inLanguage":"de"},{"@type":"Organization","@id":"https:\/\/sisgeo.com\/de\/#organization","name":"Sisgeo S.r.l.","url":"https:\/\/sisgeo.com\/de\/","logo":{"@type":"ImageObject","inLanguage":"de","@id":"https:\/\/sisgeo.com\/de\/#\/schema\/logo\/image\/","url":"https:\/\/sisgeodev.pipehosting.it\/wp-content\/uploads\/2023\/06\/logo-RGB.png","contentUrl":"https:\/\/sisgeodev.pipehosting.it\/wp-content\/uploads\/2023\/06\/logo-RGB.png","width":205,"height":97,"caption":"Sisgeo S.r.l."},"image":{"@id":"https:\/\/sisgeo.com\/de\/#\/schema\/logo\/image\/"}}]}},"_links":{"self":[{"href":"https:\/\/sisgeo.com\/de\/wp-json\/wp\/v2\/pages\/21041","targetHints":{"allow":["GET"]}}],"collection":[{"href":"https:\/\/sisgeo.com\/de\/wp-json\/wp\/v2\/pages"}],"about":[{"href":"https:\/\/sisgeo.com\/de\/wp-json\/wp\/v2\/types\/page"}],"author":[{"embeddable":true,"href":"https:\/\/sisgeo.com\/de\/wp-json\/wp\/v2\/users\/1"}],"replies":[{"embeddable":true,"href":"https:\/\/sisgeo.com\/de\/wp-json\/wp\/v2\/comments?post=21041"}],"version-history":[{"count":3,"href":"https:\/\/sisgeo.com\/de\/wp-json\/wp\/v2\/pages\/21041\/revisions"}],"predecessor-version":[{"id":28116,"href":"https:\/\/sisgeo.com\/de\/wp-json\/wp\/v2\/pages\/21041\/revisions\/28116"}],"up":[{"embeddable":true,"href":"https:\/\/sisgeo.com\/de\/wp-json\/wp\/v2\/pages\/20241"}],"wp:featuredmedia":[{"embeddable":true,"href":"https:\/\/sisgeo.com\/de\/wp-json\/wp\/v2\/media\/4071"}],"wp:attachment":[{"href":"https:\/\/sisgeo.com\/de\/wp-json\/wp\/v2\/media?parent=21041"}],"wp:term":[{"taxonomy":"category","embeddable":true,"href":"https:\/\/sisgeo.com\/de\/wp-json\/wp\/v2\/categories?post=21041"},{"taxonomy":"post_tag","embeddable":true,"href":"https:\/\/sisgeo.com\/de\/wp-json\/wp\/v2\/tags?post=21041"}],"curies":[{"name":"wp","href":"https:\/\/api.w.org\/{rel}","templated":true}]}}