{"id":21043,"date":"2023-07-27T10:39:49","date_gmt":"2023-07-27T08:39:49","guid":{"rendered":"https:\/\/sisgeo.com\/produkte\/dehnungsaufnehmer\/"},"modified":"2025-02-27T09:27:53","modified_gmt":"2025-02-27T08:27:53","slug":"dehnungsaufnehmer","status":"publish","type":"page","link":"https:\/\/sisgeo.com\/de\/produkte\/dehnungsaufnehmer\/","title":{"rendered":"Dehnungsaufnehmer"},"content":{"rendered":"\t\t<div data-elementor-type=\"wp-page\" data-elementor-id=\"21043\" class=\"elementor elementor-21043 elementor-3931\" data-elementor-post-type=\"page\">\n\t\t\t\t<div class=\"elementor-element elementor-element-7a63a93 e-flex e-con-boxed e-con e-parent\" data-id=\"7a63a93\" data-element_type=\"container\" data-e-type=\"container\">\n\t\t\t\t\t<div class=\"e-con-inner\">\n\t\t\t\t<div class=\"elementor-element elementor-element-99defb4 elementor-widget elementor-widget-text-editor\" data-id=\"99defb4\" data-element_type=\"widget\" data-e-type=\"widget\" data-widget_type=\"text-editor.default\">\n\t\t\t\t<div class=\"elementor-widget-container\">\n\t\t\t\t\t\t\t\t\t<p>Schwingsaitendehnungsaufnehmer werden in der Bau- und Geomesstechnik eingesetzt um die Dehnungen und Deformationen verschiedener Bauteile einer Struktur zu messen.<\/p>\n<p>Vibrierende Dehnungsmessstreifen bieten mehrere Vorteile, einer der wichtigsten ist ihre Langlebigkeit. Dank der Technologie des vibrierenden Drahtes sind VW-Dehnungsmessstreifen robust und langlebig, was sie f\u00fcr eine langfristige \u00dcberwachung geeignet macht. <\/p>\n<p>Die h\u00e4ufigsten Anwendungsbereiche von VW-Dehnungsmessstreifen sind Tunnelvortrieb, Pfahlprobebelastungen, Fundamente, Bauteile von Br\u00fccken und Geb\u00e4uden sowie Betonstaud\u00e4mme.<\/p>\n\t\t\t\t\t\t\t\t<\/div>\n\t\t\t\t<\/div>\n\t\t\t\t<div class=\"elementor-element elementor-element-8a09a03 elementor-widget elementor-widget-accordion\" data-id=\"8a09a03\" data-element_type=\"widget\" data-e-type=\"widget\" data-widget_type=\"accordion.default\">\n\t\t\t\t<div class=\"elementor-widget-container\">\n\t\t\t\t\t\t\t<div class=\"elementor-accordion\">\n\t\t\t\t\t\t\t<div class=\"elementor-accordion-item\">\n\t\t\t\t\t<div id=\"elementor-tab-title-1441\" class=\"elementor-tab-title\" data-tab=\"1\" role=\"button\" aria-controls=\"elementor-tab-content-1441\" aria-expanded=\"false\">\n\t\t\t\t\t\t\t\t\t\t\t\t\t<span class=\"elementor-accordion-icon elementor-accordion-icon-right\" aria-hidden=\"true\">\n\t\t\t\t\t\t\t\t\t\t\t\t\t\t\t<span class=\"elementor-accordion-icon-closed\"><svg xmlns=\"http:\/\/www.w3.org\/2000\/svg\" width=\"29\" height=\"16\" viewBox=\"0 0 29 16\" fill=\"none\"><path fill-rule=\"evenodd\" clip-rule=\"evenodd\" d=\"M27.25 0L14.375 13.038L1.5 0L0 1.5L14.4 15.9L28.749 1.5L27.25 0Z\" fill=\"#E4002B\"><\/path><\/svg><\/span>\n\t\t\t\t\t\t\t\t<span class=\"elementor-accordion-icon-opened\"><svg xmlns=\"http:\/\/www.w3.org\/2000\/svg\" width=\"29\" height=\"14\" viewBox=\"0 0 29 14\" fill=\"none\"><path fill-rule=\"evenodd\" clip-rule=\"evenodd\" d=\"M1.49902 13.1885L14.374 2.61651L27.249 13.1885L28.749 11.9722L14.349 0.295833L2.28882e-05 11.9722L1.49902 13.1885Z\" fill=\"#E4002B\"><\/path><\/svg><\/span>\n\t\t\t\t\t\t\t\t\t\t\t\t\t\t<\/span>\n\t\t\t\t\t\t\t\t\t\t\t\t<a class=\"elementor-accordion-title\" tabindex=\"0\">Mehr zum Thema<\/a>\n\t\t\t\t\t<\/div>\n\t\t\t\t\t<div id=\"elementor-tab-content-1441\" class=\"elementor-tab-content elementor-clearfix\" data-tab=\"1\" role=\"region\" aria-labelledby=\"elementor-tab-title-1441\"><p>Schwingsaitendehnungsaufnehmer sind in verschiedenen Varianten erh\u00e4ltlich.<\/p>\n<p><strong>Einbetonierbare Schwingsaitendehnungsaufnehmer<\/strong> werden \u00fcblicherweise in Betonkonstruktionen zur Dehnungs\u00fcberwachung eingesetzt.<\/p>\n<p><strong>Einbetonierbare Schwingsaitendehnungsaufnehmer<\/strong> mit erh\u00f6hter Dichtigkeit werden \u00fcblicherweise in Bohrpf\u00e4hlen oder anderen Anwendungen eingesetzt, die eine hohe Beton\u00fcberdeckung erfordern.<\/p>\n<p><strong>Anschwei\u00dfbare Schwingsaitendehnungsaufnehmer<\/strong> verf\u00fcgen \u00fcber ein Paar schwei\u00dfbarer Bl\u00f6cke zur Installation auf Metalloberfl\u00e4chen.<\/p>\n<p><strong>Betonoberfl\u00e4chen-Schwingsaitendehnungsaufnehmer<\/strong> k\u00f6nnen mit zwei speziellen Ankerbl\u00f6cken auf der Betonoberfl\u00e4che installiert werden.<\/p>\n<p><strong>Spritzbeton- Schwingsaitendehnungsaufnehmer<\/strong> haben einen gro\u00dfen Messbereich (10000 Microstrain) f\u00fcr den Einsatz in Spritzbetonanwendungen.<\/p>\n<p><strong>Punktschwei\u00dfbare Schwingsaitendehnungsaufnehmer<\/strong> sind kleine VW-Dehnungsmessstreifen, die f\u00fcr eine schnelle und einfache Installation auf Metallkonstruktionen mit einem einfachen Punktschwei\u00dfger\u00e4t entwickelt wurden.<\/p>\n<p>Alle Schwingsaitendehnungsaufnehmer, wie alle anderen Sisgeo VW-Sensoren, verf\u00fcgen \u00fcber einen eingebauten Thermistor zur Temperatur\u00fcberwachung und, falls erforderlich, zur Temperaturkompensation.<\/p>\n<\/div>\n\t\t\t\t<\/div>\n\t\t\t\t\t\t\t\t<\/div>\n\t\t\t\t\t\t<\/div>\n\t\t\t\t<\/div>\n\t\t\t\t<div class=\"elementor-element elementor-element-58a3ecd dce-posts-layout-default dce-col-4 dce-col-tablet-3 dce-col-mobile-1 dce-align-left elementor-widget elementor-widget-dce-dynamicposts-v2\" data-id=\"58a3ecd\" data-element_type=\"widget\" data-e-type=\"widget\" data-settings=\"{&quot;style_items&quot;:&quot;default&quot;,&quot;grid_grid_type&quot;:&quot;flex&quot;}\" data-widget_type=\"dce-dynamicposts-v2.grid\">\n\t\t\t\t<div class=\"elementor-widget-container\">\n\t\t\t\t\t\n\t\t<div class=\"dce-fix-background-loop dce-posts-container dce-posts dce-dynamic-posts-collection  dce-skin-grid dce-skin-grid-flex\">\n\t\t\t\t\t\t<div class=\"dce-posts-wrapper dce-wrapper-grid\">\n\t\t\t\n\t\t<article class=\"post-20906 page type-page status-publish has-post-thumbnail hentry category-dehnungsaufnehmer category-schwingsaiten-dehungsaufnehmer dce-post dce-post-item dce-item-grid\" data-dce-post-id=\"20906\" data-dce-post-index=\"0\">\n\t\t\t<div class=\"dce-post-block elementor-animation-grow\">\n\t\t<div class=\"dce-item dce-item_image elementor-repeater-item-9ee1dae\"><a class=\"dce-post-image\" href=\"https:\/\/sisgeo.com\/de\/produkte\/dehnungsaufnehmer\/schwingsaiten-dehungsaufnehmer\/\"><figure  class=\"dce-img\"><img fetchpriority=\"high\" decoding=\"async\" width=\"961\" height=\"540\" src=\"https:\/\/sisgeo.com\/wp-content\/uploads\/2025\/02\/00_sisgeo_vibratin_wire_strain_gauges.png\" class=\"\" alt=\"Schwingsaiten-Dehungsaufnehmer\" srcset=\"https:\/\/sisgeo.com\/wp-content\/uploads\/2025\/02\/00_sisgeo_vibratin_wire_strain_gauges.png 961w, https:\/\/sisgeo.com\/wp-content\/uploads\/2025\/02\/00_sisgeo_vibratin_wire_strain_gauges-300x169.png 300w, https:\/\/sisgeo.com\/wp-content\/uploads\/2025\/02\/00_sisgeo_vibratin_wire_strain_gauges-768x432.png 768w\" sizes=\"(max-width: 961px) 100vw, 961px\" \/><\/figure><\/a><\/div><div class=\"dce-item dce-item_title elementor-repeater-item-b433209\"><h5 class=\"dce-post-title\"><a href=\"https:\/\/sisgeo.com\/de\/produkte\/dehnungsaufnehmer\/schwingsaiten-dehungsaufnehmer\/\">Schwingsaiten-Dehungsaufnehmer<\/a><\/h5><\/div><div class=\"dce-item dce-item_readmore elementor-repeater-item-ef0e5ce\">\t\t<div class=\"dce-post-button\">\n\t\t\t<a href=\"https:\/\/sisgeo.com\/de\/produkte\/dehnungsaufnehmer\/schwingsaiten-dehungsaufnehmer\/\" class=\"elementor-button-link elementor-button dce-button elementor-size-sm\" role=\"button\" >\n\t\t\t<div class=\"align-middle\"><span>Mehr erfahren<\/span><img decoding=\"async\" src=\"https:\/\/sisgeo.com\/wp-content\/uploads\/2023\/05\/arrow_red.png\"><\/div>\t\t\t<\/a>\n\t\t<\/div>\n\t\t<\/div>\t\t\t<\/div>\n\t\t<\/article>\n\t\t\n\t\t<article class=\"post-20899 page type-page status-publish has-post-thumbnail hentry category-dehnungsaufnehmer category-punktschweissbare-schwingsaiten-dehungsaufnehmer dce-post dce-post-item dce-item-grid\" data-dce-post-id=\"20899\" data-dce-post-index=\"1\">\n\t\t\t<div class=\"dce-post-block elementor-animation-grow\">\n\t\t<div class=\"dce-item dce-item_image elementor-repeater-item-9ee1dae\"><a class=\"dce-post-image\" href=\"https:\/\/sisgeo.com\/de\/produkte\/dehnungsaufnehmer\/punktschweissbare-schwingsaiten-dehungsaufnehmer\/\"><figure  class=\"dce-img\"><img decoding=\"async\" width=\"960\" height=\"540\" src=\"https:\/\/sisgeo.com\/wp-content\/uploads\/2023\/09\/spot_weldable_strain_gauge_0_e2ba64f454ea11a5628335214a0ab.png\" class=\"\" alt=\"Punktschweissbare Schwingsaiten-Dehungsaufnehmer\" srcset=\"https:\/\/sisgeo.com\/wp-content\/uploads\/2023\/09\/spot_weldable_strain_gauge_0_e2ba64f454ea11a5628335214a0ab.png 960w, https:\/\/sisgeo.com\/wp-content\/uploads\/2023\/09\/spot_weldable_strain_gauge_0_e2ba64f454ea11a5628335214a0ab-300x169.png 300w, https:\/\/sisgeo.com\/wp-content\/uploads\/2023\/09\/spot_weldable_strain_gauge_0_e2ba64f454ea11a5628335214a0ab-768x432.png 768w\" sizes=\"(max-width: 960px) 100vw, 960px\" \/><\/figure><\/a><\/div><div class=\"dce-item dce-item_title elementor-repeater-item-b433209\"><h5 class=\"dce-post-title\"><a href=\"https:\/\/sisgeo.com\/de\/produkte\/dehnungsaufnehmer\/punktschweissbare-schwingsaiten-dehungsaufnehmer\/\">Punktschweissbare Schwingsaiten-Dehungsaufnehmer<\/a><\/h5><\/div><div class=\"dce-item dce-item_readmore elementor-repeater-item-ef0e5ce\">\t\t<div class=\"dce-post-button\">\n\t\t\t<a href=\"https:\/\/sisgeo.com\/de\/produkte\/dehnungsaufnehmer\/punktschweissbare-schwingsaiten-dehungsaufnehmer\/\" class=\"elementor-button-link elementor-button dce-button elementor-size-sm\" role=\"button\" >\n\t\t\t<div class=\"align-middle\"><span>Mehr erfahren<\/span><img decoding=\"async\" src=\"https:\/\/sisgeo.com\/wp-content\/uploads\/2023\/05\/arrow_red.png\"><\/div>\t\t\t<\/a>\n\t\t<\/div>\n\t\t<\/div>\t\t\t<\/div>\n\t\t<\/article>\n\t\t\t\t\t<\/div>\n\t\t\t\t\t<\/div>\n\t\t\t\t\t\t<\/div>\n\t\t\t\t<\/div>\n\t\t\t\t\t<\/div>\n\t\t\t\t<\/div>\n\t\t\t\t<\/div>\n\t\t","protected":false},"excerpt":{"rendered":"<p>Schwingsaitendehnungsaufnehmer werden in der Bau- und Geomesstechnik eingesetzt um die Dehnungen und Deformationen verschiedener Bauteile einer Struktur zu messen. Vibrierende Dehnungsmessstreifen bieten mehrere Vorteile, einer der wichtigsten ist ihre Langlebigkeit. Dank der Technologie des vibrierenden Drahtes sind VW-Dehnungsmessstreifen robust und langlebig, was sie f\u00fcr eine langfristige \u00dcberwachung geeignet macht. Die h\u00e4ufigsten Anwendungsbereiche von VW-Dehnungsmessstreifen sind [&hellip;]<\/p>\n","protected":false},"author":1,"featured_media":28247,"parent":20241,"menu_order":0,"comment_status":"closed","ping_status":"closed","template":"","meta":{"footnotes":""},"categories":[215],"tags":[],"class_list":["post-21043","page","type-page","status-publish","has-post-thumbnail","hentry","category-products-de-2"],"yoast_head":"<!-- This site is optimized with the Yoast SEO Premium plugin v27.2 (Yoast SEO v27.2) - https:\/\/yoast.com\/product\/yoast-seo-premium-wordpress\/ -->\n<title>Dehnungsaufnehmer - Sisgeo<\/title>\n<meta name=\"robots\" content=\"index, follow, max-snippet:-1, max-image-preview:large, max-video-preview:-1\" \/>\n<link rel=\"canonical\" href=\"https:\/\/sisgeo.com\/de\/produkte\/dehnungsaufnehmer\/\" \/>\n<meta property=\"og:locale\" content=\"de_DE\" \/>\n<meta property=\"og:type\" content=\"article\" \/>\n<meta property=\"og:title\" content=\"Dehnungsaufnehmer\" \/>\n<meta property=\"og:description\" content=\"Schwingsaitendehnungsaufnehmer werden in der Bau- und Geomesstechnik eingesetzt um die Dehnungen und Deformationen verschiedener Bauteile einer Struktur zu messen. Vibrierende Dehnungsmessstreifen bieten mehrere Vorteile, einer der wichtigsten ist ihre Langlebigkeit. Dank der Technologie des vibrierenden Drahtes sind VW-Dehnungsmessstreifen robust und langlebig, was sie f\u00fcr eine langfristige \u00dcberwachung geeignet macht. Die h\u00e4ufigsten Anwendungsbereiche von VW-Dehnungsmessstreifen sind [&hellip;]\" \/>\n<meta property=\"og:url\" content=\"https:\/\/sisgeo.com\/de\/produkte\/dehnungsaufnehmer\/\" \/>\n<meta property=\"og:site_name\" content=\"Sisgeo\" \/>\n<meta property=\"article:modified_time\" content=\"2025-02-27T08:27:53+00:00\" \/>\n<meta property=\"og:image\" content=\"https:\/\/sisgeo.com\/wp-content\/uploads\/2025\/02\/12_STRAIN-GAUGES.jpg\" \/>\n\t<meta property=\"og:image:width\" content=\"294\" \/>\n\t<meta property=\"og:image:height\" content=\"164\" \/>\n\t<meta property=\"og:image:type\" content=\"image\/jpeg\" \/>\n<meta name=\"twitter:card\" content=\"summary_large_image\" \/>\n<meta name=\"twitter:label1\" content=\"Gesch\u00e4tzte Lesezeit\" \/>\n\t<meta name=\"twitter:data1\" content=\"1\u00a0Minute\" \/>\n<script type=\"application\/ld+json\" class=\"yoast-schema-graph\">{\"@context\":\"https:\/\/schema.org\",\"@graph\":[{\"@type\":\"WebPage\",\"@id\":\"https:\/\/sisgeo.com\/de\/produkte\/dehnungsaufnehmer\/\",\"url\":\"https:\/\/sisgeo.com\/de\/produkte\/dehnungsaufnehmer\/\",\"name\":\"Dehnungsaufnehmer - Sisgeo\",\"isPartOf\":{\"@id\":\"https:\/\/sisgeo.com\/de\/#website\"},\"primaryImageOfPage\":{\"@id\":\"https:\/\/sisgeo.com\/de\/produkte\/dehnungsaufnehmer\/#primaryimage\"},\"image\":{\"@id\":\"https:\/\/sisgeo.com\/de\/produkte\/dehnungsaufnehmer\/#primaryimage\"},\"thumbnailUrl\":\"https:\/\/sisgeo.com\/wp-content\/uploads\/2025\/02\/12_STRAIN-GAUGES.jpg\",\"datePublished\":\"2023-07-27T08:39:49+00:00\",\"dateModified\":\"2025-02-27T08:27:53+00:00\",\"breadcrumb\":{\"@id\":\"https:\/\/sisgeo.com\/de\/produkte\/dehnungsaufnehmer\/#breadcrumb\"},\"inLanguage\":\"de\",\"potentialAction\":[{\"@type\":\"ReadAction\",\"target\":[\"https:\/\/sisgeo.com\/de\/produkte\/dehnungsaufnehmer\/\"]}]},{\"@type\":\"ImageObject\",\"inLanguage\":\"de\",\"@id\":\"https:\/\/sisgeo.com\/de\/produkte\/dehnungsaufnehmer\/#primaryimage\",\"url\":\"https:\/\/sisgeo.com\/wp-content\/uploads\/2025\/02\/12_STRAIN-GAUGES.jpg\",\"contentUrl\":\"https:\/\/sisgeo.com\/wp-content\/uploads\/2025\/02\/12_STRAIN-GAUGES.jpg\",\"width\":294,\"height\":164},{\"@type\":\"BreadcrumbList\",\"@id\":\"https:\/\/sisgeo.com\/de\/produkte\/dehnungsaufnehmer\/#breadcrumb\",\"itemListElement\":[{\"@type\":\"ListItem\",\"position\":1,\"name\":\"Home\",\"item\":\"https:\/\/sisgeo.com\/de\/geotechnische-und-strukturelle-instrumentierung-fuer-shm\/\"},{\"@type\":\"ListItem\",\"position\":2,\"name\":\"Produkte\",\"item\":\"https:\/\/sisgeo.com\/de\/produkte\/\"},{\"@type\":\"ListItem\",\"position\":3,\"name\":\"Dehnungsaufnehmer\"}]},{\"@type\":\"WebSite\",\"@id\":\"https:\/\/sisgeo.com\/de\/#website\",\"url\":\"https:\/\/sisgeo.com\/de\/\",\"name\":\"Sisgeo\",\"description\":\"Inclined to improvement\",\"publisher\":{\"@id\":\"https:\/\/sisgeo.com\/de\/#organization\"},\"potentialAction\":[{\"@type\":\"SearchAction\",\"target\":{\"@type\":\"EntryPoint\",\"urlTemplate\":\"https:\/\/sisgeo.com\/de\/?s={search_term_string}\"},\"query-input\":{\"@type\":\"PropertyValueSpecification\",\"valueRequired\":true,\"valueName\":\"search_term_string\"}}],\"inLanguage\":\"de\"},{\"@type\":\"Organization\",\"@id\":\"https:\/\/sisgeo.com\/de\/#organization\",\"name\":\"Sisgeo S.r.l.\",\"url\":\"https:\/\/sisgeo.com\/de\/\",\"logo\":{\"@type\":\"ImageObject\",\"inLanguage\":\"de\",\"@id\":\"https:\/\/sisgeo.com\/de\/#\/schema\/logo\/image\/\",\"url\":\"https:\/\/sisgeodev.pipehosting.it\/wp-content\/uploads\/2023\/06\/logo-RGB.png\",\"contentUrl\":\"https:\/\/sisgeodev.pipehosting.it\/wp-content\/uploads\/2023\/06\/logo-RGB.png\",\"width\":205,\"height\":97,\"caption\":\"Sisgeo S.r.l.\"},\"image\":{\"@id\":\"https:\/\/sisgeo.com\/de\/#\/schema\/logo\/image\/\"}}]}<\/script>\n<!-- \/ Yoast SEO Premium plugin. -->","yoast_head_json":{"title":"Dehnungsaufnehmer - Sisgeo","robots":{"index":"index","follow":"follow","max-snippet":"max-snippet:-1","max-image-preview":"max-image-preview:large","max-video-preview":"max-video-preview:-1"},"canonical":"https:\/\/sisgeo.com\/de\/produkte\/dehnungsaufnehmer\/","og_locale":"de_DE","og_type":"article","og_title":"Dehnungsaufnehmer","og_description":"Schwingsaitendehnungsaufnehmer werden in der Bau- und Geomesstechnik eingesetzt um die Dehnungen und Deformationen verschiedener Bauteile einer Struktur zu messen. Vibrierende Dehnungsmessstreifen bieten mehrere Vorteile, einer der wichtigsten ist ihre Langlebigkeit. Dank der Technologie des vibrierenden Drahtes sind VW-Dehnungsmessstreifen robust und langlebig, was sie f\u00fcr eine langfristige \u00dcberwachung geeignet macht. Die h\u00e4ufigsten Anwendungsbereiche von VW-Dehnungsmessstreifen sind [&hellip;]","og_url":"https:\/\/sisgeo.com\/de\/produkte\/dehnungsaufnehmer\/","og_site_name":"Sisgeo","article_modified_time":"2025-02-27T08:27:53+00:00","og_image":[{"width":294,"height":164,"url":"https:\/\/sisgeo.com\/wp-content\/uploads\/2025\/02\/12_STRAIN-GAUGES.jpg","type":"image\/jpeg"}],"twitter_card":"summary_large_image","twitter_misc":{"Gesch\u00e4tzte Lesezeit":"1\u00a0Minute"},"schema":{"@context":"https:\/\/schema.org","@graph":[{"@type":"WebPage","@id":"https:\/\/sisgeo.com\/de\/produkte\/dehnungsaufnehmer\/","url":"https:\/\/sisgeo.com\/de\/produkte\/dehnungsaufnehmer\/","name":"Dehnungsaufnehmer - Sisgeo","isPartOf":{"@id":"https:\/\/sisgeo.com\/de\/#website"},"primaryImageOfPage":{"@id":"https:\/\/sisgeo.com\/de\/produkte\/dehnungsaufnehmer\/#primaryimage"},"image":{"@id":"https:\/\/sisgeo.com\/de\/produkte\/dehnungsaufnehmer\/#primaryimage"},"thumbnailUrl":"https:\/\/sisgeo.com\/wp-content\/uploads\/2025\/02\/12_STRAIN-GAUGES.jpg","datePublished":"2023-07-27T08:39:49+00:00","dateModified":"2025-02-27T08:27:53+00:00","breadcrumb":{"@id":"https:\/\/sisgeo.com\/de\/produkte\/dehnungsaufnehmer\/#breadcrumb"},"inLanguage":"de","potentialAction":[{"@type":"ReadAction","target":["https:\/\/sisgeo.com\/de\/produkte\/dehnungsaufnehmer\/"]}]},{"@type":"ImageObject","inLanguage":"de","@id":"https:\/\/sisgeo.com\/de\/produkte\/dehnungsaufnehmer\/#primaryimage","url":"https:\/\/sisgeo.com\/wp-content\/uploads\/2025\/02\/12_STRAIN-GAUGES.jpg","contentUrl":"https:\/\/sisgeo.com\/wp-content\/uploads\/2025\/02\/12_STRAIN-GAUGES.jpg","width":294,"height":164},{"@type":"BreadcrumbList","@id":"https:\/\/sisgeo.com\/de\/produkte\/dehnungsaufnehmer\/#breadcrumb","itemListElement":[{"@type":"ListItem","position":1,"name":"Home","item":"https:\/\/sisgeo.com\/de\/geotechnische-und-strukturelle-instrumentierung-fuer-shm\/"},{"@type":"ListItem","position":2,"name":"Produkte","item":"https:\/\/sisgeo.com\/de\/produkte\/"},{"@type":"ListItem","position":3,"name":"Dehnungsaufnehmer"}]},{"@type":"WebSite","@id":"https:\/\/sisgeo.com\/de\/#website","url":"https:\/\/sisgeo.com\/de\/","name":"Sisgeo","description":"Inclined to improvement","publisher":{"@id":"https:\/\/sisgeo.com\/de\/#organization"},"potentialAction":[{"@type":"SearchAction","target":{"@type":"EntryPoint","urlTemplate":"https:\/\/sisgeo.com\/de\/?s={search_term_string}"},"query-input":{"@type":"PropertyValueSpecification","valueRequired":true,"valueName":"search_term_string"}}],"inLanguage":"de"},{"@type":"Organization","@id":"https:\/\/sisgeo.com\/de\/#organization","name":"Sisgeo S.r.l.","url":"https:\/\/sisgeo.com\/de\/","logo":{"@type":"ImageObject","inLanguage":"de","@id":"https:\/\/sisgeo.com\/de\/#\/schema\/logo\/image\/","url":"https:\/\/sisgeodev.pipehosting.it\/wp-content\/uploads\/2023\/06\/logo-RGB.png","contentUrl":"https:\/\/sisgeodev.pipehosting.it\/wp-content\/uploads\/2023\/06\/logo-RGB.png","width":205,"height":97,"caption":"Sisgeo S.r.l."},"image":{"@id":"https:\/\/sisgeo.com\/de\/#\/schema\/logo\/image\/"}}]}},"_links":{"self":[{"href":"https:\/\/sisgeo.com\/de\/wp-json\/wp\/v2\/pages\/21043","targetHints":{"allow":["GET"]}}],"collection":[{"href":"https:\/\/sisgeo.com\/de\/wp-json\/wp\/v2\/pages"}],"about":[{"href":"https:\/\/sisgeo.com\/de\/wp-json\/wp\/v2\/types\/page"}],"author":[{"embeddable":true,"href":"https:\/\/sisgeo.com\/de\/wp-json\/wp\/v2\/users\/1"}],"replies":[{"embeddable":true,"href":"https:\/\/sisgeo.com\/de\/wp-json\/wp\/v2\/comments?post=21043"}],"version-history":[{"count":4,"href":"https:\/\/sisgeo.com\/de\/wp-json\/wp\/v2\/pages\/21043\/revisions"}],"predecessor-version":[{"id":28270,"href":"https:\/\/sisgeo.com\/de\/wp-json\/wp\/v2\/pages\/21043\/revisions\/28270"}],"up":[{"embeddable":true,"href":"https:\/\/sisgeo.com\/de\/wp-json\/wp\/v2\/pages\/20241"}],"wp:featuredmedia":[{"embeddable":true,"href":"https:\/\/sisgeo.com\/de\/wp-json\/wp\/v2\/media\/28247"}],"wp:attachment":[{"href":"https:\/\/sisgeo.com\/de\/wp-json\/wp\/v2\/media?parent=21043"}],"wp:term":[{"taxonomy":"category","embeddable":true,"href":"https:\/\/sisgeo.com\/de\/wp-json\/wp\/v2\/categories?post=21043"},{"taxonomy":"post_tag","embeddable":true,"href":"https:\/\/sisgeo.com\/de\/wp-json\/wp\/v2\/tags?post=21043"}],"curies":[{"name":"wp","href":"https:\/\/api.w.org\/{rel}","templated":true}]}}