{"id":21045,"date":"2023-07-27T10:43:22","date_gmt":"2023-07-27T08:43:22","guid":{"rendered":"https:\/\/sisgeo.com\/produkte\/temperaturaufnehmer\/"},"modified":"2025-02-11T16:40:00","modified_gmt":"2025-02-11T15:40:00","slug":"temperaturaufnehmer","status":"publish","type":"page","link":"https:\/\/sisgeo.com\/de\/produkte\/temperaturaufnehmer\/","title":{"rendered":"Temperaturaufnehmer"},"content":{"rendered":"\t\t<div data-elementor-type=\"wp-page\" data-elementor-id=\"21045\" class=\"elementor elementor-21045 elementor-3936\" data-elementor-post-type=\"page\">\n\t\t\t\t<div class=\"elementor-element elementor-element-7a63a93 e-flex e-con-boxed e-con e-parent\" data-id=\"7a63a93\" data-element_type=\"container\" data-e-type=\"container\">\n\t\t\t\t\t<div class=\"e-con-inner\">\n\t\t\t\t<div class=\"elementor-element elementor-element-99defb4 elementor-widget elementor-widget-text-editor\" data-id=\"99defb4\" data-element_type=\"widget\" data-e-type=\"widget\" data-widget_type=\"text-editor.default\">\n\t\t\t\t<div class=\"elementor-widget-container\">\n\t\t\t\t\t\t\t\t\t<p>Temperatursensoren sind in der geotechnischen- und der Bauwerksmonitoring (SHM) aus mehreren Gr\u00fcnden wichtig:<\/p>\n<ul>\n<li>W\u00e4rmeausdehnung: Temperatur\u00e4nderungen f\u00fchren dazu, dass sich Materialien ausdehnen oder zusammenziehen. In Bauwerken und geotechnischen Systemen wie Br\u00fccken, D\u00e4mmen oder Tunneln k\u00f6nnen Temperaturschwankungen zu einer erheblichen Ausdehnung oder Kontraktion der verwendeten Materialien f\u00fchren. <\/li>\n<li>Materialeigenschaften: Die Temperatur beeinflusst die mechanischen Eigenschaften von Materialien. Beispielsweise k\u00f6nnen die Festigkeit und Steifigkeit von Beton, Stahl oder Boden mit der Temperatur variieren. <\/li>\n<li>Temperaturgradienten: Temperaturunterschiede innerhalb einer Struktur oder eines geotechnischen Systems k\u00f6nnen Temperaturgradienten erzeugen, die innere Spannungen induzieren k\u00f6nnen. Diese Spannungen k\u00f6nnen zu Verformungen, Rissen oder struktureller Instabilit\u00e4t f\u00fchren. <\/li>\n<\/ul>\n\t\t\t\t\t\t\t\t<\/div>\n\t\t\t\t<\/div>\n\t\t\t\t<div class=\"elementor-element elementor-element-8a09a03 elementor-widget elementor-widget-accordion\" data-id=\"8a09a03\" data-element_type=\"widget\" data-e-type=\"widget\" data-widget_type=\"accordion.default\">\n\t\t\t\t<div class=\"elementor-widget-container\">\n\t\t\t\t\t\t\t<div class=\"elementor-accordion\">\n\t\t\t\t\t\t\t<div class=\"elementor-accordion-item\">\n\t\t\t\t\t<div id=\"elementor-tab-title-1441\" class=\"elementor-tab-title\" data-tab=\"1\" role=\"button\" aria-controls=\"elementor-tab-content-1441\" aria-expanded=\"false\">\n\t\t\t\t\t\t\t\t\t\t\t\t\t<span class=\"elementor-accordion-icon elementor-accordion-icon-right\" aria-hidden=\"true\">\n\t\t\t\t\t\t\t\t\t\t\t\t\t\t\t<span class=\"elementor-accordion-icon-closed\"><svg xmlns=\"http:\/\/www.w3.org\/2000\/svg\" width=\"29\" height=\"16\" viewBox=\"0 0 29 16\" fill=\"none\"><path fill-rule=\"evenodd\" clip-rule=\"evenodd\" d=\"M27.25 0L14.375 13.038L1.5 0L0 1.5L14.4 15.9L28.749 1.5L27.25 0Z\" fill=\"#E4002B\"><\/path><\/svg><\/span>\n\t\t\t\t\t\t\t\t<span class=\"elementor-accordion-icon-opened\"><svg xmlns=\"http:\/\/www.w3.org\/2000\/svg\" width=\"29\" height=\"14\" viewBox=\"0 0 29 14\" fill=\"none\"><path fill-rule=\"evenodd\" clip-rule=\"evenodd\" d=\"M1.49902 13.1885L14.374 2.61651L27.249 13.1885L28.749 11.9722L14.349 0.295833L2.28882e-05 11.9722L1.49902 13.1885Z\" fill=\"#E4002B\"><\/path><\/svg><\/span>\n\t\t\t\t\t\t\t\t\t\t\t\t\t\t<\/span>\n\t\t\t\t\t\t\t\t\t\t\t\t<a class=\"elementor-accordion-title\" tabindex=\"0\">Mehr zum Thema<\/a>\n\t\t\t\t\t<\/div>\n\t\t\t\t\t<div id=\"elementor-tab-content-1441\" class=\"elementor-tab-content elementor-clearfix\" data-tab=\"1\" role=\"region\" aria-labelledby=\"elementor-tab-title-1441\"><p>Temperatursensoren sind in einer robusten, wasserdichten H\u00fclse untergebracht, um direkt in Beton oder unter rauen Umgebungsbedingungen installiert zu werden. Je nach Anforderung stehen verschiedene Messtechnologien zur Auswahl: Platin-Widerst\u00e4nde (PT-100) oder Thermistorsensoren (NTC). Die PT-Technologie wird empfohlen, wenn eine hohe Genauigkeit erforderlich ist, w\u00e4hrend Thermistoren die Kompromissl\u00f6sung zwischen Kosten und Leistung darstellen.  <\/p>\n<p>Temperaturketten mit bis zu 16 Messpunkten sind f\u00fcr die \u00dcberwachung von Temperaturprofilen von Bohrl\u00f6chern (z. B. bei Vereisungsprojekten), die \u00dcberwachung der Abbindetemperatur gro\u00dfer Betonmassen, die \u00dcberwachung von Permafrost in Erdrutschen und andere Anwendungen erh\u00e4ltlich.<\/p>\n<\/div>\n\t\t\t\t<\/div>\n\t\t\t\t\t\t\t\t<\/div>\n\t\t\t\t\t\t<\/div>\n\t\t\t\t<\/div>\n\t\t\t\t<div class=\"elementor-element elementor-element-58a3ecd dce-posts-layout-default dce-col-4 dce-col-tablet-3 dce-col-mobile-1 dce-align-left elementor-widget elementor-widget-dce-dynamicposts-v2\" data-id=\"58a3ecd\" data-element_type=\"widget\" data-e-type=\"widget\" data-settings=\"{&quot;style_items&quot;:&quot;default&quot;,&quot;grid_grid_type&quot;:&quot;flex&quot;}\" data-widget_type=\"dce-dynamicposts-v2.grid\">\n\t\t\t\t<div class=\"elementor-widget-container\">\n\t\t\t\t\t\n\t\t<div class=\"dce-fix-background-loop dce-posts-container dce-posts dce-dynamic-posts-collection  dce-skin-grid dce-skin-grid-flex\">\n\t\t\t\t\t\t<div class=\"dce-posts-wrapper dce-wrapper-grid\">\n\t\t\t\n\t\t<article class=\"post-20918 page type-page status-publish has-post-thumbnail hentry category-temperaturaufnehmer category-thermometer-und-temperatur-messketten dce-post dce-post-item dce-item-grid\" data-dce-post-id=\"20918\" data-dce-post-index=\"0\">\n\t\t\t<div class=\"dce-post-block elementor-animation-grow\">\n\t\t<div class=\"dce-item dce-item_image elementor-repeater-item-9ee1dae\"><a class=\"dce-post-image\" href=\"https:\/\/sisgeo.com\/de\/produkte\/temperaturaufnehmer\/thermometer-und-temperatur-messketten\/\"><figure  class=\"dce-img\"><img fetchpriority=\"high\" decoding=\"async\" width=\"960\" height=\"540\" src=\"https:\/\/sisgeo.com\/wp-content\/uploads\/2023\/09\/thermometers_and_temperature_strings_sisgeo_0_a58d1a41d.png\" class=\"\" alt=\"Thermometer und Temperatur-Messketten\" srcset=\"https:\/\/sisgeo.com\/wp-content\/uploads\/2023\/09\/thermometers_and_temperature_strings_sisgeo_0_a58d1a41d.png 960w, https:\/\/sisgeo.com\/wp-content\/uploads\/2023\/09\/thermometers_and_temperature_strings_sisgeo_0_a58d1a41d-300x169.png 300w, https:\/\/sisgeo.com\/wp-content\/uploads\/2023\/09\/thermometers_and_temperature_strings_sisgeo_0_a58d1a41d-768x432.png 768w\" sizes=\"(max-width: 960px) 100vw, 960px\" \/><\/figure><\/a><\/div><div class=\"dce-item dce-item_title elementor-repeater-item-b433209\"><h5 class=\"dce-post-title\"><a href=\"https:\/\/sisgeo.com\/de\/produkte\/temperaturaufnehmer\/thermometer-und-temperatur-messketten\/\">Thermometer und Temperatur-Messketten<\/a><\/h5><\/div><div class=\"dce-item dce-item_readmore elementor-repeater-item-ef0e5ce\">\t\t<div class=\"dce-post-button\">\n\t\t\t<a href=\"https:\/\/sisgeo.com\/de\/produkte\/temperaturaufnehmer\/thermometer-und-temperatur-messketten\/\" class=\"elementor-button-link elementor-button dce-button elementor-size-sm\" role=\"button\" >\n\t\t\t<div class=\"align-middle\"><span>Mehr erfahren<\/span><img decoding=\"async\" src=\"https:\/\/sisgeo.com\/wp-content\/uploads\/2023\/05\/arrow_red.png\"><\/div>\t\t\t<\/a>\n\t\t<\/div>\n\t\t<\/div>\t\t\t<\/div>\n\t\t<\/article>\n\t\t\t\t\t<\/div>\n\t\t\t\t\t<\/div>\n\t\t\t\t\t\t<\/div>\n\t\t\t\t<\/div>\n\t\t\t\t\t<\/div>\n\t\t\t\t<\/div>\n\t\t\t\t<\/div>\n\t\t","protected":false},"excerpt":{"rendered":"<p>Temperatursensoren sind in der geotechnischen- und der Bauwerksmonitoring (SHM) aus mehreren Gr\u00fcnden wichtig: W\u00e4rmeausdehnung: Temperatur\u00e4nderungen f\u00fchren dazu, dass sich Materialien ausdehnen oder zusammenziehen. In Bauwerken und geotechnischen Systemen wie Br\u00fccken, D\u00e4mmen oder Tunneln k\u00f6nnen Temperaturschwankungen zu einer erheblichen Ausdehnung oder Kontraktion der verwendeten Materialien f\u00fchren. Materialeigenschaften: Die Temperatur beeinflusst die mechanischen Eigenschaften von Materialien. Beispielsweise [&hellip;]<\/p>\n","protected":false},"author":1,"featured_media":4039,"parent":20241,"menu_order":0,"comment_status":"closed","ping_status":"closed","template":"","meta":{"footnotes":""},"categories":[215],"tags":[],"class_list":["post-21045","page","type-page","status-publish","has-post-thumbnail","hentry","category-products-de-2"],"yoast_head":"<!-- This site is optimized with the Yoast SEO Premium plugin v27.2 (Yoast SEO v27.2) - https:\/\/yoast.com\/product\/yoast-seo-premium-wordpress\/ -->\n<title>Temperaturaufnehmer - Sisgeo<\/title>\n<meta name=\"robots\" content=\"index, follow, max-snippet:-1, max-image-preview:large, max-video-preview:-1\" \/>\n<link rel=\"canonical\" href=\"https:\/\/sisgeo.com\/de\/produkte\/temperaturaufnehmer\/\" \/>\n<meta property=\"og:locale\" content=\"de_DE\" \/>\n<meta property=\"og:type\" content=\"article\" \/>\n<meta property=\"og:title\" content=\"Temperaturaufnehmer\" \/>\n<meta property=\"og:description\" content=\"Temperatursensoren sind in der geotechnischen- und der Bauwerksmonitoring (SHM) aus mehreren Gr\u00fcnden wichtig: W\u00e4rmeausdehnung: Temperatur\u00e4nderungen f\u00fchren dazu, dass sich Materialien ausdehnen oder zusammenziehen. In Bauwerken und geotechnischen Systemen wie Br\u00fccken, D\u00e4mmen oder Tunneln k\u00f6nnen Temperaturschwankungen zu einer erheblichen Ausdehnung oder Kontraktion der verwendeten Materialien f\u00fchren. Materialeigenschaften: Die Temperatur beeinflusst die mechanischen Eigenschaften von Materialien. Beispielsweise [&hellip;]\" \/>\n<meta property=\"og:url\" content=\"https:\/\/sisgeo.com\/de\/produkte\/temperaturaufnehmer\/\" \/>\n<meta property=\"og:site_name\" content=\"Sisgeo\" \/>\n<meta property=\"article:modified_time\" content=\"2025-02-11T15:40:00+00:00\" \/>\n<meta property=\"og:image\" content=\"https:\/\/sisgeo.com\/wp-content\/uploads\/2023\/07\/13_TEMPERATURE.jpg\" \/>\n\t<meta property=\"og:image:width\" content=\"294\" \/>\n\t<meta property=\"og:image:height\" content=\"164\" \/>\n\t<meta property=\"og:image:type\" content=\"image\/jpeg\" \/>\n<meta name=\"twitter:card\" content=\"summary_large_image\" \/>\n<meta name=\"twitter:label1\" content=\"Gesch\u00e4tzte Lesezeit\" \/>\n\t<meta name=\"twitter:data1\" content=\"1\u00a0Minute\" \/>\n<script type=\"application\/ld+json\" class=\"yoast-schema-graph\">{\"@context\":\"https:\/\/schema.org\",\"@graph\":[{\"@type\":\"WebPage\",\"@id\":\"https:\/\/sisgeo.com\/de\/produkte\/temperaturaufnehmer\/\",\"url\":\"https:\/\/sisgeo.com\/de\/produkte\/temperaturaufnehmer\/\",\"name\":\"Temperaturaufnehmer - Sisgeo\",\"isPartOf\":{\"@id\":\"https:\/\/sisgeo.com\/de\/#website\"},\"primaryImageOfPage\":{\"@id\":\"https:\/\/sisgeo.com\/de\/produkte\/temperaturaufnehmer\/#primaryimage\"},\"image\":{\"@id\":\"https:\/\/sisgeo.com\/de\/produkte\/temperaturaufnehmer\/#primaryimage\"},\"thumbnailUrl\":\"https:\/\/sisgeo.com\/wp-content\/uploads\/2023\/07\/13_TEMPERATURE.jpg\",\"datePublished\":\"2023-07-27T08:43:22+00:00\",\"dateModified\":\"2025-02-11T15:40:00+00:00\",\"breadcrumb\":{\"@id\":\"https:\/\/sisgeo.com\/de\/produkte\/temperaturaufnehmer\/#breadcrumb\"},\"inLanguage\":\"de\",\"potentialAction\":[{\"@type\":\"ReadAction\",\"target\":[\"https:\/\/sisgeo.com\/de\/produkte\/temperaturaufnehmer\/\"]}]},{\"@type\":\"ImageObject\",\"inLanguage\":\"de\",\"@id\":\"https:\/\/sisgeo.com\/de\/produkte\/temperaturaufnehmer\/#primaryimage\",\"url\":\"https:\/\/sisgeo.com\/wp-content\/uploads\/2023\/07\/13_TEMPERATURE.jpg\",\"contentUrl\":\"https:\/\/sisgeo.com\/wp-content\/uploads\/2023\/07\/13_TEMPERATURE.jpg\",\"width\":294,\"height\":164},{\"@type\":\"BreadcrumbList\",\"@id\":\"https:\/\/sisgeo.com\/de\/produkte\/temperaturaufnehmer\/#breadcrumb\",\"itemListElement\":[{\"@type\":\"ListItem\",\"position\":1,\"name\":\"Home\",\"item\":\"https:\/\/sisgeo.com\/de\/geotechnische-und-strukturelle-instrumentierung-fuer-shm\/\"},{\"@type\":\"ListItem\",\"position\":2,\"name\":\"Produkte\",\"item\":\"https:\/\/sisgeo.com\/de\/produkte\/\"},{\"@type\":\"ListItem\",\"position\":3,\"name\":\"Temperaturaufnehmer\"}]},{\"@type\":\"WebSite\",\"@id\":\"https:\/\/sisgeo.com\/de\/#website\",\"url\":\"https:\/\/sisgeo.com\/de\/\",\"name\":\"Sisgeo\",\"description\":\"Inclined to improvement\",\"publisher\":{\"@id\":\"https:\/\/sisgeo.com\/de\/#organization\"},\"potentialAction\":[{\"@type\":\"SearchAction\",\"target\":{\"@type\":\"EntryPoint\",\"urlTemplate\":\"https:\/\/sisgeo.com\/de\/?s={search_term_string}\"},\"query-input\":{\"@type\":\"PropertyValueSpecification\",\"valueRequired\":true,\"valueName\":\"search_term_string\"}}],\"inLanguage\":\"de\"},{\"@type\":\"Organization\",\"@id\":\"https:\/\/sisgeo.com\/de\/#organization\",\"name\":\"Sisgeo S.r.l.\",\"url\":\"https:\/\/sisgeo.com\/de\/\",\"logo\":{\"@type\":\"ImageObject\",\"inLanguage\":\"de\",\"@id\":\"https:\/\/sisgeo.com\/de\/#\/schema\/logo\/image\/\",\"url\":\"https:\/\/sisgeodev.pipehosting.it\/wp-content\/uploads\/2023\/06\/logo-RGB.png\",\"contentUrl\":\"https:\/\/sisgeodev.pipehosting.it\/wp-content\/uploads\/2023\/06\/logo-RGB.png\",\"width\":205,\"height\":97,\"caption\":\"Sisgeo S.r.l.\"},\"image\":{\"@id\":\"https:\/\/sisgeo.com\/de\/#\/schema\/logo\/image\/\"}}]}<\/script>\n<!-- \/ Yoast SEO Premium plugin. -->","yoast_head_json":{"title":"Temperaturaufnehmer - Sisgeo","robots":{"index":"index","follow":"follow","max-snippet":"max-snippet:-1","max-image-preview":"max-image-preview:large","max-video-preview":"max-video-preview:-1"},"canonical":"https:\/\/sisgeo.com\/de\/produkte\/temperaturaufnehmer\/","og_locale":"de_DE","og_type":"article","og_title":"Temperaturaufnehmer","og_description":"Temperatursensoren sind in der geotechnischen- und der Bauwerksmonitoring (SHM) aus mehreren Gr\u00fcnden wichtig: W\u00e4rmeausdehnung: Temperatur\u00e4nderungen f\u00fchren dazu, dass sich Materialien ausdehnen oder zusammenziehen. In Bauwerken und geotechnischen Systemen wie Br\u00fccken, D\u00e4mmen oder Tunneln k\u00f6nnen Temperaturschwankungen zu einer erheblichen Ausdehnung oder Kontraktion der verwendeten Materialien f\u00fchren. Materialeigenschaften: Die Temperatur beeinflusst die mechanischen Eigenschaften von Materialien. Beispielsweise [&hellip;]","og_url":"https:\/\/sisgeo.com\/de\/produkte\/temperaturaufnehmer\/","og_site_name":"Sisgeo","article_modified_time":"2025-02-11T15:40:00+00:00","og_image":[{"width":294,"height":164,"url":"https:\/\/sisgeo.com\/wp-content\/uploads\/2023\/07\/13_TEMPERATURE.jpg","type":"image\/jpeg"}],"twitter_card":"summary_large_image","twitter_misc":{"Gesch\u00e4tzte Lesezeit":"1\u00a0Minute"},"schema":{"@context":"https:\/\/schema.org","@graph":[{"@type":"WebPage","@id":"https:\/\/sisgeo.com\/de\/produkte\/temperaturaufnehmer\/","url":"https:\/\/sisgeo.com\/de\/produkte\/temperaturaufnehmer\/","name":"Temperaturaufnehmer - Sisgeo","isPartOf":{"@id":"https:\/\/sisgeo.com\/de\/#website"},"primaryImageOfPage":{"@id":"https:\/\/sisgeo.com\/de\/produkte\/temperaturaufnehmer\/#primaryimage"},"image":{"@id":"https:\/\/sisgeo.com\/de\/produkte\/temperaturaufnehmer\/#primaryimage"},"thumbnailUrl":"https:\/\/sisgeo.com\/wp-content\/uploads\/2023\/07\/13_TEMPERATURE.jpg","datePublished":"2023-07-27T08:43:22+00:00","dateModified":"2025-02-11T15:40:00+00:00","breadcrumb":{"@id":"https:\/\/sisgeo.com\/de\/produkte\/temperaturaufnehmer\/#breadcrumb"},"inLanguage":"de","potentialAction":[{"@type":"ReadAction","target":["https:\/\/sisgeo.com\/de\/produkte\/temperaturaufnehmer\/"]}]},{"@type":"ImageObject","inLanguage":"de","@id":"https:\/\/sisgeo.com\/de\/produkte\/temperaturaufnehmer\/#primaryimage","url":"https:\/\/sisgeo.com\/wp-content\/uploads\/2023\/07\/13_TEMPERATURE.jpg","contentUrl":"https:\/\/sisgeo.com\/wp-content\/uploads\/2023\/07\/13_TEMPERATURE.jpg","width":294,"height":164},{"@type":"BreadcrumbList","@id":"https:\/\/sisgeo.com\/de\/produkte\/temperaturaufnehmer\/#breadcrumb","itemListElement":[{"@type":"ListItem","position":1,"name":"Home","item":"https:\/\/sisgeo.com\/de\/geotechnische-und-strukturelle-instrumentierung-fuer-shm\/"},{"@type":"ListItem","position":2,"name":"Produkte","item":"https:\/\/sisgeo.com\/de\/produkte\/"},{"@type":"ListItem","position":3,"name":"Temperaturaufnehmer"}]},{"@type":"WebSite","@id":"https:\/\/sisgeo.com\/de\/#website","url":"https:\/\/sisgeo.com\/de\/","name":"Sisgeo","description":"Inclined to improvement","publisher":{"@id":"https:\/\/sisgeo.com\/de\/#organization"},"potentialAction":[{"@type":"SearchAction","target":{"@type":"EntryPoint","urlTemplate":"https:\/\/sisgeo.com\/de\/?s={search_term_string}"},"query-input":{"@type":"PropertyValueSpecification","valueRequired":true,"valueName":"search_term_string"}}],"inLanguage":"de"},{"@type":"Organization","@id":"https:\/\/sisgeo.com\/de\/#organization","name":"Sisgeo S.r.l.","url":"https:\/\/sisgeo.com\/de\/","logo":{"@type":"ImageObject","inLanguage":"de","@id":"https:\/\/sisgeo.com\/de\/#\/schema\/logo\/image\/","url":"https:\/\/sisgeodev.pipehosting.it\/wp-content\/uploads\/2023\/06\/logo-RGB.png","contentUrl":"https:\/\/sisgeodev.pipehosting.it\/wp-content\/uploads\/2023\/06\/logo-RGB.png","width":205,"height":97,"caption":"Sisgeo S.r.l."},"image":{"@id":"https:\/\/sisgeo.com\/de\/#\/schema\/logo\/image\/"}}]}},"_links":{"self":[{"href":"https:\/\/sisgeo.com\/de\/wp-json\/wp\/v2\/pages\/21045","targetHints":{"allow":["GET"]}}],"collection":[{"href":"https:\/\/sisgeo.com\/de\/wp-json\/wp\/v2\/pages"}],"about":[{"href":"https:\/\/sisgeo.com\/de\/wp-json\/wp\/v2\/types\/page"}],"author":[{"embeddable":true,"href":"https:\/\/sisgeo.com\/de\/wp-json\/wp\/v2\/users\/1"}],"replies":[{"embeddable":true,"href":"https:\/\/sisgeo.com\/de\/wp-json\/wp\/v2\/comments?post=21045"}],"version-history":[{"count":3,"href":"https:\/\/sisgeo.com\/de\/wp-json\/wp\/v2\/pages\/21045\/revisions"}],"predecessor-version":[{"id":28130,"href":"https:\/\/sisgeo.com\/de\/wp-json\/wp\/v2\/pages\/21045\/revisions\/28130"}],"up":[{"embeddable":true,"href":"https:\/\/sisgeo.com\/de\/wp-json\/wp\/v2\/pages\/20241"}],"wp:featuredmedia":[{"embeddable":true,"href":"https:\/\/sisgeo.com\/de\/wp-json\/wp\/v2\/media\/4039"}],"wp:attachment":[{"href":"https:\/\/sisgeo.com\/de\/wp-json\/wp\/v2\/media?parent=21045"}],"wp:term":[{"taxonomy":"category","embeddable":true,"href":"https:\/\/sisgeo.com\/de\/wp-json\/wp\/v2\/categories?post=21045"},{"taxonomy":"post_tag","embeddable":true,"href":"https:\/\/sisgeo.com\/de\/wp-json\/wp\/v2\/tags?post=21045"}],"curies":[{"name":"wp","href":"https:\/\/api.w.org\/{rel}","templated":true}]}}