{"id":21047,"date":"2023-07-27T10:25:55","date_gmt":"2023-07-27T08:25:55","guid":{"rendered":"https:\/\/sisgeo.com\/produkte\/kraftmessdosen\/"},"modified":"2025-02-11T15:41:35","modified_gmt":"2025-02-11T14:41:35","slug":"kraftmessdosen","status":"publish","type":"page","link":"https:\/\/sisgeo.com\/de\/produkte\/kraftmessdosen\/","title":{"rendered":"Kraftmessdosen"},"content":{"rendered":"\t\t<div data-elementor-type=\"wp-page\" data-elementor-id=\"21047\" class=\"elementor elementor-21047 elementor-3911\" data-elementor-post-type=\"page\">\n\t\t\t\t<div class=\"elementor-element elementor-element-7a63a93 e-flex e-con-boxed e-con e-parent\" data-id=\"7a63a93\" data-element_type=\"container\" data-e-type=\"container\">\n\t\t\t\t\t<div class=\"e-con-inner\">\n\t\t\t\t<div class=\"elementor-element elementor-element-99defb4 elementor-widget elementor-widget-text-editor\" data-id=\"99defb4\" data-element_type=\"widget\" data-e-type=\"widget\" data-widget_type=\"text-editor.default\">\n\t\t\t\t<div class=\"elementor-widget-container\">\n\t\t\t\t\t\t\t\t\t<p>Kraftmessdosen sind ein wichtiges Werkzeug um den Zustand, die Standsicherheit und die Zuverl\u00e4ssigkeit von Infrastrukturobjekten, Geb\u00e4uden oder sonstigen geotechnischen Beobachtungspunkten durch die Messung der Kr\u00e4fte zu beurteilen.<\/p>\n<p>Kraftgeber werden z.B. f\u00fcr die Messung von Kr\u00e4ften auf Ankern, zur Messung der Last auf Steifen, Sprie\u00dfen oder Pf\u00e4hlen, sowie zum Monitoring von Kr\u00e4ften im Stahlsegmentausbau in Tunneln verwendet. Weiterhin k\u00f6nnen die Kraftmessgeber auch bei Spundw\u00e4nden, tiefen Aush\u00fcben, D\u00e4mmen, Gr\u00fcndungen, Br\u00fcckenpfeilern und Widerlagern eingesetzt werden. <\/p>\n<p>Kraftmessdosen geben den Gutachtern und Ingenieuren wichtige Messdaten f\u00fcr die Materialoptimierung, die Wartung von Objekten, sowie f\u00fcr Structural Health Monitoring.<\/p>\n\t\t\t\t\t\t\t\t<\/div>\n\t\t\t\t<\/div>\n\t\t\t\t<div class=\"elementor-element elementor-element-8a09a03 elementor-widget elementor-widget-accordion\" data-id=\"8a09a03\" data-element_type=\"widget\" data-e-type=\"widget\" data-widget_type=\"accordion.default\">\n\t\t\t\t<div class=\"elementor-widget-container\">\n\t\t\t\t\t\t\t<div class=\"elementor-accordion\">\n\t\t\t\t\t\t\t<div class=\"elementor-accordion-item\">\n\t\t\t\t\t<div id=\"elementor-tab-title-1441\" class=\"elementor-tab-title\" data-tab=\"1\" role=\"button\" aria-controls=\"elementor-tab-content-1441\" aria-expanded=\"false\">\n\t\t\t\t\t\t\t\t\t\t\t\t\t<span class=\"elementor-accordion-icon elementor-accordion-icon-right\" aria-hidden=\"true\">\n\t\t\t\t\t\t\t\t\t\t\t\t\t\t\t<span class=\"elementor-accordion-icon-closed\"><svg xmlns=\"http:\/\/www.w3.org\/2000\/svg\" width=\"29\" height=\"16\" viewBox=\"0 0 29 16\" fill=\"none\"><path fill-rule=\"evenodd\" clip-rule=\"evenodd\" d=\"M27.25 0L14.375 13.038L1.5 0L0 1.5L14.4 15.9L28.749 1.5L27.25 0Z\" fill=\"#E4002B\"><\/path><\/svg><\/span>\n\t\t\t\t\t\t\t\t<span class=\"elementor-accordion-icon-opened\"><svg xmlns=\"http:\/\/www.w3.org\/2000\/svg\" width=\"29\" height=\"14\" viewBox=\"0 0 29 14\" fill=\"none\"><path fill-rule=\"evenodd\" clip-rule=\"evenodd\" d=\"M1.49902 13.1885L14.374 2.61651L27.249 13.1885L28.749 11.9722L14.349 0.295833L2.28882e-05 11.9722L1.49902 13.1885Z\" fill=\"#E4002B\"><\/path><\/svg><\/span>\n\t\t\t\t\t\t\t\t\t\t\t\t\t\t<\/span>\n\t\t\t\t\t\t\t\t\t\t\t\t<a class=\"elementor-accordion-title\" tabindex=\"0\">Mehr zum Thema<\/a>\n\t\t\t\t\t<\/div>\n\t\t\t\t\t<div id=\"elementor-tab-content-1441\" class=\"elementor-tab-content elementor-clearfix\" data-tab=\"1\" role=\"region\" aria-labelledby=\"elementor-tab-title-1441\"><p><strong>Hydraulische Ankerkraftgeber<\/strong> sind ringf\u00f6rmige Messgeber, die mit entgastem \u00d6l gef\u00fcllt sind und mit einem direkt anzeigenden Manometer verbunden sind, das die aktuell anliegende Kraft anzeigt.<\/p>\n<p><strong>Elektrische Ankerkraftgeber<\/strong> bestehen aus einem kreisf\u00f6rmigen Edelstahlk\u00f6rper, der mit elektrischen Dehnmessstreifen in Wheatstone Br\u00fcckenschaltung gemessen wird, was den Kraftgeber sehr fehlertolerant in Bezug auf ungleichm\u00e4\u00dfige Belastungen macht.<\/p>\n<p>F\u00fcr beide Typen, die hydraulischen und die elektrischen Ankerkraftgeber werden sehr biegesteife Lastverteilplatten angeboten, die die \u00fcbertragenen Kr\u00e4fte gleichm\u00e4\u00dfig auf den Kraftgebern verteilen. Die Ankerkraftgeber gibt es in verschiedenen Gr\u00f6\u00dfen und Messbereichen, je nach Kundenwunsch. <\/p>\n<p><strong>Kraftmessdosen f\u00fcr den Stahlsegmentausbau<\/strong> in Tunneln (auch Gleitbogenausbau) haben ein spezielles Design, damit sie unter den Segmenten platziert werden k\u00f6nnen und damit die Kraft\u00fcbertragung \u00fcberwachen k\u00f6nnen. Diese Kraftmessdose ist ein rundes Kraftmesskissen mit einer entgasten \u00d6lf\u00fcllung an der ein elektrischer Druckgeber angeschlossen ist. Als Zubeh\u00f6r gibt es spezielle Kugelplatten (Kugelkalotte) f\u00fcr Einbauten zwischen nicht parallelen Oberfl\u00e4chen.  <\/p>\n<p><strong>Resistive Kraftmessdosen<\/strong> sind sehr Widerstandsf\u00e4hig und auf eine hohe Langzeitstabilit\u00e4t ausgelegt. Sie werden f\u00fcr Pfahllastversuche oder andere Projekte mit einem sehr gro\u00dfen Messbereich eingesetzt. <\/p>\n<\/div>\n\t\t\t\t<\/div>\n\t\t\t\t\t\t\t\t<\/div>\n\t\t\t\t\t\t<\/div>\n\t\t\t\t<\/div>\n\t\t\t\t<div class=\"elementor-element elementor-element-58a3ecd dce-posts-layout-default dce-col-4 dce-col-tablet-3 dce-col-mobile-1 dce-align-left elementor-widget elementor-widget-dce-dynamicposts-v2\" data-id=\"58a3ecd\" data-element_type=\"widget\" data-e-type=\"widget\" data-settings=\"{&quot;style_items&quot;:&quot;default&quot;,&quot;grid_grid_type&quot;:&quot;flex&quot;}\" data-widget_type=\"dce-dynamicposts-v2.grid\">\n\t\t\t\t<div class=\"elementor-widget-container\">\n\t\t\t\t\t\n\t\t<div class=\"dce-fix-background-loop dce-posts-container dce-posts dce-dynamic-posts-collection  dce-skin-grid dce-skin-grid-flex\">\n\t\t\t\t\t\t<div class=\"dce-posts-wrapper dce-wrapper-grid\">\n\t\t\t\n\t\t<article class=\"post-20588 page type-page status-publish has-post-thumbnail hentry category-elektrische-ankerkraftmessdosen category-kraftmessdosen dce-post dce-post-item dce-item-grid\" data-dce-post-id=\"20588\" data-dce-post-index=\"0\">\n\t\t\t<div class=\"dce-post-block elementor-animation-grow\">\n\t\t<div class=\"dce-item dce-item_image elementor-repeater-item-9ee1dae\"><a class=\"dce-post-image\" href=\"https:\/\/sisgeo.com\/de\/produkte\/kraftmessdosen\/electric-anchor-load-cells\/\"><figure  class=\"dce-img\"><img fetchpriority=\"high\" decoding=\"async\" width=\"960\" height=\"540\" src=\"https:\/\/sisgeo.com\/wp-content\/uploads\/2023\/09\/eletric_anchor_load_cell_0_sisgeo_8baf8b38bf759.png\" class=\"\" alt=\"Elektrische Ankerkraftmessdosen\" srcset=\"https:\/\/sisgeo.com\/wp-content\/uploads\/2023\/09\/eletric_anchor_load_cell_0_sisgeo_8baf8b38bf759.png 960w, https:\/\/sisgeo.com\/wp-content\/uploads\/2023\/09\/eletric_anchor_load_cell_0_sisgeo_8baf8b38bf759-300x169.png 300w, https:\/\/sisgeo.com\/wp-content\/uploads\/2023\/09\/eletric_anchor_load_cell_0_sisgeo_8baf8b38bf759-768x432.png 768w\" sizes=\"(max-width: 960px) 100vw, 960px\" \/><\/figure><\/a><\/div><div class=\"dce-item dce-item_title elementor-repeater-item-b433209\"><h5 class=\"dce-post-title\"><a href=\"https:\/\/sisgeo.com\/de\/produkte\/kraftmessdosen\/electric-anchor-load-cells\/\">Elektrische Ankerkraftmessdosen<\/a><\/h5><\/div><div class=\"dce-item dce-item_readmore elementor-repeater-item-ef0e5ce\">\t\t<div class=\"dce-post-button\">\n\t\t\t<a href=\"https:\/\/sisgeo.com\/de\/produkte\/kraftmessdosen\/electric-anchor-load-cells\/\" class=\"elementor-button-link elementor-button dce-button elementor-size-sm\" role=\"button\" >\n\t\t\t<div class=\"align-middle\"><span>Mehr erfahren<\/span><img decoding=\"async\" src=\"https:\/\/sisgeo.com\/wp-content\/uploads\/2023\/05\/arrow_red.png\"><\/div>\t\t\t<\/a>\n\t\t<\/div>\n\t\t<\/div>\t\t\t<\/div>\n\t\t<\/article>\n\t\t\n\t\t<article class=\"post-20603 page type-page status-publish has-post-thumbnail hentry category-hydraulische-ankerkraftmessdosen category-kraftmessdosen dce-post dce-post-item dce-item-grid\" data-dce-post-id=\"20603\" data-dce-post-index=\"1\">\n\t\t\t<div class=\"dce-post-block elementor-animation-grow\">\n\t\t<div class=\"dce-item dce-item_image elementor-repeater-item-9ee1dae\"><a class=\"dce-post-image\" href=\"https:\/\/sisgeo.com\/de\/produkte\/kraftmessdosen\/hydraulische-ankerkraftmessdosen\/\"><figure  class=\"dce-img\"><img decoding=\"async\" width=\"960\" height=\"540\" src=\"https:\/\/sisgeo.com\/wp-content\/uploads\/2023\/09\/hydraulic_anchor_load_cell_0_sisgeo_2672b744530adb3c45.png\" class=\"\" alt=\"Hydraulische Ankerkraftmessdosen\" srcset=\"https:\/\/sisgeo.com\/wp-content\/uploads\/2023\/09\/hydraulic_anchor_load_cell_0_sisgeo_2672b744530adb3c45.png 960w, https:\/\/sisgeo.com\/wp-content\/uploads\/2023\/09\/hydraulic_anchor_load_cell_0_sisgeo_2672b744530adb3c45-300x169.png 300w, https:\/\/sisgeo.com\/wp-content\/uploads\/2023\/09\/hydraulic_anchor_load_cell_0_sisgeo_2672b744530adb3c45-768x432.png 768w\" sizes=\"(max-width: 960px) 100vw, 960px\" \/><\/figure><\/a><\/div><div class=\"dce-item dce-item_title elementor-repeater-item-b433209\"><h5 class=\"dce-post-title\"><a href=\"https:\/\/sisgeo.com\/de\/produkte\/kraftmessdosen\/hydraulische-ankerkraftmessdosen\/\">Hydraulische Ankerkraftmessdosen<\/a><\/h5><\/div><div class=\"dce-item dce-item_readmore elementor-repeater-item-ef0e5ce\">\t\t<div class=\"dce-post-button\">\n\t\t\t<a href=\"https:\/\/sisgeo.com\/de\/produkte\/kraftmessdosen\/hydraulische-ankerkraftmessdosen\/\" class=\"elementor-button-link elementor-button dce-button elementor-size-sm\" role=\"button\" >\n\t\t\t<div class=\"align-middle\"><span>Mehr erfahren<\/span><img decoding=\"async\" src=\"https:\/\/sisgeo.com\/wp-content\/uploads\/2023\/05\/arrow_red.png\"><\/div>\t\t\t<\/a>\n\t\t<\/div>\n\t\t<\/div>\t\t\t<\/div>\n\t\t<\/article>\n\t\t\n\t\t<article class=\"post-20595 page type-page status-publish has-post-thumbnail hentry category-elektrische-kraftmessdosen category-kraftmessdosen dce-post dce-post-item dce-item-grid\" data-dce-post-id=\"20595\" data-dce-post-index=\"2\">\n\t\t\t<div class=\"dce-post-block elementor-animation-grow\">\n\t\t<div class=\"dce-item dce-item_image elementor-repeater-item-9ee1dae\"><a class=\"dce-post-image\" href=\"https:\/\/sisgeo.com\/de\/produkte\/kraftmessdosen\/elektrische-kraftmessdosen\/\"><figure  class=\"dce-img\"><img decoding=\"async\" width=\"960\" height=\"540\" src=\"https:\/\/sisgeo.com\/wp-content\/uploads\/2023\/09\/0_electro_hydraulic_load_cells_for_steel_linings_a.png\" class=\"\" alt=\"Elektrische Kraftmessdosen\" srcset=\"https:\/\/sisgeo.com\/wp-content\/uploads\/2023\/09\/0_electro_hydraulic_load_cells_for_steel_linings_a.png 960w, https:\/\/sisgeo.com\/wp-content\/uploads\/2023\/09\/0_electro_hydraulic_load_cells_for_steel_linings_a-300x169.png 300w, https:\/\/sisgeo.com\/wp-content\/uploads\/2023\/09\/0_electro_hydraulic_load_cells_for_steel_linings_a-768x432.png 768w\" sizes=\"(max-width: 960px) 100vw, 960px\" \/><\/figure><\/a><\/div><div class=\"dce-item dce-item_title elementor-repeater-item-b433209\"><h5 class=\"dce-post-title\"><a href=\"https:\/\/sisgeo.com\/de\/produkte\/kraftmessdosen\/elektrische-kraftmessdosen\/\">Elektrische Kraftmessdosen<\/a><\/h5><\/div><div class=\"dce-item dce-item_readmore elementor-repeater-item-ef0e5ce\">\t\t<div class=\"dce-post-button\">\n\t\t\t<a href=\"https:\/\/sisgeo.com\/de\/produkte\/kraftmessdosen\/elektrische-kraftmessdosen\/\" class=\"elementor-button-link elementor-button dce-button elementor-size-sm\" role=\"button\" >\n\t\t\t<div class=\"align-middle\"><span>Mehr erfahren<\/span><img decoding=\"async\" src=\"https:\/\/sisgeo.com\/wp-content\/uploads\/2023\/05\/arrow_red.png\"><\/div>\t\t\t<\/a>\n\t\t<\/div>\n\t\t<\/div>\t\t\t<\/div>\n\t\t<\/article>\n\t\t\t\t\t<\/div>\n\t\t\t\t\t<\/div>\n\t\t\t\t\t\t<\/div>\n\t\t\t\t<\/div>\n\t\t\t\t\t<\/div>\n\t\t\t\t<\/div>\n\t\t\t\t<\/div>\n\t\t","protected":false},"excerpt":{"rendered":"<p>Kraftmessdosen sind ein wichtiges Werkzeug um den Zustand, die Standsicherheit und die Zuverl\u00e4ssigkeit von Infrastrukturobjekten, Geb\u00e4uden oder sonstigen geotechnischen Beobachtungspunkten durch die Messung der Kr\u00e4fte zu beurteilen. Kraftgeber werden z.B. f\u00fcr die Messung von Kr\u00e4ften auf Ankern, zur Messung der Last auf Steifen, Sprie\u00dfen oder Pf\u00e4hlen, sowie zum Monitoring von Kr\u00e4ften im Stahlsegmentausbau in Tunneln [&hellip;]<\/p>\n","protected":false},"author":1,"featured_media":4079,"parent":20241,"menu_order":0,"comment_status":"closed","ping_status":"closed","template":"","meta":{"_acf_changed":false,"footnotes":""},"categories":[215],"tags":[],"class_list":["post-21047","page","type-page","status-publish","has-post-thumbnail","hentry","category-products-de-2"],"acf":[],"yoast_head":"<!-- This site is optimized with the Yoast SEO Premium plugin v27.4 (Yoast SEO v27.4) - https:\/\/yoast.com\/product\/yoast-seo-premium-wordpress\/ -->\n<title>Kraftmessdosen - Sisgeo<\/title>\n<meta name=\"robots\" content=\"index, follow, max-snippet:-1, max-image-preview:large, max-video-preview:-1\" \/>\n<link rel=\"canonical\" href=\"https:\/\/sisgeo.com\/de\/produkte\/kraftmessdosen\/\" \/>\n<meta property=\"og:locale\" content=\"de_DE\" \/>\n<meta property=\"og:type\" content=\"article\" \/>\n<meta property=\"og:title\" content=\"Kraftmessdosen\" \/>\n<meta property=\"og:description\" content=\"Kraftmessdosen sind ein wichtiges Werkzeug um den Zustand, die Standsicherheit und die Zuverl\u00e4ssigkeit von Infrastrukturobjekten, Geb\u00e4uden oder sonstigen geotechnischen Beobachtungspunkten durch die Messung der Kr\u00e4fte zu beurteilen. Kraftgeber werden z.B. f\u00fcr die Messung von Kr\u00e4ften auf Ankern, zur Messung der Last auf Steifen, Sprie\u00dfen oder Pf\u00e4hlen, sowie zum Monitoring von Kr\u00e4ften im Stahlsegmentausbau in Tunneln [&hellip;]\" \/>\n<meta property=\"og:url\" content=\"https:\/\/sisgeo.com\/de\/produkte\/kraftmessdosen\/\" \/>\n<meta property=\"og:site_name\" content=\"Sisgeo\" \/>\n<meta property=\"article:modified_time\" content=\"2025-02-11T14:41:35+00:00\" \/>\n<meta property=\"og:image\" content=\"https:\/\/sisgeo.com\/wp-content\/uploads\/2023\/07\/8_LOAD-CELL.jpg\" \/>\n\t<meta property=\"og:image:width\" content=\"294\" \/>\n\t<meta property=\"og:image:height\" content=\"164\" \/>\n\t<meta property=\"og:image:type\" content=\"image\/jpeg\" \/>\n<meta name=\"twitter:card\" content=\"summary_large_image\" \/>\n<meta name=\"twitter:label1\" content=\"Gesch\u00e4tzte Lesezeit\" \/>\n\t<meta name=\"twitter:data1\" content=\"2\u00a0Minuten\" \/>\n<script type=\"application\/ld+json\" class=\"yoast-schema-graph\">{\"@context\":\"https:\\\/\\\/schema.org\",\"@graph\":[{\"@type\":\"WebPage\",\"@id\":\"https:\\\/\\\/sisgeo.com\\\/de\\\/produkte\\\/kraftmessdosen\\\/\",\"url\":\"https:\\\/\\\/sisgeo.com\\\/de\\\/produkte\\\/kraftmessdosen\\\/\",\"name\":\"Kraftmessdosen - Sisgeo\",\"isPartOf\":{\"@id\":\"https:\\\/\\\/sisgeo.com\\\/de\\\/#website\"},\"primaryImageOfPage\":{\"@id\":\"https:\\\/\\\/sisgeo.com\\\/de\\\/produkte\\\/kraftmessdosen\\\/#primaryimage\"},\"image\":{\"@id\":\"https:\\\/\\\/sisgeo.com\\\/de\\\/produkte\\\/kraftmessdosen\\\/#primaryimage\"},\"thumbnailUrl\":\"https:\\\/\\\/sisgeo.com\\\/wp-content\\\/uploads\\\/2023\\\/07\\\/8_LOAD-CELL.jpg\",\"datePublished\":\"2023-07-27T08:25:55+00:00\",\"dateModified\":\"2025-02-11T14:41:35+00:00\",\"breadcrumb\":{\"@id\":\"https:\\\/\\\/sisgeo.com\\\/de\\\/produkte\\\/kraftmessdosen\\\/#breadcrumb\"},\"inLanguage\":\"de\",\"potentialAction\":[{\"@type\":\"ReadAction\",\"target\":[\"https:\\\/\\\/sisgeo.com\\\/de\\\/produkte\\\/kraftmessdosen\\\/\"]}]},{\"@type\":\"ImageObject\",\"inLanguage\":\"de\",\"@id\":\"https:\\\/\\\/sisgeo.com\\\/de\\\/produkte\\\/kraftmessdosen\\\/#primaryimage\",\"url\":\"https:\\\/\\\/sisgeo.com\\\/wp-content\\\/uploads\\\/2023\\\/07\\\/8_LOAD-CELL.jpg\",\"contentUrl\":\"https:\\\/\\\/sisgeo.com\\\/wp-content\\\/uploads\\\/2023\\\/07\\\/8_LOAD-CELL.jpg\",\"width\":294,\"height\":164},{\"@type\":\"BreadcrumbList\",\"@id\":\"https:\\\/\\\/sisgeo.com\\\/de\\\/produkte\\\/kraftmessdosen\\\/#breadcrumb\",\"itemListElement\":[{\"@type\":\"ListItem\",\"position\":1,\"name\":\"Home\",\"item\":\"https:\\\/\\\/sisgeo.com\\\/de\\\/geotechnische-und-strukturelle-instrumentierung-fuer-shm\\\/\"},{\"@type\":\"ListItem\",\"position\":2,\"name\":\"Produkte\",\"item\":\"https:\\\/\\\/sisgeo.com\\\/de\\\/produkte\\\/\"},{\"@type\":\"ListItem\",\"position\":3,\"name\":\"Kraftmessdosen\"}]},{\"@type\":\"WebSite\",\"@id\":\"https:\\\/\\\/sisgeo.com\\\/de\\\/#website\",\"url\":\"https:\\\/\\\/sisgeo.com\\\/de\\\/\",\"name\":\"Sisgeo\",\"description\":\"Inclined to improvement\",\"publisher\":{\"@id\":\"https:\\\/\\\/sisgeo.com\\\/de\\\/#organization\"},\"potentialAction\":[{\"@type\":\"SearchAction\",\"target\":{\"@type\":\"EntryPoint\",\"urlTemplate\":\"https:\\\/\\\/sisgeo.com\\\/de\\\/?s={search_term_string}\"},\"query-input\":{\"@type\":\"PropertyValueSpecification\",\"valueRequired\":true,\"valueName\":\"search_term_string\"}}],\"inLanguage\":\"de\"},{\"@type\":\"Organization\",\"@id\":\"https:\\\/\\\/sisgeo.com\\\/de\\\/#organization\",\"name\":\"Sisgeo S.r.l.\",\"url\":\"https:\\\/\\\/sisgeo.com\\\/de\\\/\",\"logo\":{\"@type\":\"ImageObject\",\"inLanguage\":\"de\",\"@id\":\"https:\\\/\\\/sisgeo.com\\\/de\\\/#\\\/schema\\\/logo\\\/image\\\/\",\"url\":\"https:\\\/\\\/sisgeodev.pipehosting.it\\\/wp-content\\\/uploads\\\/2023\\\/06\\\/logo-RGB.png\",\"contentUrl\":\"https:\\\/\\\/sisgeodev.pipehosting.it\\\/wp-content\\\/uploads\\\/2023\\\/06\\\/logo-RGB.png\",\"width\":205,\"height\":97,\"caption\":\"Sisgeo S.r.l.\"},\"image\":{\"@id\":\"https:\\\/\\\/sisgeo.com\\\/de\\\/#\\\/schema\\\/logo\\\/image\\\/\"}}]}<\/script>\n<!-- \/ Yoast SEO Premium plugin. -->","yoast_head_json":{"title":"Kraftmessdosen - Sisgeo","robots":{"index":"index","follow":"follow","max-snippet":"max-snippet:-1","max-image-preview":"max-image-preview:large","max-video-preview":"max-video-preview:-1"},"canonical":"https:\/\/sisgeo.com\/de\/produkte\/kraftmessdosen\/","og_locale":"de_DE","og_type":"article","og_title":"Kraftmessdosen","og_description":"Kraftmessdosen sind ein wichtiges Werkzeug um den Zustand, die Standsicherheit und die Zuverl\u00e4ssigkeit von Infrastrukturobjekten, Geb\u00e4uden oder sonstigen geotechnischen Beobachtungspunkten durch die Messung der Kr\u00e4fte zu beurteilen. Kraftgeber werden z.B. f\u00fcr die Messung von Kr\u00e4ften auf Ankern, zur Messung der Last auf Steifen, Sprie\u00dfen oder Pf\u00e4hlen, sowie zum Monitoring von Kr\u00e4ften im Stahlsegmentausbau in Tunneln [&hellip;]","og_url":"https:\/\/sisgeo.com\/de\/produkte\/kraftmessdosen\/","og_site_name":"Sisgeo","article_modified_time":"2025-02-11T14:41:35+00:00","og_image":[{"width":294,"height":164,"url":"https:\/\/sisgeo.com\/wp-content\/uploads\/2023\/07\/8_LOAD-CELL.jpg","type":"image\/jpeg"}],"twitter_card":"summary_large_image","twitter_misc":{"Gesch\u00e4tzte Lesezeit":"2\u00a0Minuten"},"schema":{"@context":"https:\/\/schema.org","@graph":[{"@type":"WebPage","@id":"https:\/\/sisgeo.com\/de\/produkte\/kraftmessdosen\/","url":"https:\/\/sisgeo.com\/de\/produkte\/kraftmessdosen\/","name":"Kraftmessdosen - Sisgeo","isPartOf":{"@id":"https:\/\/sisgeo.com\/de\/#website"},"primaryImageOfPage":{"@id":"https:\/\/sisgeo.com\/de\/produkte\/kraftmessdosen\/#primaryimage"},"image":{"@id":"https:\/\/sisgeo.com\/de\/produkte\/kraftmessdosen\/#primaryimage"},"thumbnailUrl":"https:\/\/sisgeo.com\/wp-content\/uploads\/2023\/07\/8_LOAD-CELL.jpg","datePublished":"2023-07-27T08:25:55+00:00","dateModified":"2025-02-11T14:41:35+00:00","breadcrumb":{"@id":"https:\/\/sisgeo.com\/de\/produkte\/kraftmessdosen\/#breadcrumb"},"inLanguage":"de","potentialAction":[{"@type":"ReadAction","target":["https:\/\/sisgeo.com\/de\/produkte\/kraftmessdosen\/"]}]},{"@type":"ImageObject","inLanguage":"de","@id":"https:\/\/sisgeo.com\/de\/produkte\/kraftmessdosen\/#primaryimage","url":"https:\/\/sisgeo.com\/wp-content\/uploads\/2023\/07\/8_LOAD-CELL.jpg","contentUrl":"https:\/\/sisgeo.com\/wp-content\/uploads\/2023\/07\/8_LOAD-CELL.jpg","width":294,"height":164},{"@type":"BreadcrumbList","@id":"https:\/\/sisgeo.com\/de\/produkte\/kraftmessdosen\/#breadcrumb","itemListElement":[{"@type":"ListItem","position":1,"name":"Home","item":"https:\/\/sisgeo.com\/de\/geotechnische-und-strukturelle-instrumentierung-fuer-shm\/"},{"@type":"ListItem","position":2,"name":"Produkte","item":"https:\/\/sisgeo.com\/de\/produkte\/"},{"@type":"ListItem","position":3,"name":"Kraftmessdosen"}]},{"@type":"WebSite","@id":"https:\/\/sisgeo.com\/de\/#website","url":"https:\/\/sisgeo.com\/de\/","name":"Sisgeo","description":"Inclined to improvement","publisher":{"@id":"https:\/\/sisgeo.com\/de\/#organization"},"potentialAction":[{"@type":"SearchAction","target":{"@type":"EntryPoint","urlTemplate":"https:\/\/sisgeo.com\/de\/?s={search_term_string}"},"query-input":{"@type":"PropertyValueSpecification","valueRequired":true,"valueName":"search_term_string"}}],"inLanguage":"de"},{"@type":"Organization","@id":"https:\/\/sisgeo.com\/de\/#organization","name":"Sisgeo S.r.l.","url":"https:\/\/sisgeo.com\/de\/","logo":{"@type":"ImageObject","inLanguage":"de","@id":"https:\/\/sisgeo.com\/de\/#\/schema\/logo\/image\/","url":"https:\/\/sisgeodev.pipehosting.it\/wp-content\/uploads\/2023\/06\/logo-RGB.png","contentUrl":"https:\/\/sisgeodev.pipehosting.it\/wp-content\/uploads\/2023\/06\/logo-RGB.png","width":205,"height":97,"caption":"Sisgeo S.r.l."},"image":{"@id":"https:\/\/sisgeo.com\/de\/#\/schema\/logo\/image\/"}}]}},"_links":{"self":[{"href":"https:\/\/sisgeo.com\/de\/wp-json\/wp\/v2\/pages\/21047","targetHints":{"allow":["GET"]}}],"collection":[{"href":"https:\/\/sisgeo.com\/de\/wp-json\/wp\/v2\/pages"}],"about":[{"href":"https:\/\/sisgeo.com\/de\/wp-json\/wp\/v2\/types\/page"}],"author":[{"embeddable":true,"href":"https:\/\/sisgeo.com\/de\/wp-json\/wp\/v2\/users\/1"}],"replies":[{"embeddable":true,"href":"https:\/\/sisgeo.com\/de\/wp-json\/wp\/v2\/comments?post=21047"}],"version-history":[{"count":3,"href":"https:\/\/sisgeo.com\/de\/wp-json\/wp\/v2\/pages\/21047\/revisions"}],"predecessor-version":[{"id":28114,"href":"https:\/\/sisgeo.com\/de\/wp-json\/wp\/v2\/pages\/21047\/revisions\/28114"}],"up":[{"embeddable":true,"href":"https:\/\/sisgeo.com\/de\/wp-json\/wp\/v2\/pages\/20241"}],"wp:featuredmedia":[{"embeddable":true,"href":"https:\/\/sisgeo.com\/de\/wp-json\/wp\/v2\/media\/4079"}],"wp:attachment":[{"href":"https:\/\/sisgeo.com\/de\/wp-json\/wp\/v2\/media?parent=21047"}],"wp:term":[{"taxonomy":"category","embeddable":true,"href":"https:\/\/sisgeo.com\/de\/wp-json\/wp\/v2\/categories?post=21047"},{"taxonomy":"post_tag","embeddable":true,"href":"https:\/\/sisgeo.com\/de\/wp-json\/wp\/v2\/tags?post=21047"}],"curies":[{"name":"wp","href":"https:\/\/api.w.org\/{rel}","templated":true}]}}