{"id":21049,"date":"2023-06-05T10:36:29","date_gmt":"2023-06-05T08:36:29","guid":{"rendered":"https:\/\/sisgeo.com\/produkte\/lotanlagen\/"},"modified":"2025-02-11T15:10:10","modified_gmt":"2025-02-11T14:10:10","slug":"lotanlagen","status":"publish","type":"page","link":"https:\/\/sisgeo.com\/de\/produkte\/lotanlagen\/","title":{"rendered":"Lotanlagen"},"content":{"rendered":"\t\t<div data-elementor-type=\"wp-page\" data-elementor-id=\"21049\" class=\"elementor elementor-21049 elementor-1871\" data-elementor-post-type=\"page\">\n\t\t\t\t<div class=\"elementor-element elementor-element-7a63a93 e-flex e-con-boxed e-con e-parent\" data-id=\"7a63a93\" data-element_type=\"container\" data-e-type=\"container\">\n\t\t\t\t\t<div class=\"e-con-inner\">\n\t\t\t\t<div class=\"elementor-element elementor-element-caccc42 elementor-widget elementor-widget-heading\" data-id=\"caccc42\" data-element_type=\"widget\" data-e-type=\"widget\" data-widget_type=\"heading.default\">\n\t\t\t\t<div class=\"elementor-widget-container\">\n\t\t\t\t\t<h1 class=\"elementor-heading-title elementor-size-default\">Lotanlagen<\/h1>\t\t\t\t<\/div>\n\t\t\t\t<\/div>\n\t\t\t\t<div class=\"elementor-element elementor-element-99defb4 elementor-widget elementor-widget-text-editor\" data-id=\"99defb4\" data-element_type=\"widget\" data-e-type=\"widget\" data-widget_type=\"text-editor.default\">\n\t\t\t\t<div class=\"elementor-widget-container\">\n\t\t\t\t\t\t\t\t\t<p>Pendellotsysteme werden f\u00fcr das Monitoring von horizontalen Bewegungen von Staud\u00e4mmen und deren Gr\u00fcndungen eingesetzt. Lotsysteme k\u00f6nnen in der Dammert\u00fcchtigung eingesetzt werden, k\u00f6nnen aber auch f\u00fcr das Monitoring von Hochh\u00e4usern oder Wolkenkratzern genutzt werden. Pendellote gibt es in zwei Varianten: das direkte Pendellot oder das invertierte Pendellot (Schwimmlot).   <\/p>\n<p>Lotdrahtsysteme k\u00f6nnen manuell mit einem Koordiskop gemessen werden oder automatisch mit einem T-1000 telependulum.<\/p>\n\t\t\t\t\t\t\t\t<\/div>\n\t\t\t\t<\/div>\n\t\t\t\t<div class=\"elementor-element elementor-element-8a09a03 elementor-widget elementor-widget-accordion\" data-id=\"8a09a03\" data-element_type=\"widget\" data-e-type=\"widget\" data-widget_type=\"accordion.default\">\n\t\t\t\t<div class=\"elementor-widget-container\">\n\t\t\t\t\t\t\t<div class=\"elementor-accordion\">\n\t\t\t\t\t\t\t<div class=\"elementor-accordion-item\">\n\t\t\t\t\t<div id=\"elementor-tab-title-1441\" class=\"elementor-tab-title\" data-tab=\"1\" role=\"button\" aria-controls=\"elementor-tab-content-1441\" aria-expanded=\"false\">\n\t\t\t\t\t\t\t\t\t\t\t\t\t<span class=\"elementor-accordion-icon elementor-accordion-icon-right\" aria-hidden=\"true\">\n\t\t\t\t\t\t\t\t\t\t\t\t\t\t\t<span class=\"elementor-accordion-icon-closed\"><svg xmlns=\"http:\/\/www.w3.org\/2000\/svg\" width=\"29\" height=\"16\" viewBox=\"0 0 29 16\" fill=\"none\"><path fill-rule=\"evenodd\" clip-rule=\"evenodd\" d=\"M27.25 0L14.375 13.038L1.5 0L0 1.5L14.4 15.9L28.749 1.5L27.25 0Z\" fill=\"#E4002B\"><\/path><\/svg><\/span>\n\t\t\t\t\t\t\t\t<span class=\"elementor-accordion-icon-opened\"><svg xmlns=\"http:\/\/www.w3.org\/2000\/svg\" width=\"29\" height=\"14\" viewBox=\"0 0 29 14\" fill=\"none\"><path fill-rule=\"evenodd\" clip-rule=\"evenodd\" d=\"M1.49902 13.1885L14.374 2.61651L27.249 13.1885L28.749 11.9722L14.349 0.295833L2.28882e-05 11.9722L1.49902 13.1885Z\" fill=\"#E4002B\"><\/path><\/svg><\/span>\n\t\t\t\t\t\t\t\t\t\t\t\t\t\t<\/span>\n\t\t\t\t\t\t\t\t\t\t\t\t<a class=\"elementor-accordion-title\" tabindex=\"0\">Mehr zum Thema<\/a>\n\t\t\t\t\t<\/div>\n\t\t\t\t\t<div id=\"elementor-tab-content-1441\" class=\"elementor-tab-content elementor-clearfix\" data-tab=\"1\" role=\"region\" aria-labelledby=\"elementor-tab-title-1441\"><p>Das <strong>direkte Pendellot<\/strong> besteht aus einem Stahlseil mit Festpunkt oben im Damm und einem Gewicht in einem D\u00e4mpfungsbeh\u00e4lter, mit einer tr\u00e4gen Fl\u00fcssigkeit in der es sich frei bewegen kann, am unteren Ende.<\/p>\n<p>Das <strong>invertierte Pendel<\/strong> (Schwimmlot) hat seinen Festpunkt am unteren Ende, z.B. in der Dammgr\u00fcndung, und hat den D\u00e4mpfungsbeh\u00e4lter mit einem Schwimmk\u00f6rper am oberen Ende. Der Schwimmk\u00f6rper ist in seinem D\u00e4mpfungsbeh\u00e4lter frei beweglich und h\u00e4lt durch den Auftrieb das Stahlseil gespannt. Invertierte und direkte Lotsysteme werden h\u00e4ufig gemeinsam im gleichen Objekt eingesetzt, \u00fcblicherweise in Bogen- oder Gewichtsstaumauern.   <\/p>\n<p>Das <strong>Koordiskop <\/strong> ist ein optisches Handmessger\u00e4t, dass es ber\u00fchrungslos erm\u00f6glicht die die Position des Lotdrahtes auf horizontaler Ebene zu bestimmen.<\/p>\n<p>Das <strong>T-1000 telependulum<\/strong> dagegen ist ein Messger\u00e4t f\u00fcr die automatische Messung von Lotdrahtsystemen.<br \/>Das T-1000 wird vor Ort mit einer speziellen App eingerichtet, welche auch Direktmessungen und einige Diagnoseinfos ausgeben kann. Durch Anschluss an einen Datenlogger k\u00f6nnen die Daten automatisiert erfasst werden. <\/p>\n<\/div>\n\t\t\t\t<\/div>\n\t\t\t\t\t\t\t\t<\/div>\n\t\t\t\t\t\t<\/div>\n\t\t\t\t<\/div>\n\t\t\t\t<div class=\"elementor-element elementor-element-58a3ecd dce-posts-layout-default dce-col-4 dce-col-tablet-3 dce-col-mobile-1 dce-align-left elementor-widget elementor-widget-dce-dynamicposts-v2\" data-id=\"58a3ecd\" data-element_type=\"widget\" data-e-type=\"widget\" data-settings=\"{&quot;style_items&quot;:&quot;default&quot;,&quot;grid_grid_type&quot;:&quot;flex&quot;}\" data-widget_type=\"dce-dynamicposts-v2.grid\">\n\t\t\t\t<div class=\"elementor-widget-container\">\n\t\t\t\t\t\n\t\t<div class=\"dce-fix-background-loop dce-posts-container dce-posts dce-dynamic-posts-collection  dce-skin-grid dce-skin-grid-flex\">\n\t\t\t\t\t\t<div class=\"dce-posts-wrapper dce-wrapper-grid\">\n\t\t\t\n\t\t<article class=\"post-20625 page type-page status-publish has-post-thumbnail hentry category-gewicht-und-schwimmlot category-lotanlagen dce-post dce-post-item dce-item-grid\" data-dce-post-id=\"20625\" data-dce-post-index=\"0\">\n\t\t\t<div class=\"dce-post-block elementor-animation-grow\">\n\t\t<div class=\"dce-item dce-item_image elementor-repeater-item-9ee1dae\"><a class=\"dce-post-image\" href=\"https:\/\/sisgeo.com\/de\/produkte\/lotanlagen\/gewicht-und-schwimmlot\/\"><figure  class=\"dce-img\"><img fetchpriority=\"high\" decoding=\"async\" width=\"960\" height=\"540\" src=\"https:\/\/sisgeo.com\/wp-content\/uploads\/2023\/08\/0_direct_and_inverted_pendulum_sisgeo_f16b709f1.png\" class=\"\" alt=\"Gewicht und schwimmlot\" srcset=\"https:\/\/sisgeo.com\/wp-content\/uploads\/2023\/08\/0_direct_and_inverted_pendulum_sisgeo_f16b709f1.png 960w, https:\/\/sisgeo.com\/wp-content\/uploads\/2023\/08\/0_direct_and_inverted_pendulum_sisgeo_f16b709f1-300x169.png 300w, https:\/\/sisgeo.com\/wp-content\/uploads\/2023\/08\/0_direct_and_inverted_pendulum_sisgeo_f16b709f1-768x432.png 768w\" sizes=\"(max-width: 960px) 100vw, 960px\" \/><\/figure><\/a><\/div><div class=\"dce-item dce-item_title elementor-repeater-item-b433209\"><h5 class=\"dce-post-title\"><a href=\"https:\/\/sisgeo.com\/de\/produkte\/lotanlagen\/gewicht-und-schwimmlot\/\">Gewicht und schwimmlot<\/a><\/h5><\/div><div class=\"dce-item dce-item_readmore elementor-repeater-item-ef0e5ce\">\t\t<div class=\"dce-post-button\">\n\t\t\t<a href=\"https:\/\/sisgeo.com\/de\/produkte\/lotanlagen\/gewicht-und-schwimmlot\/\" class=\"elementor-button-link elementor-button dce-button elementor-size-sm\" role=\"button\" >\n\t\t\t<div class=\"align-middle\"><span>Mehr erfahren<\/span><img decoding=\"async\" src=\"https:\/\/sisgeo.com\/wp-content\/uploads\/2023\/05\/arrow_red.png\"><\/div>\t\t\t<\/a>\n\t\t<\/div>\n\t\t<\/div>\t\t\t<\/div>\n\t\t<\/article>\n\t\t\n\t\t<article class=\"post-20640 page type-page status-publish has-post-thumbnail hentry category-lotanlagen category-t-1000-telependulum-de dce-post dce-post-item dce-item-grid\" data-dce-post-id=\"20640\" data-dce-post-index=\"1\">\n\t\t\t<div class=\"dce-post-block elementor-animation-grow\">\n\t\t<div class=\"dce-item dce-item_image elementor-repeater-item-9ee1dae\"><a class=\"dce-post-image\" href=\"https:\/\/sisgeo.com\/de\/produkte\/lotanlagen\/t-1000-telependulum\/\"><figure  class=\"dce-img\"><img decoding=\"async\" width=\"960\" height=\"540\" src=\"https:\/\/sisgeo.com\/wp-content\/uploads\/2023\/08\/t-1000-telependulum-sisgeo_3ca92993454dade329ff2c2.png\" class=\"\" alt=\"T-1000 Telependulum\" srcset=\"https:\/\/sisgeo.com\/wp-content\/uploads\/2023\/08\/t-1000-telependulum-sisgeo_3ca92993454dade329ff2c2.png 960w, https:\/\/sisgeo.com\/wp-content\/uploads\/2023\/08\/t-1000-telependulum-sisgeo_3ca92993454dade329ff2c2-300x169.png 300w, https:\/\/sisgeo.com\/wp-content\/uploads\/2023\/08\/t-1000-telependulum-sisgeo_3ca92993454dade329ff2c2-768x432.png 768w\" sizes=\"(max-width: 960px) 100vw, 960px\" \/><\/figure><\/a><\/div><div class=\"dce-item dce-item_title elementor-repeater-item-b433209\"><h5 class=\"dce-post-title\"><a href=\"https:\/\/sisgeo.com\/de\/produkte\/lotanlagen\/t-1000-telependulum\/\">T-1000 Telependulum<\/a><\/h5><\/div><div class=\"dce-item dce-item_readmore elementor-repeater-item-ef0e5ce\">\t\t<div class=\"dce-post-button\">\n\t\t\t<a href=\"https:\/\/sisgeo.com\/de\/produkte\/lotanlagen\/t-1000-telependulum\/\" class=\"elementor-button-link elementor-button dce-button elementor-size-sm\" role=\"button\" >\n\t\t\t<div class=\"align-middle\"><span>Mehr erfahren<\/span><img decoding=\"async\" src=\"https:\/\/sisgeo.com\/wp-content\/uploads\/2023\/05\/arrow_red.png\"><\/div>\t\t\t<\/a>\n\t\t<\/div>\n\t\t<\/div>\t\t\t<\/div>\n\t\t<\/article>\n\t\t\n\t\t<article class=\"post-20633 page type-page status-publish has-post-thumbnail hentry category-lotanlagen category-optisches-lotmesssystem dce-post dce-post-item dce-item-grid\" data-dce-post-id=\"20633\" data-dce-post-index=\"2\">\n\t\t\t<div class=\"dce-post-block elementor-animation-grow\">\n\t\t<div class=\"dce-item dce-item_image elementor-repeater-item-9ee1dae\"><a class=\"dce-post-image\" href=\"https:\/\/sisgeo.com\/de\/produkte\/lotanlagen\/optisches-lotmesssystem\/\"><figure  class=\"dce-img\"><img decoding=\"async\" width=\"960\" height=\"540\" src=\"https:\/\/sisgeo.com\/wp-content\/uploads\/2023\/08\/00_cordinometer_sisgeo_fb7e373ceb836de581a30.png\" class=\"\" alt=\"Optisches Lotmesssystem\" srcset=\"https:\/\/sisgeo.com\/wp-content\/uploads\/2023\/08\/00_cordinometer_sisgeo_fb7e373ceb836de581a30.png 960w, https:\/\/sisgeo.com\/wp-content\/uploads\/2023\/08\/00_cordinometer_sisgeo_fb7e373ceb836de581a30-300x169.png 300w, https:\/\/sisgeo.com\/wp-content\/uploads\/2023\/08\/00_cordinometer_sisgeo_fb7e373ceb836de581a30-768x432.png 768w\" sizes=\"(max-width: 960px) 100vw, 960px\" \/><\/figure><\/a><\/div><div class=\"dce-item dce-item_title elementor-repeater-item-b433209\"><h5 class=\"dce-post-title\"><a href=\"https:\/\/sisgeo.com\/de\/produkte\/lotanlagen\/optisches-lotmesssystem\/\">Optisches Lotmesssystem<\/a><\/h5><\/div><div class=\"dce-item dce-item_readmore elementor-repeater-item-ef0e5ce\">\t\t<div class=\"dce-post-button\">\n\t\t\t<a href=\"https:\/\/sisgeo.com\/de\/produkte\/lotanlagen\/optisches-lotmesssystem\/\" class=\"elementor-button-link elementor-button dce-button elementor-size-sm\" role=\"button\" >\n\t\t\t<div class=\"align-middle\"><span>Mehr erfahren<\/span><img decoding=\"async\" src=\"https:\/\/sisgeo.com\/wp-content\/uploads\/2023\/05\/arrow_red.png\"><\/div>\t\t\t<\/a>\n\t\t<\/div>\n\t\t<\/div>\t\t\t<\/div>\n\t\t<\/article>\n\t\t\t\t\t<\/div>\n\t\t\t\t\t<\/div>\n\t\t\t\t\t\t<\/div>\n\t\t\t\t<\/div>\n\t\t\t\t\t<\/div>\n\t\t\t\t<\/div>\n\t\t\t\t<\/div>\n\t\t","protected":false},"excerpt":{"rendered":"<p>Lotanlagen Pendellotsysteme werden f\u00fcr das Monitoring von horizontalen Bewegungen von Staud\u00e4mmen und deren Gr\u00fcndungen eingesetzt. Lotsysteme k\u00f6nnen in der Dammert\u00fcchtigung eingesetzt werden, k\u00f6nnen aber auch f\u00fcr das Monitoring von Hochh\u00e4usern oder Wolkenkratzern genutzt werden. Pendellote gibt es in zwei Varianten: das direkte Pendellot oder das invertierte Pendellot (Schwimmlot). Lotdrahtsysteme k\u00f6nnen manuell mit einem Koordiskop gemessen [&hellip;]<\/p>\n","protected":false},"author":1,"featured_media":4101,"parent":20241,"menu_order":0,"comment_status":"closed","ping_status":"closed","template":"","meta":{"_acf_changed":false,"footnotes":""},"categories":[215],"tags":[],"class_list":["post-21049","page","type-page","status-publish","has-post-thumbnail","hentry","category-products-de-2"],"acf":[],"yoast_head":"<!-- This site is optimized with the Yoast SEO Premium plugin v27.2 (Yoast SEO v27.2) - https:\/\/yoast.com\/product\/yoast-seo-premium-wordpress\/ -->\n<title>Lotanlagen - Sisgeo<\/title>\n<meta name=\"robots\" content=\"index, follow, max-snippet:-1, max-image-preview:large, max-video-preview:-1\" \/>\n<link rel=\"canonical\" href=\"https:\/\/sisgeo.com\/de\/produkte\/lotanlagen\/\" \/>\n<meta property=\"og:locale\" content=\"de_DE\" \/>\n<meta property=\"og:type\" content=\"article\" \/>\n<meta property=\"og:title\" content=\"Lotanlagen\" \/>\n<meta property=\"og:description\" content=\"Lotanlagen Pendellotsysteme werden f\u00fcr das Monitoring von horizontalen Bewegungen von Staud\u00e4mmen und deren Gr\u00fcndungen eingesetzt. Lotsysteme k\u00f6nnen in der Dammert\u00fcchtigung eingesetzt werden, k\u00f6nnen aber auch f\u00fcr das Monitoring von Hochh\u00e4usern oder Wolkenkratzern genutzt werden. Pendellote gibt es in zwei Varianten: das direkte Pendellot oder das invertierte Pendellot (Schwimmlot). Lotdrahtsysteme k\u00f6nnen manuell mit einem Koordiskop gemessen [&hellip;]\" \/>\n<meta property=\"og:url\" content=\"https:\/\/sisgeo.com\/de\/produkte\/lotanlagen\/\" \/>\n<meta property=\"og:site_name\" content=\"Sisgeo\" \/>\n<meta property=\"article:modified_time\" content=\"2025-02-11T14:10:10+00:00\" \/>\n<meta property=\"og:image\" content=\"https:\/\/sisgeo.com\/wp-content\/uploads\/2023\/07\/5_PENDULUMS.jpg\" \/>\n\t<meta property=\"og:image:width\" content=\"294\" \/>\n\t<meta property=\"og:image:height\" content=\"164\" \/>\n\t<meta property=\"og:image:type\" content=\"image\/jpeg\" \/>\n<meta name=\"twitter:card\" content=\"summary_large_image\" \/>\n<meta name=\"twitter:label1\" content=\"Gesch\u00e4tzte Lesezeit\" \/>\n\t<meta name=\"twitter:data1\" content=\"1\u00a0Minute\" \/>\n<script type=\"application\/ld+json\" class=\"yoast-schema-graph\">{\"@context\":\"https:\/\/schema.org\",\"@graph\":[{\"@type\":\"WebPage\",\"@id\":\"https:\/\/sisgeo.com\/de\/produkte\/lotanlagen\/\",\"url\":\"https:\/\/sisgeo.com\/de\/produkte\/lotanlagen\/\",\"name\":\"Lotanlagen - Sisgeo\",\"isPartOf\":{\"@id\":\"https:\/\/sisgeo.com\/de\/#website\"},\"primaryImageOfPage\":{\"@id\":\"https:\/\/sisgeo.com\/de\/produkte\/lotanlagen\/#primaryimage\"},\"image\":{\"@id\":\"https:\/\/sisgeo.com\/de\/produkte\/lotanlagen\/#primaryimage\"},\"thumbnailUrl\":\"https:\/\/sisgeo.com\/wp-content\/uploads\/2023\/07\/5_PENDULUMS.jpg\",\"datePublished\":\"2023-06-05T08:36:29+00:00\",\"dateModified\":\"2025-02-11T14:10:10+00:00\",\"breadcrumb\":{\"@id\":\"https:\/\/sisgeo.com\/de\/produkte\/lotanlagen\/#breadcrumb\"},\"inLanguage\":\"de\",\"potentialAction\":[{\"@type\":\"ReadAction\",\"target\":[\"https:\/\/sisgeo.com\/de\/produkte\/lotanlagen\/\"]}]},{\"@type\":\"ImageObject\",\"inLanguage\":\"de\",\"@id\":\"https:\/\/sisgeo.com\/de\/produkte\/lotanlagen\/#primaryimage\",\"url\":\"https:\/\/sisgeo.com\/wp-content\/uploads\/2023\/07\/5_PENDULUMS.jpg\",\"contentUrl\":\"https:\/\/sisgeo.com\/wp-content\/uploads\/2023\/07\/5_PENDULUMS.jpg\",\"width\":294,\"height\":164},{\"@type\":\"BreadcrumbList\",\"@id\":\"https:\/\/sisgeo.com\/de\/produkte\/lotanlagen\/#breadcrumb\",\"itemListElement\":[{\"@type\":\"ListItem\",\"position\":1,\"name\":\"Home\",\"item\":\"https:\/\/sisgeo.com\/de\/geotechnische-und-strukturelle-instrumentierung-fuer-shm\/\"},{\"@type\":\"ListItem\",\"position\":2,\"name\":\"Produkte\",\"item\":\"https:\/\/sisgeo.com\/de\/produkte\/\"},{\"@type\":\"ListItem\",\"position\":3,\"name\":\"Lotanlagen\"}]},{\"@type\":\"WebSite\",\"@id\":\"https:\/\/sisgeo.com\/de\/#website\",\"url\":\"https:\/\/sisgeo.com\/de\/\",\"name\":\"Sisgeo\",\"description\":\"Inclined to improvement\",\"publisher\":{\"@id\":\"https:\/\/sisgeo.com\/de\/#organization\"},\"potentialAction\":[{\"@type\":\"SearchAction\",\"target\":{\"@type\":\"EntryPoint\",\"urlTemplate\":\"https:\/\/sisgeo.com\/de\/?s={search_term_string}\"},\"query-input\":{\"@type\":\"PropertyValueSpecification\",\"valueRequired\":true,\"valueName\":\"search_term_string\"}}],\"inLanguage\":\"de\"},{\"@type\":\"Organization\",\"@id\":\"https:\/\/sisgeo.com\/de\/#organization\",\"name\":\"Sisgeo S.r.l.\",\"url\":\"https:\/\/sisgeo.com\/de\/\",\"logo\":{\"@type\":\"ImageObject\",\"inLanguage\":\"de\",\"@id\":\"https:\/\/sisgeo.com\/de\/#\/schema\/logo\/image\/\",\"url\":\"https:\/\/sisgeodev.pipehosting.it\/wp-content\/uploads\/2023\/06\/logo-RGB.png\",\"contentUrl\":\"https:\/\/sisgeodev.pipehosting.it\/wp-content\/uploads\/2023\/06\/logo-RGB.png\",\"width\":205,\"height\":97,\"caption\":\"Sisgeo S.r.l.\"},\"image\":{\"@id\":\"https:\/\/sisgeo.com\/de\/#\/schema\/logo\/image\/\"}}]}<\/script>\n<!-- \/ Yoast SEO Premium plugin. -->","yoast_head_json":{"title":"Lotanlagen - Sisgeo","robots":{"index":"index","follow":"follow","max-snippet":"max-snippet:-1","max-image-preview":"max-image-preview:large","max-video-preview":"max-video-preview:-1"},"canonical":"https:\/\/sisgeo.com\/de\/produkte\/lotanlagen\/","og_locale":"de_DE","og_type":"article","og_title":"Lotanlagen","og_description":"Lotanlagen Pendellotsysteme werden f\u00fcr das Monitoring von horizontalen Bewegungen von Staud\u00e4mmen und deren Gr\u00fcndungen eingesetzt. Lotsysteme k\u00f6nnen in der Dammert\u00fcchtigung eingesetzt werden, k\u00f6nnen aber auch f\u00fcr das Monitoring von Hochh\u00e4usern oder Wolkenkratzern genutzt werden. Pendellote gibt es in zwei Varianten: das direkte Pendellot oder das invertierte Pendellot (Schwimmlot). Lotdrahtsysteme k\u00f6nnen manuell mit einem Koordiskop gemessen [&hellip;]","og_url":"https:\/\/sisgeo.com\/de\/produkte\/lotanlagen\/","og_site_name":"Sisgeo","article_modified_time":"2025-02-11T14:10:10+00:00","og_image":[{"width":294,"height":164,"url":"https:\/\/sisgeo.com\/wp-content\/uploads\/2023\/07\/5_PENDULUMS.jpg","type":"image\/jpeg"}],"twitter_card":"summary_large_image","twitter_misc":{"Gesch\u00e4tzte Lesezeit":"1\u00a0Minute"},"schema":{"@context":"https:\/\/schema.org","@graph":[{"@type":"WebPage","@id":"https:\/\/sisgeo.com\/de\/produkte\/lotanlagen\/","url":"https:\/\/sisgeo.com\/de\/produkte\/lotanlagen\/","name":"Lotanlagen - Sisgeo","isPartOf":{"@id":"https:\/\/sisgeo.com\/de\/#website"},"primaryImageOfPage":{"@id":"https:\/\/sisgeo.com\/de\/produkte\/lotanlagen\/#primaryimage"},"image":{"@id":"https:\/\/sisgeo.com\/de\/produkte\/lotanlagen\/#primaryimage"},"thumbnailUrl":"https:\/\/sisgeo.com\/wp-content\/uploads\/2023\/07\/5_PENDULUMS.jpg","datePublished":"2023-06-05T08:36:29+00:00","dateModified":"2025-02-11T14:10:10+00:00","breadcrumb":{"@id":"https:\/\/sisgeo.com\/de\/produkte\/lotanlagen\/#breadcrumb"},"inLanguage":"de","potentialAction":[{"@type":"ReadAction","target":["https:\/\/sisgeo.com\/de\/produkte\/lotanlagen\/"]}]},{"@type":"ImageObject","inLanguage":"de","@id":"https:\/\/sisgeo.com\/de\/produkte\/lotanlagen\/#primaryimage","url":"https:\/\/sisgeo.com\/wp-content\/uploads\/2023\/07\/5_PENDULUMS.jpg","contentUrl":"https:\/\/sisgeo.com\/wp-content\/uploads\/2023\/07\/5_PENDULUMS.jpg","width":294,"height":164},{"@type":"BreadcrumbList","@id":"https:\/\/sisgeo.com\/de\/produkte\/lotanlagen\/#breadcrumb","itemListElement":[{"@type":"ListItem","position":1,"name":"Home","item":"https:\/\/sisgeo.com\/de\/geotechnische-und-strukturelle-instrumentierung-fuer-shm\/"},{"@type":"ListItem","position":2,"name":"Produkte","item":"https:\/\/sisgeo.com\/de\/produkte\/"},{"@type":"ListItem","position":3,"name":"Lotanlagen"}]},{"@type":"WebSite","@id":"https:\/\/sisgeo.com\/de\/#website","url":"https:\/\/sisgeo.com\/de\/","name":"Sisgeo","description":"Inclined to improvement","publisher":{"@id":"https:\/\/sisgeo.com\/de\/#organization"},"potentialAction":[{"@type":"SearchAction","target":{"@type":"EntryPoint","urlTemplate":"https:\/\/sisgeo.com\/de\/?s={search_term_string}"},"query-input":{"@type":"PropertyValueSpecification","valueRequired":true,"valueName":"search_term_string"}}],"inLanguage":"de"},{"@type":"Organization","@id":"https:\/\/sisgeo.com\/de\/#organization","name":"Sisgeo S.r.l.","url":"https:\/\/sisgeo.com\/de\/","logo":{"@type":"ImageObject","inLanguage":"de","@id":"https:\/\/sisgeo.com\/de\/#\/schema\/logo\/image\/","url":"https:\/\/sisgeodev.pipehosting.it\/wp-content\/uploads\/2023\/06\/logo-RGB.png","contentUrl":"https:\/\/sisgeodev.pipehosting.it\/wp-content\/uploads\/2023\/06\/logo-RGB.png","width":205,"height":97,"caption":"Sisgeo S.r.l."},"image":{"@id":"https:\/\/sisgeo.com\/de\/#\/schema\/logo\/image\/"}}]}},"_links":{"self":[{"href":"https:\/\/sisgeo.com\/de\/wp-json\/wp\/v2\/pages\/21049","targetHints":{"allow":["GET"]}}],"collection":[{"href":"https:\/\/sisgeo.com\/de\/wp-json\/wp\/v2\/pages"}],"about":[{"href":"https:\/\/sisgeo.com\/de\/wp-json\/wp\/v2\/types\/page"}],"author":[{"embeddable":true,"href":"https:\/\/sisgeo.com\/de\/wp-json\/wp\/v2\/users\/1"}],"replies":[{"embeddable":true,"href":"https:\/\/sisgeo.com\/de\/wp-json\/wp\/v2\/comments?post=21049"}],"version-history":[{"count":3,"href":"https:\/\/sisgeo.com\/de\/wp-json\/wp\/v2\/pages\/21049\/revisions"}],"predecessor-version":[{"id":28109,"href":"https:\/\/sisgeo.com\/de\/wp-json\/wp\/v2\/pages\/21049\/revisions\/28109"}],"up":[{"embeddable":true,"href":"https:\/\/sisgeo.com\/de\/wp-json\/wp\/v2\/pages\/20241"}],"wp:featuredmedia":[{"embeddable":true,"href":"https:\/\/sisgeo.com\/de\/wp-json\/wp\/v2\/media\/4101"}],"wp:attachment":[{"href":"https:\/\/sisgeo.com\/de\/wp-json\/wp\/v2\/media?parent=21049"}],"wp:term":[{"taxonomy":"category","embeddable":true,"href":"https:\/\/sisgeo.com\/de\/wp-json\/wp\/v2\/categories?post=21049"},{"taxonomy":"post_tag","embeddable":true,"href":"https:\/\/sisgeo.com\/de\/wp-json\/wp\/v2\/tags?post=21049"}],"curies":[{"name":"wp","href":"https:\/\/api.w.org\/{rel}","templated":true}]}}