{"id":21055,"date":"2023-06-05T10:24:17","date_gmt":"2023-06-05T08:24:17","guid":{"rendered":"https:\/\/sisgeo.com\/produkte\/neigungsmesser-gehaeuse\/"},"modified":"2025-02-11T12:57:30","modified_gmt":"2025-02-11T11:57:30","slug":"inklinometer-messrohre","status":"publish","type":"page","link":"https:\/\/sisgeo.com\/de\/produkte\/inklinometer-messrohre\/","title":{"rendered":"Inklinometer-Messrohre"},"content":{"rendered":"\t\t<div data-elementor-type=\"wp-page\" data-elementor-id=\"21055\" class=\"elementor elementor-21055 elementor-1860\" data-elementor-post-type=\"page\">\n\t\t\t\t<div class=\"elementor-element elementor-element-7a63a93 e-flex e-con-boxed e-con e-parent\" data-id=\"7a63a93\" data-element_type=\"container\" data-e-type=\"container\">\n\t\t\t\t\t<div class=\"e-con-inner\">\n\t\t\t\t<div class=\"elementor-element elementor-element-99defb4 elementor-widget elementor-widget-text-editor\" data-id=\"99defb4\" data-element_type=\"widget\" data-e-type=\"widget\" data-widget_type=\"text-editor.default\">\n\t\t\t\t<div class=\"elementor-widget-container\">\n\t\t\t\t\t\t\t\t\t<p>Inklinometerrohre spielen eine wichtige Rolle im geotechnischen Monitoring. Sie sind der Schutz und die F\u00fchrung f\u00fcr Neigungsmesssonden und bilden eine dauerhafte Messbasis f\u00fcr pr\u00e4zise Messungen von Bodenbewegungen. <\/p>\n<p>Inklinometermessstellen werden meistens aus ABS- oder Aluminiumrohr ausgebildet, je nach den projektspezifischen Anforderungen oder den \u00f6rtlichen Gegebenheiten.<\/p>\n\t\t\t\t\t\t\t\t<\/div>\n\t\t\t\t<\/div>\n\t\t\t\t<div class=\"elementor-element elementor-element-8a09a03 elementor-widget elementor-widget-accordion\" data-id=\"8a09a03\" data-element_type=\"widget\" data-e-type=\"widget\" data-widget_type=\"accordion.default\">\n\t\t\t\t<div class=\"elementor-widget-container\">\n\t\t\t\t\t\t\t<div class=\"elementor-accordion\">\n\t\t\t\t\t\t\t<div class=\"elementor-accordion-item\">\n\t\t\t\t\t<div id=\"elementor-tab-title-1441\" class=\"elementor-tab-title\" data-tab=\"1\" role=\"button\" aria-controls=\"elementor-tab-content-1441\" aria-expanded=\"false\">\n\t\t\t\t\t\t\t\t\t\t\t\t\t<span class=\"elementor-accordion-icon elementor-accordion-icon-right\" aria-hidden=\"true\">\n\t\t\t\t\t\t\t\t\t\t\t\t\t\t\t<span class=\"elementor-accordion-icon-closed\"><svg xmlns=\"http:\/\/www.w3.org\/2000\/svg\" width=\"29\" height=\"16\" viewBox=\"0 0 29 16\" fill=\"none\"><path fill-rule=\"evenodd\" clip-rule=\"evenodd\" d=\"M27.25 0L14.375 13.038L1.5 0L0 1.5L14.4 15.9L28.749 1.5L27.25 0Z\" fill=\"#E4002B\"><\/path><\/svg><\/span>\n\t\t\t\t\t\t\t\t<span class=\"elementor-accordion-icon-opened\"><svg xmlns=\"http:\/\/www.w3.org\/2000\/svg\" width=\"29\" height=\"14\" viewBox=\"0 0 29 14\" fill=\"none\"><path fill-rule=\"evenodd\" clip-rule=\"evenodd\" d=\"M1.49902 13.1885L14.374 2.61651L27.249 13.1885L28.749 11.9722L14.349 0.295833L2.28882e-05 11.9722L1.49902 13.1885Z\" fill=\"#E4002B\"><\/path><\/svg><\/span>\n\t\t\t\t\t\t\t\t\t\t\t\t\t\t<\/span>\n\t\t\t\t\t\t\t\t\t\t\t\t<a class=\"elementor-accordion-title\" tabindex=\"0\">Mehr zum Thema<\/a>\n\t\t\t\t\t<\/div>\n\t\t\t\t\t<div id=\"elementor-tab-content-1441\" class=\"elementor-tab-content elementor-clearfix\" data-tab=\"1\" role=\"region\" aria-labelledby=\"elementor-tab-title-1441\"><p>Sisgeo bietet verschiedene <strong>Inklinometer-Messrohre<\/strong> an, die passend zu Messstellentiefe, der bodenmechanischen Gegebenheiten, sowie m\u00f6glichen chemischen und physischen Einfl\u00fcssen, ausgew\u00e4hlt werden m\u00fcssen. ABS Inklinometerrohre sind f\u00fcr Ihre Best\u00e4ndigkeit gegen\u00fcber Chemikalien und Kriechstr\u00f6men bekannt. <\/p>\n<p>Aluminiumrohre werden f\u00fcr sehr tiefe Inklinometerpegel (z.B. &gt; 150 m) empfohlen.<\/p>\n<p>Die Inklinometermesspegel k\u00f6nnen mit digitalen MEMS-Inklinometersonden (BRAIN Inklinometer Sonde) oder mit digitalen Ketteninklinometern (IPI In-Place Inclinometers) gemessen werden.<\/p>\n<p>Weiterf\u00fchrende Informationen und Hilfestellungen bez\u00fcglich Inklinometermesstellen k\u00f6nnen in der ISO 18674-3 \u201cMeasurement of displacements across a line: Inclinometers\u201d gefunden werden.<\/p>\n<\/div>\n\t\t\t\t<\/div>\n\t\t\t\t\t\t\t\t<\/div>\n\t\t\t\t\t\t<\/div>\n\t\t\t\t<\/div>\n\t\t\t\t<div class=\"elementor-element elementor-element-58a3ecd dce-posts-layout-default dce-col-4 dce-col-tablet-3 dce-col-mobile-1 dce-align-left elementor-widget elementor-widget-dce-dynamicposts-v2\" data-id=\"58a3ecd\" data-element_type=\"widget\" data-e-type=\"widget\" data-settings=\"{&quot;templatemode_linkable&quot;:&quot;yes&quot;,&quot;style_items&quot;:&quot;default&quot;,&quot;grid_grid_type&quot;:&quot;flex&quot;}\" data-widget_type=\"dce-dynamicposts-v2.grid\">\n\t\t\t\t<div class=\"elementor-widget-container\">\n\t\t\t\t\t\n\t\t<div class=\"dce-fix-background-loop dce-posts-container dce-posts dce-dynamic-posts-collection  dce-skin-grid dce-skin-grid-flex\">\n\t\t\t\t\t\t<div class=\"dce-posts-wrapper dce-wrapper-grid\">\n\t\t\t\n\t\t<article class=\"post-20527 page type-page status-publish has-post-thumbnail hentry category-inklinometermessrohre-mit-schnellkupplungen category-neigungsmesser-gehause dce-post dce-post-item dce-item-grid\" data-dce-post-id=\"20527\" data-dce-post-index=\"0\" data-post-link=\"https:\/\/sisgeo.com\/de\/produkte\/inklinometer-messrohre\/inklinometermessrohre-mit-schnellkupplungen\/\">\n\t\t\t<div class=\"dce-post-block elementor-animation-grow\">\n\t\t<div class=\"dce-item dce-item_image elementor-repeater-item-9ee1dae\"><a class=\"dce-post-image\" href=\"https:\/\/sisgeo.com\/de\/produkte\/inklinometer-messrohre\/inklinometermessrohre-mit-schnellkupplungen\/\"><figure  class=\"dce-img\"><img fetchpriority=\"high\" decoding=\"async\" width=\"960\" height=\"540\" src=\"https:\/\/sisgeo.com\/wp-content\/uploads\/2023\/08\/0_quick_joint_inclinometer_casing.png\" class=\"\" alt=\"Inklinometermessrohre mit Schnellkupplungen\" srcset=\"https:\/\/sisgeo.com\/wp-content\/uploads\/2023\/08\/0_quick_joint_inclinometer_casing.png 960w, https:\/\/sisgeo.com\/wp-content\/uploads\/2023\/08\/0_quick_joint_inclinometer_casing-300x169.png 300w, https:\/\/sisgeo.com\/wp-content\/uploads\/2023\/08\/0_quick_joint_inclinometer_casing-768x432.png 768w\" sizes=\"(max-width: 960px) 100vw, 960px\" \/><\/figure><\/a><\/div><div class=\"dce-item dce-item_title elementor-repeater-item-b433209\"><h5 class=\"dce-post-title\"><a href=\"https:\/\/sisgeo.com\/de\/produkte\/inklinometer-messrohre\/inklinometermessrohre-mit-schnellkupplungen\/\">Inklinometermessrohre mit Schnellkupplungen<\/a><\/h5><\/div><div class=\"dce-item dce-item_readmore elementor-repeater-item-ef0e5ce\">\t\t<div class=\"dce-post-button\">\n\t\t\t<a href=\"https:\/\/sisgeo.com\/de\/produkte\/inklinometer-messrohre\/inklinometermessrohre-mit-schnellkupplungen\/\" class=\"elementor-button-link elementor-button dce-button elementor-size-sm\" role=\"button\" >\n\t\t\t<div class=\"align-middle\"><span>Mehr erfahren<\/span><img decoding=\"async\" src=\"https:\/\/sisgeo.com\/wp-content\/uploads\/2023\/05\/arrow_red.png\"><\/div>\t\t\t<\/a>\n\t\t<\/div>\n\t\t<\/div>\t\t\t<\/div>\n\t\t<\/article>\n\t\t\n\t\t<article class=\"post-20510 page type-page status-publish has-post-thumbnail hentry category-inklinometermessrohre-easy-lock category-neigungsmesser-gehause dce-post dce-post-item dce-item-grid\" data-dce-post-id=\"20510\" data-dce-post-index=\"1\" data-post-link=\"https:\/\/sisgeo.com\/de\/produkte\/inklinometer-messrohre\/inklinometermessrohre-easy-lock\/\">\n\t\t\t<div class=\"dce-post-block elementor-animation-grow\">\n\t\t<div class=\"dce-item dce-item_image elementor-repeater-item-9ee1dae\"><a class=\"dce-post-image\" href=\"https:\/\/sisgeo.com\/de\/produkte\/inklinometer-messrohre\/inklinometermessrohre-easy-lock\/\"><figure  class=\"dce-img\"><img decoding=\"async\" width=\"960\" height=\"540\" src=\"https:\/\/sisgeo.com\/wp-content\/uploads\/2023\/08\/00_easy_lock_ABS_inclinometer_.png\" class=\"\" alt=\"Inklinometermessrohre &#8222;Easy Lock&#8220;\" srcset=\"https:\/\/sisgeo.com\/wp-content\/uploads\/2023\/08\/00_easy_lock_ABS_inclinometer_.png 960w, https:\/\/sisgeo.com\/wp-content\/uploads\/2023\/08\/00_easy_lock_ABS_inclinometer_-300x169.png 300w, https:\/\/sisgeo.com\/wp-content\/uploads\/2023\/08\/00_easy_lock_ABS_inclinometer_-768x432.png 768w\" sizes=\"(max-width: 960px) 100vw, 960px\" \/><\/figure><\/a><\/div><div class=\"dce-item dce-item_title elementor-repeater-item-b433209\"><h5 class=\"dce-post-title\"><a href=\"https:\/\/sisgeo.com\/de\/produkte\/inklinometer-messrohre\/inklinometermessrohre-easy-lock\/\">Inklinometermessrohre &#8222;Easy Lock&#8220;<\/a><\/h5><\/div><div class=\"dce-item dce-item_readmore elementor-repeater-item-ef0e5ce\">\t\t<div class=\"dce-post-button\">\n\t\t\t<a href=\"https:\/\/sisgeo.com\/de\/produkte\/inklinometer-messrohre\/inklinometermessrohre-easy-lock\/\" class=\"elementor-button-link elementor-button dce-button elementor-size-sm\" role=\"button\" >\n\t\t\t<div class=\"align-middle\"><span>Mehr erfahren<\/span><img decoding=\"async\" src=\"https:\/\/sisgeo.com\/wp-content\/uploads\/2023\/05\/arrow_red.png\"><\/div>\t\t\t<\/a>\n\t\t<\/div>\n\t\t<\/div>\t\t\t<\/div>\n\t\t<\/article>\n\t\t\n\t\t<article class=\"post-20519 page type-page status-publish has-post-thumbnail hentry category-inklinometermessrohr category-neigungsmesser-gehause dce-post dce-post-item dce-item-grid\" data-dce-post-id=\"20519\" data-dce-post-index=\"2\" data-post-link=\"https:\/\/sisgeo.com\/de\/produkte\/inklinometer-messrohre\/inklinometermessrohr\/\">\n\t\t\t<div class=\"dce-post-block elementor-animation-grow\">\n\t\t<div class=\"dce-item dce-item_image elementor-repeater-item-9ee1dae\"><a class=\"dce-post-image\" href=\"https:\/\/sisgeo.com\/de\/produkte\/inklinometer-messrohre\/inklinometermessrohr\/\"><figure  class=\"dce-img\"><img decoding=\"async\" width=\"960\" height=\"540\" src=\"https:\/\/sisgeo.com\/wp-content\/uploads\/2023\/08\/inclinometer_tubes_00_sisgeo_red.png\" class=\"\" alt=\"Inklinometermessrohr\" srcset=\"https:\/\/sisgeo.com\/wp-content\/uploads\/2023\/08\/inclinometer_tubes_00_sisgeo_red.png 960w, https:\/\/sisgeo.com\/wp-content\/uploads\/2023\/08\/inclinometer_tubes_00_sisgeo_red-300x169.png 300w, https:\/\/sisgeo.com\/wp-content\/uploads\/2023\/08\/inclinometer_tubes_00_sisgeo_red-768x432.png 768w\" sizes=\"(max-width: 960px) 100vw, 960px\" \/><\/figure><\/a><\/div><div class=\"dce-item dce-item_title elementor-repeater-item-b433209\"><h5 class=\"dce-post-title\"><a href=\"https:\/\/sisgeo.com\/de\/produkte\/inklinometer-messrohre\/inklinometermessrohr\/\">Inklinometermessrohr<\/a><\/h5><\/div><div class=\"dce-item dce-item_readmore elementor-repeater-item-ef0e5ce\">\t\t<div class=\"dce-post-button\">\n\t\t\t<a href=\"https:\/\/sisgeo.com\/de\/produkte\/inklinometer-messrohre\/inklinometermessrohr\/\" class=\"elementor-button-link elementor-button dce-button elementor-size-sm\" role=\"button\" >\n\t\t\t<div class=\"align-middle\"><span>Mehr erfahren<\/span><img decoding=\"async\" src=\"https:\/\/sisgeo.com\/wp-content\/uploads\/2023\/05\/arrow_red.png\"><\/div>\t\t\t<\/a>\n\t\t<\/div>\n\t\t<\/div>\t\t\t<\/div>\n\t\t<\/article>\n\t\t\t\t\t<\/div>\n\t\t\t\t\t<\/div>\n\t\t\t\t\t\t<\/div>\n\t\t\t\t<\/div>\n\t\t\t\t\t<\/div>\n\t\t\t\t<\/div>\n\t\t\t\t<\/div>\n\t\t","protected":false},"excerpt":{"rendered":"<p>Inklinometerrohre spielen eine wichtige Rolle im geotechnischen Monitoring. Sie sind der Schutz und die F\u00fchrung f\u00fcr Neigungsmesssonden und bilden eine dauerhafte Messbasis f\u00fcr pr\u00e4zise Messungen von Bodenbewegungen. Inklinometermessstellen werden meistens aus ABS- oder Aluminiumrohr ausgebildet, je nach den projektspezifischen Anforderungen oder den \u00f6rtlichen Gegebenheiten. Mehr zum Thema Sisgeo bietet verschiedene Inklinometer-Messrohre an, die passend zu [&hellip;]<\/p>\n","protected":false},"author":1,"featured_media":3870,"parent":20241,"menu_order":0,"comment_status":"closed","ping_status":"closed","template":"","meta":{"footnotes":""},"categories":[215],"tags":[],"class_list":["post-21055","page","type-page","status-publish","has-post-thumbnail","hentry","category-products-de-2"],"yoast_head":"<!-- This site is optimized with the Yoast SEO Premium plugin v27.2 (Yoast SEO v27.2) - https:\/\/yoast.com\/product\/yoast-seo-premium-wordpress\/ -->\n<title>Inklinometer-Messrohre - Sisgeo<\/title>\n<meta name=\"robots\" content=\"index, follow, max-snippet:-1, max-image-preview:large, max-video-preview:-1\" \/>\n<link rel=\"canonical\" href=\"https:\/\/sisgeo.com\/de\/produkte\/inklinometer-messrohre\/\" \/>\n<meta property=\"og:locale\" content=\"de_DE\" \/>\n<meta property=\"og:type\" content=\"article\" \/>\n<meta property=\"og:title\" content=\"Inklinometer-Messrohre\" \/>\n<meta property=\"og:description\" content=\"Inklinometerrohre spielen eine wichtige Rolle im geotechnischen Monitoring. Sie sind der Schutz und die F\u00fchrung f\u00fcr Neigungsmesssonden und bilden eine dauerhafte Messbasis f\u00fcr pr\u00e4zise Messungen von Bodenbewegungen. Inklinometermessstellen werden meistens aus ABS- oder Aluminiumrohr ausgebildet, je nach den projektspezifischen Anforderungen oder den \u00f6rtlichen Gegebenheiten. Mehr zum Thema Sisgeo bietet verschiedene Inklinometer-Messrohre an, die passend zu [&hellip;]\" \/>\n<meta property=\"og:url\" content=\"https:\/\/sisgeo.com\/de\/produkte\/inklinometer-messrohre\/\" \/>\n<meta property=\"og:site_name\" content=\"Sisgeo\" \/>\n<meta property=\"article:modified_time\" content=\"2025-02-11T11:57:30+00:00\" \/>\n<meta property=\"og:image\" content=\"https:\/\/sisgeo.com\/wp-content\/uploads\/2023\/07\/1_INCLINOMETER-CASINGS.jpg\" \/>\n\t<meta property=\"og:image:width\" content=\"294\" \/>\n\t<meta property=\"og:image:height\" content=\"164\" \/>\n\t<meta property=\"og:image:type\" content=\"image\/jpeg\" \/>\n<meta name=\"twitter:card\" content=\"summary_large_image\" \/>\n<meta name=\"twitter:label1\" content=\"Gesch\u00e4tzte Lesezeit\" \/>\n\t<meta name=\"twitter:data1\" content=\"1\u00a0Minute\" \/>\n<script type=\"application\/ld+json\" class=\"yoast-schema-graph\">{\"@context\":\"https:\/\/schema.org\",\"@graph\":[{\"@type\":\"WebPage\",\"@id\":\"https:\/\/sisgeo.com\/de\/produkte\/inklinometer-messrohre\/\",\"url\":\"https:\/\/sisgeo.com\/de\/produkte\/inklinometer-messrohre\/\",\"name\":\"Inklinometer-Messrohre - Sisgeo\",\"isPartOf\":{\"@id\":\"https:\/\/sisgeo.com\/de\/#website\"},\"primaryImageOfPage\":{\"@id\":\"https:\/\/sisgeo.com\/de\/produkte\/inklinometer-messrohre\/#primaryimage\"},\"image\":{\"@id\":\"https:\/\/sisgeo.com\/de\/produkte\/inklinometer-messrohre\/#primaryimage\"},\"thumbnailUrl\":\"https:\/\/sisgeo.com\/wp-content\/uploads\/2023\/07\/1_INCLINOMETER-CASINGS.jpg\",\"datePublished\":\"2023-06-05T08:24:17+00:00\",\"dateModified\":\"2025-02-11T11:57:30+00:00\",\"breadcrumb\":{\"@id\":\"https:\/\/sisgeo.com\/de\/produkte\/inklinometer-messrohre\/#breadcrumb\"},\"inLanguage\":\"de\",\"potentialAction\":[{\"@type\":\"ReadAction\",\"target\":[\"https:\/\/sisgeo.com\/de\/produkte\/inklinometer-messrohre\/\"]}]},{\"@type\":\"ImageObject\",\"inLanguage\":\"de\",\"@id\":\"https:\/\/sisgeo.com\/de\/produkte\/inklinometer-messrohre\/#primaryimage\",\"url\":\"https:\/\/sisgeo.com\/wp-content\/uploads\/2023\/07\/1_INCLINOMETER-CASINGS.jpg\",\"contentUrl\":\"https:\/\/sisgeo.com\/wp-content\/uploads\/2023\/07\/1_INCLINOMETER-CASINGS.jpg\",\"width\":294,\"height\":164},{\"@type\":\"BreadcrumbList\",\"@id\":\"https:\/\/sisgeo.com\/de\/produkte\/inklinometer-messrohre\/#breadcrumb\",\"itemListElement\":[{\"@type\":\"ListItem\",\"position\":1,\"name\":\"Home\",\"item\":\"https:\/\/sisgeo.com\/de\/geotechnische-und-strukturelle-instrumentierung-fuer-shm\/\"},{\"@type\":\"ListItem\",\"position\":2,\"name\":\"Produkte\",\"item\":\"https:\/\/sisgeo.com\/de\/produkte\/\"},{\"@type\":\"ListItem\",\"position\":3,\"name\":\"Inklinometer-Messrohre\"}]},{\"@type\":\"WebSite\",\"@id\":\"https:\/\/sisgeo.com\/de\/#website\",\"url\":\"https:\/\/sisgeo.com\/de\/\",\"name\":\"Sisgeo\",\"description\":\"Inclined to improvement\",\"publisher\":{\"@id\":\"https:\/\/sisgeo.com\/de\/#organization\"},\"potentialAction\":[{\"@type\":\"SearchAction\",\"target\":{\"@type\":\"EntryPoint\",\"urlTemplate\":\"https:\/\/sisgeo.com\/de\/?s={search_term_string}\"},\"query-input\":{\"@type\":\"PropertyValueSpecification\",\"valueRequired\":true,\"valueName\":\"search_term_string\"}}],\"inLanguage\":\"de\"},{\"@type\":\"Organization\",\"@id\":\"https:\/\/sisgeo.com\/de\/#organization\",\"name\":\"Sisgeo S.r.l.\",\"url\":\"https:\/\/sisgeo.com\/de\/\",\"logo\":{\"@type\":\"ImageObject\",\"inLanguage\":\"de\",\"@id\":\"https:\/\/sisgeo.com\/de\/#\/schema\/logo\/image\/\",\"url\":\"https:\/\/sisgeodev.pipehosting.it\/wp-content\/uploads\/2023\/06\/logo-RGB.png\",\"contentUrl\":\"https:\/\/sisgeodev.pipehosting.it\/wp-content\/uploads\/2023\/06\/logo-RGB.png\",\"width\":205,\"height\":97,\"caption\":\"Sisgeo S.r.l.\"},\"image\":{\"@id\":\"https:\/\/sisgeo.com\/de\/#\/schema\/logo\/image\/\"}}]}<\/script>\n<!-- \/ Yoast SEO Premium plugin. -->","yoast_head_json":{"title":"Inklinometer-Messrohre - Sisgeo","robots":{"index":"index","follow":"follow","max-snippet":"max-snippet:-1","max-image-preview":"max-image-preview:large","max-video-preview":"max-video-preview:-1"},"canonical":"https:\/\/sisgeo.com\/de\/produkte\/inklinometer-messrohre\/","og_locale":"de_DE","og_type":"article","og_title":"Inklinometer-Messrohre","og_description":"Inklinometerrohre spielen eine wichtige Rolle im geotechnischen Monitoring. Sie sind der Schutz und die F\u00fchrung f\u00fcr Neigungsmesssonden und bilden eine dauerhafte Messbasis f\u00fcr pr\u00e4zise Messungen von Bodenbewegungen. Inklinometermessstellen werden meistens aus ABS- oder Aluminiumrohr ausgebildet, je nach den projektspezifischen Anforderungen oder den \u00f6rtlichen Gegebenheiten. Mehr zum Thema Sisgeo bietet verschiedene Inklinometer-Messrohre an, die passend zu [&hellip;]","og_url":"https:\/\/sisgeo.com\/de\/produkte\/inklinometer-messrohre\/","og_site_name":"Sisgeo","article_modified_time":"2025-02-11T11:57:30+00:00","og_image":[{"width":294,"height":164,"url":"https:\/\/sisgeo.com\/wp-content\/uploads\/2023\/07\/1_INCLINOMETER-CASINGS.jpg","type":"image\/jpeg"}],"twitter_card":"summary_large_image","twitter_misc":{"Gesch\u00e4tzte Lesezeit":"1\u00a0Minute"},"schema":{"@context":"https:\/\/schema.org","@graph":[{"@type":"WebPage","@id":"https:\/\/sisgeo.com\/de\/produkte\/inklinometer-messrohre\/","url":"https:\/\/sisgeo.com\/de\/produkte\/inklinometer-messrohre\/","name":"Inklinometer-Messrohre - Sisgeo","isPartOf":{"@id":"https:\/\/sisgeo.com\/de\/#website"},"primaryImageOfPage":{"@id":"https:\/\/sisgeo.com\/de\/produkte\/inklinometer-messrohre\/#primaryimage"},"image":{"@id":"https:\/\/sisgeo.com\/de\/produkte\/inklinometer-messrohre\/#primaryimage"},"thumbnailUrl":"https:\/\/sisgeo.com\/wp-content\/uploads\/2023\/07\/1_INCLINOMETER-CASINGS.jpg","datePublished":"2023-06-05T08:24:17+00:00","dateModified":"2025-02-11T11:57:30+00:00","breadcrumb":{"@id":"https:\/\/sisgeo.com\/de\/produkte\/inklinometer-messrohre\/#breadcrumb"},"inLanguage":"de","potentialAction":[{"@type":"ReadAction","target":["https:\/\/sisgeo.com\/de\/produkte\/inklinometer-messrohre\/"]}]},{"@type":"ImageObject","inLanguage":"de","@id":"https:\/\/sisgeo.com\/de\/produkte\/inklinometer-messrohre\/#primaryimage","url":"https:\/\/sisgeo.com\/wp-content\/uploads\/2023\/07\/1_INCLINOMETER-CASINGS.jpg","contentUrl":"https:\/\/sisgeo.com\/wp-content\/uploads\/2023\/07\/1_INCLINOMETER-CASINGS.jpg","width":294,"height":164},{"@type":"BreadcrumbList","@id":"https:\/\/sisgeo.com\/de\/produkte\/inklinometer-messrohre\/#breadcrumb","itemListElement":[{"@type":"ListItem","position":1,"name":"Home","item":"https:\/\/sisgeo.com\/de\/geotechnische-und-strukturelle-instrumentierung-fuer-shm\/"},{"@type":"ListItem","position":2,"name":"Produkte","item":"https:\/\/sisgeo.com\/de\/produkte\/"},{"@type":"ListItem","position":3,"name":"Inklinometer-Messrohre"}]},{"@type":"WebSite","@id":"https:\/\/sisgeo.com\/de\/#website","url":"https:\/\/sisgeo.com\/de\/","name":"Sisgeo","description":"Inclined to improvement","publisher":{"@id":"https:\/\/sisgeo.com\/de\/#organization"},"potentialAction":[{"@type":"SearchAction","target":{"@type":"EntryPoint","urlTemplate":"https:\/\/sisgeo.com\/de\/?s={search_term_string}"},"query-input":{"@type":"PropertyValueSpecification","valueRequired":true,"valueName":"search_term_string"}}],"inLanguage":"de"},{"@type":"Organization","@id":"https:\/\/sisgeo.com\/de\/#organization","name":"Sisgeo S.r.l.","url":"https:\/\/sisgeo.com\/de\/","logo":{"@type":"ImageObject","inLanguage":"de","@id":"https:\/\/sisgeo.com\/de\/#\/schema\/logo\/image\/","url":"https:\/\/sisgeodev.pipehosting.it\/wp-content\/uploads\/2023\/06\/logo-RGB.png","contentUrl":"https:\/\/sisgeodev.pipehosting.it\/wp-content\/uploads\/2023\/06\/logo-RGB.png","width":205,"height":97,"caption":"Sisgeo S.r.l."},"image":{"@id":"https:\/\/sisgeo.com\/de\/#\/schema\/logo\/image\/"}}]}},"_links":{"self":[{"href":"https:\/\/sisgeo.com\/de\/wp-json\/wp\/v2\/pages\/21055","targetHints":{"allow":["GET"]}}],"collection":[{"href":"https:\/\/sisgeo.com\/de\/wp-json\/wp\/v2\/pages"}],"about":[{"href":"https:\/\/sisgeo.com\/de\/wp-json\/wp\/v2\/types\/page"}],"author":[{"embeddable":true,"href":"https:\/\/sisgeo.com\/de\/wp-json\/wp\/v2\/users\/1"}],"replies":[{"embeddable":true,"href":"https:\/\/sisgeo.com\/de\/wp-json\/wp\/v2\/comments?post=21055"}],"version-history":[{"count":3,"href":"https:\/\/sisgeo.com\/de\/wp-json\/wp\/v2\/pages\/21055\/revisions"}],"predecessor-version":[{"id":28100,"href":"https:\/\/sisgeo.com\/de\/wp-json\/wp\/v2\/pages\/21055\/revisions\/28100"}],"up":[{"embeddable":true,"href":"https:\/\/sisgeo.com\/de\/wp-json\/wp\/v2\/pages\/20241"}],"wp:featuredmedia":[{"embeddable":true,"href":"https:\/\/sisgeo.com\/de\/wp-json\/wp\/v2\/media\/3870"}],"wp:attachment":[{"href":"https:\/\/sisgeo.com\/de\/wp-json\/wp\/v2\/media?parent=21055"}],"wp:term":[{"taxonomy":"category","embeddable":true,"href":"https:\/\/sisgeo.com\/de\/wp-json\/wp\/v2\/categories?post=21055"},{"taxonomy":"post_tag","embeddable":true,"href":"https:\/\/sisgeo.com\/de\/wp-json\/wp\/v2\/tags?post=21055"}],"curies":[{"name":"wp","href":"https:\/\/api.w.org\/{rel}","templated":true}]}}