{"id":21061,"date":"2023-06-27T15:12:32","date_gmt":"2023-06-27T13:12:32","guid":{"rendered":"https:\/\/sisgeo.com\/produkte\/datenlogger\/"},"modified":"2025-02-11T16:56:53","modified_gmt":"2025-02-11T15:56:53","slug":"datenlogger","status":"publish","type":"page","link":"https:\/\/sisgeo.com\/de\/produkte\/datenlogger\/","title":{"rendered":"Datenlogger"},"content":{"rendered":"\t\t<div data-elementor-type=\"wp-page\" data-elementor-id=\"21061\" class=\"elementor elementor-21061 elementor-2744\" data-elementor-post-type=\"page\">\n\t\t\t\t<div class=\"elementor-element elementor-element-7a63a93 e-flex e-con-boxed e-con e-parent\" data-id=\"7a63a93\" data-element_type=\"container\" data-e-type=\"container\">\n\t\t\t\t\t<div class=\"e-con-inner\">\n\t\t\t\t<div class=\"elementor-element elementor-element-caccc42 elementor-widget elementor-widget-heading\" data-id=\"caccc42\" data-element_type=\"widget\" data-e-type=\"widget\" data-widget_type=\"heading.default\">\n\t\t\t\t<div class=\"elementor-widget-container\">\n\t\t\t\t\t<h1 class=\"elementor-heading-title elementor-size-default\">Datenlogger<\/h1>\t\t\t\t<\/div>\n\t\t\t\t<\/div>\n\t\t\t\t<div class=\"elementor-element elementor-element-99defb4 elementor-widget elementor-widget-text-editor\" data-id=\"99defb4\" data-element_type=\"widget\" data-e-type=\"widget\" data-widget_type=\"text-editor.default\">\n\t\t\t\t<div class=\"elementor-widget-container\">\n\t\t\t\t\t\t\t\t\t<p>Datenlogger sind in der messtechnischen \u00dcberwachung enorm wichtig, da sie die Datenerfassung, Echtzeit\u00fcberwachung, langfristige Datenprotokollierung, Datenverarbeitung und -analyse, kosteng\u00fcnstigere \u00dcberwachung und Alarmsysteme erm\u00f6glichen. Das f\u00fchrt zu einer Verbesserung der Genauigkeit, Effizienz und Zuverl\u00e4ssigkeit der Monitoringsysteme und damit zu verbesserter Sicherheit und pr\u00e4ziseren Daten zur Analyse in Infrastrukturprojekten. <\/p>\n<p>Datenerfassungssysteme werden h\u00e4ufig beim Bau von Staud\u00e4mmen, Br\u00fccken, Tunneln, Tiefgr\u00fcndungen, sowie bei der \u00dcberwachung von Hangrutschh\u00e4ngen, der Dammsanierung und im Bergbau eingesetzt.<\/p>\n\t\t\t\t\t\t\t\t<\/div>\n\t\t\t\t<\/div>\n\t\t\t\t<div data-dce-title-color=\"#E20717\" class=\"elementor-element elementor-element-8a09a03 elementor-widget elementor-widget-accordion\" data-id=\"8a09a03\" data-element_type=\"widget\" data-e-type=\"widget\" data-widget_type=\"accordion.default\">\n\t\t\t\t<div class=\"elementor-widget-container\">\n\t\t\t\t\t\t\t<div class=\"elementor-accordion\">\n\t\t\t\t\t\t\t<div class=\"elementor-accordion-item\">\n\t\t\t\t\t<div id=\"elementor-tab-title-1441\" class=\"elementor-tab-title\" data-tab=\"1\" role=\"button\" aria-controls=\"elementor-tab-content-1441\" aria-expanded=\"false\">\n\t\t\t\t\t\t\t\t\t\t\t\t\t<span class=\"elementor-accordion-icon elementor-accordion-icon-right\" aria-hidden=\"true\">\n\t\t\t\t\t\t\t\t\t\t\t\t\t\t\t<span class=\"elementor-accordion-icon-closed\"><svg xmlns=\"http:\/\/www.w3.org\/2000\/svg\" width=\"29\" height=\"16\" viewBox=\"0 0 29 16\" fill=\"none\"><path fill-rule=\"evenodd\" clip-rule=\"evenodd\" d=\"M27.25 0L14.375 13.038L1.5 0L0 1.5L14.4 15.9L28.749 1.5L27.25 0Z\" fill=\"#E4002B\"><\/path><\/svg><\/span>\n\t\t\t\t\t\t\t\t<span class=\"elementor-accordion-icon-opened\"><svg xmlns=\"http:\/\/www.w3.org\/2000\/svg\" width=\"29\" height=\"14\" viewBox=\"0 0 29 14\" fill=\"none\"><path fill-rule=\"evenodd\" clip-rule=\"evenodd\" d=\"M1.49902 13.1885L14.374 2.61651L27.249 13.1885L28.749 11.9722L14.349 0.295833L2.28882e-05 11.9722L1.49902 13.1885Z\" fill=\"#E4002B\"><\/path><\/svg><\/span>\n\t\t\t\t\t\t\t\t\t\t\t\t\t\t<\/span>\n\t\t\t\t\t\t\t\t\t\t\t\t<a class=\"elementor-accordion-title\" tabindex=\"0\">Mehr zum Thema<\/a>\n\t\t\t\t\t<\/div>\n\t\t\t\t\t<div id=\"elementor-tab-content-1441\" class=\"elementor-tab-content elementor-clearfix\" data-tab=\"1\" role=\"region\" aria-labelledby=\"elementor-tab-title-1441\"><p>Der <strong>OMNIAlog<\/strong>-Datenlogger ist modernes System zur automatischen Erfassung und Speicherung von Messdaten in kabelgebundenen Monitoringsystemen.<\/p>\n<p>Die Hauptmerkmale von OMNIAlog sind:<\/p>\n<p>&#8211; Er ben\u00f6tigt dank des integrierten Webservers keine Softwareinstallation.<\/p>\n<p>&#8211; RJ45-LAN-Anschluss f\u00fcr den Anschluss an beliebigen Gateways oder f\u00fcr die Einbindung des Loggers in ein lokales Netzwerk.<\/p>\n<p>&#8211; Hohe Aufl\u00f6sung und Genauigkeit \u00fcber einen weiten Temperaturbereich (-30\u00b0C bis +70\u00b0C).<\/p>\n<p>&#8211; Sowohl analoge als auch digitale Sensoren messbar.<\/p>\n<p>&#8211; Kompatibel mit allen g\u00e4ngigen Sensoren auf dem Markt.<\/p>\n<p>An jedes OMNIAlog-System k\u00f6nnen \u00fcber Multiplexer-Erweiterungen bi zu 400 analoge Sensoren angeschlossen werden. Dank der LAN-Schnittstelle k\u00f6nnen Sie beliebige Erweiterungen (z. B. 4G-Router, WLAN-Accesspoint, andere Funkmodule, Glasfaser-Switche usw.) anschlie\u00dfen. <\/p>\n<p>Dank der webbasierten fortschrittlichen OMNIAlog-Managementsoftware m\u00fcssen Sie sich keine Gedanken \u00fcber Hardwarekompatibilit\u00e4t, verschiedene Betriebssysteme oder Sprachen machen: \u00d6ffnen Sie einfach den Browser, geben Sie die OMNIAlog-IP-Adresse ein und beginnen Sie mit der Arbeit. <\/p>\n<\/p>\n<p><strong>WR-Log<\/strong> ist ein drahtloses Datenerfassungssystem, das die Datenerfassung und -\u00fcbertragung verschiedenster Sensoren erm\u00f6glicht, ohne dass st\u00f6rende Kabelverbindungen erforderlich sind.<\/p>\n<p>Das System besteht aus einer Reihe von batteriebetriebenen &#8222;Knoten&#8220;, die in der Lage sind, digitale oder analoge Sensoren zu messen und die Daten per Funk an ein lokales Gateway zu \u00fcbertragen. Das Gateway sammelt alle empfangenen Daten und kann sie dank des integrierten LAN-Anschlusses und einem internen Router, \u00fcber das Internet versenden.  <\/p>\n<\/div>\n\t\t\t\t<\/div>\n\t\t\t\t\t\t\t\t<\/div>\n\t\t\t\t\t\t<\/div>\n\t\t\t\t<\/div>\n\t\t\t\t<div class=\"elementor-element elementor-element-58a3ecd dce-posts-layout-default dce-col-4 dce-col-tablet-3 dce-col-mobile-1 dce-align-left elementor-widget elementor-widget-dce-dynamicposts-v2\" data-id=\"58a3ecd\" data-element_type=\"widget\" data-e-type=\"widget\" data-settings=\"{&quot;style_items&quot;:&quot;default&quot;,&quot;grid_grid_type&quot;:&quot;flex&quot;}\" data-widget_type=\"dce-dynamicposts-v2.grid\">\n\t\t\t\t<div class=\"elementor-widget-container\">\n\t\t\t\t\t\n\t\t<div class=\"dce-fix-background-loop dce-posts-container dce-posts dce-dynamic-posts-collection  dce-skin-grid dce-skin-grid-flex\">\n\t\t\t\t\t\t<div class=\"dce-posts-wrapper dce-wrapper-grid\">\n\t\t\t\n\t\t<article class=\"post-20367 page type-page status-publish has-post-thumbnail hentry category-datenlogger category-omnialog-datenlogger dce-post dce-post-item dce-item-grid\" data-dce-post-id=\"20367\" data-dce-post-index=\"0\">\n\t\t\t<div class=\"dce-post-block elementor-animation-grow\">\n\t\t<div class=\"dce-item dce-item_image elementor-repeater-item-9ee1dae\"><a class=\"dce-post-image\" href=\"https:\/\/sisgeo.com\/de\/produkte\/datenlogger\/omnialog-datenlogger\/\"><figure  class=\"dce-img\"><img fetchpriority=\"high\" decoding=\"async\" width=\"960\" height=\"540\" src=\"https:\/\/sisgeo.com\/wp-content\/uploads\/2023\/06\/0_omnialog_module_.png\" class=\"\" alt=\"OMNIAlog Datenlogger\" srcset=\"https:\/\/sisgeo.com\/wp-content\/uploads\/2023\/06\/0_omnialog_module_.png 960w, https:\/\/sisgeo.com\/wp-content\/uploads\/2023\/06\/0_omnialog_module_-300x169.png 300w, https:\/\/sisgeo.com\/wp-content\/uploads\/2023\/06\/0_omnialog_module_-768x432.png 768w\" sizes=\"(max-width: 960px) 100vw, 960px\" \/><\/figure><\/a><\/div><div class=\"dce-item dce-item_title elementor-repeater-item-b433209\"><h5 class=\"dce-post-title\"><a href=\"https:\/\/sisgeo.com\/de\/produkte\/datenlogger\/omnialog-datenlogger\/\">OMNIAlog Datenlogger<\/a><\/h5><\/div><div class=\"dce-item dce-item_readmore elementor-repeater-item-ef0e5ce\">\t\t<div class=\"dce-post-button\">\n\t\t\t<a href=\"https:\/\/sisgeo.com\/de\/produkte\/datenlogger\/omnialog-datenlogger\/\" class=\"elementor-button-link elementor-button dce-button elementor-size-sm\" role=\"button\" >\n\t\t\t<div class=\"align-middle\"><span>Mehr erfahren<\/span><img decoding=\"async\" src=\"https:\/\/sisgeo.com\/wp-content\/uploads\/2023\/05\/arrow_red.png\"><\/div>\t\t\t<\/a>\n\t\t<\/div>\n\t\t<\/div>\t\t\t<\/div>\n\t\t<\/article>\n\t\t\n\t\t<article class=\"post-30073 page type-page status-publish has-post-thumbnail hentry category-datenlogger category-senceive-wireless-nodes dce-post dce-post-item dce-item-grid\" data-dce-post-id=\"30073\" data-dce-post-index=\"1\">\n\t\t\t<div class=\"dce-post-block elementor-animation-grow\">\n\t\t<div class=\"dce-item dce-item_image elementor-repeater-item-9ee1dae\"><a class=\"dce-post-image\" href=\"https:\/\/sisgeo.com\/de\/produkte\/datenlogger\/senceive-wireless-nodes\/\"><figure  class=\"dce-img\"><img decoding=\"async\" width=\"960\" height=\"540\" src=\"https:\/\/sisgeo.com\/wp-content\/uploads\/2026\/02\/Senceive-wireless-nodes.jpg\" class=\"\" alt=\"Senceive Wireless nodes\" srcset=\"https:\/\/sisgeo.com\/wp-content\/uploads\/2026\/02\/Senceive-wireless-nodes.jpg 960w, https:\/\/sisgeo.com\/wp-content\/uploads\/2026\/02\/Senceive-wireless-nodes-300x169.jpg 300w, https:\/\/sisgeo.com\/wp-content\/uploads\/2026\/02\/Senceive-wireless-nodes-768x432.jpg 768w\" sizes=\"(max-width: 960px) 100vw, 960px\" \/><\/figure><\/a><\/div><div class=\"dce-item dce-item_title elementor-repeater-item-b433209\"><h5 class=\"dce-post-title\"><a href=\"https:\/\/sisgeo.com\/de\/produkte\/datenlogger\/senceive-wireless-nodes\/\">Senceive Wireless nodes<\/a><\/h5><\/div><div class=\"dce-item dce-item_readmore elementor-repeater-item-ef0e5ce\">\t\t<div class=\"dce-post-button\">\n\t\t\t<a href=\"https:\/\/sisgeo.com\/de\/produkte\/datenlogger\/senceive-wireless-nodes\/\" class=\"elementor-button-link elementor-button dce-button elementor-size-sm\" role=\"button\" >\n\t\t\t<div class=\"align-middle\"><span>Mehr erfahren<\/span><img decoding=\"async\" src=\"https:\/\/sisgeo.com\/wp-content\/uploads\/2023\/05\/arrow_red.png\"><\/div>\t\t\t<\/a>\n\t\t<\/div>\n\t\t<\/div>\t\t\t<\/div>\n\t\t<\/article>\n\t\t\t\t\t<\/div>\n\t\t\t\t\t<\/div>\n\t\t\t\t\t\t<\/div>\n\t\t\t\t<\/div>\n\t\t\t\t\t<\/div>\n\t\t\t\t<\/div>\n\t\t\t\t<\/div>\n\t\t","protected":false},"excerpt":{"rendered":"<p>Datenlogger Datenlogger sind in der messtechnischen \u00dcberwachung enorm wichtig, da sie die Datenerfassung, Echtzeit\u00fcberwachung, langfristige Datenprotokollierung, Datenverarbeitung und -analyse, kosteng\u00fcnstigere \u00dcberwachung und Alarmsysteme erm\u00f6glichen. Das f\u00fchrt zu einer Verbesserung der Genauigkeit, Effizienz und Zuverl\u00e4ssigkeit der Monitoringsysteme und damit zu verbesserter Sicherheit und pr\u00e4ziseren Daten zur Analyse in Infrastrukturprojekten. Datenerfassungssysteme werden h\u00e4ufig beim Bau von Staud\u00e4mmen, [&hellip;]<\/p>\n","protected":false},"author":1,"featured_media":30078,"parent":20241,"menu_order":0,"comment_status":"closed","ping_status":"closed","template":"","meta":{"footnotes":""},"categories":[215],"tags":[],"class_list":["post-21061","page","type-page","status-publish","has-post-thumbnail","hentry","category-products-de-2"],"yoast_head":"<!-- This site is optimized with the Yoast SEO Premium plugin v27.2 (Yoast SEO v27.2) - https:\/\/yoast.com\/product\/yoast-seo-premium-wordpress\/ -->\n<title>Datenlogger - Sisgeo<\/title>\n<meta name=\"robots\" content=\"index, follow, max-snippet:-1, max-image-preview:large, max-video-preview:-1\" \/>\n<link rel=\"canonical\" href=\"https:\/\/sisgeo.com\/de\/produkte\/datenlogger\/\" \/>\n<meta property=\"og:locale\" content=\"de_DE\" \/>\n<meta property=\"og:type\" content=\"article\" \/>\n<meta property=\"og:title\" content=\"Datenlogger\" \/>\n<meta property=\"og:description\" content=\"Datenlogger Datenlogger sind in der messtechnischen \u00dcberwachung enorm wichtig, da sie die Datenerfassung, Echtzeit\u00fcberwachung, langfristige Datenprotokollierung, Datenverarbeitung und -analyse, kosteng\u00fcnstigere \u00dcberwachung und Alarmsysteme erm\u00f6glichen. Das f\u00fchrt zu einer Verbesserung der Genauigkeit, Effizienz und Zuverl\u00e4ssigkeit der Monitoringsysteme und damit zu verbesserter Sicherheit und pr\u00e4ziseren Daten zur Analyse in Infrastrukturprojekten. Datenerfassungssysteme werden h\u00e4ufig beim Bau von Staud\u00e4mmen, [&hellip;]\" \/>\n<meta property=\"og:url\" content=\"https:\/\/sisgeo.com\/de\/produkte\/datenlogger\/\" \/>\n<meta property=\"og:site_name\" content=\"Sisgeo\" \/>\n<meta property=\"article:modified_time\" content=\"2025-02-11T15:56:53+00:00\" \/>\n<meta property=\"og:image\" content=\"https:\/\/sisgeo.com\/wp-content\/uploads\/2023\/07\/16_DATALOGGERS.jpg\" \/>\n\t<meta property=\"og:image:width\" content=\"294\" \/>\n\t<meta property=\"og:image:height\" content=\"164\" \/>\n\t<meta property=\"og:image:type\" content=\"image\/jpeg\" \/>\n<meta name=\"twitter:card\" content=\"summary_large_image\" \/>\n<meta name=\"twitter:label1\" content=\"Gesch\u00e4tzte Lesezeit\" \/>\n\t<meta name=\"twitter:data1\" content=\"2\u00a0Minuten\" \/>\n<script type=\"application\/ld+json\" class=\"yoast-schema-graph\">{\"@context\":\"https:\/\/schema.org\",\"@graph\":[{\"@type\":\"WebPage\",\"@id\":\"https:\/\/sisgeo.com\/de\/produkte\/datenlogger\/\",\"url\":\"https:\/\/sisgeo.com\/de\/produkte\/datenlogger\/\",\"name\":\"Datenlogger - Sisgeo\",\"isPartOf\":{\"@id\":\"https:\/\/sisgeo.com\/de\/#website\"},\"primaryImageOfPage\":{\"@id\":\"https:\/\/sisgeo.com\/de\/produkte\/datenlogger\/#primaryimage\"},\"image\":{\"@id\":\"https:\/\/sisgeo.com\/de\/produkte\/datenlogger\/#primaryimage\"},\"thumbnailUrl\":\"https:\/\/sisgeo.com\/wp-content\/uploads\/2026\/02\/datalogger-sisgo-senceive.jpg\",\"datePublished\":\"2023-06-27T13:12:32+00:00\",\"dateModified\":\"2025-02-11T15:56:53+00:00\",\"breadcrumb\":{\"@id\":\"https:\/\/sisgeo.com\/de\/produkte\/datenlogger\/#breadcrumb\"},\"inLanguage\":\"de\",\"potentialAction\":[{\"@type\":\"ReadAction\",\"target\":[\"https:\/\/sisgeo.com\/de\/produkte\/datenlogger\/\"]}]},{\"@type\":\"ImageObject\",\"inLanguage\":\"de\",\"@id\":\"https:\/\/sisgeo.com\/de\/produkte\/datenlogger\/#primaryimage\",\"url\":\"https:\/\/sisgeo.com\/wp-content\/uploads\/2026\/02\/datalogger-sisgo-senceive.jpg\",\"contentUrl\":\"https:\/\/sisgeo.com\/wp-content\/uploads\/2026\/02\/datalogger-sisgo-senceive.jpg\",\"width\":960,\"height\":540},{\"@type\":\"BreadcrumbList\",\"@id\":\"https:\/\/sisgeo.com\/de\/produkte\/datenlogger\/#breadcrumb\",\"itemListElement\":[{\"@type\":\"ListItem\",\"position\":1,\"name\":\"Home\",\"item\":\"https:\/\/sisgeo.com\/de\/geotechnische-und-strukturelle-instrumentierung-fuer-shm\/\"},{\"@type\":\"ListItem\",\"position\":2,\"name\":\"Produkte\",\"item\":\"https:\/\/sisgeo.com\/de\/produkte\/\"},{\"@type\":\"ListItem\",\"position\":3,\"name\":\"Datenlogger\"}]},{\"@type\":\"WebSite\",\"@id\":\"https:\/\/sisgeo.com\/de\/#website\",\"url\":\"https:\/\/sisgeo.com\/de\/\",\"name\":\"Sisgeo\",\"description\":\"Inclined to improvement\",\"publisher\":{\"@id\":\"https:\/\/sisgeo.com\/de\/#organization\"},\"potentialAction\":[{\"@type\":\"SearchAction\",\"target\":{\"@type\":\"EntryPoint\",\"urlTemplate\":\"https:\/\/sisgeo.com\/de\/?s={search_term_string}\"},\"query-input\":{\"@type\":\"PropertyValueSpecification\",\"valueRequired\":true,\"valueName\":\"search_term_string\"}}],\"inLanguage\":\"de\"},{\"@type\":\"Organization\",\"@id\":\"https:\/\/sisgeo.com\/de\/#organization\",\"name\":\"Sisgeo S.r.l.\",\"url\":\"https:\/\/sisgeo.com\/de\/\",\"logo\":{\"@type\":\"ImageObject\",\"inLanguage\":\"de\",\"@id\":\"https:\/\/sisgeo.com\/de\/#\/schema\/logo\/image\/\",\"url\":\"https:\/\/sisgeodev.pipehosting.it\/wp-content\/uploads\/2023\/06\/logo-RGB.png\",\"contentUrl\":\"https:\/\/sisgeodev.pipehosting.it\/wp-content\/uploads\/2023\/06\/logo-RGB.png\",\"width\":205,\"height\":97,\"caption\":\"Sisgeo S.r.l.\"},\"image\":{\"@id\":\"https:\/\/sisgeo.com\/de\/#\/schema\/logo\/image\/\"}}]}<\/script>\n<!-- \/ Yoast SEO Premium plugin. -->","yoast_head_json":{"title":"Datenlogger - Sisgeo","robots":{"index":"index","follow":"follow","max-snippet":"max-snippet:-1","max-image-preview":"max-image-preview:large","max-video-preview":"max-video-preview:-1"},"canonical":"https:\/\/sisgeo.com\/de\/produkte\/datenlogger\/","og_locale":"de_DE","og_type":"article","og_title":"Datenlogger","og_description":"Datenlogger Datenlogger sind in der messtechnischen \u00dcberwachung enorm wichtig, da sie die Datenerfassung, Echtzeit\u00fcberwachung, langfristige Datenprotokollierung, Datenverarbeitung und -analyse, kosteng\u00fcnstigere \u00dcberwachung und Alarmsysteme erm\u00f6glichen. Das f\u00fchrt zu einer Verbesserung der Genauigkeit, Effizienz und Zuverl\u00e4ssigkeit der Monitoringsysteme und damit zu verbesserter Sicherheit und pr\u00e4ziseren Daten zur Analyse in Infrastrukturprojekten. Datenerfassungssysteme werden h\u00e4ufig beim Bau von Staud\u00e4mmen, [&hellip;]","og_url":"https:\/\/sisgeo.com\/de\/produkte\/datenlogger\/","og_site_name":"Sisgeo","article_modified_time":"2025-02-11T15:56:53+00:00","og_image":[{"width":294,"height":164,"url":"https:\/\/sisgeo.com\/wp-content\/uploads\/2023\/07\/16_DATALOGGERS.jpg","type":"image\/jpeg"}],"twitter_card":"summary_large_image","twitter_misc":{"Gesch\u00e4tzte Lesezeit":"2\u00a0Minuten"},"schema":{"@context":"https:\/\/schema.org","@graph":[{"@type":"WebPage","@id":"https:\/\/sisgeo.com\/de\/produkte\/datenlogger\/","url":"https:\/\/sisgeo.com\/de\/produkte\/datenlogger\/","name":"Datenlogger - Sisgeo","isPartOf":{"@id":"https:\/\/sisgeo.com\/de\/#website"},"primaryImageOfPage":{"@id":"https:\/\/sisgeo.com\/de\/produkte\/datenlogger\/#primaryimage"},"image":{"@id":"https:\/\/sisgeo.com\/de\/produkte\/datenlogger\/#primaryimage"},"thumbnailUrl":"https:\/\/sisgeo.com\/wp-content\/uploads\/2026\/02\/datalogger-sisgo-senceive.jpg","datePublished":"2023-06-27T13:12:32+00:00","dateModified":"2025-02-11T15:56:53+00:00","breadcrumb":{"@id":"https:\/\/sisgeo.com\/de\/produkte\/datenlogger\/#breadcrumb"},"inLanguage":"de","potentialAction":[{"@type":"ReadAction","target":["https:\/\/sisgeo.com\/de\/produkte\/datenlogger\/"]}]},{"@type":"ImageObject","inLanguage":"de","@id":"https:\/\/sisgeo.com\/de\/produkte\/datenlogger\/#primaryimage","url":"https:\/\/sisgeo.com\/wp-content\/uploads\/2026\/02\/datalogger-sisgo-senceive.jpg","contentUrl":"https:\/\/sisgeo.com\/wp-content\/uploads\/2026\/02\/datalogger-sisgo-senceive.jpg","width":960,"height":540},{"@type":"BreadcrumbList","@id":"https:\/\/sisgeo.com\/de\/produkte\/datenlogger\/#breadcrumb","itemListElement":[{"@type":"ListItem","position":1,"name":"Home","item":"https:\/\/sisgeo.com\/de\/geotechnische-und-strukturelle-instrumentierung-fuer-shm\/"},{"@type":"ListItem","position":2,"name":"Produkte","item":"https:\/\/sisgeo.com\/de\/produkte\/"},{"@type":"ListItem","position":3,"name":"Datenlogger"}]},{"@type":"WebSite","@id":"https:\/\/sisgeo.com\/de\/#website","url":"https:\/\/sisgeo.com\/de\/","name":"Sisgeo","description":"Inclined to improvement","publisher":{"@id":"https:\/\/sisgeo.com\/de\/#organization"},"potentialAction":[{"@type":"SearchAction","target":{"@type":"EntryPoint","urlTemplate":"https:\/\/sisgeo.com\/de\/?s={search_term_string}"},"query-input":{"@type":"PropertyValueSpecification","valueRequired":true,"valueName":"search_term_string"}}],"inLanguage":"de"},{"@type":"Organization","@id":"https:\/\/sisgeo.com\/de\/#organization","name":"Sisgeo S.r.l.","url":"https:\/\/sisgeo.com\/de\/","logo":{"@type":"ImageObject","inLanguage":"de","@id":"https:\/\/sisgeo.com\/de\/#\/schema\/logo\/image\/","url":"https:\/\/sisgeodev.pipehosting.it\/wp-content\/uploads\/2023\/06\/logo-RGB.png","contentUrl":"https:\/\/sisgeodev.pipehosting.it\/wp-content\/uploads\/2023\/06\/logo-RGB.png","width":205,"height":97,"caption":"Sisgeo S.r.l."},"image":{"@id":"https:\/\/sisgeo.com\/de\/#\/schema\/logo\/image\/"}}]}},"_links":{"self":[{"href":"https:\/\/sisgeo.com\/de\/wp-json\/wp\/v2\/pages\/21061","targetHints":{"allow":["GET"]}}],"collection":[{"href":"https:\/\/sisgeo.com\/de\/wp-json\/wp\/v2\/pages"}],"about":[{"href":"https:\/\/sisgeo.com\/de\/wp-json\/wp\/v2\/types\/page"}],"author":[{"embeddable":true,"href":"https:\/\/sisgeo.com\/de\/wp-json\/wp\/v2\/users\/1"}],"replies":[{"embeddable":true,"href":"https:\/\/sisgeo.com\/de\/wp-json\/wp\/v2\/comments?post=21061"}],"version-history":[{"count":4,"href":"https:\/\/sisgeo.com\/de\/wp-json\/wp\/v2\/pages\/21061\/revisions"}],"predecessor-version":[{"id":28144,"href":"https:\/\/sisgeo.com\/de\/wp-json\/wp\/v2\/pages\/21061\/revisions\/28144"}],"up":[{"embeddable":true,"href":"https:\/\/sisgeo.com\/de\/wp-json\/wp\/v2\/pages\/20241"}],"wp:featuredmedia":[{"embeddable":true,"href":"https:\/\/sisgeo.com\/de\/wp-json\/wp\/v2\/media\/30078"}],"wp:attachment":[{"href":"https:\/\/sisgeo.com\/de\/wp-json\/wp\/v2\/media?parent=21061"}],"wp:term":[{"taxonomy":"category","embeddable":true,"href":"https:\/\/sisgeo.com\/de\/wp-json\/wp\/v2\/categories?post=21061"},{"taxonomy":"post_tag","embeddable":true,"href":"https:\/\/sisgeo.com\/de\/wp-json\/wp\/v2\/tags?post=21061"}],"curies":[{"name":"wp","href":"https:\/\/api.w.org\/{rel}","templated":true}]}}