{"id":21067,"date":"2023-07-27T09:53:09","date_gmt":"2023-07-27T07:53:09","guid":{"rendered":"https:\/\/sisgeo.com\/produkte\/b-r-a-in-mems-sonden-neigungsmesser\/"},"modified":"2025-02-11T14:20:01","modified_gmt":"2025-02-11T13:20:01","slug":"b-r-a-in-mems-neigungsmesssonde","status":"publish","type":"page","link":"https:\/\/sisgeo.com\/de\/produkte\/b-r-a-in-mems-neigungsmesssonde\/","title":{"rendered":"B.R.A.IN MEMS-Neigungsmesssonde"},"content":{"rendered":"\t\t<div data-elementor-type=\"wp-page\" data-elementor-id=\"21067\" class=\"elementor elementor-21067 elementor-3866\" data-elementor-post-type=\"page\">\n\t\t\t\t<div class=\"elementor-element elementor-element-7a63a93 e-flex e-con-boxed e-con e-parent\" data-id=\"7a63a93\" data-element_type=\"container\" data-e-type=\"container\">\n\t\t\t\t\t<div class=\"e-con-inner\">\n\t\t\t\t<div class=\"elementor-element elementor-element-99defb4 elementor-widget elementor-widget-text-editor\" data-id=\"99defb4\" data-element_type=\"widget\" data-e-type=\"widget\" data-widget_type=\"text-editor.default\">\n\t\t\t\t<div class=\"elementor-widget-container\">\n\t\t\t\t\t\t\t\t\tDas BRAIN Inklinometersystem wird zur Messung von Verschiebungen im Untergrund oder unter Geb\u00e4uden verwendet. Es ist besonders n\u00fctzlich um die Stabilit\u00e4t von H\u00e4ngen, Sch\u00fcttungen, St\u00fctzmauern und anderen Objekten die potenziell Bewegungsgef\u00e4hrdet sind, zu bewerten. Durch die Messung von Neigungen \u00fcber die Zeit k\u00f6nnen Inklinometer aussagekr\u00e4ftige Daten zur Analyse des Verhaltens und der Bewegung der \u00fcberwachten Objekte liefern. Das BRAIN System bildet in Kombination mit der KLION Auswerte- und Analysesoftware ISO 18674-3 Standard konforme Neigungsmessberichte.  \n\n\t\t\t\t\t\t\t\t<\/div>\n\t\t\t\t<\/div>\n\t\t\t\t<div class=\"elementor-element elementor-element-8a09a03 elementor-widget elementor-widget-accordion\" data-id=\"8a09a03\" data-element_type=\"widget\" data-e-type=\"widget\" data-widget_type=\"accordion.default\">\n\t\t\t\t<div class=\"elementor-widget-container\">\n\t\t\t\t\t\t\t<div class=\"elementor-accordion\">\n\t\t\t\t\t\t\t<div class=\"elementor-accordion-item\">\n\t\t\t\t\t<div id=\"elementor-tab-title-1441\" class=\"elementor-tab-title\" data-tab=\"1\" role=\"button\" aria-controls=\"elementor-tab-content-1441\" aria-expanded=\"false\">\n\t\t\t\t\t\t\t\t\t\t\t\t\t<span class=\"elementor-accordion-icon elementor-accordion-icon-right\" aria-hidden=\"true\">\n\t\t\t\t\t\t\t\t\t\t\t\t\t\t\t<span class=\"elementor-accordion-icon-closed\"><svg xmlns=\"http:\/\/www.w3.org\/2000\/svg\" width=\"29\" height=\"16\" viewBox=\"0 0 29 16\" fill=\"none\"><path fill-rule=\"evenodd\" clip-rule=\"evenodd\" d=\"M27.25 0L14.375 13.038L1.5 0L0 1.5L14.4 15.9L28.749 1.5L27.25 0Z\" fill=\"#E4002B\"><\/path><\/svg><\/span>\n\t\t\t\t\t\t\t\t<span class=\"elementor-accordion-icon-opened\"><svg xmlns=\"http:\/\/www.w3.org\/2000\/svg\" width=\"29\" height=\"14\" viewBox=\"0 0 29 14\" fill=\"none\"><path fill-rule=\"evenodd\" clip-rule=\"evenodd\" d=\"M1.49902 13.1885L14.374 2.61651L27.249 13.1885L28.749 11.9722L14.349 0.295833L2.28882e-05 11.9722L1.49902 13.1885Z\" fill=\"#E4002B\"><\/path><\/svg><\/span>\n\t\t\t\t\t\t\t\t\t\t\t\t\t\t<\/span>\n\t\t\t\t\t\t\t\t\t\t\t\t<a class=\"elementor-accordion-title\" tabindex=\"0\">Mehr zum Thema<\/a>\n\t\t\t\t\t<\/div>\n\t\t\t\t\t<div id=\"elementor-tab-content-1441\" class=\"elementor-tab-content elementor-clearfix\" data-tab=\"1\" role=\"region\" aria-labelledby=\"elementor-tab-title-1441\"><p>Die Hauptkomponenten des <strong> BRAIN Inklinometersystems<\/strong> sind die Inklinometersonde, die Bluetoothkabeltrommel, eine Android, bzw. iOS App und die KLION Auswerte- und Analysesoftware f\u00fcr umfangreiche Auswertungen und Berichte.<\/p>\n<p>Die <strong>BRAIN App<\/strong> wurde f\u00fcr die schnelle und einfache Nutzung des BRAIN Systems entwickelt. Die BRAIN App unterst\u00fctzt alle digitalen, anschlie\u00dfbaren Sonden die Sisgeo herstellt (Inklinometersonden, Verdrehungssonde und T-REX Extensomtersonden). <\/p>\n<p><strong>KLION <\/strong> ist eine professionelle Software zur Datenanalyse, graphischen Auswertung und Berichterstellung von Inklinometerauswertungen, Verdrehungskompensation und T-REX L\u00e4ngen\u00e4nderungsmessungen.<\/p>\n<\/div>\n\t\t\t\t<\/div>\n\t\t\t\t\t\t\t\t<\/div>\n\t\t\t\t\t\t<\/div>\n\t\t\t\t<\/div>\n\t\t\t\t<div class=\"elementor-element elementor-element-58a3ecd dce-posts-layout-default dce-col-4 dce-col-tablet-3 dce-col-mobile-1 dce-align-left elementor-widget elementor-widget-dce-dynamicposts-v2\" data-id=\"58a3ecd\" data-element_type=\"widget\" data-e-type=\"widget\" data-settings=\"{&quot;style_items&quot;:&quot;default&quot;,&quot;grid_grid_type&quot;:&quot;flex&quot;}\" data-widget_type=\"dce-dynamicposts-v2.grid\">\n\t\t\t\t<div class=\"elementor-widget-container\">\n\t\t\t\t\t\n\t\t<div class=\"dce-fix-background-loop dce-posts-container dce-posts dce-dynamic-posts-collection  dce-skin-grid dce-skin-grid-flex\">\n\t\t\t\t\t\t<div class=\"dce-posts-wrapper dce-wrapper-grid\">\n\t\t\t\n\t\t<article class=\"post-20278 page type-page status-publish has-post-thumbnail hentry category-b-r-a-in-mems-sonden-neigungsmesser category-b-r-a-in-mems-sonden-neigungsmesser-de dce-post dce-post-item dce-item-grid\" data-dce-post-id=\"20278\" data-dce-post-index=\"0\">\n\t\t\t<div class=\"dce-post-block elementor-animation-grow\">\n\t\t<div class=\"dce-item dce-item_image elementor-repeater-item-9ee1dae\"><a class=\"dce-post-image\" href=\"https:\/\/sisgeo.com\/de\/produkte\/b-r-a-in-mems-neigungsmesssonde\/b-r-a-in-bohrlochinklinometer-system\/\"><figure  class=\"dce-img\"><img fetchpriority=\"high\" decoding=\"async\" width=\"960\" height=\"540\" src=\"https:\/\/sisgeo.com\/wp-content\/uploads\/2023\/08\/0_sisgeo_borehole_readout_array_for_incli.png\" class=\"\" alt=\"B.R.A.IN Bohrlochinklinometer-System\" srcset=\"https:\/\/sisgeo.com\/wp-content\/uploads\/2023\/08\/0_sisgeo_borehole_readout_array_for_incli.png 960w, https:\/\/sisgeo.com\/wp-content\/uploads\/2023\/08\/0_sisgeo_borehole_readout_array_for_incli-300x169.png 300w, https:\/\/sisgeo.com\/wp-content\/uploads\/2023\/08\/0_sisgeo_borehole_readout_array_for_incli-768x432.png 768w\" sizes=\"(max-width: 960px) 100vw, 960px\" \/><\/figure><\/a><\/div><div class=\"dce-item dce-item_title elementor-repeater-item-b433209\"><h5 class=\"dce-post-title\"><a href=\"https:\/\/sisgeo.com\/de\/produkte\/b-r-a-in-mems-neigungsmesssonde\/b-r-a-in-bohrlochinklinometer-system\/\">B.R.A.IN Bohrlochinklinometer-System<\/a><\/h5><\/div><div class=\"dce-item dce-item_readmore elementor-repeater-item-ef0e5ce\">\t\t<div class=\"dce-post-button\">\n\t\t\t<a href=\"https:\/\/sisgeo.com\/de\/produkte\/b-r-a-in-mems-neigungsmesssonde\/b-r-a-in-bohrlochinklinometer-system\/\" class=\"elementor-button-link elementor-button dce-button elementor-size-sm\" role=\"button\" >\n\t\t\t<div class=\"align-middle\"><span>Mehr erfahren<\/span><img decoding=\"async\" src=\"https:\/\/sisgeo.com\/wp-content\/uploads\/2023\/05\/arrow_red.png\"><\/div>\t\t\t<\/a>\n\t\t<\/div>\n\t\t<\/div>\t\t\t<\/div>\n\t\t<\/article>\n\t\t\n\t\t<article class=\"post-20270 page type-page status-publish has-post-thumbnail hentry category-b-r-a-in-app-de category-b-r-a-in-mems-sonden-neigungsmesser dce-post dce-post-item dce-item-grid\" data-dce-post-id=\"20270\" data-dce-post-index=\"1\">\n\t\t\t<div class=\"dce-post-block elementor-animation-grow\">\n\t\t<div class=\"dce-item dce-item_image elementor-repeater-item-9ee1dae\"><a class=\"dce-post-image\" href=\"https:\/\/sisgeo.com\/de\/produkte\/b-r-a-in-mems-neigungsmesssonde\/b-r-a-in-app\/\"><figure  class=\"dce-img\"><img decoding=\"async\" width=\"960\" height=\"540\" src=\"https:\/\/sisgeo.com\/wp-content\/uploads\/2023\/08\/3_sisgeo_brain_app_476bc42af59607a8728995e8.jpg\" class=\"\" alt=\"B.R.A.IN App\" srcset=\"https:\/\/sisgeo.com\/wp-content\/uploads\/2023\/08\/3_sisgeo_brain_app_476bc42af59607a8728995e8.jpg 960w, https:\/\/sisgeo.com\/wp-content\/uploads\/2023\/08\/3_sisgeo_brain_app_476bc42af59607a8728995e8-300x169.jpg 300w, https:\/\/sisgeo.com\/wp-content\/uploads\/2023\/08\/3_sisgeo_brain_app_476bc42af59607a8728995e8-768x432.jpg 768w\" sizes=\"(max-width: 960px) 100vw, 960px\" \/><\/figure><\/a><\/div><div class=\"dce-item dce-item_title elementor-repeater-item-b433209\"><h5 class=\"dce-post-title\"><a href=\"https:\/\/sisgeo.com\/de\/produkte\/b-r-a-in-mems-neigungsmesssonde\/b-r-a-in-app\/\">B.R.A.IN App<\/a><\/h5><\/div><div class=\"dce-item dce-item_readmore elementor-repeater-item-ef0e5ce\">\t\t<div class=\"dce-post-button\">\n\t\t\t<a href=\"https:\/\/sisgeo.com\/de\/produkte\/b-r-a-in-mems-neigungsmesssonde\/b-r-a-in-app\/\" class=\"elementor-button-link elementor-button dce-button elementor-size-sm\" role=\"button\" >\n\t\t\t<div class=\"align-middle\"><span>Mehr erfahren<\/span><img decoding=\"async\" src=\"https:\/\/sisgeo.com\/wp-content\/uploads\/2023\/05\/arrow_red.png\"><\/div>\t\t\t<\/a>\n\t\t<\/div>\n\t\t<\/div>\t\t\t<\/div>\n\t\t<\/article>\n\t\t\n\t\t<article class=\"post-20287 page type-page status-publish has-post-thumbnail hentry category-b-r-a-in-mems-sonden-neigungsmesser category-dehnungsmessstreifen category-klion-software-for-inclinometers-and-t-rex-extensometers-de category-klion-software-for-inclinometers-and-t-rex-extensometers-de-2 dce-post dce-post-item dce-item-grid\" data-dce-post-id=\"20287\" data-dce-post-index=\"2\">\n\t\t\t<div class=\"dce-post-block elementor-animation-grow\">\n\t\t<div class=\"dce-item dce-item_image elementor-repeater-item-9ee1dae\"><a class=\"dce-post-image\" href=\"https:\/\/sisgeo.com\/de\/produkte\/b-r-a-in-mems-neigungsmesssonde\/klion-software-for-inclinometers-and-t-rex-extensometers\/\"><figure  class=\"dce-img\"><img decoding=\"async\" width=\"960\" height=\"540\" src=\"https:\/\/sisgeo.com\/wp-content\/uploads\/2023\/08\/00_Klion_software_sisgeo_inclinometers_an.png\" class=\"\" alt=\"KLION software for inclinometers and T-Rex extensometers\" srcset=\"https:\/\/sisgeo.com\/wp-content\/uploads\/2023\/08\/00_Klion_software_sisgeo_inclinometers_an.png 960w, https:\/\/sisgeo.com\/wp-content\/uploads\/2023\/08\/00_Klion_software_sisgeo_inclinometers_an-300x169.png 300w, https:\/\/sisgeo.com\/wp-content\/uploads\/2023\/08\/00_Klion_software_sisgeo_inclinometers_an-768x432.png 768w\" sizes=\"(max-width: 960px) 100vw, 960px\" \/><\/figure><\/a><\/div><div class=\"dce-item dce-item_title elementor-repeater-item-b433209\"><h5 class=\"dce-post-title\"><a href=\"https:\/\/sisgeo.com\/de\/produkte\/b-r-a-in-mems-neigungsmesssonde\/klion-software-for-inclinometers-and-t-rex-extensometers\/\">KLION software for inclinometers and T-Rex extensometers<\/a><\/h5><\/div><div class=\"dce-item dce-item_readmore elementor-repeater-item-ef0e5ce\">\t\t<div class=\"dce-post-button\">\n\t\t\t<a href=\"https:\/\/sisgeo.com\/de\/produkte\/b-r-a-in-mems-neigungsmesssonde\/klion-software-for-inclinometers-and-t-rex-extensometers\/\" class=\"elementor-button-link elementor-button dce-button elementor-size-sm\" role=\"button\" >\n\t\t\t<div class=\"align-middle\"><span>Mehr erfahren<\/span><img decoding=\"async\" src=\"https:\/\/sisgeo.com\/wp-content\/uploads\/2023\/05\/arrow_red.png\"><\/div>\t\t\t<\/a>\n\t\t<\/div>\n\t\t<\/div>\t\t\t<\/div>\n\t\t<\/article>\n\t\t\t\t\t<\/div>\n\t\t\t\t\t<\/div>\n\t\t\t\t\t\t<\/div>\n\t\t\t\t<\/div>\n\t\t\t\t\t<\/div>\n\t\t\t\t<\/div>\n\t\t\t\t<\/div>\n\t\t","protected":false},"excerpt":{"rendered":"<p>Das BRAIN Inklinometersystem wird zur Messung von Verschiebungen im Untergrund oder unter Geb\u00e4uden verwendet. Es ist besonders n\u00fctzlich um die Stabilit\u00e4t von H\u00e4ngen, Sch\u00fcttungen, St\u00fctzmauern und anderen Objekten die potenziell Bewegungsgef\u00e4hrdet sind, zu bewerten. Durch die Messung von Neigungen \u00fcber die Zeit k\u00f6nnen Inklinometer aussagekr\u00e4ftige Daten zur Analyse des Verhaltens und der Bewegung der \u00fcberwachten [&hellip;]<\/p>\n","protected":false},"author":1,"featured_media":4125,"parent":20241,"menu_order":0,"comment_status":"closed","ping_status":"closed","template":"","meta":{"footnotes":""},"categories":[215],"tags":[],"class_list":["post-21067","page","type-page","status-publish","has-post-thumbnail","hentry","category-products-de-2"],"yoast_head":"<!-- This site is optimized with the Yoast SEO Premium plugin v27.2 (Yoast SEO v27.2) - https:\/\/yoast.com\/product\/yoast-seo-premium-wordpress\/ -->\n<title>B.R.A.IN MEMS-Neigungsmesssonde - Sisgeo<\/title>\n<meta name=\"robots\" content=\"index, follow, max-snippet:-1, max-image-preview:large, max-video-preview:-1\" \/>\n<link rel=\"canonical\" href=\"https:\/\/sisgeo.com\/de\/produkte\/b-r-a-in-mems-neigungsmesssonde\/\" \/>\n<meta property=\"og:locale\" content=\"de_DE\" \/>\n<meta property=\"og:type\" content=\"article\" \/>\n<meta property=\"og:title\" content=\"B.R.A.IN MEMS-Neigungsmesssonde\" \/>\n<meta property=\"og:description\" content=\"Das BRAIN Inklinometersystem wird zur Messung von Verschiebungen im Untergrund oder unter Geb\u00e4uden verwendet. Es ist besonders n\u00fctzlich um die Stabilit\u00e4t von H\u00e4ngen, Sch\u00fcttungen, St\u00fctzmauern und anderen Objekten die potenziell Bewegungsgef\u00e4hrdet sind, zu bewerten. Durch die Messung von Neigungen \u00fcber die Zeit k\u00f6nnen Inklinometer aussagekr\u00e4ftige Daten zur Analyse des Verhaltens und der Bewegung der \u00fcberwachten [&hellip;]\" \/>\n<meta property=\"og:url\" content=\"https:\/\/sisgeo.com\/de\/produkte\/b-r-a-in-mems-neigungsmesssonde\/\" \/>\n<meta property=\"og:site_name\" content=\"Sisgeo\" \/>\n<meta property=\"article:modified_time\" content=\"2025-02-11T13:20:01+00:00\" \/>\n<meta property=\"og:image\" content=\"https:\/\/sisgeo.com\/wp-content\/uploads\/2023\/07\/2_BRAIN-MEMS-PROBE-INCLINOMETER.jpg\" \/>\n\t<meta property=\"og:image:width\" content=\"294\" \/>\n\t<meta property=\"og:image:height\" content=\"164\" \/>\n\t<meta property=\"og:image:type\" content=\"image\/jpeg\" \/>\n<meta name=\"twitter:card\" content=\"summary_large_image\" \/>\n<meta name=\"twitter:label1\" content=\"Gesch\u00e4tzte Lesezeit\" \/>\n\t<meta name=\"twitter:data1\" content=\"1\u00a0Minute\" \/>\n<script type=\"application\/ld+json\" class=\"yoast-schema-graph\">{\"@context\":\"https:\/\/schema.org\",\"@graph\":[{\"@type\":\"WebPage\",\"@id\":\"https:\/\/sisgeo.com\/de\/produkte\/b-r-a-in-mems-neigungsmesssonde\/\",\"url\":\"https:\/\/sisgeo.com\/de\/produkte\/b-r-a-in-mems-neigungsmesssonde\/\",\"name\":\"B.R.A.IN MEMS-Neigungsmesssonde - Sisgeo\",\"isPartOf\":{\"@id\":\"https:\/\/sisgeo.com\/de\/#website\"},\"primaryImageOfPage\":{\"@id\":\"https:\/\/sisgeo.com\/de\/produkte\/b-r-a-in-mems-neigungsmesssonde\/#primaryimage\"},\"image\":{\"@id\":\"https:\/\/sisgeo.com\/de\/produkte\/b-r-a-in-mems-neigungsmesssonde\/#primaryimage\"},\"thumbnailUrl\":\"https:\/\/sisgeo.com\/wp-content\/uploads\/2023\/07\/2_BRAIN-MEMS-PROBE-INCLINOMETER.jpg\",\"datePublished\":\"2023-07-27T07:53:09+00:00\",\"dateModified\":\"2025-02-11T13:20:01+00:00\",\"breadcrumb\":{\"@id\":\"https:\/\/sisgeo.com\/de\/produkte\/b-r-a-in-mems-neigungsmesssonde\/#breadcrumb\"},\"inLanguage\":\"de\",\"potentialAction\":[{\"@type\":\"ReadAction\",\"target\":[\"https:\/\/sisgeo.com\/de\/produkte\/b-r-a-in-mems-neigungsmesssonde\/\"]}]},{\"@type\":\"ImageObject\",\"inLanguage\":\"de\",\"@id\":\"https:\/\/sisgeo.com\/de\/produkte\/b-r-a-in-mems-neigungsmesssonde\/#primaryimage\",\"url\":\"https:\/\/sisgeo.com\/wp-content\/uploads\/2023\/07\/2_BRAIN-MEMS-PROBE-INCLINOMETER.jpg\",\"contentUrl\":\"https:\/\/sisgeo.com\/wp-content\/uploads\/2023\/07\/2_BRAIN-MEMS-PROBE-INCLINOMETER.jpg\",\"width\":294,\"height\":164},{\"@type\":\"BreadcrumbList\",\"@id\":\"https:\/\/sisgeo.com\/de\/produkte\/b-r-a-in-mems-neigungsmesssonde\/#breadcrumb\",\"itemListElement\":[{\"@type\":\"ListItem\",\"position\":1,\"name\":\"Home\",\"item\":\"https:\/\/sisgeo.com\/de\/geotechnische-und-strukturelle-instrumentierung-fuer-shm\/\"},{\"@type\":\"ListItem\",\"position\":2,\"name\":\"Produkte\",\"item\":\"https:\/\/sisgeo.com\/de\/produkte\/\"},{\"@type\":\"ListItem\",\"position\":3,\"name\":\"B.R.A.IN MEMS-Neigungsmesssonde\"}]},{\"@type\":\"WebSite\",\"@id\":\"https:\/\/sisgeo.com\/de\/#website\",\"url\":\"https:\/\/sisgeo.com\/de\/\",\"name\":\"Sisgeo\",\"description\":\"Inclined to improvement\",\"publisher\":{\"@id\":\"https:\/\/sisgeo.com\/de\/#organization\"},\"potentialAction\":[{\"@type\":\"SearchAction\",\"target\":{\"@type\":\"EntryPoint\",\"urlTemplate\":\"https:\/\/sisgeo.com\/de\/?s={search_term_string}\"},\"query-input\":{\"@type\":\"PropertyValueSpecification\",\"valueRequired\":true,\"valueName\":\"search_term_string\"}}],\"inLanguage\":\"de\"},{\"@type\":\"Organization\",\"@id\":\"https:\/\/sisgeo.com\/de\/#organization\",\"name\":\"Sisgeo S.r.l.\",\"url\":\"https:\/\/sisgeo.com\/de\/\",\"logo\":{\"@type\":\"ImageObject\",\"inLanguage\":\"de\",\"@id\":\"https:\/\/sisgeo.com\/de\/#\/schema\/logo\/image\/\",\"url\":\"https:\/\/sisgeodev.pipehosting.it\/wp-content\/uploads\/2023\/06\/logo-RGB.png\",\"contentUrl\":\"https:\/\/sisgeodev.pipehosting.it\/wp-content\/uploads\/2023\/06\/logo-RGB.png\",\"width\":205,\"height\":97,\"caption\":\"Sisgeo S.r.l.\"},\"image\":{\"@id\":\"https:\/\/sisgeo.com\/de\/#\/schema\/logo\/image\/\"}}]}<\/script>\n<!-- \/ Yoast SEO Premium plugin. -->","yoast_head_json":{"title":"B.R.A.IN MEMS-Neigungsmesssonde - Sisgeo","robots":{"index":"index","follow":"follow","max-snippet":"max-snippet:-1","max-image-preview":"max-image-preview:large","max-video-preview":"max-video-preview:-1"},"canonical":"https:\/\/sisgeo.com\/de\/produkte\/b-r-a-in-mems-neigungsmesssonde\/","og_locale":"de_DE","og_type":"article","og_title":"B.R.A.IN MEMS-Neigungsmesssonde","og_description":"Das BRAIN Inklinometersystem wird zur Messung von Verschiebungen im Untergrund oder unter Geb\u00e4uden verwendet. Es ist besonders n\u00fctzlich um die Stabilit\u00e4t von H\u00e4ngen, Sch\u00fcttungen, St\u00fctzmauern und anderen Objekten die potenziell Bewegungsgef\u00e4hrdet sind, zu bewerten. Durch die Messung von Neigungen \u00fcber die Zeit k\u00f6nnen Inklinometer aussagekr\u00e4ftige Daten zur Analyse des Verhaltens und der Bewegung der \u00fcberwachten [&hellip;]","og_url":"https:\/\/sisgeo.com\/de\/produkte\/b-r-a-in-mems-neigungsmesssonde\/","og_site_name":"Sisgeo","article_modified_time":"2025-02-11T13:20:01+00:00","og_image":[{"width":294,"height":164,"url":"https:\/\/sisgeo.com\/wp-content\/uploads\/2023\/07\/2_BRAIN-MEMS-PROBE-INCLINOMETER.jpg","type":"image\/jpeg"}],"twitter_card":"summary_large_image","twitter_misc":{"Gesch\u00e4tzte Lesezeit":"1\u00a0Minute"},"schema":{"@context":"https:\/\/schema.org","@graph":[{"@type":"WebPage","@id":"https:\/\/sisgeo.com\/de\/produkte\/b-r-a-in-mems-neigungsmesssonde\/","url":"https:\/\/sisgeo.com\/de\/produkte\/b-r-a-in-mems-neigungsmesssonde\/","name":"B.R.A.IN MEMS-Neigungsmesssonde - Sisgeo","isPartOf":{"@id":"https:\/\/sisgeo.com\/de\/#website"},"primaryImageOfPage":{"@id":"https:\/\/sisgeo.com\/de\/produkte\/b-r-a-in-mems-neigungsmesssonde\/#primaryimage"},"image":{"@id":"https:\/\/sisgeo.com\/de\/produkte\/b-r-a-in-mems-neigungsmesssonde\/#primaryimage"},"thumbnailUrl":"https:\/\/sisgeo.com\/wp-content\/uploads\/2023\/07\/2_BRAIN-MEMS-PROBE-INCLINOMETER.jpg","datePublished":"2023-07-27T07:53:09+00:00","dateModified":"2025-02-11T13:20:01+00:00","breadcrumb":{"@id":"https:\/\/sisgeo.com\/de\/produkte\/b-r-a-in-mems-neigungsmesssonde\/#breadcrumb"},"inLanguage":"de","potentialAction":[{"@type":"ReadAction","target":["https:\/\/sisgeo.com\/de\/produkte\/b-r-a-in-mems-neigungsmesssonde\/"]}]},{"@type":"ImageObject","inLanguage":"de","@id":"https:\/\/sisgeo.com\/de\/produkte\/b-r-a-in-mems-neigungsmesssonde\/#primaryimage","url":"https:\/\/sisgeo.com\/wp-content\/uploads\/2023\/07\/2_BRAIN-MEMS-PROBE-INCLINOMETER.jpg","contentUrl":"https:\/\/sisgeo.com\/wp-content\/uploads\/2023\/07\/2_BRAIN-MEMS-PROBE-INCLINOMETER.jpg","width":294,"height":164},{"@type":"BreadcrumbList","@id":"https:\/\/sisgeo.com\/de\/produkte\/b-r-a-in-mems-neigungsmesssonde\/#breadcrumb","itemListElement":[{"@type":"ListItem","position":1,"name":"Home","item":"https:\/\/sisgeo.com\/de\/geotechnische-und-strukturelle-instrumentierung-fuer-shm\/"},{"@type":"ListItem","position":2,"name":"Produkte","item":"https:\/\/sisgeo.com\/de\/produkte\/"},{"@type":"ListItem","position":3,"name":"B.R.A.IN MEMS-Neigungsmesssonde"}]},{"@type":"WebSite","@id":"https:\/\/sisgeo.com\/de\/#website","url":"https:\/\/sisgeo.com\/de\/","name":"Sisgeo","description":"Inclined to improvement","publisher":{"@id":"https:\/\/sisgeo.com\/de\/#organization"},"potentialAction":[{"@type":"SearchAction","target":{"@type":"EntryPoint","urlTemplate":"https:\/\/sisgeo.com\/de\/?s={search_term_string}"},"query-input":{"@type":"PropertyValueSpecification","valueRequired":true,"valueName":"search_term_string"}}],"inLanguage":"de"},{"@type":"Organization","@id":"https:\/\/sisgeo.com\/de\/#organization","name":"Sisgeo S.r.l.","url":"https:\/\/sisgeo.com\/de\/","logo":{"@type":"ImageObject","inLanguage":"de","@id":"https:\/\/sisgeo.com\/de\/#\/schema\/logo\/image\/","url":"https:\/\/sisgeodev.pipehosting.it\/wp-content\/uploads\/2023\/06\/logo-RGB.png","contentUrl":"https:\/\/sisgeodev.pipehosting.it\/wp-content\/uploads\/2023\/06\/logo-RGB.png","width":205,"height":97,"caption":"Sisgeo S.r.l."},"image":{"@id":"https:\/\/sisgeo.com\/de\/#\/schema\/logo\/image\/"}}]}},"_links":{"self":[{"href":"https:\/\/sisgeo.com\/de\/wp-json\/wp\/v2\/pages\/21067","targetHints":{"allow":["GET"]}}],"collection":[{"href":"https:\/\/sisgeo.com\/de\/wp-json\/wp\/v2\/pages"}],"about":[{"href":"https:\/\/sisgeo.com\/de\/wp-json\/wp\/v2\/types\/page"}],"author":[{"embeddable":true,"href":"https:\/\/sisgeo.com\/de\/wp-json\/wp\/v2\/users\/1"}],"replies":[{"embeddable":true,"href":"https:\/\/sisgeo.com\/de\/wp-json\/wp\/v2\/comments?post=21067"}],"version-history":[{"count":3,"href":"https:\/\/sisgeo.com\/de\/wp-json\/wp\/v2\/pages\/21067\/revisions"}],"predecessor-version":[{"id":28102,"href":"https:\/\/sisgeo.com\/de\/wp-json\/wp\/v2\/pages\/21067\/revisions\/28102"}],"up":[{"embeddable":true,"href":"https:\/\/sisgeo.com\/de\/wp-json\/wp\/v2\/pages\/20241"}],"wp:featuredmedia":[{"embeddable":true,"href":"https:\/\/sisgeo.com\/de\/wp-json\/wp\/v2\/media\/4125"}],"wp:attachment":[{"href":"https:\/\/sisgeo.com\/de\/wp-json\/wp\/v2\/media?parent=21067"}],"wp:term":[{"taxonomy":"category","embeddable":true,"href":"https:\/\/sisgeo.com\/de\/wp-json\/wp\/v2\/categories?post=21067"},{"taxonomy":"post_tag","embeddable":true,"href":"https:\/\/sisgeo.com\/de\/wp-json\/wp\/v2\/tags?post=21067"}],"curies":[{"name":"wp","href":"https:\/\/api.w.org\/{rel}","templated":true}]}}