{"id":21081,"date":"2023-04-03T14:05:52","date_gmt":"2023-04-03T12:05:52","guid":{"rendered":"https:\/\/sisgeo.com\/?page_id=21081"},"modified":"2025-12-17T19:27:19","modified_gmt":"2025-12-17T18:27:19","slug":"datenschutz","status":"publish","type":"page","link":"https:\/\/sisgeo.com\/de\/datenschutz\/","title":{"rendered":"Datenschutz"},"content":{"rendered":"<h1>Datenschutz und Cookie-Richtlinie<\/h1>\n<p><strong>DATENSCHUTZHINWEIS<\/strong><\/p>\n<p>Sie besuchen derzeit die Website von Eddyfi Technologies.<\/p>\n<p>Eddyfi Technologies legt gro\u00dfen Wert auf den Schutz Ihrer personenbezogenen Daten und Ihrer Privatsph\u00e4re. Diese Datenschutzerkl\u00e4rung informiert Sie dar\u00fcber, welche personenbezogenen Daten wir erheben und wie wir damit umgehen. Eddyfi Technologies verarbeitet Ihre personenbezogenen Daten, um Ihnen eine personalisierte Website zur Verf\u00fcgung zu stellen, die Ihnen hilft, Eddyfi Technologies besser kennenzulernen.<\/p>\n<p><strong>WAS SIND PERSONENBEZOGENE DATEN?<\/strong><\/p>\n<p>Personenbezogene Daten sind alle Informationen \u00fcber eine identifizierte oder identifizierbare Person. Eine identifizierbare Person ist eine Person, die direkt oder indirekt anhand einer Kennung wie einem Namen, einer Identifikationsnummer, Standortdaten, einer Online-Kennung oder einem oder mehreren f\u00fcr diese Person spezifischen Faktoren identifiziert werden kann.<\/p>\n<p><strong>DATENERHEBUNG<\/strong><\/p>\n<p>Eddyfi Technologies kann als Datenverantwortlicher personenbezogene Daten \u00fcber Sie erheben, wenn:<\/p>\n<ul>\n<li>Sie den Newsletter von Eddyfi Technologies freiwillig abonnieren;<\/li>\n<li>Sie sich f\u00fcr Dienste von Eddyfi Technologies anmelden;<\/li>\n<li>Sie das Kundenportal von Eddyfi Technologies abonnieren oder darauf zugreifen;<\/li>\n<li>Sie das Kontaktformular ausf\u00fcllen;<\/li>\n<li>Sie an Veranstaltungen teilgenommen haben, bei denen Eddyfi Technologies vertreten war; oder<\/li>\n<li>Sie interagieren mit den Vertriebsteams von Eddyfi Technologies.<\/li>\n<\/ul>\n<p>Wenn Sie auf diese Seiten zugreifen, erhalten Sie Informationen \u00fcber die Erfassung Ihrer personenbezogenen Daten und k\u00f6nnen Ihre Zustimmung erteilen oder verweigern.<\/p>\n<p>Um diese Informationen bereitzustellen, erfassen wir m\u00f6glicherweise Ihren Namen, Ihre Telefonnummer, Ihre E-Mail-Adresse, Ihre Berufsbezeichnung, Ihr Unternehmen, Ihr Land und alle anderen Daten, die Sie in Ihrer Nachricht angeben.<\/p>\n<p>Ihre personenbezogenen Daten k\u00f6nnen indirekt durch die Verwendung von Cookies und anderen Technologien erfasst werden. Eddyfi Technologies erfasst Informationen wie die Anzahl der Besucher sowie das Datum des letzten Besuchs des Benutzers und die aufgerufenen Seiten. Weitere Informationen hierzu finden Sie im Abschnitt \u201eCookies\u201c weiter unten.<\/p>\n<p><strong>ZWECK DER VERARBEITUNG<\/strong><\/p>\n<p>Wir verwenden Ihre Identifikationsdaten, um Ihnen Folgendes zu erm\u00f6glichen:<\/p>\n<ul>\n<li>\u00fcber unsere Website mit uns in Kontakt zu treten;<\/li>\n<li>auf unser Kundenportal zuzugreifen und es zu nutzen; und<\/li>\n<li>kommerzielle E-Mails auf der Grundlage der von Ihnen auf unserer Website angeforderten Informationen zu erhalten.<\/li>\n<\/ul>\n<p>Diese Daten werden verwendet, um Ihnen die angeforderten Dienstleistungen bereitzustellen, und k\u00f6nnen mit Ihrer ausdr\u00fccklichen Zustimmung f\u00fcr weitere Verarbeitungszwecke zu Marketingzwecken verwendet werden.<\/p>\n<p>Auf diese Weise k\u00f6nnen Sie:<\/p>\n<ul>\n<li>auf personalisierte und genaue Informationen zugreifen, wenn Sie diese anfordern;<\/li>\n<li>auf unser Kundenportal zugreifen;<\/li>\n<li>unsere Newsletter, Whitepaper oder andere Materialien erhalten, wenn Sie ausdr\u00fccklich zustimmen;<\/li>\n<li>die angeforderten Produkte und\/oder Dienstleistungen erhalten; und<\/li>\n<li>Pr\u00e4sentationen neuer Produkte und\/oder Dienstleistungen von Eddyfi Technologies erhalten, wenn Sie dem Erhalt solcher Informationen ausdr\u00fccklich zugestimmt haben.<\/li>\n<\/ul>\n<p>Der Zweck von Cookies wird im Abschnitt \u201eCookies\u201d weiter unten erl\u00e4utert.<\/p>\n<p><strong>AUFBEWAHRUNGSFRIST<\/strong><\/p>\n<p>Die Dauer der Verarbeitung Ihrer personenbezogenen Daten ist nachstehend angegeben:<\/p>\n<p>Identifizierungsdaten: 2 Jahre.<\/p>\n<p>Anonyme Navigationsdaten: 2 Jahre.<\/p>\n<p><strong>EDDYFI TECHNOLOGIES UND IHRE PERSONENBEZOGENEN DATEN<\/strong><\/p>\n<p>F\u00fcr die Verarbeitung der Daten dieser Website ist Eddyfi Technologies der Datenverantwortliche, der \u00fcber die Zwecke und Mittel der Verarbeitung entscheidet.<\/p>\n<p>Da Datenschutz und Sicherheit wichtig sind, hat Eddyfi Technologies eine Datenschutzrichtlinie und eine Richtlinie zur Informationssicherheit verabschiedet.<\/p>\n<p>Diese Richtlinien spiegeln das Engagement von Eddyfi Technologies wider, nicht nur seine eigenen personenbezogenen Daten, sondern auch die seiner Kunden, Partner oder Kontakte zu sch\u00fctzen. Eddyfi Technologies verpflichtet sich, personenbezogene Daten in \u00dcbereinstimmung mit einem hohen Schutzniveau f\u00fcr die personenbezogenen Daten zu behandeln, die es f\u00fcr seine eigenen Zwecke, aber auch f\u00fcr die Zwecke seiner Kunden verarbeitet, und erm\u00f6glicht den freien Fluss personenbezogener Daten zwischen Eddyfi Technologies und juristischen Personen, die Eddyfi Technologies direkt oder indirekt kontrollieren, von Eddyfi Technologies kontrolliert werden oder unter gemeinsamer Kontrolle mit Eddyfi Technologies stehen. Die Website von Eddyfi Technologies wird in Kanada gehostet. Alle \u00dcbertragungen, die sich aus einem Anwendungssupport au\u00dferhalb Kanadas ergeben, unterliegen der Datenschutzrichtlinie.<\/p>\n<p><strong>RICHTIGKEIT, RELEVANZ UND SICHERHEIT IHRER PERSONENBEZOGENEN DATEN<\/strong><\/p>\n<p>Alle von Eddyfi Technologies verarbeiteten personenbezogenen Daten werden auf sicheren Servern gespeichert. Eddyfi Technologies ergreift geeignete vertragliche, technische und organisatorische Ma\u00dfnahmen, um die von ihm verarbeiteten personenbezogenen Daten vor Verlust, unbefugtem Zugriff, Verwendung, Offenlegung oder \u00c4nderung zu sch\u00fctzen und die Integrit\u00e4t der personenbezogenen Daten zu gew\u00e4hrleisten. Dar\u00fcber hinaus verarbeitet Eddyfi Technologies Ihre personenbezogenen Daten nur f\u00fcr die in dieser Datenschutzerkl\u00e4rung genannten Zwecke und speichert die Daten nicht l\u00e4nger als notwendig.<\/p>\n<p><strong>WER KANN AUF IHRE DATEN ZUGREIFEN?<\/strong><\/p>\n<p>Ihre personenbezogenen Daten k\u00f6nnen an folgende Personen weitergegeben werden:<\/p>\n<p>Intern an Mitarbeiter und Vertreter von Eddyfi Technologies, die individuell streng autorisiert wurden, darauf zuzugreifen;<\/p>\n<p>An externe Dienstleister wie Cloud-Dienste und Kundenbeziehungsmanagement-L\u00f6sungen, die speziell zur Verarbeitung personenbezogener Daten autorisiert wurden; und<\/p>\n<p>An unsere Partner, wenn wir unser Angebot mit Dritten zusammenstellen.<\/p>\n<p><strong>IHRE RECHTE<\/strong><\/p>\n<ul>\n<li>Sie haben:<\/li>\n<li>Das Recht, \u00fcber die Verarbeitung Ihrer personenbezogenen Daten informiert zu werden;<\/li>\n<li>das Recht auf Zugang zu Ihren von Eddyfi Technologies verarbeiteten personenbezogenen Daten;<\/li>\n<li>das Recht auf Vergessenwerden, das Ihnen erlaubt, die L\u00f6schung Ihrer personenbezogenen Daten durch Eddyfi Technologies zu verlangen;<\/li>\n<li>das Recht auf Berichtigung, das Ihnen erm\u00f6glicht, die von Eddyfi Technologies \u00fcber Sie verarbeiteten personenbezogenen Daten zu \u00e4ndern und zu berichtigen;<\/li>\n<li>das Recht auf L\u00f6schung, das Ihnen erm\u00f6glicht, zu verlangen, dass Ihre personenbezogenen Daten nicht mehr von Eddyfi Technologies verarbeitet und gel\u00f6scht werden;<\/li>\n<li>Das Recht auf Einschr\u00e4nkung der Verarbeitung, das Ihnen erm\u00f6glicht, die Verarbeitung Ihrer Daten zu kontrollieren oder zu verlangen, dass Ihre personenbezogenen Daten nicht mehr verarbeitet, sondern nur noch von Eddyfi Technologies gespeichert werden; und<\/li>\n<li>Das Recht auf Widerspruch gegen die Verarbeitung Ihrer personenbezogenen Daten, d. h. Sie k\u00f6nnen von Eddyfi Technologies verlangen, die Verarbeitung Ihrer personenbezogenen Daten einzustellen.<\/li>\n<\/ul>\n<p>Um diese Rechte auszu\u00fcben, wenden Sie sich bitte an unseren Datenschutzbeauftragten unter dpo@eddyfi.com.<\/p>\n<p>Sie haben auch das Recht, eine Beschwerde oder einen Anspruch bei einer zust\u00e4ndigen Datenschutzbeh\u00f6rde einzureichen.<\/p>\n<p>F\u00fcr alle anderen Anfragen kontaktieren Sie uns bitte.<\/p>\n<p>Diese Erkl\u00e4rung wurde am 17. Juni 2025 ge\u00e4ndert und wird regelm\u00e4\u00dfig aktualisiert. Wir empfehlen Ihnen, diese Seite regelm\u00e4\u00dfig zu besuchen.<\/p>\n<h2>COOKIES-POLITIK<\/h2>\n<h4><strong>Was sind Cookies?<\/strong><\/h4>\n<p>Ein Cookie ist eine kleine Textdatei, die eine Website auf Ihrem Computer oder Mobilger\u00e4t speichert, wenn Sie die Website besuchen. Sie erm\u00f6glicht es der Website, sich Ihre Aktionen und Pr\u00e4ferenzen (wie Anmeldung, Sprache, Schriftgr\u00f6\u00dfe und andere Anzeigepr\u00e4ferenzen) \u00fcber einen bestimmten Zeitraum zu merken, so dass Sie diese nicht jedes Mal neu eingeben m\u00fcssen, wenn Sie die Website erneut besuchen oder von einer Seite zur anderen wechseln.<\/p>\n<h4><strong>Auf dieser Website verwendete Cookies<\/strong><\/h4>\n<p>[wcc_category_list]<\/p>\n<h4><strong>Wie kann ich Cookies kontrollieren?<\/strong><\/h4>\n<p>Sie k\u00f6nnen Cookies nach Belieben kontrollieren und\/oder l\u00f6schen &#8211; f\u00fcr Einzelheiten siehe\u00a0<a href=\"https:\/\/www.aboutcookies.org\/\" target=\"_blank\" rel=\"noopener\">aboutcookies.org<\/a>. Sie k\u00f6nnen alle Cookies l\u00f6schen, die sich bereits auf Ihrem Computer befinden, und Sie k\u00f6nnen die meisten Browser so einstellen, dass sie die Platzierung von Cookies verhindern. Wenn Sie dies tun, m\u00fcssen Sie jedoch m\u00f6glicherweise einige Einstellungen bei jedem Besuch einer Website manuell anpassen und einige Dienste und Funktionen funktionieren m\u00f6glicherweise nicht.<\/p>\n<p>Die folgenden Links k\u00f6nnen hilfreich sein, um zu verstehen, wie Sie Ihre Browsereinstellungen \u00e4ndern k\u00f6nnen, um die Websites einzuschr\u00e4nken, die Cookies setzen k\u00f6nnen, oder um die Annahme von Cookies durch Ihren Browser zu verhindern. Die &#8222;Hilfe&#8220;-Option Ihres Browsers enth\u00e4lt m\u00f6glicherweise auch weitere Details.<\/p>\n<p><a href=\"https:\/\/support.google.com\/chrome\/answer\/95647?hl=en\">Cookie-Einstellungen in Chrome<\/a><\/p>\n<p><a href=\"https:\/\/support.mozilla.org\/en-US\/kb\/cookies-information-websites-store-on-your-computer?redirectlocale=en-US&amp;redirectslug=Cookies\">Cookie-Einstellungen in Firefox<\/a><\/p>\n<p><a href=\"http:\/\/support.microsoft.com\/kb\/196955\">Cookie-Einstellungen im Edge<\/a><\/p>\n<p><a href=\"http:\/\/support.apple.com\/kb\/PH5042\">Cookie-Einstellungen in Safari web<\/a><\/p>\n<p><a href=\"http:\/\/support.apple.com\/kb\/HT1677\">Cookie-Einstellungen in iOS<\/a><\/p>\n<h4><strong>N\u00fctzliche Links<\/strong><\/h4>\n<p>Die folgenden Links k\u00f6nnen hilfreich sein, um mehr \u00fcber Cookies und ihre Verwendung zu erfahren:<\/p>\n<p>Alles \u00fcber Cookies\u00a0<a href=\"http:\/\/www.allaboutcookies.org\/\">www.allaboutcookies.org<\/a><\/p>\n<p>Das B\u00fcro des Informationskommissars\u00a0<a href=\"http:\/\/ico.org.uk\/\">ico.org.uk<\/a><\/p>\n","protected":false},"excerpt":{"rendered":"<p>Datenschutz und Cookie-Richtlinie DATENSCHUTZHINWEIS Sie besuchen derzeit die Website von Eddyfi Technologies. Eddyfi Technologies legt gro\u00dfen Wert auf den Schutz Ihrer personenbezogenen Daten und Ihrer Privatsph\u00e4re. Diese Datenschutzerkl\u00e4rung informiert Sie dar\u00fcber, welche personenbezogenen Daten wir erheben und wie wir damit umgehen. Eddyfi Technologies verarbeitet Ihre personenbezogenen Daten, um Ihnen eine personalisierte Website zur Verf\u00fcgung zu [&hellip;]<\/p>\n","protected":false},"author":1,"featured_media":0,"parent":0,"menu_order":0,"comment_status":"closed","ping_status":"open","template":"","meta":{"footnotes":""},"categories":[],"tags":[],"class_list":["post-21081","page","type-page","status-publish","hentry"],"yoast_head":"<!-- This site is optimized with the Yoast SEO Premium plugin v27.2 (Yoast SEO v27.2) - https:\/\/yoast.com\/product\/yoast-seo-premium-wordpress\/ -->\n<title>Datenschutz - Sisgeo<\/title>\n<meta name=\"robots\" content=\"index, follow, max-snippet:-1, max-image-preview:large, max-video-preview:-1\" \/>\n<link rel=\"canonical\" href=\"https:\/\/sisgeo.com\/de\/datenschutz\/\" \/>\n<meta property=\"og:locale\" content=\"de_DE\" \/>\n<meta property=\"og:type\" content=\"article\" \/>\n<meta property=\"og:title\" content=\"Datenschutz\" \/>\n<meta property=\"og:description\" content=\"Datenschutz und Cookie-Richtlinie DATENSCHUTZHINWEIS Sie besuchen derzeit die Website von Eddyfi Technologies. Eddyfi Technologies legt gro\u00dfen Wert auf den Schutz Ihrer personenbezogenen Daten und Ihrer Privatsph\u00e4re. Diese Datenschutzerkl\u00e4rung informiert Sie dar\u00fcber, welche personenbezogenen Daten wir erheben und wie wir damit umgehen. Eddyfi Technologies verarbeitet Ihre personenbezogenen Daten, um Ihnen eine personalisierte Website zur Verf\u00fcgung zu [&hellip;]\" \/>\n<meta property=\"og:url\" content=\"https:\/\/sisgeo.com\/de\/datenschutz\/\" \/>\n<meta property=\"og:site_name\" content=\"Sisgeo\" \/>\n<meta property=\"article:modified_time\" content=\"2025-12-17T18:27:19+00:00\" \/>\n<meta name=\"twitter:card\" content=\"summary_large_image\" \/>\n<meta name=\"twitter:label1\" content=\"Gesch\u00e4tzte Lesezeit\" \/>\n\t<meta name=\"twitter:data1\" content=\"7\u00a0Minuten\" \/>\n<script type=\"application\/ld+json\" class=\"yoast-schema-graph\">{\"@context\":\"https:\/\/schema.org\",\"@graph\":[{\"@type\":\"WebPage\",\"@id\":\"https:\/\/sisgeo.com\/de\/datenschutz\/\",\"url\":\"https:\/\/sisgeo.com\/de\/datenschutz\/\",\"name\":\"Datenschutz - Sisgeo\",\"isPartOf\":{\"@id\":\"https:\/\/sisgeo.com\/de\/#website\"},\"datePublished\":\"2023-04-03T12:05:52+00:00\",\"dateModified\":\"2025-12-17T18:27:19+00:00\",\"breadcrumb\":{\"@id\":\"https:\/\/sisgeo.com\/de\/datenschutz\/#breadcrumb\"},\"inLanguage\":\"de\",\"potentialAction\":[{\"@type\":\"ReadAction\",\"target\":[\"https:\/\/sisgeo.com\/de\/datenschutz\/\"]}]},{\"@type\":\"BreadcrumbList\",\"@id\":\"https:\/\/sisgeo.com\/de\/datenschutz\/#breadcrumb\",\"itemListElement\":[{\"@type\":\"ListItem\",\"position\":1,\"name\":\"Home\",\"item\":\"https:\/\/sisgeo.com\/de\/geotechnische-und-strukturelle-instrumentierung-fuer-shm\/\"},{\"@type\":\"ListItem\",\"position\":2,\"name\":\"Datenschutz\"}]},{\"@type\":\"WebSite\",\"@id\":\"https:\/\/sisgeo.com\/de\/#website\",\"url\":\"https:\/\/sisgeo.com\/de\/\",\"name\":\"Sisgeo\",\"description\":\"Inclined to improvement\",\"publisher\":{\"@id\":\"https:\/\/sisgeo.com\/de\/#organization\"},\"potentialAction\":[{\"@type\":\"SearchAction\",\"target\":{\"@type\":\"EntryPoint\",\"urlTemplate\":\"https:\/\/sisgeo.com\/de\/?s={search_term_string}\"},\"query-input\":{\"@type\":\"PropertyValueSpecification\",\"valueRequired\":true,\"valueName\":\"search_term_string\"}}],\"inLanguage\":\"de\"},{\"@type\":\"Organization\",\"@id\":\"https:\/\/sisgeo.com\/de\/#organization\",\"name\":\"Sisgeo S.r.l.\",\"url\":\"https:\/\/sisgeo.com\/de\/\",\"logo\":{\"@type\":\"ImageObject\",\"inLanguage\":\"de\",\"@id\":\"https:\/\/sisgeo.com\/de\/#\/schema\/logo\/image\/\",\"url\":\"https:\/\/sisgeodev.pipehosting.it\/wp-content\/uploads\/2023\/06\/logo-RGB.png\",\"contentUrl\":\"https:\/\/sisgeodev.pipehosting.it\/wp-content\/uploads\/2023\/06\/logo-RGB.png\",\"width\":205,\"height\":97,\"caption\":\"Sisgeo S.r.l.\"},\"image\":{\"@id\":\"https:\/\/sisgeo.com\/de\/#\/schema\/logo\/image\/\"}}]}<\/script>\n<!-- \/ Yoast SEO Premium plugin. -->","yoast_head_json":{"title":"Datenschutz - Sisgeo","robots":{"index":"index","follow":"follow","max-snippet":"max-snippet:-1","max-image-preview":"max-image-preview:large","max-video-preview":"max-video-preview:-1"},"canonical":"https:\/\/sisgeo.com\/de\/datenschutz\/","og_locale":"de_DE","og_type":"article","og_title":"Datenschutz","og_description":"Datenschutz und Cookie-Richtlinie DATENSCHUTZHINWEIS Sie besuchen derzeit die Website von Eddyfi Technologies. Eddyfi Technologies legt gro\u00dfen Wert auf den Schutz Ihrer personenbezogenen Daten und Ihrer Privatsph\u00e4re. Diese Datenschutzerkl\u00e4rung informiert Sie dar\u00fcber, welche personenbezogenen Daten wir erheben und wie wir damit umgehen. Eddyfi Technologies verarbeitet Ihre personenbezogenen Daten, um Ihnen eine personalisierte Website zur Verf\u00fcgung zu [&hellip;]","og_url":"https:\/\/sisgeo.com\/de\/datenschutz\/","og_site_name":"Sisgeo","article_modified_time":"2025-12-17T18:27:19+00:00","twitter_card":"summary_large_image","twitter_misc":{"Gesch\u00e4tzte Lesezeit":"7\u00a0Minuten"},"schema":{"@context":"https:\/\/schema.org","@graph":[{"@type":"WebPage","@id":"https:\/\/sisgeo.com\/de\/datenschutz\/","url":"https:\/\/sisgeo.com\/de\/datenschutz\/","name":"Datenschutz - Sisgeo","isPartOf":{"@id":"https:\/\/sisgeo.com\/de\/#website"},"datePublished":"2023-04-03T12:05:52+00:00","dateModified":"2025-12-17T18:27:19+00:00","breadcrumb":{"@id":"https:\/\/sisgeo.com\/de\/datenschutz\/#breadcrumb"},"inLanguage":"de","potentialAction":[{"@type":"ReadAction","target":["https:\/\/sisgeo.com\/de\/datenschutz\/"]}]},{"@type":"BreadcrumbList","@id":"https:\/\/sisgeo.com\/de\/datenschutz\/#breadcrumb","itemListElement":[{"@type":"ListItem","position":1,"name":"Home","item":"https:\/\/sisgeo.com\/de\/geotechnische-und-strukturelle-instrumentierung-fuer-shm\/"},{"@type":"ListItem","position":2,"name":"Datenschutz"}]},{"@type":"WebSite","@id":"https:\/\/sisgeo.com\/de\/#website","url":"https:\/\/sisgeo.com\/de\/","name":"Sisgeo","description":"Inclined to improvement","publisher":{"@id":"https:\/\/sisgeo.com\/de\/#organization"},"potentialAction":[{"@type":"SearchAction","target":{"@type":"EntryPoint","urlTemplate":"https:\/\/sisgeo.com\/de\/?s={search_term_string}"},"query-input":{"@type":"PropertyValueSpecification","valueRequired":true,"valueName":"search_term_string"}}],"inLanguage":"de"},{"@type":"Organization","@id":"https:\/\/sisgeo.com\/de\/#organization","name":"Sisgeo S.r.l.","url":"https:\/\/sisgeo.com\/de\/","logo":{"@type":"ImageObject","inLanguage":"de","@id":"https:\/\/sisgeo.com\/de\/#\/schema\/logo\/image\/","url":"https:\/\/sisgeodev.pipehosting.it\/wp-content\/uploads\/2023\/06\/logo-RGB.png","contentUrl":"https:\/\/sisgeodev.pipehosting.it\/wp-content\/uploads\/2023\/06\/logo-RGB.png","width":205,"height":97,"caption":"Sisgeo S.r.l."},"image":{"@id":"https:\/\/sisgeo.com\/de\/#\/schema\/logo\/image\/"}}]}},"_links":{"self":[{"href":"https:\/\/sisgeo.com\/de\/wp-json\/wp\/v2\/pages\/21081","targetHints":{"allow":["GET"]}}],"collection":[{"href":"https:\/\/sisgeo.com\/de\/wp-json\/wp\/v2\/pages"}],"about":[{"href":"https:\/\/sisgeo.com\/de\/wp-json\/wp\/v2\/types\/page"}],"author":[{"embeddable":true,"href":"https:\/\/sisgeo.com\/de\/wp-json\/wp\/v2\/users\/1"}],"replies":[{"embeddable":true,"href":"https:\/\/sisgeo.com\/de\/wp-json\/wp\/v2\/comments?post=21081"}],"version-history":[{"count":12,"href":"https:\/\/sisgeo.com\/de\/wp-json\/wp\/v2\/pages\/21081\/revisions"}],"predecessor-version":[{"id":29767,"href":"https:\/\/sisgeo.com\/de\/wp-json\/wp\/v2\/pages\/21081\/revisions\/29767"}],"wp:attachment":[{"href":"https:\/\/sisgeo.com\/de\/wp-json\/wp\/v2\/media?parent=21081"}],"wp:term":[{"taxonomy":"category","embeddable":true,"href":"https:\/\/sisgeo.com\/de\/wp-json\/wp\/v2\/categories?post=21081"},{"taxonomy":"post_tag","embeddable":true,"href":"https:\/\/sisgeo.com\/de\/wp-json\/wp\/v2\/tags?post=21081"}],"curies":[{"name":"wp","href":"https:\/\/api.w.org\/{rel}","templated":true}]}}