{"id":21151,"date":"2023-09-22T09:52:25","date_gmt":"2023-09-22T07:52:25","guid":{"rendered":"https:\/\/sisgeo.com\/downoad-bereich\/technisches-datenblatt\/dehnungsmessstreifen\/"},"modified":"2025-01-20T09:46:43","modified_gmt":"2025-01-20T08:46:43","slug":"dehnungsmessstreifen","status":"publish","type":"page","link":"https:\/\/sisgeo.com\/de\/downoad-bereich\/technisches-datenblatt\/dehnungsmessstreifen\/","title":{"rendered":"Extensometer"},"content":{"rendered":"\t\t<div data-elementor-type=\"wp-page\" data-elementor-id=\"21151\" class=\"elementor elementor-21151 elementor-14768\" data-elementor-post-type=\"page\">\n\t\t\t\t<div class=\"elementor-element elementor-element-cb5d006 e-flex e-con-boxed e-con e-parent\" data-id=\"cb5d006\" data-element_type=\"container\" data-e-type=\"container\">\n\t\t\t\t\t<div class=\"e-con-inner\">\n\t\t\t\t\t<\/div>\n\t\t\t\t<\/div>\n\t\t<div class=\"elementor-element elementor-element-a508917 normali e-flex e-con-boxed e-con e-parent\" data-id=\"a508917\" data-element_type=\"container\" data-e-type=\"container\">\n\t\t\t\t\t<div class=\"e-con-inner\">\n\t\t\t\t<div class=\"elementor-element elementor-element-bc9f539 elementor-widget elementor-widget-text-editor\" data-id=\"bc9f539\" data-element_type=\"widget\" data-e-type=\"widget\" data-widget_type=\"text-editor.default\">\n\t\t\t\t<div class=\"elementor-widget-container\">\n\t\t\t\t\t\t\t\t\t<p>MPBX &#8211; Mehrfach-Bohrlochextensometer<\/p>\n\t\t\t\t\t\t\t\t<\/div>\n\t\t\t\t<\/div>\n\t\t\t\t<div class=\"elementor-element elementor-element-0f06bbf elementor-widget elementor-widget-dce-filebrowser\" data-id=\"0f06bbf\" data-element_type=\"widget\" data-e-type=\"widget\" data-settings=\"{&quot;enabled_visibility&quot;:&quot;yes&quot;,&quot;dce_visibility_selected&quot;:&quot;yes&quot;}\" data-widget_type=\"dce-filebrowser.default\">\n\t\t\t\t<div class=\"elementor-widget-container\">\n\t\t\t\t\t<ul class=\"list-unstyled dce-list dce-list-root\"><li class=\"file ext-pdf\"><a class=\"block btn-block dce-file-download\" href=\"https:\/\/sisgeo.com\/wp-content\/uploads\/Prodotti\/Extensometers\/MPBX%20-%20Multipoint%20Borehole%20Extensometers\/EN\/Datasheet\/D222_EN_12_MPBX_borehole_rod_extensometer.pdf\" target=\"_blank\" data-md5=\"c0012f07382d4a21ac93daf52fdfc43d\" data-original-name=\"D222_EN_12_MPBX_borehole_rod_extensometer.pdf\"><span class=\"middle fiv-viv fiv-icon-pdf\"><\/span><span class=\"dce-file-text\"><strong class=\"dce-file-title\">D222_EN_12_MPBX_borehole_rod_extensometer<\/strong><\/span><\/a><\/li><\/ul>\t\t\t\t<\/div>\n\t\t\t\t<\/div>\n\t\t<!-- dce invisible element ffb4ea6 --><!-- dce invisible element ce27105 -->\t\t\t<\/div>\n\t\t\t\t<\/div>\n\t\t<div class=\"elementor-element elementor-element-2d23870 normali e-flex e-con-boxed e-con e-parent\" data-id=\"2d23870\" data-element_type=\"container\" data-e-type=\"container\">\n\t\t\t\t\t<div class=\"e-con-inner\">\n\t\t\t\t<div class=\"elementor-element elementor-element-4cbcff5 elementor-widget elementor-widget-text-editor\" data-id=\"4cbcff5\" data-element_type=\"widget\" data-e-type=\"widget\" data-widget_type=\"text-editor.default\">\n\t\t\t\t<div class=\"elementor-widget-container\">\n\t\t\t\t\t\t\t\t\t<p>MEXID Miniatur-Mehrfach- Bohrlochextensometer<\/p>\n\t\t\t\t\t\t\t\t<\/div>\n\t\t\t\t<\/div>\n\t\t\t\t<div class=\"elementor-element elementor-element-064e7ba elementor-widget elementor-widget-dce-filebrowser\" data-id=\"064e7ba\" data-element_type=\"widget\" data-e-type=\"widget\" data-settings=\"{&quot;enabled_visibility&quot;:&quot;yes&quot;,&quot;dce_visibility_selected&quot;:&quot;yes&quot;}\" data-widget_type=\"dce-filebrowser.default\">\n\t\t\t\t<div class=\"elementor-widget-container\">\n\t\t\t\t\t<ul class=\"list-unstyled dce-list dce-list-root\"><li class=\"file ext-pdf\"><a class=\"block btn-block dce-file-download\" href=\"https:\/\/sisgeo.com\/wp-content\/uploads\/Prodotti\/Extensometers\/MEXID%20Miniaturized%20MPBX\/EN\/Datasheet\/D2MX_EN_05_MEXID_miniaturized_mpbx.pdf\" target=\"_blank\" data-md5=\"19cc69bf083d014c3a6f164c16171bd7\" data-original-name=\"D2MX_EN_05_MEXID_miniaturized_mpbx.pdf\"><span class=\"middle fiv-viv fiv-icon-pdf\"><\/span><span class=\"dce-file-text\"><strong class=\"dce-file-title\">D2MX_EN_05_MEXID_miniaturized_mpbx<\/strong><\/span><\/a><\/li><\/ul>\t\t\t\t<\/div>\n\t\t\t\t<\/div>\n\t\t<!-- dce invisible element 91a888d --><!-- dce invisible element 7f7a771 -->\t\t\t<\/div>\n\t\t\t\t<\/div>\n\t\t<div class=\"elementor-element elementor-element-fcd4bc6 normali e-flex e-con-boxed e-con e-parent\" data-id=\"fcd4bc6\" data-element_type=\"container\" data-e-type=\"container\">\n\t\t\t\t\t<div class=\"e-con-inner\">\n\t\t<div class=\"elementor-element elementor-element-aa0d30f e-flex e-con-boxed e-con e-child\" data-id=\"aa0d30f\" data-element_type=\"container\" data-e-type=\"container\">\n\t\t\t\t\t<div class=\"e-con-inner\">\n\t\t\t\t<div class=\"elementor-element elementor-element-4403f40 elementor-widget elementor-widget-text-editor\" data-id=\"4403f40\" data-element_type=\"widget\" data-e-type=\"widget\" data-widget_type=\"text-editor.default\">\n\t\t\t\t<div class=\"elementor-widget-container\">\n\t\t\t\t\t\t\t\t\t<p>DEX-S 3D extenso-inclinometer<\/p>\n\t\t\t\t\t\t\t\t<\/div>\n\t\t\t\t<\/div>\n\t\t\t\t<div class=\"elementor-element elementor-element-9b36e84 elementor-widget elementor-widget-dce-filebrowser\" data-id=\"9b36e84\" data-element_type=\"widget\" data-e-type=\"widget\" data-settings=\"{&quot;enabled_visibility&quot;:&quot;yes&quot;,&quot;dce_visibility_selected&quot;:&quot;yes&quot;}\" data-widget_type=\"dce-filebrowser.default\">\n\t\t\t\t<div class=\"elementor-widget-container\">\n\t\t\t\t\t<ul class=\"list-unstyled dce-list dce-list-root\"><li class=\"file ext-pdf\"><a class=\"block btn-block dce-file-download\" href=\"https:\/\/sisgeo.com\/wp-content\/uploads\/Prodotti\/IPI%20In-Place%20Inclinometers\/DEX%20and%20DEX-S%203D%20estenso-inclinometer\/Spagnolo\/Datasheet\/DEX-S_EN_09_digital_DEX-S_extenso-inclinometer_datasheet.pdf\" target=\"_blank\" data-md5=\"cd0c0cde3c79c12d86da4bf17c02d7d3\" data-original-name=\"DEX-S_EN_09_digital_DEX-S_extenso-inclinometer_datasheet.pdf\"><span class=\"middle fiv-viv fiv-icon-pdf\"><\/span><span class=\"dce-file-text\"><strong class=\"dce-file-title\">DEX-S_EN_09_digital_DEX-S_extenso-inclinometer_datasheet<\/strong><\/span><\/a><\/li><\/ul>\t\t\t\t<\/div>\n\t\t\t\t<\/div>\n\t\t\t\t\t<\/div>\n\t\t\t\t<\/div>\n\t\t\t\t\t<\/div>\n\t\t\t\t<\/div>\n\t\t<div class=\"elementor-element elementor-element-e1adc36 normali e-flex e-con-boxed e-con e-parent\" data-id=\"e1adc36\" data-element_type=\"container\" data-e-type=\"container\">\n\t\t\t\t\t<div class=\"e-con-inner\">\n\t\t\t\t<div class=\"elementor-element elementor-element-0f49181 elementor-widget elementor-widget-text-editor\" data-id=\"0f49181\" data-element_type=\"widget\" data-e-type=\"widget\" data-widget_type=\"text-editor.default\">\n\t\t\t\t<div class=\"elementor-widget-container\">\n\t\t\t\t\t\t\t\t\t<p>Bodenextensometer f\u00fcr Sch\u00fcttk\u00f6rper<\/p>\n\t\t\t\t\t\t\t\t<\/div>\n\t\t\t\t<\/div>\n\t\t\t\t<div class=\"elementor-element elementor-element-9516b0f elementor-widget elementor-widget-dce-filebrowser\" data-id=\"9516b0f\" data-element_type=\"widget\" data-e-type=\"widget\" data-settings=\"{&quot;enabled_visibility&quot;:&quot;yes&quot;,&quot;dce_visibility_selected&quot;:&quot;yes&quot;}\" data-widget_type=\"dce-filebrowser.default\">\n\t\t\t\t<div class=\"elementor-widget-container\">\n\t\t\t\t\t<ul class=\"list-unstyled dce-list dce-list-root\"><li class=\"file ext-pdf\"><a class=\"block btn-block dce-file-download\" href=\"https:\/\/sisgeo.com\/wp-content\/uploads\/Prodotti\/Extensometers\/Embankment%20Extensometers\/EN\/Datasheet\/D232_EN_08_Embankment_extensometerS.pdf\" target=\"_blank\" data-md5=\"25d4181f3745d4d6e1fade29dd13f483\" data-original-name=\"D232_EN_08_Embankment_extensometerS.pdf\"><span class=\"middle fiv-viv fiv-icon-pdf\"><\/span><span class=\"dce-file-text\"><strong class=\"dce-file-title\">D232_EN_08_Embankment_extensometerS<\/strong><\/span><\/a><\/li><\/ul>\t\t\t\t<\/div>\n\t\t\t\t<\/div>\n\t\t<!-- dce invisible element e3ae3af -->\t\t\t<\/div>\n\t\t\t\t<\/div>\n\t\t<div class=\"elementor-element elementor-element-909cf93 normali e-flex e-con-boxed e-con e-parent\" data-id=\"909cf93\" data-element_type=\"container\" data-e-type=\"container\">\n\t\t\t\t\t<div class=\"e-con-inner\">\n\t\t\t\t<div class=\"elementor-element elementor-element-f671783 elementor-widget elementor-widget-text-editor\" data-id=\"f671783\" data-element_type=\"widget\" data-e-type=\"widget\" data-widget_type=\"text-editor.default\">\n\t\t\t\t<div class=\"elementor-widget-container\">\n\t\t\t\t\t\t\t\t\t<p>T-REX mobiles Sondenextensometer<\/p>\n\t\t\t\t\t\t\t\t<\/div>\n\t\t\t\t<\/div>\n\t\t\t\t<div class=\"elementor-element elementor-element-2cbfd29 elementor-widget elementor-widget-dce-filebrowser\" data-id=\"2cbfd29\" data-element_type=\"widget\" data-e-type=\"widget\" data-settings=\"{&quot;enabled_visibility&quot;:&quot;yes&quot;,&quot;dce_visibility_selected&quot;:&quot;yes&quot;}\" data-widget_type=\"dce-filebrowser.default\">\n\t\t\t\t<div class=\"elementor-widget-container\">\n\t\t\t\t\t<ul class=\"list-unstyled dce-list dce-list-root\"><li class=\"file ext-pdf\"><a class=\"block btn-block dce-file-download\" href=\"https:\/\/sisgeo.com\/wp-content\/uploads\/Prodotti\/Extensometers\/T-REX%20Incremental%20Extensometer\/EN\/Datasheet\/T-REX_EN_10_T-REX_incremental_extensometer.pdf\" target=\"_blank\" data-md5=\"28bd6f400a3551873eb82840e9c90d88\" data-original-name=\"T-REX_EN_10_T-REX_incremental_extensometer.pdf\"><span class=\"middle fiv-viv fiv-icon-pdf\"><\/span><span class=\"dce-file-text\"><strong class=\"dce-file-title\">T-REX_EN_10_T-REX_incremental_extensometer<\/strong><\/span><\/a><\/li><\/ul>\t\t\t\t<\/div>\n\t\t\t\t<\/div>\n\t\t<!-- dce invisible element 78271d4 --><!-- dce invisible element 1d1e048 -->\t\t\t<\/div>\n\t\t\t\t<\/div>\n\t\t<div class=\"elementor-element elementor-element-19a5ad8 normali e-flex e-con-boxed e-con e-parent\" data-id=\"19a5ad8\" data-element_type=\"container\" data-e-type=\"container\">\n\t\t\t\t\t<div class=\"e-con-inner\">\n\t\t\t\t<div class=\"elementor-element elementor-element-e126b08 elementor-widget elementor-widget-text-editor\" data-id=\"e126b08\" data-element_type=\"widget\" data-e-type=\"widget\" data-widget_type=\"text-editor.default\">\n\t\t\t\t<div class=\"elementor-widget-container\">\n\t\t\t\t\t\t\t\t\t<p>KLION Software f\u00fcr Inklinometer und Extensometer<\/p>\n\t\t\t\t\t\t\t\t<\/div>\n\t\t\t\t<\/div>\n\t\t\t\t<div class=\"elementor-element elementor-element-633c053 elementor-widget elementor-widget-dce-filebrowser\" data-id=\"633c053\" data-element_type=\"widget\" data-e-type=\"widget\" data-settings=\"{&quot;enabled_visibility&quot;:&quot;yes&quot;,&quot;dce_visibility_selected&quot;:&quot;yes&quot;}\" data-widget_type=\"dce-filebrowser.default\">\n\t\t\t\t<div class=\"elementor-widget-container\">\n\t\t\t\t\t<ul class=\"list-unstyled dce-list dce-list-root\"><li class=\"file ext-pdf\"><a class=\"block btn-block dce-file-download\" href=\"https:\/\/sisgeo.com\/wp-content\/uploads\/Prodotti\/B.R.A.IN%20MEMS%20Probe%20Inclinometer\/KLION%20software%20for%20inclinometers%20and%20extensometers\/Inglese\/Datasheet\/KLION_EN_01_software_for_inclinometers_and_.pdf\" target=\"_blank\" data-md5=\"234989d4cb745ef592b5c2d8262bf143\" data-original-name=\"KLION_EN_01_software_for_inclinometers_and_.pdf\"><span class=\"middle fiv-viv fiv-icon-pdf\"><\/span><span class=\"dce-file-text\"><strong class=\"dce-file-title\">KLION_EN_01_software_for_inclinometers_and_<\/strong><\/span><\/a><\/li><\/ul>\t\t\t\t<\/div>\n\t\t\t\t<\/div>\n\t\t<!-- dce invisible element 61dba7c -->\t\t\t<\/div>\n\t\t\t\t<\/div>\n\t\t\t\t<\/div>\n\t\t","protected":false},"excerpt":{"rendered":"<p>MPBX &#8211; Mehrfach-Bohrlochextensometer D222_EN_11_MPBX_borehole_rod_extensometer D222_FR_11_MPBX_extensometre_a_tige_en_forage D222_ES_11_MPBX_borehole_rod_extensometer MEXID Miniatur-Mehrfach- Bohrlochextensometer D2MX_EN_05_MEXID_miniaturized_mpbx D2MX_FR_05_MEXID_mpbx_miniaturise D2MX_ES_05_MEXID_miniaturized_mpbx DEX-S 3D extenso-inclinometer DEX-S_EN_08_digital_DEX-S_extenso-inclinometer_datasheet Bodenextensometer f\u00fcr Sch\u00fcttk\u00f6rper D232_EN_08_Embankment_extensometerS D232_FR_08_extensometres_pour_remblais T-REX mobiles Sondenextensometer T-REX_EN_10_T-REX_incremental_extensometer T-REX_FR_10_T-REX_extensom\u00e8tre incr\u00e9mentiel TREX_ES_10_T-REX_incremental_extensometer KLION Software f\u00fcr Inklinometer und Extensometer KLION_EN_01_software_for_inclinometers_and_ KLION_FR_01_logiciel_klion<\/p>\n","protected":false},"author":1,"featured_media":0,"parent":21137,"menu_order":0,"comment_status":"closed","ping_status":"closed","template":"","meta":{"footnotes":""},"categories":[],"tags":[],"class_list":["post-21151","page","type-page","status-publish","hentry"],"yoast_head":"<!-- This site is optimized with the Yoast SEO Premium plugin v27.2 (Yoast SEO v27.2) - https:\/\/yoast.com\/product\/yoast-seo-premium-wordpress\/ -->\n<title>Extensometer - Sisgeo<\/title>\n<meta name=\"robots\" content=\"index, follow, max-snippet:-1, max-image-preview:large, max-video-preview:-1\" \/>\n<link rel=\"canonical\" href=\"https:\/\/sisgeo.com\/de\/downoad-bereich\/technisches-datenblatt\/dehnungsmessstreifen\/\" \/>\n<meta property=\"og:locale\" content=\"de_DE\" \/>\n<meta property=\"og:type\" content=\"article\" \/>\n<meta property=\"og:title\" content=\"Extensometer\" \/>\n<meta property=\"og:description\" content=\"MPBX &#8211; Mehrfach-Bohrlochextensometer D222_EN_11_MPBX_borehole_rod_extensometer D222_FR_11_MPBX_extensometre_a_tige_en_forage D222_ES_11_MPBX_borehole_rod_extensometer MEXID Miniatur-Mehrfach- Bohrlochextensometer D2MX_EN_05_MEXID_miniaturized_mpbx D2MX_FR_05_MEXID_mpbx_miniaturise D2MX_ES_05_MEXID_miniaturized_mpbx DEX-S 3D extenso-inclinometer DEX-S_EN_08_digital_DEX-S_extenso-inclinometer_datasheet Bodenextensometer f\u00fcr Sch\u00fcttk\u00f6rper D232_EN_08_Embankment_extensometerS D232_FR_08_extensometres_pour_remblais T-REX mobiles Sondenextensometer T-REX_EN_10_T-REX_incremental_extensometer T-REX_FR_10_T-REX_extensom\u00e8tre incr\u00e9mentiel TREX_ES_10_T-REX_incremental_extensometer KLION Software f\u00fcr Inklinometer und Extensometer KLION_EN_01_software_for_inclinometers_and_ KLION_FR_01_logiciel_klion\" \/>\n<meta property=\"og:url\" content=\"https:\/\/sisgeo.com\/de\/downoad-bereich\/technisches-datenblatt\/dehnungsmessstreifen\/\" \/>\n<meta property=\"og:site_name\" content=\"Sisgeo\" \/>\n<meta property=\"article:modified_time\" content=\"2025-01-20T08:46:43+00:00\" \/>\n<meta name=\"twitter:card\" content=\"summary_large_image\" \/>\n<meta name=\"twitter:label1\" content=\"Gesch\u00e4tzte Lesezeit\" \/>\n\t<meta name=\"twitter:data1\" content=\"1\u00a0Minute\" \/>\n<script type=\"application\/ld+json\" class=\"yoast-schema-graph\">{\"@context\":\"https:\/\/schema.org\",\"@graph\":[{\"@type\":\"WebPage\",\"@id\":\"https:\/\/sisgeo.com\/de\/downoad-bereich\/technisches-datenblatt\/dehnungsmessstreifen\/\",\"url\":\"https:\/\/sisgeo.com\/de\/downoad-bereich\/technisches-datenblatt\/dehnungsmessstreifen\/\",\"name\":\"Extensometer - Sisgeo\",\"isPartOf\":{\"@id\":\"https:\/\/sisgeo.com\/de\/#website\"},\"datePublished\":\"2023-09-22T07:52:25+00:00\",\"dateModified\":\"2025-01-20T08:46:43+00:00\",\"breadcrumb\":{\"@id\":\"https:\/\/sisgeo.com\/de\/downoad-bereich\/technisches-datenblatt\/dehnungsmessstreifen\/#breadcrumb\"},\"inLanguage\":\"de\",\"potentialAction\":[{\"@type\":\"ReadAction\",\"target\":[\"https:\/\/sisgeo.com\/de\/downoad-bereich\/technisches-datenblatt\/dehnungsmessstreifen\/\"]}]},{\"@type\":\"BreadcrumbList\",\"@id\":\"https:\/\/sisgeo.com\/de\/downoad-bereich\/technisches-datenblatt\/dehnungsmessstreifen\/#breadcrumb\",\"itemListElement\":[{\"@type\":\"ListItem\",\"position\":1,\"name\":\"Home\",\"item\":\"https:\/\/sisgeo.com\/de\/geotechnische-und-strukturelle-instrumentierung-fuer-shm\/\"},{\"@type\":\"ListItem\",\"position\":2,\"name\":\"Downoad-Bereich\",\"item\":\"https:\/\/sisgeo.com\/de\/downoad-bereich\/\"},{\"@type\":\"ListItem\",\"position\":3,\"name\":\"Technisches datenblatt\",\"item\":\"https:\/\/sisgeo.com\/de\/downoad-bereich\/technisches-datenblatt\/\"},{\"@type\":\"ListItem\",\"position\":4,\"name\":\"Extensometer\"}]},{\"@type\":\"WebSite\",\"@id\":\"https:\/\/sisgeo.com\/de\/#website\",\"url\":\"https:\/\/sisgeo.com\/de\/\",\"name\":\"Sisgeo\",\"description\":\"Inclined to improvement\",\"publisher\":{\"@id\":\"https:\/\/sisgeo.com\/de\/#organization\"},\"potentialAction\":[{\"@type\":\"SearchAction\",\"target\":{\"@type\":\"EntryPoint\",\"urlTemplate\":\"https:\/\/sisgeo.com\/de\/?s={search_term_string}\"},\"query-input\":{\"@type\":\"PropertyValueSpecification\",\"valueRequired\":true,\"valueName\":\"search_term_string\"}}],\"inLanguage\":\"de\"},{\"@type\":\"Organization\",\"@id\":\"https:\/\/sisgeo.com\/de\/#organization\",\"name\":\"Sisgeo S.r.l.\",\"url\":\"https:\/\/sisgeo.com\/de\/\",\"logo\":{\"@type\":\"ImageObject\",\"inLanguage\":\"de\",\"@id\":\"https:\/\/sisgeo.com\/de\/#\/schema\/logo\/image\/\",\"url\":\"https:\/\/sisgeodev.pipehosting.it\/wp-content\/uploads\/2023\/06\/logo-RGB.png\",\"contentUrl\":\"https:\/\/sisgeodev.pipehosting.it\/wp-content\/uploads\/2023\/06\/logo-RGB.png\",\"width\":205,\"height\":97,\"caption\":\"Sisgeo S.r.l.\"},\"image\":{\"@id\":\"https:\/\/sisgeo.com\/de\/#\/schema\/logo\/image\/\"}}]}<\/script>\n<!-- \/ Yoast SEO Premium plugin. -->","yoast_head_json":{"title":"Extensometer - Sisgeo","robots":{"index":"index","follow":"follow","max-snippet":"max-snippet:-1","max-image-preview":"max-image-preview:large","max-video-preview":"max-video-preview:-1"},"canonical":"https:\/\/sisgeo.com\/de\/downoad-bereich\/technisches-datenblatt\/dehnungsmessstreifen\/","og_locale":"de_DE","og_type":"article","og_title":"Extensometer","og_description":"MPBX &#8211; Mehrfach-Bohrlochextensometer D222_EN_11_MPBX_borehole_rod_extensometer D222_FR_11_MPBX_extensometre_a_tige_en_forage D222_ES_11_MPBX_borehole_rod_extensometer MEXID Miniatur-Mehrfach- Bohrlochextensometer D2MX_EN_05_MEXID_miniaturized_mpbx D2MX_FR_05_MEXID_mpbx_miniaturise D2MX_ES_05_MEXID_miniaturized_mpbx DEX-S 3D extenso-inclinometer DEX-S_EN_08_digital_DEX-S_extenso-inclinometer_datasheet Bodenextensometer f\u00fcr Sch\u00fcttk\u00f6rper D232_EN_08_Embankment_extensometerS D232_FR_08_extensometres_pour_remblais T-REX mobiles Sondenextensometer T-REX_EN_10_T-REX_incremental_extensometer T-REX_FR_10_T-REX_extensom\u00e8tre incr\u00e9mentiel TREX_ES_10_T-REX_incremental_extensometer KLION Software f\u00fcr Inklinometer und Extensometer KLION_EN_01_software_for_inclinometers_and_ KLION_FR_01_logiciel_klion","og_url":"https:\/\/sisgeo.com\/de\/downoad-bereich\/technisches-datenblatt\/dehnungsmessstreifen\/","og_site_name":"Sisgeo","article_modified_time":"2025-01-20T08:46:43+00:00","twitter_card":"summary_large_image","twitter_misc":{"Gesch\u00e4tzte Lesezeit":"1\u00a0Minute"},"schema":{"@context":"https:\/\/schema.org","@graph":[{"@type":"WebPage","@id":"https:\/\/sisgeo.com\/de\/downoad-bereich\/technisches-datenblatt\/dehnungsmessstreifen\/","url":"https:\/\/sisgeo.com\/de\/downoad-bereich\/technisches-datenblatt\/dehnungsmessstreifen\/","name":"Extensometer - Sisgeo","isPartOf":{"@id":"https:\/\/sisgeo.com\/de\/#website"},"datePublished":"2023-09-22T07:52:25+00:00","dateModified":"2025-01-20T08:46:43+00:00","breadcrumb":{"@id":"https:\/\/sisgeo.com\/de\/downoad-bereich\/technisches-datenblatt\/dehnungsmessstreifen\/#breadcrumb"},"inLanguage":"de","potentialAction":[{"@type":"ReadAction","target":["https:\/\/sisgeo.com\/de\/downoad-bereich\/technisches-datenblatt\/dehnungsmessstreifen\/"]}]},{"@type":"BreadcrumbList","@id":"https:\/\/sisgeo.com\/de\/downoad-bereich\/technisches-datenblatt\/dehnungsmessstreifen\/#breadcrumb","itemListElement":[{"@type":"ListItem","position":1,"name":"Home","item":"https:\/\/sisgeo.com\/de\/geotechnische-und-strukturelle-instrumentierung-fuer-shm\/"},{"@type":"ListItem","position":2,"name":"Downoad-Bereich","item":"https:\/\/sisgeo.com\/de\/downoad-bereich\/"},{"@type":"ListItem","position":3,"name":"Technisches datenblatt","item":"https:\/\/sisgeo.com\/de\/downoad-bereich\/technisches-datenblatt\/"},{"@type":"ListItem","position":4,"name":"Extensometer"}]},{"@type":"WebSite","@id":"https:\/\/sisgeo.com\/de\/#website","url":"https:\/\/sisgeo.com\/de\/","name":"Sisgeo","description":"Inclined to improvement","publisher":{"@id":"https:\/\/sisgeo.com\/de\/#organization"},"potentialAction":[{"@type":"SearchAction","target":{"@type":"EntryPoint","urlTemplate":"https:\/\/sisgeo.com\/de\/?s={search_term_string}"},"query-input":{"@type":"PropertyValueSpecification","valueRequired":true,"valueName":"search_term_string"}}],"inLanguage":"de"},{"@type":"Organization","@id":"https:\/\/sisgeo.com\/de\/#organization","name":"Sisgeo S.r.l.","url":"https:\/\/sisgeo.com\/de\/","logo":{"@type":"ImageObject","inLanguage":"de","@id":"https:\/\/sisgeo.com\/de\/#\/schema\/logo\/image\/","url":"https:\/\/sisgeodev.pipehosting.it\/wp-content\/uploads\/2023\/06\/logo-RGB.png","contentUrl":"https:\/\/sisgeodev.pipehosting.it\/wp-content\/uploads\/2023\/06\/logo-RGB.png","width":205,"height":97,"caption":"Sisgeo S.r.l."},"image":{"@id":"https:\/\/sisgeo.com\/de\/#\/schema\/logo\/image\/"}}]}},"_links":{"self":[{"href":"https:\/\/sisgeo.com\/de\/wp-json\/wp\/v2\/pages\/21151","targetHints":{"allow":["GET"]}}],"collection":[{"href":"https:\/\/sisgeo.com\/de\/wp-json\/wp\/v2\/pages"}],"about":[{"href":"https:\/\/sisgeo.com\/de\/wp-json\/wp\/v2\/types\/page"}],"author":[{"embeddable":true,"href":"https:\/\/sisgeo.com\/de\/wp-json\/wp\/v2\/users\/1"}],"replies":[{"embeddable":true,"href":"https:\/\/sisgeo.com\/de\/wp-json\/wp\/v2\/comments?post=21151"}],"version-history":[{"count":3,"href":"https:\/\/sisgeo.com\/de\/wp-json\/wp\/v2\/pages\/21151\/revisions"}],"predecessor-version":[{"id":28005,"href":"https:\/\/sisgeo.com\/de\/wp-json\/wp\/v2\/pages\/21151\/revisions\/28005"}],"up":[{"embeddable":true,"href":"https:\/\/sisgeo.com\/de\/wp-json\/wp\/v2\/pages\/21137"}],"wp:attachment":[{"href":"https:\/\/sisgeo.com\/de\/wp-json\/wp\/v2\/media?parent=21151"}],"wp:term":[{"taxonomy":"category","embeddable":true,"href":"https:\/\/sisgeo.com\/de\/wp-json\/wp\/v2\/categories?post=21151"},{"taxonomy":"post_tag","embeddable":true,"href":"https:\/\/sisgeo.com\/de\/wp-json\/wp\/v2\/tags?post=21151"}],"curies":[{"name":"wp","href":"https:\/\/api.w.org\/{rel}","templated":true}]}}