{"id":21175,"date":"2023-09-21T11:55:41","date_gmt":"2023-09-21T09:55:41","guid":{"rendered":"https:\/\/sisgeo.com\/downoad-bereich\/handbuecher\/"},"modified":"2025-05-08T10:13:23","modified_gmt":"2025-05-08T08:13:23","slug":"handbuecher","status":"publish","type":"page","link":"https:\/\/sisgeo.com\/de\/downoad-bereich\/handbuecher\/","title":{"rendered":"Handb\u00fccher"},"content":{"rendered":"\t\t<div data-elementor-type=\"wp-page\" data-elementor-id=\"21175\" class=\"elementor elementor-21175 elementor-14234\" data-elementor-post-type=\"page\">\n\t\t\t\t<div class=\"elementor-element elementor-element-31b928f e-flex e-con-boxed e-con e-parent\" data-id=\"31b928f\" data-element_type=\"container\" data-e-type=\"container\">\n\t\t\t\t\t<div class=\"e-con-inner\">\n\t\t\t\t\t<\/div>\n\t\t\t\t<\/div>\n\t\t<div class=\"elementor-element elementor-element-1a5d818 e-flex e-con-boxed e-con e-parent\" data-id=\"1a5d818\" data-element_type=\"container\" data-e-type=\"container\">\n\t\t\t\t\t<div class=\"e-con-inner\">\n\t\t<div class=\"elementor-element elementor-element-a6b5d83 e-con-full e-flex e-con e-child\" data-id=\"a6b5d83\" data-element_type=\"container\" data-e-type=\"container\">\n\t\t\t\t<div class=\"elementor-element elementor-element-45d29ce pag elementor-widget elementor-widget-text-editor\" data-id=\"45d29ce\" data-element_type=\"widget\" data-e-type=\"widget\" data-widget_type=\"text-editor.default\">\n\t\t\t\t<div class=\"elementor-widget-container\">\n\t\t\t\t\t\t\t\t\t<p><a href=\"https:\/\/sisgeo.com\/de\/downoad-bereich\/handbuecher\/neigungsmesser-gehaeuse\/\">Inklinometer-Messrohre<\/a><\/p><p><a href=\"https:\/\/sisgeo.com\/de\/downoad-bereich\/handbuecher\/brain-mems-sonden-neigungsmesser\/\">B.R.A.IN Mems-Sonde<\/a><\/p><p><a href=\"https:\/\/sisgeo.com\/de\/downoad-bereich\/handbuecher\/ipi-in-place-inclinometers\/\">IPI In-Place-Neigungsmesser<\/a><\/p><p><a href=\"https:\/\/sisgeo.com\/de\/downoad-bereich\/handbuecher\/neigungsmesser\/\">Neigungsmesser\/Tiltmeter<\/a><\/p>\t\t\t\t\t\t\t\t<\/div>\n\t\t\t\t<\/div>\n\t\t\t\t<\/div>\n\t\t<div class=\"elementor-element elementor-element-5b91ce9 e-con-full e-flex e-con e-child\" data-id=\"5b91ce9\" data-element_type=\"container\" data-e-type=\"container\">\n\t\t\t\t<div class=\"elementor-element elementor-element-c9c1395 pag elementor-widget elementor-widget-text-editor\" data-id=\"c9c1395\" data-element_type=\"widget\" data-e-type=\"widget\" data-widget_type=\"text-editor.default\">\n\t\t\t\t<div class=\"elementor-widget-container\">\n\t\t\t\t\t\t\t\t\t<p><a href=\"https:\/\/sisgeo.com\/de\/downoad-bereich\/handbuecher\/lotanlagen\/\">Pendellot<\/a><\/p><p><a href=\"https:\/\/sisgeo.com\/de\/downoad-bereich\/handbuecher\/piezometer\/\">Piezometer<\/a><\/p><p><a href=\"https:\/\/sisgeo.com\/de\/downoad-bereich\/handbuecher\/druckmessdosen\/\">Druckmessdosen<\/a><\/p><p><a href=\"https:\/\/sisgeo.com\/de\/downoad-bereich\/handbuecher\/kraftmessdosen\/\">Kraftmessdosen<\/a><\/p>\t\t\t\t\t\t\t\t<\/div>\n\t\t\t\t<\/div>\n\t\t\t\t<\/div>\n\t\t<div class=\"elementor-element elementor-element-26ec893 e-con-full e-flex e-con e-child\" data-id=\"26ec893\" data-element_type=\"container\" data-e-type=\"container\">\n\t\t\t\t<div class=\"elementor-element elementor-element-0b8facb pag elementor-widget elementor-widget-text-editor\" data-id=\"0b8facb\" data-element_type=\"widget\" data-e-type=\"widget\" data-widget_type=\"text-editor.default\">\n\t\t\t\t<div class=\"elementor-widget-container\">\n\t\t\t\t\t\t\t\t\t<p><a href=\"https:\/\/sisgeo.com\/de\/downoad-bereich\/handbuecher\/setzungsmesssysteme\/\">Setzungsmessger\u00e4te<\/a><\/p><p><a href=\"https:\/\/sisgeo.com\/de\/downoad-bereich\/handbuecher\/dehnungsmessstreifen\/\">Extensometer<\/a><\/p><p><a href=\"https:\/\/sisgeo.com\/de\/downoad-bereich\/handbuecher\/rissmessgeraete-und-fugenmessgeraete\/\">Rissmessger\u00e4te und Fugenmessger\u00e4te<\/a><\/p><p><a href=\"https:\/\/sisgeo.com\/de\/downoad-bereich\/handbuecher\/dehnungsaufnehmer\/\">Dehnungsaufnehmer<\/a><\/p>\t\t\t\t\t\t\t\t<\/div>\n\t\t\t\t<\/div>\n\t\t\t\t<\/div>\n\t\t<div class=\"elementor-element elementor-element-ecef31e e-con-full e-flex e-con e-child\" data-id=\"ecef31e\" data-element_type=\"container\" data-e-type=\"container\">\n\t\t\t\t<div class=\"elementor-element elementor-element-5d14b8e pag elementor-widget elementor-widget-text-editor\" data-id=\"5d14b8e\" data-element_type=\"widget\" data-e-type=\"widget\" data-widget_type=\"text-editor.default\">\n\t\t\t\t<div class=\"elementor-widget-container\">\n\t\t\t\t\t\t\t\t\t<p><a href=\"https:\/\/sisgeo.com\/de\/downoad-bereich\/handbuecher\/temperaturaufnehmer\/\">Temperatur<\/a><\/p><p><a href=\"https:\/\/sisgeo.com\/de\/downoad-bereich\/handbuecher\/ablesegeraete\/\">Tragbare Anzeigeger\u00e4te<\/a><\/p><p><a href=\"https:\/\/sisgeo.com\/de\/downoad-bereich\/handbuecher\/datenlogger\/\">Datenlogger<\/a><\/p><p><a href=\"https:\/\/sisgeo.com\/de\/downoad-bereich\/handbuecher\/discontinued\/\">Abgek\u00fcndigt<\/a><\/p>\t\t\t\t\t\t\t\t<\/div>\n\t\t\t\t<\/div>\n\t\t\t\t<\/div>\n\t\t\t\t\t<\/div>\n\t\t\t\t<\/div>\n\t\t\t\t<\/div>\n\t\t","protected":false},"excerpt":{"rendered":"<p>Inklinometer-Messrohre B.R.A.IN Mems-Sonde IPI In-Place-Neigungsmesser Neigungsmesser\/Tiltmeter Pendellot Piezometer Druckmessdosen Kraftmessdosen Setzungsmessger\u00e4te Extensometer Rissmessger\u00e4te und Fugenmessger\u00e4te Dehnungsaufnehmer Temperatur Tragbare Anzeigeger\u00e4te Datenlogger Abgek\u00fcndigt<\/p>\n","protected":false},"author":1,"featured_media":0,"parent":19978,"menu_order":0,"comment_status":"closed","ping_status":"closed","template":"","meta":{"_acf_changed":false,"footnotes":""},"categories":[],"tags":[],"class_list":["post-21175","page","type-page","status-publish","hentry"],"acf":[],"yoast_head":"<!-- This site is optimized with the Yoast SEO Premium plugin v27.2 (Yoast SEO v27.2) - https:\/\/yoast.com\/product\/yoast-seo-premium-wordpress\/ -->\n<title>Handb\u00fccher - Sisgeo<\/title>\n<meta name=\"robots\" content=\"index, follow, max-snippet:-1, max-image-preview:large, max-video-preview:-1\" \/>\n<link rel=\"canonical\" href=\"https:\/\/sisgeo.com\/de\/downoad-bereich\/handbuecher\/\" \/>\n<meta property=\"og:locale\" content=\"de_DE\" \/>\n<meta property=\"og:type\" content=\"article\" \/>\n<meta property=\"og:title\" content=\"Handb\u00fccher\" \/>\n<meta property=\"og:description\" content=\"Inklinometer-Messrohre B.R.A.IN Mems-Sonde IPI In-Place-Neigungsmesser Neigungsmesser\/Tiltmeter Pendellot Piezometer Druckmessdosen Kraftmessdosen Setzungsmessger\u00e4te Extensometer Rissmessger\u00e4te und Fugenmessger\u00e4te Dehnungsaufnehmer Temperatur Tragbare Anzeigeger\u00e4te Datenlogger Abgek\u00fcndigt\" \/>\n<meta property=\"og:url\" content=\"https:\/\/sisgeo.com\/de\/downoad-bereich\/handbuecher\/\" \/>\n<meta property=\"og:site_name\" content=\"Sisgeo\" \/>\n<meta property=\"article:modified_time\" content=\"2025-05-08T08:13:23+00:00\" \/>\n<meta name=\"twitter:card\" content=\"summary_large_image\" \/>\n<script type=\"application\/ld+json\" class=\"yoast-schema-graph\">{\"@context\":\"https:\/\/schema.org\",\"@graph\":[{\"@type\":\"WebPage\",\"@id\":\"https:\/\/sisgeo.com\/de\/downoad-bereich\/handbuecher\/\",\"url\":\"https:\/\/sisgeo.com\/de\/downoad-bereich\/handbuecher\/\",\"name\":\"Handb\u00fccher - Sisgeo\",\"isPartOf\":{\"@id\":\"https:\/\/sisgeo.com\/de\/#website\"},\"datePublished\":\"2023-09-21T09:55:41+00:00\",\"dateModified\":\"2025-05-08T08:13:23+00:00\",\"breadcrumb\":{\"@id\":\"https:\/\/sisgeo.com\/de\/downoad-bereich\/handbuecher\/#breadcrumb\"},\"inLanguage\":\"de\",\"potentialAction\":[{\"@type\":\"ReadAction\",\"target\":[\"https:\/\/sisgeo.com\/de\/downoad-bereich\/handbuecher\/\"]}]},{\"@type\":\"BreadcrumbList\",\"@id\":\"https:\/\/sisgeo.com\/de\/downoad-bereich\/handbuecher\/#breadcrumb\",\"itemListElement\":[{\"@type\":\"ListItem\",\"position\":1,\"name\":\"Home\",\"item\":\"https:\/\/sisgeo.com\/de\/geotechnische-und-strukturelle-instrumentierung-fuer-shm\/\"},{\"@type\":\"ListItem\",\"position\":2,\"name\":\"Downoad-Bereich\",\"item\":\"https:\/\/sisgeo.com\/de\/downoad-bereich\/\"},{\"@type\":\"ListItem\",\"position\":3,\"name\":\"Handb\u00fccher\"}]},{\"@type\":\"WebSite\",\"@id\":\"https:\/\/sisgeo.com\/de\/#website\",\"url\":\"https:\/\/sisgeo.com\/de\/\",\"name\":\"Sisgeo\",\"description\":\"Inclined to improvement\",\"publisher\":{\"@id\":\"https:\/\/sisgeo.com\/de\/#organization\"},\"potentialAction\":[{\"@type\":\"SearchAction\",\"target\":{\"@type\":\"EntryPoint\",\"urlTemplate\":\"https:\/\/sisgeo.com\/de\/?s={search_term_string}\"},\"query-input\":{\"@type\":\"PropertyValueSpecification\",\"valueRequired\":true,\"valueName\":\"search_term_string\"}}],\"inLanguage\":\"de\"},{\"@type\":\"Organization\",\"@id\":\"https:\/\/sisgeo.com\/de\/#organization\",\"name\":\"Sisgeo S.r.l.\",\"url\":\"https:\/\/sisgeo.com\/de\/\",\"logo\":{\"@type\":\"ImageObject\",\"inLanguage\":\"de\",\"@id\":\"https:\/\/sisgeo.com\/de\/#\/schema\/logo\/image\/\",\"url\":\"https:\/\/sisgeodev.pipehosting.it\/wp-content\/uploads\/2023\/06\/logo-RGB.png\",\"contentUrl\":\"https:\/\/sisgeodev.pipehosting.it\/wp-content\/uploads\/2023\/06\/logo-RGB.png\",\"width\":205,\"height\":97,\"caption\":\"Sisgeo S.r.l.\"},\"image\":{\"@id\":\"https:\/\/sisgeo.com\/de\/#\/schema\/logo\/image\/\"}}]}<\/script>\n<!-- \/ Yoast SEO Premium plugin. -->","yoast_head_json":{"title":"Handb\u00fccher - Sisgeo","robots":{"index":"index","follow":"follow","max-snippet":"max-snippet:-1","max-image-preview":"max-image-preview:large","max-video-preview":"max-video-preview:-1"},"canonical":"https:\/\/sisgeo.com\/de\/downoad-bereich\/handbuecher\/","og_locale":"de_DE","og_type":"article","og_title":"Handb\u00fccher","og_description":"Inklinometer-Messrohre B.R.A.IN Mems-Sonde IPI In-Place-Neigungsmesser Neigungsmesser\/Tiltmeter Pendellot Piezometer Druckmessdosen Kraftmessdosen Setzungsmessger\u00e4te Extensometer Rissmessger\u00e4te und Fugenmessger\u00e4te Dehnungsaufnehmer Temperatur Tragbare Anzeigeger\u00e4te Datenlogger Abgek\u00fcndigt","og_url":"https:\/\/sisgeo.com\/de\/downoad-bereich\/handbuecher\/","og_site_name":"Sisgeo","article_modified_time":"2025-05-08T08:13:23+00:00","twitter_card":"summary_large_image","schema":{"@context":"https:\/\/schema.org","@graph":[{"@type":"WebPage","@id":"https:\/\/sisgeo.com\/de\/downoad-bereich\/handbuecher\/","url":"https:\/\/sisgeo.com\/de\/downoad-bereich\/handbuecher\/","name":"Handb\u00fccher - Sisgeo","isPartOf":{"@id":"https:\/\/sisgeo.com\/de\/#website"},"datePublished":"2023-09-21T09:55:41+00:00","dateModified":"2025-05-08T08:13:23+00:00","breadcrumb":{"@id":"https:\/\/sisgeo.com\/de\/downoad-bereich\/handbuecher\/#breadcrumb"},"inLanguage":"de","potentialAction":[{"@type":"ReadAction","target":["https:\/\/sisgeo.com\/de\/downoad-bereich\/handbuecher\/"]}]},{"@type":"BreadcrumbList","@id":"https:\/\/sisgeo.com\/de\/downoad-bereich\/handbuecher\/#breadcrumb","itemListElement":[{"@type":"ListItem","position":1,"name":"Home","item":"https:\/\/sisgeo.com\/de\/geotechnische-und-strukturelle-instrumentierung-fuer-shm\/"},{"@type":"ListItem","position":2,"name":"Downoad-Bereich","item":"https:\/\/sisgeo.com\/de\/downoad-bereich\/"},{"@type":"ListItem","position":3,"name":"Handb\u00fccher"}]},{"@type":"WebSite","@id":"https:\/\/sisgeo.com\/de\/#website","url":"https:\/\/sisgeo.com\/de\/","name":"Sisgeo","description":"Inclined to improvement","publisher":{"@id":"https:\/\/sisgeo.com\/de\/#organization"},"potentialAction":[{"@type":"SearchAction","target":{"@type":"EntryPoint","urlTemplate":"https:\/\/sisgeo.com\/de\/?s={search_term_string}"},"query-input":{"@type":"PropertyValueSpecification","valueRequired":true,"valueName":"search_term_string"}}],"inLanguage":"de"},{"@type":"Organization","@id":"https:\/\/sisgeo.com\/de\/#organization","name":"Sisgeo S.r.l.","url":"https:\/\/sisgeo.com\/de\/","logo":{"@type":"ImageObject","inLanguage":"de","@id":"https:\/\/sisgeo.com\/de\/#\/schema\/logo\/image\/","url":"https:\/\/sisgeodev.pipehosting.it\/wp-content\/uploads\/2023\/06\/logo-RGB.png","contentUrl":"https:\/\/sisgeodev.pipehosting.it\/wp-content\/uploads\/2023\/06\/logo-RGB.png","width":205,"height":97,"caption":"Sisgeo S.r.l."},"image":{"@id":"https:\/\/sisgeo.com\/de\/#\/schema\/logo\/image\/"}}]}},"_links":{"self":[{"href":"https:\/\/sisgeo.com\/de\/wp-json\/wp\/v2\/pages\/21175","targetHints":{"allow":["GET"]}}],"collection":[{"href":"https:\/\/sisgeo.com\/de\/wp-json\/wp\/v2\/pages"}],"about":[{"href":"https:\/\/sisgeo.com\/de\/wp-json\/wp\/v2\/types\/page"}],"author":[{"embeddable":true,"href":"https:\/\/sisgeo.com\/de\/wp-json\/wp\/v2\/users\/1"}],"replies":[{"embeddable":true,"href":"https:\/\/sisgeo.com\/de\/wp-json\/wp\/v2\/comments?post=21175"}],"version-history":[{"count":2,"href":"https:\/\/sisgeo.com\/de\/wp-json\/wp\/v2\/pages\/21175\/revisions"}],"predecessor-version":[{"id":28379,"href":"https:\/\/sisgeo.com\/de\/wp-json\/wp\/v2\/pages\/21175\/revisions\/28379"}],"up":[{"embeddable":true,"href":"https:\/\/sisgeo.com\/de\/wp-json\/wp\/v2\/pages\/19978"}],"wp:attachment":[{"href":"https:\/\/sisgeo.com\/de\/wp-json\/wp\/v2\/media?parent=21175"}],"wp:term":[{"taxonomy":"category","embeddable":true,"href":"https:\/\/sisgeo.com\/de\/wp-json\/wp\/v2\/categories?post=21175"},{"taxonomy":"post_tag","embeddable":true,"href":"https:\/\/sisgeo.com\/de\/wp-json\/wp\/v2\/tags?post=21175"}],"curies":[{"name":"wp","href":"https:\/\/api.w.org\/{rel}","templated":true}]}}