{"id":25913,"date":"2024-08-26T09:53:07","date_gmt":"2024-08-26T07:53:07","guid":{"rendered":"https:\/\/sisgeo.com\/general-guidelines-for-the-transport-and-storage\/"},"modified":"2024-09-05T16:55:38","modified_gmt":"2024-09-05T14:55:38","slug":"general-guidelines-for-the-transport-and-storage","status":"publish","type":"page","link":"https:\/\/sisgeo.com\/de\/general-guidelines-for-the-transport-and-storage\/","title":{"rendered":"ALLGEMEINE RICHTLINIEN F\u00dcR DEN TRANSPORT UND DIE LAGERUNG"},"content":{"rendered":"\n<p>Sisgeo stellt hochpr\u00e4zise Messger\u00e4te her, die mit der notwendigen Sorgfalt hergestellt und verpackt werden. Damit die Produkte am Einsatzort so ankommen, wie sie gerade unser Werk verlassen haben, muss alles getan werden, um Sch\u00e4den w\u00e4hrend des Transports und der Lagerung zu vermeiden (St\u00fcrze, St\u00f6\u00dfe, \u00fcberm\u00e4\u00dfige Vibrationen usw.) <\/p>\n\n<p>Ausf\u00fchrlichere Anweisungen zu bestimmten Produkten finden Sie in der Produktdokumentation. Wenn im Datenblatt oder im Produkthandbuch keine genaueren Angaben gemacht werden, beziehen Sie sich bitte auf die Informationen in diesem Dokument. <\/p>\n\n<ol class=\"wp-block-list\">\n<li>TRANSPORT ZUM EINSATZORT<br>Die folgenden Anweisungen gelten f\u00fcr den Transport der Ger\u00e4te zum Einsatzortort:\n<ul class=\"wp-block-list\">\n<li>Transportieren Sie die Produkte in der Verpackung, in der sie verschickt wurden.<\/li>\n\n\n\n<li>Entfernen Sie keine Kappen oder andere Schutzvorrichtungen von Produkten, Kabeln, Steckern oder anderen von Sisgeo gelieferten Teilen.<\/li>\n\n\n\n<li>Wenn das verpackte Ger\u00e4t mit einem Gabelstapler transportiert wird, heben Sie das Paket vom Boden ab und achten Sie darauf, dass die Gabeln des Gabelstaplers das Paket nicht durchsto\u00dfen, um die Produkte nicht zu besch\u00e4digen.<\/li>\n\n\n\n<li>Pakete nicht \u00fcbereinander stapeln<br\/><br\/><\/li>\n<\/ul>\n<\/li>\n\n\n\n<li>BEI ERHALT DES GER\u00c4TS VORZUNEHMENDE KONTROLLEN\n<ul class=\"wp-block-list\">\n<li>\u00dcberpr\u00fcfen Sie, ob die Verpackung und ihr Inhalt nicht besch\u00e4digt sind.<\/li>\n\n\n\n<li>\u00dcberpr\u00fcfen Sie, dass nichts fehlt und dass die Lieferung der Bestellung entspricht.<\/li>\n\n\n\n<li>Laden Sie die Bedienungsanleitungen f\u00fcr die Ger\u00e4te von der Sisgeo-Website herunter.<\/li>\n\n\n\n<li>Vergewissern Sie sich, dass die Konformit\u00e4tszertifikate und Kalibrierungsberichte im E-Mail-Postfach der Mitarbeiter, die den Kauf abgewickelt haben, eingegangen sind.<br\/><br\/>HINWEIS: Legen Sie die Instrumente in die Verpackungskartons und kleben Sie sie bis zur Installation zu. Dadurch werden die Produkte vor Besch\u00e4digungen gesch\u00fctzt. <br\/><br\/><\/li>\n<\/ul>\n<\/li>\n\n\n\n<li>LAGERUNG\n<ul class=\"wp-block-list\">\n<li>Lassen Sie die Produkte in ihrer Originalverpackung, sie bietet optimalen Schutz.<\/li>\n\n\n\n<li>Pakete nicht \u00fcbereinander stapeln<\/li>\n\n\n\n<li>Der Lagertemperaturbereich, sofern im Datenblatt der erworbenen Produkte nicht anders angegeben, <br\/>ist -10&#8230;+50 \u00b0C (vorzugsweise +20 \u00b0C). Bei Ger\u00e4ten mit Batterien sollte der Lagertemperaturbereich zwischen +10&#8230;+40 \u00b0C (vorzugsweise +20 \u00b0C) liegen. <\/li>\n\n\n\n<li>W\u00e4hrend der Lagerung m\u00fcssen die Produkte vor Schnee, Regen und direkter Sonneneinstrahlung gesch\u00fctzt werden, um zu hohe Oberfl\u00e4chentemperaturen und die sch\u00e4dlichen Auswirkungen ultravioletter Strahlung (z. B. auf PVC-Rohre) zu vermeiden.<\/li>\n\n\n\n<li>W\u00e4hlen Sie einen Lagerort, an dem sich keine Feuchtigkeit niederschl\u00e4gt, und vermeiden Sie auf jeden Fall, dass Wasser und hohe Luftfeuchtigkeit auf die gelagerten Ger\u00e4te treffen.<\/li>\n\n\n\n<li>Entfernen Sie keine Kappen oder andere Schutzvorrichtungen von Produkten, Kabeln, Steckern oder anderen von Sisgeo gelieferten Teilen.<\/li>\n\n\n\n<li>Ausleseger\u00e4te, Datenlogger und alle Ger\u00e4te mit wiederaufladbaren Batterien m\u00fcssen regelm\u00e4\u00dfig alle 30 Tage aufgeladen werden.<\/li>\n<\/ul>\n<\/li>\n<\/ol>\n\n<div style=\"height:30px\" aria-hidden=\"true\" class=\"wp-block-spacer\"><\/div>\n\n<p>Diese Informationen dienen als allgemeiner Leitfaden. Wenn Sie weitere Informationen ben\u00f6tigen, wenden Sie sich an Ihren Vertriebsmitarbeiter oder er\u00f6ffnen Sie ein Support-Ticket per E-Mail an <a href=\"mailto:assistance@sisgeo.com\">assistance@sisgeo.com<\/a><\/p>\n","protected":false},"excerpt":{"rendered":"<p>Sisgeo stellt hochpr\u00e4zise Messger\u00e4te her, die mit der notwendigen Sorgfalt hergestellt und verpackt werden. Damit die Produkte am Einsatzort so ankommen, wie sie gerade unser Werk verlassen haben, muss alles getan werden, um Sch\u00e4den w\u00e4hrend des Transports und der Lagerung zu vermeiden (St\u00fcrze, St\u00f6\u00dfe, \u00fcberm\u00e4\u00dfige Vibrationen usw.) Ausf\u00fchrlichere Anweisungen zu bestimmten Produkten finden Sie in [&hellip;]<\/p>\n","protected":false},"author":1,"featured_media":0,"parent":0,"menu_order":0,"comment_status":"closed","ping_status":"closed","template":"","meta":{"_acf_changed":false,"footnotes":""},"categories":[],"tags":[838],"class_list":["post-25913","page","type-page","status-publish","hentry","tag-terms-de"],"acf":[],"yoast_head":"<!-- This site is optimized with the Yoast SEO Premium plugin v27.4 (Yoast SEO v27.4) - https:\/\/yoast.com\/product\/yoast-seo-premium-wordpress\/ -->\n<title>ALLGEMEINE RICHTLINIEN F\u00dcR DEN TRANSPORT UND DIE LAGERUNG - Sisgeo<\/title>\n<meta name=\"robots\" content=\"index, follow, max-snippet:-1, max-image-preview:large, max-video-preview:-1\" \/>\n<link rel=\"canonical\" href=\"https:\/\/sisgeo.com\/de\/general-guidelines-for-the-transport-and-storage\/\" \/>\n<meta property=\"og:locale\" content=\"de_DE\" \/>\n<meta property=\"og:type\" content=\"article\" \/>\n<meta property=\"og:title\" content=\"ALLGEMEINE RICHTLINIEN F\u00dcR DEN TRANSPORT UND DIE LAGERUNG\" \/>\n<meta property=\"og:description\" content=\"Sisgeo stellt hochpr\u00e4zise Messger\u00e4te her, die mit der notwendigen Sorgfalt hergestellt und verpackt werden. Damit die Produkte am Einsatzort so ankommen, wie sie gerade unser Werk verlassen haben, muss alles getan werden, um Sch\u00e4den w\u00e4hrend des Transports und der Lagerung zu vermeiden (St\u00fcrze, St\u00f6\u00dfe, \u00fcberm\u00e4\u00dfige Vibrationen usw.) Ausf\u00fchrlichere Anweisungen zu bestimmten Produkten finden Sie in [&hellip;]\" \/>\n<meta property=\"og:url\" content=\"https:\/\/sisgeo.com\/de\/general-guidelines-for-the-transport-and-storage\/\" \/>\n<meta property=\"og:site_name\" content=\"Sisgeo\" \/>\n<meta property=\"article:modified_time\" content=\"2024-09-05T14:55:38+00:00\" \/>\n<meta name=\"twitter:card\" content=\"summary_large_image\" \/>\n<meta name=\"twitter:label1\" content=\"Gesch\u00e4tzte Lesezeit\" \/>\n\t<meta name=\"twitter:data1\" content=\"2\u00a0Minuten\" \/>\n<script type=\"application\/ld+json\" class=\"yoast-schema-graph\">{\"@context\":\"https:\\\/\\\/schema.org\",\"@graph\":[{\"@type\":\"WebPage\",\"@id\":\"https:\\\/\\\/sisgeo.com\\\/de\\\/general-guidelines-for-the-transport-and-storage\\\/\",\"url\":\"https:\\\/\\\/sisgeo.com\\\/de\\\/general-guidelines-for-the-transport-and-storage\\\/\",\"name\":\"ALLGEMEINE RICHTLINIEN F\u00dcR DEN TRANSPORT UND DIE LAGERUNG - Sisgeo\",\"isPartOf\":{\"@id\":\"https:\\\/\\\/sisgeo.com\\\/de\\\/#website\"},\"datePublished\":\"2024-08-26T07:53:07+00:00\",\"dateModified\":\"2024-09-05T14:55:38+00:00\",\"breadcrumb\":{\"@id\":\"https:\\\/\\\/sisgeo.com\\\/de\\\/general-guidelines-for-the-transport-and-storage\\\/#breadcrumb\"},\"inLanguage\":\"de\",\"potentialAction\":[{\"@type\":\"ReadAction\",\"target\":[\"https:\\\/\\\/sisgeo.com\\\/de\\\/general-guidelines-for-the-transport-and-storage\\\/\"]}]},{\"@type\":\"BreadcrumbList\",\"@id\":\"https:\\\/\\\/sisgeo.com\\\/de\\\/general-guidelines-for-the-transport-and-storage\\\/#breadcrumb\",\"itemListElement\":[{\"@type\":\"ListItem\",\"position\":1,\"name\":\"Home\",\"item\":\"https:\\\/\\\/sisgeo.com\\\/de\\\/geotechnische-und-strukturelle-instrumentierung-fuer-shm\\\/\"},{\"@type\":\"ListItem\",\"position\":2,\"name\":\"ALLGEMEINE RICHTLINIEN F\u00dcR DEN TRANSPORT UND DIE LAGERUNG\"}]},{\"@type\":\"WebSite\",\"@id\":\"https:\\\/\\\/sisgeo.com\\\/de\\\/#website\",\"url\":\"https:\\\/\\\/sisgeo.com\\\/de\\\/\",\"name\":\"Sisgeo\",\"description\":\"Inclined to improvement\",\"publisher\":{\"@id\":\"https:\\\/\\\/sisgeo.com\\\/de\\\/#organization\"},\"potentialAction\":[{\"@type\":\"SearchAction\",\"target\":{\"@type\":\"EntryPoint\",\"urlTemplate\":\"https:\\\/\\\/sisgeo.com\\\/de\\\/?s={search_term_string}\"},\"query-input\":{\"@type\":\"PropertyValueSpecification\",\"valueRequired\":true,\"valueName\":\"search_term_string\"}}],\"inLanguage\":\"de\"},{\"@type\":\"Organization\",\"@id\":\"https:\\\/\\\/sisgeo.com\\\/de\\\/#organization\",\"name\":\"Sisgeo S.r.l.\",\"url\":\"https:\\\/\\\/sisgeo.com\\\/de\\\/\",\"logo\":{\"@type\":\"ImageObject\",\"inLanguage\":\"de\",\"@id\":\"https:\\\/\\\/sisgeo.com\\\/de\\\/#\\\/schema\\\/logo\\\/image\\\/\",\"url\":\"https:\\\/\\\/sisgeodev.pipehosting.it\\\/wp-content\\\/uploads\\\/2023\\\/06\\\/logo-RGB.png\",\"contentUrl\":\"https:\\\/\\\/sisgeodev.pipehosting.it\\\/wp-content\\\/uploads\\\/2023\\\/06\\\/logo-RGB.png\",\"width\":205,\"height\":97,\"caption\":\"Sisgeo S.r.l.\"},\"image\":{\"@id\":\"https:\\\/\\\/sisgeo.com\\\/de\\\/#\\\/schema\\\/logo\\\/image\\\/\"}}]}<\/script>\n<!-- \/ Yoast SEO Premium plugin. -->","yoast_head_json":{"title":"ALLGEMEINE RICHTLINIEN F\u00dcR DEN TRANSPORT UND DIE LAGERUNG - Sisgeo","robots":{"index":"index","follow":"follow","max-snippet":"max-snippet:-1","max-image-preview":"max-image-preview:large","max-video-preview":"max-video-preview:-1"},"canonical":"https:\/\/sisgeo.com\/de\/general-guidelines-for-the-transport-and-storage\/","og_locale":"de_DE","og_type":"article","og_title":"ALLGEMEINE RICHTLINIEN F\u00dcR DEN TRANSPORT UND DIE LAGERUNG","og_description":"Sisgeo stellt hochpr\u00e4zise Messger\u00e4te her, die mit der notwendigen Sorgfalt hergestellt und verpackt werden. Damit die Produkte am Einsatzort so ankommen, wie sie gerade unser Werk verlassen haben, muss alles getan werden, um Sch\u00e4den w\u00e4hrend des Transports und der Lagerung zu vermeiden (St\u00fcrze, St\u00f6\u00dfe, \u00fcberm\u00e4\u00dfige Vibrationen usw.) Ausf\u00fchrlichere Anweisungen zu bestimmten Produkten finden Sie in [&hellip;]","og_url":"https:\/\/sisgeo.com\/de\/general-guidelines-for-the-transport-and-storage\/","og_site_name":"Sisgeo","article_modified_time":"2024-09-05T14:55:38+00:00","twitter_card":"summary_large_image","twitter_misc":{"Gesch\u00e4tzte Lesezeit":"2\u00a0Minuten"},"schema":{"@context":"https:\/\/schema.org","@graph":[{"@type":"WebPage","@id":"https:\/\/sisgeo.com\/de\/general-guidelines-for-the-transport-and-storage\/","url":"https:\/\/sisgeo.com\/de\/general-guidelines-for-the-transport-and-storage\/","name":"ALLGEMEINE RICHTLINIEN F\u00dcR DEN TRANSPORT UND DIE LAGERUNG - Sisgeo","isPartOf":{"@id":"https:\/\/sisgeo.com\/de\/#website"},"datePublished":"2024-08-26T07:53:07+00:00","dateModified":"2024-09-05T14:55:38+00:00","breadcrumb":{"@id":"https:\/\/sisgeo.com\/de\/general-guidelines-for-the-transport-and-storage\/#breadcrumb"},"inLanguage":"de","potentialAction":[{"@type":"ReadAction","target":["https:\/\/sisgeo.com\/de\/general-guidelines-for-the-transport-and-storage\/"]}]},{"@type":"BreadcrumbList","@id":"https:\/\/sisgeo.com\/de\/general-guidelines-for-the-transport-and-storage\/#breadcrumb","itemListElement":[{"@type":"ListItem","position":1,"name":"Home","item":"https:\/\/sisgeo.com\/de\/geotechnische-und-strukturelle-instrumentierung-fuer-shm\/"},{"@type":"ListItem","position":2,"name":"ALLGEMEINE RICHTLINIEN F\u00dcR DEN TRANSPORT UND DIE LAGERUNG"}]},{"@type":"WebSite","@id":"https:\/\/sisgeo.com\/de\/#website","url":"https:\/\/sisgeo.com\/de\/","name":"Sisgeo","description":"Inclined to improvement","publisher":{"@id":"https:\/\/sisgeo.com\/de\/#organization"},"potentialAction":[{"@type":"SearchAction","target":{"@type":"EntryPoint","urlTemplate":"https:\/\/sisgeo.com\/de\/?s={search_term_string}"},"query-input":{"@type":"PropertyValueSpecification","valueRequired":true,"valueName":"search_term_string"}}],"inLanguage":"de"},{"@type":"Organization","@id":"https:\/\/sisgeo.com\/de\/#organization","name":"Sisgeo S.r.l.","url":"https:\/\/sisgeo.com\/de\/","logo":{"@type":"ImageObject","inLanguage":"de","@id":"https:\/\/sisgeo.com\/de\/#\/schema\/logo\/image\/","url":"https:\/\/sisgeodev.pipehosting.it\/wp-content\/uploads\/2023\/06\/logo-RGB.png","contentUrl":"https:\/\/sisgeodev.pipehosting.it\/wp-content\/uploads\/2023\/06\/logo-RGB.png","width":205,"height":97,"caption":"Sisgeo S.r.l."},"image":{"@id":"https:\/\/sisgeo.com\/de\/#\/schema\/logo\/image\/"}}]}},"_links":{"self":[{"href":"https:\/\/sisgeo.com\/de\/wp-json\/wp\/v2\/pages\/25913","targetHints":{"allow":["GET"]}}],"collection":[{"href":"https:\/\/sisgeo.com\/de\/wp-json\/wp\/v2\/pages"}],"about":[{"href":"https:\/\/sisgeo.com\/de\/wp-json\/wp\/v2\/types\/page"}],"author":[{"embeddable":true,"href":"https:\/\/sisgeo.com\/de\/wp-json\/wp\/v2\/users\/1"}],"replies":[{"embeddable":true,"href":"https:\/\/sisgeo.com\/de\/wp-json\/wp\/v2\/comments?post=25913"}],"version-history":[{"count":5,"href":"https:\/\/sisgeo.com\/de\/wp-json\/wp\/v2\/pages\/25913\/revisions"}],"predecessor-version":[{"id":26034,"href":"https:\/\/sisgeo.com\/de\/wp-json\/wp\/v2\/pages\/25913\/revisions\/26034"}],"wp:attachment":[{"href":"https:\/\/sisgeo.com\/de\/wp-json\/wp\/v2\/media?parent=25913"}],"wp:term":[{"taxonomy":"category","embeddable":true,"href":"https:\/\/sisgeo.com\/de\/wp-json\/wp\/v2\/categories?post=25913"},{"taxonomy":"post_tag","embeddable":true,"href":"https:\/\/sisgeo.com\/de\/wp-json\/wp\/v2\/tags?post=25913"}],"curies":[{"name":"wp","href":"https:\/\/api.w.org\/{rel}","templated":true}]}}