{"id":19445,"date":"2023-08-29T17:45:11","date_gmt":"2023-08-29T15:45:11","guid":{"rendered":"https:\/\/sisgeo.com\/grupo\/"},"modified":"2026-01-23T17:34:19","modified_gmt":"2026-01-23T16:34:19","slug":"grupo","status":"publish","type":"page","link":"https:\/\/sisgeo.com\/es\/empresa\/grupo\/","title":{"rendered":"Grupo"},"content":{"rendered":"\t\t<div data-elementor-type=\"wp-page\" data-elementor-id=\"19445\" class=\"elementor elementor-19445 elementor-9540\" data-elementor-post-type=\"page\">\n\t\t\t\t<div class=\"elementor-element elementor-element-9b6c437 e-flex e-con-boxed e-con e-parent\" data-id=\"9b6c437\" data-element_type=\"container\" data-e-type=\"container\">\n\t\t\t\t\t<div class=\"e-con-inner\">\n\t\t<div class=\"elementor-element elementor-element-cf6f8cd e-con-full e-flex e-con e-child\" data-id=\"cf6f8cd\" data-element_type=\"container\" data-e-type=\"container\">\n\t\t\t\t<div class=\"elementor-element elementor-element-5ec07a8 dce_masking-none elementor-widget elementor-widget-image\" data-id=\"5ec07a8\" data-element_type=\"widget\" data-e-type=\"widget\" data-widget_type=\"image.default\">\n\t\t\t\t<div class=\"elementor-widget-container\">\n\t\t\t\t\t\t\t\t\t\t\t\t\t\t\t<img fetchpriority=\"high\" decoding=\"async\" width=\"701\" height=\"334\" src=\"https:\/\/sisgeo.com\/wp-content\/uploads\/2023\/09\/group-company-people.jpg\" class=\"attachment-full size-full wp-image-13275\" alt=\"\" srcset=\"https:\/\/sisgeo.com\/wp-content\/uploads\/2023\/09\/group-company-people.jpg 701w, https:\/\/sisgeo.com\/wp-content\/uploads\/2023\/09\/group-company-people-300x143.jpg 300w\" sizes=\"(max-width: 701px) 100vw, 701px\" \/>\t\t\t\t\t\t\t\t\t\t\t\t\t\t\t<\/div>\n\t\t\t\t<\/div>\n\t\t\t\t<\/div>\n\t\t<div class=\"elementor-element elementor-element-762aa90 e-con-full e-flex e-con e-child\" data-id=\"762aa90\" data-element_type=\"container\" data-e-type=\"container\">\n\t\t\t\t<div class=\"elementor-element elementor-element-d0eb06e elementor-widget__width-initial dce_masking-none elementor-widget elementor-widget-image\" data-id=\"d0eb06e\" data-element_type=\"widget\" data-e-type=\"widget\" data-widget_type=\"image.default\">\n\t\t\t\t<div class=\"elementor-widget-container\">\n\t\t\t\t\t\t\t\t\t\t\t\t\t\t\t<img decoding=\"async\" width=\"1065\" height=\"600\" src=\"https:\/\/sisgeo.com\/wp-content\/uploads\/2026\/01\/Eddyfi-map.jpg\" class=\"attachment-full size-full wp-image-29879\" alt=\"Sisgeo-group-companies\" srcset=\"https:\/\/sisgeo.com\/wp-content\/uploads\/2026\/01\/Eddyfi-map.jpg 1065w, https:\/\/sisgeo.com\/wp-content\/uploads\/2026\/01\/Eddyfi-map-300x169.jpg 300w, https:\/\/sisgeo.com\/wp-content\/uploads\/2026\/01\/Eddyfi-map-1024x577.jpg 1024w, https:\/\/sisgeo.com\/wp-content\/uploads\/2026\/01\/Eddyfi-map-768x433.jpg 768w\" sizes=\"(max-width: 1065px) 100vw, 1065px\" \/>\t\t\t\t\t\t\t\t\t\t\t\t\t\t\t<\/div>\n\t\t\t\t<\/div>\n\t\t\t\t<\/div>\n\t\t\t\t\t<\/div>\n\t\t\t\t<\/div>\n\t\t<div class=\"elementor-element elementor-element-a309bfd e-flex e-con-boxed e-con e-parent\" data-id=\"a309bfd\" data-element_type=\"container\" data-e-type=\"container\">\n\t\t\t\t\t<div class=\"e-con-inner\">\n\t\t<div class=\"elementor-element elementor-element-10b8e74 e-con-full e-flex e-con e-child\" data-id=\"10b8e74\" data-element_type=\"container\" data-e-type=\"container\">\n\t\t\t\t<div class=\"elementor-element elementor-element-0b7ef2e elementor-widget elementor-widget-heading\" data-id=\"0b7ef2e\" data-element_type=\"widget\" data-e-type=\"widget\" data-widget_type=\"heading.default\">\n\t\t\t\t<div class=\"elementor-widget-container\">\n\t\t\t\t\t<h2 class=\"elementor-heading-title elementor-size-default\">Desde Italia al mundo, en nombre de la innovaci\u00f3n en el campo geot\u00e9cnico<\/h2>\t\t\t\t<\/div>\n\t\t\t\t<\/div>\n\t\t\t\t<\/div>\n\t\t<div class=\"elementor-element elementor-element-fd80153 e-con-full e-flex e-con e-child\" data-id=\"fd80153\" data-element_type=\"container\" data-e-type=\"container\">\n\t\t\t\t<div data-dce-text-color=\"#000000\" class=\"elementor-element elementor-element-67d6472 elementor-widget elementor-widget-text-editor\" data-id=\"67d6472\" data-element_type=\"widget\" data-e-type=\"widget\" data-widget_type=\"text-editor.default\">\n\t\t\t\t<div class=\"elementor-widget-container\">\n\t\t\t\t\t\t\t\t\t<p>Desde sus primeros d\u00edas en 1993, hemos estado ofreciendo al mundo la herencia italiana hecha de conocimiento, tecnolog\u00eda y atenci\u00f3n a los detalles. En nuestra sede de Masate gestionamos cada fase de nuestro ciclo de producci\u00f3n, desde la ingenier\u00eda hasta la fabricaci\u00f3n, asegurando que nuestros productos siempre ofrezcan la mejor calidad. <\/p><p>Adem\u00e1s, nuestras filiales, cada una con su propio \u201cknow-how\u201d, y nuestra red global de distribuci\u00f3n nos han permitido expandirnos en el extranjero, ofreciendo soluciones a medida para satisfacer las necesidades espec\u00edficas de cada mercado.<\/p><p>Hoy, estamos orgullosos de ser parte de<a href=\"https:\/\/www.eddyfi.com\/\"> Eddyfi Technologies<\/a>, uni\u00e9ndonos a <a href=\"https:\/\/www.senceive.com\/contact\">Senceive <\/a>y <a href=\"https:\/\/sensornetworksinc.com\/\">Sensor Networks<\/a>, dentro del grupo Remote Monitoring Solutions (RMS). Este paso ampl\u00eda nuestra gama con tecnolog\u00edas inal\u00e1mbricas l\u00edderes en la industria y una gama completamente integrada de monitoreo. <\/p><p>. Unidos con Senceive, ahora podemos oferta una cobertura completa, desde la superficie hasta el subsuelo, para abordar los desaf\u00edos geot\u00e9cnicos y estructurales m\u00e1s complejos. <\/p>\t\t\t\t\t\t\t\t<\/div>\n\t\t\t\t<\/div>\n\t\t\t\t<\/div>\n\t\t\t\t\t<\/div>\n\t\t\t\t<\/div>\n\t\t<div class=\"elementor-element elementor-element-322330d e-flex e-con-boxed e-con e-parent\" data-id=\"322330d\" data-element_type=\"container\" data-e-type=\"container\">\n\t\t\t\t\t<div class=\"e-con-inner\">\n\t\t\t\t<div class=\"elementor-element elementor-element-413308a dce-posts-layout-template dce-col-3 dce-col-tablet-3 dce-col-mobile-1 elementor-widget elementor-widget-dce-dynamicposts-v2\" data-id=\"413308a\" data-element_type=\"widget\" data-e-type=\"widget\" data-settings=\"{&quot;style_items&quot;:&quot;template&quot;,&quot;grid_grid_type&quot;:&quot;flex&quot;}\" data-widget_type=\"dce-dynamicposts-v2.grid\">\n\t\t\t\t<div class=\"elementor-widget-container\">\n\t\t\t\t\t\t\t<div class=\"dce-posts-container dce-posts \">\n\t\t\t<div class=\"dce-posts-fallback\">\n\t\t\t\t<p>No results found.<\/p>\t\t\t<\/div>\n\t\t<\/div>\n\t\t\t\t\t\t<\/div>\n\t\t\t\t<\/div>\n\t\t\t\t\t<\/div>\n\t\t\t\t<\/div>\n\t\t\t\t<\/div>\n\t\t","protected":false},"excerpt":{"rendered":"<p>Desde Italia al mundo, en nombre de la innovaci\u00f3n en el campo geot\u00e9cnico Desde sus primeros d\u00edas en 1993, hemos estado ofreciendo al mundo la herencia italiana hecha de conocimiento, tecnolog\u00eda y atenci\u00f3n a los detalles. En nuestra sede de Masate gestionamos cada fase de nuestro ciclo de producci\u00f3n, desde la ingenier\u00eda hasta la fabricaci\u00f3n, [&hellip;]<\/p>\n","protected":false},"author":1,"featured_media":0,"parent":19964,"menu_order":0,"comment_status":"closed","ping_status":"closed","template":"","meta":{"_acf_changed":false,"footnotes":""},"categories":[],"tags":[],"class_list":["post-19445","page","type-page","status-publish","hentry"],"acf":[],"yoast_head":"<!-- This site is optimized with the Yoast SEO Premium plugin v27.4 (Yoast SEO v27.4) - https:\/\/yoast.com\/product\/yoast-seo-premium-wordpress\/ -->\n<title>Grupo - Sisgeo<\/title>\n<meta name=\"description\" content=\"We\u2019re proud to be part of Eddyfi Technologies, joining Senceive and Sensor Networks, within the Remote Monitoring Solutions (RMS) group.\" \/>\n<meta name=\"robots\" content=\"index, follow, max-snippet:-1, max-image-preview:large, max-video-preview:-1\" \/>\n<link rel=\"canonical\" href=\"https:\/\/sisgeo.com\/es\/empresa\/grupo\/\" \/>\n<meta property=\"og:locale\" content=\"es_ES\" \/>\n<meta property=\"og:type\" content=\"article\" \/>\n<meta property=\"og:title\" content=\"Grupo\" \/>\n<meta property=\"og:description\" content=\"We\u2019re proud to be part of Eddyfi Technologies, joining Senceive and Sensor Networks, within the Remote Monitoring Solutions (RMS) group.\" \/>\n<meta property=\"og:url\" content=\"https:\/\/sisgeo.com\/es\/empresa\/grupo\/\" \/>\n<meta property=\"og:site_name\" content=\"Sisgeo\" \/>\n<meta property=\"article:modified_time\" content=\"2026-01-23T16:34:19+00:00\" \/>\n<meta property=\"og:image\" content=\"https:\/\/sisgeo.com\/wp-content\/uploads\/2023\/09\/group-company-people.jpg\" \/>\n\t<meta property=\"og:image:width\" content=\"701\" \/>\n\t<meta property=\"og:image:height\" content=\"334\" \/>\n\t<meta property=\"og:image:type\" content=\"image\/jpeg\" \/>\n<meta name=\"twitter:card\" content=\"summary_large_image\" \/>\n<meta name=\"twitter:label1\" content=\"Tiempo de lectura\" \/>\n\t<meta name=\"twitter:data1\" content=\"6 minutos\" \/>\n<script type=\"application\/ld+json\" class=\"yoast-schema-graph\">{\"@context\":\"https:\\\/\\\/schema.org\",\"@graph\":[{\"@type\":\"WebPage\",\"@id\":\"https:\\\/\\\/sisgeo.com\\\/es\\\/empresa\\\/grupo\\\/\",\"url\":\"https:\\\/\\\/sisgeo.com\\\/es\\\/empresa\\\/grupo\\\/\",\"name\":\"Grupo - Sisgeo\",\"isPartOf\":{\"@id\":\"https:\\\/\\\/sisgeo.com\\\/es\\\/#website\"},\"primaryImageOfPage\":{\"@id\":\"https:\\\/\\\/sisgeo.com\\\/es\\\/empresa\\\/grupo\\\/#primaryimage\"},\"image\":{\"@id\":\"https:\\\/\\\/sisgeo.com\\\/es\\\/empresa\\\/grupo\\\/#primaryimage\"},\"thumbnailUrl\":\"https:\\\/\\\/sisgeo.com\\\/wp-content\\\/uploads\\\/2023\\\/09\\\/group-company-people.jpg\",\"datePublished\":\"2023-08-29T15:45:11+00:00\",\"dateModified\":\"2026-01-23T16:34:19+00:00\",\"description\":\"We\u2019re proud to be part of Eddyfi Technologies, joining Senceive and Sensor Networks, within the Remote Monitoring Solutions (RMS) group.\",\"breadcrumb\":{\"@id\":\"https:\\\/\\\/sisgeo.com\\\/es\\\/empresa\\\/grupo\\\/#breadcrumb\"},\"inLanguage\":\"es\",\"potentialAction\":[{\"@type\":\"ReadAction\",\"target\":[\"https:\\\/\\\/sisgeo.com\\\/es\\\/empresa\\\/grupo\\\/\"]}]},{\"@type\":\"ImageObject\",\"inLanguage\":\"es\",\"@id\":\"https:\\\/\\\/sisgeo.com\\\/es\\\/empresa\\\/grupo\\\/#primaryimage\",\"url\":\"https:\\\/\\\/sisgeo.com\\\/wp-content\\\/uploads\\\/2023\\\/09\\\/group-company-people.jpg\",\"contentUrl\":\"https:\\\/\\\/sisgeo.com\\\/wp-content\\\/uploads\\\/2023\\\/09\\\/group-company-people.jpg\"},{\"@type\":\"BreadcrumbList\",\"@id\":\"https:\\\/\\\/sisgeo.com\\\/es\\\/empresa\\\/grupo\\\/#breadcrumb\",\"itemListElement\":[{\"@type\":\"ListItem\",\"position\":1,\"name\":\"Home\",\"item\":\"https:\\\/\\\/sisgeo.com\\\/es\\\/geotechnical-and-structural-instrumentation-for-shm\\\/\"},{\"@type\":\"ListItem\",\"position\":2,\"name\":\"Empresa\",\"item\":\"https:\\\/\\\/sisgeo.com\\\/es\\\/empresa\\\/\"},{\"@type\":\"ListItem\",\"position\":3,\"name\":\"Grupo\"}]},{\"@type\":\"WebSite\",\"@id\":\"https:\\\/\\\/sisgeo.com\\\/es\\\/#website\",\"url\":\"https:\\\/\\\/sisgeo.com\\\/es\\\/\",\"name\":\"Sisgeo\",\"description\":\"Inclined to improvement\",\"publisher\":{\"@id\":\"https:\\\/\\\/sisgeo.com\\\/es\\\/#organization\"},\"potentialAction\":[{\"@type\":\"SearchAction\",\"target\":{\"@type\":\"EntryPoint\",\"urlTemplate\":\"https:\\\/\\\/sisgeo.com\\\/es\\\/?s={search_term_string}\"},\"query-input\":{\"@type\":\"PropertyValueSpecification\",\"valueRequired\":true,\"valueName\":\"search_term_string\"}}],\"inLanguage\":\"es\"},{\"@type\":\"Organization\",\"@id\":\"https:\\\/\\\/sisgeo.com\\\/es\\\/#organization\",\"name\":\"Sisgeo S.r.l.\",\"url\":\"https:\\\/\\\/sisgeo.com\\\/es\\\/\",\"logo\":{\"@type\":\"ImageObject\",\"inLanguage\":\"es\",\"@id\":\"https:\\\/\\\/sisgeo.com\\\/es\\\/#\\\/schema\\\/logo\\\/image\\\/\",\"url\":\"https:\\\/\\\/sisgeodev.pipehosting.it\\\/wp-content\\\/uploads\\\/2023\\\/06\\\/logo-RGB.png\",\"contentUrl\":\"https:\\\/\\\/sisgeodev.pipehosting.it\\\/wp-content\\\/uploads\\\/2023\\\/06\\\/logo-RGB.png\",\"width\":205,\"height\":97,\"caption\":\"Sisgeo S.r.l.\"},\"image\":{\"@id\":\"https:\\\/\\\/sisgeo.com\\\/es\\\/#\\\/schema\\\/logo\\\/image\\\/\"}}]}<\/script>\n<!-- \/ Yoast SEO Premium plugin. -->","yoast_head_json":{"title":"Grupo - Sisgeo","description":"We\u2019re proud to be part of Eddyfi Technologies, joining Senceive and Sensor Networks, within the Remote Monitoring Solutions (RMS) group.","robots":{"index":"index","follow":"follow","max-snippet":"max-snippet:-1","max-image-preview":"max-image-preview:large","max-video-preview":"max-video-preview:-1"},"canonical":"https:\/\/sisgeo.com\/es\/empresa\/grupo\/","og_locale":"es_ES","og_type":"article","og_title":"Grupo","og_description":"We\u2019re proud to be part of Eddyfi Technologies, joining Senceive and Sensor Networks, within the Remote Monitoring Solutions (RMS) group.","og_url":"https:\/\/sisgeo.com\/es\/empresa\/grupo\/","og_site_name":"Sisgeo","article_modified_time":"2026-01-23T16:34:19+00:00","og_image":[{"width":701,"height":334,"url":"https:\/\/sisgeo.com\/wp-content\/uploads\/2023\/09\/group-company-people.jpg","type":"image\/jpeg"}],"twitter_card":"summary_large_image","twitter_misc":{"Tiempo de lectura":"6 minutos"},"schema":{"@context":"https:\/\/schema.org","@graph":[{"@type":"WebPage","@id":"https:\/\/sisgeo.com\/es\/empresa\/grupo\/","url":"https:\/\/sisgeo.com\/es\/empresa\/grupo\/","name":"Grupo - Sisgeo","isPartOf":{"@id":"https:\/\/sisgeo.com\/es\/#website"},"primaryImageOfPage":{"@id":"https:\/\/sisgeo.com\/es\/empresa\/grupo\/#primaryimage"},"image":{"@id":"https:\/\/sisgeo.com\/es\/empresa\/grupo\/#primaryimage"},"thumbnailUrl":"https:\/\/sisgeo.com\/wp-content\/uploads\/2023\/09\/group-company-people.jpg","datePublished":"2023-08-29T15:45:11+00:00","dateModified":"2026-01-23T16:34:19+00:00","description":"We\u2019re proud to be part of Eddyfi Technologies, joining Senceive and Sensor Networks, within the Remote Monitoring Solutions (RMS) group.","breadcrumb":{"@id":"https:\/\/sisgeo.com\/es\/empresa\/grupo\/#breadcrumb"},"inLanguage":"es","potentialAction":[{"@type":"ReadAction","target":["https:\/\/sisgeo.com\/es\/empresa\/grupo\/"]}]},{"@type":"ImageObject","inLanguage":"es","@id":"https:\/\/sisgeo.com\/es\/empresa\/grupo\/#primaryimage","url":"https:\/\/sisgeo.com\/wp-content\/uploads\/2023\/09\/group-company-people.jpg","contentUrl":"https:\/\/sisgeo.com\/wp-content\/uploads\/2023\/09\/group-company-people.jpg"},{"@type":"BreadcrumbList","@id":"https:\/\/sisgeo.com\/es\/empresa\/grupo\/#breadcrumb","itemListElement":[{"@type":"ListItem","position":1,"name":"Home","item":"https:\/\/sisgeo.com\/es\/geotechnical-and-structural-instrumentation-for-shm\/"},{"@type":"ListItem","position":2,"name":"Empresa","item":"https:\/\/sisgeo.com\/es\/empresa\/"},{"@type":"ListItem","position":3,"name":"Grupo"}]},{"@type":"WebSite","@id":"https:\/\/sisgeo.com\/es\/#website","url":"https:\/\/sisgeo.com\/es\/","name":"Sisgeo","description":"Inclined to improvement","publisher":{"@id":"https:\/\/sisgeo.com\/es\/#organization"},"potentialAction":[{"@type":"SearchAction","target":{"@type":"EntryPoint","urlTemplate":"https:\/\/sisgeo.com\/es\/?s={search_term_string}"},"query-input":{"@type":"PropertyValueSpecification","valueRequired":true,"valueName":"search_term_string"}}],"inLanguage":"es"},{"@type":"Organization","@id":"https:\/\/sisgeo.com\/es\/#organization","name":"Sisgeo S.r.l.","url":"https:\/\/sisgeo.com\/es\/","logo":{"@type":"ImageObject","inLanguage":"es","@id":"https:\/\/sisgeo.com\/es\/#\/schema\/logo\/image\/","url":"https:\/\/sisgeodev.pipehosting.it\/wp-content\/uploads\/2023\/06\/logo-RGB.png","contentUrl":"https:\/\/sisgeodev.pipehosting.it\/wp-content\/uploads\/2023\/06\/logo-RGB.png","width":205,"height":97,"caption":"Sisgeo S.r.l."},"image":{"@id":"https:\/\/sisgeo.com\/es\/#\/schema\/logo\/image\/"}}]}},"_links":{"self":[{"href":"https:\/\/sisgeo.com\/es\/wp-json\/wp\/v2\/pages\/19445","targetHints":{"allow":["GET"]}}],"collection":[{"href":"https:\/\/sisgeo.com\/es\/wp-json\/wp\/v2\/pages"}],"about":[{"href":"https:\/\/sisgeo.com\/es\/wp-json\/wp\/v2\/types\/page"}],"author":[{"embeddable":true,"href":"https:\/\/sisgeo.com\/es\/wp-json\/wp\/v2\/users\/1"}],"replies":[{"embeddable":true,"href":"https:\/\/sisgeo.com\/es\/wp-json\/wp\/v2\/comments?post=19445"}],"version-history":[{"count":6,"href":"https:\/\/sisgeo.com\/es\/wp-json\/wp\/v2\/pages\/19445\/revisions"}],"predecessor-version":[{"id":29899,"href":"https:\/\/sisgeo.com\/es\/wp-json\/wp\/v2\/pages\/19445\/revisions\/29899"}],"up":[{"embeddable":true,"href":"https:\/\/sisgeo.com\/es\/wp-json\/wp\/v2\/pages\/19964"}],"wp:attachment":[{"href":"https:\/\/sisgeo.com\/es\/wp-json\/wp\/v2\/media?parent=19445"}],"wp:term":[{"taxonomy":"category","embeddable":true,"href":"https:\/\/sisgeo.com\/es\/wp-json\/wp\/v2\/categories?post=19445"},{"taxonomy":"post_tag","embeddable":true,"href":"https:\/\/sisgeo.com\/es\/wp-json\/wp\/v2\/tags?post=19445"}],"curies":[{"name":"wp","href":"https:\/\/api.w.org\/{rel}","templated":true}]}}