{"id":19702,"date":"2023-08-29T17:57:16","date_gmt":"2023-08-29T15:57:16","guid":{"rendered":"https:\/\/sisgeo.com\/rd\/"},"modified":"2023-12-01T12:18:54","modified_gmt":"2023-12-01T11:18:54","slug":"rd","status":"publish","type":"page","link":"https:\/\/sisgeo.com\/es\/empresa\/rd\/","title":{"rendered":"R+D"},"content":{"rendered":"\t\t<div data-elementor-type=\"wp-page\" data-elementor-id=\"19702\" class=\"elementor elementor-19702 elementor-9551\" data-elementor-post-type=\"page\">\n\t\t\t\t<div class=\"elementor-element elementor-element-9b6c437 e-flex e-con-boxed e-con e-parent\" data-id=\"9b6c437\" data-element_type=\"container\" data-e-type=\"container\">\n\t\t\t\t\t<div class=\"e-con-inner\">\n\t\t<div class=\"elementor-element elementor-element-8d6dcc8 e-con-full e-flex e-con e-child\" data-id=\"8d6dcc8\" data-element_type=\"container\" data-e-type=\"container\">\n\t\t\t\t<div class=\"elementor-element elementor-element-6227a15 dce_masking-none elementor-widget elementor-widget-image\" data-id=\"6227a15\" data-element_type=\"widget\" data-e-type=\"widget\" data-widget_type=\"image.default\">\n\t\t\t\t<div class=\"elementor-widget-container\">\n\t\t\t\t\t\t\t\t\t\t\t\t\t\t\t<img fetchpriority=\"high\" decoding=\"async\" width=\"1292\" height=\"603\" src=\"https:\/\/sisgeo.com\/wp-content\/uploads\/2023\/09\/RD.png\" class=\"attachment-full size-full wp-image-16608\" alt=\"\" srcset=\"https:\/\/sisgeo.com\/wp-content\/uploads\/2023\/09\/RD.png 1292w, https:\/\/sisgeo.com\/wp-content\/uploads\/2023\/09\/RD-300x140.png 300w, https:\/\/sisgeo.com\/wp-content\/uploads\/2023\/09\/RD-1024x478.png 1024w, https:\/\/sisgeo.com\/wp-content\/uploads\/2023\/09\/RD-768x358.png 768w\" sizes=\"(max-width: 1292px) 100vw, 1292px\" \/>\t\t\t\t\t\t\t\t\t\t\t\t\t\t\t<\/div>\n\t\t\t\t<\/div>\n\t\t\t\t<\/div>\n\t\t\t\t\t<\/div>\n\t\t\t\t<\/div>\n\t\t<div class=\"elementor-element elementor-element-a309bfd e-flex e-con-boxed e-con e-parent\" data-id=\"a309bfd\" data-element_type=\"container\" data-e-type=\"container\">\n\t\t\t\t\t<div class=\"e-con-inner\">\n\t\t<div class=\"elementor-element elementor-element-10b8e74 e-con-full e-flex e-con e-child\" data-id=\"10b8e74\" data-element_type=\"container\" data-e-type=\"container\">\n\t\t\t\t<div class=\"elementor-element elementor-element-0b7ef2e elementor-widget elementor-widget-heading\" data-id=\"0b7ef2e\" data-element_type=\"widget\" data-e-type=\"widget\" data-widget_type=\"heading.default\">\n\t\t\t\t<div class=\"elementor-widget-container\">\n\t\t\t\t\t<h2 class=\"elementor-heading-title elementor-size-default\"><span style=\"font-family: GT Planar\">Una<\/span> inclinaci\u00f3n <span style=\"font-family: GT Planar\">natural a la mejora continua<\/span><\/h2>\t\t\t\t<\/div>\n\t\t\t\t<\/div>\n\t\t\t\t<\/div>\n\t\t<div class=\"elementor-element elementor-element-fd80153 e-con-full e-flex e-con e-child\" data-id=\"fd80153\" data-element_type=\"container\" data-e-type=\"container\">\n\t\t\t\t<div data-dce-text-color=\"#000000\" class=\"elementor-element elementor-element-67d6472 elementor-widget elementor-widget-text-editor\" data-id=\"67d6472\" data-element_type=\"widget\" data-e-type=\"widget\" data-widget_type=\"text-editor.default\">\n\t\t\t\t<div class=\"elementor-widget-container\">\n\t\t\t\t\t\t\t\t\t<p>Nuestros constantes esfuerzos en R+D son una de nuestras caracter\u00edsticas distintivas. Nuestro compromiso con la mejora continua se traduce en productos nuevos e innovadores dise\u00f1ados para complementar la gama de instrumentos de los clientes, haci\u00e9ndola m\u00e1s completa, flexible y competitiva. <\/p>\n\t\t\t\t\t\t\t\t<\/div>\n\t\t\t\t<\/div>\n\t\t\t\t<div class=\"elementor-element elementor-element-afdc78f elementor-widget elementor-widget-heading\" data-id=\"afdc78f\" data-element_type=\"widget\" data-e-type=\"widget\" data-widget_type=\"heading.default\">\n\t\t\t\t<div class=\"elementor-widget-container\">\n\t\t\t\t\t<h3 class=\"elementor-heading-title elementor-size-default\">M\u00e1s<\/h3>\t\t\t\t<\/div>\n\t\t\t\t<\/div>\n\t\t\t\t<div class=\"elementor-element elementor-element-cbabfe7 elementor-widget elementor-widget-text-editor\" data-id=\"cbabfe7\" data-element_type=\"widget\" data-e-type=\"widget\" data-widget_type=\"text-editor.default\">\n\t\t\t\t<div class=\"elementor-widget-container\">\n\t\t\t\t\t\t\t\t\t<ul>\n<li>Est\u00e1ndar de alta calidad y actualizaci\u00f3n\/mejora continua de productos y servicios.<\/li>\n<li>Procesos productivos y log\u00edsticos eficientes y optimizados<\/li>\n<li>Tecnolog\u00edas de vanguardia aplicadas a nuestros procesos productivos<\/li>\n<li>Desarrollo continuo de nuevos productos<\/li>\n<li>Equipo interno formado por ingenieros, t\u00e9cnicos, especialistas en hardware y dise\u00f1adores de software<\/li>\n<li>Capacidad para dominar diferentes tecnolog\u00edas como sensores VW y MEMS<\/li>\n<\/ul>\n\t\t\t\t\t\t\t\t<\/div>\n\t\t\t\t<\/div>\n\t\t\t\t<\/div>\n\t\t\t\t\t<\/div>\n\t\t\t\t<\/div>\n\t\t<div class=\"elementor-element elementor-element-d04f867 e-flex e-con-boxed e-con e-parent\" data-id=\"d04f867\" data-element_type=\"container\" data-e-type=\"container\">\n\t\t\t\t\t<div class=\"e-con-inner\">\n\t\t<div class=\"elementor-element elementor-element-0f7f413 e-con-full e-flex e-con e-child\" data-id=\"0f7f413\" data-element_type=\"container\" data-e-type=\"container\">\n\t\t\t\t<div class=\"elementor-element elementor-element-4a2bbf2 elementor-widget elementor-widget-heading\" data-id=\"4a2bbf2\" data-element_type=\"widget\" data-e-type=\"widget\" data-widget_type=\"heading.default\">\n\t\t\t\t<div class=\"elementor-widget-container\">\n\t\t\t\t\t<h2 class=\"elementor-heading-title elementor-size-default\">Equipo<\/h2>\t\t\t\t<\/div>\n\t\t\t\t<\/div>\n\t\t\t\t<\/div>\n\t\t<div class=\"elementor-element elementor-element-5198862 e-con-full e-flex e-con e-child\" data-id=\"5198862\" data-element_type=\"container\" data-e-type=\"container\">\n\t\t\t\t<div class=\"elementor-element elementor-element-7956f88 elementor-widget elementor-widget-heading\" data-id=\"7956f88\" data-element_type=\"widget\" data-e-type=\"widget\" data-widget_type=\"heading.default\">\n\t\t\t\t<div class=\"elementor-widget-container\">\n\t\t\t\t\t<h3 class=\"elementor-heading-title elementor-size-default\">Renovando constantemente nuestra producci\u00f3n<\/h3>\t\t\t\t<\/div>\n\t\t\t\t<\/div>\n\t\t\t\t<div class=\"elementor-element elementor-element-73e45ec elementor-widget elementor-widget-text-editor\" data-id=\"73e45ec\" data-element_type=\"widget\" data-e-type=\"widget\" data-widget_type=\"text-editor.default\">\n\t\t\t\t<div class=\"elementor-widget-container\">\n\t\t\t\t\t\t\t\t\t<ul>\n<li>Bancos de pruebas para la producci\u00f3n de galgas extensom\u00e9tricas VW<\/li>\n<li>Bancos automatizados para calibraci\u00f3n de inclin\u00f3metros, transductores de desplazamiento lineal y transductores de presi\u00f3n. Los bancos de calibraci\u00f3n se revisan peri\u00f3dicamente para asegurar su cumplimiento con la cadena de medici\u00f3n metrol\u00f3gica y han sido dise\u00f1ados para emitir autom\u00e1ticamente Informes de Calibraci\u00f3n <\/li>\n<li>C\u00e1maras clim\u00e1ticas para la caracterizaci\u00f3n de sensores\/instrumentos con temperatura programada<\/li>\n<li>M\u00e1quina de soldadura l\u00e1ser<\/li>\n<li>Sistema de llenado y saturaci\u00f3n al vac\u00edo de c\u00e9lulas hidr\u00e1ulicas<\/li>\n<li>Sistema de montaje en l\u00ednea para extens\u00f3metros multipunto de hasta 60 m (longitud)<\/li>\n<li>Prensa hidr\u00e1ulica automatizada<\/li>\n<li>Autoclaves para pruebas de impermeabilizaci\u00f3n IP68<\/li>\n<li>C\u00e1mara para sellado de resinas epoxi<\/li>\n<\/ul>\n\t\t\t\t\t\t\t\t<\/div>\n\t\t\t\t<\/div>\n\t\t\t\t<\/div>\n\t\t\t\t\t<\/div>\n\t\t\t\t<\/div>\n\t\t\t\t<\/div>\n\t\t","protected":false},"excerpt":{"rendered":"<p>Una inclinaci\u00f3n natural a la mejora continua Nuestros constantes esfuerzos en R+D son una de nuestras caracter\u00edsticas distintivas. Nuestro compromiso con la mejora continua se traduce en productos nuevos e innovadores dise\u00f1ados para complementar la gama de instrumentos de los clientes, haci\u00e9ndola m\u00e1s completa, flexible y competitiva. M\u00e1s Est\u00e1ndar de alta calidad y actualizaci\u00f3n\/mejora continua [&hellip;]<\/p>\n","protected":false},"author":1,"featured_media":0,"parent":19964,"menu_order":0,"comment_status":"closed","ping_status":"closed","template":"","meta":{"footnotes":""},"categories":[],"tags":[],"class_list":["post-19702","page","type-page","status-publish","hentry"],"yoast_head":"<!-- This site is optimized with the Yoast SEO Premium plugin v27.2 (Yoast SEO v27.2) - https:\/\/yoast.com\/product\/yoast-seo-premium-wordpress\/ -->\n<title>R+D - Sisgeo<\/title>\n<meta name=\"robots\" content=\"index, follow, max-snippet:-1, max-image-preview:large, max-video-preview:-1\" \/>\n<link rel=\"canonical\" href=\"https:\/\/sisgeo.com\/es\/empresa\/rd\/\" \/>\n<meta property=\"og:locale\" content=\"es_ES\" \/>\n<meta property=\"og:type\" content=\"article\" \/>\n<meta property=\"og:title\" content=\"R+D\" \/>\n<meta property=\"og:description\" content=\"Una inclinaci\u00f3n natural a la mejora continua Nuestros constantes esfuerzos en R+D son una de nuestras caracter\u00edsticas distintivas. Nuestro compromiso con la mejora continua se traduce en productos nuevos e innovadores dise\u00f1ados para complementar la gama de instrumentos de los clientes, haci\u00e9ndola m\u00e1s completa, flexible y competitiva. M\u00e1s Est\u00e1ndar de alta calidad y actualizaci\u00f3n\/mejora continua [&hellip;]\" \/>\n<meta property=\"og:url\" content=\"https:\/\/sisgeo.com\/es\/empresa\/rd\/\" \/>\n<meta property=\"og:site_name\" content=\"Sisgeo\" \/>\n<meta property=\"article:modified_time\" content=\"2023-12-01T11:18:54+00:00\" \/>\n<meta property=\"og:image\" content=\"https:\/\/sisgeo.com\/wp-content\/uploads\/2023\/09\/RD.png\" \/>\n<meta name=\"twitter:card\" content=\"summary_large_image\" \/>\n<meta name=\"twitter:label1\" content=\"Tiempo de lectura\" \/>\n\t<meta name=\"twitter:data1\" content=\"1 minuto\" \/>\n<script type=\"application\/ld+json\" class=\"yoast-schema-graph\">{\"@context\":\"https:\/\/schema.org\",\"@graph\":[{\"@type\":\"WebPage\",\"@id\":\"https:\/\/sisgeo.com\/es\/empresa\/rd\/\",\"url\":\"https:\/\/sisgeo.com\/es\/empresa\/rd\/\",\"name\":\"R+D - Sisgeo\",\"isPartOf\":{\"@id\":\"https:\/\/sisgeo.com\/es\/#website\"},\"primaryImageOfPage\":{\"@id\":\"https:\/\/sisgeo.com\/es\/empresa\/rd\/#primaryimage\"},\"image\":{\"@id\":\"https:\/\/sisgeo.com\/es\/empresa\/rd\/#primaryimage\"},\"thumbnailUrl\":\"https:\/\/sisgeo.com\/wp-content\/uploads\/2023\/09\/RD.png\",\"datePublished\":\"2023-08-29T15:57:16+00:00\",\"dateModified\":\"2023-12-01T11:18:54+00:00\",\"breadcrumb\":{\"@id\":\"https:\/\/sisgeo.com\/es\/empresa\/rd\/#breadcrumb\"},\"inLanguage\":\"es\",\"potentialAction\":[{\"@type\":\"ReadAction\",\"target\":[\"https:\/\/sisgeo.com\/es\/empresa\/rd\/\"]}]},{\"@type\":\"ImageObject\",\"inLanguage\":\"es\",\"@id\":\"https:\/\/sisgeo.com\/es\/empresa\/rd\/#primaryimage\",\"url\":\"https:\/\/sisgeo.com\/wp-content\/uploads\/2023\/09\/RD.png\",\"contentUrl\":\"https:\/\/sisgeo.com\/wp-content\/uploads\/2023\/09\/RD.png\"},{\"@type\":\"BreadcrumbList\",\"@id\":\"https:\/\/sisgeo.com\/es\/empresa\/rd\/#breadcrumb\",\"itemListElement\":[{\"@type\":\"ListItem\",\"position\":1,\"name\":\"Home\",\"item\":\"https:\/\/sisgeo.com\/es\/geotechnical-and-structural-instrumentation-for-shm\/\"},{\"@type\":\"ListItem\",\"position\":2,\"name\":\"R+D\"}]},{\"@type\":\"WebSite\",\"@id\":\"https:\/\/sisgeo.com\/es\/#website\",\"url\":\"https:\/\/sisgeo.com\/es\/\",\"name\":\"Sisgeo\",\"description\":\"Inclined to improvement\",\"publisher\":{\"@id\":\"https:\/\/sisgeo.com\/es\/#organization\"},\"potentialAction\":[{\"@type\":\"SearchAction\",\"target\":{\"@type\":\"EntryPoint\",\"urlTemplate\":\"https:\/\/sisgeo.com\/es\/?s={search_term_string}\"},\"query-input\":{\"@type\":\"PropertyValueSpecification\",\"valueRequired\":true,\"valueName\":\"search_term_string\"}}],\"inLanguage\":\"es\"},{\"@type\":\"Organization\",\"@id\":\"https:\/\/sisgeo.com\/es\/#organization\",\"name\":\"Sisgeo S.r.l.\",\"url\":\"https:\/\/sisgeo.com\/es\/\",\"logo\":{\"@type\":\"ImageObject\",\"inLanguage\":\"es\",\"@id\":\"https:\/\/sisgeo.com\/es\/#\/schema\/logo\/image\/\",\"url\":\"https:\/\/sisgeodev.pipehosting.it\/wp-content\/uploads\/2023\/06\/logo-RGB.png\",\"contentUrl\":\"https:\/\/sisgeodev.pipehosting.it\/wp-content\/uploads\/2023\/06\/logo-RGB.png\",\"width\":205,\"height\":97,\"caption\":\"Sisgeo S.r.l.\"},\"image\":{\"@id\":\"https:\/\/sisgeo.com\/es\/#\/schema\/logo\/image\/\"}}]}<\/script>\n<!-- \/ Yoast SEO Premium plugin. -->","yoast_head_json":{"title":"R+D - Sisgeo","robots":{"index":"index","follow":"follow","max-snippet":"max-snippet:-1","max-image-preview":"max-image-preview:large","max-video-preview":"max-video-preview:-1"},"canonical":"https:\/\/sisgeo.com\/es\/empresa\/rd\/","og_locale":"es_ES","og_type":"article","og_title":"R+D","og_description":"Una inclinaci\u00f3n natural a la mejora continua Nuestros constantes esfuerzos en R+D son una de nuestras caracter\u00edsticas distintivas. Nuestro compromiso con la mejora continua se traduce en productos nuevos e innovadores dise\u00f1ados para complementar la gama de instrumentos de los clientes, haci\u00e9ndola m\u00e1s completa, flexible y competitiva. M\u00e1s Est\u00e1ndar de alta calidad y actualizaci\u00f3n\/mejora continua [&hellip;]","og_url":"https:\/\/sisgeo.com\/es\/empresa\/rd\/","og_site_name":"Sisgeo","article_modified_time":"2023-12-01T11:18:54+00:00","og_image":[{"url":"https:\/\/sisgeo.com\/wp-content\/uploads\/2023\/09\/RD.png","type":"","width":"","height":""}],"twitter_card":"summary_large_image","twitter_misc":{"Tiempo de lectura":"1 minuto"},"schema":{"@context":"https:\/\/schema.org","@graph":[{"@type":"WebPage","@id":"https:\/\/sisgeo.com\/es\/empresa\/rd\/","url":"https:\/\/sisgeo.com\/es\/empresa\/rd\/","name":"R+D - Sisgeo","isPartOf":{"@id":"https:\/\/sisgeo.com\/es\/#website"},"primaryImageOfPage":{"@id":"https:\/\/sisgeo.com\/es\/empresa\/rd\/#primaryimage"},"image":{"@id":"https:\/\/sisgeo.com\/es\/empresa\/rd\/#primaryimage"},"thumbnailUrl":"https:\/\/sisgeo.com\/wp-content\/uploads\/2023\/09\/RD.png","datePublished":"2023-08-29T15:57:16+00:00","dateModified":"2023-12-01T11:18:54+00:00","breadcrumb":{"@id":"https:\/\/sisgeo.com\/es\/empresa\/rd\/#breadcrumb"},"inLanguage":"es","potentialAction":[{"@type":"ReadAction","target":["https:\/\/sisgeo.com\/es\/empresa\/rd\/"]}]},{"@type":"ImageObject","inLanguage":"es","@id":"https:\/\/sisgeo.com\/es\/empresa\/rd\/#primaryimage","url":"https:\/\/sisgeo.com\/wp-content\/uploads\/2023\/09\/RD.png","contentUrl":"https:\/\/sisgeo.com\/wp-content\/uploads\/2023\/09\/RD.png"},{"@type":"BreadcrumbList","@id":"https:\/\/sisgeo.com\/es\/empresa\/rd\/#breadcrumb","itemListElement":[{"@type":"ListItem","position":1,"name":"Home","item":"https:\/\/sisgeo.com\/es\/geotechnical-and-structural-instrumentation-for-shm\/"},{"@type":"ListItem","position":2,"name":"R+D"}]},{"@type":"WebSite","@id":"https:\/\/sisgeo.com\/es\/#website","url":"https:\/\/sisgeo.com\/es\/","name":"Sisgeo","description":"Inclined to improvement","publisher":{"@id":"https:\/\/sisgeo.com\/es\/#organization"},"potentialAction":[{"@type":"SearchAction","target":{"@type":"EntryPoint","urlTemplate":"https:\/\/sisgeo.com\/es\/?s={search_term_string}"},"query-input":{"@type":"PropertyValueSpecification","valueRequired":true,"valueName":"search_term_string"}}],"inLanguage":"es"},{"@type":"Organization","@id":"https:\/\/sisgeo.com\/es\/#organization","name":"Sisgeo S.r.l.","url":"https:\/\/sisgeo.com\/es\/","logo":{"@type":"ImageObject","inLanguage":"es","@id":"https:\/\/sisgeo.com\/es\/#\/schema\/logo\/image\/","url":"https:\/\/sisgeodev.pipehosting.it\/wp-content\/uploads\/2023\/06\/logo-RGB.png","contentUrl":"https:\/\/sisgeodev.pipehosting.it\/wp-content\/uploads\/2023\/06\/logo-RGB.png","width":205,"height":97,"caption":"Sisgeo S.r.l."},"image":{"@id":"https:\/\/sisgeo.com\/es\/#\/schema\/logo\/image\/"}}]}},"_links":{"self":[{"href":"https:\/\/sisgeo.com\/es\/wp-json\/wp\/v2\/pages\/19702","targetHints":{"allow":["GET"]}}],"collection":[{"href":"https:\/\/sisgeo.com\/es\/wp-json\/wp\/v2\/pages"}],"about":[{"href":"https:\/\/sisgeo.com\/es\/wp-json\/wp\/v2\/types\/page"}],"author":[{"embeddable":true,"href":"https:\/\/sisgeo.com\/es\/wp-json\/wp\/v2\/users\/1"}],"replies":[{"embeddable":true,"href":"https:\/\/sisgeo.com\/es\/wp-json\/wp\/v2\/comments?post=19702"}],"version-history":[{"count":1,"href":"https:\/\/sisgeo.com\/es\/wp-json\/wp\/v2\/pages\/19702\/revisions"}],"predecessor-version":[{"id":19704,"href":"https:\/\/sisgeo.com\/es\/wp-json\/wp\/v2\/pages\/19702\/revisions\/19704"}],"up":[{"embeddable":true,"href":"https:\/\/sisgeo.com\/es\/wp-json\/wp\/v2\/pages\/19964"}],"wp:attachment":[{"href":"https:\/\/sisgeo.com\/es\/wp-json\/wp\/v2\/media?parent=19702"}],"wp:term":[{"taxonomy":"category","embeddable":true,"href":"https:\/\/sisgeo.com\/es\/wp-json\/wp\/v2\/categories?post=19702"},{"taxonomy":"post_tag","embeddable":true,"href":"https:\/\/sisgeo.com\/es\/wp-json\/wp\/v2\/tags?post=19702"}],"curies":[{"name":"wp","href":"https:\/\/api.w.org\/{rel}","templated":true}]}}