{"id":19713,"date":"2023-08-30T14:14:53","date_gmt":"2023-08-30T12:14:53","guid":{"rendered":"https:\/\/sisgeo.com\/sistema-de-calidad-y-certificados\/"},"modified":"2024-04-18T14:35:30","modified_gmt":"2024-04-18T12:35:30","slug":"sistema-de-calidad-y-certificados","status":"publish","type":"page","link":"https:\/\/sisgeo.com\/es\/empresa\/sistema-de-calidad-y-certificados\/","title":{"rendered":"Sistema de Calidad y certificados"},"content":{"rendered":"\t\t<div data-elementor-type=\"wp-page\" data-elementor-id=\"19713\" class=\"elementor elementor-19713 elementor-9565\" data-elementor-post-type=\"page\">\n\t\t\t\t<div class=\"elementor-element elementor-element-9b6c437 e-flex e-con-boxed e-con e-parent\" data-id=\"9b6c437\" data-element_type=\"container\" data-e-type=\"container\">\n\t\t\t\t\t<div class=\"e-con-inner\">\n\t\t<div class=\"elementor-element elementor-element-c87195e e-con-full e-flex e-con e-child\" data-id=\"c87195e\" data-element_type=\"container\" data-e-type=\"container\">\n\t\t\t\t<div class=\"elementor-element elementor-element-cf51d58 dce_masking-none elementor-widget elementor-widget-image\" data-id=\"cf51d58\" data-element_type=\"widget\" data-e-type=\"widget\" data-widget_type=\"image.default\">\n\t\t\t\t<div class=\"elementor-widget-container\">\n\t\t\t\t\t\t\t\t\t\t\t\t\t\t\t<img fetchpriority=\"high\" decoding=\"async\" width=\"1292\" height=\"603\" src=\"https:\/\/sisgeo.com\/wp-content\/uploads\/2023\/09\/certification-sisgeo1.png\" class=\"attachment-full size-full wp-image-13454\" alt=\"\" srcset=\"https:\/\/sisgeo.com\/wp-content\/uploads\/2023\/09\/certification-sisgeo1.png 1292w, https:\/\/sisgeo.com\/wp-content\/uploads\/2023\/09\/certification-sisgeo1-300x140.png 300w, https:\/\/sisgeo.com\/wp-content\/uploads\/2023\/09\/certification-sisgeo1-1024x478.png 1024w, https:\/\/sisgeo.com\/wp-content\/uploads\/2023\/09\/certification-sisgeo1-768x358.png 768w\" sizes=\"(max-width: 1292px) 100vw, 1292px\" \/>\t\t\t\t\t\t\t\t\t\t\t\t\t\t\t<\/div>\n\t\t\t\t<\/div>\n\t\t\t\t<\/div>\n\t\t<div class=\"elementor-element elementor-element-54e0c4a e-con-full e-flex e-con e-child\" data-id=\"54e0c4a\" data-element_type=\"container\" data-e-type=\"container\">\n\t\t\t\t<div class=\"elementor-element elementor-element-95d55a1 dce_masking-none elementor-widget elementor-widget-image\" data-id=\"95d55a1\" data-element_type=\"widget\" data-e-type=\"widget\" data-widget_type=\"image.default\">\n\t\t\t\t<div class=\"elementor-widget-container\">\n\t\t\t\t\t\t\t\t\t\t\t\t\t\t\t<img decoding=\"async\" width=\"615\" height=\"349\" src=\"https:\/\/sisgeo.com\/wp-content\/uploads\/2023\/05\/Logo-SISGEO-sulla-facciata-della-sede.jpg\" class=\"attachment-full size-full wp-image-837\" alt=\"\" srcset=\"https:\/\/sisgeo.com\/wp-content\/uploads\/2023\/05\/Logo-SISGEO-sulla-facciata-della-sede.jpg 615w, https:\/\/sisgeo.com\/wp-content\/uploads\/2023\/05\/Logo-SISGEO-sulla-facciata-della-sede-300x170.jpg 300w\" sizes=\"(max-width: 615px) 100vw, 615px\" \/>\t\t\t\t\t\t\t\t\t\t\t\t\t\t\t<\/div>\n\t\t\t\t<\/div>\n\t\t\t\t<\/div>\n\t\t\t\t\t<\/div>\n\t\t\t\t<\/div>\n\t\t<div class=\"elementor-element elementor-element-a309bfd e-flex e-con-boxed e-con e-parent\" data-id=\"a309bfd\" data-element_type=\"container\" data-e-type=\"container\">\n\t\t\t\t\t<div class=\"e-con-inner\">\n\t\t<div class=\"elementor-element elementor-element-10b8e74 e-con-full e-flex e-con e-child\" data-id=\"10b8e74\" data-element_type=\"container\" data-e-type=\"container\">\n\t\t\t\t<div class=\"elementor-element elementor-element-0b7ef2e elementor-widget elementor-widget-heading\" data-id=\"0b7ef2e\" data-element_type=\"widget\" data-e-type=\"widget\" data-widget_type=\"heading.default\">\n\t\t\t\t<div class=\"elementor-widget-container\">\n\t\t\t\t\t<h2 class=\"elementor-heading-title elementor-size-default\">Nuestro enfoque hacia la calidad<\/h2>\t\t\t\t<\/div>\n\t\t\t\t<\/div>\n\t\t\t\t<\/div>\n\t\t<div class=\"elementor-element elementor-element-fd80153 e-con-full e-flex e-con e-child\" data-id=\"fd80153\" data-element_type=\"container\" data-e-type=\"container\">\n\t\t\t\t<div data-dce-text-color=\"#000000\" class=\"elementor-element elementor-element-67d6472 elementor-widget elementor-widget-text-editor\" data-id=\"67d6472\" data-element_type=\"widget\" data-e-type=\"widget\" data-widget_type=\"text-editor.default\">\n\t\t\t\t<div class=\"elementor-widget-container\">\n\t\t\t\t\t\t\t\t\t<p>Cada d\u00eda, en cada proyecto, adoptamos un enfoque 100% orientado al cliente con el objetivo de crear una cadena de suministro de valor que satisfaga sus necesidades en 360\u00b0. Para ello, utilizamos los datos como fuentes de valor a\u00f1adido y nos comprometemos a aplicar siempre las mejores pol\u00edticas posibles de gesti\u00f3n de calidad y gesti\u00f3n de riesgos en toda nuestra empresa y a garantizar el bienestar de todo nuestro personal. <\/p>\n\t\t\t\t\t\t\t\t<\/div>\n\t\t\t\t<\/div>\n\t\t\t\t<div class=\"elementor-element elementor-element-afdc78f elementor-widget elementor-widget-heading\" data-id=\"afdc78f\" data-element_type=\"widget\" data-e-type=\"widget\" data-widget_type=\"heading.default\">\n\t\t\t\t<div class=\"elementor-widget-container\">\n\t\t\t\t\t<h3 class=\"elementor-heading-title elementor-size-default\">Valores - <span style=\"font-family:GT Planar\">Los fundamentos de nuestra filosof\u00eda<\/span><\/h3>\t\t\t\t<\/div>\n\t\t\t\t<\/div>\n\t\t\t\t<div class=\"elementor-element elementor-element-cbabfe7 elementor-widget elementor-widget-text-editor\" data-id=\"cbabfe7\" data-element_type=\"widget\" data-e-type=\"widget\" data-widget_type=\"text-editor.default\">\n\t\t\t\t<div class=\"elementor-widget-container\">\n\t\t\t\t\t\t\t\t\t<ul>\n<li>Traducir solicitudes y expectativas en requisitos<\/li>\n<li>Nunca descuidar las obligaciones derivadas de las leyes y reglamentos<\/li>\n<li>Aplicar cuidadosamente nuestro sistema de gesti\u00f3n de calidad<\/li>\n<li>Considerar la calidad como un enfoque transversal<\/li>\n<li>Gesti\u00f3n de factores de riesgo tanto internos como externos<\/li>\n<li>Adoptar un enfoque orientado a procesos para mejorar el rendimiento<\/li>\n<\/ul>\n\t\t\t\t\t\t\t\t<\/div>\n\t\t\t\t<\/div>\n\t\t\t\t<div class=\"elementor-element elementor-element-4d8f88c elementor-widget elementor-widget-heading\" data-id=\"4d8f88c\" data-element_type=\"widget\" data-e-type=\"widget\" data-widget_type=\"heading.default\">\n\t\t\t\t<div class=\"elementor-widget-container\">\n\t\t\t\t\t<h3 class=\"elementor-heading-title elementor-size-default\">Objetivos<\/h3>\t\t\t\t<\/div>\n\t\t\t\t<\/div>\n\t\t\t\t<div class=\"elementor-element elementor-element-7432403 elementor-widget elementor-widget-text-editor\" data-id=\"7432403\" data-element_type=\"widget\" data-e-type=\"widget\" data-widget_type=\"text-editor.default\">\n\t\t\t\t<div class=\"elementor-widget-container\">\n\t\t\t\t\t\t\t\t\t<ul>\n<li>Mejora continua del rendimiento y la confiabilidad de los productos\/servicios<\/li>\n<li>Actualizaci\u00f3n constante y ajuste de todos los productos, servicios y procesos<\/li>\n<li>Oportunidad y planificaci\u00f3n exhaustiva de las actividades destinadas a apoyar el profesionalismo<\/li>\n<li>Empoderamiento de todos los empleados en relaci\u00f3n con los procesos y el desempe\u00f1o<\/li>\n<li>Programa de formaci\u00f3n y desarrollo continuo que involucra a todo el personal<\/li>\n<li>Alto nivel de seguridad de los trabajadores y especial atenci\u00f3n a las condiciones de su entorno laboral<\/li>\n<li>Modernizaci\u00f3n de procesos productivos conforme a sistemas de automatizaci\u00f3n 4.0<\/li>\n<\/ul>\n\t\t\t\t\t\t\t\t<\/div>\n\t\t\t\t<\/div>\n\t\t\t\t<\/div>\n\t\t\t\t\t<\/div>\n\t\t\t\t<\/div>\n\t\t<div class=\"elementor-element elementor-element-d04f867 e-flex e-con-boxed e-con e-parent\" data-id=\"d04f867\" data-element_type=\"container\" data-e-type=\"container\">\n\t\t\t\t\t<div class=\"e-con-inner\">\n\t\t<div class=\"elementor-element elementor-element-0f7f413 e-con-full e-flex e-con e-child\" data-id=\"0f7f413\" data-element_type=\"container\" data-e-type=\"container\">\n\t\t\t\t<div class=\"elementor-element elementor-element-4a2bbf2 elementor-widget elementor-widget-heading\" data-id=\"4a2bbf2\" data-element_type=\"widget\" data-e-type=\"widget\" data-widget_type=\"heading.default\">\n\t\t\t\t<div class=\"elementor-widget-container\">\n\t\t\t\t\t<h2 class=\"elementor-heading-title elementor-size-default\">Certificados<\/h2>\t\t\t\t<\/div>\n\t\t\t\t<\/div>\n\t\t\t\t<div class=\"elementor-element elementor-element-7853114 dce_masking-none elementor-widget elementor-widget-image\" data-id=\"7853114\" data-element_type=\"widget\" data-e-type=\"widget\" data-widget_type=\"image.default\">\n\t\t\t\t<div class=\"elementor-widget-container\">\n\t\t\t\t\t\t\t\t\t\t\t\t\t\t\t\t<a href=\"\/wp-content\/uploads\/Certificato%20del%20sistema%20qualit\u00e0\/ISO%209001%20Sisgeo%202024.pdf\" target=\"_blank\" rel=\"nofollow\">\n\t\t\t\t\t\t\t<img decoding=\"async\" width=\"297\" height=\"421\" src=\"https:\/\/sisgeo.com\/wp-content\/uploads\/2023\/08\/Management-system-certificate.png\" class=\"attachment-full size-full wp-image-9605\" alt=\"\" srcset=\"https:\/\/sisgeo.com\/wp-content\/uploads\/2023\/08\/Management-system-certificate.png 297w, https:\/\/sisgeo.com\/wp-content\/uploads\/2023\/08\/Management-system-certificate-212x300.png 212w\" sizes=\"(max-width: 297px) 100vw, 297px\" \/>\t\t\t\t\t\t\t\t<\/a>\n\t\t\t\t\t\t\t\t\t\t\t\t\t\t\t<\/div>\n\t\t\t\t<\/div>\n\t\t\t\t<\/div>\n\t\t<div class=\"elementor-element elementor-element-5198862 e-con-full e-flex e-con e-child\" data-id=\"5198862\" data-element_type=\"container\" data-e-type=\"container\">\n\t\t\t\t<div class=\"elementor-element elementor-element-7956f88 elementor-widget elementor-widget-heading\" data-id=\"7956f88\" data-element_type=\"widget\" data-e-type=\"widget\" data-widget_type=\"heading.default\">\n\t\t\t\t<div class=\"elementor-widget-container\">\n\t\t\t\t\t<h3 class=\"elementor-heading-title elementor-size-default\">UNI EN ISO 9001:2015<\/h3>\t\t\t\t<\/div>\n\t\t\t\t<\/div>\n\t\t\t\t<div class=\"elementor-element elementor-element-73e45ec elementor-widget elementor-widget-text-editor\" data-id=\"73e45ec\" data-element_type=\"widget\" data-e-type=\"widget\" data-widget_type=\"text-editor.default\">\n\t\t\t\t<div class=\"elementor-widget-container\">\n\t\t\t\t\t\t\t\t\t<p>La producci\u00f3n y suministro de todos nuestros productos y servicios est\u00e1n impulsados por los conceptos fundamentales de organizaci\u00f3n, calidad y satisfacci\u00f3n del cliente. De hecho, en 1997 SISGEO obtuvo el certificado ISO y, desde entonces, la implantaci\u00f3n permanente y consistente de nuestro Sistema de Calidad en toda la empresa nos ha impulsado a crecer y mejorar nuestros programas. <\/p>\n<p>En 2018, Sisgeo obtuvo el nuevo CERTIFICADO ISO 9001:2015, relativo a la ingenier\u00eda y fabricaci\u00f3n de instrumentos geot\u00e9cnicos, geomec\u00e1nicos y de ingenier\u00eda civil, as\u00ed com la fabricaci\u00f3n de sistemas manuales y automatizados para procesos de monitoreo geot\u00e9cnico y estructural. <\/p>\n<p>Estamos muy orgullosos de haber obtenido este certificado y nos esforzamos en mejorar continuamente nuestros productos y servicios para aumentar la satisfacci\u00f3n de nuestros clientes.<\/p>\n\t\t\t\t\t\t\t\t<\/div>\n\t\t\t\t<\/div>\n\t\t\t\t<\/div>\n\t\t\t\t\t<\/div>\n\t\t\t\t<\/div>\n\t\t\t\t<\/div>\n\t\t","protected":false},"excerpt":{"rendered":"<p>Nuestro enfoque hacia la calidad Cada d\u00eda, en cada proyecto, adoptamos un enfoque 100% orientado al cliente con el objetivo de crear una cadena de suministro de valor que satisfaga sus necesidades en 360\u00b0. Para ello, utilizamos los datos como fuentes de valor a\u00f1adido y nos comprometemos a aplicar siempre las mejores pol\u00edticas posibles de [&hellip;]<\/p>\n","protected":false},"author":1,"featured_media":0,"parent":19964,"menu_order":0,"comment_status":"closed","ping_status":"closed","template":"","meta":{"footnotes":""},"categories":[],"tags":[],"class_list":["post-19713","page","type-page","status-publish","hentry"],"yoast_head":"<!-- This site is optimized with the Yoast SEO Premium plugin v27.2 (Yoast SEO v27.2) - https:\/\/yoast.com\/product\/yoast-seo-premium-wordpress\/ -->\n<title>Sistema de Calidad y certificados - Sisgeo<\/title>\n<meta name=\"robots\" content=\"index, follow, max-snippet:-1, max-image-preview:large, max-video-preview:-1\" \/>\n<link rel=\"canonical\" href=\"https:\/\/sisgeo.com\/es\/empresa\/sistema-de-calidad-y-certificados\/\" \/>\n<meta property=\"og:locale\" content=\"es_ES\" \/>\n<meta property=\"og:type\" content=\"article\" \/>\n<meta property=\"og:title\" content=\"Sistema de Calidad y certificados\" \/>\n<meta property=\"og:description\" content=\"Nuestro enfoque hacia la calidad Cada d\u00eda, en cada proyecto, adoptamos un enfoque 100% orientado al cliente con el objetivo de crear una cadena de suministro de valor que satisfaga sus necesidades en 360\u00b0. Para ello, utilizamos los datos como fuentes de valor a\u00f1adido y nos comprometemos a aplicar siempre las mejores pol\u00edticas posibles de [&hellip;]\" \/>\n<meta property=\"og:url\" content=\"https:\/\/sisgeo.com\/es\/empresa\/sistema-de-calidad-y-certificados\/\" \/>\n<meta property=\"og:site_name\" content=\"Sisgeo\" \/>\n<meta property=\"article:modified_time\" content=\"2024-04-18T12:35:30+00:00\" \/>\n<meta property=\"og:image\" content=\"https:\/\/sisgeo.com\/wp-content\/uploads\/2023\/09\/certification-sisgeo1.png\" \/>\n<meta name=\"twitter:card\" content=\"summary_large_image\" \/>\n<meta name=\"twitter:label1\" content=\"Tiempo de lectura\" \/>\n\t<meta name=\"twitter:data1\" content=\"2 minutos\" \/>\n<script type=\"application\/ld+json\" class=\"yoast-schema-graph\">{\"@context\":\"https:\/\/schema.org\",\"@graph\":[{\"@type\":\"WebPage\",\"@id\":\"https:\/\/sisgeo.com\/es\/empresa\/sistema-de-calidad-y-certificados\/\",\"url\":\"https:\/\/sisgeo.com\/es\/empresa\/sistema-de-calidad-y-certificados\/\",\"name\":\"Sistema de Calidad y certificados - Sisgeo\",\"isPartOf\":{\"@id\":\"https:\/\/sisgeo.com\/es\/#website\"},\"primaryImageOfPage\":{\"@id\":\"https:\/\/sisgeo.com\/es\/empresa\/sistema-de-calidad-y-certificados\/#primaryimage\"},\"image\":{\"@id\":\"https:\/\/sisgeo.com\/es\/empresa\/sistema-de-calidad-y-certificados\/#primaryimage\"},\"thumbnailUrl\":\"https:\/\/sisgeo.com\/wp-content\/uploads\/2023\/09\/certification-sisgeo1.png\",\"datePublished\":\"2023-08-30T12:14:53+00:00\",\"dateModified\":\"2024-04-18T12:35:30+00:00\",\"breadcrumb\":{\"@id\":\"https:\/\/sisgeo.com\/es\/empresa\/sistema-de-calidad-y-certificados\/#breadcrumb\"},\"inLanguage\":\"es\",\"potentialAction\":[{\"@type\":\"ReadAction\",\"target\":[\"https:\/\/sisgeo.com\/es\/empresa\/sistema-de-calidad-y-certificados\/\"]}]},{\"@type\":\"ImageObject\",\"inLanguage\":\"es\",\"@id\":\"https:\/\/sisgeo.com\/es\/empresa\/sistema-de-calidad-y-certificados\/#primaryimage\",\"url\":\"https:\/\/sisgeo.com\/wp-content\/uploads\/2023\/09\/certification-sisgeo1.png\",\"contentUrl\":\"https:\/\/sisgeo.com\/wp-content\/uploads\/2023\/09\/certification-sisgeo1.png\"},{\"@type\":\"BreadcrumbList\",\"@id\":\"https:\/\/sisgeo.com\/es\/empresa\/sistema-de-calidad-y-certificados\/#breadcrumb\",\"itemListElement\":[{\"@type\":\"ListItem\",\"position\":1,\"name\":\"Home\",\"item\":\"https:\/\/sisgeo.com\/es\/geotechnical-and-structural-instrumentation-for-shm\/\"},{\"@type\":\"ListItem\",\"position\":2,\"name\":\"Empresa\",\"item\":\"https:\/\/sisgeo.com\/es\/empresa\/\"},{\"@type\":\"ListItem\",\"position\":3,\"name\":\"Sistema de Calidad y certificados\"}]},{\"@type\":\"WebSite\",\"@id\":\"https:\/\/sisgeo.com\/es\/#website\",\"url\":\"https:\/\/sisgeo.com\/es\/\",\"name\":\"Sisgeo\",\"description\":\"Inclined to improvement\",\"publisher\":{\"@id\":\"https:\/\/sisgeo.com\/es\/#organization\"},\"potentialAction\":[{\"@type\":\"SearchAction\",\"target\":{\"@type\":\"EntryPoint\",\"urlTemplate\":\"https:\/\/sisgeo.com\/es\/?s={search_term_string}\"},\"query-input\":{\"@type\":\"PropertyValueSpecification\",\"valueRequired\":true,\"valueName\":\"search_term_string\"}}],\"inLanguage\":\"es\"},{\"@type\":\"Organization\",\"@id\":\"https:\/\/sisgeo.com\/es\/#organization\",\"name\":\"Sisgeo S.r.l.\",\"url\":\"https:\/\/sisgeo.com\/es\/\",\"logo\":{\"@type\":\"ImageObject\",\"inLanguage\":\"es\",\"@id\":\"https:\/\/sisgeo.com\/es\/#\/schema\/logo\/image\/\",\"url\":\"https:\/\/sisgeodev.pipehosting.it\/wp-content\/uploads\/2023\/06\/logo-RGB.png\",\"contentUrl\":\"https:\/\/sisgeodev.pipehosting.it\/wp-content\/uploads\/2023\/06\/logo-RGB.png\",\"width\":205,\"height\":97,\"caption\":\"Sisgeo S.r.l.\"},\"image\":{\"@id\":\"https:\/\/sisgeo.com\/es\/#\/schema\/logo\/image\/\"}}]}<\/script>\n<!-- \/ Yoast SEO Premium plugin. -->","yoast_head_json":{"title":"Sistema de Calidad y certificados - Sisgeo","robots":{"index":"index","follow":"follow","max-snippet":"max-snippet:-1","max-image-preview":"max-image-preview:large","max-video-preview":"max-video-preview:-1"},"canonical":"https:\/\/sisgeo.com\/es\/empresa\/sistema-de-calidad-y-certificados\/","og_locale":"es_ES","og_type":"article","og_title":"Sistema de Calidad y certificados","og_description":"Nuestro enfoque hacia la calidad Cada d\u00eda, en cada proyecto, adoptamos un enfoque 100% orientado al cliente con el objetivo de crear una cadena de suministro de valor que satisfaga sus necesidades en 360\u00b0. Para ello, utilizamos los datos como fuentes de valor a\u00f1adido y nos comprometemos a aplicar siempre las mejores pol\u00edticas posibles de [&hellip;]","og_url":"https:\/\/sisgeo.com\/es\/empresa\/sistema-de-calidad-y-certificados\/","og_site_name":"Sisgeo","article_modified_time":"2024-04-18T12:35:30+00:00","og_image":[{"url":"https:\/\/sisgeo.com\/wp-content\/uploads\/2023\/09\/certification-sisgeo1.png","type":"","width":"","height":""}],"twitter_card":"summary_large_image","twitter_misc":{"Tiempo de lectura":"2 minutos"},"schema":{"@context":"https:\/\/schema.org","@graph":[{"@type":"WebPage","@id":"https:\/\/sisgeo.com\/es\/empresa\/sistema-de-calidad-y-certificados\/","url":"https:\/\/sisgeo.com\/es\/empresa\/sistema-de-calidad-y-certificados\/","name":"Sistema de Calidad y certificados - Sisgeo","isPartOf":{"@id":"https:\/\/sisgeo.com\/es\/#website"},"primaryImageOfPage":{"@id":"https:\/\/sisgeo.com\/es\/empresa\/sistema-de-calidad-y-certificados\/#primaryimage"},"image":{"@id":"https:\/\/sisgeo.com\/es\/empresa\/sistema-de-calidad-y-certificados\/#primaryimage"},"thumbnailUrl":"https:\/\/sisgeo.com\/wp-content\/uploads\/2023\/09\/certification-sisgeo1.png","datePublished":"2023-08-30T12:14:53+00:00","dateModified":"2024-04-18T12:35:30+00:00","breadcrumb":{"@id":"https:\/\/sisgeo.com\/es\/empresa\/sistema-de-calidad-y-certificados\/#breadcrumb"},"inLanguage":"es","potentialAction":[{"@type":"ReadAction","target":["https:\/\/sisgeo.com\/es\/empresa\/sistema-de-calidad-y-certificados\/"]}]},{"@type":"ImageObject","inLanguage":"es","@id":"https:\/\/sisgeo.com\/es\/empresa\/sistema-de-calidad-y-certificados\/#primaryimage","url":"https:\/\/sisgeo.com\/wp-content\/uploads\/2023\/09\/certification-sisgeo1.png","contentUrl":"https:\/\/sisgeo.com\/wp-content\/uploads\/2023\/09\/certification-sisgeo1.png"},{"@type":"BreadcrumbList","@id":"https:\/\/sisgeo.com\/es\/empresa\/sistema-de-calidad-y-certificados\/#breadcrumb","itemListElement":[{"@type":"ListItem","position":1,"name":"Home","item":"https:\/\/sisgeo.com\/es\/geotechnical-and-structural-instrumentation-for-shm\/"},{"@type":"ListItem","position":2,"name":"Empresa","item":"https:\/\/sisgeo.com\/es\/empresa\/"},{"@type":"ListItem","position":3,"name":"Sistema de Calidad y certificados"}]},{"@type":"WebSite","@id":"https:\/\/sisgeo.com\/es\/#website","url":"https:\/\/sisgeo.com\/es\/","name":"Sisgeo","description":"Inclined to improvement","publisher":{"@id":"https:\/\/sisgeo.com\/es\/#organization"},"potentialAction":[{"@type":"SearchAction","target":{"@type":"EntryPoint","urlTemplate":"https:\/\/sisgeo.com\/es\/?s={search_term_string}"},"query-input":{"@type":"PropertyValueSpecification","valueRequired":true,"valueName":"search_term_string"}}],"inLanguage":"es"},{"@type":"Organization","@id":"https:\/\/sisgeo.com\/es\/#organization","name":"Sisgeo S.r.l.","url":"https:\/\/sisgeo.com\/es\/","logo":{"@type":"ImageObject","inLanguage":"es","@id":"https:\/\/sisgeo.com\/es\/#\/schema\/logo\/image\/","url":"https:\/\/sisgeodev.pipehosting.it\/wp-content\/uploads\/2023\/06\/logo-RGB.png","contentUrl":"https:\/\/sisgeodev.pipehosting.it\/wp-content\/uploads\/2023\/06\/logo-RGB.png","width":205,"height":97,"caption":"Sisgeo S.r.l."},"image":{"@id":"https:\/\/sisgeo.com\/es\/#\/schema\/logo\/image\/"}}]}},"_links":{"self":[{"href":"https:\/\/sisgeo.com\/es\/wp-json\/wp\/v2\/pages\/19713","targetHints":{"allow":["GET"]}}],"collection":[{"href":"https:\/\/sisgeo.com\/es\/wp-json\/wp\/v2\/pages"}],"about":[{"href":"https:\/\/sisgeo.com\/es\/wp-json\/wp\/v2\/types\/page"}],"author":[{"embeddable":true,"href":"https:\/\/sisgeo.com\/es\/wp-json\/wp\/v2\/users\/1"}],"replies":[{"embeddable":true,"href":"https:\/\/sisgeo.com\/es\/wp-json\/wp\/v2\/comments?post=19713"}],"version-history":[{"count":2,"href":"https:\/\/sisgeo.com\/es\/wp-json\/wp\/v2\/pages\/19713\/revisions"}],"predecessor-version":[{"id":25086,"href":"https:\/\/sisgeo.com\/es\/wp-json\/wp\/v2\/pages\/19713\/revisions\/25086"}],"up":[{"embeddable":true,"href":"https:\/\/sisgeo.com\/es\/wp-json\/wp\/v2\/pages\/19964"}],"wp:attachment":[{"href":"https:\/\/sisgeo.com\/es\/wp-json\/wp\/v2\/media?parent=19713"}],"wp:term":[{"taxonomy":"category","embeddable":true,"href":"https:\/\/sisgeo.com\/es\/wp-json\/wp\/v2\/categories?post=19713"},{"taxonomy":"post_tag","embeddable":true,"href":"https:\/\/sisgeo.com\/es\/wp-json\/wp\/v2\/tags?post=19713"}],"curies":[{"name":"wp","href":"https:\/\/api.w.org\/{rel}","templated":true}]}}