{"id":19955,"date":"2023-04-17T13:08:39","date_gmt":"2023-04-17T11:08:39","guid":{"rendered":"https:\/\/sisgeo.com\/asistencia-tecnica\/"},"modified":"2024-05-16T12:38:05","modified_gmt":"2024-05-16T10:38:05","slug":"asistencia-tecnica","status":"publish","type":"page","link":"https:\/\/sisgeo.com\/es\/asistencia-tecnica\/","title":{"rendered":"Asistencia"},"content":{"rendered":"\t\t<div data-elementor-type=\"wp-page\" data-elementor-id=\"19955\" class=\"elementor elementor-19955 elementor-60\" data-elementor-post-type=\"page\">\n\t\t\t\t<div class=\"elementor-element elementor-element-9802fed e-flex e-con-boxed e-con e-parent\" data-id=\"9802fed\" data-element_type=\"container\" data-e-type=\"container\">\n\t\t\t\t\t<div class=\"e-con-inner\">\n\t\t<div class=\"elementor-element elementor-element-7aef576 e-con-full e-flex e-con e-child\" data-id=\"7aef576\" data-element_type=\"container\" data-e-type=\"container\">\n\t\t\t\t<\/div>\n\t\t\t\t\t<\/div>\n\t\t\t\t<\/div>\n\t\t<div class=\"elementor-element elementor-element-8a1b806 e-flex e-con-boxed e-con e-parent\" data-id=\"8a1b806\" data-element_type=\"container\" data-e-type=\"container\">\n\t\t\t\t\t<div class=\"e-con-inner\">\n\t\t<div class=\"elementor-element elementor-element-162cf24 e-con-full e-flex e-con e-child\" data-id=\"162cf24\" data-element_type=\"container\" data-e-type=\"container\">\n\t\t\t\t<div class=\"elementor-element elementor-element-9ad2756 dce_masking-none elementor-widget elementor-widget-image\" data-id=\"9ad2756\" data-element_type=\"widget\" data-e-type=\"widget\" data-widget_type=\"image.default\">\n\t\t\t\t<div class=\"elementor-widget-container\">\n\t\t\t\t\t\t\t\t\t\t\t\t\t\t\t\t<a href=\"https:\/\/support.sisgeo.com\/hc\/en-us\">\n\t\t\t\t\t\t\t<img fetchpriority=\"high\" decoding=\"async\" width=\"1292\" height=\"603\" src=\"https:\/\/sisgeo.com\/wp-content\/uploads\/2023\/09\/customer_care_sisgeo.jpg\" class=\"attachment-full size-full wp-image-10520\" alt=\"\" srcset=\"https:\/\/sisgeo.com\/wp-content\/uploads\/2023\/09\/customer_care_sisgeo.jpg 1292w, https:\/\/sisgeo.com\/wp-content\/uploads\/2023\/09\/customer_care_sisgeo-300x140.jpg 300w, https:\/\/sisgeo.com\/wp-content\/uploads\/2023\/09\/customer_care_sisgeo-1024x478.jpg 1024w, https:\/\/sisgeo.com\/wp-content\/uploads\/2023\/09\/customer_care_sisgeo-768x358.jpg 768w\" sizes=\"(max-width: 1292px) 100vw, 1292px\" \/>\t\t\t\t\t\t\t\t<\/a>\n\t\t\t\t\t\t\t\t\t\t\t\t\t\t\t<\/div>\n\t\t\t\t<\/div>\n\t\t\t\t<\/div>\n\t\t<div class=\"elementor-element elementor-element-d25a4f6 e-con-full e-flex e-con e-child\" data-id=\"d25a4f6\" data-element_type=\"container\" data-e-type=\"container\">\n\t\t\t\t<div class=\"elementor-element elementor-element-e64cc6d elementor-hidden-mobile elementor-widget elementor-widget-button\" data-id=\"e64cc6d\" data-element_type=\"widget\" data-e-type=\"widget\" data-widget_type=\"button.default\">\n\t\t\t\t<div class=\"elementor-widget-container\">\n\t\t\t\t\t\t\t\t\t<div class=\"elementor-button-wrapper\">\n\t\t\t\t\t<a class=\"elementor-button elementor-button-link elementor-size-md\" href=\"https:\/\/support.sisgeo.com\/hc\/en-us\">\n\t\t\t\t\t\t<span class=\"elementor-button-content-wrapper\">\n\t\t\t\t\t\t<span class=\"elementor-button-icon\">\n\t\t\t\t<svg xmlns=\"http:\/\/www.w3.org\/2000\/svg\" width=\"28\" height=\"22\" viewBox=\"0 0 28 22\" fill=\"none\"><path fill-rule=\"evenodd\" clip-rule=\"evenodd\" d=\"M0 11.3782L25.0887 11.3782L16.1287 20.0335L17.248 21.1299L28 10.612L17.248 0.129883L16.1287 1.2255L25.0887 9.84433L0 9.84433L0 11.3782Z\" fill=\"white\"><\/path><\/svg>\t\t\t<\/span>\n\t\t\t\t\t\t\t\t\t<span class=\"elementor-button-text\">\n          <span style=\"font-size:20px\">Ir al portal de asistencia<\/span>\n        <\/span>\n\t\t\t\t\t<\/span>\n\t\t\t\t\t<\/a>\n\t\t\t\t<\/div>\n\t\t\t\t\t\t\t\t<\/div>\n\t\t\t\t<\/div>\n\t\t\t\t<div class=\"elementor-element elementor-element-403b411 elementor-hidden-desktop elementor-hidden-tablet elementor-widget elementor-widget-button\" data-id=\"403b411\" data-element_type=\"widget\" data-e-type=\"widget\" data-widget_type=\"button.default\">\n\t\t\t\t<div class=\"elementor-widget-container\">\n\t\t\t\t\t\t\t\t\t<div class=\"elementor-button-wrapper\">\n\t\t\t\t\t<a class=\"elementor-button elementor-button-link elementor-size-md\" href=\"https:\/\/support.sisgeo.com\/hc\/en-us\">\n\t\t\t\t\t\t<span class=\"elementor-button-content-wrapper\">\n\t\t\t\t\t\t\t\t\t<span class=\"elementor-button-text\">Ir al portal de asistencia<\/span>\n\t\t\t\t\t<\/span>\n\t\t\t\t\t<\/a>\n\t\t\t\t<\/div>\n\t\t\t\t\t\t\t\t<\/div>\n\t\t\t\t<\/div>\n\t\t\t\t<\/div>\n\t\t\t\t\t<\/div>\n\t\t\t\t<\/div>\n\t\t<div class=\"elementor-element elementor-element-25860e3 e-flex e-con-boxed e-con e-parent\" data-id=\"25860e3\" data-element_type=\"container\" data-e-type=\"container\">\n\t\t\t\t\t<div class=\"e-con-inner\">\n\t\t\t\t<div class=\"elementor-element elementor-element-d9150ec elementor-widget elementor-widget-text-editor\" data-id=\"d9150ec\" data-element_type=\"widget\" data-e-type=\"widget\" data-widget_type=\"text-editor.default\">\n\t\t\t\t<div class=\"elementor-widget-container\">\n\t\t\t\t\t\t\t\t\t<p>La Asistencia T\u00e9cnica de Sisgeo es gestionada por el Departamento de Atenci\u00f3n al Cliente a trav\u00e9s del portal web dedicado, a la cual se accede haciendo clic <a href=\"https:\/\/support.sisgeo.com\/hc\/en-us\/categories\/360001328034-Support\" target=\"_blank\" rel=\"noopener\">aqu\u00ed<\/a>.<\/p>\n<p>Desde el portal web se pueden activar o gestionar los siguientes servicios:<\/p>\n<ul>\n<li>RMA para mantenimiento y\/o reparaci\u00f3n de instrumentos<\/li>\n<li>Alquiler de sistemas de medici\u00f3n<\/li>\n<li>Solicitud de copias de certificados de calibraci\u00f3n y de conformidad<\/li>\n<li>Apertura de tickets para la resoluci\u00f3n de problemas t\u00e9cnicos<\/li>\n<li>Solicitud de capacitaciones<\/li>\n<li>Solicitud de asistencia t\u00e9cnica, supervisi\u00f3n e instalaciones in situ<\/li>\n<\/ul>\n<p>Les recordamos que las F.A.Q. (preguntas m\u00e1s frecuentes) y los manuales de los instrumentos, siempre est\u00e1n disponibles en l\u00ednea para su consulta inmediata.<\/p>\n\t\t\t\t\t\t\t\t<\/div>\n\t\t\t\t<\/div>\n\t\t\t\t\t<\/div>\n\t\t\t\t<\/div>\n\t\t<div class=\"elementor-element elementor-element-f8d0700 e-flex e-con-boxed e-con e-parent\" data-id=\"f8d0700\" data-element_type=\"container\" data-e-type=\"container\">\n\t\t\t\t\t<div class=\"e-con-inner\">\n\t\t<div class=\"elementor-element elementor-element-74dcf17 e-con-full e-flex e-con e-child\" data-id=\"74dcf17\" data-element_type=\"container\" data-e-type=\"container\">\n\t\t\t\t<div data-dce-title-color=\"#E20717\" class=\"elementor-element elementor-element-5b6883a elementor-widget elementor-widget-heading\" data-id=\"5b6883a\" data-element_type=\"widget\" data-e-type=\"widget\" data-widget_type=\"heading.default\">\n\t\t\t\t<div class=\"elementor-widget-container\">\n\t\t\t\t\t<h2 class=\"elementor-heading-title elementor-size-default\"><span style=\"font-family: GT Planar\">F.A.Q. <\/span>\u2013 Preguntas m\u00e1s frecuentes<\/h2>\t\t\t\t<\/div>\n\t\t\t\t<\/div>\n\t\t\t\t<\/div>\n\t\t<div class=\"elementor-element elementor-element-10e9267 e-con-full e-flex e-con e-child\" data-id=\"10e9267\" data-element_type=\"container\" data-e-type=\"container\">\n\t\t\t\t<div data-dce-text-color=\"#000000\" class=\"elementor-element elementor-element-62c6665 elementor-widget elementor-widget-text-editor\" data-id=\"62c6665\" data-element_type=\"widget\" data-e-type=\"widget\" data-widget_type=\"text-editor.default\">\n\t\t\t\t<div class=\"elementor-widget-container\">\n\t\t\t\t\t\t\t\t\t<p>En la secci\u00f3n F.A.Q. se encuentran las respuestas a las preguntas m\u00e1s frecuentes<\/p>\n\t\t\t\t\t\t\t\t<\/div>\n\t\t\t\t<\/div>\n\t\t\t\t<div data-dce-background-color=\"#FFFFFF00\" class=\"elementor-element elementor-element-77ae980 elementor-widget elementor-widget-button\" data-id=\"77ae980\" data-element_type=\"widget\" data-e-type=\"widget\" data-widget_type=\"button.default\">\n\t\t\t\t<div class=\"elementor-widget-container\">\n\t\t\t\t\t\t\t\t\t<div class=\"elementor-button-wrapper\">\n\t\t\t\t\t<a class=\"elementor-button elementor-button-link elementor-size-md\" href=\"https:\/\/sisgeo.com\/es\/productos\/faq\/\">\n\t\t\t\t\t\t<span class=\"elementor-button-content-wrapper\">\n\t\t\t\t\t\t<span class=\"elementor-button-icon\">\n\t\t\t\t<svg xmlns=\"http:\/\/www.w3.org\/2000\/svg\" width=\"28\" height=\"22\" viewBox=\"0 0 28 22\" fill=\"none\"><path fill-rule=\"evenodd\" clip-rule=\"evenodd\" d=\"M0 11.7483L25.0887 11.7483L16.1287 20.4037L17.248 21.5L28 10.9821L17.248 0.5L16.1287 1.59561L25.0887 10.2144L0 10.2144L0 11.7483Z\" fill=\"#E4002B\"><\/path><\/svg>\t\t\t<\/span>\n\t\t\t\t\t\t\t\t\t<span class=\"elementor-button-text\">\n          <span style=\"font-size:12px\">Consulte las preguntas frecuentes.<\/span>\n        <\/span>\n\t\t\t\t\t<\/span>\n\t\t\t\t\t<\/a>\n\t\t\t\t<\/div>\n\t\t\t\t\t\t\t\t<\/div>\n\t\t\t\t<\/div>\n\t\t\t\t<\/div>\n\t\t\t\t\t<\/div>\n\t\t\t\t<\/div>\n\t\t<div class=\"elementor-element elementor-element-ae53930 e-flex e-con-boxed e-con e-parent\" data-id=\"ae53930\" data-element_type=\"container\" data-e-type=\"container\">\n\t\t\t\t\t<div class=\"e-con-inner\">\n\t\t<div class=\"elementor-element elementor-element-ca18962 e-con-full e-flex e-con e-child\" data-id=\"ca18962\" data-element_type=\"container\" data-e-type=\"container\">\n\t\t\t\t<div data-dce-title-color=\"#E20717\" class=\"elementor-element elementor-element-31992aa elementor-widget elementor-widget-heading\" data-id=\"31992aa\" data-element_type=\"widget\" data-e-type=\"widget\" data-widget_type=\"heading.default\">\n\t\t\t\t<div class=\"elementor-widget-container\">\n\t\t\t\t\t<h2 class=\"elementor-heading-title elementor-size-default\">\n          <span style=\"font-family: GT Planar\">Manuales<\/span>\n        <\/h2>\t\t\t\t<\/div>\n\t\t\t\t<\/div>\n\t\t\t\t<\/div>\n\t\t<div class=\"elementor-element elementor-element-f9e0700 e-con-full e-flex e-con e-child\" data-id=\"f9e0700\" data-element_type=\"container\" data-e-type=\"container\">\n\t\t\t\t<div data-dce-text-color=\"#000000\" class=\"elementor-element elementor-element-45c1f71 elementor-widget elementor-widget-text-editor\" data-id=\"45c1f71\" data-element_type=\"widget\" data-e-type=\"widget\" data-widget_type=\"text-editor.default\">\n\t\t\t\t<div class=\"elementor-widget-container\">\n\t\t\t\t\t\t\t\t\t<p>En los manuales, que pueden descargarse tras iniciar sesi\u00f3n con nombre de usuario y contrase\u00f1a, se encuentran las descripciones detalladas de los instrumentos, ejemplos de aplicaciones, operaciones preliminares que deben realizarse antes de una instalaci\u00f3n, descripciones detalladas de las operaciones que deben realizarse durante una instalaci\u00f3n y modalidad de lectura de los instrumentos.<\/p>\n\t\t\t\t\t\t\t\t<\/div>\n\t\t\t\t<\/div>\n\t\t\t\t<div data-dce-background-color=\"#FFFFFF00\" class=\"elementor-element elementor-element-f847988 elementor-widget elementor-widget-button\" data-id=\"f847988\" data-element_type=\"widget\" data-e-type=\"widget\" data-widget_type=\"button.default\">\n\t\t\t\t<div class=\"elementor-widget-container\">\n\t\t\t\t\t\t\t\t\t<div class=\"elementor-button-wrapper\">\n\t\t\t\t\t<a class=\"elementor-button elementor-button-link elementor-size-md\" href=\"https:\/\/sisgeo.com\/es\/descargas\/manuales\/\">\n\t\t\t\t\t\t<span class=\"elementor-button-content-wrapper\">\n\t\t\t\t\t\t<span class=\"elementor-button-icon\">\n\t\t\t\t<svg xmlns=\"http:\/\/www.w3.org\/2000\/svg\" width=\"28\" height=\"22\" viewBox=\"0 0 28 22\" fill=\"none\"><path fill-rule=\"evenodd\" clip-rule=\"evenodd\" d=\"M0 11.7483L25.0887 11.7483L16.1287 20.4037L17.248 21.5L28 10.9821L17.248 0.5L16.1287 1.59561L25.0887 10.2144L0 10.2144L0 11.7483Z\" fill=\"#E4002B\"><\/path><\/svg>\t\t\t<\/span>\n\t\t\t\t\t\t\t\t\t<span class=\"elementor-button-text\">\n          <span style=\"font-size:12px\">revisa los manuales<\/span>\n        <\/span>\n\t\t\t\t\t<\/span>\n\t\t\t\t\t<\/a>\n\t\t\t\t<\/div>\n\t\t\t\t\t\t\t\t<\/div>\n\t\t\t\t<\/div>\n\t\t\t\t<\/div>\n\t\t\t\t\t<\/div>\n\t\t\t\t<\/div>\n\t\t\t\t<\/div>\n\t\t","protected":false},"excerpt":{"rendered":"<p>Ir al portal de asistencia Ir al portal de asistencia La Asistencia T\u00e9cnica de Sisgeo es gestionada por el Departamento de Atenci\u00f3n al Cliente a trav\u00e9s del portal web dedicado, a la cual se accede haciendo clic aqu\u00ed. Desde el portal web se pueden activar o gestionar los siguientes servicios: RMA para mantenimiento y\/o reparaci\u00f3n [&hellip;]<\/p>\n","protected":false},"author":1,"featured_media":0,"parent":0,"menu_order":0,"comment_status":"closed","ping_status":"closed","template":"","meta":{"footnotes":""},"categories":[],"tags":[],"class_list":["post-19955","page","type-page","status-publish","hentry"],"yoast_head":"<!-- This site is optimized with the Yoast SEO Premium plugin v27.2 (Yoast SEO v27.2) - https:\/\/yoast.com\/product\/yoast-seo-premium-wordpress\/ -->\n<title>Asistencia - Sisgeo<\/title>\n<meta name=\"robots\" content=\"index, follow, max-snippet:-1, max-image-preview:large, max-video-preview:-1\" \/>\n<link rel=\"canonical\" href=\"https:\/\/sisgeo.com\/es\/asistencia-tecnica\/\" \/>\n<meta property=\"og:locale\" content=\"es_ES\" \/>\n<meta property=\"og:type\" content=\"article\" \/>\n<meta property=\"og:title\" content=\"Asistencia\" \/>\n<meta property=\"og:description\" content=\"Ir al portal de asistencia Ir al portal de asistencia La Asistencia T\u00e9cnica de Sisgeo es gestionada por el Departamento de Atenci\u00f3n al Cliente a trav\u00e9s del portal web dedicado, a la cual se accede haciendo clic aqu\u00ed. Desde el portal web se pueden activar o gestionar los siguientes servicios: RMA para mantenimiento y\/o reparaci\u00f3n [&hellip;]\" \/>\n<meta property=\"og:url\" content=\"https:\/\/sisgeo.com\/es\/asistencia-tecnica\/\" \/>\n<meta property=\"og:site_name\" content=\"Sisgeo\" \/>\n<meta property=\"article:modified_time\" content=\"2024-05-16T10:38:05+00:00\" \/>\n<meta property=\"og:image\" content=\"https:\/\/sisgeo.com\/wp-content\/uploads\/2023\/09\/customer_care_sisgeo.jpg\" \/>\n<meta name=\"twitter:card\" content=\"summary_large_image\" \/>\n<meta name=\"twitter:label1\" content=\"Tiempo de lectura\" \/>\n\t<meta name=\"twitter:data1\" content=\"1 minuto\" \/>\n<script type=\"application\/ld+json\" class=\"yoast-schema-graph\">{\"@context\":\"https:\/\/schema.org\",\"@graph\":[{\"@type\":\"WebPage\",\"@id\":\"https:\/\/sisgeo.com\/es\/asistencia-tecnica\/\",\"url\":\"https:\/\/sisgeo.com\/es\/asistencia-tecnica\/\",\"name\":\"Asistencia - Sisgeo\",\"isPartOf\":{\"@id\":\"https:\/\/sisgeo.com\/es\/#website\"},\"primaryImageOfPage\":{\"@id\":\"https:\/\/sisgeo.com\/es\/asistencia-tecnica\/#primaryimage\"},\"image\":{\"@id\":\"https:\/\/sisgeo.com\/es\/asistencia-tecnica\/#primaryimage\"},\"thumbnailUrl\":\"https:\/\/sisgeo.com\/wp-content\/uploads\/2023\/09\/customer_care_sisgeo.jpg\",\"datePublished\":\"2023-04-17T11:08:39+00:00\",\"dateModified\":\"2024-05-16T10:38:05+00:00\",\"breadcrumb\":{\"@id\":\"https:\/\/sisgeo.com\/es\/asistencia-tecnica\/#breadcrumb\"},\"inLanguage\":\"es\",\"potentialAction\":[{\"@type\":\"ReadAction\",\"target\":[\"https:\/\/sisgeo.com\/es\/asistencia-tecnica\/\"]}]},{\"@type\":\"ImageObject\",\"inLanguage\":\"es\",\"@id\":\"https:\/\/sisgeo.com\/es\/asistencia-tecnica\/#primaryimage\",\"url\":\"https:\/\/sisgeo.com\/wp-content\/uploads\/2023\/09\/customer_care_sisgeo.jpg\",\"contentUrl\":\"https:\/\/sisgeo.com\/wp-content\/uploads\/2023\/09\/customer_care_sisgeo.jpg\"},{\"@type\":\"BreadcrumbList\",\"@id\":\"https:\/\/sisgeo.com\/es\/asistencia-tecnica\/#breadcrumb\",\"itemListElement\":[{\"@type\":\"ListItem\",\"position\":1,\"name\":\"Home\",\"item\":\"https:\/\/sisgeo.com\/es\/geotechnical-and-structural-instrumentation-for-shm\/\"},{\"@type\":\"ListItem\",\"position\":2,\"name\":\"Asistencia\"}]},{\"@type\":\"WebSite\",\"@id\":\"https:\/\/sisgeo.com\/es\/#website\",\"url\":\"https:\/\/sisgeo.com\/es\/\",\"name\":\"Sisgeo\",\"description\":\"Inclined to improvement\",\"publisher\":{\"@id\":\"https:\/\/sisgeo.com\/es\/#organization\"},\"potentialAction\":[{\"@type\":\"SearchAction\",\"target\":{\"@type\":\"EntryPoint\",\"urlTemplate\":\"https:\/\/sisgeo.com\/es\/?s={search_term_string}\"},\"query-input\":{\"@type\":\"PropertyValueSpecification\",\"valueRequired\":true,\"valueName\":\"search_term_string\"}}],\"inLanguage\":\"es\"},{\"@type\":\"Organization\",\"@id\":\"https:\/\/sisgeo.com\/es\/#organization\",\"name\":\"Sisgeo S.r.l.\",\"url\":\"https:\/\/sisgeo.com\/es\/\",\"logo\":{\"@type\":\"ImageObject\",\"inLanguage\":\"es\",\"@id\":\"https:\/\/sisgeo.com\/es\/#\/schema\/logo\/image\/\",\"url\":\"https:\/\/sisgeodev.pipehosting.it\/wp-content\/uploads\/2023\/06\/logo-RGB.png\",\"contentUrl\":\"https:\/\/sisgeodev.pipehosting.it\/wp-content\/uploads\/2023\/06\/logo-RGB.png\",\"width\":205,\"height\":97,\"caption\":\"Sisgeo S.r.l.\"},\"image\":{\"@id\":\"https:\/\/sisgeo.com\/es\/#\/schema\/logo\/image\/\"}}]}<\/script>\n<!-- \/ Yoast SEO Premium plugin. -->","yoast_head_json":{"title":"Asistencia - Sisgeo","robots":{"index":"index","follow":"follow","max-snippet":"max-snippet:-1","max-image-preview":"max-image-preview:large","max-video-preview":"max-video-preview:-1"},"canonical":"https:\/\/sisgeo.com\/es\/asistencia-tecnica\/","og_locale":"es_ES","og_type":"article","og_title":"Asistencia","og_description":"Ir al portal de asistencia Ir al portal de asistencia La Asistencia T\u00e9cnica de Sisgeo es gestionada por el Departamento de Atenci\u00f3n al Cliente a trav\u00e9s del portal web dedicado, a la cual se accede haciendo clic aqu\u00ed. Desde el portal web se pueden activar o gestionar los siguientes servicios: RMA para mantenimiento y\/o reparaci\u00f3n [&hellip;]","og_url":"https:\/\/sisgeo.com\/es\/asistencia-tecnica\/","og_site_name":"Sisgeo","article_modified_time":"2024-05-16T10:38:05+00:00","og_image":[{"url":"https:\/\/sisgeo.com\/wp-content\/uploads\/2023\/09\/customer_care_sisgeo.jpg","type":"","width":"","height":""}],"twitter_card":"summary_large_image","twitter_misc":{"Tiempo de lectura":"1 minuto"},"schema":{"@context":"https:\/\/schema.org","@graph":[{"@type":"WebPage","@id":"https:\/\/sisgeo.com\/es\/asistencia-tecnica\/","url":"https:\/\/sisgeo.com\/es\/asistencia-tecnica\/","name":"Asistencia - Sisgeo","isPartOf":{"@id":"https:\/\/sisgeo.com\/es\/#website"},"primaryImageOfPage":{"@id":"https:\/\/sisgeo.com\/es\/asistencia-tecnica\/#primaryimage"},"image":{"@id":"https:\/\/sisgeo.com\/es\/asistencia-tecnica\/#primaryimage"},"thumbnailUrl":"https:\/\/sisgeo.com\/wp-content\/uploads\/2023\/09\/customer_care_sisgeo.jpg","datePublished":"2023-04-17T11:08:39+00:00","dateModified":"2024-05-16T10:38:05+00:00","breadcrumb":{"@id":"https:\/\/sisgeo.com\/es\/asistencia-tecnica\/#breadcrumb"},"inLanguage":"es","potentialAction":[{"@type":"ReadAction","target":["https:\/\/sisgeo.com\/es\/asistencia-tecnica\/"]}]},{"@type":"ImageObject","inLanguage":"es","@id":"https:\/\/sisgeo.com\/es\/asistencia-tecnica\/#primaryimage","url":"https:\/\/sisgeo.com\/wp-content\/uploads\/2023\/09\/customer_care_sisgeo.jpg","contentUrl":"https:\/\/sisgeo.com\/wp-content\/uploads\/2023\/09\/customer_care_sisgeo.jpg"},{"@type":"BreadcrumbList","@id":"https:\/\/sisgeo.com\/es\/asistencia-tecnica\/#breadcrumb","itemListElement":[{"@type":"ListItem","position":1,"name":"Home","item":"https:\/\/sisgeo.com\/es\/geotechnical-and-structural-instrumentation-for-shm\/"},{"@type":"ListItem","position":2,"name":"Asistencia"}]},{"@type":"WebSite","@id":"https:\/\/sisgeo.com\/es\/#website","url":"https:\/\/sisgeo.com\/es\/","name":"Sisgeo","description":"Inclined to improvement","publisher":{"@id":"https:\/\/sisgeo.com\/es\/#organization"},"potentialAction":[{"@type":"SearchAction","target":{"@type":"EntryPoint","urlTemplate":"https:\/\/sisgeo.com\/es\/?s={search_term_string}"},"query-input":{"@type":"PropertyValueSpecification","valueRequired":true,"valueName":"search_term_string"}}],"inLanguage":"es"},{"@type":"Organization","@id":"https:\/\/sisgeo.com\/es\/#organization","name":"Sisgeo S.r.l.","url":"https:\/\/sisgeo.com\/es\/","logo":{"@type":"ImageObject","inLanguage":"es","@id":"https:\/\/sisgeo.com\/es\/#\/schema\/logo\/image\/","url":"https:\/\/sisgeodev.pipehosting.it\/wp-content\/uploads\/2023\/06\/logo-RGB.png","contentUrl":"https:\/\/sisgeodev.pipehosting.it\/wp-content\/uploads\/2023\/06\/logo-RGB.png","width":205,"height":97,"caption":"Sisgeo S.r.l."},"image":{"@id":"https:\/\/sisgeo.com\/es\/#\/schema\/logo\/image\/"}}]}},"_links":{"self":[{"href":"https:\/\/sisgeo.com\/es\/wp-json\/wp\/v2\/pages\/19955","targetHints":{"allow":["GET"]}}],"collection":[{"href":"https:\/\/sisgeo.com\/es\/wp-json\/wp\/v2\/pages"}],"about":[{"href":"https:\/\/sisgeo.com\/es\/wp-json\/wp\/v2\/types\/page"}],"author":[{"embeddable":true,"href":"https:\/\/sisgeo.com\/es\/wp-json\/wp\/v2\/users\/1"}],"replies":[{"embeddable":true,"href":"https:\/\/sisgeo.com\/es\/wp-json\/wp\/v2\/comments?post=19955"}],"version-history":[{"count":5,"href":"https:\/\/sisgeo.com\/es\/wp-json\/wp\/v2\/pages\/19955\/revisions"}],"predecessor-version":[{"id":25295,"href":"https:\/\/sisgeo.com\/es\/wp-json\/wp\/v2\/pages\/19955\/revisions\/25295"}],"wp:attachment":[{"href":"https:\/\/sisgeo.com\/es\/wp-json\/wp\/v2\/media?parent=19955"}],"wp:term":[{"taxonomy":"category","embeddable":true,"href":"https:\/\/sisgeo.com\/es\/wp-json\/wp\/v2\/categories?post=19955"},{"taxonomy":"post_tag","embeddable":true,"href":"https:\/\/sisgeo.com\/es\/wp-json\/wp\/v2\/tags?post=19955"}],"curies":[{"name":"wp","href":"https:\/\/api.w.org\/{rel}","templated":true}]}}