{"id":20007,"date":"2023-09-21T11:39:48","date_gmt":"2023-09-21T09:39:48","guid":{"rendered":"https:\/\/sisgeo.com\/descargas\/fichas-tecnicas\/"},"modified":"2025-05-08T11:24:06","modified_gmt":"2025-05-08T09:24:06","slug":"fichas-tecnicas","status":"publish","type":"page","link":"https:\/\/sisgeo.com\/es\/descargas\/fichas-tecnicas\/","title":{"rendered":"Fichas t\u00e9cnicas"},"content":{"rendered":"\t\t<div data-elementor-type=\"wp-page\" data-elementor-id=\"20007\" class=\"elementor elementor-20007 elementor-14221\" data-elementor-post-type=\"page\">\n\t\t\t\t<div class=\"elementor-element elementor-element-31b928f e-flex e-con-boxed e-con e-parent\" data-id=\"31b928f\" data-element_type=\"container\" data-e-type=\"container\">\n\t\t\t\t\t<div class=\"e-con-inner\">\n\t\t\t\t\t<\/div>\n\t\t\t\t<\/div>\n\t\t<div class=\"elementor-element elementor-element-1a5d818 e-flex e-con-boxed e-con e-parent\" data-id=\"1a5d818\" data-element_type=\"container\" data-e-type=\"container\">\n\t\t\t\t\t<div class=\"e-con-inner\">\n\t\t<div class=\"elementor-element elementor-element-a6b5d83 e-con-full e-flex e-con e-child\" data-id=\"a6b5d83\" data-element_type=\"container\" data-e-type=\"container\">\n\t\t\t\t<div class=\"elementor-element elementor-element-45d29ce pag elementor-widget elementor-widget-text-editor\" data-id=\"45d29ce\" data-element_type=\"widget\" data-e-type=\"widget\" data-widget_type=\"text-editor.default\">\n\t\t\t\t<div class=\"elementor-widget-container\">\n\t\t\t\t\t\t\t\t\t<p><a href=\"https:\/\/sisgeo.com\/es\/descargas\/fichas-tecnicas\/carcasas-de-inclinometros\/\">Carcasas de inclin\u00f3metros<\/a><\/p><p><a href=\"https:\/\/sisgeo.com\/es\/descargas\/fichas-tecnicas\/inclinometro-con-sonda-mems-brain\/\">Inclin\u00f3metro con sonda Mems B.R.A.IN<\/a><\/p><p><a href=\"https:\/\/sisgeo.com\/es\/descargas\/fichas-tecnicas\/inclinometros-in-situ-ipi\/\">Inclin\u00f3metros in situ IPI<\/a><\/p><p><a href=\"https:\/\/sisgeo.com\/es\/descargas\/fichas-tecnicas\/clinometros\/\">Clin\u00f3metros<\/a><\/p><p><a href=\"https:\/\/sisgeo.com\/es\/descargas\/fichas-tecnicas\/pendulos\/\">P\u00e9ndulos<\/a><\/p>\t\t\t\t\t\t\t\t<\/div>\n\t\t\t\t<\/div>\n\t\t\t\t<\/div>\n\t\t<div class=\"elementor-element elementor-element-e0e574a e-con-full e-flex e-con e-child\" data-id=\"e0e574a\" data-element_type=\"container\" data-e-type=\"container\">\n\t\t\t\t<div class=\"elementor-element elementor-element-ec24f99 pag elementor-widget elementor-widget-text-editor\" data-id=\"ec24f99\" data-element_type=\"widget\" data-e-type=\"widget\" data-widget_type=\"text-editor.default\">\n\t\t\t\t<div class=\"elementor-widget-container\">\n\t\t\t\t\t\t\t\t\t<p><a href=\"https:\/\/sisgeo.com\/es\/descargas\/fichas-tecnicas\/piezometros\/\">Piez\u00f3metros<\/a><\/p><p><a href=\"https:\/\/sisgeo.com\/es\/descargas\/fichas-tecnicas\/celulas-de-presion\/\">C\u00e9lulas de presi\u00f3n<\/a><\/p><p><a href=\"https:\/\/sisgeo.com\/es\/descargas\/fichas-tecnicas\/celdas-de-carga\/\">Celdas de carga<\/a><\/p><p><a href=\"https:\/\/sisgeo.com\/es\/descargas\/fichas-tecnicas\/medidores-de-asentamiento\/\">Medidores de asentamiento<\/a><\/p><p><a href=\"https:\/\/sisgeo.com\/es\/descargas\/fichas-tecnicas\/extensometros\/\">Extens\u00f3metros<\/a><\/p>\t\t\t\t\t\t\t\t<\/div>\n\t\t\t\t<\/div>\n\t\t\t\t<\/div>\n\t\t<div class=\"elementor-element elementor-element-26ec893 e-con-full e-flex e-con e-child\" data-id=\"26ec893\" data-element_type=\"container\" data-e-type=\"container\">\n\t\t\t\t<div class=\"elementor-element elementor-element-0b8facb pag elementor-widget elementor-widget-text-editor\" data-id=\"0b8facb\" data-element_type=\"widget\" data-e-type=\"widget\" data-widget_type=\"text-editor.default\">\n\t\t\t\t<div class=\"elementor-widget-container\">\n\t\t\t\t\t\t\t\t\t<p><a href=\"https:\/\/sisgeo.com\/es\/descargas\/fichas-tecnicas\/fisurometros-y-medidores-de-juntas\/\">Fisur\u00f3metros y medidores de juntas<\/a><\/p><p><a href=\"https:\/\/sisgeo.com\/es\/descargas\/fichas-tecnicas\/extensometros-de-cuerda-vibrante\/\">Extens\u00f3metros de cuerda vibrante (Strain Gauges)<\/a><\/p><p><a href=\"https:\/\/sisgeo.com\/es\/descargas\/fichas-tecnicas\/temperatura\/\">Temperatura<\/a><\/p><p><a href=\"https:\/\/sisgeo.com\/es\/descargas\/fichas-tecnicas\/cables\/\">Cables<\/a><\/p><p><a href=\"https:\/\/sisgeo.com\/es\/descargas\/fichas-tecnicas\/lectores-portatiles\/\">Lectores port\u00e1tiles<\/a><\/p>\t\t\t\t\t\t\t\t<\/div>\n\t\t\t\t<\/div>\n\t\t\t\t<\/div>\n\t\t<div class=\"elementor-element elementor-element-ac65170 e-con-full e-flex e-con e-child\" data-id=\"ac65170\" data-element_type=\"container\" data-e-type=\"container\">\n\t\t\t\t<div class=\"elementor-element elementor-element-8cf1eb0 pag elementor-widget elementor-widget-text-editor\" data-id=\"8cf1eb0\" data-element_type=\"widget\" data-e-type=\"widget\" data-widget_type=\"text-editor.default\">\n\t\t\t\t<div class=\"elementor-widget-container\">\n\t\t\t\t\t\t\t\t\t<p><a href=\"https:\/\/sisgeo.com\/es\/descargas\/fichas-tecnicas\/dataloggers\/\">Dataloggers<\/a><\/p><p><a href=\"https:\/\/sisgeo.com\/es\/descargas\/fichas-tecnicas\/plataforma-de-datos-web-aida\/\">Plataforma de datos web AIDA<\/a><\/p><p><a href=\"https:\/\/sisgeo.com\/es\/descargas\/fichas-tecnicas\/descontinuado\/\">Descontinuado<\/a><\/p>\t\t\t\t\t\t\t\t<\/div>\n\t\t\t\t<\/div>\n\t\t\t\t<\/div>\n\t\t\t\t\t<\/div>\n\t\t\t\t<\/div>\n\t\t\t\t<\/div>\n\t\t","protected":false},"excerpt":{"rendered":"<p>Carcasas de inclin\u00f3metros Inclin\u00f3metro con sonda Mems B.R.A.IN Inclin\u00f3metros in situ IPI Clin\u00f3metros P\u00e9ndulos Piez\u00f3metros C\u00e9lulas de presi\u00f3n Celdas de carga Medidores de asentamiento Extens\u00f3metros Fisur\u00f3metros y medidores de juntas Extens\u00f3metros de cuerda vibrante (Strain Gauges) Temperatura Cables Lectores port\u00e1tiles Dataloggers Plataforma de datos web AIDA Descontinuado<\/p>\n","protected":false},"author":1,"featured_media":0,"parent":19981,"menu_order":0,"comment_status":"closed","ping_status":"closed","template":"","meta":{"_acf_changed":false,"footnotes":""},"categories":[],"tags":[],"class_list":["post-20007","page","type-page","status-publish","hentry"],"acf":[],"yoast_head":"<!-- This site is optimized with the Yoast SEO Premium plugin v27.4 (Yoast SEO v27.4) - https:\/\/yoast.com\/product\/yoast-seo-premium-wordpress\/ -->\n<title>Fichas t\u00e9cnicas - Sisgeo<\/title>\n<meta name=\"robots\" content=\"index, follow, max-snippet:-1, max-image-preview:large, max-video-preview:-1\" \/>\n<link rel=\"canonical\" href=\"https:\/\/sisgeo.com\/es\/descargas\/fichas-tecnicas\/\" \/>\n<meta property=\"og:locale\" content=\"es_ES\" \/>\n<meta property=\"og:type\" content=\"article\" \/>\n<meta property=\"og:title\" content=\"Fichas t\u00e9cnicas\" \/>\n<meta property=\"og:description\" content=\"Carcasas de inclin\u00f3metros Inclin\u00f3metro con sonda Mems B.R.A.IN Inclin\u00f3metros in situ IPI Clin\u00f3metros P\u00e9ndulos Piez\u00f3metros C\u00e9lulas de presi\u00f3n Celdas de carga Medidores de asentamiento Extens\u00f3metros Fisur\u00f3metros y medidores de juntas Extens\u00f3metros de cuerda vibrante (Strain Gauges) Temperatura Cables Lectores port\u00e1tiles Dataloggers Plataforma de datos web AIDA Descontinuado\" \/>\n<meta property=\"og:url\" content=\"https:\/\/sisgeo.com\/es\/descargas\/fichas-tecnicas\/\" \/>\n<meta property=\"og:site_name\" content=\"Sisgeo\" \/>\n<meta property=\"article:modified_time\" content=\"2025-05-08T09:24:06+00:00\" \/>\n<meta name=\"twitter:card\" content=\"summary_large_image\" \/>\n<script type=\"application\/ld+json\" class=\"yoast-schema-graph\">{\"@context\":\"https:\\\/\\\/schema.org\",\"@graph\":[{\"@type\":\"WebPage\",\"@id\":\"https:\\\/\\\/sisgeo.com\\\/es\\\/descargas\\\/fichas-tecnicas\\\/\",\"url\":\"https:\\\/\\\/sisgeo.com\\\/es\\\/descargas\\\/fichas-tecnicas\\\/\",\"name\":\"Fichas t\u00e9cnicas - Sisgeo\",\"isPartOf\":{\"@id\":\"https:\\\/\\\/sisgeo.com\\\/es\\\/#website\"},\"datePublished\":\"2023-09-21T09:39:48+00:00\",\"dateModified\":\"2025-05-08T09:24:06+00:00\",\"breadcrumb\":{\"@id\":\"https:\\\/\\\/sisgeo.com\\\/es\\\/descargas\\\/fichas-tecnicas\\\/#breadcrumb\"},\"inLanguage\":\"es\",\"potentialAction\":[{\"@type\":\"ReadAction\",\"target\":[\"https:\\\/\\\/sisgeo.com\\\/es\\\/descargas\\\/fichas-tecnicas\\\/\"]}]},{\"@type\":\"BreadcrumbList\",\"@id\":\"https:\\\/\\\/sisgeo.com\\\/es\\\/descargas\\\/fichas-tecnicas\\\/#breadcrumb\",\"itemListElement\":[{\"@type\":\"ListItem\",\"position\":1,\"name\":\"Home\",\"item\":\"https:\\\/\\\/sisgeo.com\\\/es\\\/geotechnical-and-structural-instrumentation-for-shm\\\/\"},{\"@type\":\"ListItem\",\"position\":2,\"name\":\"\u00c1rea de descargas\",\"item\":\"https:\\\/\\\/sisgeo.com\\\/es\\\/descargas\\\/\"},{\"@type\":\"ListItem\",\"position\":3,\"name\":\"Fichas t\u00e9cnicas\"}]},{\"@type\":\"WebSite\",\"@id\":\"https:\\\/\\\/sisgeo.com\\\/es\\\/#website\",\"url\":\"https:\\\/\\\/sisgeo.com\\\/es\\\/\",\"name\":\"Sisgeo\",\"description\":\"Inclined to improvement\",\"publisher\":{\"@id\":\"https:\\\/\\\/sisgeo.com\\\/es\\\/#organization\"},\"potentialAction\":[{\"@type\":\"SearchAction\",\"target\":{\"@type\":\"EntryPoint\",\"urlTemplate\":\"https:\\\/\\\/sisgeo.com\\\/es\\\/?s={search_term_string}\"},\"query-input\":{\"@type\":\"PropertyValueSpecification\",\"valueRequired\":true,\"valueName\":\"search_term_string\"}}],\"inLanguage\":\"es\"},{\"@type\":\"Organization\",\"@id\":\"https:\\\/\\\/sisgeo.com\\\/es\\\/#organization\",\"name\":\"Sisgeo S.r.l.\",\"url\":\"https:\\\/\\\/sisgeo.com\\\/es\\\/\",\"logo\":{\"@type\":\"ImageObject\",\"inLanguage\":\"es\",\"@id\":\"https:\\\/\\\/sisgeo.com\\\/es\\\/#\\\/schema\\\/logo\\\/image\\\/\",\"url\":\"https:\\\/\\\/sisgeodev.pipehosting.it\\\/wp-content\\\/uploads\\\/2023\\\/06\\\/logo-RGB.png\",\"contentUrl\":\"https:\\\/\\\/sisgeodev.pipehosting.it\\\/wp-content\\\/uploads\\\/2023\\\/06\\\/logo-RGB.png\",\"width\":205,\"height\":97,\"caption\":\"Sisgeo S.r.l.\"},\"image\":{\"@id\":\"https:\\\/\\\/sisgeo.com\\\/es\\\/#\\\/schema\\\/logo\\\/image\\\/\"}}]}<\/script>\n<!-- \/ Yoast SEO Premium plugin. -->","yoast_head_json":{"title":"Fichas t\u00e9cnicas - Sisgeo","robots":{"index":"index","follow":"follow","max-snippet":"max-snippet:-1","max-image-preview":"max-image-preview:large","max-video-preview":"max-video-preview:-1"},"canonical":"https:\/\/sisgeo.com\/es\/descargas\/fichas-tecnicas\/","og_locale":"es_ES","og_type":"article","og_title":"Fichas t\u00e9cnicas","og_description":"Carcasas de inclin\u00f3metros Inclin\u00f3metro con sonda Mems B.R.A.IN Inclin\u00f3metros in situ IPI Clin\u00f3metros P\u00e9ndulos Piez\u00f3metros C\u00e9lulas de presi\u00f3n Celdas de carga Medidores de asentamiento Extens\u00f3metros Fisur\u00f3metros y medidores de juntas Extens\u00f3metros de cuerda vibrante (Strain Gauges) Temperatura Cables Lectores port\u00e1tiles Dataloggers Plataforma de datos web AIDA Descontinuado","og_url":"https:\/\/sisgeo.com\/es\/descargas\/fichas-tecnicas\/","og_site_name":"Sisgeo","article_modified_time":"2025-05-08T09:24:06+00:00","twitter_card":"summary_large_image","schema":{"@context":"https:\/\/schema.org","@graph":[{"@type":"WebPage","@id":"https:\/\/sisgeo.com\/es\/descargas\/fichas-tecnicas\/","url":"https:\/\/sisgeo.com\/es\/descargas\/fichas-tecnicas\/","name":"Fichas t\u00e9cnicas - Sisgeo","isPartOf":{"@id":"https:\/\/sisgeo.com\/es\/#website"},"datePublished":"2023-09-21T09:39:48+00:00","dateModified":"2025-05-08T09:24:06+00:00","breadcrumb":{"@id":"https:\/\/sisgeo.com\/es\/descargas\/fichas-tecnicas\/#breadcrumb"},"inLanguage":"es","potentialAction":[{"@type":"ReadAction","target":["https:\/\/sisgeo.com\/es\/descargas\/fichas-tecnicas\/"]}]},{"@type":"BreadcrumbList","@id":"https:\/\/sisgeo.com\/es\/descargas\/fichas-tecnicas\/#breadcrumb","itemListElement":[{"@type":"ListItem","position":1,"name":"Home","item":"https:\/\/sisgeo.com\/es\/geotechnical-and-structural-instrumentation-for-shm\/"},{"@type":"ListItem","position":2,"name":"\u00c1rea de descargas","item":"https:\/\/sisgeo.com\/es\/descargas\/"},{"@type":"ListItem","position":3,"name":"Fichas t\u00e9cnicas"}]},{"@type":"WebSite","@id":"https:\/\/sisgeo.com\/es\/#website","url":"https:\/\/sisgeo.com\/es\/","name":"Sisgeo","description":"Inclined to improvement","publisher":{"@id":"https:\/\/sisgeo.com\/es\/#organization"},"potentialAction":[{"@type":"SearchAction","target":{"@type":"EntryPoint","urlTemplate":"https:\/\/sisgeo.com\/es\/?s={search_term_string}"},"query-input":{"@type":"PropertyValueSpecification","valueRequired":true,"valueName":"search_term_string"}}],"inLanguage":"es"},{"@type":"Organization","@id":"https:\/\/sisgeo.com\/es\/#organization","name":"Sisgeo S.r.l.","url":"https:\/\/sisgeo.com\/es\/","logo":{"@type":"ImageObject","inLanguage":"es","@id":"https:\/\/sisgeo.com\/es\/#\/schema\/logo\/image\/","url":"https:\/\/sisgeodev.pipehosting.it\/wp-content\/uploads\/2023\/06\/logo-RGB.png","contentUrl":"https:\/\/sisgeodev.pipehosting.it\/wp-content\/uploads\/2023\/06\/logo-RGB.png","width":205,"height":97,"caption":"Sisgeo S.r.l."},"image":{"@id":"https:\/\/sisgeo.com\/es\/#\/schema\/logo\/image\/"}}]}},"_links":{"self":[{"href":"https:\/\/sisgeo.com\/es\/wp-json\/wp\/v2\/pages\/20007","targetHints":{"allow":["GET"]}}],"collection":[{"href":"https:\/\/sisgeo.com\/es\/wp-json\/wp\/v2\/pages"}],"about":[{"href":"https:\/\/sisgeo.com\/es\/wp-json\/wp\/v2\/types\/page"}],"author":[{"embeddable":true,"href":"https:\/\/sisgeo.com\/es\/wp-json\/wp\/v2\/users\/1"}],"replies":[{"embeddable":true,"href":"https:\/\/sisgeo.com\/es\/wp-json\/wp\/v2\/comments?post=20007"}],"version-history":[{"count":3,"href":"https:\/\/sisgeo.com\/es\/wp-json\/wp\/v2\/pages\/20007\/revisions"}],"predecessor-version":[{"id":28389,"href":"https:\/\/sisgeo.com\/es\/wp-json\/wp\/v2\/pages\/20007\/revisions\/28389"}],"up":[{"embeddable":true,"href":"https:\/\/sisgeo.com\/es\/wp-json\/wp\/v2\/pages\/19981"}],"wp:attachment":[{"href":"https:\/\/sisgeo.com\/es\/wp-json\/wp\/v2\/media?parent=20007"}],"wp:term":[{"taxonomy":"category","embeddable":true,"href":"https:\/\/sisgeo.com\/es\/wp-json\/wp\/v2\/categories?post=20007"},{"taxonomy":"post_tag","embeddable":true,"href":"https:\/\/sisgeo.com\/es\/wp-json\/wp\/v2\/tags?post=20007"}],"curies":[{"name":"wp","href":"https:\/\/api.w.org\/{rel}","templated":true}]}}