{"id":20025,"date":"2023-09-22T17:38:26","date_gmt":"2023-09-22T15:38:26","guid":{"rendered":"https:\/\/sisgeo.com\/descargas\/fichas-tecnicas\/fisurometros-y-medidores-de-juntas\/"},"modified":"2024-03-20T11:43:34","modified_gmt":"2024-03-20T10:43:34","slug":"fisurometros-y-medidores-de-juntas","status":"publish","type":"page","link":"https:\/\/sisgeo.com\/es\/descargas\/fichas-tecnicas\/fisurometros-y-medidores-de-juntas\/","title":{"rendered":"Fisur\u00f3metros y medidores de juntas"},"content":{"rendered":"\t\t<div data-elementor-type=\"wp-page\" data-elementor-id=\"20025\" class=\"elementor elementor-20025 elementor-15142\" data-elementor-post-type=\"page\">\n\t\t\t\t<div class=\"elementor-element elementor-element-cb5d006 e-flex e-con-boxed e-con e-parent\" data-id=\"cb5d006\" data-element_type=\"container\" data-e-type=\"container\">\n\t\t\t\t\t<div class=\"e-con-inner\">\n\t\t\t\t\t<\/div>\n\t\t\t\t<\/div>\n\t\t<div class=\"elementor-element elementor-element-a508917 normali e-flex e-con-boxed e-con e-parent\" data-id=\"a508917\" data-element_type=\"container\" data-e-type=\"container\">\n\t\t\t\t\t<div class=\"e-con-inner\">\n\t\t\t\t<div class=\"elementor-element elementor-element-bc9f539 elementor-widget elementor-widget-text-editor\" data-id=\"bc9f539\" data-element_type=\"widget\" data-e-type=\"widget\" data-widget_type=\"text-editor.default\">\n\t\t\t\t<div class=\"elementor-widget-container\">\n\t\t\t\t\t\t\t\t\t<p>Medidores de juntas mec\u00e1nicos<\/p>\n\t\t\t\t\t\t\t\t<\/div>\n\t\t\t\t<\/div>\n\t\t<!-- dce invisible element 0f06bbf --><!-- dce invisible element ffb4ea6 -->\t\t<div class=\"elementor-element elementor-element-ce27105 elementor-widget elementor-widget-dce-filebrowser\" data-id=\"ce27105\" data-element_type=\"widget\" data-e-type=\"widget\" data-settings=\"{&quot;enabled_visibility&quot;:&quot;yes&quot;,&quot;dce_visibility_selected&quot;:&quot;yes&quot;}\" data-widget_type=\"dce-filebrowser.default\">\n\t\t\t\t<div class=\"elementor-widget-container\">\n\t\t\t\t\t<ul class=\"list-unstyled dce-list dce-list-root\"><li class=\"file ext-pdf\"><a class=\"block btn-block dce-file-download\" href=\"https:\/\/sisgeo.com\/wp-content\/uploads\/Prodotti\/Crackmeters%20and%20Joint%20meters\/Mechanical%20crackmeters\/ES\/Datasheet\/D310_ES_07_fisurometros_mecanicos.pdf\" target=\"_blank\" data-md5=\"c314c8d464ad6e4c7d5254f111f7a46d\" data-original-name=\"D310_ES_07_fisurometros_mecanicos.pdf\"><span class=\"middle fiv-viv fiv-icon-pdf\"><\/span><span class=\"dce-file-text\"><strong class=\"dce-file-title\">D310_ES_07_fisurometros_mecanicos<\/strong><\/span><\/a><\/li><\/ul>\t\t\t\t<\/div>\n\t\t\t\t<\/div>\n\t\t\t\t\t<\/div>\n\t\t\t\t<\/div>\n\t\t<div class=\"elementor-element elementor-element-2d23870 normali e-flex e-con-boxed e-con e-parent\" data-id=\"2d23870\" data-element_type=\"container\" data-e-type=\"container\">\n\t\t\t\t\t<div class=\"e-con-inner\">\n\t\t\t\t<div class=\"elementor-element elementor-element-4cbcff5 elementor-widget elementor-widget-text-editor\" data-id=\"4cbcff5\" data-element_type=\"widget\" data-e-type=\"widget\" data-widget_type=\"text-editor.default\">\n\t\t\t\t<div class=\"elementor-widget-container\">\n\t\t\t\t\t\t\t\t\t<p>Fisur\u00f3metros y medidores de juntas<\/p>\n\t\t\t\t\t\t\t\t<\/div>\n\t\t\t\t<\/div>\n\t\t<!-- dce invisible element 064e7ba --><!-- dce invisible element 7f7a771 -->\t\t<div class=\"elementor-element elementor-element-91a888d elementor-widget elementor-widget-dce-filebrowser\" data-id=\"91a888d\" data-element_type=\"widget\" data-e-type=\"widget\" data-settings=\"{&quot;enabled_visibility&quot;:&quot;yes&quot;,&quot;dce_visibility_selected&quot;:&quot;yes&quot;}\" data-widget_type=\"dce-filebrowser.default\">\n\t\t\t\t<div class=\"elementor-widget-container\">\n\t\t\t\t\t<ul class=\"list-unstyled dce-list dce-list-root\"><li class=\"file ext-pdf\"><a class=\"block btn-block dce-file-download\" href=\"https:\/\/sisgeo.com\/wp-content\/uploads\/Prodotti\/Crackmeters%20and%20Joint%20meters\/Electrical%20Crackmeters%20and%20Jointmeters\/ES\/Datasheet\/D313_ES_14_fisurometros_electricos.pdf\" target=\"_blank\" data-md5=\"37c9eb6a489aee52518369f671fcce44\" data-original-name=\"D313_ES_14_fisurometros_electricos.pdf\"><span class=\"middle fiv-viv fiv-icon-pdf\"><\/span><span class=\"dce-file-text\"><strong class=\"dce-file-title\">D313_ES_14_fisurometros_electricos<\/strong><\/span><\/a><\/li><\/ul>\t\t\t\t<\/div>\n\t\t\t\t<\/div>\n\t\t\t\t\t<\/div>\n\t\t\t\t<\/div>\n\t\t<div class=\"elementor-element elementor-element-fcd4bc6 normali e-flex e-con-boxed e-con e-parent\" data-id=\"fcd4bc6\" data-element_type=\"container\" data-e-type=\"container\">\n\t\t\t\t\t<div class=\"e-con-inner\">\n\t\t\t\t<div class=\"elementor-element elementor-element-4403f40 elementor-widget elementor-widget-text-editor\" data-id=\"4403f40\" data-element_type=\"widget\" data-e-type=\"widget\" data-widget_type=\"text-editor.default\">\n\t\t\t\t<div class=\"elementor-widget-container\">\n\t\t\t\t\t\t\t\t\t<p>Deformimetros de hilo<\/p>\n\t\t\t\t\t\t\t\t<\/div>\n\t\t\t\t<\/div>\n\t\t<!-- dce invisible element 5d8ebd6 --><!-- dce invisible element e771a3f -->\t\t<div class=\"elementor-element elementor-element-f48183c elementor-widget elementor-widget-dce-filebrowser\" data-id=\"f48183c\" data-element_type=\"widget\" data-e-type=\"widget\" data-settings=\"{&quot;enabled_visibility&quot;:&quot;yes&quot;,&quot;dce_visibility_selected&quot;:&quot;yes&quot;}\" data-widget_type=\"dce-filebrowser.default\">\n\t\t\t\t<div class=\"elementor-widget-container\">\n\t\t\t\t\t<ul class=\"list-unstyled dce-list dce-list-root\"><li class=\"file ext-pdf\"><a class=\"block btn-block dce-file-download\" href=\"https:\/\/sisgeo.com\/wp-content\/uploads\/Prodotti\/Crackmeters%20and%20Joint%20meters\/Wire%20Deformeters\/ES\/Datasheet\/D300F_ES_04_deformimetros_de_hilos.pdf\" target=\"_blank\" data-md5=\"c35a7ef61dfc387ab5c4787ebadaf5ad\" data-original-name=\"D300F_ES_04_deformimetros_de_hilos.pdf\"><span class=\"middle fiv-viv fiv-icon-pdf\"><\/span><span class=\"dce-file-text\"><strong class=\"dce-file-title\">D300F_ES_04_deformimetros_de_hilos<\/strong><\/span><\/a><\/li><\/ul>\t\t\t\t<\/div>\n\t\t\t\t<\/div>\n\t\t\t\t\t<\/div>\n\t\t\t\t<\/div>\n\t\t<div class=\"elementor-element elementor-element-e1adc36 normali e-flex e-con-boxed e-con e-parent\" data-id=\"e1adc36\" data-element_type=\"container\" data-e-type=\"container\">\n\t\t\t\t\t<div class=\"e-con-inner\">\n\t\t\t\t<div class=\"elementor-element elementor-element-0f49181 elementor-widget elementor-widget-text-editor\" data-id=\"0f49181\" data-element_type=\"widget\" data-e-type=\"widget\" data-widget_type=\"text-editor.default\">\n\t\t\t\t<div class=\"elementor-widget-container\">\n\t\t\t\t\t\t\t\t\t<p>Extens\u00f3metro a hilo<\/p>\n\t\t\t\t\t\t\t\t<\/div>\n\t\t\t\t<\/div>\n\t\t<!-- dce invisible element 9516b0f --><!-- dce invisible element e3ae3af -->\t\t<div class=\"elementor-element elementor-element-fdaaeab elementor-widget elementor-widget-dce-filebrowser\" data-id=\"fdaaeab\" data-element_type=\"widget\" data-e-type=\"widget\" data-settings=\"{&quot;enabled_visibility&quot;:&quot;yes&quot;,&quot;dce_visibility_selected&quot;:&quot;yes&quot;}\" data-widget_type=\"dce-filebrowser.default\">\n\t\t\t\t<div class=\"elementor-widget-container\">\n\t\t\t\t\t<ul class=\"list-unstyled dce-list dce-list-root\"><li class=\"file ext-pdf\"><a class=\"block btn-block dce-file-download\" href=\"https:\/\/sisgeo.com\/wp-content\/uploads\/Prodotti\/Crackmeters%20and%20Joint%20meters\/Wire%20Crackmeters\/ES\/Datasheet\/D241_ESP_02_extensometro_a_hilo.pdf\" target=\"_blank\" data-md5=\"4da9dc8cf7a277e116ed27ec9fc920a9\" data-original-name=\"D241_ESP_02_extensometro_a_hilo.pdf\"><span class=\"middle fiv-viv fiv-icon-pdf\"><\/span><span class=\"dce-file-text\"><strong class=\"dce-file-title\">D241_ESP_02_extensometro_a_hilo<\/strong><\/span><\/a><\/li><\/ul>\t\t\t\t<\/div>\n\t\t\t\t<\/div>\n\t\t\t\t\t<\/div>\n\t\t\t\t<\/div>\n\t\t<div class=\"elementor-element elementor-element-909cf93 normali e-flex e-con-boxed e-con e-parent\" data-id=\"909cf93\" data-element_type=\"container\" data-e-type=\"container\">\n\t\t\t\t\t<div class=\"e-con-inner\">\n\t\t\t\t<div class=\"elementor-element elementor-element-f671783 elementor-widget elementor-widget-text-editor\" data-id=\"f671783\" data-element_type=\"widget\" data-e-type=\"widget\" data-widget_type=\"text-editor.default\">\n\t\t\t\t<div class=\"elementor-widget-container\">\n\t\t\t\t\t\t\t\t\t<p>Medidores de juntas para hormig\u00f3n<\/p>\n\t\t\t\t\t\t\t\t<\/div>\n\t\t\t\t<\/div>\n\t\t<!-- dce invisible element 2cbfd29 --><!-- dce invisible element 78271d4 -->\t\t<div class=\"elementor-element elementor-element-1d1e048 elementor-widget elementor-widget-dce-filebrowser\" data-id=\"1d1e048\" data-element_type=\"widget\" data-e-type=\"widget\" data-settings=\"{&quot;enabled_visibility&quot;:&quot;yes&quot;,&quot;dce_visibility_selected&quot;:&quot;yes&quot;}\" data-widget_type=\"dce-filebrowser.default\">\n\t\t\t\t<div class=\"elementor-widget-container\">\n\t\t\t\t\t<ul class=\"list-unstyled dce-list dce-list-root\"><li class=\"file ext-pdf\"><a class=\"block btn-block dce-file-download\" href=\"https:\/\/sisgeo.com\/wp-content\/uploads\/Prodotti\/Crackmeters%20and%20Joint%20meters\/Embedment%20Jointmeters\/ES\/Datasheet\/D314_ES_01_medidores_de_junta_embebidos.pdf\" target=\"_blank\" data-md5=\"2fcfbb6669419d1731cd740a1568c539\" data-original-name=\"D314_ES_01_medidores_de_junta_embebidos.pdf\"><span class=\"middle fiv-viv fiv-icon-pdf\"><\/span><span class=\"dce-file-text\"><strong class=\"dce-file-title\">D314_ES_01_medidores_de_junta_embebidos<\/strong><\/span><\/a><\/li><\/ul>\t\t\t\t<\/div>\n\t\t\t\t<\/div>\n\t\t\t\t\t<\/div>\n\t\t\t\t<\/div>\n\t\t\t\t<\/div>\n\t\t","protected":false},"excerpt":{"rendered":"<p>Medidores de juntas mec\u00e1nicos D310_EN_07_mechanical_jointmeters D310_FR_07_fissurometres_mecaniques D310_ES_07_fisurometros_mecanicos Fisur\u00f3metros y medidores de juntas D313_EN_16_electrical_and_vibrating_wire_crackmeters D313_FR_16_fissurometres_electriques_et_a_corde_vibrante D313_ES_14_fisurometros_electricos Deformimetros de hilo D300F_EN_04_Wire_deformeters D300F_FR_04_deformetres_a_fil D300F_ES_04_deformimetros_de_hilos Extens\u00f3metro a hilo D241_EN_03_wire_crackmeter_wire_extensometer D241_FR_03_fissurometre_a_fil_longue_base D241_ESP_02_extensometro_a_hilo Medidores de juntas para hormig\u00f3n D314_EN_01_embedment_jointmeter D314_FR_01_embedment_jointmeters_1 D314_ES_01_medidores_de_junta_embebidos<\/p>\n","protected":false},"author":1,"featured_media":0,"parent":20007,"menu_order":0,"comment_status":"closed","ping_status":"closed","template":"","meta":{"footnotes":""},"categories":[],"tags":[],"class_list":["post-20025","page","type-page","status-publish","hentry"],"yoast_head":"<!-- This site is optimized with the Yoast SEO Premium plugin v27.2 (Yoast SEO v27.2) - https:\/\/yoast.com\/product\/yoast-seo-premium-wordpress\/ -->\n<title>Fisur\u00f3metros y medidores de juntas - Sisgeo<\/title>\n<meta name=\"robots\" content=\"index, follow, max-snippet:-1, max-image-preview:large, max-video-preview:-1\" \/>\n<link rel=\"canonical\" href=\"https:\/\/sisgeo.com\/es\/descargas\/fichas-tecnicas\/fisurometros-y-medidores-de-juntas\/\" \/>\n<meta property=\"og:locale\" content=\"es_ES\" \/>\n<meta property=\"og:type\" content=\"article\" \/>\n<meta property=\"og:title\" content=\"Fisur\u00f3metros y medidores de juntas\" \/>\n<meta property=\"og:description\" content=\"Medidores de juntas mec\u00e1nicos D310_EN_07_mechanical_jointmeters D310_FR_07_fissurometres_mecaniques D310_ES_07_fisurometros_mecanicos Fisur\u00f3metros y medidores de juntas D313_EN_16_electrical_and_vibrating_wire_crackmeters D313_FR_16_fissurometres_electriques_et_a_corde_vibrante D313_ES_14_fisurometros_electricos Deformimetros de hilo D300F_EN_04_Wire_deformeters D300F_FR_04_deformetres_a_fil D300F_ES_04_deformimetros_de_hilos Extens\u00f3metro a hilo D241_EN_03_wire_crackmeter_wire_extensometer D241_FR_03_fissurometre_a_fil_longue_base D241_ESP_02_extensometro_a_hilo Medidores de juntas para hormig\u00f3n D314_EN_01_embedment_jointmeter D314_FR_01_embedment_jointmeters_1 D314_ES_01_medidores_de_junta_embebidos\" \/>\n<meta property=\"og:url\" content=\"https:\/\/sisgeo.com\/es\/descargas\/fichas-tecnicas\/fisurometros-y-medidores-de-juntas\/\" \/>\n<meta property=\"og:site_name\" content=\"Sisgeo\" \/>\n<meta property=\"article:modified_time\" content=\"2024-03-20T10:43:34+00:00\" \/>\n<meta name=\"twitter:card\" content=\"summary_large_image\" \/>\n<meta name=\"twitter:label1\" content=\"Tiempo de lectura\" \/>\n\t<meta name=\"twitter:data1\" content=\"1 minuto\" \/>\n<script type=\"application\/ld+json\" class=\"yoast-schema-graph\">{\"@context\":\"https:\/\/schema.org\",\"@graph\":[{\"@type\":\"WebPage\",\"@id\":\"https:\/\/sisgeo.com\/es\/descargas\/fichas-tecnicas\/fisurometros-y-medidores-de-juntas\/\",\"url\":\"https:\/\/sisgeo.com\/es\/descargas\/fichas-tecnicas\/fisurometros-y-medidores-de-juntas\/\",\"name\":\"Fisur\u00f3metros y medidores de juntas - Sisgeo\",\"isPartOf\":{\"@id\":\"https:\/\/sisgeo.com\/es\/#website\"},\"datePublished\":\"2023-09-22T15:38:26+00:00\",\"dateModified\":\"2024-03-20T10:43:34+00:00\",\"breadcrumb\":{\"@id\":\"https:\/\/sisgeo.com\/es\/descargas\/fichas-tecnicas\/fisurometros-y-medidores-de-juntas\/#breadcrumb\"},\"inLanguage\":\"es\",\"potentialAction\":[{\"@type\":\"ReadAction\",\"target\":[\"https:\/\/sisgeo.com\/es\/descargas\/fichas-tecnicas\/fisurometros-y-medidores-de-juntas\/\"]}]},{\"@type\":\"BreadcrumbList\",\"@id\":\"https:\/\/sisgeo.com\/es\/descargas\/fichas-tecnicas\/fisurometros-y-medidores-de-juntas\/#breadcrumb\",\"itemListElement\":[{\"@type\":\"ListItem\",\"position\":1,\"name\":\"Home\",\"item\":\"https:\/\/sisgeo.com\/es\/geotechnical-and-structural-instrumentation-for-shm\/\"},{\"@type\":\"ListItem\",\"position\":2,\"name\":\"\u00c1rea de descargas\",\"item\":\"https:\/\/sisgeo.com\/es\/descargas\/\"},{\"@type\":\"ListItem\",\"position\":3,\"name\":\"Fichas t\u00e9cnicas\",\"item\":\"https:\/\/sisgeo.com\/es\/descargas\/fichas-tecnicas\/\"},{\"@type\":\"ListItem\",\"position\":4,\"name\":\"Fisur\u00f3metros y medidores de juntas\"}]},{\"@type\":\"WebSite\",\"@id\":\"https:\/\/sisgeo.com\/es\/#website\",\"url\":\"https:\/\/sisgeo.com\/es\/\",\"name\":\"Sisgeo\",\"description\":\"Inclined to improvement\",\"publisher\":{\"@id\":\"https:\/\/sisgeo.com\/es\/#organization\"},\"potentialAction\":[{\"@type\":\"SearchAction\",\"target\":{\"@type\":\"EntryPoint\",\"urlTemplate\":\"https:\/\/sisgeo.com\/es\/?s={search_term_string}\"},\"query-input\":{\"@type\":\"PropertyValueSpecification\",\"valueRequired\":true,\"valueName\":\"search_term_string\"}}],\"inLanguage\":\"es\"},{\"@type\":\"Organization\",\"@id\":\"https:\/\/sisgeo.com\/es\/#organization\",\"name\":\"Sisgeo S.r.l.\",\"url\":\"https:\/\/sisgeo.com\/es\/\",\"logo\":{\"@type\":\"ImageObject\",\"inLanguage\":\"es\",\"@id\":\"https:\/\/sisgeo.com\/es\/#\/schema\/logo\/image\/\",\"url\":\"https:\/\/sisgeodev.pipehosting.it\/wp-content\/uploads\/2023\/06\/logo-RGB.png\",\"contentUrl\":\"https:\/\/sisgeodev.pipehosting.it\/wp-content\/uploads\/2023\/06\/logo-RGB.png\",\"width\":205,\"height\":97,\"caption\":\"Sisgeo S.r.l.\"},\"image\":{\"@id\":\"https:\/\/sisgeo.com\/es\/#\/schema\/logo\/image\/\"}}]}<\/script>\n<!-- \/ Yoast SEO Premium plugin. -->","yoast_head_json":{"title":"Fisur\u00f3metros y medidores de juntas - Sisgeo","robots":{"index":"index","follow":"follow","max-snippet":"max-snippet:-1","max-image-preview":"max-image-preview:large","max-video-preview":"max-video-preview:-1"},"canonical":"https:\/\/sisgeo.com\/es\/descargas\/fichas-tecnicas\/fisurometros-y-medidores-de-juntas\/","og_locale":"es_ES","og_type":"article","og_title":"Fisur\u00f3metros y medidores de juntas","og_description":"Medidores de juntas mec\u00e1nicos D310_EN_07_mechanical_jointmeters D310_FR_07_fissurometres_mecaniques D310_ES_07_fisurometros_mecanicos Fisur\u00f3metros y medidores de juntas D313_EN_16_electrical_and_vibrating_wire_crackmeters D313_FR_16_fissurometres_electriques_et_a_corde_vibrante D313_ES_14_fisurometros_electricos Deformimetros de hilo D300F_EN_04_Wire_deformeters D300F_FR_04_deformetres_a_fil D300F_ES_04_deformimetros_de_hilos Extens\u00f3metro a hilo D241_EN_03_wire_crackmeter_wire_extensometer D241_FR_03_fissurometre_a_fil_longue_base D241_ESP_02_extensometro_a_hilo Medidores de juntas para hormig\u00f3n D314_EN_01_embedment_jointmeter D314_FR_01_embedment_jointmeters_1 D314_ES_01_medidores_de_junta_embebidos","og_url":"https:\/\/sisgeo.com\/es\/descargas\/fichas-tecnicas\/fisurometros-y-medidores-de-juntas\/","og_site_name":"Sisgeo","article_modified_time":"2024-03-20T10:43:34+00:00","twitter_card":"summary_large_image","twitter_misc":{"Tiempo de lectura":"1 minuto"},"schema":{"@context":"https:\/\/schema.org","@graph":[{"@type":"WebPage","@id":"https:\/\/sisgeo.com\/es\/descargas\/fichas-tecnicas\/fisurometros-y-medidores-de-juntas\/","url":"https:\/\/sisgeo.com\/es\/descargas\/fichas-tecnicas\/fisurometros-y-medidores-de-juntas\/","name":"Fisur\u00f3metros y medidores de juntas - Sisgeo","isPartOf":{"@id":"https:\/\/sisgeo.com\/es\/#website"},"datePublished":"2023-09-22T15:38:26+00:00","dateModified":"2024-03-20T10:43:34+00:00","breadcrumb":{"@id":"https:\/\/sisgeo.com\/es\/descargas\/fichas-tecnicas\/fisurometros-y-medidores-de-juntas\/#breadcrumb"},"inLanguage":"es","potentialAction":[{"@type":"ReadAction","target":["https:\/\/sisgeo.com\/es\/descargas\/fichas-tecnicas\/fisurometros-y-medidores-de-juntas\/"]}]},{"@type":"BreadcrumbList","@id":"https:\/\/sisgeo.com\/es\/descargas\/fichas-tecnicas\/fisurometros-y-medidores-de-juntas\/#breadcrumb","itemListElement":[{"@type":"ListItem","position":1,"name":"Home","item":"https:\/\/sisgeo.com\/es\/geotechnical-and-structural-instrumentation-for-shm\/"},{"@type":"ListItem","position":2,"name":"\u00c1rea de descargas","item":"https:\/\/sisgeo.com\/es\/descargas\/"},{"@type":"ListItem","position":3,"name":"Fichas t\u00e9cnicas","item":"https:\/\/sisgeo.com\/es\/descargas\/fichas-tecnicas\/"},{"@type":"ListItem","position":4,"name":"Fisur\u00f3metros y medidores de juntas"}]},{"@type":"WebSite","@id":"https:\/\/sisgeo.com\/es\/#website","url":"https:\/\/sisgeo.com\/es\/","name":"Sisgeo","description":"Inclined to improvement","publisher":{"@id":"https:\/\/sisgeo.com\/es\/#organization"},"potentialAction":[{"@type":"SearchAction","target":{"@type":"EntryPoint","urlTemplate":"https:\/\/sisgeo.com\/es\/?s={search_term_string}"},"query-input":{"@type":"PropertyValueSpecification","valueRequired":true,"valueName":"search_term_string"}}],"inLanguage":"es"},{"@type":"Organization","@id":"https:\/\/sisgeo.com\/es\/#organization","name":"Sisgeo S.r.l.","url":"https:\/\/sisgeo.com\/es\/","logo":{"@type":"ImageObject","inLanguage":"es","@id":"https:\/\/sisgeo.com\/es\/#\/schema\/logo\/image\/","url":"https:\/\/sisgeodev.pipehosting.it\/wp-content\/uploads\/2023\/06\/logo-RGB.png","contentUrl":"https:\/\/sisgeodev.pipehosting.it\/wp-content\/uploads\/2023\/06\/logo-RGB.png","width":205,"height":97,"caption":"Sisgeo S.r.l."},"image":{"@id":"https:\/\/sisgeo.com\/es\/#\/schema\/logo\/image\/"}}]}},"_links":{"self":[{"href":"https:\/\/sisgeo.com\/es\/wp-json\/wp\/v2\/pages\/20025","targetHints":{"allow":["GET"]}}],"collection":[{"href":"https:\/\/sisgeo.com\/es\/wp-json\/wp\/v2\/pages"}],"about":[{"href":"https:\/\/sisgeo.com\/es\/wp-json\/wp\/v2\/types\/page"}],"author":[{"embeddable":true,"href":"https:\/\/sisgeo.com\/es\/wp-json\/wp\/v2\/users\/1"}],"replies":[{"embeddable":true,"href":"https:\/\/sisgeo.com\/es\/wp-json\/wp\/v2\/comments?post=20025"}],"version-history":[{"count":2,"href":"https:\/\/sisgeo.com\/es\/wp-json\/wp\/v2\/pages\/20025\/revisions"}],"predecessor-version":[{"id":24621,"href":"https:\/\/sisgeo.com\/es\/wp-json\/wp\/v2\/pages\/20025\/revisions\/24621"}],"up":[{"embeddable":true,"href":"https:\/\/sisgeo.com\/es\/wp-json\/wp\/v2\/pages\/20007"}],"wp:attachment":[{"href":"https:\/\/sisgeo.com\/es\/wp-json\/wp\/v2\/media?parent=20025"}],"wp:term":[{"taxonomy":"category","embeddable":true,"href":"https:\/\/sisgeo.com\/es\/wp-json\/wp\/v2\/categories?post=20025"},{"taxonomy":"post_tag","embeddable":true,"href":"https:\/\/sisgeo.com\/es\/wp-json\/wp\/v2\/tags?post=20025"}],"curies":[{"name":"wp","href":"https:\/\/api.w.org\/{rel}","templated":true}]}}