{"id":20044,"date":"2023-09-22T09:52:25","date_gmt":"2023-09-22T07:52:25","guid":{"rendered":"https:\/\/sisgeo.com\/descargas\/fichas-tecnicas\/extensometros\/"},"modified":"2025-01-20T09:47:25","modified_gmt":"2025-01-20T08:47:25","slug":"extensometros","status":"publish","type":"page","link":"https:\/\/sisgeo.com\/es\/descargas\/fichas-tecnicas\/extensometros\/","title":{"rendered":"Extens\u00f3metros"},"content":{"rendered":"\t\t<div data-elementor-type=\"wp-page\" data-elementor-id=\"20044\" class=\"elementor elementor-20044 elementor-14768\" data-elementor-post-type=\"page\">\n\t\t\t\t<div class=\"elementor-element elementor-element-cb5d006 e-flex e-con-boxed e-con e-parent\" data-id=\"cb5d006\" data-element_type=\"container\" data-e-type=\"container\">\n\t\t\t\t\t<div class=\"e-con-inner\">\n\t\t\t\t\t<\/div>\n\t\t\t\t<\/div>\n\t\t<div class=\"elementor-element elementor-element-a508917 normali e-flex e-con-boxed e-con e-parent\" data-id=\"a508917\" data-element_type=\"container\" data-e-type=\"container\">\n\t\t\t\t\t<div class=\"e-con-inner\">\n\t\t\t\t<div class=\"elementor-element elementor-element-bc9f539 elementor-widget elementor-widget-text-editor\" data-id=\"bc9f539\" data-element_type=\"widget\" data-e-type=\"widget\" data-widget_type=\"text-editor.default\">\n\t\t\t\t<div class=\"elementor-widget-container\">\n\t\t\t\t\t\t\t\t\t<p>MPBX &#8211; Extens\u00f3metros de varilla<\/p>\n\t\t\t\t\t\t\t\t<\/div>\n\t\t\t\t<\/div>\n\t\t<!-- dce invisible element 0f06bbf --><!-- dce invisible element ffb4ea6 -->\t\t<div class=\"elementor-element elementor-element-ce27105 elementor-widget elementor-widget-dce-filebrowser\" data-id=\"ce27105\" data-element_type=\"widget\" data-e-type=\"widget\" data-settings=\"{&quot;enabled_visibility&quot;:&quot;yes&quot;,&quot;dce_visibility_selected&quot;:&quot;yes&quot;}\" data-widget_type=\"dce-filebrowser.default\">\n\t\t\t\t<div class=\"elementor-widget-container\">\n\t\t\t\t\t<ul class=\"list-unstyled dce-list dce-list-root\"><li class=\"file ext-pdf\"><a class=\"block btn-block dce-file-download\" href=\"https:\/\/sisgeo.com\/wp-content\/uploads\/Prodotti\/Extensometers\/MPBX%20-%20Multipoint%20Borehole%20Extensometers\/ES\/Datasheet\/D222_EN_12_MPBX_borehole_rod_extensometer.pdf\" target=\"_blank\" data-md5=\"31643ab47c2fd19ed5c074571e009ce7\" data-original-name=\"D222_EN_12_MPBX_borehole_rod_extensometer.pdf\"><span class=\"middle fiv-viv fiv-icon-pdf\"><\/span><span class=\"dce-file-text\"><strong class=\"dce-file-title\">D222_EN_12_MPBX_borehole_rod_extensometer<\/strong><\/span><\/a><\/li><\/ul>\t\t\t\t<\/div>\n\t\t\t\t<\/div>\n\t\t\t\t\t<\/div>\n\t\t\t\t<\/div>\n\t\t<div class=\"elementor-element elementor-element-2d23870 normali e-flex e-con-boxed e-con e-parent\" data-id=\"2d23870\" data-element_type=\"container\" data-e-type=\"container\">\n\t\t\t\t\t<div class=\"e-con-inner\">\n\t\t\t\t<div class=\"elementor-element elementor-element-4cbcff5 elementor-widget elementor-widget-text-editor\" data-id=\"4cbcff5\" data-element_type=\"widget\" data-e-type=\"widget\" data-widget_type=\"text-editor.default\">\n\t\t\t\t<div class=\"elementor-widget-container\">\n\t\t\t\t\t\t\t\t\t<p>Extens\u00f3metros miniaturizados multipunto MEXID<\/p>\n\t\t\t\t\t\t\t\t<\/div>\n\t\t\t\t<\/div>\n\t\t<!-- dce invisible element 064e7ba --><!-- dce invisible element 91a888d -->\t\t<div class=\"elementor-element elementor-element-7f7a771 elementor-widget elementor-widget-dce-filebrowser\" data-id=\"7f7a771\" data-element_type=\"widget\" data-e-type=\"widget\" data-settings=\"{&quot;enabled_visibility&quot;:&quot;yes&quot;,&quot;dce_visibility_selected&quot;:&quot;yes&quot;}\" data-widget_type=\"dce-filebrowser.default\">\n\t\t\t\t<div class=\"elementor-widget-container\">\n\t\t\t\t\t<ul class=\"list-unstyled dce-list dce-list-root\"><li class=\"file ext-pdf\"><a class=\"block btn-block dce-file-download\" href=\"https:\/\/sisgeo.com\/wp-content\/uploads\/Prodotti\/Extensometers\/MEXID%20Miniaturized%20MPBX\/ES\/Datasheet\/D2MX_ES_05_MEXID_miniaturized_mpbx.pdf\" target=\"_blank\" data-md5=\"9c2728a6cdd1eb327cd48122d76835ff\" data-original-name=\"D2MX_ES_05_MEXID_miniaturized_mpbx.pdf\"><span class=\"middle fiv-viv fiv-icon-pdf\"><\/span><span class=\"dce-file-text\"><strong class=\"dce-file-title\">D2MX_ES_05_MEXID_miniaturized_mpbx<\/strong><\/span><\/a><\/li><\/ul>\t\t\t\t<\/div>\n\t\t\t\t<\/div>\n\t\t\t\t\t<\/div>\n\t\t\t\t<\/div>\n\t\t<div class=\"elementor-element elementor-element-fcd4bc6 normali e-flex e-con-boxed e-con e-parent\" data-id=\"fcd4bc6\" data-element_type=\"container\" data-e-type=\"container\">\n\t\t\t\t\t<div class=\"e-con-inner\">\n\t\t<div class=\"elementor-element elementor-element-aa0d30f e-flex e-con-boxed e-con e-child\" data-id=\"aa0d30f\" data-element_type=\"container\" data-e-type=\"container\">\n\t\t\t\t\t<div class=\"e-con-inner\">\n\t\t\t\t<div class=\"elementor-element elementor-element-4403f40 elementor-widget elementor-widget-text-editor\" data-id=\"4403f40\" data-element_type=\"widget\" data-e-type=\"widget\" data-widget_type=\"text-editor.default\">\n\t\t\t\t<div class=\"elementor-widget-container\">\n\t\t\t\t\t\t\t\t\t<p>DEX-S 3D extenso-inclinometer<\/p>\n\t\t\t\t\t\t\t\t<\/div>\n\t\t\t\t<\/div>\n\t\t\t\t<div class=\"elementor-element elementor-element-9b36e84 elementor-widget elementor-widget-dce-filebrowser\" data-id=\"9b36e84\" data-element_type=\"widget\" data-e-type=\"widget\" data-settings=\"{&quot;enabled_visibility&quot;:&quot;yes&quot;,&quot;dce_visibility_selected&quot;:&quot;yes&quot;}\" data-widget_type=\"dce-filebrowser.default\">\n\t\t\t\t<div class=\"elementor-widget-container\">\n\t\t\t\t\t<ul class=\"list-unstyled dce-list dce-list-root\"><li class=\"file ext-pdf\"><a class=\"block btn-block dce-file-download\" href=\"https:\/\/sisgeo.com\/wp-content\/uploads\/Prodotti\/IPI%20In-Place%20Inclinometers\/DEX%20and%20DEX-S%203D%20estenso-inclinometer\/Spagnolo\/Datasheet\/DEX-S_EN_09_digital_DEX-S_extenso-inclinometer_datasheet.pdf\" target=\"_blank\" data-md5=\"cd0c0cde3c79c12d86da4bf17c02d7d3\" data-original-name=\"DEX-S_EN_09_digital_DEX-S_extenso-inclinometer_datasheet.pdf\"><span class=\"middle fiv-viv fiv-icon-pdf\"><\/span><span class=\"dce-file-text\"><strong class=\"dce-file-title\">DEX-S_EN_09_digital_DEX-S_extenso-inclinometer_datasheet<\/strong><\/span><\/a><\/li><\/ul>\t\t\t\t<\/div>\n\t\t\t\t<\/div>\n\t\t\t\t\t<\/div>\n\t\t\t\t<\/div>\n\t\t\t\t\t<\/div>\n\t\t\t\t<\/div>\n\t\t<div class=\"elementor-element elementor-element-e1adc36 normali e-flex e-con-boxed e-con e-parent\" data-id=\"e1adc36\" data-element_type=\"container\" data-e-type=\"container\">\n\t\t\t\t\t<div class=\"e-con-inner\">\n\t\t\t\t<div class=\"elementor-element elementor-element-0f49181 elementor-widget elementor-widget-text-editor\" data-id=\"0f49181\" data-element_type=\"widget\" data-e-type=\"widget\" data-widget_type=\"text-editor.default\">\n\t\t\t\t<div class=\"elementor-widget-container\">\n\t\t\t\t\t\t\t\t\t<p>Extens\u00f3metros de terrapl\u00e9n<\/p>\n\t\t\t\t\t\t\t\t<\/div>\n\t\t\t\t<\/div>\n\t\t\t\t<div class=\"elementor-element elementor-element-9516b0f elementor-widget elementor-widget-dce-filebrowser\" data-id=\"9516b0f\" data-element_type=\"widget\" data-e-type=\"widget\" data-settings=\"{&quot;enabled_visibility&quot;:&quot;yes&quot;,&quot;dce_visibility_selected&quot;:&quot;yes&quot;}\" data-widget_type=\"dce-filebrowser.default\">\n\t\t\t\t<div class=\"elementor-widget-container\">\n\t\t\t\t\t<ul class=\"list-unstyled dce-list dce-list-root\"><li class=\"file ext-pdf\"><a class=\"block btn-block dce-file-download\" href=\"https:\/\/sisgeo.com\/wp-content\/uploads\/Prodotti\/Extensometers\/Embankment%20Extensometers\/EN\/Datasheet\/D232_EN_08_Embankment_extensometerS.pdf\" target=\"_blank\" data-md5=\"25d4181f3745d4d6e1fade29dd13f483\" data-original-name=\"D232_EN_08_Embankment_extensometerS.pdf\"><span class=\"middle fiv-viv fiv-icon-pdf\"><\/span><span class=\"dce-file-text\"><strong class=\"dce-file-title\">D232_EN_08_Embankment_extensometerS<\/strong><\/span><\/a><\/li><\/ul>\t\t\t\t<\/div>\n\t\t\t\t<\/div>\n\t\t<!-- dce invisible element e3ae3af -->\t\t\t<\/div>\n\t\t\t\t<\/div>\n\t\t<div class=\"elementor-element elementor-element-909cf93 normali e-flex e-con-boxed e-con e-parent\" data-id=\"909cf93\" data-element_type=\"container\" data-e-type=\"container\">\n\t\t\t\t\t<div class=\"e-con-inner\">\n\t\t\t\t<div class=\"elementor-element elementor-element-f671783 elementor-widget elementor-widget-text-editor\" data-id=\"f671783\" data-element_type=\"widget\" data-e-type=\"widget\" data-widget_type=\"text-editor.default\">\n\t\t\t\t<div class=\"elementor-widget-container\">\n\t\t\t\t\t\t\t\t\t<p>Extens\u00f3metro incremental T-REX<\/p>\n\t\t\t\t\t\t\t\t<\/div>\n\t\t\t\t<\/div>\n\t\t<!-- dce invisible element 2cbfd29 --><!-- dce invisible element 78271d4 -->\t\t<div class=\"elementor-element elementor-element-1d1e048 elementor-widget elementor-widget-dce-filebrowser\" data-id=\"1d1e048\" data-element_type=\"widget\" data-e-type=\"widget\" data-settings=\"{&quot;enabled_visibility&quot;:&quot;yes&quot;,&quot;dce_visibility_selected&quot;:&quot;yes&quot;}\" data-widget_type=\"dce-filebrowser.default\">\n\t\t\t\t<div class=\"elementor-widget-container\">\n\t\t\t\t\t<ul class=\"list-unstyled dce-list dce-list-root\"><li class=\"file ext-pdf\"><a class=\"block btn-block dce-file-download\" href=\"https:\/\/sisgeo.com\/wp-content\/uploads\/Prodotti\/Extensometers\/T-REX%20Incremental%20Extensometer\/ES\/Datasheet\/TREX_ES_10_T-REX_incremental_extensometer.pdf\" target=\"_blank\" data-md5=\"76a24b0499a502c77be7446f86f2f04e\" data-original-name=\"TREX_ES_10_T-REX_incremental_extensometer.pdf\"><span class=\"middle fiv-viv fiv-icon-pdf\"><\/span><span class=\"dce-file-text\"><strong class=\"dce-file-title\">TREX_ES_10_T-REX_incremental_extensometer<\/strong><\/span><\/a><\/li><\/ul>\t\t\t\t<\/div>\n\t\t\t\t<\/div>\n\t\t\t\t\t<\/div>\n\t\t\t\t<\/div>\n\t\t<div class=\"elementor-element elementor-element-19a5ad8 normali e-flex e-con-boxed e-con e-parent\" data-id=\"19a5ad8\" data-element_type=\"container\" data-e-type=\"container\">\n\t\t\t\t\t<div class=\"e-con-inner\">\n\t\t\t\t<div class=\"elementor-element elementor-element-e126b08 elementor-widget elementor-widget-text-editor\" data-id=\"e126b08\" data-element_type=\"widget\" data-e-type=\"widget\" data-widget_type=\"text-editor.default\">\n\t\t\t\t<div class=\"elementor-widget-container\">\n\t\t\t\t\t\t\t\t\t<p>Software KLION para inclin\u00f3metros y extens\u00f3metros<\/p>\n\t\t\t\t\t\t\t\t<\/div>\n\t\t\t\t<\/div>\n\t\t\t\t<div class=\"elementor-element elementor-element-633c053 elementor-widget elementor-widget-dce-filebrowser\" data-id=\"633c053\" data-element_type=\"widget\" data-e-type=\"widget\" data-settings=\"{&quot;enabled_visibility&quot;:&quot;yes&quot;,&quot;dce_visibility_selected&quot;:&quot;yes&quot;}\" data-widget_type=\"dce-filebrowser.default\">\n\t\t\t\t<div class=\"elementor-widget-container\">\n\t\t\t\t\t<ul class=\"list-unstyled dce-list dce-list-root\"><li class=\"file ext-pdf\"><a class=\"block btn-block dce-file-download\" href=\"https:\/\/sisgeo.com\/wp-content\/uploads\/Prodotti\/B.R.A.IN%20MEMS%20Probe%20Inclinometer\/KLION%20software%20for%20inclinometers%20and%20extensometers\/Inglese\/Datasheet\/KLION_EN_01_software_for_inclinometers_and_.pdf\" target=\"_blank\" data-md5=\"234989d4cb745ef592b5c2d8262bf143\" data-original-name=\"KLION_EN_01_software_for_inclinometers_and_.pdf\"><span class=\"middle fiv-viv fiv-icon-pdf\"><\/span><span class=\"dce-file-text\"><strong class=\"dce-file-title\">KLION_EN_01_software_for_inclinometers_and_<\/strong><\/span><\/a><\/li><\/ul>\t\t\t\t<\/div>\n\t\t\t\t<\/div>\n\t\t<!-- dce invisible element 61dba7c -->\t\t\t<\/div>\n\t\t\t\t<\/div>\n\t\t\t\t<\/div>\n\t\t","protected":false},"excerpt":{"rendered":"<p>MPBX &#8211; Extens\u00f3metros de varilla D222_EN_11_MPBX_borehole_rod_extensometer D222_FR_11_MPBX_extensometre_a_tige_en_forage D222_ES_11_MPBX_borehole_rod_extensometer Extens\u00f3metros miniaturizados multipunto MEXID D2MX_EN_05_MEXID_miniaturized_mpbx D2MX_FR_05_MEXID_mpbx_miniaturise D2MX_ES_05_MEXID_miniaturized_mpbx DEX-S 3D extenso-inclinometer DEX-S_EN_08_digital_DEX-S_extenso-inclinometer_datasheet Extens\u00f3metros de terrapl\u00e9n D232_EN_08_Embankment_extensometerS D232_FR_08_extensometres_pour_remblais Extens\u00f3metro incremental T-REX T-REX_EN_10_T-REX_incremental_extensometer T-REX_FR_10_T-REX_extensom\u00e8tre incr\u00e9mentiel TREX_ES_10_T-REX_incremental_extensometer Software KLION para inclin\u00f3metros y extens\u00f3metros KLION_EN_01_software_for_inclinometers_and_ KLION_FR_01_logiciel_klion<\/p>\n","protected":false},"author":1,"featured_media":0,"parent":20007,"menu_order":0,"comment_status":"closed","ping_status":"closed","template":"","meta":{"footnotes":""},"categories":[],"tags":[],"class_list":["post-20044","page","type-page","status-publish","hentry"],"yoast_head":"<!-- This site is optimized with the Yoast SEO Premium plugin v27.2 (Yoast SEO v27.2) - https:\/\/yoast.com\/product\/yoast-seo-premium-wordpress\/ -->\n<title>Extens\u00f3metros - Sisgeo<\/title>\n<meta name=\"robots\" content=\"index, follow, max-snippet:-1, max-image-preview:large, max-video-preview:-1\" \/>\n<link rel=\"canonical\" href=\"https:\/\/sisgeo.com\/es\/descargas\/fichas-tecnicas\/extensometros\/\" \/>\n<meta property=\"og:locale\" content=\"es_ES\" \/>\n<meta property=\"og:type\" content=\"article\" \/>\n<meta property=\"og:title\" content=\"Extens\u00f3metros\" \/>\n<meta property=\"og:description\" content=\"MPBX &#8211; Extens\u00f3metros de varilla D222_EN_11_MPBX_borehole_rod_extensometer D222_FR_11_MPBX_extensometre_a_tige_en_forage D222_ES_11_MPBX_borehole_rod_extensometer Extens\u00f3metros miniaturizados multipunto MEXID D2MX_EN_05_MEXID_miniaturized_mpbx D2MX_FR_05_MEXID_mpbx_miniaturise D2MX_ES_05_MEXID_miniaturized_mpbx DEX-S 3D extenso-inclinometer DEX-S_EN_08_digital_DEX-S_extenso-inclinometer_datasheet Extens\u00f3metros de terrapl\u00e9n D232_EN_08_Embankment_extensometerS D232_FR_08_extensometres_pour_remblais Extens\u00f3metro incremental T-REX T-REX_EN_10_T-REX_incremental_extensometer T-REX_FR_10_T-REX_extensom\u00e8tre incr\u00e9mentiel TREX_ES_10_T-REX_incremental_extensometer Software KLION para inclin\u00f3metros y extens\u00f3metros KLION_EN_01_software_for_inclinometers_and_ KLION_FR_01_logiciel_klion\" \/>\n<meta property=\"og:url\" content=\"https:\/\/sisgeo.com\/es\/descargas\/fichas-tecnicas\/extensometros\/\" \/>\n<meta property=\"og:site_name\" content=\"Sisgeo\" \/>\n<meta property=\"article:modified_time\" content=\"2025-01-20T08:47:25+00:00\" \/>\n<meta name=\"twitter:card\" content=\"summary_large_image\" \/>\n<meta name=\"twitter:label1\" content=\"Tiempo de lectura\" \/>\n\t<meta name=\"twitter:data1\" content=\"1 minuto\" \/>\n<script type=\"application\/ld+json\" class=\"yoast-schema-graph\">{\"@context\":\"https:\/\/schema.org\",\"@graph\":[{\"@type\":\"WebPage\",\"@id\":\"https:\/\/sisgeo.com\/es\/descargas\/fichas-tecnicas\/extensometros\/\",\"url\":\"https:\/\/sisgeo.com\/es\/descargas\/fichas-tecnicas\/extensometros\/\",\"name\":\"Extens\u00f3metros - Sisgeo\",\"isPartOf\":{\"@id\":\"https:\/\/sisgeo.com\/es\/#website\"},\"datePublished\":\"2023-09-22T07:52:25+00:00\",\"dateModified\":\"2025-01-20T08:47:25+00:00\",\"breadcrumb\":{\"@id\":\"https:\/\/sisgeo.com\/es\/descargas\/fichas-tecnicas\/extensometros\/#breadcrumb\"},\"inLanguage\":\"es\",\"potentialAction\":[{\"@type\":\"ReadAction\",\"target\":[\"https:\/\/sisgeo.com\/es\/descargas\/fichas-tecnicas\/extensometros\/\"]}]},{\"@type\":\"BreadcrumbList\",\"@id\":\"https:\/\/sisgeo.com\/es\/descargas\/fichas-tecnicas\/extensometros\/#breadcrumb\",\"itemListElement\":[{\"@type\":\"ListItem\",\"position\":1,\"name\":\"Home\",\"item\":\"https:\/\/sisgeo.com\/es\/geotechnical-and-structural-instrumentation-for-shm\/\"},{\"@type\":\"ListItem\",\"position\":2,\"name\":\"\u00c1rea de descargas\",\"item\":\"https:\/\/sisgeo.com\/es\/descargas\/\"},{\"@type\":\"ListItem\",\"position\":3,\"name\":\"Fichas t\u00e9cnicas\",\"item\":\"https:\/\/sisgeo.com\/es\/descargas\/fichas-tecnicas\/\"},{\"@type\":\"ListItem\",\"position\":4,\"name\":\"Extens\u00f3metros\"}]},{\"@type\":\"WebSite\",\"@id\":\"https:\/\/sisgeo.com\/es\/#website\",\"url\":\"https:\/\/sisgeo.com\/es\/\",\"name\":\"Sisgeo\",\"description\":\"Inclined to improvement\",\"publisher\":{\"@id\":\"https:\/\/sisgeo.com\/es\/#organization\"},\"potentialAction\":[{\"@type\":\"SearchAction\",\"target\":{\"@type\":\"EntryPoint\",\"urlTemplate\":\"https:\/\/sisgeo.com\/es\/?s={search_term_string}\"},\"query-input\":{\"@type\":\"PropertyValueSpecification\",\"valueRequired\":true,\"valueName\":\"search_term_string\"}}],\"inLanguage\":\"es\"},{\"@type\":\"Organization\",\"@id\":\"https:\/\/sisgeo.com\/es\/#organization\",\"name\":\"Sisgeo S.r.l.\",\"url\":\"https:\/\/sisgeo.com\/es\/\",\"logo\":{\"@type\":\"ImageObject\",\"inLanguage\":\"es\",\"@id\":\"https:\/\/sisgeo.com\/es\/#\/schema\/logo\/image\/\",\"url\":\"https:\/\/sisgeodev.pipehosting.it\/wp-content\/uploads\/2023\/06\/logo-RGB.png\",\"contentUrl\":\"https:\/\/sisgeodev.pipehosting.it\/wp-content\/uploads\/2023\/06\/logo-RGB.png\",\"width\":205,\"height\":97,\"caption\":\"Sisgeo S.r.l.\"},\"image\":{\"@id\":\"https:\/\/sisgeo.com\/es\/#\/schema\/logo\/image\/\"}}]}<\/script>\n<!-- \/ Yoast SEO Premium plugin. -->","yoast_head_json":{"title":"Extens\u00f3metros - Sisgeo","robots":{"index":"index","follow":"follow","max-snippet":"max-snippet:-1","max-image-preview":"max-image-preview:large","max-video-preview":"max-video-preview:-1"},"canonical":"https:\/\/sisgeo.com\/es\/descargas\/fichas-tecnicas\/extensometros\/","og_locale":"es_ES","og_type":"article","og_title":"Extens\u00f3metros","og_description":"MPBX &#8211; Extens\u00f3metros de varilla D222_EN_11_MPBX_borehole_rod_extensometer D222_FR_11_MPBX_extensometre_a_tige_en_forage D222_ES_11_MPBX_borehole_rod_extensometer Extens\u00f3metros miniaturizados multipunto MEXID D2MX_EN_05_MEXID_miniaturized_mpbx D2MX_FR_05_MEXID_mpbx_miniaturise D2MX_ES_05_MEXID_miniaturized_mpbx DEX-S 3D extenso-inclinometer DEX-S_EN_08_digital_DEX-S_extenso-inclinometer_datasheet Extens\u00f3metros de terrapl\u00e9n D232_EN_08_Embankment_extensometerS D232_FR_08_extensometres_pour_remblais Extens\u00f3metro incremental T-REX T-REX_EN_10_T-REX_incremental_extensometer T-REX_FR_10_T-REX_extensom\u00e8tre incr\u00e9mentiel TREX_ES_10_T-REX_incremental_extensometer Software KLION para inclin\u00f3metros y extens\u00f3metros KLION_EN_01_software_for_inclinometers_and_ KLION_FR_01_logiciel_klion","og_url":"https:\/\/sisgeo.com\/es\/descargas\/fichas-tecnicas\/extensometros\/","og_site_name":"Sisgeo","article_modified_time":"2025-01-20T08:47:25+00:00","twitter_card":"summary_large_image","twitter_misc":{"Tiempo de lectura":"1 minuto"},"schema":{"@context":"https:\/\/schema.org","@graph":[{"@type":"WebPage","@id":"https:\/\/sisgeo.com\/es\/descargas\/fichas-tecnicas\/extensometros\/","url":"https:\/\/sisgeo.com\/es\/descargas\/fichas-tecnicas\/extensometros\/","name":"Extens\u00f3metros - Sisgeo","isPartOf":{"@id":"https:\/\/sisgeo.com\/es\/#website"},"datePublished":"2023-09-22T07:52:25+00:00","dateModified":"2025-01-20T08:47:25+00:00","breadcrumb":{"@id":"https:\/\/sisgeo.com\/es\/descargas\/fichas-tecnicas\/extensometros\/#breadcrumb"},"inLanguage":"es","potentialAction":[{"@type":"ReadAction","target":["https:\/\/sisgeo.com\/es\/descargas\/fichas-tecnicas\/extensometros\/"]}]},{"@type":"BreadcrumbList","@id":"https:\/\/sisgeo.com\/es\/descargas\/fichas-tecnicas\/extensometros\/#breadcrumb","itemListElement":[{"@type":"ListItem","position":1,"name":"Home","item":"https:\/\/sisgeo.com\/es\/geotechnical-and-structural-instrumentation-for-shm\/"},{"@type":"ListItem","position":2,"name":"\u00c1rea de descargas","item":"https:\/\/sisgeo.com\/es\/descargas\/"},{"@type":"ListItem","position":3,"name":"Fichas t\u00e9cnicas","item":"https:\/\/sisgeo.com\/es\/descargas\/fichas-tecnicas\/"},{"@type":"ListItem","position":4,"name":"Extens\u00f3metros"}]},{"@type":"WebSite","@id":"https:\/\/sisgeo.com\/es\/#website","url":"https:\/\/sisgeo.com\/es\/","name":"Sisgeo","description":"Inclined to improvement","publisher":{"@id":"https:\/\/sisgeo.com\/es\/#organization"},"potentialAction":[{"@type":"SearchAction","target":{"@type":"EntryPoint","urlTemplate":"https:\/\/sisgeo.com\/es\/?s={search_term_string}"},"query-input":{"@type":"PropertyValueSpecification","valueRequired":true,"valueName":"search_term_string"}}],"inLanguage":"es"},{"@type":"Organization","@id":"https:\/\/sisgeo.com\/es\/#organization","name":"Sisgeo S.r.l.","url":"https:\/\/sisgeo.com\/es\/","logo":{"@type":"ImageObject","inLanguage":"es","@id":"https:\/\/sisgeo.com\/es\/#\/schema\/logo\/image\/","url":"https:\/\/sisgeodev.pipehosting.it\/wp-content\/uploads\/2023\/06\/logo-RGB.png","contentUrl":"https:\/\/sisgeodev.pipehosting.it\/wp-content\/uploads\/2023\/06\/logo-RGB.png","width":205,"height":97,"caption":"Sisgeo S.r.l."},"image":{"@id":"https:\/\/sisgeo.com\/es\/#\/schema\/logo\/image\/"}}]}},"_links":{"self":[{"href":"https:\/\/sisgeo.com\/es\/wp-json\/wp\/v2\/pages\/20044","targetHints":{"allow":["GET"]}}],"collection":[{"href":"https:\/\/sisgeo.com\/es\/wp-json\/wp\/v2\/pages"}],"about":[{"href":"https:\/\/sisgeo.com\/es\/wp-json\/wp\/v2\/types\/page"}],"author":[{"embeddable":true,"href":"https:\/\/sisgeo.com\/es\/wp-json\/wp\/v2\/users\/1"}],"replies":[{"embeddable":true,"href":"https:\/\/sisgeo.com\/es\/wp-json\/wp\/v2\/comments?post=20044"}],"version-history":[{"count":4,"href":"https:\/\/sisgeo.com\/es\/wp-json\/wp\/v2\/pages\/20044\/revisions"}],"predecessor-version":[{"id":28006,"href":"https:\/\/sisgeo.com\/es\/wp-json\/wp\/v2\/pages\/20044\/revisions\/28006"}],"up":[{"embeddable":true,"href":"https:\/\/sisgeo.com\/es\/wp-json\/wp\/v2\/pages\/20007"}],"wp:attachment":[{"href":"https:\/\/sisgeo.com\/es\/wp-json\/wp\/v2\/media?parent=20044"}],"wp:term":[{"taxonomy":"category","embeddable":true,"href":"https:\/\/sisgeo.com\/es\/wp-json\/wp\/v2\/categories?post=20044"},{"taxonomy":"post_tag","embeddable":true,"href":"https:\/\/sisgeo.com\/es\/wp-json\/wp\/v2\/tags?post=20044"}],"curies":[{"name":"wp","href":"https:\/\/api.w.org\/{rel}","templated":true}]}}