{"id":20053,"date":"2023-09-21T14:13:23","date_gmt":"2023-09-21T12:13:23","guid":{"rendered":"https:\/\/sisgeo.com\/descargas\/fichas-tecnicas\/inclinometros-in-situ-ipi\/"},"modified":"2024-10-15T12:38:47","modified_gmt":"2024-10-15T10:38:47","slug":"inclinometros-in-situ-ipi","status":"publish","type":"page","link":"https:\/\/sisgeo.com\/es\/descargas\/fichas-tecnicas\/inclinometros-in-situ-ipi\/","title":{"rendered":"Inclin\u00f3metros in situ IPI"},"content":{"rendered":"\t\t<div data-elementor-type=\"wp-page\" data-elementor-id=\"20053\" class=\"elementor elementor-20053 elementor-14329\" data-elementor-post-type=\"page\">\n\t\t\t\t<div class=\"elementor-element elementor-element-cb5d006 e-flex e-con-boxed e-con e-parent\" data-id=\"cb5d006\" data-element_type=\"container\" data-e-type=\"container\">\n\t\t\t\t\t<div class=\"e-con-inner\">\n\t\t\t\t\t<\/div>\n\t\t\t\t<\/div>\n\t\t<div class=\"elementor-element elementor-element-a508917 normali e-flex e-con-boxed e-con e-parent\" data-id=\"a508917\" data-element_type=\"container\" data-e-type=\"container\">\n\t\t\t\t\t<div class=\"e-con-inner\">\n\t\t\t\t<div class=\"elementor-element elementor-element-bc9f539 elementor-widget elementor-widget-text-editor\" data-id=\"bc9f539\" data-element_type=\"widget\" data-e-type=\"widget\" data-widget_type=\"text-editor.default\">\n\t\t\t\t<div class=\"elementor-widget-container\">\n\t\t\t\t\t\t\t\t\t<p>Inclin\u00f3metros fijos BH-Profile<\/p>\n\t\t\t\t\t\t\t\t<\/div>\n\t\t\t\t<\/div>\n\t\t<!-- dce invisible element 0f06bbf --><!-- dce invisible element 2118c78 -->\t\t<div class=\"elementor-element elementor-element-78d350c elementor-widget elementor-widget-dce-filebrowser\" data-id=\"78d350c\" data-element_type=\"widget\" data-e-type=\"widget\" data-settings=\"{&quot;enabled_visibility&quot;:&quot;yes&quot;,&quot;dce_visibility_selected&quot;:&quot;yes&quot;}\" data-widget_type=\"dce-filebrowser.default\">\n\t\t\t\t<div class=\"elementor-widget-container\">\n\t\t\t\t\t<ul class=\"list-unstyled dce-list dce-list-root\"><li class=\"file ext-pdf\"><a class=\"block btn-block dce-file-download\" href=\"https:\/\/sisgeo.com\/wp-content\/uploads\/Prodotti\/IPI%20In-Place%20Inclinometers\/BH-Profile%20in-place%20Inclinometers\/Spagnolo\/Datasheet\/S430_IPI_ES_10_BH%20profile%20IPI%20inclinometer.pdf\" target=\"_blank\" data-md5=\"ed97e430ab9d25b0fc5e4341abb97aea\" data-original-name=\"S430_IPI_ES_10_BH profile IPI inclinometer.pdf\"><span class=\"middle fiv-viv fiv-icon-pdf\"><\/span><span class=\"dce-file-text\"><strong class=\"dce-file-title\">S430_IPI_ES_10_BH profile IPI inclinometer<\/strong><\/span><\/a><\/li><\/ul>\t\t\t\t<\/div>\n\t\t\t\t<\/div>\n\t\t\t\t\t<\/div>\n\t\t\t\t<\/div>\n\t\t<div class=\"elementor-element elementor-element-2d23870 normali e-flex e-con-boxed e-con e-parent\" data-id=\"2d23870\" data-element_type=\"container\" data-e-type=\"container\">\n\t\t\t\t\t<div class=\"e-con-inner\">\n\t\t\t\t<div class=\"elementor-element elementor-element-4cbcff5 elementor-widget elementor-widget-text-editor\" data-id=\"4cbcff5\" data-element_type=\"widget\" data-e-type=\"widget\" data-widget_type=\"text-editor.default\">\n\t\t\t\t<div class=\"elementor-widget-container\">\n\t\t\t\t\t\t\t\t\t<p>MD-Profile system<\/p>\n\t\t\t\t\t\t\t\t<\/div>\n\t\t\t\t<\/div>\n\t\t<!-- dce invisible element 064e7ba --><!-- dce invisible element 6256183 -->\t\t<div class=\"elementor-element elementor-element-a0ef5df elementor-widget elementor-widget-dce-filebrowser\" data-id=\"a0ef5df\" data-element_type=\"widget\" data-e-type=\"widget\" data-settings=\"{&quot;enabled_visibility&quot;:&quot;yes&quot;,&quot;dce_visibility_selected&quot;:&quot;yes&quot;}\" data-widget_type=\"dce-filebrowser.default\">\n\t\t\t\t<div class=\"elementor-widget-container\">\n\t\t\t\t\t<ul class=\"list-unstyled dce-list dce-list-root\"><li class=\"file ext-pdf\"><a class=\"block btn-block dce-file-download\" href=\"https:\/\/sisgeo.com\/wp-content\/uploads\/Prodotti\/IPI%20In-Place%20Inclinometers\/MD-Profile%20array\/Spagnolo\/Datasheet\/MD-PROFILE%20360_EN_07.pdf\" target=\"_blank\" data-md5=\"aa3e2c26c2588af161915274f98ac82e\" data-original-name=\"MD-PROFILE 360_EN_07.pdf\"><span class=\"middle fiv-viv fiv-icon-pdf\"><\/span><span class=\"dce-file-text\"><strong class=\"dce-file-title\">MD-PROFILE 360_EN_07<\/strong><\/span><\/a><\/li><\/ul>\t\t\t\t<\/div>\n\t\t\t\t<\/div>\n\t\t\t\t\t<\/div>\n\t\t\t\t<\/div>\n\t\t<div class=\"elementor-element elementor-element-c10b875 normali e-flex e-con-boxed e-con e-parent\" data-id=\"c10b875\" data-element_type=\"container\" data-e-type=\"container\">\n\t\t\t\t\t<div class=\"e-con-inner\">\n\t\t\t\t<div class=\"elementor-element elementor-element-a1eeea2 elementor-widget elementor-widget-text-editor\" data-id=\"a1eeea2\" data-element_type=\"widget\" data-e-type=\"widget\" data-widget_type=\"text-editor.default\">\n\t\t\t\t<div class=\"elementor-widget-container\">\n\t\t\t\t\t\t\t\t\t<p>360\u00b0 LT-Inclibus array<\/p>\n\t\t\t\t\t\t\t\t<\/div>\n\t\t\t\t<\/div>\n\t\t\t\t<div class=\"elementor-element elementor-element-92d033e elementor-widget elementor-widget-dce-filebrowser\" data-id=\"92d033e\" data-element_type=\"widget\" data-e-type=\"widget\" data-settings=\"{&quot;enabled_visibility&quot;:&quot;yes&quot;,&quot;dce_visibility_selected&quot;:&quot;yes&quot;}\" data-widget_type=\"dce-filebrowser.default\">\n\t\t\t\t<div class=\"elementor-widget-container\">\n\t\t\t\t\t<ul class=\"list-unstyled dce-list dce-list-root\"><li class=\"file ext-pdf\"><a class=\"block btn-block dce-file-download\" href=\"https:\/\/sisgeo.com\/wp-content\/uploads\/Prodotti\/IPI%20In-Place%20Inclinometers\/LT-Inclibus%20array\/Inglese\/datasheet\/LTIN-LT_INCLIBUS_360_datasheet_EN_03.pdf\" target=\"_blank\" data-md5=\"7c992aeb2874b4d5451f9caf9525d31d\" data-original-name=\"LTIN-LT_INCLIBUS_360_datasheet_EN_03.pdf\"><span class=\"middle fiv-viv fiv-icon-pdf\"><\/span><span class=\"dce-file-text\"><strong class=\"dce-file-title\">LTIN-LT_INCLIBUS_360_datasheet_EN_03<\/strong><\/span><\/a><\/li><\/ul>\t\t\t\t<\/div>\n\t\t\t\t<\/div>\n\t\t<!-- dce invisible element 721a888 -->\t\t\t<\/div>\n\t\t\t\t<\/div>\n\t\t<div class=\"elementor-element elementor-element-db92a70 normali e-flex e-con-boxed e-con e-parent\" data-id=\"db92a70\" data-element_type=\"container\" data-e-type=\"container\">\n\t\t\t\t\t<div class=\"e-con-inner\">\n\t\t\t\t<div class=\"elementor-element elementor-element-56f86a5 elementor-widget elementor-widget-text-editor\" data-id=\"56f86a5\" data-element_type=\"widget\" data-e-type=\"widget\" data-widget_type=\"text-editor.default\">\n\t\t\t\t<div class=\"elementor-widget-container\">\n\t\t\t\t\t\t\t\t\t<p>Inclinometros fijos horizontales<\/p>\n\t\t\t\t\t\t\t\t<\/div>\n\t\t\t\t<\/div>\n\t\t<!-- dce invisible element 2164f15 --><!-- dce invisible element abc4f5b -->\t\t<div class=\"elementor-element elementor-element-bd44966 elementor-widget elementor-widget-dce-filebrowser\" data-id=\"bd44966\" data-element_type=\"widget\" data-e-type=\"widget\" data-settings=\"{&quot;enabled_visibility&quot;:&quot;yes&quot;,&quot;dce_visibility_selected&quot;:&quot;yes&quot;}\" data-widget_type=\"dce-filebrowser.default\">\n\t\t\t\t<div class=\"elementor-widget-container\">\n\t\t\t\t\t<ul class=\"list-unstyled dce-list dce-list-root\"><li class=\"file ext-pdf\"><a class=\"block btn-block dce-file-download\" href=\"https:\/\/sisgeo.com\/wp-content\/uploads\/Prodotti\/IPI%20In-Place%20Inclinometers\/Horizontal%20In%20Place%20Inclinometers\/Spagnolo\/Datasheet\/S441_ES_07_horizontal%20IPI%20MEMS%20inclinometers.pdf\" target=\"_blank\" data-md5=\"4031a83a6ebbaac0bff06d86faf40df0\" data-original-name=\"S441_ES_07_horizontal IPI MEMS inclinometers.pdf\"><span class=\"middle fiv-viv fiv-icon-pdf\"><\/span><span class=\"dce-file-text\"><strong class=\"dce-file-title\">S441_ES_07_horizontal IPI MEMS inclinometers<\/strong><\/span><\/a><\/li><\/ul>\t\t\t\t<\/div>\n\t\t\t\t<\/div>\n\t\t\t\t\t<\/div>\n\t\t\t\t<\/div>\n\t\t<div class=\"elementor-element elementor-element-b0804e7 normali e-flex e-con-boxed e-con e-parent\" data-id=\"b0804e7\" data-element_type=\"container\" data-e-type=\"container\">\n\t\t\t\t\t<div class=\"e-con-inner\">\n\t\t\t\t<div class=\"elementor-element elementor-element-17e4fda elementor-widget elementor-widget-text-editor\" data-id=\"17e4fda\" data-element_type=\"widget\" data-e-type=\"widget\" data-widget_type=\"text-editor.default\">\n\t\t\t\t<div class=\"elementor-widget-container\">\n\t\t\t\t\t\t\t\t\t<p>Inclin\u00f3metros Fijos MEMS<\/p>\n\t\t\t\t\t\t\t\t<\/div>\n\t\t\t\t<\/div>\n\t\t<!-- dce invisible element 2a3beb1 --><!-- dce invisible element 62653eb --><!-- dce invisible element 78d1b81 -->\t\t<div class=\"elementor-element elementor-element-45ba493 elementor-widget elementor-widget-dce-filebrowser\" data-id=\"45ba493\" data-element_type=\"widget\" data-e-type=\"widget\" data-settings=\"{&quot;enabled_visibility&quot;:&quot;yes&quot;,&quot;dce_visibility_selected&quot;:&quot;yes&quot;}\" data-widget_type=\"dce-filebrowser.default\">\n\t\t\t\t<div class=\"elementor-widget-container\">\n\t\t\t\t\t<ul class=\"list-unstyled dce-list dce-list-root\"><li class=\"file ext-pdf\"><a class=\"block btn-block dce-file-download\" href=\"https:\/\/sisgeo.com\/wp-content\/uploads\/Prodotti\/IPI%20In-Place%20Inclinometers\/MEMS%20In-place%20Incinometers\/Spagnolo\/Datasheet\/S410_ESP_14_MEMS_In-place_inclinometers.pdf\" target=\"_blank\" data-md5=\"0a39049214da05f138f8e306b9c3df3d\" data-original-name=\"S410_ESP_14_MEMS_In-place_inclinometers.pdf\"><span class=\"middle fiv-viv fiv-icon-pdf\"><\/span><span class=\"dce-file-text\"><strong class=\"dce-file-title\">S410_ESP_14_MEMS_In-place_inclinometers<\/strong><\/span><\/a><\/li><\/ul>\t\t\t\t<\/div>\n\t\t\t\t<\/div>\n\t\t\t\t\t<\/div>\n\t\t\t\t<\/div>\n\t\t<div class=\"elementor-element elementor-element-2285fb8 normali e-flex e-con-boxed e-con e-parent\" data-id=\"2285fb8\" data-element_type=\"container\" data-e-type=\"container\">\n\t\t\t\t\t<div class=\"e-con-inner\">\n\t\t\t\t<div class=\"elementor-element elementor-element-9f87614 elementor-widget elementor-widget-text-editor\" data-id=\"9f87614\" data-element_type=\"widget\" data-e-type=\"widget\" data-widget_type=\"text-editor.default\">\n\t\t\t\t<div class=\"elementor-widget-container\">\n\t\t\t\t\t\t\t\t\t<p>Extens\u00f3metros DEX y extens\u00f3-inclin\u00f3metros DEX-S<\/p>\n\t\t\t\t\t\t\t\t<\/div>\n\t\t\t\t<\/div>\n\t\t<!-- dce invisible element f51ec95 --><!-- dce invisible element 9d3f746 -->\t\t<div class=\"elementor-element elementor-element-c79662d elementor-widget elementor-widget-dce-filebrowser\" data-id=\"c79662d\" data-element_type=\"widget\" data-e-type=\"widget\" data-settings=\"{&quot;enabled_visibility&quot;:&quot;yes&quot;,&quot;dce_visibility_selected&quot;:&quot;yes&quot;}\" data-widget_type=\"dce-filebrowser.default\">\n\t\t\t\t<div class=\"elementor-widget-container\">\n\t\t\t\t\t<ul class=\"list-unstyled dce-list dce-list-root\"><li class=\"file ext-pdf\"><a class=\"block btn-block dce-file-download\" href=\"https:\/\/sisgeo.com\/wp-content\/uploads\/Prodotti\/IPI%20In-Place%20Inclinometers\/DEX%20and%20DEX-S%203D%20estenso-inclinometer\/Spagnolo\/Datasheet\/DEX-S_EN_09_digital_DEX-S_extenso-inclinometer_datasheet.pdf\" target=\"_blank\" data-md5=\"cd0c0cde3c79c12d86da4bf17c02d7d3\" data-original-name=\"DEX-S_EN_09_digital_DEX-S_extenso-inclinometer_datasheet.pdf\"><span class=\"middle fiv-viv fiv-icon-pdf\"><\/span><span class=\"dce-file-text\"><strong class=\"dce-file-title\">DEX-S_EN_09_digital_DEX-S_extenso-inclinometer_datasheet<\/strong><\/span><\/a><\/li><\/ul>\t\t\t\t<\/div>\n\t\t\t\t<\/div>\n\t\t\t\t\t<\/div>\n\t\t\t\t<\/div>\n\t\t\t\t<\/div>\n\t\t","protected":false},"excerpt":{"rendered":"<p>Inclin\u00f3metros fijos BH-Profile S430_IPI_EN_10_BH profile IPI inclinometer S430_IPI_FR_10_chaine-inclinom\u00e9trique-BH-profile S430_IPI_ES_10_BH profile IPI inclinometer MD-Profile system MD-PROFILE system_EN_05 MD-PROFILE syst\u00e8me_FR_05 MD-PROFILE sistema_ES_05 360\u00b0 LT-Inclibus array LTIN-lt-inclibus-360-datasheet-EN-02 LTIN-lt-inclibus-360-datasheet-EN-02 Inclinometros fijos horizontales S441_EN_07_horizontal IPI MEMS inclinometers S441_FR_07_horizontal IPI MEMS inclinometers S441_ES_07_horizontal IPI MEMS inclinometers Inclin\u00f3metros Fijos MEMS S410_EN_14_MEMS_In-place_inclinometers S410_FR_14_MEMS_inclinometres_fixes S410_IT_14_MEMS_In-place_inclinometers S410_ESP_14_MEMS_In-place_inclinometers Extens\u00f3metros DEX y extens\u00f3-inclin\u00f3metros DEX-S DEX-S_EN_08_digital_DEX-S_extenso-inclinometer_datasheet DEX-S_EN_08_digital_DEX-S_extenso-inclinometer_datasheet DEX-S_EN_08_digital_DEX-S_extenso-inclinometer_datasheet<\/p>\n","protected":false},"author":1,"featured_media":0,"parent":20007,"menu_order":0,"comment_status":"closed","ping_status":"closed","template":"","meta":{"footnotes":""},"categories":[],"tags":[],"class_list":["post-20053","page","type-page","status-publish","hentry"],"yoast_head":"<!-- This site is optimized with the Yoast SEO Premium plugin v27.2 (Yoast SEO v27.2) - https:\/\/yoast.com\/product\/yoast-seo-premium-wordpress\/ -->\n<title>Inclin\u00f3metros in situ IPI - Sisgeo<\/title>\n<meta name=\"robots\" content=\"index, follow, max-snippet:-1, max-image-preview:large, max-video-preview:-1\" \/>\n<link rel=\"canonical\" href=\"https:\/\/sisgeo.com\/es\/descargas\/fichas-tecnicas\/inclinometros-in-situ-ipi\/\" \/>\n<meta property=\"og:locale\" content=\"es_ES\" \/>\n<meta property=\"og:type\" content=\"article\" \/>\n<meta property=\"og:title\" content=\"Inclin\u00f3metros in situ IPI\" \/>\n<meta property=\"og:description\" content=\"Inclin\u00f3metros fijos BH-Profile S430_IPI_EN_10_BH profile IPI inclinometer S430_IPI_FR_10_chaine-inclinom\u00e9trique-BH-profile S430_IPI_ES_10_BH profile IPI inclinometer MD-Profile system MD-PROFILE system_EN_05 MD-PROFILE syst\u00e8me_FR_05 MD-PROFILE sistema_ES_05 360\u00b0 LT-Inclibus array LTIN-lt-inclibus-360-datasheet-EN-02 LTIN-lt-inclibus-360-datasheet-EN-02 Inclinometros fijos horizontales S441_EN_07_horizontal IPI MEMS inclinometers S441_FR_07_horizontal IPI MEMS inclinometers S441_ES_07_horizontal IPI MEMS inclinometers Inclin\u00f3metros Fijos MEMS S410_EN_14_MEMS_In-place_inclinometers S410_FR_14_MEMS_inclinometres_fixes S410_IT_14_MEMS_In-place_inclinometers S410_ESP_14_MEMS_In-place_inclinometers Extens\u00f3metros DEX y extens\u00f3-inclin\u00f3metros DEX-S DEX-S_EN_08_digital_DEX-S_extenso-inclinometer_datasheet DEX-S_EN_08_digital_DEX-S_extenso-inclinometer_datasheet DEX-S_EN_08_digital_DEX-S_extenso-inclinometer_datasheet\" \/>\n<meta property=\"og:url\" content=\"https:\/\/sisgeo.com\/es\/descargas\/fichas-tecnicas\/inclinometros-in-situ-ipi\/\" \/>\n<meta property=\"og:site_name\" content=\"Sisgeo\" \/>\n<meta property=\"article:modified_time\" content=\"2024-10-15T10:38:47+00:00\" \/>\n<meta name=\"twitter:card\" content=\"summary_large_image\" \/>\n<meta name=\"twitter:label1\" content=\"Tiempo de lectura\" \/>\n\t<meta name=\"twitter:data1\" content=\"1 minuto\" \/>\n<script type=\"application\/ld+json\" class=\"yoast-schema-graph\">{\"@context\":\"https:\/\/schema.org\",\"@graph\":[{\"@type\":\"WebPage\",\"@id\":\"https:\/\/sisgeo.com\/es\/descargas\/fichas-tecnicas\/inclinometros-in-situ-ipi\/\",\"url\":\"https:\/\/sisgeo.com\/es\/descargas\/fichas-tecnicas\/inclinometros-in-situ-ipi\/\",\"name\":\"Inclin\u00f3metros in situ IPI - Sisgeo\",\"isPartOf\":{\"@id\":\"https:\/\/sisgeo.com\/es\/#website\"},\"datePublished\":\"2023-09-21T12:13:23+00:00\",\"dateModified\":\"2024-10-15T10:38:47+00:00\",\"breadcrumb\":{\"@id\":\"https:\/\/sisgeo.com\/es\/descargas\/fichas-tecnicas\/inclinometros-in-situ-ipi\/#breadcrumb\"},\"inLanguage\":\"es\",\"potentialAction\":[{\"@type\":\"ReadAction\",\"target\":[\"https:\/\/sisgeo.com\/es\/descargas\/fichas-tecnicas\/inclinometros-in-situ-ipi\/\"]}]},{\"@type\":\"BreadcrumbList\",\"@id\":\"https:\/\/sisgeo.com\/es\/descargas\/fichas-tecnicas\/inclinometros-in-situ-ipi\/#breadcrumb\",\"itemListElement\":[{\"@type\":\"ListItem\",\"position\":1,\"name\":\"Home\",\"item\":\"https:\/\/sisgeo.com\/es\/geotechnical-and-structural-instrumentation-for-shm\/\"},{\"@type\":\"ListItem\",\"position\":2,\"name\":\"\u00c1rea de descargas\",\"item\":\"https:\/\/sisgeo.com\/es\/descargas\/\"},{\"@type\":\"ListItem\",\"position\":3,\"name\":\"Fichas t\u00e9cnicas\",\"item\":\"https:\/\/sisgeo.com\/es\/descargas\/fichas-tecnicas\/\"},{\"@type\":\"ListItem\",\"position\":4,\"name\":\"Inclin\u00f3metros in situ IPI\"}]},{\"@type\":\"WebSite\",\"@id\":\"https:\/\/sisgeo.com\/es\/#website\",\"url\":\"https:\/\/sisgeo.com\/es\/\",\"name\":\"Sisgeo\",\"description\":\"Inclined to improvement\",\"publisher\":{\"@id\":\"https:\/\/sisgeo.com\/es\/#organization\"},\"potentialAction\":[{\"@type\":\"SearchAction\",\"target\":{\"@type\":\"EntryPoint\",\"urlTemplate\":\"https:\/\/sisgeo.com\/es\/?s={search_term_string}\"},\"query-input\":{\"@type\":\"PropertyValueSpecification\",\"valueRequired\":true,\"valueName\":\"search_term_string\"}}],\"inLanguage\":\"es\"},{\"@type\":\"Organization\",\"@id\":\"https:\/\/sisgeo.com\/es\/#organization\",\"name\":\"Sisgeo S.r.l.\",\"url\":\"https:\/\/sisgeo.com\/es\/\",\"logo\":{\"@type\":\"ImageObject\",\"inLanguage\":\"es\",\"@id\":\"https:\/\/sisgeo.com\/es\/#\/schema\/logo\/image\/\",\"url\":\"https:\/\/sisgeodev.pipehosting.it\/wp-content\/uploads\/2023\/06\/logo-RGB.png\",\"contentUrl\":\"https:\/\/sisgeodev.pipehosting.it\/wp-content\/uploads\/2023\/06\/logo-RGB.png\",\"width\":205,\"height\":97,\"caption\":\"Sisgeo S.r.l.\"},\"image\":{\"@id\":\"https:\/\/sisgeo.com\/es\/#\/schema\/logo\/image\/\"}}]}<\/script>\n<!-- \/ Yoast SEO Premium plugin. -->","yoast_head_json":{"title":"Inclin\u00f3metros in situ IPI - Sisgeo","robots":{"index":"index","follow":"follow","max-snippet":"max-snippet:-1","max-image-preview":"max-image-preview:large","max-video-preview":"max-video-preview:-1"},"canonical":"https:\/\/sisgeo.com\/es\/descargas\/fichas-tecnicas\/inclinometros-in-situ-ipi\/","og_locale":"es_ES","og_type":"article","og_title":"Inclin\u00f3metros in situ IPI","og_description":"Inclin\u00f3metros fijos BH-Profile S430_IPI_EN_10_BH profile IPI inclinometer S430_IPI_FR_10_chaine-inclinom\u00e9trique-BH-profile S430_IPI_ES_10_BH profile IPI inclinometer MD-Profile system MD-PROFILE system_EN_05 MD-PROFILE syst\u00e8me_FR_05 MD-PROFILE sistema_ES_05 360\u00b0 LT-Inclibus array LTIN-lt-inclibus-360-datasheet-EN-02 LTIN-lt-inclibus-360-datasheet-EN-02 Inclinometros fijos horizontales S441_EN_07_horizontal IPI MEMS inclinometers S441_FR_07_horizontal IPI MEMS inclinometers S441_ES_07_horizontal IPI MEMS inclinometers Inclin\u00f3metros Fijos MEMS S410_EN_14_MEMS_In-place_inclinometers S410_FR_14_MEMS_inclinometres_fixes S410_IT_14_MEMS_In-place_inclinometers S410_ESP_14_MEMS_In-place_inclinometers Extens\u00f3metros DEX y extens\u00f3-inclin\u00f3metros DEX-S DEX-S_EN_08_digital_DEX-S_extenso-inclinometer_datasheet DEX-S_EN_08_digital_DEX-S_extenso-inclinometer_datasheet DEX-S_EN_08_digital_DEX-S_extenso-inclinometer_datasheet","og_url":"https:\/\/sisgeo.com\/es\/descargas\/fichas-tecnicas\/inclinometros-in-situ-ipi\/","og_site_name":"Sisgeo","article_modified_time":"2024-10-15T10:38:47+00:00","twitter_card":"summary_large_image","twitter_misc":{"Tiempo de lectura":"1 minuto"},"schema":{"@context":"https:\/\/schema.org","@graph":[{"@type":"WebPage","@id":"https:\/\/sisgeo.com\/es\/descargas\/fichas-tecnicas\/inclinometros-in-situ-ipi\/","url":"https:\/\/sisgeo.com\/es\/descargas\/fichas-tecnicas\/inclinometros-in-situ-ipi\/","name":"Inclin\u00f3metros in situ IPI - Sisgeo","isPartOf":{"@id":"https:\/\/sisgeo.com\/es\/#website"},"datePublished":"2023-09-21T12:13:23+00:00","dateModified":"2024-10-15T10:38:47+00:00","breadcrumb":{"@id":"https:\/\/sisgeo.com\/es\/descargas\/fichas-tecnicas\/inclinometros-in-situ-ipi\/#breadcrumb"},"inLanguage":"es","potentialAction":[{"@type":"ReadAction","target":["https:\/\/sisgeo.com\/es\/descargas\/fichas-tecnicas\/inclinometros-in-situ-ipi\/"]}]},{"@type":"BreadcrumbList","@id":"https:\/\/sisgeo.com\/es\/descargas\/fichas-tecnicas\/inclinometros-in-situ-ipi\/#breadcrumb","itemListElement":[{"@type":"ListItem","position":1,"name":"Home","item":"https:\/\/sisgeo.com\/es\/geotechnical-and-structural-instrumentation-for-shm\/"},{"@type":"ListItem","position":2,"name":"\u00c1rea de descargas","item":"https:\/\/sisgeo.com\/es\/descargas\/"},{"@type":"ListItem","position":3,"name":"Fichas t\u00e9cnicas","item":"https:\/\/sisgeo.com\/es\/descargas\/fichas-tecnicas\/"},{"@type":"ListItem","position":4,"name":"Inclin\u00f3metros in situ IPI"}]},{"@type":"WebSite","@id":"https:\/\/sisgeo.com\/es\/#website","url":"https:\/\/sisgeo.com\/es\/","name":"Sisgeo","description":"Inclined to improvement","publisher":{"@id":"https:\/\/sisgeo.com\/es\/#organization"},"potentialAction":[{"@type":"SearchAction","target":{"@type":"EntryPoint","urlTemplate":"https:\/\/sisgeo.com\/es\/?s={search_term_string}"},"query-input":{"@type":"PropertyValueSpecification","valueRequired":true,"valueName":"search_term_string"}}],"inLanguage":"es"},{"@type":"Organization","@id":"https:\/\/sisgeo.com\/es\/#organization","name":"Sisgeo S.r.l.","url":"https:\/\/sisgeo.com\/es\/","logo":{"@type":"ImageObject","inLanguage":"es","@id":"https:\/\/sisgeo.com\/es\/#\/schema\/logo\/image\/","url":"https:\/\/sisgeodev.pipehosting.it\/wp-content\/uploads\/2023\/06\/logo-RGB.png","contentUrl":"https:\/\/sisgeodev.pipehosting.it\/wp-content\/uploads\/2023\/06\/logo-RGB.png","width":205,"height":97,"caption":"Sisgeo S.r.l."},"image":{"@id":"https:\/\/sisgeo.com\/es\/#\/schema\/logo\/image\/"}}]}},"_links":{"self":[{"href":"https:\/\/sisgeo.com\/es\/wp-json\/wp\/v2\/pages\/20053","targetHints":{"allow":["GET"]}}],"collection":[{"href":"https:\/\/sisgeo.com\/es\/wp-json\/wp\/v2\/pages"}],"about":[{"href":"https:\/\/sisgeo.com\/es\/wp-json\/wp\/v2\/types\/page"}],"author":[{"embeddable":true,"href":"https:\/\/sisgeo.com\/es\/wp-json\/wp\/v2\/users\/1"}],"replies":[{"embeddable":true,"href":"https:\/\/sisgeo.com\/es\/wp-json\/wp\/v2\/comments?post=20053"}],"version-history":[{"count":6,"href":"https:\/\/sisgeo.com\/es\/wp-json\/wp\/v2\/pages\/20053\/revisions"}],"predecessor-version":[{"id":26397,"href":"https:\/\/sisgeo.com\/es\/wp-json\/wp\/v2\/pages\/20053\/revisions\/26397"}],"up":[{"embeddable":true,"href":"https:\/\/sisgeo.com\/es\/wp-json\/wp\/v2\/pages\/20007"}],"wp:attachment":[{"href":"https:\/\/sisgeo.com\/es\/wp-json\/wp\/v2\/media?parent=20053"}],"wp:term":[{"taxonomy":"category","embeddable":true,"href":"https:\/\/sisgeo.com\/es\/wp-json\/wp\/v2\/categories?post=20053"},{"taxonomy":"post_tag","embeddable":true,"href":"https:\/\/sisgeo.com\/es\/wp-json\/wp\/v2\/tags?post=20053"}],"curies":[{"name":"wp","href":"https:\/\/api.w.org\/{rel}","templated":true}]}}