{"id":20077,"date":"2023-09-22T09:22:25","date_gmt":"2023-09-22T07:22:25","guid":{"rendered":"https:\/\/sisgeo.com\/descargas\/fichas-tecnicas\/medidores-de-asentamiento\/"},"modified":"2024-03-20T11:59:42","modified_gmt":"2024-03-20T10:59:42","slug":"medidores-de-asentamiento","status":"publish","type":"page","link":"https:\/\/sisgeo.com\/es\/descargas\/fichas-tecnicas\/medidores-de-asentamiento\/","title":{"rendered":"Medidores de asentamiento"},"content":{"rendered":"\t\t<div data-elementor-type=\"wp-page\" data-elementor-id=\"20077\" class=\"elementor elementor-20077 elementor-14735\" data-elementor-post-type=\"page\">\n\t\t\t\t<div class=\"elementor-element elementor-element-cb5d006 e-flex e-con-boxed e-con e-parent\" data-id=\"cb5d006\" data-element_type=\"container\" data-e-type=\"container\">\n\t\t\t\t\t<div class=\"e-con-inner\">\n\t\t\t\t\t<\/div>\n\t\t\t\t<\/div>\n\t\t<div class=\"elementor-element elementor-element-a508917 normali e-flex e-con-boxed e-con e-parent\" data-id=\"a508917\" data-element_type=\"container\" data-e-type=\"container\">\n\t\t\t\t\t<div class=\"e-con-inner\">\n\t\t\t\t<div class=\"elementor-element elementor-element-bc9f539 elementor-widget elementor-widget-text-editor\" data-id=\"bc9f539\" data-element_type=\"widget\" data-e-type=\"widget\" data-widget_type=\"text-editor.default\">\n\t\t\t\t<div class=\"elementor-widget-container\">\n\t\t\t\t\t\t\t\t\t<p>H-Level &#8211; Sistema de monitoreo de Asentamientos<\/p>\n\t\t\t\t\t\t\t\t<\/div>\n\t\t\t\t<\/div>\n\t\t\t\t<div class=\"elementor-element elementor-element-0f06bbf elementor-widget elementor-widget-dce-filebrowser\" data-id=\"0f06bbf\" data-element_type=\"widget\" data-e-type=\"widget\" data-settings=\"{&quot;enabled_visibility&quot;:&quot;yes&quot;,&quot;dce_visibility_selected&quot;:&quot;yes&quot;}\" data-widget_type=\"dce-filebrowser.default\">\n\t\t\t\t<div class=\"elementor-widget-container\">\n\t\t\t\t\t<ul class=\"list-unstyled dce-list dce-list-root\"><li class=\"file ext-pdf\"><a class=\"block btn-block dce-file-download\" href=\"https:\/\/sisgeo.com\/wp-content\/uploads\/Prodotti\/Settlement%20gauges\/H-Level%20-%20Liquid%20Level%20Systems\/EN\/Datasheet\/H-LEVEL_EN_10_H-Level%20hydraulic%20settlement%20monitoring%20system.pdf\" target=\"_blank\" data-md5=\"da04c9df1b55b2260a6d14ecb5c62eb5\" data-original-name=\"H-LEVEL_EN_10_H-Level hydraulic settlement monitoring system.pdf\"><span class=\"middle fiv-viv fiv-icon-pdf\"><\/span><span class=\"dce-file-text\"><strong class=\"dce-file-title\">H-LEVEL_EN_10_H-Level hydraulic settlement monitoring system<\/strong><\/span><\/a><\/li><\/ul>\t\t\t\t<\/div>\n\t\t\t\t<\/div>\n\t\t<!-- dce invisible element ffb4ea6 --><!-- dce invisible element 63267d4 -->\t\t\t<\/div>\n\t\t\t\t<\/div>\n\t\t<div class=\"elementor-element elementor-element-2d23870 normali e-flex e-con-boxed e-con e-parent\" data-id=\"2d23870\" data-element_type=\"container\" data-e-type=\"container\">\n\t\t\t\t\t<div class=\"e-con-inner\">\n\t\t\t\t<div class=\"elementor-element elementor-element-4cbcff5 elementor-widget elementor-widget-text-editor\" data-id=\"4cbcff5\" data-element_type=\"widget\" data-e-type=\"widget\" data-widget_type=\"text-editor.default\">\n\t\t\t\t<div class=\"elementor-widget-container\">\n\t\t\t\t\t\t\t\t\t<p>Sistema de control de asientos multipunto<\/p>\n\t\t\t\t\t\t\t\t<\/div>\n\t\t\t\t<\/div>\n\t\t\t\t<div class=\"elementor-element elementor-element-064e7ba elementor-widget elementor-widget-dce-filebrowser\" data-id=\"064e7ba\" data-element_type=\"widget\" data-e-type=\"widget\" data-settings=\"{&quot;enabled_visibility&quot;:&quot;yes&quot;,&quot;dce_visibility_selected&quot;:&quot;yes&quot;}\" data-widget_type=\"dce-filebrowser.default\">\n\t\t\t\t<div class=\"elementor-widget-container\">\n\t\t\t\t\t<ul class=\"list-unstyled dce-list dce-list-root\"><li class=\"file ext-pdf\"><a class=\"block btn-block dce-file-download\" href=\"https:\/\/sisgeo.com\/wp-content\/uploads\/Prodotti\/Settlement%20gauges\/Multipoint%20settlement%20gauges\/EN\/Datasheet\/D422_EN_13_multipoint_settlement_systems.pdf\" target=\"_blank\" data-md5=\"0a6aa9b6e4903192e8609b6919b190c5\" data-original-name=\"D422_EN_13_multipoint_settlement_systems.pdf\"><span class=\"middle fiv-viv fiv-icon-pdf\"><\/span><span class=\"dce-file-text\"><strong class=\"dce-file-title\">D422_EN_13_multipoint_settlement_systems<\/strong><\/span><\/a><\/li><\/ul>\t\t\t\t<\/div>\n\t\t\t\t<\/div>\n\t\t<!-- dce invisible element 91a888d -->\t\t\t<\/div>\n\t\t\t\t<\/div>\n\t\t<div class=\"elementor-element elementor-element-f88ae58 normali e-flex e-con-boxed e-con e-parent\" data-id=\"f88ae58\" data-element_type=\"container\" data-e-type=\"container\">\n\t\t\t\t\t<div class=\"e-con-inner\">\n\t\t\t\t<div class=\"elementor-element elementor-element-345f084 elementor-widget elementor-widget-text-editor\" data-id=\"345f084\" data-element_type=\"widget\" data-e-type=\"widget\" data-widget_type=\"text-editor.default\">\n\t\t\t\t<div class=\"elementor-widget-container\">\n\t\t\t\t\t\t\t\t\t<p>Extens\u00f3metros magn\u00e9ticos BRS<\/p>\n\t\t\t\t\t\t\t\t<\/div>\n\t\t\t\t<\/div>\n\t\t<!-- dce invisible element bf3dd8e --><!-- dce invisible element bf2b8e6 -->\t\t<div class=\"elementor-element elementor-element-c806650 elementor-widget elementor-widget-dce-filebrowser\" data-id=\"c806650\" data-element_type=\"widget\" data-e-type=\"widget\" data-settings=\"{&quot;enabled_visibility&quot;:&quot;yes&quot;,&quot;dce_visibility_selected&quot;:&quot;yes&quot;}\" data-widget_type=\"dce-filebrowser.default\">\n\t\t\t\t<div class=\"elementor-widget-container\">\n\t\t\t\t\t<ul class=\"list-unstyled dce-list dce-list-root\"><li class=\"file ext-pdf\"><a class=\"block btn-block dce-file-download\" href=\"https:\/\/sisgeo.com\/wp-content\/uploads\/Prodotti\/Settlement%20gauges\/BRS%20Magnet%20Extensometers\/ES\/Datasheet\/D111_EN_09_magnet_extensometer.pdf\" target=\"_blank\" data-md5=\"e4c3e86cf12f4fe534c958a267097608\" data-original-name=\"D111_EN_09_magnet_extensometer.pdf\"><span class=\"middle fiv-viv fiv-icon-pdf\"><\/span><span class=\"dce-file-text\"><strong class=\"dce-file-title\">D111_EN_09_magnet_extensometer<\/strong><\/span><\/a><\/li><\/ul>\t\t\t\t<\/div>\n\t\t\t\t<\/div>\n\t\t\t\t\t<\/div>\n\t\t\t\t<\/div>\n\t\t<div class=\"elementor-element elementor-element-e1adc36 normali e-flex e-con-boxed e-con e-parent\" data-id=\"e1adc36\" data-element_type=\"container\" data-e-type=\"container\">\n\t\t\t\t\t<div class=\"e-con-inner\">\n\t\t\t\t<div class=\"elementor-element elementor-element-0f49181 elementor-widget elementor-widget-text-editor\" data-id=\"0f49181\" data-element_type=\"widget\" data-e-type=\"widget\" data-widget_type=\"text-editor.default\">\n\t\t\t\t<div class=\"elementor-widget-container\">\n\t\t\t\t\t\t\t\t\t<p>Extens\u00f3metros fijos<\/p>\n\t\t\t\t\t\t\t\t<\/div>\n\t\t\t\t<\/div>\n\t\t<!-- dce invisible element 9516b0f --><!-- dce invisible element e3ae3af -->\t\t<div class=\"elementor-element elementor-element-8bd2adf elementor-widget elementor-widget-dce-filebrowser\" data-id=\"8bd2adf\" data-element_type=\"widget\" data-e-type=\"widget\" data-settings=\"{&quot;enabled_visibility&quot;:&quot;yes&quot;,&quot;dce_visibility_selected&quot;:&quot;yes&quot;}\" data-widget_type=\"dce-filebrowser.default\">\n\t\t\t\t<div class=\"elementor-widget-container\">\n\t\t\t\t\t<ul class=\"list-unstyled dce-list dce-list-root\"><li class=\"file ext-pdf\"><a class=\"block btn-block dce-file-download\" href=\"https:\/\/sisgeo.com\/wp-content\/uploads\/Prodotti\/Settlement%20gauges\/Fixed%20Extensometers\/ES\/Datasheet\/D100_ES_10_extensometros_fijos.pdf\" target=\"_blank\" data-md5=\"7f9490eb50d61b1378a3126c5c89cfb0\" data-original-name=\"D100_ES_10_extensometros_fijos.pdf\"><span class=\"middle fiv-viv fiv-icon-pdf\"><\/span><span class=\"dce-file-text\"><strong class=\"dce-file-title\">D100_ES_10_extensometros_fijos<\/strong><\/span><\/a><\/li><\/ul>\t\t\t\t<\/div>\n\t\t\t\t<\/div>\n\t\t\t\t\t<\/div>\n\t\t\t\t<\/div>\n\t\t<div class=\"elementor-element elementor-element-2285fb8 normali e-flex e-con-boxed e-con e-parent\" data-id=\"2285fb8\" data-element_type=\"container\" data-e-type=\"container\">\n\t\t\t\t\t<div class=\"e-con-inner\">\n\t\t\t\t<div class=\"elementor-element elementor-element-9f87614 elementor-widget elementor-widget-text-editor\" data-id=\"9f87614\" data-element_type=\"widget\" data-e-type=\"widget\" data-widget_type=\"text-editor.default\">\n\t\t\t\t<div class=\"elementor-widget-container\">\n\t\t\t\t\t\t\t\t\t<p>Pernos, prismas y targets<\/p>\n\t\t\t\t\t\t\t\t<\/div>\n\t\t\t\t<\/div>\n\t\t<!-- dce invisible element a808b67 --><!-- dce invisible element c79662d -->\t\t<div class=\"elementor-element elementor-element-8ba40e4 elementor-widget elementor-widget-dce-filebrowser\" data-id=\"8ba40e4\" data-element_type=\"widget\" data-e-type=\"widget\" data-settings=\"{&quot;enabled_visibility&quot;:&quot;yes&quot;,&quot;dce_visibility_selected&quot;:&quot;yes&quot;}\" data-widget_type=\"dce-filebrowser.default\">\n\t\t\t\t<div class=\"elementor-widget-container\">\n\t\t\t\t\t<ul class=\"list-unstyled dce-list dce-list-root\"><li class=\"file ext-pdf\"><a class=\"block btn-block dce-file-download\" href=\"https:\/\/sisgeo.com\/wp-content\/uploads\/Prodotti\/Settlement%20gauges\/Topographic%20accessories\/ES\/Datasheet\/GC00_ES_04_PERNOS-PRISMAS-Y-TARGETS.pdf\" target=\"_blank\" data-md5=\"c90e834a47d12b1df3c7b1f5b750c1c6\" data-original-name=\"GC00_ES_04_PERNOS-PRISMAS-Y-TARGETS.pdf\"><span class=\"middle fiv-viv fiv-icon-pdf\"><\/span><span class=\"dce-file-text\"><strong class=\"dce-file-title\">GC00_ES_04_PERNOS-PRISMAS-Y-TARGETS<\/strong><\/span><\/a><\/li><\/ul>\t\t\t\t<\/div>\n\t\t\t\t<\/div>\n\t\t\t\t\t<\/div>\n\t\t\t\t<\/div>\n\t\t\t\t<\/div>\n\t\t","protected":false},"excerpt":{"rendered":"<p>H-Level &#8211; Sistema de monitoreo de Asentamientos H-LEVEL_EN_10_H-Level hydraulic settlement monitoring system H-LEVEL_FR_10_H-Level systeme tassometre hydraulique H-LEVEL_IT_10_H-Level hydraulic settlement monitoring system Sistema de control de asientos multipunto D422_EN_13_Multipoint_Settlement_Systems D422_EN_13_Multipoint_Settlement_Systems D422_FR_12_multipoint_settlement_systems Extens\u00f3metros magn\u00e9ticos BRS D111_EN_08_magnet_extensometers D111_FR_08_extensometre-magnetique D111_ESP_08_Extensometro_Magnetico Extens\u00f3metros fijos D100_EN_10_fixed_extensometer D100_FR_10_extensometres_fixes D100_ES_10_extensometros_fijos Pernos, prismas y targets GC00_EN_04_PRISM_AND_TARGETS GC00_FR_04_PRISMES_ET_CIBLES GC00_ES_04_PERNOS-PRISMAS-Y-TARGETS<\/p>\n","protected":false},"author":1,"featured_media":0,"parent":20007,"menu_order":0,"comment_status":"closed","ping_status":"closed","template":"","meta":{"footnotes":""},"categories":[],"tags":[],"class_list":["post-20077","page","type-page","status-publish","hentry"],"yoast_head":"<!-- This site is optimized with the Yoast SEO Premium plugin v27.2 (Yoast SEO v27.2) - https:\/\/yoast.com\/product\/yoast-seo-premium-wordpress\/ -->\n<title>Medidores de asentamiento - Sisgeo<\/title>\n<meta name=\"robots\" content=\"index, follow, max-snippet:-1, max-image-preview:large, max-video-preview:-1\" \/>\n<link rel=\"canonical\" href=\"https:\/\/sisgeo.com\/es\/descargas\/fichas-tecnicas\/medidores-de-asentamiento\/\" \/>\n<meta property=\"og:locale\" content=\"es_ES\" \/>\n<meta property=\"og:type\" content=\"article\" \/>\n<meta property=\"og:title\" content=\"Medidores de asentamiento\" \/>\n<meta property=\"og:description\" content=\"H-Level &#8211; Sistema de monitoreo de Asentamientos H-LEVEL_EN_10_H-Level hydraulic settlement monitoring system H-LEVEL_FR_10_H-Level systeme tassometre hydraulique H-LEVEL_IT_10_H-Level hydraulic settlement monitoring system Sistema de control de asientos multipunto D422_EN_13_Multipoint_Settlement_Systems D422_EN_13_Multipoint_Settlement_Systems D422_FR_12_multipoint_settlement_systems Extens\u00f3metros magn\u00e9ticos BRS D111_EN_08_magnet_extensometers D111_FR_08_extensometre-magnetique D111_ESP_08_Extensometro_Magnetico Extens\u00f3metros fijos D100_EN_10_fixed_extensometer D100_FR_10_extensometres_fixes D100_ES_10_extensometros_fijos Pernos, prismas y targets GC00_EN_04_PRISM_AND_TARGETS GC00_FR_04_PRISMES_ET_CIBLES GC00_ES_04_PERNOS-PRISMAS-Y-TARGETS\" \/>\n<meta property=\"og:url\" content=\"https:\/\/sisgeo.com\/es\/descargas\/fichas-tecnicas\/medidores-de-asentamiento\/\" \/>\n<meta property=\"og:site_name\" content=\"Sisgeo\" \/>\n<meta property=\"article:modified_time\" content=\"2024-03-20T10:59:42+00:00\" \/>\n<meta name=\"twitter:card\" content=\"summary_large_image\" \/>\n<script type=\"application\/ld+json\" class=\"yoast-schema-graph\">{\"@context\":\"https:\/\/schema.org\",\"@graph\":[{\"@type\":\"WebPage\",\"@id\":\"https:\/\/sisgeo.com\/es\/descargas\/fichas-tecnicas\/medidores-de-asentamiento\/\",\"url\":\"https:\/\/sisgeo.com\/es\/descargas\/fichas-tecnicas\/medidores-de-asentamiento\/\",\"name\":\"Medidores de asentamiento - Sisgeo\",\"isPartOf\":{\"@id\":\"https:\/\/sisgeo.com\/es\/#website\"},\"datePublished\":\"2023-09-22T07:22:25+00:00\",\"dateModified\":\"2024-03-20T10:59:42+00:00\",\"breadcrumb\":{\"@id\":\"https:\/\/sisgeo.com\/es\/descargas\/fichas-tecnicas\/medidores-de-asentamiento\/#breadcrumb\"},\"inLanguage\":\"es\",\"potentialAction\":[{\"@type\":\"ReadAction\",\"target\":[\"https:\/\/sisgeo.com\/es\/descargas\/fichas-tecnicas\/medidores-de-asentamiento\/\"]}]},{\"@type\":\"BreadcrumbList\",\"@id\":\"https:\/\/sisgeo.com\/es\/descargas\/fichas-tecnicas\/medidores-de-asentamiento\/#breadcrumb\",\"itemListElement\":[{\"@type\":\"ListItem\",\"position\":1,\"name\":\"Home\",\"item\":\"https:\/\/sisgeo.com\/es\/geotechnical-and-structural-instrumentation-for-shm\/\"},{\"@type\":\"ListItem\",\"position\":2,\"name\":\"\u00c1rea de descargas\",\"item\":\"https:\/\/sisgeo.com\/es\/descargas\/\"},{\"@type\":\"ListItem\",\"position\":3,\"name\":\"Fichas t\u00e9cnicas\",\"item\":\"https:\/\/sisgeo.com\/es\/descargas\/fichas-tecnicas\/\"},{\"@type\":\"ListItem\",\"position\":4,\"name\":\"Medidores de asentamiento\"}]},{\"@type\":\"WebSite\",\"@id\":\"https:\/\/sisgeo.com\/es\/#website\",\"url\":\"https:\/\/sisgeo.com\/es\/\",\"name\":\"Sisgeo\",\"description\":\"Inclined to improvement\",\"publisher\":{\"@id\":\"https:\/\/sisgeo.com\/es\/#organization\"},\"potentialAction\":[{\"@type\":\"SearchAction\",\"target\":{\"@type\":\"EntryPoint\",\"urlTemplate\":\"https:\/\/sisgeo.com\/es\/?s={search_term_string}\"},\"query-input\":{\"@type\":\"PropertyValueSpecification\",\"valueRequired\":true,\"valueName\":\"search_term_string\"}}],\"inLanguage\":\"es\"},{\"@type\":\"Organization\",\"@id\":\"https:\/\/sisgeo.com\/es\/#organization\",\"name\":\"Sisgeo S.r.l.\",\"url\":\"https:\/\/sisgeo.com\/es\/\",\"logo\":{\"@type\":\"ImageObject\",\"inLanguage\":\"es\",\"@id\":\"https:\/\/sisgeo.com\/es\/#\/schema\/logo\/image\/\",\"url\":\"https:\/\/sisgeodev.pipehosting.it\/wp-content\/uploads\/2023\/06\/logo-RGB.png\",\"contentUrl\":\"https:\/\/sisgeodev.pipehosting.it\/wp-content\/uploads\/2023\/06\/logo-RGB.png\",\"width\":205,\"height\":97,\"caption\":\"Sisgeo S.r.l.\"},\"image\":{\"@id\":\"https:\/\/sisgeo.com\/es\/#\/schema\/logo\/image\/\"}}]}<\/script>\n<!-- \/ Yoast SEO Premium plugin. -->","yoast_head_json":{"title":"Medidores de asentamiento - Sisgeo","robots":{"index":"index","follow":"follow","max-snippet":"max-snippet:-1","max-image-preview":"max-image-preview:large","max-video-preview":"max-video-preview:-1"},"canonical":"https:\/\/sisgeo.com\/es\/descargas\/fichas-tecnicas\/medidores-de-asentamiento\/","og_locale":"es_ES","og_type":"article","og_title":"Medidores de asentamiento","og_description":"H-Level &#8211; Sistema de monitoreo de Asentamientos H-LEVEL_EN_10_H-Level hydraulic settlement monitoring system H-LEVEL_FR_10_H-Level systeme tassometre hydraulique H-LEVEL_IT_10_H-Level hydraulic settlement monitoring system Sistema de control de asientos multipunto D422_EN_13_Multipoint_Settlement_Systems D422_EN_13_Multipoint_Settlement_Systems D422_FR_12_multipoint_settlement_systems Extens\u00f3metros magn\u00e9ticos BRS D111_EN_08_magnet_extensometers D111_FR_08_extensometre-magnetique D111_ESP_08_Extensometro_Magnetico Extens\u00f3metros fijos D100_EN_10_fixed_extensometer D100_FR_10_extensometres_fixes D100_ES_10_extensometros_fijos Pernos, prismas y targets GC00_EN_04_PRISM_AND_TARGETS GC00_FR_04_PRISMES_ET_CIBLES GC00_ES_04_PERNOS-PRISMAS-Y-TARGETS","og_url":"https:\/\/sisgeo.com\/es\/descargas\/fichas-tecnicas\/medidores-de-asentamiento\/","og_site_name":"Sisgeo","article_modified_time":"2024-03-20T10:59:42+00:00","twitter_card":"summary_large_image","schema":{"@context":"https:\/\/schema.org","@graph":[{"@type":"WebPage","@id":"https:\/\/sisgeo.com\/es\/descargas\/fichas-tecnicas\/medidores-de-asentamiento\/","url":"https:\/\/sisgeo.com\/es\/descargas\/fichas-tecnicas\/medidores-de-asentamiento\/","name":"Medidores de asentamiento - Sisgeo","isPartOf":{"@id":"https:\/\/sisgeo.com\/es\/#website"},"datePublished":"2023-09-22T07:22:25+00:00","dateModified":"2024-03-20T10:59:42+00:00","breadcrumb":{"@id":"https:\/\/sisgeo.com\/es\/descargas\/fichas-tecnicas\/medidores-de-asentamiento\/#breadcrumb"},"inLanguage":"es","potentialAction":[{"@type":"ReadAction","target":["https:\/\/sisgeo.com\/es\/descargas\/fichas-tecnicas\/medidores-de-asentamiento\/"]}]},{"@type":"BreadcrumbList","@id":"https:\/\/sisgeo.com\/es\/descargas\/fichas-tecnicas\/medidores-de-asentamiento\/#breadcrumb","itemListElement":[{"@type":"ListItem","position":1,"name":"Home","item":"https:\/\/sisgeo.com\/es\/geotechnical-and-structural-instrumentation-for-shm\/"},{"@type":"ListItem","position":2,"name":"\u00c1rea de descargas","item":"https:\/\/sisgeo.com\/es\/descargas\/"},{"@type":"ListItem","position":3,"name":"Fichas t\u00e9cnicas","item":"https:\/\/sisgeo.com\/es\/descargas\/fichas-tecnicas\/"},{"@type":"ListItem","position":4,"name":"Medidores de asentamiento"}]},{"@type":"WebSite","@id":"https:\/\/sisgeo.com\/es\/#website","url":"https:\/\/sisgeo.com\/es\/","name":"Sisgeo","description":"Inclined to improvement","publisher":{"@id":"https:\/\/sisgeo.com\/es\/#organization"},"potentialAction":[{"@type":"SearchAction","target":{"@type":"EntryPoint","urlTemplate":"https:\/\/sisgeo.com\/es\/?s={search_term_string}"},"query-input":{"@type":"PropertyValueSpecification","valueRequired":true,"valueName":"search_term_string"}}],"inLanguage":"es"},{"@type":"Organization","@id":"https:\/\/sisgeo.com\/es\/#organization","name":"Sisgeo S.r.l.","url":"https:\/\/sisgeo.com\/es\/","logo":{"@type":"ImageObject","inLanguage":"es","@id":"https:\/\/sisgeo.com\/es\/#\/schema\/logo\/image\/","url":"https:\/\/sisgeodev.pipehosting.it\/wp-content\/uploads\/2023\/06\/logo-RGB.png","contentUrl":"https:\/\/sisgeodev.pipehosting.it\/wp-content\/uploads\/2023\/06\/logo-RGB.png","width":205,"height":97,"caption":"Sisgeo S.r.l."},"image":{"@id":"https:\/\/sisgeo.com\/es\/#\/schema\/logo\/image\/"}}]}},"_links":{"self":[{"href":"https:\/\/sisgeo.com\/es\/wp-json\/wp\/v2\/pages\/20077","targetHints":{"allow":["GET"]}}],"collection":[{"href":"https:\/\/sisgeo.com\/es\/wp-json\/wp\/v2\/pages"}],"about":[{"href":"https:\/\/sisgeo.com\/es\/wp-json\/wp\/v2\/types\/page"}],"author":[{"embeddable":true,"href":"https:\/\/sisgeo.com\/es\/wp-json\/wp\/v2\/users\/1"}],"replies":[{"embeddable":true,"href":"https:\/\/sisgeo.com\/es\/wp-json\/wp\/v2\/comments?post=20077"}],"version-history":[{"count":2,"href":"https:\/\/sisgeo.com\/es\/wp-json\/wp\/v2\/pages\/20077\/revisions"}],"predecessor-version":[{"id":24628,"href":"https:\/\/sisgeo.com\/es\/wp-json\/wp\/v2\/pages\/20077\/revisions\/24628"}],"up":[{"embeddable":true,"href":"https:\/\/sisgeo.com\/es\/wp-json\/wp\/v2\/pages\/20007"}],"wp:attachment":[{"href":"https:\/\/sisgeo.com\/es\/wp-json\/wp\/v2\/media?parent=20077"}],"wp:term":[{"taxonomy":"category","embeddable":true,"href":"https:\/\/sisgeo.com\/es\/wp-json\/wp\/v2\/categories?post=20077"},{"taxonomy":"post_tag","embeddable":true,"href":"https:\/\/sisgeo.com\/es\/wp-json\/wp\/v2\/tags?post=20077"}],"curies":[{"name":"wp","href":"https:\/\/api.w.org\/{rel}","templated":true}]}}