{"id":20150,"date":"2023-09-22T09:38:07","date_gmt":"2023-09-22T07:38:07","guid":{"rendered":"https:\/\/sisgeo.com\/descargas\/manuales\/medidores-de-asentamiento\/"},"modified":"2023-12-07T16:34:46","modified_gmt":"2023-12-07T15:34:46","slug":"medidores-de-asentamiento","status":"publish","type":"page","link":"https:\/\/sisgeo.com\/es\/descargas\/manuales\/medidores-de-asentamiento\/","title":{"rendered":"Medidores de asentamiento"},"content":{"rendered":"\t\t<div data-elementor-type=\"wp-page\" data-elementor-id=\"20150\" class=\"elementor elementor-20150 elementor-14743\" data-elementor-post-type=\"page\">\n\t\t\t\t<div class=\"elementor-element elementor-element-cb5d006 e-flex e-con-boxed e-con e-parent\" data-id=\"cb5d006\" data-element_type=\"container\" data-e-type=\"container\">\n\t\t\t\t\t<div class=\"e-con-inner\">\n\t\t\t\t\t<\/div>\n\t\t\t\t<\/div>\n\t\t<div class=\"elementor-element elementor-element-a508917 normali e-flex e-con-boxed e-con e-parent\" data-id=\"a508917\" data-element_type=\"container\" data-e-type=\"container\">\n\t\t\t\t\t<div class=\"e-con-inner\">\n\t\t\t\t<div class=\"elementor-element elementor-element-bc9f539 elementor-widget elementor-widget-text-editor\" data-id=\"bc9f539\" data-element_type=\"widget\" data-e-type=\"widget\" data-widget_type=\"text-editor.default\">\n\t\t\t\t<div class=\"elementor-widget-container\">\n\t\t\t\t\t\t\t\t\t<p>H-Level &#8211; Sistema de monitoreo de Asentamientos<\/p>\n\t\t\t\t\t\t\t\t<\/div>\n\t\t\t\t<\/div>\n\t\t<div class=\"elementor-element elementor-element-717641b e-flex e-con-boxed e-con e-child\" data-id=\"717641b\" data-element_type=\"container\" data-e-type=\"container\" data-settings=\"{&quot;enabled_visibility&quot;:&quot;yes&quot;,&quot;dce_visibility_selected&quot;:&quot;yes&quot;}\">\n\t\t\t\t\t<div class=\"e-con-inner\">\n\t\t\t\t<div class=\"elementor-element elementor-element-d98ce81 elementor-view-default elementor-widget elementor-widget-icon\" data-id=\"d98ce81\" data-element_type=\"widget\" data-e-type=\"widget\" data-widget_type=\"icon.default\">\n\t\t\t\t<div class=\"elementor-widget-container\">\n\t\t\t\t\t\t\t<div class=\"elementor-icon-wrapper\">\n\t\t\t<a class=\"elementor-icon\" href=\"\/wp-login.php\">\n\t\t\t<svg xmlns=\"http:\/\/www.w3.org\/2000\/svg\" width=\"36\" height=\"34\" viewBox=\"0 0 36 34\" fill=\"none\"><path fill-rule=\"evenodd\" clip-rule=\"evenodd\" d=\"M0.5 33.6683H35.5V32.1677H0.5V33.6683Z\" fill=\"black\"><\/path><path fill-rule=\"evenodd\" clip-rule=\"evenodd\" d=\"M17.3679 0.911133V26.0091L8.71256 17.0458L7.61621 18.1655L18.1341 28.9214L28.6162 18.1655L27.5206 17.0458L18.9018 26.0091V0.911133H17.3679Z\" fill=\"black\"><\/path><\/svg>\t\t\t<\/a>\n\t\t<\/div>\n\t\t\t\t\t\t<\/div>\n\t\t\t\t<\/div>\n\t\t\t\t<div class=\"elementor-element elementor-element-15890b7 elementor-widget elementor-widget-heading\" data-id=\"15890b7\" data-element_type=\"widget\" data-e-type=\"widget\" data-widget_type=\"heading.default\">\n\t\t\t\t<div class=\"elementor-widget-container\">\n\t\t\t\t\t<p class=\"elementor-heading-title elementor-size-default\"><a href=\"\/wp-login.php\">inicia sesi\u00f3n para descargar el manual<\/a><\/p>\t\t\t\t<\/div>\n\t\t\t\t<\/div>\n\t\t\t\t\t<\/div>\n\t\t\t\t<\/div>\n\t\t<!-- dce invisible element 0f06bbf --><!-- dce invisible element ffb4ea6 --><!-- dce invisible element eed17ab -->\t\t\t<\/div>\n\t\t\t\t<\/div>\n\t\t<div class=\"elementor-element elementor-element-2d23870 normali e-flex e-con-boxed e-con e-parent\" data-id=\"2d23870\" data-element_type=\"container\" data-e-type=\"container\">\n\t\t\t\t\t<div class=\"e-con-inner\">\n\t\t\t\t<div class=\"elementor-element elementor-element-4cbcff5 elementor-widget elementor-widget-text-editor\" data-id=\"4cbcff5\" data-element_type=\"widget\" data-e-type=\"widget\" data-widget_type=\"text-editor.default\">\n\t\t\t\t<div class=\"elementor-widget-container\">\n\t\t\t\t\t\t\t\t\t<p>Sistema de control de asientos multipunto<\/p>\n\t\t\t\t\t\t\t\t<\/div>\n\t\t\t\t<\/div>\n\t\t<div class=\"elementor-element elementor-element-76c5723 e-flex e-con-boxed e-con e-child\" data-id=\"76c5723\" data-element_type=\"container\" data-e-type=\"container\" data-settings=\"{&quot;enabled_visibility&quot;:&quot;yes&quot;,&quot;dce_visibility_selected&quot;:&quot;yes&quot;}\">\n\t\t\t\t\t<div class=\"e-con-inner\">\n\t\t\t\t<div class=\"elementor-element elementor-element-8eeec8c elementor-view-default elementor-widget elementor-widget-icon\" data-id=\"8eeec8c\" data-element_type=\"widget\" data-e-type=\"widget\" data-widget_type=\"icon.default\">\n\t\t\t\t<div class=\"elementor-widget-container\">\n\t\t\t\t\t\t\t<div class=\"elementor-icon-wrapper\">\n\t\t\t<a class=\"elementor-icon\" href=\"\/wp-login.php\">\n\t\t\t<svg xmlns=\"http:\/\/www.w3.org\/2000\/svg\" width=\"36\" height=\"34\" viewBox=\"0 0 36 34\" fill=\"none\"><path fill-rule=\"evenodd\" clip-rule=\"evenodd\" d=\"M0.5 33.6683H35.5V32.1677H0.5V33.6683Z\" fill=\"black\"><\/path><path fill-rule=\"evenodd\" clip-rule=\"evenodd\" d=\"M17.3679 0.911133V26.0091L8.71256 17.0458L7.61621 18.1655L18.1341 28.9214L28.6162 18.1655L27.5206 17.0458L18.9018 26.0091V0.911133H17.3679Z\" fill=\"black\"><\/path><\/svg>\t\t\t<\/a>\n\t\t<\/div>\n\t\t\t\t\t\t<\/div>\n\t\t\t\t<\/div>\n\t\t\t\t<div class=\"elementor-element elementor-element-6190093 elementor-widget elementor-widget-heading\" data-id=\"6190093\" data-element_type=\"widget\" data-e-type=\"widget\" data-widget_type=\"heading.default\">\n\t\t\t\t<div class=\"elementor-widget-container\">\n\t\t\t\t\t<p class=\"elementor-heading-title elementor-size-default\"><a href=\"\/wp-login.php\">inicia sesi\u00f3n para descargar el manual<\/a><\/p>\t\t\t\t<\/div>\n\t\t\t\t<\/div>\n\t\t\t\t\t<\/div>\n\t\t\t\t<\/div>\n\t\t<!-- dce invisible element 064e7ba --><!-- dce invisible element 84d983a --><!-- dce invisible element f3bdb72 --><!-- dce invisible element 625f8d3 --><!-- dce invisible element 14c7374 -->\t\t\t<\/div>\n\t\t\t\t<\/div>\n\t\t<div class=\"elementor-element elementor-element-f88ae58 normali e-flex e-con-boxed e-con e-parent\" data-id=\"f88ae58\" data-element_type=\"container\" data-e-type=\"container\">\n\t\t\t\t\t<div class=\"e-con-inner\">\n\t\t\t\t<div class=\"elementor-element elementor-element-345f084 elementor-widget elementor-widget-text-editor\" data-id=\"345f084\" data-element_type=\"widget\" data-e-type=\"widget\" data-widget_type=\"text-editor.default\">\n\t\t\t\t<div class=\"elementor-widget-container\">\n\t\t\t\t\t\t\t\t\t<p>Extens\u00f3metros magn\u00e9ticos BRS<\/p>\n\t\t\t\t\t\t\t\t<\/div>\n\t\t\t\t<\/div>\n\t\t<div class=\"elementor-element elementor-element-d23d53a e-flex e-con-boxed e-con e-child\" data-id=\"d23d53a\" data-element_type=\"container\" data-e-type=\"container\" data-settings=\"{&quot;enabled_visibility&quot;:&quot;yes&quot;,&quot;dce_visibility_selected&quot;:&quot;yes&quot;}\">\n\t\t\t\t\t<div class=\"e-con-inner\">\n\t\t\t\t<div class=\"elementor-element elementor-element-b739bb9 elementor-view-default elementor-widget elementor-widget-icon\" data-id=\"b739bb9\" data-element_type=\"widget\" data-e-type=\"widget\" data-widget_type=\"icon.default\">\n\t\t\t\t<div class=\"elementor-widget-container\">\n\t\t\t\t\t\t\t<div class=\"elementor-icon-wrapper\">\n\t\t\t<a class=\"elementor-icon\" href=\"\/wp-login.php\">\n\t\t\t<svg xmlns=\"http:\/\/www.w3.org\/2000\/svg\" width=\"36\" height=\"34\" viewBox=\"0 0 36 34\" fill=\"none\"><path fill-rule=\"evenodd\" clip-rule=\"evenodd\" d=\"M0.5 33.6683H35.5V32.1677H0.5V33.6683Z\" fill=\"black\"><\/path><path fill-rule=\"evenodd\" clip-rule=\"evenodd\" d=\"M17.3679 0.911133V26.0091L8.71256 17.0458L7.61621 18.1655L18.1341 28.9214L28.6162 18.1655L27.5206 17.0458L18.9018 26.0091V0.911133H17.3679Z\" fill=\"black\"><\/path><\/svg>\t\t\t<\/a>\n\t\t<\/div>\n\t\t\t\t\t\t<\/div>\n\t\t\t\t<\/div>\n\t\t\t\t<div class=\"elementor-element elementor-element-1f14caf elementor-widget elementor-widget-heading\" data-id=\"1f14caf\" data-element_type=\"widget\" data-e-type=\"widget\" data-widget_type=\"heading.default\">\n\t\t\t\t<div class=\"elementor-widget-container\">\n\t\t\t\t\t<p class=\"elementor-heading-title elementor-size-default\"><a href=\"\/wp-login.php\">inicia sesi\u00f3n para descargar el manual<\/a><\/p>\t\t\t\t<\/div>\n\t\t\t\t<\/div>\n\t\t\t\t\t<\/div>\n\t\t\t\t<\/div>\n\t\t<!-- dce invisible element bf3dd8e --><!-- dce invisible element bf2b8e6 -->\t\t\t<\/div>\n\t\t\t\t<\/div>\n\t\t<div class=\"elementor-element elementor-element-e1adc36 normali e-flex e-con-boxed e-con e-parent\" data-id=\"e1adc36\" data-element_type=\"container\" data-e-type=\"container\">\n\t\t\t\t\t<div class=\"e-con-inner\">\n\t\t\t\t<div class=\"elementor-element elementor-element-0f49181 elementor-widget elementor-widget-text-editor\" data-id=\"0f49181\" data-element_type=\"widget\" data-e-type=\"widget\" data-widget_type=\"text-editor.default\">\n\t\t\t\t<div class=\"elementor-widget-container\">\n\t\t\t\t\t\t\t\t\t<p>Extens\u00f3metros fijos<\/p>\n\t\t\t\t\t\t\t\t<\/div>\n\t\t\t\t<\/div>\n\t\t<div class=\"elementor-element elementor-element-f7f1022 e-flex e-con-boxed e-con e-child\" data-id=\"f7f1022\" data-element_type=\"container\" data-e-type=\"container\" data-settings=\"{&quot;enabled_visibility&quot;:&quot;yes&quot;,&quot;dce_visibility_selected&quot;:&quot;yes&quot;}\">\n\t\t\t\t\t<div class=\"e-con-inner\">\n\t\t\t\t<div class=\"elementor-element elementor-element-afd6ca1 elementor-view-default elementor-widget elementor-widget-icon\" data-id=\"afd6ca1\" data-element_type=\"widget\" data-e-type=\"widget\" data-widget_type=\"icon.default\">\n\t\t\t\t<div class=\"elementor-widget-container\">\n\t\t\t\t\t\t\t<div class=\"elementor-icon-wrapper\">\n\t\t\t<a class=\"elementor-icon\" href=\"\/wp-login.php\">\n\t\t\t<svg xmlns=\"http:\/\/www.w3.org\/2000\/svg\" width=\"36\" height=\"34\" viewBox=\"0 0 36 34\" fill=\"none\"><path fill-rule=\"evenodd\" clip-rule=\"evenodd\" d=\"M0.5 33.6683H35.5V32.1677H0.5V33.6683Z\" fill=\"black\"><\/path><path fill-rule=\"evenodd\" clip-rule=\"evenodd\" d=\"M17.3679 0.911133V26.0091L8.71256 17.0458L7.61621 18.1655L18.1341 28.9214L28.6162 18.1655L27.5206 17.0458L18.9018 26.0091V0.911133H17.3679Z\" fill=\"black\"><\/path><\/svg>\t\t\t<\/a>\n\t\t<\/div>\n\t\t\t\t\t\t<\/div>\n\t\t\t\t<\/div>\n\t\t\t\t<div class=\"elementor-element elementor-element-0be8fca elementor-widget elementor-widget-heading\" data-id=\"0be8fca\" data-element_type=\"widget\" data-e-type=\"widget\" data-widget_type=\"heading.default\">\n\t\t\t\t<div class=\"elementor-widget-container\">\n\t\t\t\t\t<p class=\"elementor-heading-title elementor-size-default\"><a href=\"\/wp-login.php\">inicia sesi\u00f3n para descargar el manual<\/a><\/p>\t\t\t\t<\/div>\n\t\t\t\t<\/div>\n\t\t\t\t\t<\/div>\n\t\t\t\t<\/div>\n\t\t<!-- dce invisible element 9516b0f --><!-- dce invisible element 39e5b09 --><!-- dce invisible element 578f975 --><!-- dce invisible element dc11bad --><!-- dce invisible element 6745ee2 -->\t\t\t<\/div>\n\t\t\t\t<\/div>\n\t\t\t\t<\/div>\n\t\t","protected":false},"excerpt":{"rendered":"<p>H-Level &#8211; Sistema de monitoreo de Asentamientos inicia sesi\u00f3n para descargar el manual H-LEVEL_USER_MANUAL_EN_04_21_1 SISGEO MODBUS protocol manual &#8211; EN_05_20 SISGEO_digitized_instruments_-_Modbus_protocol_specification Sistema de control de asientos multipunto inicia sesi\u00f3n para descargar el manual Multipoint_settlement_system_D422_EN_01_22 ADDENDUM_-_DATA_PROCESSING_-_EN_00 ADDENDUM_-_PROCESAMIENTO_DEL_DATO_- ADDENDUM_-_TRAITEMENT_DES_DONNEES ADDENDUM_ELABORAZIONE_DATI_-_IT_00 Extens\u00f3metros magn\u00e9ticos BRS inicia sesi\u00f3n para descargar el manual BRS_Magnet_Extensometer_EN_00_20_ BRS_Extensometre_magnetique_FR_00_20_ Extens\u00f3metros fijos inicia sesi\u00f3n para descargar [&hellip;]<\/p>\n","protected":false},"author":1,"featured_media":0,"parent":20094,"menu_order":0,"comment_status":"closed","ping_status":"closed","template":"","meta":{"footnotes":""},"categories":[],"tags":[],"class_list":["post-20150","page","type-page","status-publish","hentry"],"yoast_head":"<!-- This site is optimized with the Yoast SEO Premium plugin v27.2 (Yoast SEO v27.2) - https:\/\/yoast.com\/product\/yoast-seo-premium-wordpress\/ -->\n<title>Medidores de asentamiento - Sisgeo<\/title>\n<meta name=\"robots\" content=\"index, follow, max-snippet:-1, max-image-preview:large, max-video-preview:-1\" \/>\n<link rel=\"canonical\" href=\"https:\/\/sisgeo.com\/es\/descargas\/manuales\/medidores-de-asentamiento\/\" \/>\n<meta property=\"og:locale\" content=\"es_ES\" \/>\n<meta property=\"og:type\" content=\"article\" \/>\n<meta property=\"og:title\" content=\"Medidores de asentamiento\" \/>\n<meta property=\"og:description\" content=\"H-Level &#8211; Sistema de monitoreo de Asentamientos inicia sesi\u00f3n para descargar el manual H-LEVEL_USER_MANUAL_EN_04_21_1 SISGEO MODBUS protocol manual &#8211; EN_05_20 SISGEO_digitized_instruments_-_Modbus_protocol_specification Sistema de control de asientos multipunto inicia sesi\u00f3n para descargar el manual Multipoint_settlement_system_D422_EN_01_22 ADDENDUM_-_DATA_PROCESSING_-_EN_00 ADDENDUM_-_PROCESAMIENTO_DEL_DATO_- ADDENDUM_-_TRAITEMENT_DES_DONNEES ADDENDUM_ELABORAZIONE_DATI_-_IT_00 Extens\u00f3metros magn\u00e9ticos BRS inicia sesi\u00f3n para descargar el manual BRS_Magnet_Extensometer_EN_00_20_ BRS_Extensometre_magnetique_FR_00_20_ Extens\u00f3metros fijos inicia sesi\u00f3n para descargar [&hellip;]\" \/>\n<meta property=\"og:url\" content=\"https:\/\/sisgeo.com\/es\/descargas\/manuales\/medidores-de-asentamiento\/\" \/>\n<meta property=\"og:site_name\" content=\"Sisgeo\" \/>\n<meta property=\"article:modified_time\" content=\"2023-12-07T15:34:46+00:00\" \/>\n<meta name=\"twitter:card\" content=\"summary_large_image\" \/>\n<meta name=\"twitter:label1\" content=\"Tiempo de lectura\" \/>\n\t<meta name=\"twitter:data1\" content=\"1 minuto\" \/>\n<script type=\"application\/ld+json\" class=\"yoast-schema-graph\">{\"@context\":\"https:\/\/schema.org\",\"@graph\":[{\"@type\":\"WebPage\",\"@id\":\"https:\/\/sisgeo.com\/es\/descargas\/manuales\/medidores-de-asentamiento\/\",\"url\":\"https:\/\/sisgeo.com\/es\/descargas\/manuales\/medidores-de-asentamiento\/\",\"name\":\"Medidores de asentamiento - Sisgeo\",\"isPartOf\":{\"@id\":\"https:\/\/sisgeo.com\/es\/#website\"},\"datePublished\":\"2023-09-22T07:38:07+00:00\",\"dateModified\":\"2023-12-07T15:34:46+00:00\",\"breadcrumb\":{\"@id\":\"https:\/\/sisgeo.com\/es\/descargas\/manuales\/medidores-de-asentamiento\/#breadcrumb\"},\"inLanguage\":\"es\",\"potentialAction\":[{\"@type\":\"ReadAction\",\"target\":[\"https:\/\/sisgeo.com\/es\/descargas\/manuales\/medidores-de-asentamiento\/\"]}]},{\"@type\":\"BreadcrumbList\",\"@id\":\"https:\/\/sisgeo.com\/es\/descargas\/manuales\/medidores-de-asentamiento\/#breadcrumb\",\"itemListElement\":[{\"@type\":\"ListItem\",\"position\":1,\"name\":\"Home\",\"item\":\"https:\/\/sisgeo.com\/es\/geotechnical-and-structural-instrumentation-for-shm\/\"},{\"@type\":\"ListItem\",\"position\":2,\"name\":\"\u00c1rea de descargas\",\"item\":\"https:\/\/sisgeo.com\/es\/descargas\/\"},{\"@type\":\"ListItem\",\"position\":3,\"name\":\"Manuales\",\"item\":\"https:\/\/sisgeo.com\/es\/descargas\/manuales\/\"},{\"@type\":\"ListItem\",\"position\":4,\"name\":\"Medidores de asentamiento\"}]},{\"@type\":\"WebSite\",\"@id\":\"https:\/\/sisgeo.com\/es\/#website\",\"url\":\"https:\/\/sisgeo.com\/es\/\",\"name\":\"Sisgeo\",\"description\":\"Inclined to improvement\",\"publisher\":{\"@id\":\"https:\/\/sisgeo.com\/es\/#organization\"},\"potentialAction\":[{\"@type\":\"SearchAction\",\"target\":{\"@type\":\"EntryPoint\",\"urlTemplate\":\"https:\/\/sisgeo.com\/es\/?s={search_term_string}\"},\"query-input\":{\"@type\":\"PropertyValueSpecification\",\"valueRequired\":true,\"valueName\":\"search_term_string\"}}],\"inLanguage\":\"es\"},{\"@type\":\"Organization\",\"@id\":\"https:\/\/sisgeo.com\/es\/#organization\",\"name\":\"Sisgeo S.r.l.\",\"url\":\"https:\/\/sisgeo.com\/es\/\",\"logo\":{\"@type\":\"ImageObject\",\"inLanguage\":\"es\",\"@id\":\"https:\/\/sisgeo.com\/es\/#\/schema\/logo\/image\/\",\"url\":\"https:\/\/sisgeodev.pipehosting.it\/wp-content\/uploads\/2023\/06\/logo-RGB.png\",\"contentUrl\":\"https:\/\/sisgeodev.pipehosting.it\/wp-content\/uploads\/2023\/06\/logo-RGB.png\",\"width\":205,\"height\":97,\"caption\":\"Sisgeo S.r.l.\"},\"image\":{\"@id\":\"https:\/\/sisgeo.com\/es\/#\/schema\/logo\/image\/\"}}]}<\/script>\n<!-- \/ Yoast SEO Premium plugin. -->","yoast_head_json":{"title":"Medidores de asentamiento - Sisgeo","robots":{"index":"index","follow":"follow","max-snippet":"max-snippet:-1","max-image-preview":"max-image-preview:large","max-video-preview":"max-video-preview:-1"},"canonical":"https:\/\/sisgeo.com\/es\/descargas\/manuales\/medidores-de-asentamiento\/","og_locale":"es_ES","og_type":"article","og_title":"Medidores de asentamiento","og_description":"H-Level &#8211; Sistema de monitoreo de Asentamientos inicia sesi\u00f3n para descargar el manual H-LEVEL_USER_MANUAL_EN_04_21_1 SISGEO MODBUS protocol manual &#8211; EN_05_20 SISGEO_digitized_instruments_-_Modbus_protocol_specification Sistema de control de asientos multipunto inicia sesi\u00f3n para descargar el manual Multipoint_settlement_system_D422_EN_01_22 ADDENDUM_-_DATA_PROCESSING_-_EN_00 ADDENDUM_-_PROCESAMIENTO_DEL_DATO_- ADDENDUM_-_TRAITEMENT_DES_DONNEES ADDENDUM_ELABORAZIONE_DATI_-_IT_00 Extens\u00f3metros magn\u00e9ticos BRS inicia sesi\u00f3n para descargar el manual BRS_Magnet_Extensometer_EN_00_20_ BRS_Extensometre_magnetique_FR_00_20_ Extens\u00f3metros fijos inicia sesi\u00f3n para descargar [&hellip;]","og_url":"https:\/\/sisgeo.com\/es\/descargas\/manuales\/medidores-de-asentamiento\/","og_site_name":"Sisgeo","article_modified_time":"2023-12-07T15:34:46+00:00","twitter_card":"summary_large_image","twitter_misc":{"Tiempo de lectura":"1 minuto"},"schema":{"@context":"https:\/\/schema.org","@graph":[{"@type":"WebPage","@id":"https:\/\/sisgeo.com\/es\/descargas\/manuales\/medidores-de-asentamiento\/","url":"https:\/\/sisgeo.com\/es\/descargas\/manuales\/medidores-de-asentamiento\/","name":"Medidores de asentamiento - Sisgeo","isPartOf":{"@id":"https:\/\/sisgeo.com\/es\/#website"},"datePublished":"2023-09-22T07:38:07+00:00","dateModified":"2023-12-07T15:34:46+00:00","breadcrumb":{"@id":"https:\/\/sisgeo.com\/es\/descargas\/manuales\/medidores-de-asentamiento\/#breadcrumb"},"inLanguage":"es","potentialAction":[{"@type":"ReadAction","target":["https:\/\/sisgeo.com\/es\/descargas\/manuales\/medidores-de-asentamiento\/"]}]},{"@type":"BreadcrumbList","@id":"https:\/\/sisgeo.com\/es\/descargas\/manuales\/medidores-de-asentamiento\/#breadcrumb","itemListElement":[{"@type":"ListItem","position":1,"name":"Home","item":"https:\/\/sisgeo.com\/es\/geotechnical-and-structural-instrumentation-for-shm\/"},{"@type":"ListItem","position":2,"name":"\u00c1rea de descargas","item":"https:\/\/sisgeo.com\/es\/descargas\/"},{"@type":"ListItem","position":3,"name":"Manuales","item":"https:\/\/sisgeo.com\/es\/descargas\/manuales\/"},{"@type":"ListItem","position":4,"name":"Medidores de asentamiento"}]},{"@type":"WebSite","@id":"https:\/\/sisgeo.com\/es\/#website","url":"https:\/\/sisgeo.com\/es\/","name":"Sisgeo","description":"Inclined to improvement","publisher":{"@id":"https:\/\/sisgeo.com\/es\/#organization"},"potentialAction":[{"@type":"SearchAction","target":{"@type":"EntryPoint","urlTemplate":"https:\/\/sisgeo.com\/es\/?s={search_term_string}"},"query-input":{"@type":"PropertyValueSpecification","valueRequired":true,"valueName":"search_term_string"}}],"inLanguage":"es"},{"@type":"Organization","@id":"https:\/\/sisgeo.com\/es\/#organization","name":"Sisgeo S.r.l.","url":"https:\/\/sisgeo.com\/es\/","logo":{"@type":"ImageObject","inLanguage":"es","@id":"https:\/\/sisgeo.com\/es\/#\/schema\/logo\/image\/","url":"https:\/\/sisgeodev.pipehosting.it\/wp-content\/uploads\/2023\/06\/logo-RGB.png","contentUrl":"https:\/\/sisgeodev.pipehosting.it\/wp-content\/uploads\/2023\/06\/logo-RGB.png","width":205,"height":97,"caption":"Sisgeo S.r.l."},"image":{"@id":"https:\/\/sisgeo.com\/es\/#\/schema\/logo\/image\/"}}]}},"_links":{"self":[{"href":"https:\/\/sisgeo.com\/es\/wp-json\/wp\/v2\/pages\/20150","targetHints":{"allow":["GET"]}}],"collection":[{"href":"https:\/\/sisgeo.com\/es\/wp-json\/wp\/v2\/pages"}],"about":[{"href":"https:\/\/sisgeo.com\/es\/wp-json\/wp\/v2\/types\/page"}],"author":[{"embeddable":true,"href":"https:\/\/sisgeo.com\/es\/wp-json\/wp\/v2\/users\/1"}],"replies":[{"embeddable":true,"href":"https:\/\/sisgeo.com\/es\/wp-json\/wp\/v2\/comments?post=20150"}],"version-history":[{"count":1,"href":"https:\/\/sisgeo.com\/es\/wp-json\/wp\/v2\/pages\/20150\/revisions"}],"predecessor-version":[{"id":20151,"href":"https:\/\/sisgeo.com\/es\/wp-json\/wp\/v2\/pages\/20150\/revisions\/20151"}],"up":[{"embeddable":true,"href":"https:\/\/sisgeo.com\/es\/wp-json\/wp\/v2\/pages\/20094"}],"wp:attachment":[{"href":"https:\/\/sisgeo.com\/es\/wp-json\/wp\/v2\/media?parent=20150"}],"wp:term":[{"taxonomy":"category","embeddable":true,"href":"https:\/\/sisgeo.com\/es\/wp-json\/wp\/v2\/categories?post=20150"},{"taxonomy":"post_tag","embeddable":true,"href":"https:\/\/sisgeo.com\/es\/wp-json\/wp\/v2\/tags?post=20150"}],"curies":[{"name":"wp","href":"https:\/\/api.w.org\/{rel}","templated":true}]}}