{"id":20266,"date":"2023-07-27T09:53:09","date_gmt":"2023-07-27T07:53:09","guid":{"rendered":"https:\/\/sisgeo.com\/productos\/inclinometro-con-sonda-mems-brain\/"},"modified":"2023-12-08T16:11:10","modified_gmt":"2023-12-08T15:11:10","slug":"inclinometro-con-sonda-mems-brain","status":"publish","type":"page","link":"https:\/\/sisgeo.com\/es\/productos\/inclinometro-con-sonda-mems-brain\/","title":{"rendered":"Inclin\u00f3metro con sonda MEMS BRAIN"},"content":{"rendered":"\t\t<div data-elementor-type=\"wp-page\" data-elementor-id=\"20266\" class=\"elementor elementor-20266 elementor-3866\" data-elementor-post-type=\"page\">\n\t\t\t\t<div class=\"elementor-element elementor-element-7a63a93 e-flex e-con-boxed e-con e-parent\" data-id=\"7a63a93\" data-element_type=\"container\" data-e-type=\"container\">\n\t\t\t\t\t<div class=\"e-con-inner\">\n\t\t\t\t<div class=\"elementor-element elementor-element-99defb4 elementor-widget elementor-widget-text-editor\" data-id=\"99defb4\" data-element_type=\"widget\" data-e-type=\"widget\" data-widget_type=\"text-editor.default\">\n\t\t\t\t<div class=\"elementor-widget-container\">\n\t\t\t\t\t\t\t\t\tEl sistema inclinom\u00e9trico BRAIN es un dispositivo utilizado para medir el desplazamiento en el suelo o bajo estructuras. Resulta especialmente \u00fatil para evaluar la estabilidad de taludes, terraplenes, muros de contenci\u00f3n y otras estructuras susceptibles de sufrir movimientos o deformaciones. Al medir el cambio de inclinaci\u00f3n a lo largo del tiempo, los inclin\u00f3metros proporcionan datos valiosos para analizar el comportamiento y el movimiento de las estructuras supervisadas. El sistema BRAIN, en combinaci\u00f3n con el software de an\u00e1lisis de datos KLION, entrega un informe inclinom\u00e9trico conforme a la norma ISO 18674-3.  \n\n\t\t\t\t\t\t\t\t<\/div>\n\t\t\t\t<\/div>\n\t\t\t\t<div class=\"elementor-element elementor-element-8a09a03 elementor-widget elementor-widget-accordion\" data-id=\"8a09a03\" data-element_type=\"widget\" data-e-type=\"widget\" data-widget_type=\"accordion.default\">\n\t\t\t\t<div class=\"elementor-widget-container\">\n\t\t\t\t\t\t\t<div class=\"elementor-accordion\">\n\t\t\t\t\t\t\t<div class=\"elementor-accordion-item\">\n\t\t\t\t\t<div id=\"elementor-tab-title-1441\" class=\"elementor-tab-title\" data-tab=\"1\" role=\"button\" aria-controls=\"elementor-tab-content-1441\" aria-expanded=\"false\">\n\t\t\t\t\t\t\t\t\t\t\t\t\t<span class=\"elementor-accordion-icon elementor-accordion-icon-right\" aria-hidden=\"true\">\n\t\t\t\t\t\t\t\t\t\t\t\t\t\t\t<span class=\"elementor-accordion-icon-closed\"><svg xmlns=\"http:\/\/www.w3.org\/2000\/svg\" width=\"29\" height=\"16\" viewBox=\"0 0 29 16\" fill=\"none\"><path fill-rule=\"evenodd\" clip-rule=\"evenodd\" d=\"M27.25 0L14.375 13.038L1.5 0L0 1.5L14.4 15.9L28.749 1.5L27.25 0Z\" fill=\"#E4002B\"><\/path><\/svg><\/span>\n\t\t\t\t\t\t\t\t<span class=\"elementor-accordion-icon-opened\"><svg xmlns=\"http:\/\/www.w3.org\/2000\/svg\" width=\"29\" height=\"14\" viewBox=\"0 0 29 14\" fill=\"none\"><path fill-rule=\"evenodd\" clip-rule=\"evenodd\" d=\"M1.49902 13.1885L14.374 2.61651L27.249 13.1885L28.749 11.9722L14.349 0.295833L2.28882e-05 11.9722L1.49902 13.1885Z\" fill=\"#E4002B\"><\/path><\/svg><\/span>\n\t\t\t\t\t\t\t\t\t\t\t\t\t\t<\/span>\n\t\t\t\t\t\t\t\t\t\t\t\t<a class=\"elementor-accordion-title\" tabindex=\"0\">M\u00e1s sobre este tema<\/a>\n\t\t\t\t\t<\/div>\n\t\t\t\t\t<div id=\"elementor-tab-content-1441\" class=\"elementor-tab-content elementor-clearfix\" data-tab=\"1\" role=\"region\" aria-labelledby=\"elementor-tab-title-1441\"><p>El <strong>sistema BRAIN Inclinometer<\/strong> consta principalmente de una sonda inclinom\u00e9trica, un cable en carrete con conexi\u00f3n Bluetooth, una app para dispositivos Android o iOS y el avanzado software de an\u00e1lisis de datos KLION.<\/p>\n<p>La <strong>aplicaci\u00f3n BRAIN<\/strong> se ha desarrollado para gestionar de forma r\u00e1pida y sencilla el sistema BRAIN. La aplicaci\u00f3n BRAIN es compatible con todas las sondas digitalizadas extra\u00edbles fabricadas por Sisgeo (sondas inclinom\u00e9tricas, sondas medidoras en espiral y sondas extensom\u00e9tricas T-REX). <\/p>\n<p><strong>KLION<\/strong> es un software avanzado para el procesamiento, graficaci\u00f3n y producci\u00f3n de informes para levantamientos inclinom\u00e9tricos, compensaci\u00f3n espiralom\u00e9trica y mediciones de extens\u00f3metros incrementales T-REX.<\/p>\n<\/div>\n\t\t\t\t<\/div>\n\t\t\t\t\t\t\t\t<\/div>\n\t\t\t\t\t\t<\/div>\n\t\t\t\t<\/div>\n\t\t\t\t<div class=\"elementor-element elementor-element-58a3ecd dce-posts-layout-default dce-col-4 dce-col-tablet-3 dce-col-mobile-1 dce-align-left elementor-widget elementor-widget-dce-dynamicposts-v2\" data-id=\"58a3ecd\" data-element_type=\"widget\" data-e-type=\"widget\" data-settings=\"{&quot;style_items&quot;:&quot;default&quot;,&quot;grid_grid_type&quot;:&quot;flex&quot;}\" data-widget_type=\"dce-dynamicposts-v2.grid\">\n\t\t\t\t<div class=\"elementor-widget-container\">\n\t\t\t\t\t\n\t\t<div class=\"dce-fix-background-loop dce-posts-container dce-posts dce-dynamic-posts-collection  dce-skin-grid dce-skin-grid-flex\">\n\t\t\t\t\t\t<div class=\"dce-posts-wrapper dce-wrapper-grid\">\n\t\t\t\n\t\t<article class=\"post-20281 page type-page status-publish has-post-thumbnail hentry category-inclinometro-con-sonda-mems-brain category-inclinometro-de-sonda-mems-b-r-a-in dce-post dce-post-item dce-item-grid\" data-dce-post-id=\"20281\" data-dce-post-index=\"0\">\n\t\t\t<div class=\"dce-post-block elementor-animation-grow\">\n\t\t<div class=\"dce-item dce-item_image elementor-repeater-item-9ee1dae\"><a class=\"dce-post-image\" href=\"https:\/\/sisgeo.com\/es\/productos\/inclinometro-con-sonda-mems-brain\/b-r-a-in-sistemas-inclinometricos\/\"><figure  class=\"dce-img\"><img fetchpriority=\"high\" decoding=\"async\" width=\"960\" height=\"540\" src=\"https:\/\/sisgeo.com\/wp-content\/uploads\/2023\/08\/0_sisgeo_borehole_readout_array_for_incli.png\" class=\"\" alt=\"B.R.A.IN Sistemas inclinometricos\" srcset=\"https:\/\/sisgeo.com\/wp-content\/uploads\/2023\/08\/0_sisgeo_borehole_readout_array_for_incli.png 960w, https:\/\/sisgeo.com\/wp-content\/uploads\/2023\/08\/0_sisgeo_borehole_readout_array_for_incli-300x169.png 300w, https:\/\/sisgeo.com\/wp-content\/uploads\/2023\/08\/0_sisgeo_borehole_readout_array_for_incli-768x432.png 768w\" sizes=\"(max-width: 960px) 100vw, 960px\" \/><\/figure><\/a><\/div><div class=\"dce-item dce-item_title elementor-repeater-item-b433209\"><h5 class=\"dce-post-title\"><a href=\"https:\/\/sisgeo.com\/es\/productos\/inclinometro-con-sonda-mems-brain\/b-r-a-in-sistemas-inclinometricos\/\">B.R.A.IN Sistemas inclinometricos<\/a><\/h5><\/div><div class=\"dce-item dce-item_readmore elementor-repeater-item-ef0e5ce\">\t\t<div class=\"dce-post-button\">\n\t\t\t<a href=\"https:\/\/sisgeo.com\/es\/productos\/inclinometro-con-sonda-mems-brain\/b-r-a-in-sistemas-inclinometricos\/\" class=\"elementor-button-link elementor-button dce-button elementor-size-sm\" role=\"button\" >\n\t\t\t<div class=\"align-middle\"><span>M\u00e1s informaci\u00f3n<\/span><img decoding=\"async\" src=\"https:\/\/sisgeo.com\/wp-content\/uploads\/2023\/05\/arrow_red.png\"><\/div>\t\t\t<\/a>\n\t\t<\/div>\n\t\t<\/div>\t\t\t<\/div>\n\t\t<\/article>\n\t\t\n\t\t<article class=\"post-20273 page type-page status-publish has-post-thumbnail hentry category-aplicacion-b-r-a-in category-inclinometro-de-sonda-mems-b-r-a-in dce-post dce-post-item dce-item-grid\" data-dce-post-id=\"20273\" data-dce-post-index=\"1\">\n\t\t\t<div class=\"dce-post-block elementor-animation-grow\">\n\t\t<div class=\"dce-item dce-item_image elementor-repeater-item-9ee1dae\"><a class=\"dce-post-image\" href=\"https:\/\/sisgeo.com\/es\/productos\/inclinometro-con-sonda-mems-brain\/aplicacion-b-r-a-in\/\"><figure  class=\"dce-img\"><img decoding=\"async\" width=\"960\" height=\"540\" src=\"https:\/\/sisgeo.com\/wp-content\/uploads\/2023\/08\/3_sisgeo_brain_app_476bc42af59607a8728995e8.jpg\" class=\"\" alt=\"Aplicaci\u00f3n B.R.A.IN\" srcset=\"https:\/\/sisgeo.com\/wp-content\/uploads\/2023\/08\/3_sisgeo_brain_app_476bc42af59607a8728995e8.jpg 960w, https:\/\/sisgeo.com\/wp-content\/uploads\/2023\/08\/3_sisgeo_brain_app_476bc42af59607a8728995e8-300x169.jpg 300w, https:\/\/sisgeo.com\/wp-content\/uploads\/2023\/08\/3_sisgeo_brain_app_476bc42af59607a8728995e8-768x432.jpg 768w\" sizes=\"(max-width: 960px) 100vw, 960px\" \/><\/figure><\/a><\/div><div class=\"dce-item dce-item_title elementor-repeater-item-b433209\"><h5 class=\"dce-post-title\"><a href=\"https:\/\/sisgeo.com\/es\/productos\/inclinometro-con-sonda-mems-brain\/aplicacion-b-r-a-in\/\">Aplicaci\u00f3n B.R.A.IN<\/a><\/h5><\/div><div class=\"dce-item dce-item_readmore elementor-repeater-item-ef0e5ce\">\t\t<div class=\"dce-post-button\">\n\t\t\t<a href=\"https:\/\/sisgeo.com\/es\/productos\/inclinometro-con-sonda-mems-brain\/aplicacion-b-r-a-in\/\" class=\"elementor-button-link elementor-button dce-button elementor-size-sm\" role=\"button\" >\n\t\t\t<div class=\"align-middle\"><span>M\u00e1s informaci\u00f3n<\/span><img decoding=\"async\" src=\"https:\/\/sisgeo.com\/wp-content\/uploads\/2023\/05\/arrow_red.png\"><\/div>\t\t\t<\/a>\n\t\t<\/div>\n\t\t<\/div>\t\t\t<\/div>\n\t\t<\/article>\n\t\t\n\t\t<article class=\"post-20290 page type-page status-publish has-post-thumbnail hentry category-extensometros category-inclinometro-de-sonda-mems-b-r-a-in category-klion-software-for-inclinometers-and-t-rex-extensometers-es category-klion-software-for-inclinometers-and-t-rex-extensometers-es-2 dce-post dce-post-item dce-item-grid\" data-dce-post-id=\"20290\" data-dce-post-index=\"2\">\n\t\t\t<div class=\"dce-post-block elementor-animation-grow\">\n\t\t<div class=\"dce-item dce-item_image elementor-repeater-item-9ee1dae\"><a class=\"dce-post-image\" href=\"https:\/\/sisgeo.com\/es\/productos\/inclinometro-con-sonda-mems-brain\/klion-software-for-inclinometers-and-t-rex-extensometers\/\"><figure  class=\"dce-img\"><img decoding=\"async\" width=\"960\" height=\"540\" src=\"https:\/\/sisgeo.com\/wp-content\/uploads\/2023\/08\/00_Klion_software_sisgeo_inclinometers_an.png\" class=\"\" alt=\"KLION software for inclinometers and T-Rex extensometers\" srcset=\"https:\/\/sisgeo.com\/wp-content\/uploads\/2023\/08\/00_Klion_software_sisgeo_inclinometers_an.png 960w, https:\/\/sisgeo.com\/wp-content\/uploads\/2023\/08\/00_Klion_software_sisgeo_inclinometers_an-300x169.png 300w, https:\/\/sisgeo.com\/wp-content\/uploads\/2023\/08\/00_Klion_software_sisgeo_inclinometers_an-768x432.png 768w\" sizes=\"(max-width: 960px) 100vw, 960px\" \/><\/figure><\/a><\/div><div class=\"dce-item dce-item_title elementor-repeater-item-b433209\"><h5 class=\"dce-post-title\"><a href=\"https:\/\/sisgeo.com\/es\/productos\/inclinometro-con-sonda-mems-brain\/klion-software-for-inclinometers-and-t-rex-extensometers\/\">KLION software for inclinometers and T-Rex extensometers<\/a><\/h5><\/div><div class=\"dce-item dce-item_readmore elementor-repeater-item-ef0e5ce\">\t\t<div class=\"dce-post-button\">\n\t\t\t<a href=\"https:\/\/sisgeo.com\/es\/productos\/inclinometro-con-sonda-mems-brain\/klion-software-for-inclinometers-and-t-rex-extensometers\/\" class=\"elementor-button-link elementor-button dce-button elementor-size-sm\" role=\"button\" >\n\t\t\t<div class=\"align-middle\"><span>M\u00e1s informaci\u00f3n<\/span><img decoding=\"async\" src=\"https:\/\/sisgeo.com\/wp-content\/uploads\/2023\/05\/arrow_red.png\"><\/div>\t\t\t<\/a>\n\t\t<\/div>\n\t\t<\/div>\t\t\t<\/div>\n\t\t<\/article>\n\t\t\t\t\t<\/div>\n\t\t\t\t\t<\/div>\n\t\t\t\t\t\t<\/div>\n\t\t\t\t<\/div>\n\t\t\t\t\t<\/div>\n\t\t\t\t<\/div>\n\t\t\t\t<\/div>\n\t\t","protected":false},"excerpt":{"rendered":"<p>El sistema inclinom\u00e9trico BRAIN es un dispositivo utilizado para medir el desplazamiento en el suelo o bajo estructuras. Resulta especialmente \u00fatil para evaluar la estabilidad de taludes, terraplenes, muros de contenci\u00f3n y otras estructuras susceptibles de sufrir movimientos o deformaciones. Al medir el cambio de inclinaci\u00f3n a lo largo del tiempo, los inclin\u00f3metros proporcionan datos [&hellip;]<\/p>\n","protected":false},"author":1,"featured_media":4127,"parent":20244,"menu_order":0,"comment_status":"closed","ping_status":"closed","template":"","meta":{"_acf_changed":false,"footnotes":""},"categories":[216],"tags":[],"class_list":["post-20266","page","type-page","status-publish","has-post-thumbnail","hentry","category-products-es-2"],"acf":[],"yoast_head":"<!-- This site is optimized with the Yoast SEO Premium plugin v27.4 (Yoast SEO v27.4) - https:\/\/yoast.com\/product\/yoast-seo-premium-wordpress\/ -->\n<title>Inclin\u00f3metro con sonda MEMS BRAIN - Sisgeo<\/title>\n<meta name=\"robots\" content=\"index, follow, max-snippet:-1, max-image-preview:large, max-video-preview:-1\" \/>\n<link rel=\"canonical\" href=\"https:\/\/sisgeo.com\/es\/productos\/inclinometro-con-sonda-mems-brain\/\" \/>\n<meta property=\"og:locale\" content=\"es_ES\" \/>\n<meta property=\"og:type\" content=\"article\" \/>\n<meta property=\"og:title\" content=\"Inclin\u00f3metro con sonda MEMS BRAIN\" \/>\n<meta property=\"og:description\" content=\"El sistema inclinom\u00e9trico BRAIN es un dispositivo utilizado para medir el desplazamiento en el suelo o bajo estructuras. Resulta especialmente \u00fatil para evaluar la estabilidad de taludes, terraplenes, muros de contenci\u00f3n y otras estructuras susceptibles de sufrir movimientos o deformaciones. Al medir el cambio de inclinaci\u00f3n a lo largo del tiempo, los inclin\u00f3metros proporcionan datos [&hellip;]\" \/>\n<meta property=\"og:url\" content=\"https:\/\/sisgeo.com\/es\/productos\/inclinometro-con-sonda-mems-brain\/\" \/>\n<meta property=\"og:site_name\" content=\"Sisgeo\" \/>\n<meta property=\"article:modified_time\" content=\"2023-12-08T15:11:10+00:00\" \/>\n<meta property=\"og:image\" content=\"https:\/\/sisgeo.com\/wp-content\/uploads\/2023\/07\/2_BRAIN-MEMS-PROBE-INCLINOMETER.jpg\" \/>\n\t<meta property=\"og:image:width\" content=\"294\" \/>\n\t<meta property=\"og:image:height\" content=\"164\" \/>\n\t<meta property=\"og:image:type\" content=\"image\/jpeg\" \/>\n<meta name=\"twitter:card\" content=\"summary_large_image\" \/>\n<meta name=\"twitter:label1\" content=\"Tiempo de lectura\" \/>\n\t<meta name=\"twitter:data1\" content=\"1 minuto\" \/>\n<script type=\"application\/ld+json\" class=\"yoast-schema-graph\">{\"@context\":\"https:\\\/\\\/schema.org\",\"@graph\":[{\"@type\":\"WebPage\",\"@id\":\"https:\\\/\\\/sisgeo.com\\\/es\\\/productos\\\/inclinometro-con-sonda-mems-brain\\\/\",\"url\":\"https:\\\/\\\/sisgeo.com\\\/es\\\/productos\\\/inclinometro-con-sonda-mems-brain\\\/\",\"name\":\"Inclin\u00f3metro con sonda MEMS BRAIN - Sisgeo\",\"isPartOf\":{\"@id\":\"https:\\\/\\\/sisgeo.com\\\/es\\\/#website\"},\"primaryImageOfPage\":{\"@id\":\"https:\\\/\\\/sisgeo.com\\\/es\\\/productos\\\/inclinometro-con-sonda-mems-brain\\\/#primaryimage\"},\"image\":{\"@id\":\"https:\\\/\\\/sisgeo.com\\\/es\\\/productos\\\/inclinometro-con-sonda-mems-brain\\\/#primaryimage\"},\"thumbnailUrl\":\"https:\\\/\\\/sisgeo.com\\\/wp-content\\\/uploads\\\/2023\\\/07\\\/2_BRAIN-MEMS-PROBE-INCLINOMETER.jpg\",\"datePublished\":\"2023-07-27T07:53:09+00:00\",\"dateModified\":\"2023-12-08T15:11:10+00:00\",\"breadcrumb\":{\"@id\":\"https:\\\/\\\/sisgeo.com\\\/es\\\/productos\\\/inclinometro-con-sonda-mems-brain\\\/#breadcrumb\"},\"inLanguage\":\"es\",\"potentialAction\":[{\"@type\":\"ReadAction\",\"target\":[\"https:\\\/\\\/sisgeo.com\\\/es\\\/productos\\\/inclinometro-con-sonda-mems-brain\\\/\"]}]},{\"@type\":\"ImageObject\",\"inLanguage\":\"es\",\"@id\":\"https:\\\/\\\/sisgeo.com\\\/es\\\/productos\\\/inclinometro-con-sonda-mems-brain\\\/#primaryimage\",\"url\":\"https:\\\/\\\/sisgeo.com\\\/wp-content\\\/uploads\\\/2023\\\/07\\\/2_BRAIN-MEMS-PROBE-INCLINOMETER.jpg\",\"contentUrl\":\"https:\\\/\\\/sisgeo.com\\\/wp-content\\\/uploads\\\/2023\\\/07\\\/2_BRAIN-MEMS-PROBE-INCLINOMETER.jpg\",\"width\":294,\"height\":164},{\"@type\":\"BreadcrumbList\",\"@id\":\"https:\\\/\\\/sisgeo.com\\\/es\\\/productos\\\/inclinometro-con-sonda-mems-brain\\\/#breadcrumb\",\"itemListElement\":[{\"@type\":\"ListItem\",\"position\":1,\"name\":\"Home\",\"item\":\"https:\\\/\\\/sisgeo.com\\\/es\\\/geotechnical-and-structural-instrumentation-for-shm\\\/\"},{\"@type\":\"ListItem\",\"position\":2,\"name\":\"Productos\",\"item\":\"https:\\\/\\\/sisgeo.com\\\/es\\\/productos\\\/\"},{\"@type\":\"ListItem\",\"position\":3,\"name\":\"Inclin\u00f3metro con sonda MEMS BRAIN\"}]},{\"@type\":\"WebSite\",\"@id\":\"https:\\\/\\\/sisgeo.com\\\/es\\\/#website\",\"url\":\"https:\\\/\\\/sisgeo.com\\\/es\\\/\",\"name\":\"Sisgeo\",\"description\":\"Inclined to improvement\",\"publisher\":{\"@id\":\"https:\\\/\\\/sisgeo.com\\\/es\\\/#organization\"},\"potentialAction\":[{\"@type\":\"SearchAction\",\"target\":{\"@type\":\"EntryPoint\",\"urlTemplate\":\"https:\\\/\\\/sisgeo.com\\\/es\\\/?s={search_term_string}\"},\"query-input\":{\"@type\":\"PropertyValueSpecification\",\"valueRequired\":true,\"valueName\":\"search_term_string\"}}],\"inLanguage\":\"es\"},{\"@type\":\"Organization\",\"@id\":\"https:\\\/\\\/sisgeo.com\\\/es\\\/#organization\",\"name\":\"Sisgeo S.r.l.\",\"url\":\"https:\\\/\\\/sisgeo.com\\\/es\\\/\",\"logo\":{\"@type\":\"ImageObject\",\"inLanguage\":\"es\",\"@id\":\"https:\\\/\\\/sisgeo.com\\\/es\\\/#\\\/schema\\\/logo\\\/image\\\/\",\"url\":\"https:\\\/\\\/sisgeodev.pipehosting.it\\\/wp-content\\\/uploads\\\/2023\\\/06\\\/logo-RGB.png\",\"contentUrl\":\"https:\\\/\\\/sisgeodev.pipehosting.it\\\/wp-content\\\/uploads\\\/2023\\\/06\\\/logo-RGB.png\",\"width\":205,\"height\":97,\"caption\":\"Sisgeo S.r.l.\"},\"image\":{\"@id\":\"https:\\\/\\\/sisgeo.com\\\/es\\\/#\\\/schema\\\/logo\\\/image\\\/\"}}]}<\/script>\n<!-- \/ Yoast SEO Premium plugin. -->","yoast_head_json":{"title":"Inclin\u00f3metro con sonda MEMS BRAIN - Sisgeo","robots":{"index":"index","follow":"follow","max-snippet":"max-snippet:-1","max-image-preview":"max-image-preview:large","max-video-preview":"max-video-preview:-1"},"canonical":"https:\/\/sisgeo.com\/es\/productos\/inclinometro-con-sonda-mems-brain\/","og_locale":"es_ES","og_type":"article","og_title":"Inclin\u00f3metro con sonda MEMS BRAIN","og_description":"El sistema inclinom\u00e9trico BRAIN es un dispositivo utilizado para medir el desplazamiento en el suelo o bajo estructuras. Resulta especialmente \u00fatil para evaluar la estabilidad de taludes, terraplenes, muros de contenci\u00f3n y otras estructuras susceptibles de sufrir movimientos o deformaciones. Al medir el cambio de inclinaci\u00f3n a lo largo del tiempo, los inclin\u00f3metros proporcionan datos [&hellip;]","og_url":"https:\/\/sisgeo.com\/es\/productos\/inclinometro-con-sonda-mems-brain\/","og_site_name":"Sisgeo","article_modified_time":"2023-12-08T15:11:10+00:00","og_image":[{"width":294,"height":164,"url":"https:\/\/sisgeo.com\/wp-content\/uploads\/2023\/07\/2_BRAIN-MEMS-PROBE-INCLINOMETER.jpg","type":"image\/jpeg"}],"twitter_card":"summary_large_image","twitter_misc":{"Tiempo de lectura":"1 minuto"},"schema":{"@context":"https:\/\/schema.org","@graph":[{"@type":"WebPage","@id":"https:\/\/sisgeo.com\/es\/productos\/inclinometro-con-sonda-mems-brain\/","url":"https:\/\/sisgeo.com\/es\/productos\/inclinometro-con-sonda-mems-brain\/","name":"Inclin\u00f3metro con sonda MEMS BRAIN - Sisgeo","isPartOf":{"@id":"https:\/\/sisgeo.com\/es\/#website"},"primaryImageOfPage":{"@id":"https:\/\/sisgeo.com\/es\/productos\/inclinometro-con-sonda-mems-brain\/#primaryimage"},"image":{"@id":"https:\/\/sisgeo.com\/es\/productos\/inclinometro-con-sonda-mems-brain\/#primaryimage"},"thumbnailUrl":"https:\/\/sisgeo.com\/wp-content\/uploads\/2023\/07\/2_BRAIN-MEMS-PROBE-INCLINOMETER.jpg","datePublished":"2023-07-27T07:53:09+00:00","dateModified":"2023-12-08T15:11:10+00:00","breadcrumb":{"@id":"https:\/\/sisgeo.com\/es\/productos\/inclinometro-con-sonda-mems-brain\/#breadcrumb"},"inLanguage":"es","potentialAction":[{"@type":"ReadAction","target":["https:\/\/sisgeo.com\/es\/productos\/inclinometro-con-sonda-mems-brain\/"]}]},{"@type":"ImageObject","inLanguage":"es","@id":"https:\/\/sisgeo.com\/es\/productos\/inclinometro-con-sonda-mems-brain\/#primaryimage","url":"https:\/\/sisgeo.com\/wp-content\/uploads\/2023\/07\/2_BRAIN-MEMS-PROBE-INCLINOMETER.jpg","contentUrl":"https:\/\/sisgeo.com\/wp-content\/uploads\/2023\/07\/2_BRAIN-MEMS-PROBE-INCLINOMETER.jpg","width":294,"height":164},{"@type":"BreadcrumbList","@id":"https:\/\/sisgeo.com\/es\/productos\/inclinometro-con-sonda-mems-brain\/#breadcrumb","itemListElement":[{"@type":"ListItem","position":1,"name":"Home","item":"https:\/\/sisgeo.com\/es\/geotechnical-and-structural-instrumentation-for-shm\/"},{"@type":"ListItem","position":2,"name":"Productos","item":"https:\/\/sisgeo.com\/es\/productos\/"},{"@type":"ListItem","position":3,"name":"Inclin\u00f3metro con sonda MEMS BRAIN"}]},{"@type":"WebSite","@id":"https:\/\/sisgeo.com\/es\/#website","url":"https:\/\/sisgeo.com\/es\/","name":"Sisgeo","description":"Inclined to improvement","publisher":{"@id":"https:\/\/sisgeo.com\/es\/#organization"},"potentialAction":[{"@type":"SearchAction","target":{"@type":"EntryPoint","urlTemplate":"https:\/\/sisgeo.com\/es\/?s={search_term_string}"},"query-input":{"@type":"PropertyValueSpecification","valueRequired":true,"valueName":"search_term_string"}}],"inLanguage":"es"},{"@type":"Organization","@id":"https:\/\/sisgeo.com\/es\/#organization","name":"Sisgeo S.r.l.","url":"https:\/\/sisgeo.com\/es\/","logo":{"@type":"ImageObject","inLanguage":"es","@id":"https:\/\/sisgeo.com\/es\/#\/schema\/logo\/image\/","url":"https:\/\/sisgeodev.pipehosting.it\/wp-content\/uploads\/2023\/06\/logo-RGB.png","contentUrl":"https:\/\/sisgeodev.pipehosting.it\/wp-content\/uploads\/2023\/06\/logo-RGB.png","width":205,"height":97,"caption":"Sisgeo S.r.l."},"image":{"@id":"https:\/\/sisgeo.com\/es\/#\/schema\/logo\/image\/"}}]}},"_links":{"self":[{"href":"https:\/\/sisgeo.com\/es\/wp-json\/wp\/v2\/pages\/20266","targetHints":{"allow":["GET"]}}],"collection":[{"href":"https:\/\/sisgeo.com\/es\/wp-json\/wp\/v2\/pages"}],"about":[{"href":"https:\/\/sisgeo.com\/es\/wp-json\/wp\/v2\/types\/page"}],"author":[{"embeddable":true,"href":"https:\/\/sisgeo.com\/es\/wp-json\/wp\/v2\/users\/1"}],"replies":[{"embeddable":true,"href":"https:\/\/sisgeo.com\/es\/wp-json\/wp\/v2\/comments?post=20266"}],"version-history":[{"count":1,"href":"https:\/\/sisgeo.com\/es\/wp-json\/wp\/v2\/pages\/20266\/revisions"}],"predecessor-version":[{"id":20267,"href":"https:\/\/sisgeo.com\/es\/wp-json\/wp\/v2\/pages\/20266\/revisions\/20267"}],"up":[{"embeddable":true,"href":"https:\/\/sisgeo.com\/es\/wp-json\/wp\/v2\/pages\/20244"}],"wp:featuredmedia":[{"embeddable":true,"href":"https:\/\/sisgeo.com\/es\/wp-json\/wp\/v2\/media\/4127"}],"wp:attachment":[{"href":"https:\/\/sisgeo.com\/es\/wp-json\/wp\/v2\/media?parent=20266"}],"wp:term":[{"taxonomy":"category","embeddable":true,"href":"https:\/\/sisgeo.com\/es\/wp-json\/wp\/v2\/categories?post=20266"},{"taxonomy":"post_tag","embeddable":true,"href":"https:\/\/sisgeo.com\/es\/wp-json\/wp\/v2\/tags?post=20266"}],"curies":[{"name":"wp","href":"https:\/\/api.w.org\/{rel}","templated":true}]}}