{"id":20295,"date":"2023-07-27T10:46:41","date_gmt":"2023-07-27T08:46:41","guid":{"rendered":"https:\/\/sisgeo.com\/productos\/cables\/"},"modified":"2023-12-08T17:13:43","modified_gmt":"2023-12-08T16:13:43","slug":"cables","status":"publish","type":"page","link":"https:\/\/sisgeo.com\/es\/productos\/cables\/","title":{"rendered":"Cables"},"content":{"rendered":"\t\t<div data-elementor-type=\"wp-page\" data-elementor-id=\"20295\" class=\"elementor elementor-20295 elementor-3941\" data-elementor-post-type=\"page\">\n\t\t\t\t<div class=\"elementor-element elementor-element-7a63a93 e-flex e-con-boxed e-con e-parent\" data-id=\"7a63a93\" data-element_type=\"container\" data-e-type=\"container\">\n\t\t\t\t\t<div class=\"e-con-inner\">\n\t\t\t\t<div class=\"elementor-element elementor-element-99defb4 elementor-widget elementor-widget-text-editor\" data-id=\"99defb4\" data-element_type=\"widget\" data-e-type=\"widget\" data-widget_type=\"text-editor.default\">\n\t\t\t\t<div class=\"elementor-widget-container\">\n\t\t\t\t\t\t\t\t\t<p>Los cables de se\u00f1al y multifilares son uno de los factores clave de un buen sistema de monitoreo: deben transmitir la se\u00f1al del instrumento al lector o registrador de datos sin ruidos, p\u00e9rdidas de se\u00f1al o interrupciones inesperadas. Todos los cables de Sisgeo est\u00e1n dise\u00f1ados para aplicaciones espec\u00edficas y pueden embeberse en hormig\u00f3n o enterrarse en el suelo. <\/p>\n\t\t\t\t\t\t\t\t<\/div>\n\t\t\t\t<\/div>\n\t\t\t\t<div class=\"elementor-element elementor-element-8a09a03 elementor-widget elementor-widget-accordion\" data-id=\"8a09a03\" data-element_type=\"widget\" data-e-type=\"widget\" data-widget_type=\"accordion.default\">\n\t\t\t\t<div class=\"elementor-widget-container\">\n\t\t\t\t\t\t\t<div class=\"elementor-accordion\">\n\t\t\t\t\t\t\t<div class=\"elementor-accordion-item\">\n\t\t\t\t\t<div id=\"elementor-tab-title-1441\" class=\"elementor-tab-title\" data-tab=\"1\" role=\"button\" aria-controls=\"elementor-tab-content-1441\" aria-expanded=\"false\">\n\t\t\t\t\t\t\t\t\t\t\t\t\t<span class=\"elementor-accordion-icon elementor-accordion-icon-right\" aria-hidden=\"true\">\n\t\t\t\t\t\t\t\t\t\t\t\t\t\t\t<span class=\"elementor-accordion-icon-closed\"><svg xmlns=\"http:\/\/www.w3.org\/2000\/svg\" width=\"29\" height=\"16\" viewBox=\"0 0 29 16\" fill=\"none\"><path fill-rule=\"evenodd\" clip-rule=\"evenodd\" d=\"M27.25 0L14.375 13.038L1.5 0L0 1.5L14.4 15.9L28.749 1.5L27.25 0Z\" fill=\"#E4002B\"><\/path><\/svg><\/span>\n\t\t\t\t\t\t\t\t<span class=\"elementor-accordion-icon-opened\"><svg xmlns=\"http:\/\/www.w3.org\/2000\/svg\" width=\"29\" height=\"14\" viewBox=\"0 0 29 14\" fill=\"none\"><path fill-rule=\"evenodd\" clip-rule=\"evenodd\" d=\"M1.49902 13.1885L14.374 2.61651L27.249 13.1885L28.749 11.9722L14.349 0.295833L2.28882e-05 11.9722L1.49902 13.1885Z\" fill=\"#E4002B\"><\/path><\/svg><\/span>\n\t\t\t\t\t\t\t\t\t\t\t\t\t\t<\/span>\n\t\t\t\t\t\t\t\t\t\t\t\t<a class=\"elementor-accordion-title\" tabindex=\"0\">M\u00e1s sobre este tema<\/a>\n\t\t\t\t\t<\/div>\n\t\t\t\t\t<div id=\"elementor-tab-content-1441\" class=\"elementor-tab-content elementor-clearfix\" data-tab=\"1\" role=\"region\" aria-labelledby=\"elementor-tab-title-1441\"><p>Los cables Sisgeo est\u00e1n disponibles en modelo LSZH (baja emisi\u00f3n de humos y sin hal\u00f3genos) o con cubierta de PVC.<\/p>\n<p>Los cables LSZH pueden instalarse en proyectos como t\u00faneles o edificios que requieren especificaciones de baja emisi\u00f3n en caso de incendio.<\/p>\n<p>Los cables de instrumentos y multifilares LSZH se componen principalmente de:<\/p>\n<ul>\n<li>Conductores de cobre esta\u00f1ado;<\/li>\n<li>L\u00e1minas conductoras de poliolefina, una para cada conductor;<\/li>\n<li>Pantalla general de cinta de aluminio;<\/li>\n<li>Cubierta interior de poliolefina ign\u00edfuga para impermeabilizar el cable;<\/li>\n<li>Cubierta exterior de tecnopol\u00edmero LSZH M1 para protecci\u00f3n mec\u00e1nica.<\/li>\n<\/ul>\n<p>Dependiendo del modelo, los cables tambi\u00e9n pueden tener un tubo de ventilaci\u00f3n, un refuerzo de Kevlar o una armadura de acero.<\/p>\n<\/div>\n\t\t\t\t<\/div>\n\t\t\t\t\t\t\t\t<\/div>\n\t\t\t\t\t\t<\/div>\n\t\t\t\t<\/div>\n\t\t\t\t<div class=\"elementor-element elementor-element-58a3ecd dce-posts-layout-default dce-col-4 dce-col-tablet-3 dce-col-mobile-1 dce-align-left elementor-widget elementor-widget-dce-dynamicposts-v2\" data-id=\"58a3ecd\" data-element_type=\"widget\" data-e-type=\"widget\" data-settings=\"{&quot;style_items&quot;:&quot;default&quot;,&quot;grid_grid_type&quot;:&quot;flex&quot;}\" data-widget_type=\"dce-dynamicposts-v2.grid\">\n\t\t\t\t<div class=\"elementor-widget-container\">\n\t\t\t\t\t\n\t\t<div class=\"dce-fix-background-loop dce-posts-container dce-posts dce-dynamic-posts-collection  dce-skin-grid dce-skin-grid-flex\">\n\t\t\t\t\t\t<div class=\"dce-posts-wrapper dce-wrapper-grid\">\n\t\t\t\n\t\t<article class=\"post-20303 page type-page status-publish has-post-thumbnail hentry category-cables-es category-cables-electricos dce-post dce-post-item dce-item-grid\" data-dce-post-id=\"20303\" data-dce-post-index=\"0\">\n\t\t\t<div class=\"dce-post-block elementor-animation-grow\">\n\t\t<div class=\"dce-item dce-item_image elementor-repeater-item-9ee1dae\"><a class=\"dce-post-image\" href=\"https:\/\/sisgeo.com\/es\/productos\/cables\/cables-electricos\/\"><figure  class=\"dce-img\"><img fetchpriority=\"high\" decoding=\"async\" width=\"960\" height=\"540\" src=\"https:\/\/sisgeo.com\/wp-content\/uploads\/2023\/09\/0_lszh_cables_sisgeo_4661c97475d762553b8ecf5009555a03.png\" class=\"\" alt=\"Cables el\u00e9ctricos\" srcset=\"https:\/\/sisgeo.com\/wp-content\/uploads\/2023\/09\/0_lszh_cables_sisgeo_4661c97475d762553b8ecf5009555a03.png 960w, https:\/\/sisgeo.com\/wp-content\/uploads\/2023\/09\/0_lszh_cables_sisgeo_4661c97475d762553b8ecf5009555a03-300x169.png 300w, https:\/\/sisgeo.com\/wp-content\/uploads\/2023\/09\/0_lszh_cables_sisgeo_4661c97475d762553b8ecf5009555a03-768x432.png 768w\" sizes=\"(max-width: 960px) 100vw, 960px\" \/><\/figure><\/a><\/div><div class=\"dce-item dce-item_title elementor-repeater-item-b433209\"><h5 class=\"dce-post-title\"><a href=\"https:\/\/sisgeo.com\/es\/productos\/cables\/cables-electricos\/\">Cables el\u00e9ctricos<\/a><\/h5><\/div><div class=\"dce-item dce-item_readmore elementor-repeater-item-ef0e5ce\">\t\t<div class=\"dce-post-button\">\n\t\t\t<a href=\"https:\/\/sisgeo.com\/es\/productos\/cables\/cables-electricos\/\" class=\"elementor-button-link elementor-button dce-button elementor-size-sm\" role=\"button\" >\n\t\t\t<div class=\"align-middle\"><span>M\u00e1s informaci\u00f3n<\/span><img decoding=\"async\" src=\"https:\/\/sisgeo.com\/wp-content\/uploads\/2023\/05\/arrow_red.png\"><\/div>\t\t\t<\/a>\n\t\t<\/div>\n\t\t<\/div>\t\t\t<\/div>\n\t\t<\/article>\n\t\t\t\t\t<\/div>\n\t\t\t\t\t<\/div>\n\t\t\t\t\t\t<\/div>\n\t\t\t\t<\/div>\n\t\t\t\t\t<\/div>\n\t\t\t\t<\/div>\n\t\t\t\t<\/div>\n\t\t","protected":false},"excerpt":{"rendered":"<p>Los cables de se\u00f1al y multifilares son uno de los factores clave de un buen sistema de monitoreo: deben transmitir la se\u00f1al del instrumento al lector o registrador de datos sin ruidos, p\u00e9rdidas de se\u00f1al o interrupciones inesperadas. Todos los cables de Sisgeo est\u00e1n dise\u00f1ados para aplicaciones espec\u00edficas y pueden embeberse en hormig\u00f3n o enterrarse [&hellip;]<\/p>\n","protected":false},"author":1,"featured_media":4033,"parent":20244,"menu_order":0,"comment_status":"closed","ping_status":"closed","template":"","meta":{"footnotes":""},"categories":[216],"tags":[],"class_list":["post-20295","page","type-page","status-publish","has-post-thumbnail","hentry","category-products-es-2"],"yoast_head":"<!-- This site is optimized with the Yoast SEO Premium plugin v27.2 (Yoast SEO v27.2) - https:\/\/yoast.com\/product\/yoast-seo-premium-wordpress\/ -->\n<title>Cables - Sisgeo<\/title>\n<meta name=\"robots\" content=\"index, follow, max-snippet:-1, max-image-preview:large, max-video-preview:-1\" \/>\n<link rel=\"canonical\" href=\"https:\/\/sisgeo.com\/es\/productos\/cables\/\" \/>\n<meta property=\"og:locale\" content=\"es_ES\" \/>\n<meta property=\"og:type\" content=\"article\" \/>\n<meta property=\"og:title\" content=\"Cables\" \/>\n<meta property=\"og:description\" content=\"Los cables de se\u00f1al y multifilares son uno de los factores clave de un buen sistema de monitoreo: deben transmitir la se\u00f1al del instrumento al lector o registrador de datos sin ruidos, p\u00e9rdidas de se\u00f1al o interrupciones inesperadas. Todos los cables de Sisgeo est\u00e1n dise\u00f1ados para aplicaciones espec\u00edficas y pueden embeberse en hormig\u00f3n o enterrarse [&hellip;]\" \/>\n<meta property=\"og:url\" content=\"https:\/\/sisgeo.com\/es\/productos\/cables\/\" \/>\n<meta property=\"og:site_name\" content=\"Sisgeo\" \/>\n<meta property=\"article:modified_time\" content=\"2023-12-08T16:13:43+00:00\" \/>\n<meta property=\"og:image\" content=\"https:\/\/sisgeo.com\/wp-content\/uploads\/2023\/07\/14_CABLES.jpg\" \/>\n\t<meta property=\"og:image:width\" content=\"294\" \/>\n\t<meta property=\"og:image:height\" content=\"164\" \/>\n\t<meta property=\"og:image:type\" content=\"image\/jpeg\" \/>\n<meta name=\"twitter:card\" content=\"summary_large_image\" \/>\n<meta name=\"twitter:label1\" content=\"Tiempo de lectura\" \/>\n\t<meta name=\"twitter:data1\" content=\"1 minuto\" \/>\n<script type=\"application\/ld+json\" class=\"yoast-schema-graph\">{\"@context\":\"https:\/\/schema.org\",\"@graph\":[{\"@type\":\"WebPage\",\"@id\":\"https:\/\/sisgeo.com\/es\/productos\/cables\/\",\"url\":\"https:\/\/sisgeo.com\/es\/productos\/cables\/\",\"name\":\"Cables - Sisgeo\",\"isPartOf\":{\"@id\":\"https:\/\/sisgeo.com\/es\/#website\"},\"primaryImageOfPage\":{\"@id\":\"https:\/\/sisgeo.com\/es\/productos\/cables\/#primaryimage\"},\"image\":{\"@id\":\"https:\/\/sisgeo.com\/es\/productos\/cables\/#primaryimage\"},\"thumbnailUrl\":\"https:\/\/sisgeo.com\/wp-content\/uploads\/2023\/07\/14_CABLES.jpg\",\"datePublished\":\"2023-07-27T08:46:41+00:00\",\"dateModified\":\"2023-12-08T16:13:43+00:00\",\"breadcrumb\":{\"@id\":\"https:\/\/sisgeo.com\/es\/productos\/cables\/#breadcrumb\"},\"inLanguage\":\"es\",\"potentialAction\":[{\"@type\":\"ReadAction\",\"target\":[\"https:\/\/sisgeo.com\/es\/productos\/cables\/\"]}]},{\"@type\":\"ImageObject\",\"inLanguage\":\"es\",\"@id\":\"https:\/\/sisgeo.com\/es\/productos\/cables\/#primaryimage\",\"url\":\"https:\/\/sisgeo.com\/wp-content\/uploads\/2023\/07\/14_CABLES.jpg\",\"contentUrl\":\"https:\/\/sisgeo.com\/wp-content\/uploads\/2023\/07\/14_CABLES.jpg\",\"width\":294,\"height\":164},{\"@type\":\"BreadcrumbList\",\"@id\":\"https:\/\/sisgeo.com\/es\/productos\/cables\/#breadcrumb\",\"itemListElement\":[{\"@type\":\"ListItem\",\"position\":1,\"name\":\"Home\",\"item\":\"https:\/\/sisgeo.com\/es\/geotechnical-and-structural-instrumentation-for-shm\/\"},{\"@type\":\"ListItem\",\"position\":2,\"name\":\"Productos\",\"item\":\"https:\/\/sisgeo.com\/es\/productos\/\"},{\"@type\":\"ListItem\",\"position\":3,\"name\":\"Cables\"}]},{\"@type\":\"WebSite\",\"@id\":\"https:\/\/sisgeo.com\/es\/#website\",\"url\":\"https:\/\/sisgeo.com\/es\/\",\"name\":\"Sisgeo\",\"description\":\"Inclined to improvement\",\"publisher\":{\"@id\":\"https:\/\/sisgeo.com\/es\/#organization\"},\"potentialAction\":[{\"@type\":\"SearchAction\",\"target\":{\"@type\":\"EntryPoint\",\"urlTemplate\":\"https:\/\/sisgeo.com\/es\/?s={search_term_string}\"},\"query-input\":{\"@type\":\"PropertyValueSpecification\",\"valueRequired\":true,\"valueName\":\"search_term_string\"}}],\"inLanguage\":\"es\"},{\"@type\":\"Organization\",\"@id\":\"https:\/\/sisgeo.com\/es\/#organization\",\"name\":\"Sisgeo S.r.l.\",\"url\":\"https:\/\/sisgeo.com\/es\/\",\"logo\":{\"@type\":\"ImageObject\",\"inLanguage\":\"es\",\"@id\":\"https:\/\/sisgeo.com\/es\/#\/schema\/logo\/image\/\",\"url\":\"https:\/\/sisgeodev.pipehosting.it\/wp-content\/uploads\/2023\/06\/logo-RGB.png\",\"contentUrl\":\"https:\/\/sisgeodev.pipehosting.it\/wp-content\/uploads\/2023\/06\/logo-RGB.png\",\"width\":205,\"height\":97,\"caption\":\"Sisgeo S.r.l.\"},\"image\":{\"@id\":\"https:\/\/sisgeo.com\/es\/#\/schema\/logo\/image\/\"}}]}<\/script>\n<!-- \/ Yoast SEO Premium plugin. -->","yoast_head_json":{"title":"Cables - Sisgeo","robots":{"index":"index","follow":"follow","max-snippet":"max-snippet:-1","max-image-preview":"max-image-preview:large","max-video-preview":"max-video-preview:-1"},"canonical":"https:\/\/sisgeo.com\/es\/productos\/cables\/","og_locale":"es_ES","og_type":"article","og_title":"Cables","og_description":"Los cables de se\u00f1al y multifilares son uno de los factores clave de un buen sistema de monitoreo: deben transmitir la se\u00f1al del instrumento al lector o registrador de datos sin ruidos, p\u00e9rdidas de se\u00f1al o interrupciones inesperadas. Todos los cables de Sisgeo est\u00e1n dise\u00f1ados para aplicaciones espec\u00edficas y pueden embeberse en hormig\u00f3n o enterrarse [&hellip;]","og_url":"https:\/\/sisgeo.com\/es\/productos\/cables\/","og_site_name":"Sisgeo","article_modified_time":"2023-12-08T16:13:43+00:00","og_image":[{"width":294,"height":164,"url":"https:\/\/sisgeo.com\/wp-content\/uploads\/2023\/07\/14_CABLES.jpg","type":"image\/jpeg"}],"twitter_card":"summary_large_image","twitter_misc":{"Tiempo de lectura":"1 minuto"},"schema":{"@context":"https:\/\/schema.org","@graph":[{"@type":"WebPage","@id":"https:\/\/sisgeo.com\/es\/productos\/cables\/","url":"https:\/\/sisgeo.com\/es\/productos\/cables\/","name":"Cables - Sisgeo","isPartOf":{"@id":"https:\/\/sisgeo.com\/es\/#website"},"primaryImageOfPage":{"@id":"https:\/\/sisgeo.com\/es\/productos\/cables\/#primaryimage"},"image":{"@id":"https:\/\/sisgeo.com\/es\/productos\/cables\/#primaryimage"},"thumbnailUrl":"https:\/\/sisgeo.com\/wp-content\/uploads\/2023\/07\/14_CABLES.jpg","datePublished":"2023-07-27T08:46:41+00:00","dateModified":"2023-12-08T16:13:43+00:00","breadcrumb":{"@id":"https:\/\/sisgeo.com\/es\/productos\/cables\/#breadcrumb"},"inLanguage":"es","potentialAction":[{"@type":"ReadAction","target":["https:\/\/sisgeo.com\/es\/productos\/cables\/"]}]},{"@type":"ImageObject","inLanguage":"es","@id":"https:\/\/sisgeo.com\/es\/productos\/cables\/#primaryimage","url":"https:\/\/sisgeo.com\/wp-content\/uploads\/2023\/07\/14_CABLES.jpg","contentUrl":"https:\/\/sisgeo.com\/wp-content\/uploads\/2023\/07\/14_CABLES.jpg","width":294,"height":164},{"@type":"BreadcrumbList","@id":"https:\/\/sisgeo.com\/es\/productos\/cables\/#breadcrumb","itemListElement":[{"@type":"ListItem","position":1,"name":"Home","item":"https:\/\/sisgeo.com\/es\/geotechnical-and-structural-instrumentation-for-shm\/"},{"@type":"ListItem","position":2,"name":"Productos","item":"https:\/\/sisgeo.com\/es\/productos\/"},{"@type":"ListItem","position":3,"name":"Cables"}]},{"@type":"WebSite","@id":"https:\/\/sisgeo.com\/es\/#website","url":"https:\/\/sisgeo.com\/es\/","name":"Sisgeo","description":"Inclined to improvement","publisher":{"@id":"https:\/\/sisgeo.com\/es\/#organization"},"potentialAction":[{"@type":"SearchAction","target":{"@type":"EntryPoint","urlTemplate":"https:\/\/sisgeo.com\/es\/?s={search_term_string}"},"query-input":{"@type":"PropertyValueSpecification","valueRequired":true,"valueName":"search_term_string"}}],"inLanguage":"es"},{"@type":"Organization","@id":"https:\/\/sisgeo.com\/es\/#organization","name":"Sisgeo S.r.l.","url":"https:\/\/sisgeo.com\/es\/","logo":{"@type":"ImageObject","inLanguage":"es","@id":"https:\/\/sisgeo.com\/es\/#\/schema\/logo\/image\/","url":"https:\/\/sisgeodev.pipehosting.it\/wp-content\/uploads\/2023\/06\/logo-RGB.png","contentUrl":"https:\/\/sisgeodev.pipehosting.it\/wp-content\/uploads\/2023\/06\/logo-RGB.png","width":205,"height":97,"caption":"Sisgeo S.r.l."},"image":{"@id":"https:\/\/sisgeo.com\/es\/#\/schema\/logo\/image\/"}}]}},"_links":{"self":[{"href":"https:\/\/sisgeo.com\/es\/wp-json\/wp\/v2\/pages\/20295","targetHints":{"allow":["GET"]}}],"collection":[{"href":"https:\/\/sisgeo.com\/es\/wp-json\/wp\/v2\/pages"}],"about":[{"href":"https:\/\/sisgeo.com\/es\/wp-json\/wp\/v2\/types\/page"}],"author":[{"embeddable":true,"href":"https:\/\/sisgeo.com\/es\/wp-json\/wp\/v2\/users\/1"}],"replies":[{"embeddable":true,"href":"https:\/\/sisgeo.com\/es\/wp-json\/wp\/v2\/comments?post=20295"}],"version-history":[{"count":1,"href":"https:\/\/sisgeo.com\/es\/wp-json\/wp\/v2\/pages\/20295\/revisions"}],"predecessor-version":[{"id":20296,"href":"https:\/\/sisgeo.com\/es\/wp-json\/wp\/v2\/pages\/20295\/revisions\/20296"}],"up":[{"embeddable":true,"href":"https:\/\/sisgeo.com\/es\/wp-json\/wp\/v2\/pages\/20244"}],"wp:featuredmedia":[{"embeddable":true,"href":"https:\/\/sisgeo.com\/es\/wp-json\/wp\/v2\/media\/4033"}],"wp:attachment":[{"href":"https:\/\/sisgeo.com\/es\/wp-json\/wp\/v2\/media?parent=20295"}],"wp:term":[{"taxonomy":"category","embeddable":true,"href":"https:\/\/sisgeo.com\/es\/wp-json\/wp\/v2\/categories?post=20295"},{"taxonomy":"post_tag","embeddable":true,"href":"https:\/\/sisgeo.com\/es\/wp-json\/wp\/v2\/tags?post=20295"}],"curies":[{"name":"wp","href":"https:\/\/api.w.org\/{rel}","templated":true}]}}