{"id":20350,"date":"2023-06-27T15:12:32","date_gmt":"2023-06-27T13:12:32","guid":{"rendered":"https:\/\/sisgeo.com\/productos\/dataloggers\/"},"modified":"2024-01-17T15:38:18","modified_gmt":"2024-01-17T14:38:18","slug":"dataloggers","status":"publish","type":"page","link":"https:\/\/sisgeo.com\/es\/productos\/dataloggers\/","title":{"rendered":"Dataloggers"},"content":{"rendered":"\t\t<div data-elementor-type=\"wp-page\" data-elementor-id=\"20350\" class=\"elementor elementor-20350 elementor-2744\" data-elementor-post-type=\"page\">\n\t\t\t\t<div class=\"elementor-element elementor-element-7a63a93 e-flex e-con-boxed e-con e-parent\" data-id=\"7a63a93\" data-element_type=\"container\" data-e-type=\"container\">\n\t\t\t\t\t<div class=\"e-con-inner\">\n\t\t\t\t<div class=\"elementor-element elementor-element-caccc42 elementor-widget elementor-widget-heading\" data-id=\"caccc42\" data-element_type=\"widget\" data-e-type=\"widget\" data-widget_type=\"heading.default\">\n\t\t\t\t<div class=\"elementor-widget-container\">\n\t\t\t\t\t<h1 class=\"elementor-heading-title elementor-size-default\">Dataloggers<\/h1>\t\t\t\t<\/div>\n\t\t\t\t<\/div>\n\t\t\t\t<div class=\"elementor-element elementor-element-99defb4 elementor-widget elementor-widget-text-editor\" data-id=\"99defb4\" data-element_type=\"widget\" data-e-type=\"widget\" data-widget_type=\"text-editor.default\">\n\t\t\t\t<div class=\"elementor-widget-container\">\n\t\t\t\t\t\t\t\t\t<p>Los registradores de datos son cruciales en el monitoreo geot\u00e9cnico y estructural, ya que facilitan la adquisici\u00f3n de datos, el monitoreo en tiempo real, el registro de datos a largo plazo, el procesamiento y an\u00e1lisis de datos, as\u00ed como los sistemas de alarma. <\/p>\n<p>Estas capacidades mejoran la precisi\u00f3n, eficacia y fiabilidad de los sistemas de moonitoreo, lo que redunda en una mayor seguridad, rendimiento y toma de decisiones en los proyectos de infraestructuras.<\/p>\n\t\t\t\t\t\t\t\t<\/div>\n\t\t\t\t<\/div>\n\t\t\t\t<div data-dce-title-color=\"#E20717\" class=\"elementor-element elementor-element-8a09a03 elementor-widget elementor-widget-accordion\" data-id=\"8a09a03\" data-element_type=\"widget\" data-e-type=\"widget\" data-widget_type=\"accordion.default\">\n\t\t\t\t<div class=\"elementor-widget-container\">\n\t\t\t\t\t\t\t<div class=\"elementor-accordion\">\n\t\t\t\t\t\t\t<div class=\"elementor-accordion-item\">\n\t\t\t\t\t<div id=\"elementor-tab-title-1441\" class=\"elementor-tab-title\" data-tab=\"1\" role=\"button\" aria-controls=\"elementor-tab-content-1441\" aria-expanded=\"false\">\n\t\t\t\t\t\t\t\t\t\t\t\t\t<span class=\"elementor-accordion-icon elementor-accordion-icon-right\" aria-hidden=\"true\">\n\t\t\t\t\t\t\t\t\t\t\t\t\t\t\t<span class=\"elementor-accordion-icon-closed\"><svg xmlns=\"http:\/\/www.w3.org\/2000\/svg\" width=\"29\" height=\"16\" viewBox=\"0 0 29 16\" fill=\"none\"><path fill-rule=\"evenodd\" clip-rule=\"evenodd\" d=\"M27.25 0L14.375 13.038L1.5 0L0 1.5L14.4 15.9L28.749 1.5L27.25 0Z\" fill=\"#E4002B\"><\/path><\/svg><\/span>\n\t\t\t\t\t\t\t\t<span class=\"elementor-accordion-icon-opened\"><svg xmlns=\"http:\/\/www.w3.org\/2000\/svg\" width=\"29\" height=\"14\" viewBox=\"0 0 29 14\" fill=\"none\"><path fill-rule=\"evenodd\" clip-rule=\"evenodd\" d=\"M1.49902 13.1885L14.374 2.61651L27.249 13.1885L28.749 11.9722L14.349 0.295833L2.28882e-05 11.9722L1.49902 13.1885Z\" fill=\"#E4002B\"><\/path><\/svg><\/span>\n\t\t\t\t\t\t\t\t\t\t\t\t\t\t<\/span>\n\t\t\t\t\t\t\t\t\t\t\t\t<a class=\"elementor-accordion-title\" tabindex=\"0\">M\u00e1s sobre este tema<\/a>\n\t\t\t\t\t<\/div>\n\t\t\t\t\t<div id=\"elementor-tab-content-1441\" class=\"elementor-tab-content elementor-clearfix\" data-tab=\"1\" role=\"region\" aria-labelledby=\"elementor-tab-title-1441\"><p>El <strong>registrador de datos OMNIAlog<\/strong> es una herramienta avanzada para la lectura y el almacenamiento autom\u00e1ticos de datos de un sistema de monitoreo al\u00e1mbrico por cable.<\/p>\n<p>Las principales caracter\u00edsticas de OMNIAlog son:<\/p>\n<p>&#8211; No requiere la instalaci\u00f3n de ning\u00fan software, gracias al servidor web incorporado<\/p>\n<p>&#8211; Puerto LAN est\u00e1ndar para conectar cualquier interfaz de comunicaci\u00f3n o para conectar el registrador a una red local<\/p>\n<p>&#8211; Alto rendimiento en t\u00e9rminos de resoluci\u00f3n y precisi\u00f3n en un amplio rango de temperaturas de funcionamiento (-30 \u00b0C a +70 \u00b0C)<\/p>\n<p>&#8211; Lectura de instrumentos anal\u00f3gicos y digitales<\/p>\n<p>&#8211; Compatible con los principales sensores geot\u00e9cnicos del mercado<\/p>\n<p>Cada sistema OMNIAlog puede gestionar m\u00e1s de 400 instrumentos anal\u00f3gicos mediante el uso de tarjetas de expansi\u00f3n multiplexoras. Gracias a la interfaz LAN est\u00e1ndar, puede conectar cualquier interfaz de comunicaci\u00f3n disponible en el mercado (por ejemplo, router 4G, punto de acceso Wi-Fi, m\u00f3dem de radio, conmutador de fibra \u00f3ptica, etc.). <\/p>\n<p>Compatibilidad del hardware con los sistemas operativos e idiomas. El software de gesti\u00f3n avanzado OMNIAlog funciona como un sitio web: basta con abrir el navegador, introducir la direcci\u00f3n IP OMNIAlog y empezar a trabajar. <\/p>\n<\/p>\n<p><strong>WR-Log<\/strong> es un sistema inal\u00e1mbrico de registro de datos que permite la adquisici\u00f3n y transmisi\u00f3n remotas de datos proovenientes de instrumentos geot\u00e9cnicos o estructurales sin necesidad de conexiones f\u00edsicas o por cable.<\/p>\n<p>El sistema consiste principalmente en una serie de \u00abnodos\u00bb alimentados por bater\u00edas de larga duraci\u00f3n, capaces de leer sensores digitales o anal\u00f3gicos, que transmiten datos por radio a una Gateway La Gateway recoge todos los datos recibidos. Cuenta con un puerto LAN a bordo y un router interno capaz de enviar datos por Internet o por medio de una tarjeta 3-4G.  <\/p>\n<\/div>\n\t\t\t\t<\/div>\n\t\t\t\t\t\t\t\t<\/div>\n\t\t\t\t\t\t<\/div>\n\t\t\t\t<\/div>\n\t\t\t\t<div class=\"elementor-element elementor-element-58a3ecd dce-posts-layout-default dce-col-4 dce-col-tablet-3 dce-col-mobile-1 dce-align-left elementor-widget elementor-widget-dce-dynamicposts-v2\" data-id=\"58a3ecd\" data-element_type=\"widget\" data-e-type=\"widget\" data-settings=\"{&quot;style_items&quot;:&quot;default&quot;,&quot;grid_grid_type&quot;:&quot;flex&quot;}\" data-widget_type=\"dce-dynamicposts-v2.grid\">\n\t\t\t\t<div class=\"elementor-widget-container\">\n\t\t\t\t\t\n\t\t<div class=\"dce-fix-background-loop dce-posts-container dce-posts dce-dynamic-posts-collection  dce-skin-grid dce-skin-grid-flex\">\n\t\t\t\t\t\t<div class=\"dce-posts-wrapper dce-wrapper-grid\">\n\t\t\t\n\t\t<article class=\"post-20370 page type-page status-publish has-post-thumbnail hentry category-datalogger-omnialog category-dataloggers-es dce-post dce-post-item dce-item-grid\" data-dce-post-id=\"20370\" data-dce-post-index=\"0\">\n\t\t\t<div class=\"dce-post-block elementor-animation-grow\">\n\t\t<div class=\"dce-item dce-item_image elementor-repeater-item-9ee1dae\"><a class=\"dce-post-image\" href=\"https:\/\/sisgeo.com\/es\/productos\/dataloggers\/datalogger-omnialog\/\"><figure  class=\"dce-img\"><img fetchpriority=\"high\" decoding=\"async\" width=\"960\" height=\"540\" src=\"https:\/\/sisgeo.com\/wp-content\/uploads\/2023\/06\/0_omnialog_module_.png\" class=\"\" alt=\"Datalogger OMNIAlog\" srcset=\"https:\/\/sisgeo.com\/wp-content\/uploads\/2023\/06\/0_omnialog_module_.png 960w, https:\/\/sisgeo.com\/wp-content\/uploads\/2023\/06\/0_omnialog_module_-300x169.png 300w, https:\/\/sisgeo.com\/wp-content\/uploads\/2023\/06\/0_omnialog_module_-768x432.png 768w\" sizes=\"(max-width: 960px) 100vw, 960px\" \/><\/figure><\/a><\/div><div class=\"dce-item dce-item_title elementor-repeater-item-b433209\"><h5 class=\"dce-post-title\"><a href=\"https:\/\/sisgeo.com\/es\/productos\/dataloggers\/datalogger-omnialog\/\">Datalogger OMNIAlog<\/a><\/h5><\/div><div class=\"dce-item dce-item_readmore elementor-repeater-item-ef0e5ce\">\t\t<div class=\"dce-post-button\">\n\t\t\t<a href=\"https:\/\/sisgeo.com\/es\/productos\/dataloggers\/datalogger-omnialog\/\" class=\"elementor-button-link elementor-button dce-button elementor-size-sm\" role=\"button\" >\n\t\t\t<div class=\"align-middle\"><span>M\u00e1s informaci\u00f3n<\/span><img decoding=\"async\" src=\"https:\/\/sisgeo.com\/wp-content\/uploads\/2023\/05\/arrow_red.png\"><\/div>\t\t\t<\/a>\n\t\t<\/div>\n\t\t<\/div>\t\t\t<\/div>\n\t\t<\/article>\n\t\t\n\t\t<article class=\"post-30075 page type-page status-publish has-post-thumbnail hentry category-dataloggers-es category-senceive-wireless-nodes dce-post dce-post-item dce-item-grid\" data-dce-post-id=\"30075\" data-dce-post-index=\"1\">\n\t\t\t<div class=\"dce-post-block elementor-animation-grow\">\n\t\t<div class=\"dce-item dce-item_image elementor-repeater-item-9ee1dae\"><a class=\"dce-post-image\" href=\"https:\/\/sisgeo.com\/es\/productos\/dataloggers\/senceive-wireless-nodes\/\"><figure  class=\"dce-img\"><img decoding=\"async\" width=\"960\" height=\"540\" src=\"https:\/\/sisgeo.com\/wp-content\/uploads\/2026\/02\/Senceive-wireless-nodes.jpg\" class=\"\" alt=\"Senceive Wireless nodes\" srcset=\"https:\/\/sisgeo.com\/wp-content\/uploads\/2026\/02\/Senceive-wireless-nodes.jpg 960w, https:\/\/sisgeo.com\/wp-content\/uploads\/2026\/02\/Senceive-wireless-nodes-300x169.jpg 300w, https:\/\/sisgeo.com\/wp-content\/uploads\/2026\/02\/Senceive-wireless-nodes-768x432.jpg 768w\" sizes=\"(max-width: 960px) 100vw, 960px\" \/><\/figure><\/a><\/div><div class=\"dce-item dce-item_title elementor-repeater-item-b433209\"><h5 class=\"dce-post-title\"><a href=\"https:\/\/sisgeo.com\/es\/productos\/dataloggers\/senceive-wireless-nodes\/\">Senceive Wireless nodes<\/a><\/h5><\/div><div class=\"dce-item dce-item_readmore elementor-repeater-item-ef0e5ce\">\t\t<div class=\"dce-post-button\">\n\t\t\t<a href=\"https:\/\/sisgeo.com\/es\/productos\/dataloggers\/senceive-wireless-nodes\/\" class=\"elementor-button-link elementor-button dce-button elementor-size-sm\" role=\"button\" >\n\t\t\t<div class=\"align-middle\"><span>M\u00e1s informaci\u00f3n<\/span><img decoding=\"async\" src=\"https:\/\/sisgeo.com\/wp-content\/uploads\/2023\/05\/arrow_red.png\"><\/div>\t\t\t<\/a>\n\t\t<\/div>\n\t\t<\/div>\t\t\t<\/div>\n\t\t<\/article>\n\t\t\t\t\t<\/div>\n\t\t\t\t\t<\/div>\n\t\t\t\t\t\t<\/div>\n\t\t\t\t<\/div>\n\t\t\t\t\t<\/div>\n\t\t\t\t<\/div>\n\t\t\t\t<\/div>\n\t\t","protected":false},"excerpt":{"rendered":"<p>Dataloggers Los registradores de datos son cruciales en el monitoreo geot\u00e9cnico y estructural, ya que facilitan la adquisici\u00f3n de datos, el monitoreo en tiempo real, el registro de datos a largo plazo, el procesamiento y an\u00e1lisis de datos, as\u00ed como los sistemas de alarma. Estas capacidades mejoran la precisi\u00f3n, eficacia y fiabilidad de los sistemas [&hellip;]<\/p>\n","protected":false},"author":1,"featured_media":30080,"parent":20244,"menu_order":0,"comment_status":"closed","ping_status":"closed","template":"","meta":{"footnotes":""},"categories":[216],"tags":[],"class_list":["post-20350","page","type-page","status-publish","has-post-thumbnail","hentry","category-products-es-2"],"yoast_head":"<!-- This site is optimized with the Yoast SEO Premium plugin v27.4 (Yoast SEO v27.4) - https:\/\/yoast.com\/product\/yoast-seo-premium-wordpress\/ -->\n<title>Dataloggers - Sisgeo<\/title>\n<meta name=\"robots\" content=\"index, follow, max-snippet:-1, max-image-preview:large, max-video-preview:-1\" \/>\n<link rel=\"canonical\" href=\"https:\/\/sisgeo.com\/es\/productos\/dataloggers\/\" \/>\n<meta property=\"og:locale\" content=\"es_ES\" \/>\n<meta property=\"og:type\" content=\"article\" \/>\n<meta property=\"og:title\" content=\"Dataloggers\" \/>\n<meta property=\"og:description\" content=\"Dataloggers Los registradores de datos son cruciales en el monitoreo geot\u00e9cnico y estructural, ya que facilitan la adquisici\u00f3n de datos, el monitoreo en tiempo real, el registro de datos a largo plazo, el procesamiento y an\u00e1lisis de datos, as\u00ed como los sistemas de alarma. Estas capacidades mejoran la precisi\u00f3n, eficacia y fiabilidad de los sistemas [&hellip;]\" \/>\n<meta property=\"og:url\" content=\"https:\/\/sisgeo.com\/es\/productos\/dataloggers\/\" \/>\n<meta property=\"og:site_name\" content=\"Sisgeo\" \/>\n<meta property=\"article:modified_time\" content=\"2024-01-17T14:38:18+00:00\" \/>\n<meta property=\"og:image\" content=\"https:\/\/sisgeo.com\/wp-content\/uploads\/2023\/07\/16_DATALOGGERS.jpg\" \/>\n\t<meta property=\"og:image:width\" content=\"294\" \/>\n\t<meta property=\"og:image:height\" content=\"164\" \/>\n\t<meta property=\"og:image:type\" content=\"image\/jpeg\" \/>\n<meta name=\"twitter:card\" content=\"summary_large_image\" \/>\n<meta name=\"twitter:label1\" content=\"Tiempo de lectura\" \/>\n\t<meta name=\"twitter:data1\" content=\"2 minutos\" \/>\n<script type=\"application\/ld+json\" class=\"yoast-schema-graph\">{\"@context\":\"https:\\\/\\\/schema.org\",\"@graph\":[{\"@type\":\"WebPage\",\"@id\":\"https:\\\/\\\/sisgeo.com\\\/es\\\/productos\\\/dataloggers\\\/\",\"url\":\"https:\\\/\\\/sisgeo.com\\\/es\\\/productos\\\/dataloggers\\\/\",\"name\":\"Dataloggers - Sisgeo\",\"isPartOf\":{\"@id\":\"https:\\\/\\\/sisgeo.com\\\/es\\\/#website\"},\"primaryImageOfPage\":{\"@id\":\"https:\\\/\\\/sisgeo.com\\\/es\\\/productos\\\/dataloggers\\\/#primaryimage\"},\"image\":{\"@id\":\"https:\\\/\\\/sisgeo.com\\\/es\\\/productos\\\/dataloggers\\\/#primaryimage\"},\"thumbnailUrl\":\"https:\\\/\\\/sisgeo.com\\\/wp-content\\\/uploads\\\/2026\\\/02\\\/datalogger-sisgo-senceive.jpg\",\"datePublished\":\"2023-06-27T13:12:32+00:00\",\"dateModified\":\"2024-01-17T14:38:18+00:00\",\"breadcrumb\":{\"@id\":\"https:\\\/\\\/sisgeo.com\\\/es\\\/productos\\\/dataloggers\\\/#breadcrumb\"},\"inLanguage\":\"es\",\"potentialAction\":[{\"@type\":\"ReadAction\",\"target\":[\"https:\\\/\\\/sisgeo.com\\\/es\\\/productos\\\/dataloggers\\\/\"]}]},{\"@type\":\"ImageObject\",\"inLanguage\":\"es\",\"@id\":\"https:\\\/\\\/sisgeo.com\\\/es\\\/productos\\\/dataloggers\\\/#primaryimage\",\"url\":\"https:\\\/\\\/sisgeo.com\\\/wp-content\\\/uploads\\\/2026\\\/02\\\/datalogger-sisgo-senceive.jpg\",\"contentUrl\":\"https:\\\/\\\/sisgeo.com\\\/wp-content\\\/uploads\\\/2026\\\/02\\\/datalogger-sisgo-senceive.jpg\",\"width\":960,\"height\":540},{\"@type\":\"BreadcrumbList\",\"@id\":\"https:\\\/\\\/sisgeo.com\\\/es\\\/productos\\\/dataloggers\\\/#breadcrumb\",\"itemListElement\":[{\"@type\":\"ListItem\",\"position\":1,\"name\":\"Home\",\"item\":\"https:\\\/\\\/sisgeo.com\\\/es\\\/geotechnical-and-structural-instrumentation-for-shm\\\/\"},{\"@type\":\"ListItem\",\"position\":2,\"name\":\"Productos\",\"item\":\"https:\\\/\\\/sisgeo.com\\\/es\\\/productos\\\/\"},{\"@type\":\"ListItem\",\"position\":3,\"name\":\"Dataloggers\"}]},{\"@type\":\"WebSite\",\"@id\":\"https:\\\/\\\/sisgeo.com\\\/es\\\/#website\",\"url\":\"https:\\\/\\\/sisgeo.com\\\/es\\\/\",\"name\":\"Sisgeo\",\"description\":\"Inclined to improvement\",\"publisher\":{\"@id\":\"https:\\\/\\\/sisgeo.com\\\/es\\\/#organization\"},\"potentialAction\":[{\"@type\":\"SearchAction\",\"target\":{\"@type\":\"EntryPoint\",\"urlTemplate\":\"https:\\\/\\\/sisgeo.com\\\/es\\\/?s={search_term_string}\"},\"query-input\":{\"@type\":\"PropertyValueSpecification\",\"valueRequired\":true,\"valueName\":\"search_term_string\"}}],\"inLanguage\":\"es\"},{\"@type\":\"Organization\",\"@id\":\"https:\\\/\\\/sisgeo.com\\\/es\\\/#organization\",\"name\":\"Sisgeo S.r.l.\",\"url\":\"https:\\\/\\\/sisgeo.com\\\/es\\\/\",\"logo\":{\"@type\":\"ImageObject\",\"inLanguage\":\"es\",\"@id\":\"https:\\\/\\\/sisgeo.com\\\/es\\\/#\\\/schema\\\/logo\\\/image\\\/\",\"url\":\"https:\\\/\\\/sisgeodev.pipehosting.it\\\/wp-content\\\/uploads\\\/2023\\\/06\\\/logo-RGB.png\",\"contentUrl\":\"https:\\\/\\\/sisgeodev.pipehosting.it\\\/wp-content\\\/uploads\\\/2023\\\/06\\\/logo-RGB.png\",\"width\":205,\"height\":97,\"caption\":\"Sisgeo S.r.l.\"},\"image\":{\"@id\":\"https:\\\/\\\/sisgeo.com\\\/es\\\/#\\\/schema\\\/logo\\\/image\\\/\"}}]}<\/script>\n<!-- \/ Yoast SEO Premium plugin. -->","yoast_head_json":{"title":"Dataloggers - Sisgeo","robots":{"index":"index","follow":"follow","max-snippet":"max-snippet:-1","max-image-preview":"max-image-preview:large","max-video-preview":"max-video-preview:-1"},"canonical":"https:\/\/sisgeo.com\/es\/productos\/dataloggers\/","og_locale":"es_ES","og_type":"article","og_title":"Dataloggers","og_description":"Dataloggers Los registradores de datos son cruciales en el monitoreo geot\u00e9cnico y estructural, ya que facilitan la adquisici\u00f3n de datos, el monitoreo en tiempo real, el registro de datos a largo plazo, el procesamiento y an\u00e1lisis de datos, as\u00ed como los sistemas de alarma. Estas capacidades mejoran la precisi\u00f3n, eficacia y fiabilidad de los sistemas [&hellip;]","og_url":"https:\/\/sisgeo.com\/es\/productos\/dataloggers\/","og_site_name":"Sisgeo","article_modified_time":"2024-01-17T14:38:18+00:00","og_image":[{"width":294,"height":164,"url":"https:\/\/sisgeo.com\/wp-content\/uploads\/2023\/07\/16_DATALOGGERS.jpg","type":"image\/jpeg"}],"twitter_card":"summary_large_image","twitter_misc":{"Tiempo de lectura":"2 minutos"},"schema":{"@context":"https:\/\/schema.org","@graph":[{"@type":"WebPage","@id":"https:\/\/sisgeo.com\/es\/productos\/dataloggers\/","url":"https:\/\/sisgeo.com\/es\/productos\/dataloggers\/","name":"Dataloggers - Sisgeo","isPartOf":{"@id":"https:\/\/sisgeo.com\/es\/#website"},"primaryImageOfPage":{"@id":"https:\/\/sisgeo.com\/es\/productos\/dataloggers\/#primaryimage"},"image":{"@id":"https:\/\/sisgeo.com\/es\/productos\/dataloggers\/#primaryimage"},"thumbnailUrl":"https:\/\/sisgeo.com\/wp-content\/uploads\/2026\/02\/datalogger-sisgo-senceive.jpg","datePublished":"2023-06-27T13:12:32+00:00","dateModified":"2024-01-17T14:38:18+00:00","breadcrumb":{"@id":"https:\/\/sisgeo.com\/es\/productos\/dataloggers\/#breadcrumb"},"inLanguage":"es","potentialAction":[{"@type":"ReadAction","target":["https:\/\/sisgeo.com\/es\/productos\/dataloggers\/"]}]},{"@type":"ImageObject","inLanguage":"es","@id":"https:\/\/sisgeo.com\/es\/productos\/dataloggers\/#primaryimage","url":"https:\/\/sisgeo.com\/wp-content\/uploads\/2026\/02\/datalogger-sisgo-senceive.jpg","contentUrl":"https:\/\/sisgeo.com\/wp-content\/uploads\/2026\/02\/datalogger-sisgo-senceive.jpg","width":960,"height":540},{"@type":"BreadcrumbList","@id":"https:\/\/sisgeo.com\/es\/productos\/dataloggers\/#breadcrumb","itemListElement":[{"@type":"ListItem","position":1,"name":"Home","item":"https:\/\/sisgeo.com\/es\/geotechnical-and-structural-instrumentation-for-shm\/"},{"@type":"ListItem","position":2,"name":"Productos","item":"https:\/\/sisgeo.com\/es\/productos\/"},{"@type":"ListItem","position":3,"name":"Dataloggers"}]},{"@type":"WebSite","@id":"https:\/\/sisgeo.com\/es\/#website","url":"https:\/\/sisgeo.com\/es\/","name":"Sisgeo","description":"Inclined to improvement","publisher":{"@id":"https:\/\/sisgeo.com\/es\/#organization"},"potentialAction":[{"@type":"SearchAction","target":{"@type":"EntryPoint","urlTemplate":"https:\/\/sisgeo.com\/es\/?s={search_term_string}"},"query-input":{"@type":"PropertyValueSpecification","valueRequired":true,"valueName":"search_term_string"}}],"inLanguage":"es"},{"@type":"Organization","@id":"https:\/\/sisgeo.com\/es\/#organization","name":"Sisgeo S.r.l.","url":"https:\/\/sisgeo.com\/es\/","logo":{"@type":"ImageObject","inLanguage":"es","@id":"https:\/\/sisgeo.com\/es\/#\/schema\/logo\/image\/","url":"https:\/\/sisgeodev.pipehosting.it\/wp-content\/uploads\/2023\/06\/logo-RGB.png","contentUrl":"https:\/\/sisgeodev.pipehosting.it\/wp-content\/uploads\/2023\/06\/logo-RGB.png","width":205,"height":97,"caption":"Sisgeo S.r.l."},"image":{"@id":"https:\/\/sisgeo.com\/es\/#\/schema\/logo\/image\/"}}]}},"_links":{"self":[{"href":"https:\/\/sisgeo.com\/es\/wp-json\/wp\/v2\/pages\/20350","targetHints":{"allow":["GET"]}}],"collection":[{"href":"https:\/\/sisgeo.com\/es\/wp-json\/wp\/v2\/pages"}],"about":[{"href":"https:\/\/sisgeo.com\/es\/wp-json\/wp\/v2\/types\/page"}],"author":[{"embeddable":true,"href":"https:\/\/sisgeo.com\/es\/wp-json\/wp\/v2\/users\/1"}],"replies":[{"embeddable":true,"href":"https:\/\/sisgeo.com\/es\/wp-json\/wp\/v2\/comments?post=20350"}],"version-history":[{"count":2,"href":"https:\/\/sisgeo.com\/es\/wp-json\/wp\/v2\/pages\/20350\/revisions"}],"predecessor-version":[{"id":22749,"href":"https:\/\/sisgeo.com\/es\/wp-json\/wp\/v2\/pages\/20350\/revisions\/22749"}],"up":[{"embeddable":true,"href":"https:\/\/sisgeo.com\/es\/wp-json\/wp\/v2\/pages\/20244"}],"wp:featuredmedia":[{"embeddable":true,"href":"https:\/\/sisgeo.com\/es\/wp-json\/wp\/v2\/media\/30080"}],"wp:attachment":[{"href":"https:\/\/sisgeo.com\/es\/wp-json\/wp\/v2\/media?parent=20350"}],"wp:term":[{"taxonomy":"category","embeddable":true,"href":"https:\/\/sisgeo.com\/es\/wp-json\/wp\/v2\/categories?post=20350"},{"taxonomy":"post_tag","embeddable":true,"href":"https:\/\/sisgeo.com\/es\/wp-json\/wp\/v2\/tags?post=20350"}],"curies":[{"name":"wp","href":"https:\/\/api.w.org\/{rel}","templated":true}]}}