{"id":20505,"date":"2023-06-05T10:24:17","date_gmt":"2023-06-05T08:24:17","guid":{"rendered":"https:\/\/sisgeo.com\/productos\/carcasas-de-inclinometros\/"},"modified":"2023-12-11T15:46:41","modified_gmt":"2023-12-11T14:46:41","slug":"carcasas-de-inclinometros","status":"publish","type":"page","link":"https:\/\/sisgeo.com\/es\/productos\/carcasas-de-inclinometros\/","title":{"rendered":"Carcasas de inclin\u00f3metros"},"content":{"rendered":"\t\t<div data-elementor-type=\"wp-page\" data-elementor-id=\"20505\" class=\"elementor elementor-20505 elementor-1860\" data-elementor-post-type=\"page\">\n\t\t\t\t<div class=\"elementor-element elementor-element-7a63a93 e-flex e-con-boxed e-con e-parent\" data-id=\"7a63a93\" data-element_type=\"container\" data-e-type=\"container\">\n\t\t\t\t\t<div class=\"e-con-inner\">\n\t\t\t\t<div class=\"elementor-element elementor-element-99defb4 elementor-widget elementor-widget-text-editor\" data-id=\"99defb4\" data-element_type=\"widget\" data-e-type=\"widget\" data-widget_type=\"text-editor.default\">\n\t\t\t\t<div class=\"elementor-widget-container\">\n\t\t\t\t\t\t\t\t\t<p>Las tuber\u00edas inclinom\u00e9tricas desempe\u00f1an un papel crucial en el monitoreo geot\u00e9cnico, ya que alojan las sondas inclinom\u00e9tricas y proporcionan un marco de referencia estable para realizar mediciones precisas del movimiento del terreno. Suelen estar fabricadas en ABS o aluminio y se seleccionan en funci\u00f3n de los requisitos espec\u00edficos del proyecto y las condiciones del emplazamiento. <\/p>\n<p>Las tuber\u00edas inclinom\u00e9tricas se utilizan ampliamente para monitorear taludes inestables, muros pantalla, muros de contenci\u00f3n, minas, excavaciones de t\u00faneles y presas.<\/p>\n\t\t\t\t\t\t\t\t<\/div>\n\t\t\t\t<\/div>\n\t\t\t\t<div class=\"elementor-element elementor-element-8a09a03 elementor-widget elementor-widget-accordion\" data-id=\"8a09a03\" data-element_type=\"widget\" data-e-type=\"widget\" data-widget_type=\"accordion.default\">\n\t\t\t\t<div class=\"elementor-widget-container\">\n\t\t\t\t\t\t\t<div class=\"elementor-accordion\">\n\t\t\t\t\t\t\t<div class=\"elementor-accordion-item\">\n\t\t\t\t\t<div id=\"elementor-tab-title-1441\" class=\"elementor-tab-title\" data-tab=\"1\" role=\"button\" aria-controls=\"elementor-tab-content-1441\" aria-expanded=\"false\">\n\t\t\t\t\t\t\t\t\t\t\t\t\t<span class=\"elementor-accordion-icon elementor-accordion-icon-right\" aria-hidden=\"true\">\n\t\t\t\t\t\t\t\t\t\t\t\t\t\t\t<span class=\"elementor-accordion-icon-closed\"><svg xmlns=\"http:\/\/www.w3.org\/2000\/svg\" width=\"29\" height=\"16\" viewBox=\"0 0 29 16\" fill=\"none\"><path fill-rule=\"evenodd\" clip-rule=\"evenodd\" d=\"M27.25 0L14.375 13.038L1.5 0L0 1.5L14.4 15.9L28.749 1.5L27.25 0Z\" fill=\"#E4002B\"><\/path><\/svg><\/span>\n\t\t\t\t\t\t\t\t<span class=\"elementor-accordion-icon-opened\"><svg xmlns=\"http:\/\/www.w3.org\/2000\/svg\" width=\"29\" height=\"14\" viewBox=\"0 0 29 14\" fill=\"none\"><path fill-rule=\"evenodd\" clip-rule=\"evenodd\" d=\"M1.49902 13.1885L14.374 2.61651L27.249 13.1885L28.749 11.9722L14.349 0.295833L2.28882e-05 11.9722L1.49902 13.1885Z\" fill=\"#E4002B\"><\/path><\/svg><\/span>\n\t\t\t\t\t\t\t\t\t\t\t\t\t\t<\/span>\n\t\t\t\t\t\t\t\t\t\t\t\t<a class=\"elementor-accordion-title\" tabindex=\"0\">M\u00e1s sobre este tema<\/a>\n\t\t\t\t\t<\/div>\n\t\t\t\t\t<div id=\"elementor-tab-content-1441\" class=\"elementor-tab-content elementor-clearfix\" data-tab=\"1\" role=\"region\" aria-labelledby=\"elementor-tab-title-1441\"><p>Sisgeo suministra diferentes modelos de <strong>tuber\u00eda inclinom\u00e9trica<\/strong> que deben elegirse en funci\u00f3n de la profundidad de instalaci\u00f3n, tipo de estratificaci\u00f3n del terreno y posibles impactos qu\u00edmicos y f\u00edsicos. Las tuber\u00edas inclinom\u00e9tricas de ABS son muy recomendables por su resistencia e inercia a productos qu\u00edmicos y flujos. <\/p>\n<p>Los tubos de aluminio se recomiendan para instalaciones muy profundas (por ejemplo, profundidad &gt; 150 m).<\/p>\n<p>Los tubos inclinom\u00e9tricos pueden medirse con una sonda inclinom\u00e9trica digital MEMS (sonda inclinom\u00e9trica BRAIN) o con una cadena de inclin\u00f3metros digitales IPI In-Place.<\/p>\n<p>En la norma internacional ISO 18674-3 \u00abMeasurement of displacements across a line: Inclin\u00f3metros\u00bb.<\/p>\n<\/div>\n\t\t\t\t<\/div>\n\t\t\t\t\t\t\t\t<\/div>\n\t\t\t\t\t\t<\/div>\n\t\t\t\t<\/div>\n\t\t\t\t<div class=\"elementor-element elementor-element-58a3ecd dce-posts-layout-default dce-col-4 dce-col-tablet-3 dce-col-mobile-1 dce-align-left elementor-widget elementor-widget-dce-dynamicposts-v2\" data-id=\"58a3ecd\" data-element_type=\"widget\" data-e-type=\"widget\" data-settings=\"{&quot;templatemode_linkable&quot;:&quot;yes&quot;,&quot;style_items&quot;:&quot;default&quot;,&quot;grid_grid_type&quot;:&quot;flex&quot;}\" data-widget_type=\"dce-dynamicposts-v2.grid\">\n\t\t\t\t<div class=\"elementor-widget-container\">\n\t\t\t\t\t\n\t\t<div class=\"dce-fix-background-loop dce-posts-container dce-posts dce-dynamic-posts-collection  dce-skin-grid dce-skin-grid-flex\">\n\t\t\t\t\t\t<div class=\"dce-posts-wrapper dce-wrapper-grid\">\n\t\t\t\n\t\t<article class=\"post-20530 page type-page status-publish has-post-thumbnail hentry category-carcasas-de-inclinometros category-tuberias-inclinometricas-de-junta-rapida dce-post dce-post-item dce-item-grid\" data-dce-post-id=\"20530\" data-dce-post-index=\"0\" data-post-link=\"https:\/\/sisgeo.com\/es\/productos\/carcasas-de-inclinometros\/tuberias-inclinometricas-de-junta-rapida\/\">\n\t\t\t<div class=\"dce-post-block elementor-animation-grow\">\n\t\t<div class=\"dce-item dce-item_image elementor-repeater-item-9ee1dae\"><a class=\"dce-post-image\" href=\"https:\/\/sisgeo.com\/es\/productos\/carcasas-de-inclinometros\/tuberias-inclinometricas-de-junta-rapida\/\"><figure  class=\"dce-img\"><img fetchpriority=\"high\" decoding=\"async\" width=\"960\" height=\"540\" src=\"https:\/\/sisgeo.com\/wp-content\/uploads\/2023\/08\/0_quick_joint_inclinometer_casing.png\" class=\"\" alt=\"Tuber\u00edas inclinom\u00e9tricas de junta r\u00e1pida\" srcset=\"https:\/\/sisgeo.com\/wp-content\/uploads\/2023\/08\/0_quick_joint_inclinometer_casing.png 960w, https:\/\/sisgeo.com\/wp-content\/uploads\/2023\/08\/0_quick_joint_inclinometer_casing-300x169.png 300w, https:\/\/sisgeo.com\/wp-content\/uploads\/2023\/08\/0_quick_joint_inclinometer_casing-768x432.png 768w\" sizes=\"(max-width: 960px) 100vw, 960px\" \/><\/figure><\/a><\/div><div class=\"dce-item dce-item_title elementor-repeater-item-b433209\"><h5 class=\"dce-post-title\"><a href=\"https:\/\/sisgeo.com\/es\/productos\/carcasas-de-inclinometros\/tuberias-inclinometricas-de-junta-rapida\/\">Tuber\u00edas inclinom\u00e9tricas de junta r\u00e1pida<\/a><\/h5><\/div><div class=\"dce-item dce-item_readmore elementor-repeater-item-ef0e5ce\">\t\t<div class=\"dce-post-button\">\n\t\t\t<a href=\"https:\/\/sisgeo.com\/es\/productos\/carcasas-de-inclinometros\/tuberias-inclinometricas-de-junta-rapida\/\" class=\"elementor-button-link elementor-button dce-button elementor-size-sm\" role=\"button\" >\n\t\t\t<div class=\"align-middle\"><span>M\u00e1s informaci\u00f3n<\/span><img decoding=\"async\" src=\"https:\/\/sisgeo.com\/wp-content\/uploads\/2023\/05\/arrow_red.png\"><\/div>\t\t\t<\/a>\n\t\t<\/div>\n\t\t<\/div>\t\t\t<\/div>\n\t\t<\/article>\n\t\t\n\t\t<article class=\"post-20513 page type-page status-publish has-post-thumbnail hentry category-carcasas-de-inclinometros category-tuberias-inclinometricas-easy-lock dce-post dce-post-item dce-item-grid\" data-dce-post-id=\"20513\" data-dce-post-index=\"1\" data-post-link=\"https:\/\/sisgeo.com\/es\/productos\/carcasas-de-inclinometros\/tuberias-inclinometricas-easy-lock\/\">\n\t\t\t<div class=\"dce-post-block elementor-animation-grow\">\n\t\t<div class=\"dce-item dce-item_image elementor-repeater-item-9ee1dae\"><a class=\"dce-post-image\" href=\"https:\/\/sisgeo.com\/es\/productos\/carcasas-de-inclinometros\/tuberias-inclinometricas-easy-lock\/\"><figure  class=\"dce-img\"><img decoding=\"async\" width=\"960\" height=\"540\" src=\"https:\/\/sisgeo.com\/wp-content\/uploads\/2023\/08\/00_easy_lock_ABS_inclinometer_.png\" class=\"\" alt=\"Tuber\u00edas inclinom\u00e9tricas \u00abEasy Lock\u00bb\" srcset=\"https:\/\/sisgeo.com\/wp-content\/uploads\/2023\/08\/00_easy_lock_ABS_inclinometer_.png 960w, https:\/\/sisgeo.com\/wp-content\/uploads\/2023\/08\/00_easy_lock_ABS_inclinometer_-300x169.png 300w, https:\/\/sisgeo.com\/wp-content\/uploads\/2023\/08\/00_easy_lock_ABS_inclinometer_-768x432.png 768w\" sizes=\"(max-width: 960px) 100vw, 960px\" \/><\/figure><\/a><\/div><div class=\"dce-item dce-item_title elementor-repeater-item-b433209\"><h5 class=\"dce-post-title\"><a href=\"https:\/\/sisgeo.com\/es\/productos\/carcasas-de-inclinometros\/tuberias-inclinometricas-easy-lock\/\">Tuber\u00edas inclinom\u00e9tricas \u00abEasy Lock\u00bb<\/a><\/h5><\/div><div class=\"dce-item dce-item_readmore elementor-repeater-item-ef0e5ce\">\t\t<div class=\"dce-post-button\">\n\t\t\t<a href=\"https:\/\/sisgeo.com\/es\/productos\/carcasas-de-inclinometros\/tuberias-inclinometricas-easy-lock\/\" class=\"elementor-button-link elementor-button dce-button elementor-size-sm\" role=\"button\" >\n\t\t\t<div class=\"align-middle\"><span>M\u00e1s informaci\u00f3n<\/span><img decoding=\"async\" src=\"https:\/\/sisgeo.com\/wp-content\/uploads\/2023\/05\/arrow_red.png\"><\/div>\t\t\t<\/a>\n\t\t<\/div>\n\t\t<\/div>\t\t\t<\/div>\n\t\t<\/article>\n\t\t\n\t\t<article class=\"post-20522 page type-page status-publish has-post-thumbnail hentry category-carcasas-de-inclinometros category-carcasas-de-inclinometros-es dce-post dce-post-item dce-item-grid\" data-dce-post-id=\"20522\" data-dce-post-index=\"2\" data-post-link=\"https:\/\/sisgeo.com\/es\/productos\/carcasas-de-inclinometros\/tuberias-inclinometricas\/\">\n\t\t\t<div class=\"dce-post-block elementor-animation-grow\">\n\t\t<div class=\"dce-item dce-item_image elementor-repeater-item-9ee1dae\"><a class=\"dce-post-image\" href=\"https:\/\/sisgeo.com\/es\/productos\/carcasas-de-inclinometros\/tuberias-inclinometricas\/\"><figure  class=\"dce-img\"><img decoding=\"async\" width=\"960\" height=\"540\" src=\"https:\/\/sisgeo.com\/wp-content\/uploads\/2023\/08\/inclinometer_tubes_00_sisgeo_red.png\" class=\"\" alt=\"Tuber\u00edas inclinom\u00e9tricas\" srcset=\"https:\/\/sisgeo.com\/wp-content\/uploads\/2023\/08\/inclinometer_tubes_00_sisgeo_red.png 960w, https:\/\/sisgeo.com\/wp-content\/uploads\/2023\/08\/inclinometer_tubes_00_sisgeo_red-300x169.png 300w, https:\/\/sisgeo.com\/wp-content\/uploads\/2023\/08\/inclinometer_tubes_00_sisgeo_red-768x432.png 768w\" sizes=\"(max-width: 960px) 100vw, 960px\" \/><\/figure><\/a><\/div><div class=\"dce-item dce-item_title elementor-repeater-item-b433209\"><h5 class=\"dce-post-title\"><a href=\"https:\/\/sisgeo.com\/es\/productos\/carcasas-de-inclinometros\/tuberias-inclinometricas\/\">Tuber\u00edas inclinom\u00e9tricas<\/a><\/h5><\/div><div class=\"dce-item dce-item_readmore elementor-repeater-item-ef0e5ce\">\t\t<div class=\"dce-post-button\">\n\t\t\t<a href=\"https:\/\/sisgeo.com\/es\/productos\/carcasas-de-inclinometros\/tuberias-inclinometricas\/\" class=\"elementor-button-link elementor-button dce-button elementor-size-sm\" role=\"button\" >\n\t\t\t<div class=\"align-middle\"><span>M\u00e1s informaci\u00f3n<\/span><img decoding=\"async\" src=\"https:\/\/sisgeo.com\/wp-content\/uploads\/2023\/05\/arrow_red.png\"><\/div>\t\t\t<\/a>\n\t\t<\/div>\n\t\t<\/div>\t\t\t<\/div>\n\t\t<\/article>\n\t\t\t\t\t<\/div>\n\t\t\t\t\t<\/div>\n\t\t\t\t\t\t<\/div>\n\t\t\t\t<\/div>\n\t\t\t\t\t<\/div>\n\t\t\t\t<\/div>\n\t\t\t\t<\/div>\n\t\t","protected":false},"excerpt":{"rendered":"<p>Las tuber\u00edas inclinom\u00e9tricas desempe\u00f1an un papel crucial en el monitoreo geot\u00e9cnico, ya que alojan las sondas inclinom\u00e9tricas y proporcionan un marco de referencia estable para realizar mediciones precisas del movimiento del terreno. Suelen estar fabricadas en ABS o aluminio y se seleccionan en funci\u00f3n de los requisitos espec\u00edficos del proyecto y las condiciones del emplazamiento. [&hellip;]<\/p>\n","protected":false},"author":1,"featured_media":3872,"parent":20244,"menu_order":0,"comment_status":"closed","ping_status":"closed","template":"","meta":{"footnotes":""},"categories":[216],"tags":[],"class_list":["post-20505","page","type-page","status-publish","has-post-thumbnail","hentry","category-products-es-2"],"yoast_head":"<!-- This site is optimized with the Yoast SEO Premium plugin v27.2 (Yoast SEO v27.2) - https:\/\/yoast.com\/product\/yoast-seo-premium-wordpress\/ -->\n<title>Carcasas de inclin\u00f3metros - Sisgeo<\/title>\n<meta name=\"robots\" content=\"index, follow, max-snippet:-1, max-image-preview:large, max-video-preview:-1\" \/>\n<link rel=\"canonical\" href=\"https:\/\/sisgeo.com\/es\/productos\/carcasas-de-inclinometros\/\" \/>\n<meta property=\"og:locale\" content=\"es_ES\" \/>\n<meta property=\"og:type\" content=\"article\" \/>\n<meta property=\"og:title\" content=\"Carcasas de inclin\u00f3metros\" \/>\n<meta property=\"og:description\" content=\"Las tuber\u00edas inclinom\u00e9tricas desempe\u00f1an un papel crucial en el monitoreo geot\u00e9cnico, ya que alojan las sondas inclinom\u00e9tricas y proporcionan un marco de referencia estable para realizar mediciones precisas del movimiento del terreno. Suelen estar fabricadas en ABS o aluminio y se seleccionan en funci\u00f3n de los requisitos espec\u00edficos del proyecto y las condiciones del emplazamiento. [&hellip;]\" \/>\n<meta property=\"og:url\" content=\"https:\/\/sisgeo.com\/es\/productos\/carcasas-de-inclinometros\/\" \/>\n<meta property=\"og:site_name\" content=\"Sisgeo\" \/>\n<meta property=\"article:modified_time\" content=\"2023-12-11T14:46:41+00:00\" \/>\n<meta property=\"og:image\" content=\"https:\/\/sisgeo.com\/wp-content\/uploads\/2023\/07\/1_INCLINOMETER-CASINGS.jpg\" \/>\n\t<meta property=\"og:image:width\" content=\"294\" \/>\n\t<meta property=\"og:image:height\" content=\"164\" \/>\n\t<meta property=\"og:image:type\" content=\"image\/jpeg\" \/>\n<meta name=\"twitter:card\" content=\"summary_large_image\" \/>\n<meta name=\"twitter:label1\" content=\"Tiempo de lectura\" \/>\n\t<meta name=\"twitter:data1\" content=\"1 minuto\" \/>\n<script type=\"application\/ld+json\" class=\"yoast-schema-graph\">{\"@context\":\"https:\/\/schema.org\",\"@graph\":[{\"@type\":\"WebPage\",\"@id\":\"https:\/\/sisgeo.com\/es\/productos\/carcasas-de-inclinometros\/\",\"url\":\"https:\/\/sisgeo.com\/es\/productos\/carcasas-de-inclinometros\/\",\"name\":\"Carcasas de inclin\u00f3metros - Sisgeo\",\"isPartOf\":{\"@id\":\"https:\/\/sisgeo.com\/es\/#website\"},\"primaryImageOfPage\":{\"@id\":\"https:\/\/sisgeo.com\/es\/productos\/carcasas-de-inclinometros\/#primaryimage\"},\"image\":{\"@id\":\"https:\/\/sisgeo.com\/es\/productos\/carcasas-de-inclinometros\/#primaryimage\"},\"thumbnailUrl\":\"https:\/\/sisgeo.com\/wp-content\/uploads\/2023\/07\/1_INCLINOMETER-CASINGS.jpg\",\"datePublished\":\"2023-06-05T08:24:17+00:00\",\"dateModified\":\"2023-12-11T14:46:41+00:00\",\"breadcrumb\":{\"@id\":\"https:\/\/sisgeo.com\/es\/productos\/carcasas-de-inclinometros\/#breadcrumb\"},\"inLanguage\":\"es\",\"potentialAction\":[{\"@type\":\"ReadAction\",\"target\":[\"https:\/\/sisgeo.com\/es\/productos\/carcasas-de-inclinometros\/\"]}]},{\"@type\":\"ImageObject\",\"inLanguage\":\"es\",\"@id\":\"https:\/\/sisgeo.com\/es\/productos\/carcasas-de-inclinometros\/#primaryimage\",\"url\":\"https:\/\/sisgeo.com\/wp-content\/uploads\/2023\/07\/1_INCLINOMETER-CASINGS.jpg\",\"contentUrl\":\"https:\/\/sisgeo.com\/wp-content\/uploads\/2023\/07\/1_INCLINOMETER-CASINGS.jpg\",\"width\":294,\"height\":164},{\"@type\":\"BreadcrumbList\",\"@id\":\"https:\/\/sisgeo.com\/es\/productos\/carcasas-de-inclinometros\/#breadcrumb\",\"itemListElement\":[{\"@type\":\"ListItem\",\"position\":1,\"name\":\"Home\",\"item\":\"https:\/\/sisgeo.com\/es\/geotechnical-and-structural-instrumentation-for-shm\/\"},{\"@type\":\"ListItem\",\"position\":2,\"name\":\"Productos\",\"item\":\"https:\/\/sisgeo.com\/es\/productos\/\"},{\"@type\":\"ListItem\",\"position\":3,\"name\":\"Carcasas de inclin\u00f3metros\"}]},{\"@type\":\"WebSite\",\"@id\":\"https:\/\/sisgeo.com\/es\/#website\",\"url\":\"https:\/\/sisgeo.com\/es\/\",\"name\":\"Sisgeo\",\"description\":\"Inclined to improvement\",\"publisher\":{\"@id\":\"https:\/\/sisgeo.com\/es\/#organization\"},\"potentialAction\":[{\"@type\":\"SearchAction\",\"target\":{\"@type\":\"EntryPoint\",\"urlTemplate\":\"https:\/\/sisgeo.com\/es\/?s={search_term_string}\"},\"query-input\":{\"@type\":\"PropertyValueSpecification\",\"valueRequired\":true,\"valueName\":\"search_term_string\"}}],\"inLanguage\":\"es\"},{\"@type\":\"Organization\",\"@id\":\"https:\/\/sisgeo.com\/es\/#organization\",\"name\":\"Sisgeo S.r.l.\",\"url\":\"https:\/\/sisgeo.com\/es\/\",\"logo\":{\"@type\":\"ImageObject\",\"inLanguage\":\"es\",\"@id\":\"https:\/\/sisgeo.com\/es\/#\/schema\/logo\/image\/\",\"url\":\"https:\/\/sisgeodev.pipehosting.it\/wp-content\/uploads\/2023\/06\/logo-RGB.png\",\"contentUrl\":\"https:\/\/sisgeodev.pipehosting.it\/wp-content\/uploads\/2023\/06\/logo-RGB.png\",\"width\":205,\"height\":97,\"caption\":\"Sisgeo S.r.l.\"},\"image\":{\"@id\":\"https:\/\/sisgeo.com\/es\/#\/schema\/logo\/image\/\"}}]}<\/script>\n<!-- \/ Yoast SEO Premium plugin. -->","yoast_head_json":{"title":"Carcasas de inclin\u00f3metros - Sisgeo","robots":{"index":"index","follow":"follow","max-snippet":"max-snippet:-1","max-image-preview":"max-image-preview:large","max-video-preview":"max-video-preview:-1"},"canonical":"https:\/\/sisgeo.com\/es\/productos\/carcasas-de-inclinometros\/","og_locale":"es_ES","og_type":"article","og_title":"Carcasas de inclin\u00f3metros","og_description":"Las tuber\u00edas inclinom\u00e9tricas desempe\u00f1an un papel crucial en el monitoreo geot\u00e9cnico, ya que alojan las sondas inclinom\u00e9tricas y proporcionan un marco de referencia estable para realizar mediciones precisas del movimiento del terreno. Suelen estar fabricadas en ABS o aluminio y se seleccionan en funci\u00f3n de los requisitos espec\u00edficos del proyecto y las condiciones del emplazamiento. [&hellip;]","og_url":"https:\/\/sisgeo.com\/es\/productos\/carcasas-de-inclinometros\/","og_site_name":"Sisgeo","article_modified_time":"2023-12-11T14:46:41+00:00","og_image":[{"width":294,"height":164,"url":"https:\/\/sisgeo.com\/wp-content\/uploads\/2023\/07\/1_INCLINOMETER-CASINGS.jpg","type":"image\/jpeg"}],"twitter_card":"summary_large_image","twitter_misc":{"Tiempo de lectura":"1 minuto"},"schema":{"@context":"https:\/\/schema.org","@graph":[{"@type":"WebPage","@id":"https:\/\/sisgeo.com\/es\/productos\/carcasas-de-inclinometros\/","url":"https:\/\/sisgeo.com\/es\/productos\/carcasas-de-inclinometros\/","name":"Carcasas de inclin\u00f3metros - Sisgeo","isPartOf":{"@id":"https:\/\/sisgeo.com\/es\/#website"},"primaryImageOfPage":{"@id":"https:\/\/sisgeo.com\/es\/productos\/carcasas-de-inclinometros\/#primaryimage"},"image":{"@id":"https:\/\/sisgeo.com\/es\/productos\/carcasas-de-inclinometros\/#primaryimage"},"thumbnailUrl":"https:\/\/sisgeo.com\/wp-content\/uploads\/2023\/07\/1_INCLINOMETER-CASINGS.jpg","datePublished":"2023-06-05T08:24:17+00:00","dateModified":"2023-12-11T14:46:41+00:00","breadcrumb":{"@id":"https:\/\/sisgeo.com\/es\/productos\/carcasas-de-inclinometros\/#breadcrumb"},"inLanguage":"es","potentialAction":[{"@type":"ReadAction","target":["https:\/\/sisgeo.com\/es\/productos\/carcasas-de-inclinometros\/"]}]},{"@type":"ImageObject","inLanguage":"es","@id":"https:\/\/sisgeo.com\/es\/productos\/carcasas-de-inclinometros\/#primaryimage","url":"https:\/\/sisgeo.com\/wp-content\/uploads\/2023\/07\/1_INCLINOMETER-CASINGS.jpg","contentUrl":"https:\/\/sisgeo.com\/wp-content\/uploads\/2023\/07\/1_INCLINOMETER-CASINGS.jpg","width":294,"height":164},{"@type":"BreadcrumbList","@id":"https:\/\/sisgeo.com\/es\/productos\/carcasas-de-inclinometros\/#breadcrumb","itemListElement":[{"@type":"ListItem","position":1,"name":"Home","item":"https:\/\/sisgeo.com\/es\/geotechnical-and-structural-instrumentation-for-shm\/"},{"@type":"ListItem","position":2,"name":"Productos","item":"https:\/\/sisgeo.com\/es\/productos\/"},{"@type":"ListItem","position":3,"name":"Carcasas de inclin\u00f3metros"}]},{"@type":"WebSite","@id":"https:\/\/sisgeo.com\/es\/#website","url":"https:\/\/sisgeo.com\/es\/","name":"Sisgeo","description":"Inclined to improvement","publisher":{"@id":"https:\/\/sisgeo.com\/es\/#organization"},"potentialAction":[{"@type":"SearchAction","target":{"@type":"EntryPoint","urlTemplate":"https:\/\/sisgeo.com\/es\/?s={search_term_string}"},"query-input":{"@type":"PropertyValueSpecification","valueRequired":true,"valueName":"search_term_string"}}],"inLanguage":"es"},{"@type":"Organization","@id":"https:\/\/sisgeo.com\/es\/#organization","name":"Sisgeo S.r.l.","url":"https:\/\/sisgeo.com\/es\/","logo":{"@type":"ImageObject","inLanguage":"es","@id":"https:\/\/sisgeo.com\/es\/#\/schema\/logo\/image\/","url":"https:\/\/sisgeodev.pipehosting.it\/wp-content\/uploads\/2023\/06\/logo-RGB.png","contentUrl":"https:\/\/sisgeodev.pipehosting.it\/wp-content\/uploads\/2023\/06\/logo-RGB.png","width":205,"height":97,"caption":"Sisgeo S.r.l."},"image":{"@id":"https:\/\/sisgeo.com\/es\/#\/schema\/logo\/image\/"}}]}},"_links":{"self":[{"href":"https:\/\/sisgeo.com\/es\/wp-json\/wp\/v2\/pages\/20505","targetHints":{"allow":["GET"]}}],"collection":[{"href":"https:\/\/sisgeo.com\/es\/wp-json\/wp\/v2\/pages"}],"about":[{"href":"https:\/\/sisgeo.com\/es\/wp-json\/wp\/v2\/types\/page"}],"author":[{"embeddable":true,"href":"https:\/\/sisgeo.com\/es\/wp-json\/wp\/v2\/users\/1"}],"replies":[{"embeddable":true,"href":"https:\/\/sisgeo.com\/es\/wp-json\/wp\/v2\/comments?post=20505"}],"version-history":[{"count":1,"href":"https:\/\/sisgeo.com\/es\/wp-json\/wp\/v2\/pages\/20505\/revisions"}],"predecessor-version":[{"id":20506,"href":"https:\/\/sisgeo.com\/es\/wp-json\/wp\/v2\/pages\/20505\/revisions\/20506"}],"up":[{"embeddable":true,"href":"https:\/\/sisgeo.com\/es\/wp-json\/wp\/v2\/pages\/20244"}],"wp:featuredmedia":[{"embeddable":true,"href":"https:\/\/sisgeo.com\/es\/wp-json\/wp\/v2\/media\/3872"}],"wp:attachment":[{"href":"https:\/\/sisgeo.com\/es\/wp-json\/wp\/v2\/media?parent=20505"}],"wp:term":[{"taxonomy":"category","embeddable":true,"href":"https:\/\/sisgeo.com\/es\/wp-json\/wp\/v2\/categories?post=20505"},{"taxonomy":"post_tag","embeddable":true,"href":"https:\/\/sisgeo.com\/es\/wp-json\/wp\/v2\/tags?post=20505"}],"curies":[{"name":"wp","href":"https:\/\/api.w.org\/{rel}","templated":true}]}}