{"id":20584,"date":"2023-07-27T10:25:55","date_gmt":"2023-07-27T08:25:55","guid":{"rendered":"https:\/\/sisgeo.com\/productos\/celdas-de-carga\/"},"modified":"2023-12-12T10:49:51","modified_gmt":"2023-12-12T09:49:51","slug":"celdas-de-carga","status":"publish","type":"page","link":"https:\/\/sisgeo.com\/es\/productos\/celdas-de-carga\/","title":{"rendered":"Celdas de carga"},"content":{"rendered":"\t\t<div data-elementor-type=\"wp-page\" data-elementor-id=\"20584\" class=\"elementor elementor-20584 elementor-3911\" data-elementor-post-type=\"page\">\n\t\t\t\t<div class=\"elementor-element elementor-element-7a63a93 e-flex e-con-boxed e-con e-parent\" data-id=\"7a63a93\" data-element_type=\"container\" data-e-type=\"container\">\n\t\t\t\t\t<div class=\"e-con-inner\">\n\t\t\t\t<div class=\"elementor-element elementor-element-99defb4 elementor-widget elementor-widget-text-editor\" data-id=\"99defb4\" data-element_type=\"widget\" data-e-type=\"widget\" data-widget_type=\"text-editor.default\">\n\t\t\t\t<div class=\"elementor-widget-container\">\n\t\t\t\t\t\t\t\t\t<p>Las c\u00e9lulas de carga desempe\u00f1an un papel fundamental en la evaluaci\u00f3n del rendimiento, la seguridad y la fiabilidad de las estructuras y los sistemas geot\u00e9cnicos mediante la medici\u00f3n y el control precisos de las cargas y fuerzas.<\/p>\n<p>En el monitoreo geot\u00e9cnico y estructural, las c\u00e9lulas de carga se utilizan habitualmente para monitorear la carga aplicada a barras de anclaje, la carga aplicada a pilotes o puntales, y para medir la distribuci\u00f3n de fuerzas en revestimientos de acero (t\u00faneles). Otras aplicaciones son muros de contenci\u00f3n, presas, cimentaciones y estribos de puentes. <\/p>\n<p>Las c\u00e9lulas de carga permiten a los ingenieros tomar decisiones fundamentadas sobre la optimizaci\u00f3n del dise\u00f1o, el mantenimiento y la supervisi\u00f3n del estado estructural.<\/p>\n\t\t\t\t\t\t\t\t<\/div>\n\t\t\t\t<\/div>\n\t\t\t\t<div class=\"elementor-element elementor-element-8a09a03 elementor-widget elementor-widget-accordion\" data-id=\"8a09a03\" data-element_type=\"widget\" data-e-type=\"widget\" data-widget_type=\"accordion.default\">\n\t\t\t\t<div class=\"elementor-widget-container\">\n\t\t\t\t\t\t\t<div class=\"elementor-accordion\">\n\t\t\t\t\t\t\t<div class=\"elementor-accordion-item\">\n\t\t\t\t\t<div id=\"elementor-tab-title-1441\" class=\"elementor-tab-title\" data-tab=\"1\" role=\"button\" aria-controls=\"elementor-tab-content-1441\" aria-expanded=\"false\">\n\t\t\t\t\t\t\t\t\t\t\t\t\t<span class=\"elementor-accordion-icon elementor-accordion-icon-right\" aria-hidden=\"true\">\n\t\t\t\t\t\t\t\t\t\t\t\t\t\t\t<span class=\"elementor-accordion-icon-closed\"><svg xmlns=\"http:\/\/www.w3.org\/2000\/svg\" width=\"29\" height=\"16\" viewBox=\"0 0 29 16\" fill=\"none\"><path fill-rule=\"evenodd\" clip-rule=\"evenodd\" d=\"M27.25 0L14.375 13.038L1.5 0L0 1.5L14.4 15.9L28.749 1.5L27.25 0Z\" fill=\"#E4002B\"><\/path><\/svg><\/span>\n\t\t\t\t\t\t\t\t<span class=\"elementor-accordion-icon-opened\"><svg xmlns=\"http:\/\/www.w3.org\/2000\/svg\" width=\"29\" height=\"14\" viewBox=\"0 0 29 14\" fill=\"none\"><path fill-rule=\"evenodd\" clip-rule=\"evenodd\" d=\"M1.49902 13.1885L14.374 2.61651L27.249 13.1885L28.749 11.9722L14.349 0.295833L2.28882e-05 11.9722L1.49902 13.1885Z\" fill=\"#E4002B\"><\/path><\/svg><\/span>\n\t\t\t\t\t\t\t\t\t\t\t\t\t\t<\/span>\n\t\t\t\t\t\t\t\t\t\t\t\t<a class=\"elementor-accordion-title\" tabindex=\"0\">M\u00e1s sobre este tema<\/a>\n\t\t\t\t\t<\/div>\n\t\t\t\t\t<div id=\"elementor-tab-content-1441\" class=\"elementor-tab-content elementor-clearfix\" data-tab=\"1\" role=\"region\" aria-labelledby=\"elementor-tab-title-1441\"><p>Las <strong>c\u00e9lulas de carga de anclaje hidr\u00e1ulico<\/strong> son b\u00e1sicamente una almohadilla en forma de anillo llena de aceite desaireado y conectada a un man\u00f3metro Bourdon que indica la carga aplicada a la c\u00e9lula.<\/p>\n<p>Las <strong>c\u00e9lulas de carga de anclaje el\u00e9ctrico<\/strong> constan de un cuerpo toroidal de acero inoxidable detectado con galgas extensom\u00e9tricas de resistencia el\u00e9ctrica, en una configuraci\u00f3n de puente de Wheatstone, para garantizar, junto con el dise\u00f1o particular de la c\u00e9lula, una sensibilidad muy baja a las cargas exc\u00e9ntricas.<\/p>\n<p>Ambos modelos se suministran con una placa de distribuci\u00f3n de carga muy r\u00edgida para distribuir la fuerza alrededor del cuerpo del instrumento. Hay disponibles c\u00e9lulas de carga de anclaje de diferentes tama\u00f1os y rangos de medici\u00f3n para satisfacer los requisitos del cliente. <\/p>\n<p>Las <strong>c\u00e9lulas de carga para revestimientos de acero<\/strong> est\u00e1n especialmente dise\u00f1adas para instalarse bajo revestimientos de acero con el fin de controlar la transmisi\u00f3n de la carga aplicada desde la roca\/suelo circundante a la viga. Se trata de placas circulares, rellenas de aceite desaireado y medidas con un transductor de presi\u00f3n el\u00e9ctrico. Este modelo de c\u00e9lula de carga est\u00e1 disponible con placas esf\u00e9ricas gemelas especiales para su aplicaci\u00f3n entre superficies no paralelas.  <\/p>\n<p>Las <strong>c\u00e9lulas de carga resistivas<\/strong> son muy robustas y est\u00e1n dise\u00f1adas para ofrecer estabilidad a largo plazo. Pueden utilizarse en pruebas de carga de pilotes o en cualquier otro proyecto en el que se requiera un amplio rango de medici\u00f3n. <\/p>\n<\/div>\n\t\t\t\t<\/div>\n\t\t\t\t\t\t\t\t<\/div>\n\t\t\t\t\t\t<\/div>\n\t\t\t\t<\/div>\n\t\t\t\t<div class=\"elementor-element elementor-element-58a3ecd dce-posts-layout-default dce-col-4 dce-col-tablet-3 dce-col-mobile-1 dce-align-left elementor-widget elementor-widget-dce-dynamicposts-v2\" data-id=\"58a3ecd\" data-element_type=\"widget\" data-e-type=\"widget\" data-settings=\"{&quot;style_items&quot;:&quot;default&quot;,&quot;grid_grid_type&quot;:&quot;flex&quot;}\" data-widget_type=\"dce-dynamicposts-v2.grid\">\n\t\t\t\t<div class=\"elementor-widget-container\">\n\t\t\t\t\t\n\t\t<div class=\"dce-fix-background-loop dce-posts-container dce-posts dce-dynamic-posts-collection  dce-skin-grid dce-skin-grid-flex\">\n\t\t\t\t\t\t<div class=\"dce-posts-wrapper dce-wrapper-grid\">\n\t\t\t\n\t\t<article class=\"post-20591 page type-page status-publish has-post-thumbnail hentry category-celdas-de-carga category-celdas-de-carga-electricas-para-anclajes dce-post dce-post-item dce-item-grid\" data-dce-post-id=\"20591\" data-dce-post-index=\"0\">\n\t\t\t<div class=\"dce-post-block elementor-animation-grow\">\n\t\t<div class=\"dce-item dce-item_image elementor-repeater-item-9ee1dae\"><a class=\"dce-post-image\" href=\"https:\/\/sisgeo.com\/es\/productos\/celdas-de-carga\/celdas-de-carga-electricas-para-anclajes\/\"><figure  class=\"dce-img\"><img fetchpriority=\"high\" decoding=\"async\" width=\"960\" height=\"540\" src=\"https:\/\/sisgeo.com\/wp-content\/uploads\/2023\/09\/eletric_anchor_load_cell_0_sisgeo_8baf8b38bf759.png\" class=\"\" alt=\"Celdas de carga el\u00e9ctricas para anclajes\" srcset=\"https:\/\/sisgeo.com\/wp-content\/uploads\/2023\/09\/eletric_anchor_load_cell_0_sisgeo_8baf8b38bf759.png 960w, https:\/\/sisgeo.com\/wp-content\/uploads\/2023\/09\/eletric_anchor_load_cell_0_sisgeo_8baf8b38bf759-300x169.png 300w, https:\/\/sisgeo.com\/wp-content\/uploads\/2023\/09\/eletric_anchor_load_cell_0_sisgeo_8baf8b38bf759-768x432.png 768w\" sizes=\"(max-width: 960px) 100vw, 960px\" \/><\/figure><\/a><\/div><div class=\"dce-item dce-item_title elementor-repeater-item-b433209\"><h5 class=\"dce-post-title\"><a href=\"https:\/\/sisgeo.com\/es\/productos\/celdas-de-carga\/celdas-de-carga-electricas-para-anclajes\/\">Celdas de carga el\u00e9ctricas para anclajes<\/a><\/h5><\/div><div class=\"dce-item dce-item_readmore elementor-repeater-item-ef0e5ce\">\t\t<div class=\"dce-post-button\">\n\t\t\t<a href=\"https:\/\/sisgeo.com\/es\/productos\/celdas-de-carga\/celdas-de-carga-electricas-para-anclajes\/\" class=\"elementor-button-link elementor-button dce-button elementor-size-sm\" role=\"button\" >\n\t\t\t<div class=\"align-middle\"><span>M\u00e1s informaci\u00f3n<\/span><img decoding=\"async\" src=\"https:\/\/sisgeo.com\/wp-content\/uploads\/2023\/05\/arrow_red.png\"><\/div>\t\t\t<\/a>\n\t\t<\/div>\n\t\t<\/div>\t\t\t<\/div>\n\t\t<\/article>\n\t\t\n\t\t<article class=\"post-20608 page type-page status-publish has-post-thumbnail hentry category-celdas-de-carga category-celdas-de-carga-hidraulica-para-anclaje dce-post dce-post-item dce-item-grid\" data-dce-post-id=\"20608\" data-dce-post-index=\"1\">\n\t\t\t<div class=\"dce-post-block elementor-animation-grow\">\n\t\t<div class=\"dce-item dce-item_image elementor-repeater-item-9ee1dae\"><a class=\"dce-post-image\" href=\"https:\/\/sisgeo.com\/es\/productos\/celdas-de-carga\/celdas-de-carga-hidraulica-para-anclaje\/\"><figure  class=\"dce-img\"><img decoding=\"async\" width=\"960\" height=\"540\" src=\"https:\/\/sisgeo.com\/wp-content\/uploads\/2023\/09\/hydraulic_anchor_load_cell_0_sisgeo_2672b744530adb3c45.png\" class=\"\" alt=\"Celdas de carga hidr\u00e1ulica para anclaje\" srcset=\"https:\/\/sisgeo.com\/wp-content\/uploads\/2023\/09\/hydraulic_anchor_load_cell_0_sisgeo_2672b744530adb3c45.png 960w, https:\/\/sisgeo.com\/wp-content\/uploads\/2023\/09\/hydraulic_anchor_load_cell_0_sisgeo_2672b744530adb3c45-300x169.png 300w, https:\/\/sisgeo.com\/wp-content\/uploads\/2023\/09\/hydraulic_anchor_load_cell_0_sisgeo_2672b744530adb3c45-768x432.png 768w\" sizes=\"(max-width: 960px) 100vw, 960px\" \/><\/figure><\/a><\/div><div class=\"dce-item dce-item_title elementor-repeater-item-b433209\"><h5 class=\"dce-post-title\"><a href=\"https:\/\/sisgeo.com\/es\/productos\/celdas-de-carga\/celdas-de-carga-hidraulica-para-anclaje\/\">Celdas de carga hidr\u00e1ulica para anclaje<\/a><\/h5><\/div><div class=\"dce-item dce-item_readmore elementor-repeater-item-ef0e5ce\">\t\t<div class=\"dce-post-button\">\n\t\t\t<a href=\"https:\/\/sisgeo.com\/es\/productos\/celdas-de-carga\/celdas-de-carga-hidraulica-para-anclaje\/\" class=\"elementor-button-link elementor-button dce-button elementor-size-sm\" role=\"button\" >\n\t\t\t<div class=\"align-middle\"><span>M\u00e1s informaci\u00f3n<\/span><img decoding=\"async\" src=\"https:\/\/sisgeo.com\/wp-content\/uploads\/2023\/05\/arrow_red.png\"><\/div>\t\t\t<\/a>\n\t\t<\/div>\n\t\t<\/div>\t\t\t<\/div>\n\t\t<\/article>\n\t\t\n\t\t<article class=\"post-20598 page type-page status-publish has-post-thumbnail hentry category-celdas-de-carga category-celdas-de-carga-electro-hidraulicas dce-post dce-post-item dce-item-grid\" data-dce-post-id=\"20598\" data-dce-post-index=\"2\">\n\t\t\t<div class=\"dce-post-block elementor-animation-grow\">\n\t\t<div class=\"dce-item dce-item_image elementor-repeater-item-9ee1dae\"><a class=\"dce-post-image\" href=\"https:\/\/sisgeo.com\/es\/productos\/celdas-de-carga\/celdas-de-carga-electro-hidraulicas\/\"><figure  class=\"dce-img\"><img decoding=\"async\" width=\"960\" height=\"540\" src=\"https:\/\/sisgeo.com\/wp-content\/uploads\/2023\/09\/0_electro_hydraulic_load_cells_for_steel_linings_a.png\" class=\"\" alt=\"Celdas de carga electro-hidr\u00e1ulicas\" srcset=\"https:\/\/sisgeo.com\/wp-content\/uploads\/2023\/09\/0_electro_hydraulic_load_cells_for_steel_linings_a.png 960w, https:\/\/sisgeo.com\/wp-content\/uploads\/2023\/09\/0_electro_hydraulic_load_cells_for_steel_linings_a-300x169.png 300w, https:\/\/sisgeo.com\/wp-content\/uploads\/2023\/09\/0_electro_hydraulic_load_cells_for_steel_linings_a-768x432.png 768w\" sizes=\"(max-width: 960px) 100vw, 960px\" \/><\/figure><\/a><\/div><div class=\"dce-item dce-item_title elementor-repeater-item-b433209\"><h5 class=\"dce-post-title\"><a href=\"https:\/\/sisgeo.com\/es\/productos\/celdas-de-carga\/celdas-de-carga-electro-hidraulicas\/\">Celdas de carga electro-hidr\u00e1ulicas<\/a><\/h5><\/div><div class=\"dce-item dce-item_readmore elementor-repeater-item-ef0e5ce\">\t\t<div class=\"dce-post-button\">\n\t\t\t<a href=\"https:\/\/sisgeo.com\/es\/productos\/celdas-de-carga\/celdas-de-carga-electro-hidraulicas\/\" class=\"elementor-button-link elementor-button dce-button elementor-size-sm\" role=\"button\" >\n\t\t\t<div class=\"align-middle\"><span>M\u00e1s informaci\u00f3n<\/span><img decoding=\"async\" src=\"https:\/\/sisgeo.com\/wp-content\/uploads\/2023\/05\/arrow_red.png\"><\/div>\t\t\t<\/a>\n\t\t<\/div>\n\t\t<\/div>\t\t\t<\/div>\n\t\t<\/article>\n\t\t\t\t\t<\/div>\n\t\t\t\t\t<\/div>\n\t\t\t\t\t\t<\/div>\n\t\t\t\t<\/div>\n\t\t\t\t\t<\/div>\n\t\t\t\t<\/div>\n\t\t\t\t<\/div>\n\t\t","protected":false},"excerpt":{"rendered":"<p>Las c\u00e9lulas de carga desempe\u00f1an un papel fundamental en la evaluaci\u00f3n del rendimiento, la seguridad y la fiabilidad de las estructuras y los sistemas geot\u00e9cnicos mediante la medici\u00f3n y el control precisos de las cargas y fuerzas. En el monitoreo geot\u00e9cnico y estructural, las c\u00e9lulas de carga se utilizan habitualmente para monitorear la carga aplicada [&hellip;]<\/p>\n","protected":false},"author":1,"featured_media":4081,"parent":20244,"menu_order":0,"comment_status":"closed","ping_status":"closed","template":"","meta":{"footnotes":""},"categories":[216],"tags":[],"class_list":["post-20584","page","type-page","status-publish","has-post-thumbnail","hentry","category-products-es-2"],"yoast_head":"<!-- This site is optimized with the Yoast SEO Premium plugin v27.2 (Yoast SEO v27.2) - https:\/\/yoast.com\/product\/yoast-seo-premium-wordpress\/ -->\n<title>Celdas de carga - Sisgeo<\/title>\n<meta name=\"robots\" content=\"index, follow, max-snippet:-1, max-image-preview:large, max-video-preview:-1\" \/>\n<link rel=\"canonical\" href=\"https:\/\/sisgeo.com\/es\/productos\/celdas-de-carga\/\" \/>\n<meta property=\"og:locale\" content=\"es_ES\" \/>\n<meta property=\"og:type\" content=\"article\" \/>\n<meta property=\"og:title\" content=\"Celdas de carga\" \/>\n<meta property=\"og:description\" content=\"Las c\u00e9lulas de carga desempe\u00f1an un papel fundamental en la evaluaci\u00f3n del rendimiento, la seguridad y la fiabilidad de las estructuras y los sistemas geot\u00e9cnicos mediante la medici\u00f3n y el control precisos de las cargas y fuerzas. En el monitoreo geot\u00e9cnico y estructural, las c\u00e9lulas de carga se utilizan habitualmente para monitorear la carga aplicada [&hellip;]\" \/>\n<meta property=\"og:url\" content=\"https:\/\/sisgeo.com\/es\/productos\/celdas-de-carga\/\" \/>\n<meta property=\"og:site_name\" content=\"Sisgeo\" \/>\n<meta property=\"article:modified_time\" content=\"2023-12-12T09:49:51+00:00\" \/>\n<meta property=\"og:image\" content=\"https:\/\/sisgeo.com\/wp-content\/uploads\/2023\/07\/8_LOAD-CELL.jpg\" \/>\n\t<meta property=\"og:image:width\" content=\"294\" \/>\n\t<meta property=\"og:image:height\" content=\"164\" \/>\n\t<meta property=\"og:image:type\" content=\"image\/jpeg\" \/>\n<meta name=\"twitter:card\" content=\"summary_large_image\" \/>\n<meta name=\"twitter:label1\" content=\"Tiempo de lectura\" \/>\n\t<meta name=\"twitter:data1\" content=\"2 minutos\" \/>\n<script type=\"application\/ld+json\" class=\"yoast-schema-graph\">{\"@context\":\"https:\/\/schema.org\",\"@graph\":[{\"@type\":\"WebPage\",\"@id\":\"https:\/\/sisgeo.com\/es\/productos\/celdas-de-carga\/\",\"url\":\"https:\/\/sisgeo.com\/es\/productos\/celdas-de-carga\/\",\"name\":\"Celdas de carga - Sisgeo\",\"isPartOf\":{\"@id\":\"https:\/\/sisgeo.com\/es\/#website\"},\"primaryImageOfPage\":{\"@id\":\"https:\/\/sisgeo.com\/es\/productos\/celdas-de-carga\/#primaryimage\"},\"image\":{\"@id\":\"https:\/\/sisgeo.com\/es\/productos\/celdas-de-carga\/#primaryimage\"},\"thumbnailUrl\":\"https:\/\/sisgeo.com\/wp-content\/uploads\/2023\/07\/8_LOAD-CELL.jpg\",\"datePublished\":\"2023-07-27T08:25:55+00:00\",\"dateModified\":\"2023-12-12T09:49:51+00:00\",\"breadcrumb\":{\"@id\":\"https:\/\/sisgeo.com\/es\/productos\/celdas-de-carga\/#breadcrumb\"},\"inLanguage\":\"es\",\"potentialAction\":[{\"@type\":\"ReadAction\",\"target\":[\"https:\/\/sisgeo.com\/es\/productos\/celdas-de-carga\/\"]}]},{\"@type\":\"ImageObject\",\"inLanguage\":\"es\",\"@id\":\"https:\/\/sisgeo.com\/es\/productos\/celdas-de-carga\/#primaryimage\",\"url\":\"https:\/\/sisgeo.com\/wp-content\/uploads\/2023\/07\/8_LOAD-CELL.jpg\",\"contentUrl\":\"https:\/\/sisgeo.com\/wp-content\/uploads\/2023\/07\/8_LOAD-CELL.jpg\",\"width\":294,\"height\":164},{\"@type\":\"BreadcrumbList\",\"@id\":\"https:\/\/sisgeo.com\/es\/productos\/celdas-de-carga\/#breadcrumb\",\"itemListElement\":[{\"@type\":\"ListItem\",\"position\":1,\"name\":\"Home\",\"item\":\"https:\/\/sisgeo.com\/es\/geotechnical-and-structural-instrumentation-for-shm\/\"},{\"@type\":\"ListItem\",\"position\":2,\"name\":\"Productos\",\"item\":\"https:\/\/sisgeo.com\/es\/productos\/\"},{\"@type\":\"ListItem\",\"position\":3,\"name\":\"Celdas de carga\"}]},{\"@type\":\"WebSite\",\"@id\":\"https:\/\/sisgeo.com\/es\/#website\",\"url\":\"https:\/\/sisgeo.com\/es\/\",\"name\":\"Sisgeo\",\"description\":\"Inclined to improvement\",\"publisher\":{\"@id\":\"https:\/\/sisgeo.com\/es\/#organization\"},\"potentialAction\":[{\"@type\":\"SearchAction\",\"target\":{\"@type\":\"EntryPoint\",\"urlTemplate\":\"https:\/\/sisgeo.com\/es\/?s={search_term_string}\"},\"query-input\":{\"@type\":\"PropertyValueSpecification\",\"valueRequired\":true,\"valueName\":\"search_term_string\"}}],\"inLanguage\":\"es\"},{\"@type\":\"Organization\",\"@id\":\"https:\/\/sisgeo.com\/es\/#organization\",\"name\":\"Sisgeo S.r.l.\",\"url\":\"https:\/\/sisgeo.com\/es\/\",\"logo\":{\"@type\":\"ImageObject\",\"inLanguage\":\"es\",\"@id\":\"https:\/\/sisgeo.com\/es\/#\/schema\/logo\/image\/\",\"url\":\"https:\/\/sisgeodev.pipehosting.it\/wp-content\/uploads\/2023\/06\/logo-RGB.png\",\"contentUrl\":\"https:\/\/sisgeodev.pipehosting.it\/wp-content\/uploads\/2023\/06\/logo-RGB.png\",\"width\":205,\"height\":97,\"caption\":\"Sisgeo S.r.l.\"},\"image\":{\"@id\":\"https:\/\/sisgeo.com\/es\/#\/schema\/logo\/image\/\"}}]}<\/script>\n<!-- \/ Yoast SEO Premium plugin. -->","yoast_head_json":{"title":"Celdas de carga - Sisgeo","robots":{"index":"index","follow":"follow","max-snippet":"max-snippet:-1","max-image-preview":"max-image-preview:large","max-video-preview":"max-video-preview:-1"},"canonical":"https:\/\/sisgeo.com\/es\/productos\/celdas-de-carga\/","og_locale":"es_ES","og_type":"article","og_title":"Celdas de carga","og_description":"Las c\u00e9lulas de carga desempe\u00f1an un papel fundamental en la evaluaci\u00f3n del rendimiento, la seguridad y la fiabilidad de las estructuras y los sistemas geot\u00e9cnicos mediante la medici\u00f3n y el control precisos de las cargas y fuerzas. En el monitoreo geot\u00e9cnico y estructural, las c\u00e9lulas de carga se utilizan habitualmente para monitorear la carga aplicada [&hellip;]","og_url":"https:\/\/sisgeo.com\/es\/productos\/celdas-de-carga\/","og_site_name":"Sisgeo","article_modified_time":"2023-12-12T09:49:51+00:00","og_image":[{"width":294,"height":164,"url":"https:\/\/sisgeo.com\/wp-content\/uploads\/2023\/07\/8_LOAD-CELL.jpg","type":"image\/jpeg"}],"twitter_card":"summary_large_image","twitter_misc":{"Tiempo de lectura":"2 minutos"},"schema":{"@context":"https:\/\/schema.org","@graph":[{"@type":"WebPage","@id":"https:\/\/sisgeo.com\/es\/productos\/celdas-de-carga\/","url":"https:\/\/sisgeo.com\/es\/productos\/celdas-de-carga\/","name":"Celdas de carga - Sisgeo","isPartOf":{"@id":"https:\/\/sisgeo.com\/es\/#website"},"primaryImageOfPage":{"@id":"https:\/\/sisgeo.com\/es\/productos\/celdas-de-carga\/#primaryimage"},"image":{"@id":"https:\/\/sisgeo.com\/es\/productos\/celdas-de-carga\/#primaryimage"},"thumbnailUrl":"https:\/\/sisgeo.com\/wp-content\/uploads\/2023\/07\/8_LOAD-CELL.jpg","datePublished":"2023-07-27T08:25:55+00:00","dateModified":"2023-12-12T09:49:51+00:00","breadcrumb":{"@id":"https:\/\/sisgeo.com\/es\/productos\/celdas-de-carga\/#breadcrumb"},"inLanguage":"es","potentialAction":[{"@type":"ReadAction","target":["https:\/\/sisgeo.com\/es\/productos\/celdas-de-carga\/"]}]},{"@type":"ImageObject","inLanguage":"es","@id":"https:\/\/sisgeo.com\/es\/productos\/celdas-de-carga\/#primaryimage","url":"https:\/\/sisgeo.com\/wp-content\/uploads\/2023\/07\/8_LOAD-CELL.jpg","contentUrl":"https:\/\/sisgeo.com\/wp-content\/uploads\/2023\/07\/8_LOAD-CELL.jpg","width":294,"height":164},{"@type":"BreadcrumbList","@id":"https:\/\/sisgeo.com\/es\/productos\/celdas-de-carga\/#breadcrumb","itemListElement":[{"@type":"ListItem","position":1,"name":"Home","item":"https:\/\/sisgeo.com\/es\/geotechnical-and-structural-instrumentation-for-shm\/"},{"@type":"ListItem","position":2,"name":"Productos","item":"https:\/\/sisgeo.com\/es\/productos\/"},{"@type":"ListItem","position":3,"name":"Celdas de carga"}]},{"@type":"WebSite","@id":"https:\/\/sisgeo.com\/es\/#website","url":"https:\/\/sisgeo.com\/es\/","name":"Sisgeo","description":"Inclined to improvement","publisher":{"@id":"https:\/\/sisgeo.com\/es\/#organization"},"potentialAction":[{"@type":"SearchAction","target":{"@type":"EntryPoint","urlTemplate":"https:\/\/sisgeo.com\/es\/?s={search_term_string}"},"query-input":{"@type":"PropertyValueSpecification","valueRequired":true,"valueName":"search_term_string"}}],"inLanguage":"es"},{"@type":"Organization","@id":"https:\/\/sisgeo.com\/es\/#organization","name":"Sisgeo S.r.l.","url":"https:\/\/sisgeo.com\/es\/","logo":{"@type":"ImageObject","inLanguage":"es","@id":"https:\/\/sisgeo.com\/es\/#\/schema\/logo\/image\/","url":"https:\/\/sisgeodev.pipehosting.it\/wp-content\/uploads\/2023\/06\/logo-RGB.png","contentUrl":"https:\/\/sisgeodev.pipehosting.it\/wp-content\/uploads\/2023\/06\/logo-RGB.png","width":205,"height":97,"caption":"Sisgeo S.r.l."},"image":{"@id":"https:\/\/sisgeo.com\/es\/#\/schema\/logo\/image\/"}}]}},"_links":{"self":[{"href":"https:\/\/sisgeo.com\/es\/wp-json\/wp\/v2\/pages\/20584","targetHints":{"allow":["GET"]}}],"collection":[{"href":"https:\/\/sisgeo.com\/es\/wp-json\/wp\/v2\/pages"}],"about":[{"href":"https:\/\/sisgeo.com\/es\/wp-json\/wp\/v2\/types\/page"}],"author":[{"embeddable":true,"href":"https:\/\/sisgeo.com\/es\/wp-json\/wp\/v2\/users\/1"}],"replies":[{"embeddable":true,"href":"https:\/\/sisgeo.com\/es\/wp-json\/wp\/v2\/comments?post=20584"}],"version-history":[{"count":1,"href":"https:\/\/sisgeo.com\/es\/wp-json\/wp\/v2\/pages\/20584\/revisions"}],"predecessor-version":[{"id":20585,"href":"https:\/\/sisgeo.com\/es\/wp-json\/wp\/v2\/pages\/20584\/revisions\/20585"}],"up":[{"embeddable":true,"href":"https:\/\/sisgeo.com\/es\/wp-json\/wp\/v2\/pages\/20244"}],"wp:featuredmedia":[{"embeddable":true,"href":"https:\/\/sisgeo.com\/es\/wp-json\/wp\/v2\/media\/4081"}],"wp:attachment":[{"href":"https:\/\/sisgeo.com\/es\/wp-json\/wp\/v2\/media?parent=20584"}],"wp:term":[{"taxonomy":"category","embeddable":true,"href":"https:\/\/sisgeo.com\/es\/wp-json\/wp\/v2\/categories?post=20584"},{"taxonomy":"post_tag","embeddable":true,"href":"https:\/\/sisgeo.com\/es\/wp-json\/wp\/v2\/tags?post=20584"}],"curies":[{"name":"wp","href":"https:\/\/api.w.org\/{rel}","templated":true}]}}