{"id":20727,"date":"2023-06-26T16:25:54","date_gmt":"2023-06-26T14:25:54","guid":{"rendered":"https:\/\/sisgeo.com\/productos\/lectores-portatiles\/"},"modified":"2023-12-12T16:35:30","modified_gmt":"2023-12-12T15:35:30","slug":"lectores-portatiles","status":"publish","type":"page","link":"https:\/\/sisgeo.com\/es\/productos\/lectores-portatiles\/","title":{"rendered":"Lectores port\u00e1tiles"},"content":{"rendered":"\t\t<div data-elementor-type=\"wp-page\" data-elementor-id=\"20727\" class=\"elementor elementor-20727 elementor-2696\" data-elementor-post-type=\"page\">\n\t\t\t\t<div class=\"elementor-element elementor-element-7a63a93 e-flex e-con-boxed e-con e-parent\" data-id=\"7a63a93\" data-element_type=\"container\" data-e-type=\"container\">\n\t\t\t\t\t<div class=\"e-con-inner\">\n\t\t\t\t<div class=\"elementor-element elementor-element-caccc42 elementor-widget elementor-widget-heading\" data-id=\"caccc42\" data-element_type=\"widget\" data-e-type=\"widget\" data-widget_type=\"heading.default\">\n\t\t\t\t<div class=\"elementor-widget-container\">\n\t\t\t\t\t<h1 class=\"elementor-heading-title elementor-size-default\">Lectores port\u00e1tiles<\/h1>\t\t\t\t<\/div>\n\t\t\t\t<\/div>\n\t\t\t\t<div class=\"elementor-element elementor-element-99defb4 elementor-widget elementor-widget-text-editor\" data-id=\"99defb4\" data-element_type=\"widget\" data-e-type=\"widget\" data-widget_type=\"text-editor.default\">\n\t\t\t\t<div class=\"elementor-widget-container\">\n\t\t\t\t\t\t\t\t\t<p>Los lectores port\u00e1tiles son siempre necesarios durante los procedimientos de instalaci\u00f3n para comprobar los instrumentos antes y despu\u00e9s de la instalaci\u00f3n. En los sistemas de control, donde no se requieren mediciones autom\u00e1ticas, las unidades de lectura se utilizan tambi\u00e9n para realizar lecturas peri\u00f3dicas y comprobar el sistema de medici\u00f3n. <br \/>Un buen sistema de supervisi\u00f3n no s\u00f3lo incluye instrumentos, cables y lectores, sino tambi\u00e9n accesorios fiables, como cajas de empalmes, cajas terminales, protectores contra sobretensiones y kits de empalmes.<\/p>\n\t\t\t\t\t\t\t\t<\/div>\n\t\t\t\t<\/div>\n\t\t\t\t<div data-dce-title-color=\"#E20717\" class=\"elementor-element elementor-element-8a09a03 elementor-widget elementor-widget-accordion\" data-id=\"8a09a03\" data-element_type=\"widget\" data-e-type=\"widget\" data-widget_type=\"accordion.default\">\n\t\t\t\t<div class=\"elementor-widget-container\">\n\t\t\t\t\t\t\t<div class=\"elementor-accordion\">\n\t\t\t\t\t\t\t<div class=\"elementor-accordion-item\">\n\t\t\t\t\t<div id=\"elementor-tab-title-1441\" class=\"elementor-tab-title\" data-tab=\"1\" role=\"button\" aria-controls=\"elementor-tab-content-1441\" aria-expanded=\"false\">\n\t\t\t\t\t\t\t\t\t\t\t\t\t<span class=\"elementor-accordion-icon elementor-accordion-icon-right\" aria-hidden=\"true\">\n\t\t\t\t\t\t\t\t\t\t\t\t\t\t\t<span class=\"elementor-accordion-icon-closed\"><svg xmlns=\"http:\/\/www.w3.org\/2000\/svg\" width=\"29\" height=\"16\" viewBox=\"0 0 29 16\" fill=\"none\"><path fill-rule=\"evenodd\" clip-rule=\"evenodd\" d=\"M27.25 0L14.375 13.038L1.5 0L0 1.5L14.4 15.9L28.749 1.5L27.25 0Z\" fill=\"#E4002B\"><\/path><\/svg><\/span>\n\t\t\t\t\t\t\t\t<span class=\"elementor-accordion-icon-opened\"><svg xmlns=\"http:\/\/www.w3.org\/2000\/svg\" width=\"29\" height=\"14\" viewBox=\"0 0 29 14\" fill=\"none\"><path fill-rule=\"evenodd\" clip-rule=\"evenodd\" d=\"M1.49902 13.1885L14.374 2.61651L27.249 13.1885L28.749 11.9722L14.349 0.295833L2.28882e-05 11.9722L1.49902 13.1885Z\" fill=\"#E4002B\"><\/path><\/svg><\/span>\n\t\t\t\t\t\t\t\t\t\t\t\t\t\t<\/span>\n\t\t\t\t\t\t\t\t\t\t\t\t<a class=\"elementor-accordion-title\" tabindex=\"0\">M\u00e1s sobre este tema<\/a>\n\t\t\t\t\t<\/div>\n\t\t\t\t\t<div id=\"elementor-tab-content-1441\" class=\"elementor-tab-content elementor-clearfix\" data-tab=\"1\" role=\"region\" aria-labelledby=\"elementor-tab-title-1441\"><p>La <strong>unidad de lectura CRD-400<\/strong> es un dispositivo mono-canal polivalente capaz de leer una amplia gama de sensores geot\u00e9cnicos y estructurales (no s\u00f3lo los fabricados por Sisgeo). La interfaz es de f\u00e1cil manejo y gu\u00eda al operador a trav\u00e9s de los procedimientos de medici\u00f3n en unos sencillos pasos. <\/p>\n<p>La <strong>lectora MIND<\/strong> es un dispositivo port\u00e1til capaz de leer y almacenar datos de cualquier sensor Sisgeo con salida anal\u00f3gica o digital. MIND se maneja a trav\u00e9s de la app MIND que puede guiar al operario durante todas las fases de la medici\u00f3n. Tambi\u00e9n es capaz de trazar los datos del sensor conectado en tiempo real. Gracias a la detecci\u00f3n autom\u00e1tica de sensores anal\u00f3gicos mediante QR-Code, el c\u00e1lculo de las mediciones con polinomio de tercer o cuarto grado se realizar\u00e1 autom\u00e1ticamente.   <\/p>\n<p>Sisgeo puede suministrar una amplia gama de accesorios de instalaci\u00f3n y lectura:<\/p>\n<ul>\n<li>Cajas de borneras de conmutaci\u00f3n y cajas de medici\u00f3n para lectura manual m\u00faltiple con lectores port\u00e1tiles;<\/li>\n<li>Cajas de empalme para conectar dos o m\u00e1s cables de instrumentos a un cable multin\u00facleo;<\/li>\n<li>Cajas de derivaci\u00f3n de protecci\u00f3n contra sobretensiones con cuadro de protecci\u00f3n de 3 niveles;<\/li>\n<li>Conector volante que se instala en f\u00e1brica en el cable del instrumento para lectura directa con lector port\u00e1til;<\/li>\n<li>Kit de empalme estanco para alargar o reparar cables.<\/li>\n<\/ul>\n<p>La calidad de un sistema de monitoreo depende de la calidad de todos sus componentes: instrumentos, cables, accesorios y lector\/registrador de datos. Un sistema de monitoreo de baja calidad significa baja seguridad y, por tanto, mayor posibilidad de riesgo no detectado o accidente. <\/p>\n<\/div>\n\t\t\t\t<\/div>\n\t\t\t\t\t\t\t\t<\/div>\n\t\t\t\t\t\t<\/div>\n\t\t\t\t<\/div>\n\t\t\t\t<div class=\"elementor-element elementor-element-58a3ecd dce-posts-layout-default dce-col-4 dce-col-tablet-3 dce-col-mobile-1 dce-align-left elementor-widget elementor-widget-dce-dynamicposts-v2\" data-id=\"58a3ecd\" data-element_type=\"widget\" data-e-type=\"widget\" data-settings=\"{&quot;style_items&quot;:&quot;default&quot;,&quot;grid_grid_type&quot;:&quot;flex&quot;}\" data-widget_type=\"dce-dynamicposts-v2.grid\">\n\t\t\t\t<div class=\"elementor-widget-container\">\n\t\t\t\t\t\n\t\t<div class=\"dce-fix-background-loop dce-posts-container dce-posts dce-dynamic-posts-collection  dce-skin-grid dce-skin-grid-flex\">\n\t\t\t\t\t\t<div class=\"dce-posts-wrapper dce-wrapper-grid\">\n\t\t\t\n\t\t<article class=\"post-20779 page type-page status-publish has-post-thumbnail hentry category-lectores-portatiles category-mind-readout-es dce-post dce-post-item dce-item-grid\" data-dce-post-id=\"20779\" data-dce-post-index=\"0\">\n\t\t\t<div class=\"dce-post-block elementor-animation-grow\">\n\t\t<div class=\"dce-item dce-item_image elementor-repeater-item-9ee1dae\"><a class=\"dce-post-image\" href=\"https:\/\/sisgeo.com\/es\/productos\/lectores-portatiles\/mind-readout\/\"><figure  class=\"dce-img\"><img fetchpriority=\"high\" decoding=\"async\" width=\"960\" height=\"540\" src=\"https:\/\/sisgeo.com\/wp-content\/uploads\/2023\/07\/sisgeo_mind_readout_0_91db7a6eb11c.png\" class=\"\" alt=\"MIND Readout\" srcset=\"https:\/\/sisgeo.com\/wp-content\/uploads\/2023\/07\/sisgeo_mind_readout_0_91db7a6eb11c.png 960w, https:\/\/sisgeo.com\/wp-content\/uploads\/2023\/07\/sisgeo_mind_readout_0_91db7a6eb11c-300x169.png 300w, https:\/\/sisgeo.com\/wp-content\/uploads\/2023\/07\/sisgeo_mind_readout_0_91db7a6eb11c-768x432.png 768w\" sizes=\"(max-width: 960px) 100vw, 960px\" \/><\/figure><\/a><\/div><div class=\"dce-item dce-item_title elementor-repeater-item-b433209\"><h5 class=\"dce-post-title\"><a href=\"https:\/\/sisgeo.com\/es\/productos\/lectores-portatiles\/mind-readout\/\">MIND Readout<\/a><\/h5><\/div><div class=\"dce-item dce-item_readmore elementor-repeater-item-ef0e5ce\">\t\t<div class=\"dce-post-button\">\n\t\t\t<a href=\"https:\/\/sisgeo.com\/es\/productos\/lectores-portatiles\/mind-readout\/\" class=\"elementor-button-link elementor-button dce-button elementor-size-sm\" role=\"button\" >\n\t\t\t<div class=\"align-middle\"><span>M\u00e1s informaci\u00f3n<\/span><img decoding=\"async\" src=\"https:\/\/sisgeo.com\/wp-content\/uploads\/2023\/05\/arrow_red.png\"><\/div>\t\t\t<\/a>\n\t\t<\/div>\n\t\t<\/div>\t\t\t<\/div>\n\t\t<\/article>\n\t\t\n\t\t<article class=\"post-20769 page type-page status-publish has-post-thumbnail hentry category-lectores-portatiles category-mind-app-es dce-post dce-post-item dce-item-grid\" data-dce-post-id=\"20769\" data-dce-post-index=\"1\">\n\t\t\t<div class=\"dce-post-block elementor-animation-grow\">\n\t\t<div class=\"dce-item dce-item_image elementor-repeater-item-9ee1dae\"><a class=\"dce-post-image\" href=\"https:\/\/sisgeo.com\/es\/productos\/lectores-portatiles\/mind-app\/\"><figure  class=\"dce-img\"><img decoding=\"async\" width=\"960\" height=\"540\" src=\"https:\/\/sisgeo.com\/wp-content\/uploads\/2023\/09\/mind_app_sisgeo_0_cbbaf95c13d363fb1d22f04f8.jpg\" class=\"\" alt=\"MIND App\" srcset=\"https:\/\/sisgeo.com\/wp-content\/uploads\/2023\/09\/mind_app_sisgeo_0_cbbaf95c13d363fb1d22f04f8.jpg 960w, https:\/\/sisgeo.com\/wp-content\/uploads\/2023\/09\/mind_app_sisgeo_0_cbbaf95c13d363fb1d22f04f8-300x169.jpg 300w, https:\/\/sisgeo.com\/wp-content\/uploads\/2023\/09\/mind_app_sisgeo_0_cbbaf95c13d363fb1d22f04f8-768x432.jpg 768w\" sizes=\"(max-width: 960px) 100vw, 960px\" \/><\/figure><\/a><\/div><div class=\"dce-item dce-item_title elementor-repeater-item-b433209\"><h5 class=\"dce-post-title\"><a href=\"https:\/\/sisgeo.com\/es\/productos\/lectores-portatiles\/mind-app\/\">MIND App<\/a><\/h5><\/div><div class=\"dce-item dce-item_readmore elementor-repeater-item-ef0e5ce\">\t\t<div class=\"dce-post-button\">\n\t\t\t<a href=\"https:\/\/sisgeo.com\/es\/productos\/lectores-portatiles\/mind-app\/\" class=\"elementor-button-link elementor-button dce-button elementor-size-sm\" role=\"button\" >\n\t\t\t<div class=\"align-middle\"><span>M\u00e1s informaci\u00f3n<\/span><img decoding=\"async\" src=\"https:\/\/sisgeo.com\/wp-content\/uploads\/2023\/05\/arrow_red.png\"><\/div>\t\t\t<\/a>\n\t\t<\/div>\n\t\t<\/div>\t\t\t<\/div>\n\t\t<\/article>\n\t\t\n\t\t<article class=\"post-20735 page type-page status-publish has-post-thumbnail hentry category-lectores-portatiles category-unidad-de-lectura-multiuso-crd-400 dce-post dce-post-item dce-item-grid\" data-dce-post-id=\"20735\" data-dce-post-index=\"2\">\n\t\t\t<div class=\"dce-post-block elementor-animation-grow\">\n\t\t<div class=\"dce-item dce-item_image elementor-repeater-item-9ee1dae\"><a class=\"dce-post-image\" href=\"https:\/\/sisgeo.com\/es\/productos\/lectores-portatiles\/unidad-de-lectura-multiuso-crd-400\/\"><figure  class=\"dce-img\"><img decoding=\"async\" width=\"960\" height=\"540\" src=\"https:\/\/sisgeo.com\/wp-content\/uploads\/2023\/06\/0_crd_400_m.png\" class=\"\" alt=\"Unidad de lectura multiuso CRD-400\" srcset=\"https:\/\/sisgeo.com\/wp-content\/uploads\/2023\/06\/0_crd_400_m.png 960w, https:\/\/sisgeo.com\/wp-content\/uploads\/2023\/06\/0_crd_400_m-300x169.png 300w, https:\/\/sisgeo.com\/wp-content\/uploads\/2023\/06\/0_crd_400_m-768x432.png 768w\" sizes=\"(max-width: 960px) 100vw, 960px\" \/><\/figure><\/a><\/div><div class=\"dce-item dce-item_title elementor-repeater-item-b433209\"><h5 class=\"dce-post-title\"><a href=\"https:\/\/sisgeo.com\/es\/productos\/lectores-portatiles\/unidad-de-lectura-multiuso-crd-400\/\">Unidad de lectura multiuso CRD-400<\/a><\/h5><\/div><div class=\"dce-item dce-item_readmore elementor-repeater-item-ef0e5ce\">\t\t<div class=\"dce-post-button\">\n\t\t\t<a href=\"https:\/\/sisgeo.com\/es\/productos\/lectores-portatiles\/unidad-de-lectura-multiuso-crd-400\/\" class=\"elementor-button-link elementor-button dce-button elementor-size-sm\" role=\"button\" >\n\t\t\t<div class=\"align-middle\"><span>M\u00e1s informaci\u00f3n<\/span><img decoding=\"async\" src=\"https:\/\/sisgeo.com\/wp-content\/uploads\/2023\/05\/arrow_red.png\"><\/div>\t\t\t<\/a>\n\t\t<\/div>\n\t\t<\/div>\t\t\t<\/div>\n\t\t<\/article>\n\t\t\n\t\t<article class=\"post-20743 page type-page status-publish has-post-thumbnail hentry category-cajas-de-conexiones-y-accesorios category-lectores-portatiles dce-post dce-post-item dce-item-grid\" data-dce-post-id=\"20743\" data-dce-post-index=\"3\">\n\t\t\t<div class=\"dce-post-block elementor-animation-grow\">\n\t\t<div class=\"dce-item dce-item_image elementor-repeater-item-9ee1dae\"><a class=\"dce-post-image\" href=\"https:\/\/sisgeo.com\/es\/productos\/lectores-portatiles\/cajas-de-conexiones-y-accesorios\/\"><figure  class=\"dce-img\"><img loading=\"lazy\" decoding=\"async\" width=\"960\" height=\"540\" src=\"https:\/\/sisgeo.com\/wp-content\/uploads\/2023\/09\/00_junction_boxes_and_accessories_sisgeo_3f4528.png\" class=\"\" alt=\"Cajas de conexiones y accesorios\" srcset=\"https:\/\/sisgeo.com\/wp-content\/uploads\/2023\/09\/00_junction_boxes_and_accessories_sisgeo_3f4528.png 960w, https:\/\/sisgeo.com\/wp-content\/uploads\/2023\/09\/00_junction_boxes_and_accessories_sisgeo_3f4528-300x169.png 300w, https:\/\/sisgeo.com\/wp-content\/uploads\/2023\/09\/00_junction_boxes_and_accessories_sisgeo_3f4528-768x432.png 768w\" sizes=\"(max-width: 960px) 100vw, 960px\" \/><\/figure><\/a><\/div><div class=\"dce-item dce-item_title elementor-repeater-item-b433209\"><h5 class=\"dce-post-title\"><a href=\"https:\/\/sisgeo.com\/es\/productos\/lectores-portatiles\/cajas-de-conexiones-y-accesorios\/\">Cajas de conexiones y accesorios<\/a><\/h5><\/div><div class=\"dce-item dce-item_readmore elementor-repeater-item-ef0e5ce\">\t\t<div class=\"dce-post-button\">\n\t\t\t<a href=\"https:\/\/sisgeo.com\/es\/productos\/lectores-portatiles\/cajas-de-conexiones-y-accesorios\/\" class=\"elementor-button-link elementor-button dce-button elementor-size-sm\" role=\"button\" >\n\t\t\t<div class=\"align-middle\"><span>M\u00e1s informaci\u00f3n<\/span><img decoding=\"async\" src=\"https:\/\/sisgeo.com\/wp-content\/uploads\/2023\/05\/arrow_red.png\"><\/div>\t\t\t<\/a>\n\t\t<\/div>\n\t\t<\/div>\t\t\t<\/div>\n\t\t<\/article>\n\t\t\t\t\t<\/div>\n\t\t\t\t\t<\/div>\n\t\t\t\t\t\t<\/div>\n\t\t\t\t<\/div>\n\t\t\t\t\t<\/div>\n\t\t\t\t<\/div>\n\t\t\t\t<\/div>\n\t\t","protected":false},"excerpt":{"rendered":"<p>Lectores port\u00e1tiles Los lectores port\u00e1tiles son siempre necesarios durante los procedimientos de instalaci\u00f3n para comprobar los instrumentos antes y despu\u00e9s de la instalaci\u00f3n. En los sistemas de control, donde no se requieren mediciones autom\u00e1ticas, las unidades de lectura se utilizan tambi\u00e9n para realizar lecturas peri\u00f3dicas y comprobar el sistema de medici\u00f3n. Un buen sistema de [&hellip;]<\/p>\n","protected":false},"author":1,"featured_media":4025,"parent":20244,"menu_order":0,"comment_status":"closed","ping_status":"closed","template":"","meta":{"footnotes":""},"categories":[216],"tags":[],"class_list":["post-20727","page","type-page","status-publish","has-post-thumbnail","hentry","category-products-es-2"],"yoast_head":"<!-- This site is optimized with the Yoast SEO Premium plugin v27.2 (Yoast SEO v27.2) - https:\/\/yoast.com\/product\/yoast-seo-premium-wordpress\/ -->\n<title>Lectores port\u00e1tiles - Sisgeo<\/title>\n<meta name=\"robots\" content=\"index, follow, max-snippet:-1, max-image-preview:large, max-video-preview:-1\" \/>\n<link rel=\"canonical\" href=\"https:\/\/sisgeo.com\/es\/productos\/lectores-portatiles\/\" \/>\n<meta property=\"og:locale\" content=\"es_ES\" \/>\n<meta property=\"og:type\" content=\"article\" \/>\n<meta property=\"og:title\" content=\"Lectores port\u00e1tiles\" \/>\n<meta property=\"og:description\" content=\"Lectores port\u00e1tiles Los lectores port\u00e1tiles son siempre necesarios durante los procedimientos de instalaci\u00f3n para comprobar los instrumentos antes y despu\u00e9s de la instalaci\u00f3n. En los sistemas de control, donde no se requieren mediciones autom\u00e1ticas, las unidades de lectura se utilizan tambi\u00e9n para realizar lecturas peri\u00f3dicas y comprobar el sistema de medici\u00f3n. Un buen sistema de [&hellip;]\" \/>\n<meta property=\"og:url\" content=\"https:\/\/sisgeo.com\/es\/productos\/lectores-portatiles\/\" \/>\n<meta property=\"og:site_name\" content=\"Sisgeo\" \/>\n<meta property=\"article:modified_time\" content=\"2023-12-12T15:35:30+00:00\" \/>\n<meta property=\"og:image\" content=\"https:\/\/sisgeo.com\/wp-content\/uploads\/2023\/07\/15_PORTABLE-READOUTS.jpg\" \/>\n\t<meta property=\"og:image:width\" content=\"294\" \/>\n\t<meta property=\"og:image:height\" content=\"164\" \/>\n\t<meta property=\"og:image:type\" content=\"image\/jpeg\" \/>\n<meta name=\"twitter:card\" content=\"summary_large_image\" \/>\n<meta name=\"twitter:label1\" content=\"Tiempo de lectura\" \/>\n\t<meta name=\"twitter:data1\" content=\"2 minutos\" \/>\n<script type=\"application\/ld+json\" class=\"yoast-schema-graph\">{\"@context\":\"https:\/\/schema.org\",\"@graph\":[{\"@type\":\"WebPage\",\"@id\":\"https:\/\/sisgeo.com\/es\/productos\/lectores-portatiles\/\",\"url\":\"https:\/\/sisgeo.com\/es\/productos\/lectores-portatiles\/\",\"name\":\"Lectores port\u00e1tiles - Sisgeo\",\"isPartOf\":{\"@id\":\"https:\/\/sisgeo.com\/es\/#website\"},\"primaryImageOfPage\":{\"@id\":\"https:\/\/sisgeo.com\/es\/productos\/lectores-portatiles\/#primaryimage\"},\"image\":{\"@id\":\"https:\/\/sisgeo.com\/es\/productos\/lectores-portatiles\/#primaryimage\"},\"thumbnailUrl\":\"https:\/\/sisgeo.com\/wp-content\/uploads\/2023\/07\/15_PORTABLE-READOUTS.jpg\",\"datePublished\":\"2023-06-26T14:25:54+00:00\",\"dateModified\":\"2023-12-12T15:35:30+00:00\",\"breadcrumb\":{\"@id\":\"https:\/\/sisgeo.com\/es\/productos\/lectores-portatiles\/#breadcrumb\"},\"inLanguage\":\"es\",\"potentialAction\":[{\"@type\":\"ReadAction\",\"target\":[\"https:\/\/sisgeo.com\/es\/productos\/lectores-portatiles\/\"]}]},{\"@type\":\"ImageObject\",\"inLanguage\":\"es\",\"@id\":\"https:\/\/sisgeo.com\/es\/productos\/lectores-portatiles\/#primaryimage\",\"url\":\"https:\/\/sisgeo.com\/wp-content\/uploads\/2023\/07\/15_PORTABLE-READOUTS.jpg\",\"contentUrl\":\"https:\/\/sisgeo.com\/wp-content\/uploads\/2023\/07\/15_PORTABLE-READOUTS.jpg\",\"width\":294,\"height\":164},{\"@type\":\"BreadcrumbList\",\"@id\":\"https:\/\/sisgeo.com\/es\/productos\/lectores-portatiles\/#breadcrumb\",\"itemListElement\":[{\"@type\":\"ListItem\",\"position\":1,\"name\":\"Home\",\"item\":\"https:\/\/sisgeo.com\/es\/geotechnical-and-structural-instrumentation-for-shm\/\"},{\"@type\":\"ListItem\",\"position\":2,\"name\":\"Productos\",\"item\":\"https:\/\/sisgeo.com\/es\/productos\/\"},{\"@type\":\"ListItem\",\"position\":3,\"name\":\"Lectores port\u00e1tiles\"}]},{\"@type\":\"WebSite\",\"@id\":\"https:\/\/sisgeo.com\/es\/#website\",\"url\":\"https:\/\/sisgeo.com\/es\/\",\"name\":\"Sisgeo\",\"description\":\"Inclined to improvement\",\"publisher\":{\"@id\":\"https:\/\/sisgeo.com\/es\/#organization\"},\"potentialAction\":[{\"@type\":\"SearchAction\",\"target\":{\"@type\":\"EntryPoint\",\"urlTemplate\":\"https:\/\/sisgeo.com\/es\/?s={search_term_string}\"},\"query-input\":{\"@type\":\"PropertyValueSpecification\",\"valueRequired\":true,\"valueName\":\"search_term_string\"}}],\"inLanguage\":\"es\"},{\"@type\":\"Organization\",\"@id\":\"https:\/\/sisgeo.com\/es\/#organization\",\"name\":\"Sisgeo S.r.l.\",\"url\":\"https:\/\/sisgeo.com\/es\/\",\"logo\":{\"@type\":\"ImageObject\",\"inLanguage\":\"es\",\"@id\":\"https:\/\/sisgeo.com\/es\/#\/schema\/logo\/image\/\",\"url\":\"https:\/\/sisgeodev.pipehosting.it\/wp-content\/uploads\/2023\/06\/logo-RGB.png\",\"contentUrl\":\"https:\/\/sisgeodev.pipehosting.it\/wp-content\/uploads\/2023\/06\/logo-RGB.png\",\"width\":205,\"height\":97,\"caption\":\"Sisgeo S.r.l.\"},\"image\":{\"@id\":\"https:\/\/sisgeo.com\/es\/#\/schema\/logo\/image\/\"}}]}<\/script>\n<!-- \/ Yoast SEO Premium plugin. -->","yoast_head_json":{"title":"Lectores port\u00e1tiles - Sisgeo","robots":{"index":"index","follow":"follow","max-snippet":"max-snippet:-1","max-image-preview":"max-image-preview:large","max-video-preview":"max-video-preview:-1"},"canonical":"https:\/\/sisgeo.com\/es\/productos\/lectores-portatiles\/","og_locale":"es_ES","og_type":"article","og_title":"Lectores port\u00e1tiles","og_description":"Lectores port\u00e1tiles Los lectores port\u00e1tiles son siempre necesarios durante los procedimientos de instalaci\u00f3n para comprobar los instrumentos antes y despu\u00e9s de la instalaci\u00f3n. En los sistemas de control, donde no se requieren mediciones autom\u00e1ticas, las unidades de lectura se utilizan tambi\u00e9n para realizar lecturas peri\u00f3dicas y comprobar el sistema de medici\u00f3n. Un buen sistema de [&hellip;]","og_url":"https:\/\/sisgeo.com\/es\/productos\/lectores-portatiles\/","og_site_name":"Sisgeo","article_modified_time":"2023-12-12T15:35:30+00:00","og_image":[{"width":294,"height":164,"url":"https:\/\/sisgeo.com\/wp-content\/uploads\/2023\/07\/15_PORTABLE-READOUTS.jpg","type":"image\/jpeg"}],"twitter_card":"summary_large_image","twitter_misc":{"Tiempo de lectura":"2 minutos"},"schema":{"@context":"https:\/\/schema.org","@graph":[{"@type":"WebPage","@id":"https:\/\/sisgeo.com\/es\/productos\/lectores-portatiles\/","url":"https:\/\/sisgeo.com\/es\/productos\/lectores-portatiles\/","name":"Lectores port\u00e1tiles - Sisgeo","isPartOf":{"@id":"https:\/\/sisgeo.com\/es\/#website"},"primaryImageOfPage":{"@id":"https:\/\/sisgeo.com\/es\/productos\/lectores-portatiles\/#primaryimage"},"image":{"@id":"https:\/\/sisgeo.com\/es\/productos\/lectores-portatiles\/#primaryimage"},"thumbnailUrl":"https:\/\/sisgeo.com\/wp-content\/uploads\/2023\/07\/15_PORTABLE-READOUTS.jpg","datePublished":"2023-06-26T14:25:54+00:00","dateModified":"2023-12-12T15:35:30+00:00","breadcrumb":{"@id":"https:\/\/sisgeo.com\/es\/productos\/lectores-portatiles\/#breadcrumb"},"inLanguage":"es","potentialAction":[{"@type":"ReadAction","target":["https:\/\/sisgeo.com\/es\/productos\/lectores-portatiles\/"]}]},{"@type":"ImageObject","inLanguage":"es","@id":"https:\/\/sisgeo.com\/es\/productos\/lectores-portatiles\/#primaryimage","url":"https:\/\/sisgeo.com\/wp-content\/uploads\/2023\/07\/15_PORTABLE-READOUTS.jpg","contentUrl":"https:\/\/sisgeo.com\/wp-content\/uploads\/2023\/07\/15_PORTABLE-READOUTS.jpg","width":294,"height":164},{"@type":"BreadcrumbList","@id":"https:\/\/sisgeo.com\/es\/productos\/lectores-portatiles\/#breadcrumb","itemListElement":[{"@type":"ListItem","position":1,"name":"Home","item":"https:\/\/sisgeo.com\/es\/geotechnical-and-structural-instrumentation-for-shm\/"},{"@type":"ListItem","position":2,"name":"Productos","item":"https:\/\/sisgeo.com\/es\/productos\/"},{"@type":"ListItem","position":3,"name":"Lectores port\u00e1tiles"}]},{"@type":"WebSite","@id":"https:\/\/sisgeo.com\/es\/#website","url":"https:\/\/sisgeo.com\/es\/","name":"Sisgeo","description":"Inclined to improvement","publisher":{"@id":"https:\/\/sisgeo.com\/es\/#organization"},"potentialAction":[{"@type":"SearchAction","target":{"@type":"EntryPoint","urlTemplate":"https:\/\/sisgeo.com\/es\/?s={search_term_string}"},"query-input":{"@type":"PropertyValueSpecification","valueRequired":true,"valueName":"search_term_string"}}],"inLanguage":"es"},{"@type":"Organization","@id":"https:\/\/sisgeo.com\/es\/#organization","name":"Sisgeo S.r.l.","url":"https:\/\/sisgeo.com\/es\/","logo":{"@type":"ImageObject","inLanguage":"es","@id":"https:\/\/sisgeo.com\/es\/#\/schema\/logo\/image\/","url":"https:\/\/sisgeodev.pipehosting.it\/wp-content\/uploads\/2023\/06\/logo-RGB.png","contentUrl":"https:\/\/sisgeodev.pipehosting.it\/wp-content\/uploads\/2023\/06\/logo-RGB.png","width":205,"height":97,"caption":"Sisgeo S.r.l."},"image":{"@id":"https:\/\/sisgeo.com\/es\/#\/schema\/logo\/image\/"}}]}},"_links":{"self":[{"href":"https:\/\/sisgeo.com\/es\/wp-json\/wp\/v2\/pages\/20727","targetHints":{"allow":["GET"]}}],"collection":[{"href":"https:\/\/sisgeo.com\/es\/wp-json\/wp\/v2\/pages"}],"about":[{"href":"https:\/\/sisgeo.com\/es\/wp-json\/wp\/v2\/types\/page"}],"author":[{"embeddable":true,"href":"https:\/\/sisgeo.com\/es\/wp-json\/wp\/v2\/users\/1"}],"replies":[{"embeddable":true,"href":"https:\/\/sisgeo.com\/es\/wp-json\/wp\/v2\/comments?post=20727"}],"version-history":[{"count":1,"href":"https:\/\/sisgeo.com\/es\/wp-json\/wp\/v2\/pages\/20727\/revisions"}],"predecessor-version":[{"id":20728,"href":"https:\/\/sisgeo.com\/es\/wp-json\/wp\/v2\/pages\/20727\/revisions\/20728"}],"up":[{"embeddable":true,"href":"https:\/\/sisgeo.com\/es\/wp-json\/wp\/v2\/pages\/20244"}],"wp:featuredmedia":[{"embeddable":true,"href":"https:\/\/sisgeo.com\/es\/wp-json\/wp\/v2\/media\/4025"}],"wp:attachment":[{"href":"https:\/\/sisgeo.com\/es\/wp-json\/wp\/v2\/media?parent=20727"}],"wp:term":[{"taxonomy":"category","embeddable":true,"href":"https:\/\/sisgeo.com\/es\/wp-json\/wp\/v2\/categories?post=20727"},{"taxonomy":"post_tag","embeddable":true,"href":"https:\/\/sisgeo.com\/es\/wp-json\/wp\/v2\/tags?post=20727"}],"curies":[{"name":"wp","href":"https:\/\/api.w.org\/{rel}","templated":true}]}}