{"id":20796,"date":"2023-07-27T10:17:58","date_gmt":"2023-07-27T08:17:58","guid":{"rendered":"https:\/\/sisgeo.com\/productos\/celulas-de-presion\/"},"modified":"2023-12-19T15:04:45","modified_gmt":"2023-12-19T14:04:45","slug":"celulas-de-presion","status":"publish","type":"page","link":"https:\/\/sisgeo.com\/es\/productos\/celulas-de-presion\/","title":{"rendered":"C\u00e9lulas de presi\u00f3n"},"content":{"rendered":"\t\t<div data-elementor-type=\"wp-page\" data-elementor-id=\"20796\" class=\"elementor elementor-20796 elementor-3894\" data-elementor-post-type=\"page\">\n\t\t\t\t<div class=\"elementor-element elementor-element-7a63a93 e-flex e-con-boxed e-con e-parent\" data-id=\"7a63a93\" data-element_type=\"container\" data-e-type=\"container\">\n\t\t\t\t\t<div class=\"e-con-inner\">\n\t\t\t\t<div class=\"elementor-element elementor-element-99defb4 elementor-widget elementor-widget-text-editor\" data-id=\"99defb4\" data-element_type=\"widget\" data-e-type=\"widget\" data-widget_type=\"text-editor.default\">\n\t\t\t\t<div class=\"elementor-widget-container\">\n\t\t\t\t\t\t\t\t\t<p>Las c\u00e9lulas de presi\u00f3n consisten esencialmente en una almohadilla de presi\u00f3n llena de aceite desaireado, conectada a un transductor de presi\u00f3n con un tubo hidr\u00e1ulico. El tama\u00f1o y la forma de la almohadilla de presi\u00f3n deben elegirse en funci\u00f3n de la aplicaci\u00f3n, la presi\u00f3n prevista, el tama\u00f1o de la estructura en la que se instalar\u00e1 y el m\u00e9todo de instalaci\u00f3n. <\/p>\n<p>Las celdas de presi\u00f3n se utilizan habitualmente durante la excavaci\u00f3n de t\u00faneles y la construcci\u00f3n de presas de contenci\u00f3n.<\/p>\n<p>Un gato plano es un dispositivo utilizado para medir la tensi\u00f3n o la capacidad de carga de una estructura. Consiste en una almohadilla plana que se inserta en un corte fino en una estructura de hormig\u00f3n o roca. <\/p>\n\t\t\t\t\t\t\t\t<\/div>\n\t\t\t\t<\/div>\n\t\t\t\t<div class=\"elementor-element elementor-element-8a09a03 elementor-widget elementor-widget-accordion\" data-id=\"8a09a03\" data-element_type=\"widget\" data-e-type=\"widget\" data-widget_type=\"accordion.default\">\n\t\t\t\t<div class=\"elementor-widget-container\">\n\t\t\t\t\t\t\t<div class=\"elementor-accordion\">\n\t\t\t\t\t\t\t<div class=\"elementor-accordion-item\">\n\t\t\t\t\t<div id=\"elementor-tab-title-1441\" class=\"elementor-tab-title\" data-tab=\"1\" role=\"button\" aria-controls=\"elementor-tab-content-1441\" aria-expanded=\"false\">\n\t\t\t\t\t\t\t\t\t\t\t\t\t<span class=\"elementor-accordion-icon elementor-accordion-icon-right\" aria-hidden=\"true\">\n\t\t\t\t\t\t\t\t\t\t\t\t\t\t\t<span class=\"elementor-accordion-icon-closed\"><svg xmlns=\"http:\/\/www.w3.org\/2000\/svg\" width=\"29\" height=\"16\" viewBox=\"0 0 29 16\" fill=\"none\"><path fill-rule=\"evenodd\" clip-rule=\"evenodd\" d=\"M27.25 0L14.375 13.038L1.5 0L0 1.5L14.4 15.9L28.749 1.5L27.25 0Z\" fill=\"#E4002B\"><\/path><\/svg><\/span>\n\t\t\t\t\t\t\t\t<span class=\"elementor-accordion-icon-opened\"><svg xmlns=\"http:\/\/www.w3.org\/2000\/svg\" width=\"29\" height=\"14\" viewBox=\"0 0 29 14\" fill=\"none\"><path fill-rule=\"evenodd\" clip-rule=\"evenodd\" d=\"M1.49902 13.1885L14.374 2.61651L27.249 13.1885L28.749 11.9722L14.349 0.295833L2.28882e-05 11.9722L1.49902 13.1885Z\" fill=\"#E4002B\"><\/path><\/svg><\/span>\n\t\t\t\t\t\t\t\t\t\t\t\t\t\t<\/span>\n\t\t\t\t\t\t\t\t\t\t\t\t<a class=\"elementor-accordion-title\" tabindex=\"0\">M\u00e1s sobre este tema<\/a>\n\t\t\t\t\t<\/div>\n\t\t\t\t\t<div id=\"elementor-tab-content-1441\" class=\"elementor-tab-content elementor-clearfix\" data-tab=\"1\" role=\"region\" aria-labelledby=\"elementor-tab-title-1441\"><p>Las <strong>c\u00e9lulas de presi\u00f3n de tierra total<\/strong> constan de una almohadilla de presi\u00f3n sensible de una sola cara conectada al transductor de presi\u00f3n con un tubo r\u00edgido de acero. El transductor de presi\u00f3n suele ser un sensor de cuerda vibrante, debido a la larga vida \u00fatil prevista de esta tecnolog\u00eda. <\/p>\n<p>En los t\u00faneles, las <strong>c\u00e9lulas de presi\u00f3n hidr\u00e1ulica<\/strong> suelen ser necesarias para controlar las tensiones en el revestimiento de hormig\u00f3n. Las c\u00e9lulas de presi\u00f3n hidr\u00e1ulica est\u00e1n disponibles en dos modelos: c\u00e9lulas de presi\u00f3n radial y c\u00e9lulas de presi\u00f3n tangencial. Deben personalizarse en cuanto a forma, tama\u00f1o, modelo de transductor y rango de medici\u00f3n. Con este tipo de c\u00e9lulas de presi\u00f3n, es posible tanto la lectura local como la monitorizaci\u00f3n remota.   <\/p>\n<p>El gato <strong>plano<\/strong> se presuriza con un fluido, normalmente aceite, que ejerce presi\u00f3n sobre la superficie circundante. Midiendo la presi\u00f3n necesaria para levantar el gato o el desplazamiento resultante, los ingenieros pueden evaluar la integridad estructural y las propiedades mec\u00e1nicas del material sometido a ensayo. <\/p>\n<p>Tambi\u00e9n se puede encontrar mucha informaci\u00f3n, consejos y limitaciones sobre el uso de c\u00e9lulas de presi\u00f3n en la norma internacional ISO 18674-5 \u00abStress change measurements by total pressure cells (TPC)\u00bb.<\/p>\n<\/div>\n\t\t\t\t<\/div>\n\t\t\t\t\t\t\t\t<\/div>\n\t\t\t\t\t\t<\/div>\n\t\t\t\t<\/div>\n\t\t\t\t<div class=\"elementor-element elementor-element-58a3ecd dce-posts-layout-default dce-col-4 dce-col-tablet-3 dce-col-mobile-1 dce-align-left elementor-widget elementor-widget-dce-dynamicposts-v2\" data-id=\"58a3ecd\" data-element_type=\"widget\" data-e-type=\"widget\" data-settings=\"{&quot;style_items&quot;:&quot;default&quot;,&quot;grid_grid_type&quot;:&quot;flex&quot;}\" data-widget_type=\"dce-dynamicposts-v2.grid\">\n\t\t\t\t<div class=\"elementor-widget-container\">\n\t\t\t\t\t\n\t\t<div class=\"dce-fix-background-loop dce-posts-container dce-posts dce-dynamic-posts-collection  dce-skin-grid dce-skin-grid-flex\">\n\t\t\t\t\t\t<div class=\"dce-posts-wrapper dce-wrapper-grid\">\n\t\t\t\n\t\t<article class=\"post-20839 page type-page status-publish has-post-thumbnail hentry category-celdas-de-presion-hidraulica category-celulas-de-presion dce-post dce-post-item dce-item-grid\" data-dce-post-id=\"20839\" data-dce-post-index=\"0\">\n\t\t\t<div class=\"dce-post-block elementor-animation-grow\">\n\t\t<div class=\"dce-item dce-item_image elementor-repeater-item-9ee1dae\"><a class=\"dce-post-image\" href=\"https:\/\/sisgeo.com\/es\/productos\/celulas-de-presion\/celdas-de-presion-hidraulica\/\"><figure  class=\"dce-img\"><img fetchpriority=\"high\" decoding=\"async\" width=\"960\" height=\"540\" src=\"https:\/\/sisgeo.com\/wp-content\/uploads\/2023\/09\/0_hydraulic_pressure_cells_f2b5505e7ec4c22052.png\" class=\"\" alt=\"Celdas de presi\u00f3n hidr\u00e1ulica\" srcset=\"https:\/\/sisgeo.com\/wp-content\/uploads\/2023\/09\/0_hydraulic_pressure_cells_f2b5505e7ec4c22052.png 960w, https:\/\/sisgeo.com\/wp-content\/uploads\/2023\/09\/0_hydraulic_pressure_cells_f2b5505e7ec4c22052-300x169.png 300w, https:\/\/sisgeo.com\/wp-content\/uploads\/2023\/09\/0_hydraulic_pressure_cells_f2b5505e7ec4c22052-768x432.png 768w\" sizes=\"(max-width: 960px) 100vw, 960px\" \/><\/figure><\/a><\/div><div class=\"dce-item dce-item_title elementor-repeater-item-b433209\"><h5 class=\"dce-post-title\"><a href=\"https:\/\/sisgeo.com\/es\/productos\/celulas-de-presion\/celdas-de-presion-hidraulica\/\">Celdas de presi\u00f3n hidr\u00e1ulica<\/a><\/h5><\/div><div class=\"dce-item dce-item_readmore elementor-repeater-item-ef0e5ce\">\t\t<div class=\"dce-post-button\">\n\t\t\t<a href=\"https:\/\/sisgeo.com\/es\/productos\/celulas-de-presion\/celdas-de-presion-hidraulica\/\" class=\"elementor-button-link elementor-button dce-button elementor-size-sm\" role=\"button\" >\n\t\t\t<div class=\"align-middle\"><span>M\u00e1s informaci\u00f3n<\/span><img decoding=\"async\" src=\"https:\/\/sisgeo.com\/wp-content\/uploads\/2023\/05\/arrow_red.png\"><\/div>\t\t\t<\/a>\n\t\t<\/div>\n\t\t<\/div>\t\t\t<\/div>\n\t\t<\/article>\n\t\t\n\t\t<article class=\"post-20825 page type-page status-publish has-post-thumbnail hentry category-celdas-de-presion-de-tierra category-celulas-de-presion dce-post dce-post-item dce-item-grid\" data-dce-post-id=\"20825\" data-dce-post-index=\"1\">\n\t\t\t<div class=\"dce-post-block elementor-animation-grow\">\n\t\t<div class=\"dce-item dce-item_image elementor-repeater-item-9ee1dae\"><a class=\"dce-post-image\" href=\"https:\/\/sisgeo.com\/es\/productos\/celulas-de-presion\/celdas-de-presion-de-tierra\/\"><figure  class=\"dce-img\"><img decoding=\"async\" width=\"960\" height=\"540\" src=\"https:\/\/sisgeo.com\/wp-content\/uploads\/2023\/09\/00_earth_pressure_cells_sisgeo_e822d231c3a92.png\" class=\"\" alt=\"Celdas de presi\u00f3n de tierra\" srcset=\"https:\/\/sisgeo.com\/wp-content\/uploads\/2023\/09\/00_earth_pressure_cells_sisgeo_e822d231c3a92.png 960w, https:\/\/sisgeo.com\/wp-content\/uploads\/2023\/09\/00_earth_pressure_cells_sisgeo_e822d231c3a92-300x169.png 300w, https:\/\/sisgeo.com\/wp-content\/uploads\/2023\/09\/00_earth_pressure_cells_sisgeo_e822d231c3a92-768x432.png 768w\" sizes=\"(max-width: 960px) 100vw, 960px\" \/><\/figure><\/a><\/div><div class=\"dce-item dce-item_title elementor-repeater-item-b433209\"><h5 class=\"dce-post-title\"><a href=\"https:\/\/sisgeo.com\/es\/productos\/celulas-de-presion\/celdas-de-presion-de-tierra\/\">Celdas de presi\u00f3n de tierra<\/a><\/h5><\/div><div class=\"dce-item dce-item_readmore elementor-repeater-item-ef0e5ce\">\t\t<div class=\"dce-post-button\">\n\t\t\t<a href=\"https:\/\/sisgeo.com\/es\/productos\/celulas-de-presion\/celdas-de-presion-de-tierra\/\" class=\"elementor-button-link elementor-button dce-button elementor-size-sm\" role=\"button\" >\n\t\t\t<div class=\"align-middle\"><span>M\u00e1s informaci\u00f3n<\/span><img decoding=\"async\" src=\"https:\/\/sisgeo.com\/wp-content\/uploads\/2023\/05\/arrow_red.png\"><\/div>\t\t\t<\/a>\n\t\t<\/div>\n\t\t<\/div>\t\t\t<\/div>\n\t\t<\/article>\n\t\t\n\t\t<article class=\"post-20832 page type-page status-publish has-post-thumbnail hentry category-accesorios-de-prueba-flat-jack category-celulas-de-presion dce-post dce-post-item dce-item-grid\" data-dce-post-id=\"20832\" data-dce-post-index=\"2\">\n\t\t\t<div class=\"dce-post-block elementor-animation-grow\">\n\t\t<div class=\"dce-item dce-item_image elementor-repeater-item-9ee1dae\"><a class=\"dce-post-image\" href=\"https:\/\/sisgeo.com\/es\/productos\/celulas-de-presion\/accesorios-de-prueba-flat-jack\/\"><figure  class=\"dce-img\"><img decoding=\"async\" width=\"960\" height=\"540\" src=\"https:\/\/sisgeo.com\/wp-content\/uploads\/2023\/09\/00_flat_jack_testing_sisgeo_6bdaf4f9b61ae.png\" class=\"\" alt=\"Accesorios de prueba Flat Jack\" srcset=\"https:\/\/sisgeo.com\/wp-content\/uploads\/2023\/09\/00_flat_jack_testing_sisgeo_6bdaf4f9b61ae.png 960w, https:\/\/sisgeo.com\/wp-content\/uploads\/2023\/09\/00_flat_jack_testing_sisgeo_6bdaf4f9b61ae-300x169.png 300w, https:\/\/sisgeo.com\/wp-content\/uploads\/2023\/09\/00_flat_jack_testing_sisgeo_6bdaf4f9b61ae-768x432.png 768w\" sizes=\"(max-width: 960px) 100vw, 960px\" \/><\/figure><\/a><\/div><div class=\"dce-item dce-item_title elementor-repeater-item-b433209\"><h5 class=\"dce-post-title\"><a href=\"https:\/\/sisgeo.com\/es\/productos\/celulas-de-presion\/accesorios-de-prueba-flat-jack\/\">Accesorios de prueba Flat Jack<\/a><\/h5><\/div><div class=\"dce-item dce-item_readmore elementor-repeater-item-ef0e5ce\">\t\t<div class=\"dce-post-button\">\n\t\t\t<a href=\"https:\/\/sisgeo.com\/es\/productos\/celulas-de-presion\/accesorios-de-prueba-flat-jack\/\" class=\"elementor-button-link elementor-button dce-button elementor-size-sm\" role=\"button\" >\n\t\t\t<div class=\"align-middle\"><span>M\u00e1s informaci\u00f3n<\/span><img decoding=\"async\" src=\"https:\/\/sisgeo.com\/wp-content\/uploads\/2023\/05\/arrow_red.png\"><\/div>\t\t\t<\/a>\n\t\t<\/div>\n\t\t<\/div>\t\t\t<\/div>\n\t\t<\/article>\n\t\t\t\t\t<\/div>\n\t\t\t\t\t<\/div>\n\t\t\t\t\t\t<\/div>\n\t\t\t\t<\/div>\n\t\t\t\t\t<\/div>\n\t\t\t\t<\/div>\n\t\t\t\t<\/div>\n\t\t","protected":false},"excerpt":{"rendered":"<p>Las c\u00e9lulas de presi\u00f3n consisten esencialmente en una almohadilla de presi\u00f3n llena de aceite desaireado, conectada a un transductor de presi\u00f3n con un tubo hidr\u00e1ulico. El tama\u00f1o y la forma de la almohadilla de presi\u00f3n deben elegirse en funci\u00f3n de la aplicaci\u00f3n, la presi\u00f3n prevista, el tama\u00f1o de la estructura en la que se instalar\u00e1 [&hellip;]<\/p>\n","protected":false},"author":1,"featured_media":4089,"parent":20244,"menu_order":0,"comment_status":"closed","ping_status":"closed","template":"","meta":{"_acf_changed":false,"footnotes":""},"categories":[216],"tags":[],"class_list":["post-20796","page","type-page","status-publish","has-post-thumbnail","hentry","category-products-es-2"],"acf":[],"yoast_head":"<!-- This site is optimized with the Yoast SEO Premium plugin v27.4 (Yoast SEO v27.4) - https:\/\/yoast.com\/product\/yoast-seo-premium-wordpress\/ -->\n<title>C\u00e9lulas de presi\u00f3n - Sisgeo<\/title>\n<meta name=\"robots\" content=\"index, follow, max-snippet:-1, max-image-preview:large, max-video-preview:-1\" \/>\n<link rel=\"canonical\" href=\"https:\/\/sisgeo.com\/es\/productos\/celulas-de-presion\/\" \/>\n<meta property=\"og:locale\" content=\"es_ES\" \/>\n<meta property=\"og:type\" content=\"article\" \/>\n<meta property=\"og:title\" content=\"C\u00e9lulas de presi\u00f3n\" \/>\n<meta property=\"og:description\" content=\"Las c\u00e9lulas de presi\u00f3n consisten esencialmente en una almohadilla de presi\u00f3n llena de aceite desaireado, conectada a un transductor de presi\u00f3n con un tubo hidr\u00e1ulico. El tama\u00f1o y la forma de la almohadilla de presi\u00f3n deben elegirse en funci\u00f3n de la aplicaci\u00f3n, la presi\u00f3n prevista, el tama\u00f1o de la estructura en la que se instalar\u00e1 [&hellip;]\" \/>\n<meta property=\"og:url\" content=\"https:\/\/sisgeo.com\/es\/productos\/celulas-de-presion\/\" \/>\n<meta property=\"og:site_name\" content=\"Sisgeo\" \/>\n<meta property=\"article:modified_time\" content=\"2023-12-19T14:04:45+00:00\" \/>\n<meta property=\"og:image\" content=\"https:\/\/sisgeo.com\/wp-content\/uploads\/2023\/07\/7_PRESSURE-CELL.jpg\" \/>\n\t<meta property=\"og:image:width\" content=\"294\" \/>\n\t<meta property=\"og:image:height\" content=\"164\" \/>\n\t<meta property=\"og:image:type\" content=\"image\/jpeg\" \/>\n<meta name=\"twitter:card\" content=\"summary_large_image\" \/>\n<meta name=\"twitter:label1\" content=\"Tiempo de lectura\" \/>\n\t<meta name=\"twitter:data1\" content=\"2 minutos\" \/>\n<script type=\"application\/ld+json\" class=\"yoast-schema-graph\">{\"@context\":\"https:\\\/\\\/schema.org\",\"@graph\":[{\"@type\":\"WebPage\",\"@id\":\"https:\\\/\\\/sisgeo.com\\\/es\\\/productos\\\/celulas-de-presion\\\/\",\"url\":\"https:\\\/\\\/sisgeo.com\\\/es\\\/productos\\\/celulas-de-presion\\\/\",\"name\":\"C\u00e9lulas de presi\u00f3n - Sisgeo\",\"isPartOf\":{\"@id\":\"https:\\\/\\\/sisgeo.com\\\/es\\\/#website\"},\"primaryImageOfPage\":{\"@id\":\"https:\\\/\\\/sisgeo.com\\\/es\\\/productos\\\/celulas-de-presion\\\/#primaryimage\"},\"image\":{\"@id\":\"https:\\\/\\\/sisgeo.com\\\/es\\\/productos\\\/celulas-de-presion\\\/#primaryimage\"},\"thumbnailUrl\":\"https:\\\/\\\/sisgeo.com\\\/wp-content\\\/uploads\\\/2023\\\/07\\\/7_PRESSURE-CELL.jpg\",\"datePublished\":\"2023-07-27T08:17:58+00:00\",\"dateModified\":\"2023-12-19T14:04:45+00:00\",\"breadcrumb\":{\"@id\":\"https:\\\/\\\/sisgeo.com\\\/es\\\/productos\\\/celulas-de-presion\\\/#breadcrumb\"},\"inLanguage\":\"es\",\"potentialAction\":[{\"@type\":\"ReadAction\",\"target\":[\"https:\\\/\\\/sisgeo.com\\\/es\\\/productos\\\/celulas-de-presion\\\/\"]}]},{\"@type\":\"ImageObject\",\"inLanguage\":\"es\",\"@id\":\"https:\\\/\\\/sisgeo.com\\\/es\\\/productos\\\/celulas-de-presion\\\/#primaryimage\",\"url\":\"https:\\\/\\\/sisgeo.com\\\/wp-content\\\/uploads\\\/2023\\\/07\\\/7_PRESSURE-CELL.jpg\",\"contentUrl\":\"https:\\\/\\\/sisgeo.com\\\/wp-content\\\/uploads\\\/2023\\\/07\\\/7_PRESSURE-CELL.jpg\",\"width\":294,\"height\":164},{\"@type\":\"BreadcrumbList\",\"@id\":\"https:\\\/\\\/sisgeo.com\\\/es\\\/productos\\\/celulas-de-presion\\\/#breadcrumb\",\"itemListElement\":[{\"@type\":\"ListItem\",\"position\":1,\"name\":\"Home\",\"item\":\"https:\\\/\\\/sisgeo.com\\\/es\\\/geotechnical-and-structural-instrumentation-for-shm\\\/\"},{\"@type\":\"ListItem\",\"position\":2,\"name\":\"Productos\",\"item\":\"https:\\\/\\\/sisgeo.com\\\/es\\\/productos\\\/\"},{\"@type\":\"ListItem\",\"position\":3,\"name\":\"C\u00e9lulas de presi\u00f3n\"}]},{\"@type\":\"WebSite\",\"@id\":\"https:\\\/\\\/sisgeo.com\\\/es\\\/#website\",\"url\":\"https:\\\/\\\/sisgeo.com\\\/es\\\/\",\"name\":\"Sisgeo\",\"description\":\"Inclined to improvement\",\"publisher\":{\"@id\":\"https:\\\/\\\/sisgeo.com\\\/es\\\/#organization\"},\"potentialAction\":[{\"@type\":\"SearchAction\",\"target\":{\"@type\":\"EntryPoint\",\"urlTemplate\":\"https:\\\/\\\/sisgeo.com\\\/es\\\/?s={search_term_string}\"},\"query-input\":{\"@type\":\"PropertyValueSpecification\",\"valueRequired\":true,\"valueName\":\"search_term_string\"}}],\"inLanguage\":\"es\"},{\"@type\":\"Organization\",\"@id\":\"https:\\\/\\\/sisgeo.com\\\/es\\\/#organization\",\"name\":\"Sisgeo S.r.l.\",\"url\":\"https:\\\/\\\/sisgeo.com\\\/es\\\/\",\"logo\":{\"@type\":\"ImageObject\",\"inLanguage\":\"es\",\"@id\":\"https:\\\/\\\/sisgeo.com\\\/es\\\/#\\\/schema\\\/logo\\\/image\\\/\",\"url\":\"https:\\\/\\\/sisgeodev.pipehosting.it\\\/wp-content\\\/uploads\\\/2023\\\/06\\\/logo-RGB.png\",\"contentUrl\":\"https:\\\/\\\/sisgeodev.pipehosting.it\\\/wp-content\\\/uploads\\\/2023\\\/06\\\/logo-RGB.png\",\"width\":205,\"height\":97,\"caption\":\"Sisgeo S.r.l.\"},\"image\":{\"@id\":\"https:\\\/\\\/sisgeo.com\\\/es\\\/#\\\/schema\\\/logo\\\/image\\\/\"}}]}<\/script>\n<!-- \/ Yoast SEO Premium plugin. -->","yoast_head_json":{"title":"C\u00e9lulas de presi\u00f3n - Sisgeo","robots":{"index":"index","follow":"follow","max-snippet":"max-snippet:-1","max-image-preview":"max-image-preview:large","max-video-preview":"max-video-preview:-1"},"canonical":"https:\/\/sisgeo.com\/es\/productos\/celulas-de-presion\/","og_locale":"es_ES","og_type":"article","og_title":"C\u00e9lulas de presi\u00f3n","og_description":"Las c\u00e9lulas de presi\u00f3n consisten esencialmente en una almohadilla de presi\u00f3n llena de aceite desaireado, conectada a un transductor de presi\u00f3n con un tubo hidr\u00e1ulico. El tama\u00f1o y la forma de la almohadilla de presi\u00f3n deben elegirse en funci\u00f3n de la aplicaci\u00f3n, la presi\u00f3n prevista, el tama\u00f1o de la estructura en la que se instalar\u00e1 [&hellip;]","og_url":"https:\/\/sisgeo.com\/es\/productos\/celulas-de-presion\/","og_site_name":"Sisgeo","article_modified_time":"2023-12-19T14:04:45+00:00","og_image":[{"width":294,"height":164,"url":"https:\/\/sisgeo.com\/wp-content\/uploads\/2023\/07\/7_PRESSURE-CELL.jpg","type":"image\/jpeg"}],"twitter_card":"summary_large_image","twitter_misc":{"Tiempo de lectura":"2 minutos"},"schema":{"@context":"https:\/\/schema.org","@graph":[{"@type":"WebPage","@id":"https:\/\/sisgeo.com\/es\/productos\/celulas-de-presion\/","url":"https:\/\/sisgeo.com\/es\/productos\/celulas-de-presion\/","name":"C\u00e9lulas de presi\u00f3n - Sisgeo","isPartOf":{"@id":"https:\/\/sisgeo.com\/es\/#website"},"primaryImageOfPage":{"@id":"https:\/\/sisgeo.com\/es\/productos\/celulas-de-presion\/#primaryimage"},"image":{"@id":"https:\/\/sisgeo.com\/es\/productos\/celulas-de-presion\/#primaryimage"},"thumbnailUrl":"https:\/\/sisgeo.com\/wp-content\/uploads\/2023\/07\/7_PRESSURE-CELL.jpg","datePublished":"2023-07-27T08:17:58+00:00","dateModified":"2023-12-19T14:04:45+00:00","breadcrumb":{"@id":"https:\/\/sisgeo.com\/es\/productos\/celulas-de-presion\/#breadcrumb"},"inLanguage":"es","potentialAction":[{"@type":"ReadAction","target":["https:\/\/sisgeo.com\/es\/productos\/celulas-de-presion\/"]}]},{"@type":"ImageObject","inLanguage":"es","@id":"https:\/\/sisgeo.com\/es\/productos\/celulas-de-presion\/#primaryimage","url":"https:\/\/sisgeo.com\/wp-content\/uploads\/2023\/07\/7_PRESSURE-CELL.jpg","contentUrl":"https:\/\/sisgeo.com\/wp-content\/uploads\/2023\/07\/7_PRESSURE-CELL.jpg","width":294,"height":164},{"@type":"BreadcrumbList","@id":"https:\/\/sisgeo.com\/es\/productos\/celulas-de-presion\/#breadcrumb","itemListElement":[{"@type":"ListItem","position":1,"name":"Home","item":"https:\/\/sisgeo.com\/es\/geotechnical-and-structural-instrumentation-for-shm\/"},{"@type":"ListItem","position":2,"name":"Productos","item":"https:\/\/sisgeo.com\/es\/productos\/"},{"@type":"ListItem","position":3,"name":"C\u00e9lulas de presi\u00f3n"}]},{"@type":"WebSite","@id":"https:\/\/sisgeo.com\/es\/#website","url":"https:\/\/sisgeo.com\/es\/","name":"Sisgeo","description":"Inclined to improvement","publisher":{"@id":"https:\/\/sisgeo.com\/es\/#organization"},"potentialAction":[{"@type":"SearchAction","target":{"@type":"EntryPoint","urlTemplate":"https:\/\/sisgeo.com\/es\/?s={search_term_string}"},"query-input":{"@type":"PropertyValueSpecification","valueRequired":true,"valueName":"search_term_string"}}],"inLanguage":"es"},{"@type":"Organization","@id":"https:\/\/sisgeo.com\/es\/#organization","name":"Sisgeo S.r.l.","url":"https:\/\/sisgeo.com\/es\/","logo":{"@type":"ImageObject","inLanguage":"es","@id":"https:\/\/sisgeo.com\/es\/#\/schema\/logo\/image\/","url":"https:\/\/sisgeodev.pipehosting.it\/wp-content\/uploads\/2023\/06\/logo-RGB.png","contentUrl":"https:\/\/sisgeodev.pipehosting.it\/wp-content\/uploads\/2023\/06\/logo-RGB.png","width":205,"height":97,"caption":"Sisgeo S.r.l."},"image":{"@id":"https:\/\/sisgeo.com\/es\/#\/schema\/logo\/image\/"}}]}},"_links":{"self":[{"href":"https:\/\/sisgeo.com\/es\/wp-json\/wp\/v2\/pages\/20796","targetHints":{"allow":["GET"]}}],"collection":[{"href":"https:\/\/sisgeo.com\/es\/wp-json\/wp\/v2\/pages"}],"about":[{"href":"https:\/\/sisgeo.com\/es\/wp-json\/wp\/v2\/types\/page"}],"author":[{"embeddable":true,"href":"https:\/\/sisgeo.com\/es\/wp-json\/wp\/v2\/users\/1"}],"replies":[{"embeddable":true,"href":"https:\/\/sisgeo.com\/es\/wp-json\/wp\/v2\/comments?post=20796"}],"version-history":[{"count":1,"href":"https:\/\/sisgeo.com\/es\/wp-json\/wp\/v2\/pages\/20796\/revisions"}],"predecessor-version":[{"id":20797,"href":"https:\/\/sisgeo.com\/es\/wp-json\/wp\/v2\/pages\/20796\/revisions\/20797"}],"up":[{"embeddable":true,"href":"https:\/\/sisgeo.com\/es\/wp-json\/wp\/v2\/pages\/20244"}],"wp:featuredmedia":[{"embeddable":true,"href":"https:\/\/sisgeo.com\/es\/wp-json\/wp\/v2\/media\/4089"}],"wp:attachment":[{"href":"https:\/\/sisgeo.com\/es\/wp-json\/wp\/v2\/media?parent=20796"}],"wp:term":[{"taxonomy":"category","embeddable":true,"href":"https:\/\/sisgeo.com\/es\/wp-json\/wp\/v2\/categories?post=20796"},{"taxonomy":"post_tag","embeddable":true,"href":"https:\/\/sisgeo.com\/es\/wp-json\/wp\/v2\/tags?post=20796"}],"curies":[{"name":"wp","href":"https:\/\/api.w.org\/{rel}","templated":true}]}}