{"id":20895,"date":"2023-07-27T10:39:49","date_gmt":"2023-07-27T08:39:49","guid":{"rendered":"https:\/\/sisgeo.com\/productos\/extensometros-de-cuerda-vibrante\/"},"modified":"2025-02-27T09:24:49","modified_gmt":"2025-02-27T08:24:49","slug":"extensometros-de-cuerda-vibrante","status":"publish","type":"page","link":"https:\/\/sisgeo.com\/es\/productos\/extensometros-de-cuerda-vibrante\/","title":{"rendered":"Extens\u00f3metros de cuerda vibrante"},"content":{"rendered":"\t\t<div data-elementor-type=\"wp-page\" data-elementor-id=\"20895\" class=\"elementor elementor-20895 elementor-3931\" data-elementor-post-type=\"page\">\n\t\t\t\t<div class=\"elementor-element elementor-element-7a63a93 e-flex e-con-boxed e-con e-parent\" data-id=\"7a63a93\" data-element_type=\"container\" data-e-type=\"container\">\n\t\t\t\t\t<div class=\"e-con-inner\">\n\t\t\t\t<div class=\"elementor-element elementor-element-99defb4 elementor-widget elementor-widget-text-editor\" data-id=\"99defb4\" data-element_type=\"widget\" data-e-type=\"widget\" data-widget_type=\"text-editor.default\">\n\t\t\t\t<div class=\"elementor-widget-container\">\n\t\t\t\t\t\t\t\t\t<p>Los extens\u00f3metros de cuerda vibrante se utilizan ampliamente en el control estructural y geot\u00e9cnico para medir las tensiones y deformaciones de diversos componentes de una estructura.<\/p>\n<p>Las galgas extensom\u00e9tricas de cuerda vibrante ofrecen varias ventajas, una de las m\u00e1s importantes es su durabilidad. Gracias a la tecnolog\u00eda de cuerda vibrante, las galgas extensom\u00e9tricas VW son robustas y duraderas, lo que las hace adecuadas para el control a largo plazo. <\/p>\n<p>Gracias a la tecnolog\u00eda de cuerda vibrante, Los extens\u00f3metros de cuerda vibrante VW son robustos y duraderos, lo que las hace adecuadas para la monitorizaci\u00f3n a largo plazo.<\/p>\n\t\t\t\t\t\t\t\t<\/div>\n\t\t\t\t<\/div>\n\t\t\t\t<div class=\"elementor-element elementor-element-8a09a03 elementor-widget elementor-widget-accordion\" data-id=\"8a09a03\" data-element_type=\"widget\" data-e-type=\"widget\" data-widget_type=\"accordion.default\">\n\t\t\t\t<div class=\"elementor-widget-container\">\n\t\t\t\t\t\t\t<div class=\"elementor-accordion\">\n\t\t\t\t\t\t\t<div class=\"elementor-accordion-item\">\n\t\t\t\t\t<div id=\"elementor-tab-title-1441\" class=\"elementor-tab-title\" data-tab=\"1\" role=\"button\" aria-controls=\"elementor-tab-content-1441\" aria-expanded=\"false\">\n\t\t\t\t\t\t\t\t\t\t\t\t\t<span class=\"elementor-accordion-icon elementor-accordion-icon-right\" aria-hidden=\"true\">\n\t\t\t\t\t\t\t\t\t\t\t\t\t\t\t<span class=\"elementor-accordion-icon-closed\"><svg xmlns=\"http:\/\/www.w3.org\/2000\/svg\" width=\"29\" height=\"16\" viewBox=\"0 0 29 16\" fill=\"none\"><path fill-rule=\"evenodd\" clip-rule=\"evenodd\" d=\"M27.25 0L14.375 13.038L1.5 0L0 1.5L14.4 15.9L28.749 1.5L27.25 0Z\" fill=\"#E4002B\"><\/path><\/svg><\/span>\n\t\t\t\t\t\t\t\t<span class=\"elementor-accordion-icon-opened\"><svg xmlns=\"http:\/\/www.w3.org\/2000\/svg\" width=\"29\" height=\"14\" viewBox=\"0 0 29 14\" fill=\"none\"><path fill-rule=\"evenodd\" clip-rule=\"evenodd\" d=\"M1.49902 13.1885L14.374 2.61651L27.249 13.1885L28.749 11.9722L14.349 0.295833L2.28882e-05 11.9722L1.49902 13.1885Z\" fill=\"#E4002B\"><\/path><\/svg><\/span>\n\t\t\t\t\t\t\t\t\t\t\t\t\t\t<\/span>\n\t\t\t\t\t\t\t\t\t\t\t\t<a class=\"elementor-accordion-title\" tabindex=\"0\">M\u00e1s sobre este tema<\/a>\n\t\t\t\t\t<\/div>\n\t\t\t\t\t<div id=\"elementor-tab-content-1441\" class=\"elementor-tab-content elementor-clearfix\" data-tab=\"1\" role=\"region\" aria-labelledby=\"elementor-tab-title-1441\"><p>Los extens\u00f3metros de cuerda vibrante VW est\u00e1n disponibles en varios modelos.<\/p>\n<p>Los <strong>extens\u00f3metros de cuerda vibrante VW embebidos<\/strong> suelen instalarse en estructuras de hormig\u00f3n para controlar la deformaci\u00f3n<\/p>\n<p>Los <strong>extens\u00f3metros de cuerda vibrante VW a embeber para aplicaciones profundas<\/strong> suelen utilizarse en pilotes profundos u otras aplicaciones que requieren un elevado recubrimiento de hormig\u00f3n.<\/p>\n<p>Los <strong>extens\u00f3metros de cuerda vibrante VW soldables por arco<\/strong> disponen de un par de bloques soldables para su instalaci\u00f3n en superficies met\u00e1licas.<\/p>\n<p>Los <strong>extens\u00f3metros de cuerda vibrante de superficie de hormig\u00f3n<\/strong> pueden instalarse en la superficie de hormig\u00f3n con dos bloques de anclaje especiales<\/p>\n<p>Los <strong>extens\u00f3metros de cuerda vibrante Shotcrete VW<\/strong> tienen un amplio rango de medici\u00f3n (10000 microstrain) para su uso en aplicaciones de hormig\u00f3n proyectado.<\/p>\n<p>Los <strong>extens\u00f3metros de cuerda vibrante soldables por puntos<\/strong> son peque\u00f1os extens\u00f3metros VW dise\u00f1adas para una instalaci\u00f3n r\u00e1pida y sencilla en estructuras met\u00e1licas con una simple soldadora por puntos.<\/p>\n<p>Todas Los extens\u00f3metros de cuerda vibrante, al igual que el resto de instrumentos Sisgeo VW, incorporan un termistor para controlar la temperatura y, en caso necesario, compensarla.<\/p>\n<\/div>\n\t\t\t\t<\/div>\n\t\t\t\t\t\t\t\t<\/div>\n\t\t\t\t\t\t<\/div>\n\t\t\t\t<\/div>\n\t\t\t\t<div class=\"elementor-element elementor-element-58a3ecd dce-posts-layout-default dce-col-4 dce-col-tablet-3 dce-col-mobile-1 dce-align-left elementor-widget elementor-widget-dce-dynamicposts-v2\" data-id=\"58a3ecd\" data-element_type=\"widget\" data-e-type=\"widget\" data-settings=\"{&quot;style_items&quot;:&quot;default&quot;,&quot;grid_grid_type&quot;:&quot;flex&quot;}\" data-widget_type=\"dce-dynamicposts-v2.grid\">\n\t\t\t\t<div class=\"elementor-widget-container\">\n\t\t\t\t\t\n\t\t<div class=\"dce-fix-background-loop dce-posts-container dce-posts dce-dynamic-posts-collection  dce-skin-grid dce-skin-grid-flex\">\n\t\t\t\t\t\t<div class=\"dce-posts-wrapper dce-wrapper-grid\">\n\t\t\t\n\t\t<article class=\"post-20909 page type-page status-publish has-post-thumbnail hentry category-extensometros-de-cuerda-vibrante-es category-extensometros-de-cuerda-vibrante dce-post dce-post-item dce-item-grid\" data-dce-post-id=\"20909\" data-dce-post-index=\"0\">\n\t\t\t<div class=\"dce-post-block elementor-animation-grow\">\n\t\t<div class=\"dce-item dce-item_image elementor-repeater-item-9ee1dae\"><a class=\"dce-post-image\" href=\"https:\/\/sisgeo.com\/es\/productos\/extensometros-de-cuerda-vibrante\/extensometros-de-cuerda-vibrante\/\"><figure  class=\"dce-img\"><img fetchpriority=\"high\" decoding=\"async\" width=\"961\" height=\"540\" src=\"https:\/\/sisgeo.com\/wp-content\/uploads\/2025\/02\/00_sisgeo_vibratin_wire_strain_gauges.png\" class=\"\" alt=\"Extens\u00f3metros de cuerda vibrante\" srcset=\"https:\/\/sisgeo.com\/wp-content\/uploads\/2025\/02\/00_sisgeo_vibratin_wire_strain_gauges.png 961w, https:\/\/sisgeo.com\/wp-content\/uploads\/2025\/02\/00_sisgeo_vibratin_wire_strain_gauges-300x169.png 300w, https:\/\/sisgeo.com\/wp-content\/uploads\/2025\/02\/00_sisgeo_vibratin_wire_strain_gauges-768x432.png 768w\" sizes=\"(max-width: 961px) 100vw, 961px\" \/><\/figure><\/a><\/div><div class=\"dce-item dce-item_title elementor-repeater-item-b433209\"><h5 class=\"dce-post-title\"><a href=\"https:\/\/sisgeo.com\/es\/productos\/extensometros-de-cuerda-vibrante\/extensometros-de-cuerda-vibrante\/\">Extens\u00f3metros de cuerda vibrante<\/a><\/h5><\/div><div class=\"dce-item dce-item_readmore elementor-repeater-item-ef0e5ce\">\t\t<div class=\"dce-post-button\">\n\t\t\t<a href=\"https:\/\/sisgeo.com\/es\/productos\/extensometros-de-cuerda-vibrante\/extensometros-de-cuerda-vibrante\/\" class=\"elementor-button-link elementor-button dce-button elementor-size-sm\" role=\"button\" >\n\t\t\t<div class=\"align-middle\"><span>M\u00e1s informaci\u00f3n<\/span><img decoding=\"async\" src=\"https:\/\/sisgeo.com\/wp-content\/uploads\/2023\/05\/arrow_red.png\"><\/div>\t\t\t<\/a>\n\t\t<\/div>\n\t\t<\/div>\t\t\t<\/div>\n\t\t<\/article>\n\t\t\n\t\t<article class=\"post-20902 page type-page status-publish has-post-thumbnail hentry category-extensometros-de-cuerda-vibrante category-extensometros-de-cuerda-vibrante-para-soldar dce-post dce-post-item dce-item-grid\" data-dce-post-id=\"20902\" data-dce-post-index=\"1\">\n\t\t\t<div class=\"dce-post-block elementor-animation-grow\">\n\t\t<div class=\"dce-item dce-item_image elementor-repeater-item-9ee1dae\"><a class=\"dce-post-image\" href=\"https:\/\/sisgeo.com\/es\/productos\/extensometros-de-cuerda-vibrante\/extensometros-de-cuerda-vibrante-para-soldar\/\"><figure  class=\"dce-img\"><img decoding=\"async\" width=\"960\" height=\"540\" src=\"https:\/\/sisgeo.com\/wp-content\/uploads\/2023\/09\/spot_weldable_strain_gauge_0_e2ba64f454ea11a5628335214a0ab.png\" class=\"\" alt=\"Extens\u00f3metros de cuerda vibrante para soldar\" srcset=\"https:\/\/sisgeo.com\/wp-content\/uploads\/2023\/09\/spot_weldable_strain_gauge_0_e2ba64f454ea11a5628335214a0ab.png 960w, https:\/\/sisgeo.com\/wp-content\/uploads\/2023\/09\/spot_weldable_strain_gauge_0_e2ba64f454ea11a5628335214a0ab-300x169.png 300w, https:\/\/sisgeo.com\/wp-content\/uploads\/2023\/09\/spot_weldable_strain_gauge_0_e2ba64f454ea11a5628335214a0ab-768x432.png 768w\" sizes=\"(max-width: 960px) 100vw, 960px\" \/><\/figure><\/a><\/div><div class=\"dce-item dce-item_title elementor-repeater-item-b433209\"><h5 class=\"dce-post-title\"><a href=\"https:\/\/sisgeo.com\/es\/productos\/extensometros-de-cuerda-vibrante\/extensometros-de-cuerda-vibrante-para-soldar\/\">Extens\u00f3metros de cuerda vibrante para soldar<\/a><\/h5><\/div><div class=\"dce-item dce-item_readmore elementor-repeater-item-ef0e5ce\">\t\t<div class=\"dce-post-button\">\n\t\t\t<a href=\"https:\/\/sisgeo.com\/es\/productos\/extensometros-de-cuerda-vibrante\/extensometros-de-cuerda-vibrante-para-soldar\/\" class=\"elementor-button-link elementor-button dce-button elementor-size-sm\" role=\"button\" >\n\t\t\t<div class=\"align-middle\"><span>M\u00e1s informaci\u00f3n<\/span><img decoding=\"async\" src=\"https:\/\/sisgeo.com\/wp-content\/uploads\/2023\/05\/arrow_red.png\"><\/div>\t\t\t<\/a>\n\t\t<\/div>\n\t\t<\/div>\t\t\t<\/div>\n\t\t<\/article>\n\t\t\t\t\t<\/div>\n\t\t\t\t\t<\/div>\n\t\t\t\t\t\t<\/div>\n\t\t\t\t<\/div>\n\t\t\t\t\t<\/div>\n\t\t\t\t<\/div>\n\t\t\t\t<\/div>\n\t\t","protected":false},"excerpt":{"rendered":"<p>Los extens\u00f3metros de cuerda vibrante se utilizan ampliamente en el control estructural y geot\u00e9cnico para medir las tensiones y deformaciones de diversos componentes de una estructura. Las galgas extensom\u00e9tricas de cuerda vibrante ofrecen varias ventajas, una de las m\u00e1s importantes es su durabilidad. Gracias a la tecnolog\u00eda de cuerda vibrante, las galgas extensom\u00e9tricas VW son [&hellip;]<\/p>\n","protected":false},"author":1,"featured_media":28249,"parent":20244,"menu_order":0,"comment_status":"closed","ping_status":"closed","template":"","meta":{"footnotes":""},"categories":[216],"tags":[],"class_list":["post-20895","page","type-page","status-publish","has-post-thumbnail","hentry","category-products-es-2"],"yoast_head":"<!-- This site is optimized with the Yoast SEO Premium plugin v27.2 (Yoast SEO v27.2) - https:\/\/yoast.com\/product\/yoast-seo-premium-wordpress\/ -->\n<title>Extens\u00f3metros de cuerda vibrante - Sisgeo<\/title>\n<meta name=\"robots\" content=\"index, follow, max-snippet:-1, max-image-preview:large, max-video-preview:-1\" \/>\n<link rel=\"canonical\" href=\"https:\/\/sisgeo.com\/es\/productos\/extensometros-de-cuerda-vibrante\/\" \/>\n<meta property=\"og:locale\" content=\"es_ES\" \/>\n<meta property=\"og:type\" content=\"article\" \/>\n<meta property=\"og:title\" content=\"Extens\u00f3metros de cuerda vibrante\" \/>\n<meta property=\"og:description\" content=\"Los extens\u00f3metros de cuerda vibrante se utilizan ampliamente en el control estructural y geot\u00e9cnico para medir las tensiones y deformaciones de diversos componentes de una estructura. Las galgas extensom\u00e9tricas de cuerda vibrante ofrecen varias ventajas, una de las m\u00e1s importantes es su durabilidad. Gracias a la tecnolog\u00eda de cuerda vibrante, las galgas extensom\u00e9tricas VW son [&hellip;]\" \/>\n<meta property=\"og:url\" content=\"https:\/\/sisgeo.com\/es\/productos\/extensometros-de-cuerda-vibrante\/\" \/>\n<meta property=\"og:site_name\" content=\"Sisgeo\" \/>\n<meta property=\"article:modified_time\" content=\"2025-02-27T08:24:49+00:00\" \/>\n<meta property=\"og:image\" content=\"https:\/\/sisgeo.com\/wp-content\/uploads\/2025\/02\/12_STRAIN-GAUGES.jpg\" \/>\n\t<meta property=\"og:image:width\" content=\"294\" \/>\n\t<meta property=\"og:image:height\" content=\"164\" \/>\n\t<meta property=\"og:image:type\" content=\"image\/jpeg\" \/>\n<meta name=\"twitter:card\" content=\"summary_large_image\" \/>\n<meta name=\"twitter:label1\" content=\"Tiempo de lectura\" \/>\n\t<meta name=\"twitter:data1\" content=\"2 minutos\" \/>\n<script type=\"application\/ld+json\" class=\"yoast-schema-graph\">{\"@context\":\"https:\/\/schema.org\",\"@graph\":[{\"@type\":\"WebPage\",\"@id\":\"https:\/\/sisgeo.com\/es\/productos\/extensometros-de-cuerda-vibrante\/\",\"url\":\"https:\/\/sisgeo.com\/es\/productos\/extensometros-de-cuerda-vibrante\/\",\"name\":\"Extens\u00f3metros de cuerda vibrante - Sisgeo\",\"isPartOf\":{\"@id\":\"https:\/\/sisgeo.com\/es\/#website\"},\"primaryImageOfPage\":{\"@id\":\"https:\/\/sisgeo.com\/es\/productos\/extensometros-de-cuerda-vibrante\/#primaryimage\"},\"image\":{\"@id\":\"https:\/\/sisgeo.com\/es\/productos\/extensometros-de-cuerda-vibrante\/#primaryimage\"},\"thumbnailUrl\":\"https:\/\/sisgeo.com\/wp-content\/uploads\/2025\/02\/12_STRAIN-GAUGES.jpg\",\"datePublished\":\"2023-07-27T08:39:49+00:00\",\"dateModified\":\"2025-02-27T08:24:49+00:00\",\"breadcrumb\":{\"@id\":\"https:\/\/sisgeo.com\/es\/productos\/extensometros-de-cuerda-vibrante\/#breadcrumb\"},\"inLanguage\":\"es\",\"potentialAction\":[{\"@type\":\"ReadAction\",\"target\":[\"https:\/\/sisgeo.com\/es\/productos\/extensometros-de-cuerda-vibrante\/\"]}]},{\"@type\":\"ImageObject\",\"inLanguage\":\"es\",\"@id\":\"https:\/\/sisgeo.com\/es\/productos\/extensometros-de-cuerda-vibrante\/#primaryimage\",\"url\":\"https:\/\/sisgeo.com\/wp-content\/uploads\/2025\/02\/12_STRAIN-GAUGES.jpg\",\"contentUrl\":\"https:\/\/sisgeo.com\/wp-content\/uploads\/2025\/02\/12_STRAIN-GAUGES.jpg\",\"width\":294,\"height\":164},{\"@type\":\"BreadcrumbList\",\"@id\":\"https:\/\/sisgeo.com\/es\/productos\/extensometros-de-cuerda-vibrante\/#breadcrumb\",\"itemListElement\":[{\"@type\":\"ListItem\",\"position\":1,\"name\":\"Home\",\"item\":\"https:\/\/sisgeo.com\/es\/geotechnical-and-structural-instrumentation-for-shm\/\"},{\"@type\":\"ListItem\",\"position\":2,\"name\":\"Productos\",\"item\":\"https:\/\/sisgeo.com\/es\/productos\/\"},{\"@type\":\"ListItem\",\"position\":3,\"name\":\"Extens\u00f3metros de cuerda vibrante\"}]},{\"@type\":\"WebSite\",\"@id\":\"https:\/\/sisgeo.com\/es\/#website\",\"url\":\"https:\/\/sisgeo.com\/es\/\",\"name\":\"Sisgeo\",\"description\":\"Inclined to improvement\",\"publisher\":{\"@id\":\"https:\/\/sisgeo.com\/es\/#organization\"},\"potentialAction\":[{\"@type\":\"SearchAction\",\"target\":{\"@type\":\"EntryPoint\",\"urlTemplate\":\"https:\/\/sisgeo.com\/es\/?s={search_term_string}\"},\"query-input\":{\"@type\":\"PropertyValueSpecification\",\"valueRequired\":true,\"valueName\":\"search_term_string\"}}],\"inLanguage\":\"es\"},{\"@type\":\"Organization\",\"@id\":\"https:\/\/sisgeo.com\/es\/#organization\",\"name\":\"Sisgeo S.r.l.\",\"url\":\"https:\/\/sisgeo.com\/es\/\",\"logo\":{\"@type\":\"ImageObject\",\"inLanguage\":\"es\",\"@id\":\"https:\/\/sisgeo.com\/es\/#\/schema\/logo\/image\/\",\"url\":\"https:\/\/sisgeodev.pipehosting.it\/wp-content\/uploads\/2023\/06\/logo-RGB.png\",\"contentUrl\":\"https:\/\/sisgeodev.pipehosting.it\/wp-content\/uploads\/2023\/06\/logo-RGB.png\",\"width\":205,\"height\":97,\"caption\":\"Sisgeo S.r.l.\"},\"image\":{\"@id\":\"https:\/\/sisgeo.com\/es\/#\/schema\/logo\/image\/\"}}]}<\/script>\n<!-- \/ Yoast SEO Premium plugin. -->","yoast_head_json":{"title":"Extens\u00f3metros de cuerda vibrante - Sisgeo","robots":{"index":"index","follow":"follow","max-snippet":"max-snippet:-1","max-image-preview":"max-image-preview:large","max-video-preview":"max-video-preview:-1"},"canonical":"https:\/\/sisgeo.com\/es\/productos\/extensometros-de-cuerda-vibrante\/","og_locale":"es_ES","og_type":"article","og_title":"Extens\u00f3metros de cuerda vibrante","og_description":"Los extens\u00f3metros de cuerda vibrante se utilizan ampliamente en el control estructural y geot\u00e9cnico para medir las tensiones y deformaciones de diversos componentes de una estructura. Las galgas extensom\u00e9tricas de cuerda vibrante ofrecen varias ventajas, una de las m\u00e1s importantes es su durabilidad. Gracias a la tecnolog\u00eda de cuerda vibrante, las galgas extensom\u00e9tricas VW son [&hellip;]","og_url":"https:\/\/sisgeo.com\/es\/productos\/extensometros-de-cuerda-vibrante\/","og_site_name":"Sisgeo","article_modified_time":"2025-02-27T08:24:49+00:00","og_image":[{"width":294,"height":164,"url":"https:\/\/sisgeo.com\/wp-content\/uploads\/2025\/02\/12_STRAIN-GAUGES.jpg","type":"image\/jpeg"}],"twitter_card":"summary_large_image","twitter_misc":{"Tiempo de lectura":"2 minutos"},"schema":{"@context":"https:\/\/schema.org","@graph":[{"@type":"WebPage","@id":"https:\/\/sisgeo.com\/es\/productos\/extensometros-de-cuerda-vibrante\/","url":"https:\/\/sisgeo.com\/es\/productos\/extensometros-de-cuerda-vibrante\/","name":"Extens\u00f3metros de cuerda vibrante - Sisgeo","isPartOf":{"@id":"https:\/\/sisgeo.com\/es\/#website"},"primaryImageOfPage":{"@id":"https:\/\/sisgeo.com\/es\/productos\/extensometros-de-cuerda-vibrante\/#primaryimage"},"image":{"@id":"https:\/\/sisgeo.com\/es\/productos\/extensometros-de-cuerda-vibrante\/#primaryimage"},"thumbnailUrl":"https:\/\/sisgeo.com\/wp-content\/uploads\/2025\/02\/12_STRAIN-GAUGES.jpg","datePublished":"2023-07-27T08:39:49+00:00","dateModified":"2025-02-27T08:24:49+00:00","breadcrumb":{"@id":"https:\/\/sisgeo.com\/es\/productos\/extensometros-de-cuerda-vibrante\/#breadcrumb"},"inLanguage":"es","potentialAction":[{"@type":"ReadAction","target":["https:\/\/sisgeo.com\/es\/productos\/extensometros-de-cuerda-vibrante\/"]}]},{"@type":"ImageObject","inLanguage":"es","@id":"https:\/\/sisgeo.com\/es\/productos\/extensometros-de-cuerda-vibrante\/#primaryimage","url":"https:\/\/sisgeo.com\/wp-content\/uploads\/2025\/02\/12_STRAIN-GAUGES.jpg","contentUrl":"https:\/\/sisgeo.com\/wp-content\/uploads\/2025\/02\/12_STRAIN-GAUGES.jpg","width":294,"height":164},{"@type":"BreadcrumbList","@id":"https:\/\/sisgeo.com\/es\/productos\/extensometros-de-cuerda-vibrante\/#breadcrumb","itemListElement":[{"@type":"ListItem","position":1,"name":"Home","item":"https:\/\/sisgeo.com\/es\/geotechnical-and-structural-instrumentation-for-shm\/"},{"@type":"ListItem","position":2,"name":"Productos","item":"https:\/\/sisgeo.com\/es\/productos\/"},{"@type":"ListItem","position":3,"name":"Extens\u00f3metros de cuerda vibrante"}]},{"@type":"WebSite","@id":"https:\/\/sisgeo.com\/es\/#website","url":"https:\/\/sisgeo.com\/es\/","name":"Sisgeo","description":"Inclined to improvement","publisher":{"@id":"https:\/\/sisgeo.com\/es\/#organization"},"potentialAction":[{"@type":"SearchAction","target":{"@type":"EntryPoint","urlTemplate":"https:\/\/sisgeo.com\/es\/?s={search_term_string}"},"query-input":{"@type":"PropertyValueSpecification","valueRequired":true,"valueName":"search_term_string"}}],"inLanguage":"es"},{"@type":"Organization","@id":"https:\/\/sisgeo.com\/es\/#organization","name":"Sisgeo S.r.l.","url":"https:\/\/sisgeo.com\/es\/","logo":{"@type":"ImageObject","inLanguage":"es","@id":"https:\/\/sisgeo.com\/es\/#\/schema\/logo\/image\/","url":"https:\/\/sisgeodev.pipehosting.it\/wp-content\/uploads\/2023\/06\/logo-RGB.png","contentUrl":"https:\/\/sisgeodev.pipehosting.it\/wp-content\/uploads\/2023\/06\/logo-RGB.png","width":205,"height":97,"caption":"Sisgeo S.r.l."},"image":{"@id":"https:\/\/sisgeo.com\/es\/#\/schema\/logo\/image\/"}}]}},"_links":{"self":[{"href":"https:\/\/sisgeo.com\/es\/wp-json\/wp\/v2\/pages\/20895","targetHints":{"allow":["GET"]}}],"collection":[{"href":"https:\/\/sisgeo.com\/es\/wp-json\/wp\/v2\/pages"}],"about":[{"href":"https:\/\/sisgeo.com\/es\/wp-json\/wp\/v2\/types\/page"}],"author":[{"embeddable":true,"href":"https:\/\/sisgeo.com\/es\/wp-json\/wp\/v2\/users\/1"}],"replies":[{"embeddable":true,"href":"https:\/\/sisgeo.com\/es\/wp-json\/wp\/v2\/comments?post=20895"}],"version-history":[{"count":2,"href":"https:\/\/sisgeo.com\/es\/wp-json\/wp\/v2\/pages\/20895\/revisions"}],"predecessor-version":[{"id":28268,"href":"https:\/\/sisgeo.com\/es\/wp-json\/wp\/v2\/pages\/20895\/revisions\/28268"}],"up":[{"embeddable":true,"href":"https:\/\/sisgeo.com\/es\/wp-json\/wp\/v2\/pages\/20244"}],"wp:featuredmedia":[{"embeddable":true,"href":"https:\/\/sisgeo.com\/es\/wp-json\/wp\/v2\/media\/28249"}],"wp:attachment":[{"href":"https:\/\/sisgeo.com\/es\/wp-json\/wp\/v2\/media?parent=20895"}],"wp:term":[{"taxonomy":"category","embeddable":true,"href":"https:\/\/sisgeo.com\/es\/wp-json\/wp\/v2\/categories?post=20895"},{"taxonomy":"post_tag","embeddable":true,"href":"https:\/\/sisgeo.com\/es\/wp-json\/wp\/v2\/tags?post=20895"}],"curies":[{"name":"wp","href":"https:\/\/api.w.org\/{rel}","templated":true}]}}