{"id":20926,"date":"2023-07-27T10:14:27","date_gmt":"2023-07-27T08:14:27","guid":{"rendered":"https:\/\/sisgeo.com\/productos\/clinometros\/"},"modified":"2024-10-08T16:58:58","modified_gmt":"2024-10-08T14:58:58","slug":"clinometros","status":"publish","type":"page","link":"https:\/\/sisgeo.com\/es\/productos\/clinometros\/","title":{"rendered":"Clin\u00f3metros"},"content":{"rendered":"\t\t<div data-elementor-type=\"wp-page\" data-elementor-id=\"20926\" class=\"elementor elementor-20926 elementor-3889\" data-elementor-post-type=\"page\">\n\t\t\t\t<div class=\"elementor-element elementor-element-7a63a93 e-flex e-con-boxed e-con e-parent\" data-id=\"7a63a93\" data-element_type=\"container\" data-e-type=\"container\">\n\t\t\t\t\t<div class=\"e-con-inner\">\n\t\t\t\t<div class=\"elementor-element elementor-element-99defb4 elementor-widget elementor-widget-text-editor\" data-id=\"99defb4\" data-element_type=\"widget\" data-e-type=\"widget\" data-widget_type=\"text-editor.default\">\n\t\t\t\t<div class=\"elementor-widget-container\">\n\t\t\t\t\t\t\t\t\t<p>Los clin\u00f3metros son instrumentos utilizados para medir la inclinaci\u00f3n o el desplazamiento angular de una superficie u objeto. Se utilizan habitualmente en el monitoreo geot\u00e9cnico, la estructural, la SHM y otras aplicaciones en las que es importante supervisar los cambios de inclinaci\u00f3n. <\/p>\n\t\t\t\t\t\t\t\t<\/div>\n\t\t\t\t<\/div>\n\t\t\t\t<div class=\"elementor-element elementor-element-8a09a03 elementor-widget elementor-widget-accordion\" data-id=\"8a09a03\" data-element_type=\"widget\" data-e-type=\"widget\" data-widget_type=\"accordion.default\">\n\t\t\t\t<div class=\"elementor-widget-container\">\n\t\t\t\t\t\t\t<div class=\"elementor-accordion\">\n\t\t\t\t\t\t\t<div class=\"elementor-accordion-item\">\n\t\t\t\t\t<div id=\"elementor-tab-title-1441\" class=\"elementor-tab-title\" data-tab=\"1\" role=\"button\" aria-controls=\"elementor-tab-content-1441\" aria-expanded=\"false\">\n\t\t\t\t\t\t\t\t\t\t\t\t\t<span class=\"elementor-accordion-icon elementor-accordion-icon-right\" aria-hidden=\"true\">\n\t\t\t\t\t\t\t\t\t\t\t\t\t\t\t<span class=\"elementor-accordion-icon-closed\"><svg xmlns=\"http:\/\/www.w3.org\/2000\/svg\" width=\"29\" height=\"16\" viewBox=\"0 0 29 16\" fill=\"none\"><path fill-rule=\"evenodd\" clip-rule=\"evenodd\" d=\"M27.25 0L14.375 13.038L1.5 0L0 1.5L14.4 15.9L28.749 1.5L27.25 0Z\" fill=\"#E4002B\"><\/path><\/svg><\/span>\n\t\t\t\t\t\t\t\t<span class=\"elementor-accordion-icon-opened\"><svg xmlns=\"http:\/\/www.w3.org\/2000\/svg\" width=\"29\" height=\"14\" viewBox=\"0 0 29 14\" fill=\"none\"><path fill-rule=\"evenodd\" clip-rule=\"evenodd\" d=\"M1.49902 13.1885L14.374 2.61651L27.249 13.1885L28.749 11.9722L14.349 0.295833L2.28882e-05 11.9722L1.49902 13.1885Z\" fill=\"#E4002B\"><\/path><\/svg><\/span>\n\t\t\t\t\t\t\t\t\t\t\t\t\t\t<\/span>\n\t\t\t\t\t\t\t\t\t\t\t\t<a class=\"elementor-accordion-title\" tabindex=\"0\">M\u00e1s sobre este tema<\/a>\n\t\t\t\t\t<\/div>\n\t\t\t\t\t<div id=\"elementor-tab-content-1441\" class=\"elementor-tab-content elementor-clearfix\" data-tab=\"1\" role=\"region\" aria-labelledby=\"elementor-tab-title-1441\"><p>Los clin\u00f3metros est\u00e1n dise\u00f1ados para detectar incluso peque\u00f1os cambios de inclinaci\u00f3n, proporcionando datos valiosos para evaluar la estabilidad, la deformaci\u00f3n y el comportamiento de edificios, puentes, presas, torres y otras estructuras. Los clin\u00f3metros son especialmente \u00fatiles para controlar el rendimiento y el movimiento a largo plazo de las estructuras. <\/p>\n<p>Los inclin\u00f3metros est\u00e1n disponibles en diferentes modelos: con un sensor biaxial anal\u00f3gico o un sensor triaxial digital con tecnolog\u00eda de 360\u00b0.<br><\/p>\n<p>El LT-Inclibus es una serie de inclin\u00f3metros digitales. El LT-Inclibus puede ser embebido en suelo u hormig\u00f3n. <\/p>\n<p>Para el monitoreo de la inclinaci\u00f3n estructural, el clin\u00f3metro port\u00e1til TILLI, es la soluci\u00f3n \u00f3ptima. Coloque el TILLI en la placa de medici\u00f3n preinstalada y realice una lectura con la unidad de lectura port\u00e1til. <\/p><\/div>\n\t\t\t\t<\/div>\n\t\t\t\t\t\t\t\t<\/div>\n\t\t\t\t\t\t<\/div>\n\t\t\t\t<\/div>\n\t\t\t\t<div class=\"elementor-element elementor-element-58a3ecd dce-posts-layout-default dce-col-4 dce-col-tablet-3 dce-col-mobile-1 dce-align-left elementor-widget elementor-widget-dce-dynamicposts-v2\" data-id=\"58a3ecd\" data-element_type=\"widget\" data-e-type=\"widget\" data-settings=\"{&quot;style_items&quot;:&quot;default&quot;,&quot;grid_grid_type&quot;:&quot;flex&quot;}\" data-widget_type=\"dce-dynamicposts-v2.grid\">\n\t\t\t\t<div class=\"elementor-widget-container\">\n\t\t\t\t\t\n\t\t<div class=\"dce-fix-background-loop dce-posts-container dce-posts dce-dynamic-posts-collection  dce-skin-grid dce-skin-grid-flex\">\n\t\t\t\t\t\t<div class=\"dce-posts-wrapper dce-wrapper-grid\">\n\t\t\t\n\t\t<article class=\"post-20933 page type-page status-publish has-post-thumbnail hentry category-clinometros category-tiltmeters dce-post dce-post-item dce-item-grid\" data-dce-post-id=\"20933\" data-dce-post-index=\"0\">\n\t\t\t<div class=\"dce-post-block elementor-animation-grow\">\n\t\t<div class=\"dce-item dce-item_image elementor-repeater-item-9ee1dae\"><a class=\"dce-post-image\" href=\"https:\/\/sisgeo.com\/es\/productos\/clinometros\/360-tiltmeter-clinometros-digitales-con-tecnologia-mems\/\"><figure  class=\"dce-img\"><img fetchpriority=\"high\" decoding=\"async\" width=\"960\" height=\"540\" src=\"https:\/\/sisgeo.com\/wp-content\/uploads\/2024\/10\/0_Tiltmeter-sisgeo-360.jpg\" class=\"\" alt=\"360\u00b0 Tiltmeter \u2013 clin\u00f3metros digitales con tecnolog\u00eda MEMS\" srcset=\"https:\/\/sisgeo.com\/wp-content\/uploads\/2024\/10\/0_Tiltmeter-sisgeo-360.jpg 960w, https:\/\/sisgeo.com\/wp-content\/uploads\/2024\/10\/0_Tiltmeter-sisgeo-360-300x169.jpg 300w, https:\/\/sisgeo.com\/wp-content\/uploads\/2024\/10\/0_Tiltmeter-sisgeo-360-768x432.jpg 768w\" sizes=\"(max-width: 960px) 100vw, 960px\" \/><\/figure><\/a><\/div><div class=\"dce-item dce-item_title elementor-repeater-item-b433209\"><h5 class=\"dce-post-title\"><a href=\"https:\/\/sisgeo.com\/es\/productos\/clinometros\/360-tiltmeter-clinometros-digitales-con-tecnologia-mems\/\">360\u00b0 Tiltmeter \u2013 clin\u00f3metros digitales con tecnolog\u00eda MEMS<\/a><\/h5><\/div><div class=\"dce-item dce-item_readmore elementor-repeater-item-ef0e5ce\">\t\t<div class=\"dce-post-button\">\n\t\t\t<a href=\"https:\/\/sisgeo.com\/es\/productos\/clinometros\/360-tiltmeter-clinometros-digitales-con-tecnologia-mems\/\" class=\"elementor-button-link elementor-button dce-button elementor-size-sm\" role=\"button\" >\n\t\t\t<div class=\"align-middle\"><span>M\u00e1s informaci\u00f3n<\/span><img decoding=\"async\" src=\"https:\/\/sisgeo.com\/wp-content\/uploads\/2023\/05\/arrow_red.png\"><\/div>\t\t\t<\/a>\n\t\t<\/div>\n\t\t<\/div>\t\t\t<\/div>\n\t\t<\/article>\n\t\t\n\t\t<article class=\"post-20942 page type-page status-publish has-post-thumbnail hentry category-clinometros category-clinometros-analogicos dce-post dce-post-item dce-item-grid\" data-dce-post-id=\"20942\" data-dce-post-index=\"1\">\n\t\t\t<div class=\"dce-post-block elementor-animation-grow\">\n\t\t<div class=\"dce-item dce-item_image elementor-repeater-item-9ee1dae\"><a class=\"dce-post-image\" href=\"https:\/\/sisgeo.com\/es\/productos\/clinometros\/clinometros-analogicos\/\"><figure  class=\"dce-img\"><img decoding=\"async\" width=\"960\" height=\"540\" src=\"https:\/\/sisgeo.com\/wp-content\/uploads\/2023\/08\/0_mems_analogue_tiltmeter_sisgeo_a8d277.png\" class=\"\" alt=\"Clin\u00f3metros anal\u00f3gicos\" srcset=\"https:\/\/sisgeo.com\/wp-content\/uploads\/2023\/08\/0_mems_analogue_tiltmeter_sisgeo_a8d277.png 960w, https:\/\/sisgeo.com\/wp-content\/uploads\/2023\/08\/0_mems_analogue_tiltmeter_sisgeo_a8d277-300x169.png 300w, https:\/\/sisgeo.com\/wp-content\/uploads\/2023\/08\/0_mems_analogue_tiltmeter_sisgeo_a8d277-768x432.png 768w\" sizes=\"(max-width: 960px) 100vw, 960px\" \/><\/figure><\/a><\/div><div class=\"dce-item dce-item_title elementor-repeater-item-b433209\"><h5 class=\"dce-post-title\"><a href=\"https:\/\/sisgeo.com\/es\/productos\/clinometros\/clinometros-analogicos\/\">Clin\u00f3metros anal\u00f3gicos<\/a><\/h5><\/div><div class=\"dce-item dce-item_readmore elementor-repeater-item-ef0e5ce\">\t\t<div class=\"dce-post-button\">\n\t\t\t<a href=\"https:\/\/sisgeo.com\/es\/productos\/clinometros\/clinometros-analogicos\/\" class=\"elementor-button-link elementor-button dce-button elementor-size-sm\" role=\"button\" >\n\t\t\t<div class=\"align-middle\"><span>M\u00e1s informaci\u00f3n<\/span><img decoding=\"async\" src=\"https:\/\/sisgeo.com\/wp-content\/uploads\/2023\/05\/arrow_red.png\"><\/div>\t\t\t<\/a>\n\t\t<\/div>\n\t\t<\/div>\t\t\t<\/div>\n\t\t<\/article>\n\t\t\n\t\t<article class=\"post-20956 page type-page status-publish has-post-thumbnail hentry category-clinometros category-sensores-tilt-beam-tb dce-post dce-post-item dce-item-grid\" data-dce-post-id=\"20956\" data-dce-post-index=\"2\">\n\t\t\t<div class=\"dce-post-block elementor-animation-grow\">\n\t\t<div class=\"dce-item dce-item_image elementor-repeater-item-9ee1dae\"><a class=\"dce-post-image\" href=\"https:\/\/sisgeo.com\/es\/productos\/clinometros\/sensores-tilt-beam-tb\/\"><figure  class=\"dce-img\"><img decoding=\"async\" width=\"2560\" height=\"1440\" src=\"https:\/\/sisgeo.com\/wp-content\/uploads\/2024\/10\/tilt-beams-sisgeo-inclinometers-0-scaled.jpg\" class=\"\" alt=\"Sensores Tilt Beam (TB)\" srcset=\"https:\/\/sisgeo.com\/wp-content\/uploads\/2024\/10\/tilt-beams-sisgeo-inclinometers-0-scaled.jpg 2560w, https:\/\/sisgeo.com\/wp-content\/uploads\/2024\/10\/tilt-beams-sisgeo-inclinometers-0-300x169.jpg 300w, https:\/\/sisgeo.com\/wp-content\/uploads\/2024\/10\/tilt-beams-sisgeo-inclinometers-0-1024x576.jpg 1024w, https:\/\/sisgeo.com\/wp-content\/uploads\/2024\/10\/tilt-beams-sisgeo-inclinometers-0-768x432.jpg 768w, https:\/\/sisgeo.com\/wp-content\/uploads\/2024\/10\/tilt-beams-sisgeo-inclinometers-0-1536x864.jpg 1536w, https:\/\/sisgeo.com\/wp-content\/uploads\/2024\/10\/tilt-beams-sisgeo-inclinometers-0-2048x1152.jpg 2048w\" sizes=\"(max-width: 2560px) 100vw, 2560px\" \/><\/figure><\/a><\/div><div class=\"dce-item dce-item_title elementor-repeater-item-b433209\"><h5 class=\"dce-post-title\"><a href=\"https:\/\/sisgeo.com\/es\/productos\/clinometros\/sensores-tilt-beam-tb\/\">Sensores Tilt Beam (TB)<\/a><\/h5><\/div><div class=\"dce-item dce-item_readmore elementor-repeater-item-ef0e5ce\">\t\t<div class=\"dce-post-button\">\n\t\t\t<a href=\"https:\/\/sisgeo.com\/es\/productos\/clinometros\/sensores-tilt-beam-tb\/\" class=\"elementor-button-link elementor-button dce-button elementor-size-sm\" role=\"button\" >\n\t\t\t<div class=\"align-middle\"><span>M\u00e1s informaci\u00f3n<\/span><img decoding=\"async\" src=\"https:\/\/sisgeo.com\/wp-content\/uploads\/2023\/05\/arrow_red.png\"><\/div>\t\t\t<\/a>\n\t\t<\/div>\n\t\t<\/div>\t\t\t<\/div>\n\t\t<\/article>\n\t\t\n\t\t<article class=\"post-20565 page type-page status-publish has-post-thumbnail hentry category-clinometros category-inclinometros-in-situ-ipi category-lt-inclibus-es-2 category-lt-inclibus-es dce-post dce-post-item dce-item-grid\" data-dce-post-id=\"20565\" data-dce-post-index=\"3\">\n\t\t\t<div class=\"dce-post-block elementor-animation-grow\">\n\t\t<div class=\"dce-item dce-item_image elementor-repeater-item-9ee1dae\"><a class=\"dce-post-image\" href=\"https:\/\/sisgeo.com\/es\/productos\/inclinometros-in-situ-ipi\/360-lt-inclibus-array\/\"><figure  class=\"dce-img\"><img loading=\"lazy\" decoding=\"async\" width=\"960\" height=\"540\" src=\"https:\/\/sisgeo.com\/wp-content\/uploads\/2024\/10\/0_LT-Inclibus-array-inclinometer.jpg\" class=\"\" alt=\"360\u00b0 LT-Inclibus array\" srcset=\"https:\/\/sisgeo.com\/wp-content\/uploads\/2024\/10\/0_LT-Inclibus-array-inclinometer.jpg 960w, https:\/\/sisgeo.com\/wp-content\/uploads\/2024\/10\/0_LT-Inclibus-array-inclinometer-300x169.jpg 300w, https:\/\/sisgeo.com\/wp-content\/uploads\/2024\/10\/0_LT-Inclibus-array-inclinometer-768x432.jpg 768w\" sizes=\"(max-width: 960px) 100vw, 960px\" \/><\/figure><\/a><\/div><div class=\"dce-item dce-item_title elementor-repeater-item-b433209\"><h5 class=\"dce-post-title\"><a href=\"https:\/\/sisgeo.com\/es\/productos\/inclinometros-in-situ-ipi\/360-lt-inclibus-array\/\">360\u00b0 LT-Inclibus array<\/a><\/h5><\/div><div class=\"dce-item dce-item_readmore elementor-repeater-item-ef0e5ce\">\t\t<div class=\"dce-post-button\">\n\t\t\t<a href=\"https:\/\/sisgeo.com\/es\/productos\/inclinometros-in-situ-ipi\/360-lt-inclibus-array\/\" class=\"elementor-button-link elementor-button dce-button elementor-size-sm\" role=\"button\" >\n\t\t\t<div class=\"align-middle\"><span>M\u00e1s informaci\u00f3n<\/span><img decoding=\"async\" src=\"https:\/\/sisgeo.com\/wp-content\/uploads\/2023\/05\/arrow_red.png\"><\/div>\t\t\t<\/a>\n\t\t<\/div>\n\t\t<\/div>\t\t\t<\/div>\n\t\t<\/article>\n\t\t\n\t\t<article class=\"post-20949 page type-page status-publish has-post-thumbnail hentry category-clinometro-portatil-tilli category-clinometros dce-post dce-post-item dce-item-grid\" data-dce-post-id=\"20949\" data-dce-post-index=\"4\">\n\t\t\t<div class=\"dce-post-block elementor-animation-grow\">\n\t\t<div class=\"dce-item dce-item_image elementor-repeater-item-9ee1dae\"><a class=\"dce-post-image\" href=\"https:\/\/sisgeo.com\/es\/productos\/clinometros\/clinometro-portatil-tilli\/\"><figure  class=\"dce-img\"><img loading=\"lazy\" decoding=\"async\" width=\"960\" height=\"540\" src=\"https:\/\/sisgeo.com\/wp-content\/uploads\/2023\/08\/tilli_portable_tilmeter_00_render_sisgeo_d9a8146ce1927c3c.png\" class=\"\" alt=\"Clin\u00f3metro port\u00e1til TILLI\" srcset=\"https:\/\/sisgeo.com\/wp-content\/uploads\/2023\/08\/tilli_portable_tilmeter_00_render_sisgeo_d9a8146ce1927c3c.png 960w, https:\/\/sisgeo.com\/wp-content\/uploads\/2023\/08\/tilli_portable_tilmeter_00_render_sisgeo_d9a8146ce1927c3c-300x169.png 300w, https:\/\/sisgeo.com\/wp-content\/uploads\/2023\/08\/tilli_portable_tilmeter_00_render_sisgeo_d9a8146ce1927c3c-768x432.png 768w\" sizes=\"(max-width: 960px) 100vw, 960px\" \/><\/figure><\/a><\/div><div class=\"dce-item dce-item_title elementor-repeater-item-b433209\"><h5 class=\"dce-post-title\"><a href=\"https:\/\/sisgeo.com\/es\/productos\/clinometros\/clinometro-portatil-tilli\/\">Clin\u00f3metro port\u00e1til TILLI<\/a><\/h5><\/div><div class=\"dce-item dce-item_readmore elementor-repeater-item-ef0e5ce\">\t\t<div class=\"dce-post-button\">\n\t\t\t<a href=\"https:\/\/sisgeo.com\/es\/productos\/clinometros\/clinometro-portatil-tilli\/\" class=\"elementor-button-link elementor-button dce-button elementor-size-sm\" role=\"button\" >\n\t\t\t<div class=\"align-middle\"><span>M\u00e1s informaci\u00f3n<\/span><img decoding=\"async\" src=\"https:\/\/sisgeo.com\/wp-content\/uploads\/2023\/05\/arrow_red.png\"><\/div>\t\t\t<\/a>\n\t\t<\/div>\n\t\t<\/div>\t\t\t<\/div>\n\t\t<\/article>\n\t\t\t\t\t<\/div>\n\t\t\t\t\t<\/div>\n\t\t\t\t\t\t<\/div>\n\t\t\t\t<\/div>\n\t\t\t\t\t<\/div>\n\t\t\t\t<\/div>\n\t\t\t\t<\/div>\n\t\t","protected":false},"excerpt":{"rendered":"<p>Los clin\u00f3metros son instrumentos utilizados para medir la inclinaci\u00f3n o el desplazamiento angular de una superficie u objeto. Se utilizan habitualmente en el monitoreo geot\u00e9cnico, la estructural, la SHM y otras aplicaciones en las que es importante supervisar los cambios de inclinaci\u00f3n. M\u00e1s sobre este tema Los clin\u00f3metros est\u00e1n dise\u00f1ados para detectar incluso peque\u00f1os cambios [&hellip;]<\/p>\n","protected":false},"author":1,"featured_media":26075,"parent":20244,"menu_order":0,"comment_status":"closed","ping_status":"closed","template":"","meta":{"footnotes":""},"categories":[216,41],"tags":[],"class_list":["post-20926","page","type-page","status-publish","has-post-thumbnail","hentry","category-products-es-2","category-products"],"yoast_head":"<!-- This site is optimized with the Yoast SEO Premium plugin v27.2 (Yoast SEO v27.2) - https:\/\/yoast.com\/product\/yoast-seo-premium-wordpress\/ -->\n<title>Clin\u00f3metros - Sisgeo<\/title>\n<meta name=\"robots\" content=\"index, follow, max-snippet:-1, max-image-preview:large, max-video-preview:-1\" \/>\n<link rel=\"canonical\" href=\"https:\/\/sisgeo.com\/es\/productos\/clinometros\/\" \/>\n<meta property=\"og:locale\" content=\"es_ES\" \/>\n<meta property=\"og:type\" content=\"article\" \/>\n<meta property=\"og:title\" content=\"Clin\u00f3metros\" \/>\n<meta property=\"og:description\" content=\"Los clin\u00f3metros son instrumentos utilizados para medir la inclinaci\u00f3n o el desplazamiento angular de una superficie u objeto. Se utilizan habitualmente en el monitoreo geot\u00e9cnico, la estructural, la SHM y otras aplicaciones en las que es importante supervisar los cambios de inclinaci\u00f3n. M\u00e1s sobre este tema Los clin\u00f3metros est\u00e1n dise\u00f1ados para detectar incluso peque\u00f1os cambios [&hellip;]\" \/>\n<meta property=\"og:url\" content=\"https:\/\/sisgeo.com\/es\/productos\/clinometros\/\" \/>\n<meta property=\"og:site_name\" content=\"Sisgeo\" \/>\n<meta property=\"article:modified_time\" content=\"2024-10-08T14:58:58+00:00\" \/>\n<meta property=\"og:image\" content=\"https:\/\/sisgeo.com\/wp-content\/uploads\/2024\/10\/0_Tiltmeter-sisgeo-360.jpg\" \/>\n\t<meta property=\"og:image:width\" content=\"960\" \/>\n\t<meta property=\"og:image:height\" content=\"540\" \/>\n\t<meta property=\"og:image:type\" content=\"image\/jpeg\" \/>\n<meta name=\"twitter:card\" content=\"summary_large_image\" \/>\n<meta name=\"twitter:label1\" content=\"Tiempo de lectura\" \/>\n\t<meta name=\"twitter:data1\" content=\"3 minutos\" \/>\n<script type=\"application\/ld+json\" class=\"yoast-schema-graph\">{\"@context\":\"https:\/\/schema.org\",\"@graph\":[{\"@type\":\"WebPage\",\"@id\":\"https:\/\/sisgeo.com\/es\/productos\/clinometros\/\",\"url\":\"https:\/\/sisgeo.com\/es\/productos\/clinometros\/\",\"name\":\"Clin\u00f3metros - Sisgeo\",\"isPartOf\":{\"@id\":\"https:\/\/sisgeo.com\/es\/#website\"},\"primaryImageOfPage\":{\"@id\":\"https:\/\/sisgeo.com\/es\/productos\/clinometros\/#primaryimage\"},\"image\":{\"@id\":\"https:\/\/sisgeo.com\/es\/productos\/clinometros\/#primaryimage\"},\"thumbnailUrl\":\"https:\/\/sisgeo.com\/wp-content\/uploads\/2024\/10\/0_Tiltmeter-sisgeo-360.jpg\",\"datePublished\":\"2023-07-27T08:14:27+00:00\",\"dateModified\":\"2024-10-08T14:58:58+00:00\",\"breadcrumb\":{\"@id\":\"https:\/\/sisgeo.com\/es\/productos\/clinometros\/#breadcrumb\"},\"inLanguage\":\"es\",\"potentialAction\":[{\"@type\":\"ReadAction\",\"target\":[\"https:\/\/sisgeo.com\/es\/productos\/clinometros\/\"]}]},{\"@type\":\"ImageObject\",\"inLanguage\":\"es\",\"@id\":\"https:\/\/sisgeo.com\/es\/productos\/clinometros\/#primaryimage\",\"url\":\"https:\/\/sisgeo.com\/wp-content\/uploads\/2024\/10\/0_Tiltmeter-sisgeo-360.jpg\",\"contentUrl\":\"https:\/\/sisgeo.com\/wp-content\/uploads\/2024\/10\/0_Tiltmeter-sisgeo-360.jpg\",\"width\":960,\"height\":540,\"caption\":\"This is a digital MEMS tiltmeter for structural health monitoring, calibration with 360\u00b0 technology\"},{\"@type\":\"BreadcrumbList\",\"@id\":\"https:\/\/sisgeo.com\/es\/productos\/clinometros\/#breadcrumb\",\"itemListElement\":[{\"@type\":\"ListItem\",\"position\":1,\"name\":\"Home\",\"item\":\"https:\/\/sisgeo.com\/es\/geotechnical-and-structural-instrumentation-for-shm\/\"},{\"@type\":\"ListItem\",\"position\":2,\"name\":\"Productos\",\"item\":\"https:\/\/sisgeo.com\/es\/productos\/\"},{\"@type\":\"ListItem\",\"position\":3,\"name\":\"Clin\u00f3metros\"}]},{\"@type\":\"WebSite\",\"@id\":\"https:\/\/sisgeo.com\/es\/#website\",\"url\":\"https:\/\/sisgeo.com\/es\/\",\"name\":\"Sisgeo\",\"description\":\"Inclined to improvement\",\"publisher\":{\"@id\":\"https:\/\/sisgeo.com\/es\/#organization\"},\"potentialAction\":[{\"@type\":\"SearchAction\",\"target\":{\"@type\":\"EntryPoint\",\"urlTemplate\":\"https:\/\/sisgeo.com\/es\/?s={search_term_string}\"},\"query-input\":{\"@type\":\"PropertyValueSpecification\",\"valueRequired\":true,\"valueName\":\"search_term_string\"}}],\"inLanguage\":\"es\"},{\"@type\":\"Organization\",\"@id\":\"https:\/\/sisgeo.com\/es\/#organization\",\"name\":\"Sisgeo S.r.l.\",\"url\":\"https:\/\/sisgeo.com\/es\/\",\"logo\":{\"@type\":\"ImageObject\",\"inLanguage\":\"es\",\"@id\":\"https:\/\/sisgeo.com\/es\/#\/schema\/logo\/image\/\",\"url\":\"https:\/\/sisgeodev.pipehosting.it\/wp-content\/uploads\/2023\/06\/logo-RGB.png\",\"contentUrl\":\"https:\/\/sisgeodev.pipehosting.it\/wp-content\/uploads\/2023\/06\/logo-RGB.png\",\"width\":205,\"height\":97,\"caption\":\"Sisgeo S.r.l.\"},\"image\":{\"@id\":\"https:\/\/sisgeo.com\/es\/#\/schema\/logo\/image\/\"}}]}<\/script>\n<!-- \/ Yoast SEO Premium plugin. -->","yoast_head_json":{"title":"Clin\u00f3metros - Sisgeo","robots":{"index":"index","follow":"follow","max-snippet":"max-snippet:-1","max-image-preview":"max-image-preview:large","max-video-preview":"max-video-preview:-1"},"canonical":"https:\/\/sisgeo.com\/es\/productos\/clinometros\/","og_locale":"es_ES","og_type":"article","og_title":"Clin\u00f3metros","og_description":"Los clin\u00f3metros son instrumentos utilizados para medir la inclinaci\u00f3n o el desplazamiento angular de una superficie u objeto. Se utilizan habitualmente en el monitoreo geot\u00e9cnico, la estructural, la SHM y otras aplicaciones en las que es importante supervisar los cambios de inclinaci\u00f3n. M\u00e1s sobre este tema Los clin\u00f3metros est\u00e1n dise\u00f1ados para detectar incluso peque\u00f1os cambios [&hellip;]","og_url":"https:\/\/sisgeo.com\/es\/productos\/clinometros\/","og_site_name":"Sisgeo","article_modified_time":"2024-10-08T14:58:58+00:00","og_image":[{"width":960,"height":540,"url":"https:\/\/sisgeo.com\/wp-content\/uploads\/2024\/10\/0_Tiltmeter-sisgeo-360.jpg","type":"image\/jpeg"}],"twitter_card":"summary_large_image","twitter_misc":{"Tiempo de lectura":"3 minutos"},"schema":{"@context":"https:\/\/schema.org","@graph":[{"@type":"WebPage","@id":"https:\/\/sisgeo.com\/es\/productos\/clinometros\/","url":"https:\/\/sisgeo.com\/es\/productos\/clinometros\/","name":"Clin\u00f3metros - Sisgeo","isPartOf":{"@id":"https:\/\/sisgeo.com\/es\/#website"},"primaryImageOfPage":{"@id":"https:\/\/sisgeo.com\/es\/productos\/clinometros\/#primaryimage"},"image":{"@id":"https:\/\/sisgeo.com\/es\/productos\/clinometros\/#primaryimage"},"thumbnailUrl":"https:\/\/sisgeo.com\/wp-content\/uploads\/2024\/10\/0_Tiltmeter-sisgeo-360.jpg","datePublished":"2023-07-27T08:14:27+00:00","dateModified":"2024-10-08T14:58:58+00:00","breadcrumb":{"@id":"https:\/\/sisgeo.com\/es\/productos\/clinometros\/#breadcrumb"},"inLanguage":"es","potentialAction":[{"@type":"ReadAction","target":["https:\/\/sisgeo.com\/es\/productos\/clinometros\/"]}]},{"@type":"ImageObject","inLanguage":"es","@id":"https:\/\/sisgeo.com\/es\/productos\/clinometros\/#primaryimage","url":"https:\/\/sisgeo.com\/wp-content\/uploads\/2024\/10\/0_Tiltmeter-sisgeo-360.jpg","contentUrl":"https:\/\/sisgeo.com\/wp-content\/uploads\/2024\/10\/0_Tiltmeter-sisgeo-360.jpg","width":960,"height":540,"caption":"This is a digital MEMS tiltmeter for structural health monitoring, calibration with 360\u00b0 technology"},{"@type":"BreadcrumbList","@id":"https:\/\/sisgeo.com\/es\/productos\/clinometros\/#breadcrumb","itemListElement":[{"@type":"ListItem","position":1,"name":"Home","item":"https:\/\/sisgeo.com\/es\/geotechnical-and-structural-instrumentation-for-shm\/"},{"@type":"ListItem","position":2,"name":"Productos","item":"https:\/\/sisgeo.com\/es\/productos\/"},{"@type":"ListItem","position":3,"name":"Clin\u00f3metros"}]},{"@type":"WebSite","@id":"https:\/\/sisgeo.com\/es\/#website","url":"https:\/\/sisgeo.com\/es\/","name":"Sisgeo","description":"Inclined to improvement","publisher":{"@id":"https:\/\/sisgeo.com\/es\/#organization"},"potentialAction":[{"@type":"SearchAction","target":{"@type":"EntryPoint","urlTemplate":"https:\/\/sisgeo.com\/es\/?s={search_term_string}"},"query-input":{"@type":"PropertyValueSpecification","valueRequired":true,"valueName":"search_term_string"}}],"inLanguage":"es"},{"@type":"Organization","@id":"https:\/\/sisgeo.com\/es\/#organization","name":"Sisgeo S.r.l.","url":"https:\/\/sisgeo.com\/es\/","logo":{"@type":"ImageObject","inLanguage":"es","@id":"https:\/\/sisgeo.com\/es\/#\/schema\/logo\/image\/","url":"https:\/\/sisgeodev.pipehosting.it\/wp-content\/uploads\/2023\/06\/logo-RGB.png","contentUrl":"https:\/\/sisgeodev.pipehosting.it\/wp-content\/uploads\/2023\/06\/logo-RGB.png","width":205,"height":97,"caption":"Sisgeo S.r.l."},"image":{"@id":"https:\/\/sisgeo.com\/es\/#\/schema\/logo\/image\/"}}]}},"_links":{"self":[{"href":"https:\/\/sisgeo.com\/es\/wp-json\/wp\/v2\/pages\/20926","targetHints":{"allow":["GET"]}}],"collection":[{"href":"https:\/\/sisgeo.com\/es\/wp-json\/wp\/v2\/pages"}],"about":[{"href":"https:\/\/sisgeo.com\/es\/wp-json\/wp\/v2\/types\/page"}],"author":[{"embeddable":true,"href":"https:\/\/sisgeo.com\/es\/wp-json\/wp\/v2\/users\/1"}],"replies":[{"embeddable":true,"href":"https:\/\/sisgeo.com\/es\/wp-json\/wp\/v2\/comments?post=20926"}],"version-history":[{"count":5,"href":"https:\/\/sisgeo.com\/es\/wp-json\/wp\/v2\/pages\/20926\/revisions"}],"predecessor-version":[{"id":26243,"href":"https:\/\/sisgeo.com\/es\/wp-json\/wp\/v2\/pages\/20926\/revisions\/26243"}],"up":[{"embeddable":true,"href":"https:\/\/sisgeo.com\/es\/wp-json\/wp\/v2\/pages\/20244"}],"wp:featuredmedia":[{"embeddable":true,"href":"https:\/\/sisgeo.com\/es\/wp-json\/wp\/v2\/media\/26075"}],"wp:attachment":[{"href":"https:\/\/sisgeo.com\/es\/wp-json\/wp\/v2\/media?parent=20926"}],"wp:term":[{"taxonomy":"category","embeddable":true,"href":"https:\/\/sisgeo.com\/es\/wp-json\/wp\/v2\/categories?post=20926"},{"taxonomy":"post_tag","embeddable":true,"href":"https:\/\/sisgeo.com\/es\/wp-json\/wp\/v2\/tags?post=20926"}],"curies":[{"name":"wp","href":"https:\/\/api.w.org\/{rel}","templated":true}]}}