{"id":20990,"date":"2023-09-25T09:45:04","date_gmt":"2023-09-25T07:45:04","guid":{"rendered":"https:\/\/sisgeo.com\/condiciones-generales\/"},"modified":"2023-12-27T08:32:33","modified_gmt":"2023-12-27T07:32:33","slug":"condiciones-generales","status":"publish","type":"page","link":"https:\/\/sisgeo.com\/es\/condiciones-generales\/","title":{"rendered":"Condiciones generales"},"content":{"rendered":"\t\t<div data-elementor-type=\"wp-page\" data-elementor-id=\"20990\" class=\"elementor elementor-20990 elementor-15426\" data-elementor-post-type=\"page\">\n\t\t\t\t<div class=\"elementor-element elementor-element-1c1cf32 e-flex e-con-boxed e-con e-parent\" data-id=\"1c1cf32\" data-element_type=\"container\" data-e-type=\"container\">\n\t\t\t\t\t<div class=\"e-con-inner\">\n\t\t\t\t<div class=\"elementor-element elementor-element-2d22766e elementor-widget elementor-widget-text-editor\" data-id=\"2d22766e\" data-element_type=\"widget\" data-e-type=\"widget\" data-widget_type=\"text-editor.default\">\n\t\t\t\t<div class=\"elementor-widget-container\">\n\t\t\t\t\t\t\t\t\t<h4>BIENVENIDO AL SITIO WEB DE SISGEO<\/h4>\n<p>LEA ATENTAMENTE ESTAS CONDICIONES ANTES DE UTILIZAR ESTE SITIO WEB (\u00abSITIO\u00bb). ESTE SITIO S\u00d3LO PUEDE UTILIZARSE CON FINES INFORMATIVOS. AL UTILIZAR EL SITIO O DESCARGAR MATERIAL DEL MISMO, USTED ACEPTA CUMPLIR LAS PRESENTES CONDICIONES GENERALES (\u00abT&amp;C\u00bb). SI NO EST\u00c1 DE ACUERDO CON ESTAS CONDICIONES GENERALES, NO UTILICE NI DESCARGUE MATERIAL DEL SITIO.   <\/p>\n<h4><strong>Licencia<\/strong><\/h4>\n<p>SISGEO le autoriza a ver y descargar la informaci\u00f3n (\u00abMateriales\u00bb) en el Sitio s\u00f3lo para su uso personal. Esta autorizaci\u00f3n no es una transferencia de t\u00edtulo en los Materiales y copias de los Materiales y est\u00e1 sujeta a las siguientes restricciones: <br \/>&#8211; debe conservar, en todas las copias de los Materiales descargados, todos los avisos de derechos de autor y otros avisos de propiedad contenidos en los Materiales;<br \/>&#8211; no podr\u00e1 modificar los Materiales en modo alguno ni reproducirlos o mostrarlos p\u00fablicamente, ejecutarlos o distribuirlos o utilizarlos o comunicarlos de otro modo con fines p\u00fablicos o comerciales sin el permiso de SISGEO; y<br \/>&#8211; no debe transferir los Materiales a ninguna otra persona a menos que le notifique, y \u00e9sta acepte, las obligaciones derivadas de estos t\u00e9rminos y condiciones de uso.<\/p>\n<p>Usted se compromete a respetar todas las restricciones adicionales que aparezcan en el Sitio y que se actualicen peri\u00f3dicamente. Este Sitio, incluidos todos los Materiales, tiene derechos de autor y est\u00e1 protegido por las leyes y tratados internacionales sobre derechos de autor. Usted se compromete a cumplir con todas las leyes de derechos de autor en todo el mundo en el uso de este sitio y para evitar cualquier copia no autorizada de los materiales. Salvo lo dispuesto expresamente en el presente documento, SISGEO no le concede ning\u00fan derecho expreso o impl\u00edcito en virtud de ninguna patente, dise\u00f1o, marca comercial, derecho de autor o legislaci\u00f3n sobre secretos comerciales.   <\/p>\n<h4>Cuentas de usuario<\/h4>\n<p>Es posible que se le pida que abra una cuenta para poder acceder a determinadas partes restringidas del Sitio. En tal caso, deber\u00e1 completar el proceso de registro proporcion\u00e1ndonos informaci\u00f3n completa y exacta, tal como se indica en el formulario de registro correspondiente. Tambi\u00e9n se le pedir\u00e1 que elija una contrase\u00f1a y un nombre de usuario. Usted es el \u00fanico responsable de mantener la confidencialidad de su contrase\u00f1a y de su cuenta. Adem\u00e1s, es enteramente responsable de todas y cada una de las actividades que se realicen con dicha cuenta. Usted se compromete a notificar inmediatamente a SISGEO cualquier uso no autorizado de su cuenta o cualquier otra violaci\u00f3n de la seguridad. SISGEO no ser\u00e1 responsable de ninguna p\u00e9rdida en la que pueda incurrir como resultado de que otra persona utilice su contrase\u00f1a o cuenta.      <\/p>\n<h4>Garant\u00edas del usuario<\/h4>\n<p>Usted declara y garantiza que utilizar\u00e1 el Sitio de conformidad con el presente Acuerdo, incluidas las leyes y disposiciones en virtud del mismo, y que cumplir\u00e1 todas las pol\u00edticas y normas existentes y futuras del Sitio. Usted acepta que no utilizar\u00e1 el Sitio para: <br \/>&#8211; transmitir spam o comunicaciones no solicitadas;<br \/>&#8211; fingir ser SISGEO u otra persona;<br \/>&#8211; falsificar encabezados o manipular identificadores de otro modo con el fin de ocultar el origen de cualquier contenido transmitido a trav\u00e9s del Sitio;<br \/>&#8211; falsear su afiliaci\u00f3n con una persona o entidad;<br \/>&#8211; actuar de forma que afecte negativamente a la capacidad de otros usuarios para utilizar el Sitio;<br \/>&#8211; participar en actividades que infrinjan la legislaci\u00f3n aplicable;<br \/>&#8211; publicar o transmitir cualquier material que viole o infrinja de cualquier forma los derechos de terceros o que sea ilegal, abusivo, difamatorio, vulgar o de cualquier otra forma censurable o que contenga cualquier tipo de publicidad o solicitud con respecto a productos o servicios, o<br \/>&#8211; recopilar o almacenar datos personales sobre otros usuarios, a menos que dichos usuarios lo autoricen expresamente.<br \/>Si no cumple lo anterior, no podr\u00e1 utilizar el Sitio, SISGEO no estar\u00e1 legalmente obligado por el presente Acuerdo, y se reserva todos sus derechos legales en relaci\u00f3n con dicho incumplimiento.<br \/>Asimismo, acepta defender, indemnizar y eximir de toda responsabilidad a SISGEO, sus filiales\/socios y sus respectivos directivos, directores y agentes frente a todas las reclamaciones y gastos, incluidos los honorarios de abogados, derivados del uso de este Sitio.<\/p>\n<h4>Cambios<\/h4>\n<p>SISGEO se reserva el derecho, a su entera discreci\u00f3n, de cambiar, modificar, a\u00f1adir o eliminar cualquier parte del presente Acuerdo, en su totalidad o en parte, en cualquier momento. Los cambios del presente Acuerdo entrar\u00e1n en vigor cuando se publique en el Sitio la notificaci\u00f3n de dicho cambio. El uso continuado del Sitio por parte del usuario tras la publicaci\u00f3n de cualquier cambio en el presente Acuerdo se considerar\u00e1 una aceptaci\u00f3n de dichos cambios.  <br \/>SISGEO puede terminar, cambiar, corregir cualquier error u omisi\u00f3n en cualquier parte del Sitio, realizar cualquier otro cambio en el Sitio, los materiales y los productos, programas o servicios descritos en el Sitio, suspender o interrumpir cualquier aspecto del Sitio, incluida la disponibilidad de cualquier caracter\u00edstica del Sitio, en cualquier momento y sin previo aviso. SISGEO puede tambi\u00e9n imponer l\u00edmites a ciertas caracter\u00edsticas y servicios o restringir su acceso a partes o a la totalidad del Sitio sin previo aviso ni responsabilidad. SISGEO podr\u00e1 rescindir la autorizaci\u00f3n, los derechos y la licencia otorgados anteriormente en cualquier momento y, tras dicha rescisi\u00f3n, usted deber\u00e1 destruir inmediatamente todos los Materiales.  <\/p>\n<h4>Reconocimiento de los derechos de propiedad intelectual<\/h4>\n<p>Usted reconoce que todos los derechos de propiedad intelectual (incluidos, entre otros, los derechos de autor, patentes, conocimientos t\u00e9cnicos, informaci\u00f3n confidencial, derechos sobre bases de datos) y los derechos sobre marcas comerciales y dise\u00f1os (registrados o no) del Sitio corresponden a SISGEO o a sus licenciantes. Todo el fondo de comercio y los derechos de propiedad intelectual derivados del uso de dichos derechos de propiedad intelectual conferidos a SISGEO corresponder\u00e1n a SISGEO. <\/p>\n<h4>Informaci\u00f3n facilitada por usted<\/h4>\n<p>La Pol\u00edtica de Privacidad asociada a este Sitio protege cualquier informaci\u00f3n personal identificable que pueda proporcionar a SISGEO a trav\u00e9s de este Sitio. Sin embargo, no debe enviar ninguna informaci\u00f3n confidencial o de propiedad a SISGEO a trav\u00e9s del Sitio. Usted acepta que cualquier informaci\u00f3n o material que usted o las personas que act\u00faen en su nombre proporcionen a SISGEO no se considerar\u00e1 confidencial ni de su propiedad. Al proporcionar dicha informaci\u00f3n o materiales a SISGEO, usted cede y transfiere plenamente a SISGEO todos los derechos de propiedad intelectual sobre dicha informaci\u00f3n y materiales y, por tanto, SISGEO es libre de utilizar, reproducir, mostrar, ejecutar p\u00fablicamente, transmitir, distribuir, modificar, ceder y conceder licencias sobre dicha informaci\u00f3n y materiales, y adem\u00e1s acepta que SISGEO es libre de utilizar cualquier idea, concepto o conocimiento t\u00e9cnico que usted o las personas que act\u00faen en su nombre proporcionen a SISGEO. Garantiza asimismo que no proporcionar\u00e1 a SISGEO ninguna informaci\u00f3n o material que sea difamatorio, amenazador, obsceno, acosador o de otro modo il\u00edcito en virtud de cualquier ley aplicable, o que incorpore material propiedad de terceros. SISGEO se reserva el derecho de, a su entera discreci\u00f3n, eliminar del Sitio cualquier informaci\u00f3n facilitada por usted.     <\/p>\n<h4>Seguridad<\/h4>\n<p>No puede:<br \/>&#8211; utilizar cualquier dispositivo o software capaz de interferir en el funcionamiento del Sitio;<br \/>&#8211; realizar cualquier acci\u00f3n que imponga una carga desproporcionadamente grande o irrazonable sobre la infraestructura del Sitio (como el env\u00edo masivo de correos electr\u00f3nicos &#8211; \u00abspamming\u00bb), o<br \/>&#8211; interferir o manipular el software del Sitio o su funcionalidad. Esto incluye colocar en el Sitio material infectado con virus, troyanos, bombas de relojer\u00eda u otros elementos que puedan da\u00f1ar o interferir en la estructura de programaci\u00f3n del Sitio. <\/p>\n<h4>Sitios web de terceros<\/h4>\n<p>SISGEO no se compromete a supervisar o revisar el Contenido de los Sitios de Terceros ni es responsable de la exactitud o fiabilidad de los mismos. Adem\u00e1s, SISGEO puede proporcionar en este Sitio enlaces a Sitios Web operados por otras entidades. Si utiliza estos Sitios, abandonar\u00e1 este Sitio. Si visita cualquier Sitio enlazado, lo har\u00e1 por su cuenta y riesgo, y es su responsabilidad tomar todas las medidas de protecci\u00f3n necesarias para protegerse contra virus u otros elementos destructivos. SISGEO no garantiza ni se responsabiliza de los Sitios Web enlazados ni de la informaci\u00f3n que en ellos aparezca, ni de los productos o servicios que en ellos se describan. Los enlaces no implican que SISGEO o este Sitio patrocinen, respalden, est\u00e9n afiliados o asociados con, o est\u00e9n legalmente autorizados a utilizar cualquier marca comercial, nombre comercial, logotipo o s\u00edmbolo de derechos de autor que aparezca en o sea accesible a trav\u00e9s de los enlaces, o que cualquier Sitio enlazado est\u00e9 autorizado a utilizar cualquier marca comercial, nombre comercial, logotipo o s\u00edmbolo de derechos de autor de SISGEO o cualquiera de sus afiliados o subsidiarias. Traducci\u00f3n realizada con la versi\u00f3n gratuita del traductor DeepL.com     <\/p>\n<h4>Exclusi\u00f3n de garant\u00edas impl\u00edcitas<\/h4>\n<p>Aunque se ha procurado garantizar la exactitud de la informaci\u00f3n contenida en este Sitio, SISGEO no asume responsabilidad alguna por ello. LOS MATERIALES PUEDEN CONTENER INEXACTITUDES Y ERRORES TIPOGR\u00c1FICOS. SISGEO NO GARANTIZA LA EXACTITUD O INTEGRIDAD DE LOS MATERIALES NI LA FIABILIDAD DE CUALQUIER CONSEJO, OPINI\u00d3N, DECLARACI\u00d3N U OTRA INFORMACI\u00d3N MOSTRADA O DISTRIBUIDA A TRAV\u00c9S DEL SITIO. USTED RECONOCE QUE LA CONFIANZA DEPOSITADA EN CUALQUIER OPINI\u00d3N, CONSEJO, DECLARACI\u00d3N, MEMORANDO O INFORMACI\u00d3N DE ESTE TIPO SER\u00c1 POR SU CUENTA Y RIESGO. TODO EL CONTENIDO SE PROPORCIONA \u00abTAL CUAL\u00bb Y \u00abSEG\u00daN DISPONIBILIDAD\u00bb. SISGEO RECHAZA EXPRESAMENTE CUALQUIER DECLARACI\u00d3N O GARANT\u00cdA DE CUALQUIER TIPO, EXPRESA O IMPL\u00cdCITA, INCLUIDAS, ENTRE OTRAS, LAS GARANT\u00cdAS DE COMERCIABILIDAD O IDONEIDAD PARA UN FIN DETERMINADO, DE NO INFRACCI\u00d3N O EN CUANTO AL FUNCIONAMIENTO DE ESTE SITIO O DEL CONTENIDO. SISGEO NO GARANTIZA NI SE HACE RESPONSABLE DE LA SEGURIDAD DE ESTE SITIO WEB. USTED RECONOCE QUE CUALQUIER INFORMACI\u00d3N ENVIADA PUEDE SER INTERCEPTADA. SISGEO NO GARANTIZA QUE EL SITIO WEB O LOS SERVIDORES QUE HACEN QUE ESTE SITIO EST\u00c9 DISPONIBLE O LAS COMUNICACIONES ELECTR\u00d3NICAS ENVIADAS POR SISGEO EST\u00c9N LIBRES DE VIRUS O DE CUALQUIER OTRO ELEMENTO DA\u00d1INO. TODAS ESTAS DECLARACIONES, GARANT\u00cdAS Y CONDICIONES QUEDAN EXCLUIDAS SALVO EN LA MEDIDA EN QUE LA LEY PROH\u00cdBA SU EXCLUSI\u00d3N. Traducci\u00f3n realizada con la versi\u00f3n gratuita del traductor DeepL.com         <\/p>\n<h4>Limitaci\u00f3n de responsabilidad<\/h4>\n<p>EN NING\u00daN CASO SISGEO SER\u00c1 RESPONSABLE DE NING\u00daN DA\u00d1O DIRECTO, INDIRECTO, CONSECUENTE, PUNITIVO, ESPECIAL O INCIDENTAL (INCLUYENDO, SIN LIMITACI\u00d3N, DA\u00d1OS POR P\u00c9RDIDA DE NEGOCIO, CONTRATO, INGRESOS, DATOS, INFORMACI\u00d3N O INTERRUPCI\u00d3N DEL NEGOCIO) QUE SE DERIVEN, SURJAN O EST\u00c9N RELACIONADOS CON EL USO O LA IMPOSIBILIDAD DE USO DE ESTE SITIO O DEL CONTENIDO, O QUE SE DERIVEN O EST\u00c9N RELACIONADOS CON ESTE ACUERDO, INCLUSO SI SISGEO HA SIDO ADVERTIDO DE LA POSIBILIDAD DE DICHOS DA\u00d1OS. ADEM\u00c1S DE LOS T\u00c9RMINOS AQU\u00cd EXPUESTOS, SISGEO NO SER\u00c1 RESPONSABLE EN NING\u00daN CASO DE LOS ERRORES, INEXACTITUDES, OMISIONES U OTROS DEFECTOS O DE LA FALTA DE ACTUALIDAD O AUTENTICIDAD DE LA INFORMACI\u00d3N CONTENIDA EN ESTE SITIO. <\/p>\n<h4>Derechos de terceros<\/h4>\n<p>Salvo que se disponga expresamente lo contrario en el presente Acuerdo, una persona que no sea parte del mismo no podr\u00e1 hacer cumplir ninguna de sus cl\u00e1usulas.<\/p>\n<h4>Declaraci\u00f3n de jurisdicci\u00f3n<\/h4>\n<p>Este Sitio est\u00e1 controlado, operado y administrado por SISGEO desde sus oficinas en Italia. SISGEO no garantiza que los materiales de este Sitio sean apropiados o est\u00e9n disponibles para su uso en otros lugares fuera de Italia y se proh\u00edbe el acceso a los mismos desde territorios donde sus contenidos sean ilegales. Si accede a este Sitio desde ubicaciones fuera de Italia, usted es responsable del cumplimiento de todas las leyes locales. Las leyes de la Rep\u00fablica Italiana regir\u00e1n el presente Acuerdo, sin dar efecto a su conflicto de disposiciones legales. El Tribunal de Mil\u00e1n tendr\u00e1 jurisdicci\u00f3n exclusiva en primera instancia sobre cualquier disputa derivada de este Acuerdo.    <\/p>\n\t\t\t\t\t\t\t\t<\/div>\n\t\t\t\t<\/div>\n\t\t\t\t\t<\/div>\n\t\t\t\t<\/div>\n\t\t\t\t<\/div>\n\t\t","protected":false},"excerpt":{"rendered":"<p>BIENVENIDO AL SITIO WEB DE SISGEO LEA ATENTAMENTE ESTAS CONDICIONES ANTES DE UTILIZAR ESTE SITIO WEB (\u00abSITIO\u00bb). ESTE SITIO S\u00d3LO PUEDE UTILIZARSE CON FINES INFORMATIVOS. AL UTILIZAR EL SITIO O DESCARGAR MATERIAL DEL MISMO, USTED ACEPTA CUMPLIR LAS PRESENTES CONDICIONES GENERALES (\u00abT&amp;C\u00bb). SI NO EST\u00c1 DE ACUERDO CON ESTAS CONDICIONES GENERALES, NO UTILICE NI DESCARGUE [&hellip;]<\/p>\n","protected":false},"author":1,"featured_media":0,"parent":0,"menu_order":0,"comment_status":"closed","ping_status":"closed","template":"","meta":{"_acf_changed":false,"footnotes":""},"categories":[],"tags":[],"class_list":["post-20990","page","type-page","status-publish","hentry"],"acf":[],"yoast_head":"<!-- This site is optimized with the Yoast SEO Premium plugin v27.2 (Yoast SEO v27.2) - https:\/\/yoast.com\/product\/yoast-seo-premium-wordpress\/ -->\n<title>Condiciones generales - Sisgeo<\/title>\n<meta name=\"robots\" content=\"index, follow, max-snippet:-1, max-image-preview:large, max-video-preview:-1\" \/>\n<link rel=\"canonical\" href=\"https:\/\/sisgeo.com\/es\/condiciones-generales\/\" \/>\n<meta property=\"og:locale\" content=\"es_ES\" \/>\n<meta property=\"og:type\" content=\"article\" \/>\n<meta property=\"og:title\" content=\"Condiciones generales\" \/>\n<meta property=\"og:description\" content=\"BIENVENIDO AL SITIO WEB DE SISGEO LEA ATENTAMENTE ESTAS CONDICIONES ANTES DE UTILIZAR ESTE SITIO WEB (\u00abSITIO\u00bb). ESTE SITIO S\u00d3LO PUEDE UTILIZARSE CON FINES INFORMATIVOS. AL UTILIZAR EL SITIO O DESCARGAR MATERIAL DEL MISMO, USTED ACEPTA CUMPLIR LAS PRESENTES CONDICIONES GENERALES (\u00abT&amp;C\u00bb). SI NO EST\u00c1 DE ACUERDO CON ESTAS CONDICIONES GENERALES, NO UTILICE NI DESCARGUE [&hellip;]\" \/>\n<meta property=\"og:url\" content=\"https:\/\/sisgeo.com\/es\/condiciones-generales\/\" \/>\n<meta property=\"og:site_name\" content=\"Sisgeo\" \/>\n<meta property=\"article:modified_time\" content=\"2023-12-27T07:32:33+00:00\" \/>\n<meta name=\"twitter:card\" content=\"summary_large_image\" \/>\n<meta name=\"twitter:label1\" content=\"Tiempo de lectura\" \/>\n\t<meta name=\"twitter:data1\" content=\"10 minutos\" \/>\n<script type=\"application\/ld+json\" class=\"yoast-schema-graph\">{\"@context\":\"https:\/\/schema.org\",\"@graph\":[{\"@type\":\"WebPage\",\"@id\":\"https:\/\/sisgeo.com\/es\/condiciones-generales\/\",\"url\":\"https:\/\/sisgeo.com\/es\/condiciones-generales\/\",\"name\":\"Condiciones generales - Sisgeo\",\"isPartOf\":{\"@id\":\"https:\/\/sisgeo.com\/es\/#website\"},\"datePublished\":\"2023-09-25T07:45:04+00:00\",\"dateModified\":\"2023-12-27T07:32:33+00:00\",\"breadcrumb\":{\"@id\":\"https:\/\/sisgeo.com\/es\/condiciones-generales\/#breadcrumb\"},\"inLanguage\":\"es\",\"potentialAction\":[{\"@type\":\"ReadAction\",\"target\":[\"https:\/\/sisgeo.com\/es\/condiciones-generales\/\"]}]},{\"@type\":\"BreadcrumbList\",\"@id\":\"https:\/\/sisgeo.com\/es\/condiciones-generales\/#breadcrumb\",\"itemListElement\":[{\"@type\":\"ListItem\",\"position\":1,\"name\":\"Home\",\"item\":\"https:\/\/sisgeo.com\/es\/geotechnical-and-structural-instrumentation-for-shm\/\"},{\"@type\":\"ListItem\",\"position\":2,\"name\":\"Condiciones generales\"}]},{\"@type\":\"WebSite\",\"@id\":\"https:\/\/sisgeo.com\/es\/#website\",\"url\":\"https:\/\/sisgeo.com\/es\/\",\"name\":\"Sisgeo\",\"description\":\"Inclined to improvement\",\"publisher\":{\"@id\":\"https:\/\/sisgeo.com\/es\/#organization\"},\"potentialAction\":[{\"@type\":\"SearchAction\",\"target\":{\"@type\":\"EntryPoint\",\"urlTemplate\":\"https:\/\/sisgeo.com\/es\/?s={search_term_string}\"},\"query-input\":{\"@type\":\"PropertyValueSpecification\",\"valueRequired\":true,\"valueName\":\"search_term_string\"}}],\"inLanguage\":\"es\"},{\"@type\":\"Organization\",\"@id\":\"https:\/\/sisgeo.com\/es\/#organization\",\"name\":\"Sisgeo S.r.l.\",\"url\":\"https:\/\/sisgeo.com\/es\/\",\"logo\":{\"@type\":\"ImageObject\",\"inLanguage\":\"es\",\"@id\":\"https:\/\/sisgeo.com\/es\/#\/schema\/logo\/image\/\",\"url\":\"https:\/\/sisgeodev.pipehosting.it\/wp-content\/uploads\/2023\/06\/logo-RGB.png\",\"contentUrl\":\"https:\/\/sisgeodev.pipehosting.it\/wp-content\/uploads\/2023\/06\/logo-RGB.png\",\"width\":205,\"height\":97,\"caption\":\"Sisgeo S.r.l.\"},\"image\":{\"@id\":\"https:\/\/sisgeo.com\/es\/#\/schema\/logo\/image\/\"}}]}<\/script>\n<!-- \/ Yoast SEO Premium plugin. -->","yoast_head_json":{"title":"Condiciones generales - Sisgeo","robots":{"index":"index","follow":"follow","max-snippet":"max-snippet:-1","max-image-preview":"max-image-preview:large","max-video-preview":"max-video-preview:-1"},"canonical":"https:\/\/sisgeo.com\/es\/condiciones-generales\/","og_locale":"es_ES","og_type":"article","og_title":"Condiciones generales","og_description":"BIENVENIDO AL SITIO WEB DE SISGEO LEA ATENTAMENTE ESTAS CONDICIONES ANTES DE UTILIZAR ESTE SITIO WEB (\u00abSITIO\u00bb). ESTE SITIO S\u00d3LO PUEDE UTILIZARSE CON FINES INFORMATIVOS. AL UTILIZAR EL SITIO O DESCARGAR MATERIAL DEL MISMO, USTED ACEPTA CUMPLIR LAS PRESENTES CONDICIONES GENERALES (\u00abT&amp;C\u00bb). SI NO EST\u00c1 DE ACUERDO CON ESTAS CONDICIONES GENERALES, NO UTILICE NI DESCARGUE [&hellip;]","og_url":"https:\/\/sisgeo.com\/es\/condiciones-generales\/","og_site_name":"Sisgeo","article_modified_time":"2023-12-27T07:32:33+00:00","twitter_card":"summary_large_image","twitter_misc":{"Tiempo de lectura":"10 minutos"},"schema":{"@context":"https:\/\/schema.org","@graph":[{"@type":"WebPage","@id":"https:\/\/sisgeo.com\/es\/condiciones-generales\/","url":"https:\/\/sisgeo.com\/es\/condiciones-generales\/","name":"Condiciones generales - Sisgeo","isPartOf":{"@id":"https:\/\/sisgeo.com\/es\/#website"},"datePublished":"2023-09-25T07:45:04+00:00","dateModified":"2023-12-27T07:32:33+00:00","breadcrumb":{"@id":"https:\/\/sisgeo.com\/es\/condiciones-generales\/#breadcrumb"},"inLanguage":"es","potentialAction":[{"@type":"ReadAction","target":["https:\/\/sisgeo.com\/es\/condiciones-generales\/"]}]},{"@type":"BreadcrumbList","@id":"https:\/\/sisgeo.com\/es\/condiciones-generales\/#breadcrumb","itemListElement":[{"@type":"ListItem","position":1,"name":"Home","item":"https:\/\/sisgeo.com\/es\/geotechnical-and-structural-instrumentation-for-shm\/"},{"@type":"ListItem","position":2,"name":"Condiciones generales"}]},{"@type":"WebSite","@id":"https:\/\/sisgeo.com\/es\/#website","url":"https:\/\/sisgeo.com\/es\/","name":"Sisgeo","description":"Inclined to improvement","publisher":{"@id":"https:\/\/sisgeo.com\/es\/#organization"},"potentialAction":[{"@type":"SearchAction","target":{"@type":"EntryPoint","urlTemplate":"https:\/\/sisgeo.com\/es\/?s={search_term_string}"},"query-input":{"@type":"PropertyValueSpecification","valueRequired":true,"valueName":"search_term_string"}}],"inLanguage":"es"},{"@type":"Organization","@id":"https:\/\/sisgeo.com\/es\/#organization","name":"Sisgeo S.r.l.","url":"https:\/\/sisgeo.com\/es\/","logo":{"@type":"ImageObject","inLanguage":"es","@id":"https:\/\/sisgeo.com\/es\/#\/schema\/logo\/image\/","url":"https:\/\/sisgeodev.pipehosting.it\/wp-content\/uploads\/2023\/06\/logo-RGB.png","contentUrl":"https:\/\/sisgeodev.pipehosting.it\/wp-content\/uploads\/2023\/06\/logo-RGB.png","width":205,"height":97,"caption":"Sisgeo S.r.l."},"image":{"@id":"https:\/\/sisgeo.com\/es\/#\/schema\/logo\/image\/"}}]}},"_links":{"self":[{"href":"https:\/\/sisgeo.com\/es\/wp-json\/wp\/v2\/pages\/20990","targetHints":{"allow":["GET"]}}],"collection":[{"href":"https:\/\/sisgeo.com\/es\/wp-json\/wp\/v2\/pages"}],"about":[{"href":"https:\/\/sisgeo.com\/es\/wp-json\/wp\/v2\/types\/page"}],"author":[{"embeddable":true,"href":"https:\/\/sisgeo.com\/es\/wp-json\/wp\/v2\/users\/1"}],"replies":[{"embeddable":true,"href":"https:\/\/sisgeo.com\/es\/wp-json\/wp\/v2\/comments?post=20990"}],"version-history":[{"count":1,"href":"https:\/\/sisgeo.com\/es\/wp-json\/wp\/v2\/pages\/20990\/revisions"}],"predecessor-version":[{"id":20992,"href":"https:\/\/sisgeo.com\/es\/wp-json\/wp\/v2\/pages\/20990\/revisions\/20992"}],"wp:attachment":[{"href":"https:\/\/sisgeo.com\/es\/wp-json\/wp\/v2\/media?parent=20990"}],"wp:term":[{"taxonomy":"category","embeddable":true,"href":"https:\/\/sisgeo.com\/es\/wp-json\/wp\/v2\/categories?post=20990"},{"taxonomy":"post_tag","embeddable":true,"href":"https:\/\/sisgeo.com\/es\/wp-json\/wp\/v2\/tags?post=20990"}],"curies":[{"name":"wp","href":"https:\/\/api.w.org\/{rel}","templated":true}]}}