{"id":21085,"date":"2023-04-03T14:05:52","date_gmt":"2023-04-03T12:05:52","guid":{"rendered":"https:\/\/sisgeo.com\/?page_id=21085"},"modified":"2025-12-17T19:32:37","modified_gmt":"2025-12-17T18:32:37","slug":"politica-de-privacidad","status":"publish","type":"page","link":"https:\/\/sisgeo.com\/es\/politica-de-privacidad\/","title":{"rendered":"Pol\u00edtica de privacidad"},"content":{"rendered":"<h1>Pol\u00edtica de privacidad y cookies<\/h1>\n<p><strong>AVISO DE PRIVACIDAD<\/strong><\/p>\n<p>Actualmente est\u00e1 visitando el sitio web de Eddyfi Technologies.<\/p>\n<p>Eddyfi Technologies valora su informaci\u00f3n personal y su privacidad. Este aviso de privacidad le informa sobre la informaci\u00f3n personal que recopilamos y c\u00f3mo la tratamos. Eddyfi Technologies procesa su informaci\u00f3n personal con el fin de proporcionarle un sitio web personalizado que le ayude a conocer Eddyfi Technologies.<\/p>\n<p><strong>\u00bfQU\u00c9 ES LA INFORMACI\u00d3N PERSONAL?<\/strong><\/p>\n<p>La informaci\u00f3n personal se define como cualquier informaci\u00f3n sobre una persona identificada o identificable. Una persona identificable es aquella que puede ser identificada, directa o indirectamente, mediante referencia a un identificador, como un nombre, un n\u00famero de identificaci\u00f3n, datos de ubicaci\u00f3n, un identificador en l\u00ednea o uno o m\u00e1s factores espec\u00edficos de esa persona.<\/p>\n<p><strong>RECOPILACI\u00d3N DE DATOS<\/strong><\/p>\n<p>Eddyfi Technologies, como responsable del tratamiento de datos, puede recopilar informaci\u00f3n personal sobre usted cuando:<\/p>\n<ul>\n<li>Se suscribe voluntariamente al bolet\u00edn informativo de Eddyfi Technologies;<\/li>\n<li>Se registra para recibir los servicios de Eddyfi Technologies;<\/li>\n<li>Se suscribe o accede al portal de clientes de Eddyfi Technologies;<\/li>\n<li>Rellena el formulario de contacto.<\/li>\n<li>Ha participado en eventos en los que Eddyfi Technologies estaba presente; o<\/li>\n<li>Interact\u00faa con los equipos de ventas de Eddyfi Technologies.<\/li>\n<\/ul>\n<p>Cuando acceda a estas p\u00e1ginas, recibir\u00e1 informaci\u00f3n sobre la recopilaci\u00f3n de sus datos personales y podr\u00e1 dar o denegar su consentimiento.<\/p>\n<p>Para proporcionar esta informaci\u00f3n, podemos recopilar su nombre, n\u00famero de tel\u00e9fono, direcci\u00f3n de correo electr\u00f3nico, cargo, empresa, pa\u00eds y cualquier otro dato que pueda proporcionar en su mensaje.<\/p>\n<p>Su informaci\u00f3n personal puede recopilarse de forma indirecta mediante el uso de cookies y otras tecnolog\u00edas. Eddyfi Technologies recopila informaci\u00f3n como el n\u00famero de visitantes, as\u00ed como la fecha de la \u00faltima visita del usuario y las p\u00e1ginas visitadas. Consulte la secci\u00f3n Cookies m\u00e1s abajo para obtener m\u00e1s informaci\u00f3n al respecto.<\/p>\n<p><strong>FINALIDAD DEL TRATAMIENTO<\/strong><\/p>\n<p>Utilizamos sus datos de identificaci\u00f3n para permitirle:<\/p>\n<ul>\n<li>Ponerse en contacto con nosotros a trav\u00e9s de nuestro sitio web.<\/li>\n<li>Acceder y utilizar nuestro portal de clientes.<\/li>\n<li>Reciba correos electr\u00f3nicos comerciales basados en la informaci\u00f3n que solicite en nuestro sitio web.<\/li>\n<\/ul>\n<p>Estos datos se utilizar\u00e1n para proporcionarle los servicios solicitados y podr\u00e1n ser utilizados para su posterior tratamiento con fines de marketing con su consentimiento expreso.<\/p>\n<p>De esta manera, usted podr\u00e1:<\/p>\n<ul>\n<li>Acceder a informaci\u00f3n personalizada y precisa cuando lo solicite;<\/li>\n<li>Acceder a nuestro portal de clientes;<\/li>\n<li>Recibir nuestros boletines informativos, informes t\u00e9cnicos u otros materiales cuando d\u00e9 su consentimiento expl\u00edcito;<\/li>\n<li>Recibir los productos y\/o servicios solicitados; y<\/li>\n<li>Recibir presentaciones de nuevos productos y\/o servicios de Eddyfi Technologies si ha aceptado expl\u00edcitamente recibir dicha informaci\u00f3n.<\/li>\n<\/ul>\n<p>Los fines de las cookies se explican en la secci\u00f3n de cookies disponible a continuaci\u00f3n.<\/p>\n<p><strong>PER\u00cdODO DE RETENCI\u00d3N DE DATOS<\/strong><\/p>\n<p>A continuaci\u00f3n se indica el tiempo durante el que procesamos su informaci\u00f3n personal:<\/p>\n<p>Datos identificativos: 2 a\u00f1os.<\/p>\n<p>Datos de navegaci\u00f3n an\u00f3nimos: 2 a\u00f1os.<\/p>\n<p><strong>EDDYFI TECHNOLOGIES Y SU INFORMACI\u00d3N PERSONAL<\/strong><\/p>\n<p>Para el tratamiento de los datos de este sitio web, Eddyfi Technologies es el responsable del tratamiento, que decide los fines y los medios del tratamiento.<\/p>\n<p>Dada la importancia de la privacidad y la seguridad, Eddyfi Technologies ha adoptado una pol\u00edtica de privacidad y una pol\u00edtica de seguridad de la informaci\u00f3n.<\/p>\n<p>Estas pol\u00edticas reflejan el compromiso de Eddyfi Technologies de proteger no solo su propia informaci\u00f3n personal, sino tambi\u00e9n la de sus clientes, socios o contactos. Eddyfi Technologies se compromete a tratar la informaci\u00f3n personal de acuerdo con un alto nivel de protecci\u00f3n de la informaci\u00f3n personal que procesa para sus propios fines, pero tambi\u00e9n para los fines de sus clientes, permitiendo el libre flujo de informaci\u00f3n personal entre Eddyfi Technologies y las personas jur\u00eddicas que controlan directa o indirectamente, son controladas por o est\u00e1n bajo el control com\u00fan de Eddyfi Technologies. El sitio web de Eddyfi Technologies est\u00e1 alojado en Canad\u00e1. Cualquier transferencia resultante de un soporte de aplicaciones fuera de Canad\u00e1 se rige por la pol\u00edtica de privacidad.<\/p>\n<p><strong>EXACTITUD, PERTINENCIA Y SEGURIDAD DE SU INFORMACI\u00d3N PERSONAL<\/strong><\/p>\n<p>Toda la informaci\u00f3n personal procesada por Eddyfi Technologies se almacena en servidores seguros. Eddyfi Technologies implementa las medidas contractuales, t\u00e9cnicas y organizativas adecuadas para proteger la informaci\u00f3n personal que procesa contra la p\u00e9rdida, el acceso no autorizado, el uso, la divulgaci\u00f3n o la modificaci\u00f3n, y para garantizar la integridad de la informaci\u00f3n personal. Adem\u00e1s, Eddyfi Technologies procesa su informaci\u00f3n personal \u00fanicamente para los fines identificados en este Aviso de privacidad y no conserva los datos m\u00e1s tiempo del necesario.<\/p>\n<p><strong>\u00bfQUI\u00c9N PUEDE ACCEDER A SU INFORMACI\u00d3N?<\/strong><\/p>\n<p>Su informaci\u00f3n personal puede ser compartida con las siguientes personas:<\/p>\n<p>Internamente, a los empleados y agentes de Eddyfi Technologies que hayan sido estrictamente autorizados de forma individual para acceder a ella;<\/p>\n<p>A proveedores de servicios externos, como servicios en la nube y soluciones de gesti\u00f3n de relaciones con los clientes, que hayan sido espec\u00edficamente autorizados para procesar informaci\u00f3n personal; y<\/p>\n<p>A nuestros socios cuando realizamos nuestra oferta con terceros.<\/p>\n<p><strong>TUS DERECHOS<\/strong><\/p>\n<ul>\n<li>Usted tiene:<\/li>\n<li>El derecho a ser informado sobre el procesamiento de su informaci\u00f3n personal;<\/li>\n<li>El derecho a acceder a su informaci\u00f3n personal procesada por Eddyfi Technologies;<\/li>\n<li>El derecho al olvido, que le permite solicitar la eliminaci\u00f3n de su informaci\u00f3n personal por parte de Eddyfi Technologies;<\/li>\n<li>El derecho de rectificaci\u00f3n, que le permite modificar y rectificar los datos personales que Eddyfi Technologies trata sobre usted;<\/li>\n<li>El derecho de supresi\u00f3n, que le permite solicitar que Eddyfi Technologies deje de tratar sus datos personales y que estos sean suprimidos.<\/li>\n<li>El derecho a restringir el tratamiento, que le permite controlar c\u00f3mo se tratan sus datos o solicitar que Eddyfi Technologies deje de tratar sus datos personales y solo los conserve; y<\/li>\n<li>El derecho a oponerse al tratamiento de su informaci\u00f3n personal, lo que significa que puede exigir a Eddyfi Technologies que deje de tratar su informaci\u00f3n personal.<\/li>\n<\/ul>\n<p>Para ejercer estos derechos, p\u00f3ngase en contacto con nuestro responsable de protecci\u00f3n de datos en dpo@eddyfi.com.<\/p>\n<p>Tambi\u00e9n tiene derecho a presentar una queja o reclamaci\u00f3n ante la autoridad competente en materia de privacidad.<\/p>\n<p>Para cualquier otra solicitud, p\u00f3ngase en contacto con nosotros.<\/p>\n<p>Este aviso se modific\u00f3 el 17 de junio de 2025 y se actualiza con frecuencia. Le invitamos a consultar esta p\u00e1gina peri\u00f3dicamente.<\/p>\n<h2>POL\u00cdTICA DE COOKIES<\/h2>\n<h4><strong>\u00bfQu\u00e9 son las cookies?<\/strong><\/h4>\n<p>Una cookie es un peque\u00f1o archivo de texto que un sitio web guarda en su ordenador o dispositivo m\u00f3vil cuando lo visita. Permite al sitio web recordar sus acciones y preferencias (como inicio de sesi\u00f3n, idioma, tama\u00f1o de letra y otras preferencias de visualizaci\u00f3n) durante un periodo de tiempo, para que no tenga que volver a introducirlas cada vez que regrese al sitio o navegue de una p\u00e1gina a otra.<\/p>\n<h4><strong>Cookie utilizada en este sitio web<\/strong><\/h4>\n<p>[wcc_category_list]<\/p>\n<h4><strong>\u00bfC\u00f3mo puedo controlar las cookies?<\/strong><\/h4>\n<p>Puede controlar y\/o eliminar las cookies como desee &#8211; para m\u00e1s detalles, consulte\u00a0<a href=\"https:\/\/www.aboutcookies.org\/\" target=\"_blank\" rel=\"noopener\">aboutcookies.org<\/a>. Puede eliminar todas las cookies que ya est\u00e1n en su ordenador y puede configurar la mayor\u00eda de los navegadores para que impidan su instalaci\u00f3n. Sin embargo, si lo hace, es posible que tenga que ajustar manualmente algunas preferencias cada vez que visite un sitio y que algunos servicios y funcionalidades no funcionen.<\/p>\n<p>Los siguientes enlaces pueden ser \u00fatiles para entender c\u00f3mo puede cambiar la configuraci\u00f3n de su navegador para restringir los sitios web que pueden instalar cookies, o para impedir que su navegador acepte cookies. La opci\u00f3n \u00abAyuda\u00bb de su navegador tambi\u00e9n puede ofrecerle m\u00e1s informaci\u00f3n.<\/p>\n<p><a href=\"https:\/\/support.google.com\/chrome\/answer\/95647?hl=en\">Configuraci\u00f3n de cookies en Chrome<\/a><\/p>\n<p><a href=\"https:\/\/support.mozilla.org\/en-US\/kb\/cookies-information-websites-store-on-your-computer?redirectlocale=en-US&amp;redirectslug=Cookies\">Configuraci\u00f3n de cookies en Firefox<\/a><\/p>\n<p><a href=\"http:\/\/support.microsoft.com\/kb\/196955\">Configuraci\u00f3n de cookies en Edge<\/a><\/p>\n<p><a href=\"http:\/\/support.apple.com\/kb\/PH5042\">Configuraci\u00f3n de cookies en Safari web<\/a><\/p>\n<p><a href=\"http:\/\/support.apple.com\/kb\/HT1677\">Configuraci\u00f3n de cookies en iOS<\/a><\/p>\n<h4><strong>Enlaces \u00fatiles<\/strong><\/h4>\n<p>Los siguientes enlaces pueden ser \u00fatiles para obtener m\u00e1s informaci\u00f3n sobre las cookies y c\u00f3mo se utilizan:<\/p>\n<p>Todo sobre las cookies\u00a0<a href=\"http:\/\/www.allaboutcookies.org\/\">www.allaboutcookies.org<\/a><\/p>\n<p>Oficina del Comisario de Informaci\u00f3n\u00a0<a href=\"http:\/\/ico.org.uk\/\">ico.org.uk<\/a><\/p>\n","protected":false},"excerpt":{"rendered":"<p>Pol\u00edtica de privacidad y cookies AVISO DE PRIVACIDAD Actualmente est\u00e1 visitando el sitio web de Eddyfi Technologies. Eddyfi Technologies valora su informaci\u00f3n personal y su privacidad. Este aviso de privacidad le informa sobre la informaci\u00f3n personal que recopilamos y c\u00f3mo la tratamos. Eddyfi Technologies procesa su informaci\u00f3n personal con el fin de proporcionarle un sitio [&hellip;]<\/p>\n","protected":false},"author":1,"featured_media":0,"parent":0,"menu_order":0,"comment_status":"closed","ping_status":"open","template":"","meta":{"footnotes":""},"categories":[],"tags":[],"class_list":["post-21085","page","type-page","status-publish","hentry"],"yoast_head":"<!-- This site is optimized with the Yoast SEO Premium plugin v27.2 (Yoast SEO v27.2) - https:\/\/yoast.com\/product\/yoast-seo-premium-wordpress\/ -->\n<title>Pol\u00edtica de privacidad - Sisgeo<\/title>\n<meta name=\"robots\" content=\"index, follow, max-snippet:-1, max-image-preview:large, max-video-preview:-1\" \/>\n<link rel=\"canonical\" href=\"https:\/\/sisgeo.com\/es\/politica-de-privacidad\/\" \/>\n<meta property=\"og:locale\" content=\"es_ES\" \/>\n<meta property=\"og:type\" content=\"article\" \/>\n<meta property=\"og:title\" content=\"Pol\u00edtica de privacidad\" \/>\n<meta property=\"og:description\" content=\"Pol\u00edtica de privacidad y cookies AVISO DE PRIVACIDAD Actualmente est\u00e1 visitando el sitio web de Eddyfi Technologies. Eddyfi Technologies valora su informaci\u00f3n personal y su privacidad. Este aviso de privacidad le informa sobre la informaci\u00f3n personal que recopilamos y c\u00f3mo la tratamos. Eddyfi Technologies procesa su informaci\u00f3n personal con el fin de proporcionarle un sitio [&hellip;]\" \/>\n<meta property=\"og:url\" content=\"https:\/\/sisgeo.com\/es\/politica-de-privacidad\/\" \/>\n<meta property=\"og:site_name\" content=\"Sisgeo\" \/>\n<meta property=\"article:modified_time\" content=\"2025-12-17T18:32:37+00:00\" \/>\n<meta name=\"twitter:card\" content=\"summary_large_image\" \/>\n<meta name=\"twitter:label1\" content=\"Tiempo de lectura\" \/>\n\t<meta name=\"twitter:data1\" content=\"6 minutos\" \/>\n<script type=\"application\/ld+json\" class=\"yoast-schema-graph\">{\"@context\":\"https:\/\/schema.org\",\"@graph\":[{\"@type\":\"WebPage\",\"@id\":\"https:\/\/sisgeo.com\/es\/politica-de-privacidad\/\",\"url\":\"https:\/\/sisgeo.com\/es\/politica-de-privacidad\/\",\"name\":\"Pol\u00edtica de privacidad - Sisgeo\",\"isPartOf\":{\"@id\":\"https:\/\/sisgeo.com\/es\/#website\"},\"datePublished\":\"2023-04-03T12:05:52+00:00\",\"dateModified\":\"2025-12-17T18:32:37+00:00\",\"breadcrumb\":{\"@id\":\"https:\/\/sisgeo.com\/es\/politica-de-privacidad\/#breadcrumb\"},\"inLanguage\":\"es\",\"potentialAction\":[{\"@type\":\"ReadAction\",\"target\":[\"https:\/\/sisgeo.com\/es\/politica-de-privacidad\/\"]}]},{\"@type\":\"BreadcrumbList\",\"@id\":\"https:\/\/sisgeo.com\/es\/politica-de-privacidad\/#breadcrumb\",\"itemListElement\":[{\"@type\":\"ListItem\",\"position\":1,\"name\":\"Home\",\"item\":\"https:\/\/sisgeo.com\/es\/geotechnical-and-structural-instrumentation-for-shm\/\"},{\"@type\":\"ListItem\",\"position\":2,\"name\":\"Pol\u00edtica de privacidad\"}]},{\"@type\":\"WebSite\",\"@id\":\"https:\/\/sisgeo.com\/es\/#website\",\"url\":\"https:\/\/sisgeo.com\/es\/\",\"name\":\"Sisgeo\",\"description\":\"Inclined to improvement\",\"publisher\":{\"@id\":\"https:\/\/sisgeo.com\/es\/#organization\"},\"potentialAction\":[{\"@type\":\"SearchAction\",\"target\":{\"@type\":\"EntryPoint\",\"urlTemplate\":\"https:\/\/sisgeo.com\/es\/?s={search_term_string}\"},\"query-input\":{\"@type\":\"PropertyValueSpecification\",\"valueRequired\":true,\"valueName\":\"search_term_string\"}}],\"inLanguage\":\"es\"},{\"@type\":\"Organization\",\"@id\":\"https:\/\/sisgeo.com\/es\/#organization\",\"name\":\"Sisgeo S.r.l.\",\"url\":\"https:\/\/sisgeo.com\/es\/\",\"logo\":{\"@type\":\"ImageObject\",\"inLanguage\":\"es\",\"@id\":\"https:\/\/sisgeo.com\/es\/#\/schema\/logo\/image\/\",\"url\":\"https:\/\/sisgeodev.pipehosting.it\/wp-content\/uploads\/2023\/06\/logo-RGB.png\",\"contentUrl\":\"https:\/\/sisgeodev.pipehosting.it\/wp-content\/uploads\/2023\/06\/logo-RGB.png\",\"width\":205,\"height\":97,\"caption\":\"Sisgeo S.r.l.\"},\"image\":{\"@id\":\"https:\/\/sisgeo.com\/es\/#\/schema\/logo\/image\/\"}}]}<\/script>\n<!-- \/ Yoast SEO Premium plugin. -->","yoast_head_json":{"title":"Pol\u00edtica de privacidad - Sisgeo","robots":{"index":"index","follow":"follow","max-snippet":"max-snippet:-1","max-image-preview":"max-image-preview:large","max-video-preview":"max-video-preview:-1"},"canonical":"https:\/\/sisgeo.com\/es\/politica-de-privacidad\/","og_locale":"es_ES","og_type":"article","og_title":"Pol\u00edtica de privacidad","og_description":"Pol\u00edtica de privacidad y cookies AVISO DE PRIVACIDAD Actualmente est\u00e1 visitando el sitio web de Eddyfi Technologies. Eddyfi Technologies valora su informaci\u00f3n personal y su privacidad. Este aviso de privacidad le informa sobre la informaci\u00f3n personal que recopilamos y c\u00f3mo la tratamos. Eddyfi Technologies procesa su informaci\u00f3n personal con el fin de proporcionarle un sitio [&hellip;]","og_url":"https:\/\/sisgeo.com\/es\/politica-de-privacidad\/","og_site_name":"Sisgeo","article_modified_time":"2025-12-17T18:32:37+00:00","twitter_card":"summary_large_image","twitter_misc":{"Tiempo de lectura":"6 minutos"},"schema":{"@context":"https:\/\/schema.org","@graph":[{"@type":"WebPage","@id":"https:\/\/sisgeo.com\/es\/politica-de-privacidad\/","url":"https:\/\/sisgeo.com\/es\/politica-de-privacidad\/","name":"Pol\u00edtica de privacidad - Sisgeo","isPartOf":{"@id":"https:\/\/sisgeo.com\/es\/#website"},"datePublished":"2023-04-03T12:05:52+00:00","dateModified":"2025-12-17T18:32:37+00:00","breadcrumb":{"@id":"https:\/\/sisgeo.com\/es\/politica-de-privacidad\/#breadcrumb"},"inLanguage":"es","potentialAction":[{"@type":"ReadAction","target":["https:\/\/sisgeo.com\/es\/politica-de-privacidad\/"]}]},{"@type":"BreadcrumbList","@id":"https:\/\/sisgeo.com\/es\/politica-de-privacidad\/#breadcrumb","itemListElement":[{"@type":"ListItem","position":1,"name":"Home","item":"https:\/\/sisgeo.com\/es\/geotechnical-and-structural-instrumentation-for-shm\/"},{"@type":"ListItem","position":2,"name":"Pol\u00edtica de privacidad"}]},{"@type":"WebSite","@id":"https:\/\/sisgeo.com\/es\/#website","url":"https:\/\/sisgeo.com\/es\/","name":"Sisgeo","description":"Inclined to improvement","publisher":{"@id":"https:\/\/sisgeo.com\/es\/#organization"},"potentialAction":[{"@type":"SearchAction","target":{"@type":"EntryPoint","urlTemplate":"https:\/\/sisgeo.com\/es\/?s={search_term_string}"},"query-input":{"@type":"PropertyValueSpecification","valueRequired":true,"valueName":"search_term_string"}}],"inLanguage":"es"},{"@type":"Organization","@id":"https:\/\/sisgeo.com\/es\/#organization","name":"Sisgeo S.r.l.","url":"https:\/\/sisgeo.com\/es\/","logo":{"@type":"ImageObject","inLanguage":"es","@id":"https:\/\/sisgeo.com\/es\/#\/schema\/logo\/image\/","url":"https:\/\/sisgeodev.pipehosting.it\/wp-content\/uploads\/2023\/06\/logo-RGB.png","contentUrl":"https:\/\/sisgeodev.pipehosting.it\/wp-content\/uploads\/2023\/06\/logo-RGB.png","width":205,"height":97,"caption":"Sisgeo S.r.l."},"image":{"@id":"https:\/\/sisgeo.com\/es\/#\/schema\/logo\/image\/"}}]}},"_links":{"self":[{"href":"https:\/\/sisgeo.com\/es\/wp-json\/wp\/v2\/pages\/21085","targetHints":{"allow":["GET"]}}],"collection":[{"href":"https:\/\/sisgeo.com\/es\/wp-json\/wp\/v2\/pages"}],"about":[{"href":"https:\/\/sisgeo.com\/es\/wp-json\/wp\/v2\/types\/page"}],"author":[{"embeddable":true,"href":"https:\/\/sisgeo.com\/es\/wp-json\/wp\/v2\/users\/1"}],"replies":[{"embeddable":true,"href":"https:\/\/sisgeo.com\/es\/wp-json\/wp\/v2\/comments?post=21085"}],"version-history":[{"count":14,"href":"https:\/\/sisgeo.com\/es\/wp-json\/wp\/v2\/pages\/21085\/revisions"}],"predecessor-version":[{"id":29769,"href":"https:\/\/sisgeo.com\/es\/wp-json\/wp\/v2\/pages\/21085\/revisions\/29769"}],"wp:attachment":[{"href":"https:\/\/sisgeo.com\/es\/wp-json\/wp\/v2\/media?parent=21085"}],"wp:term":[{"taxonomy":"category","embeddable":true,"href":"https:\/\/sisgeo.com\/es\/wp-json\/wp\/v2\/categories?post=21085"},{"taxonomy":"post_tag","embeddable":true,"href":"https:\/\/sisgeo.com\/es\/wp-json\/wp\/v2\/tags?post=21085"}],"curies":[{"name":"wp","href":"https:\/\/api.w.org\/{rel}","templated":true}]}}