{"id":25914,"date":"2024-08-26T09:53:07","date_gmt":"2024-08-26T07:53:07","guid":{"rendered":"https:\/\/sisgeo.com\/general-guidelines-for-the-transport-and-storage\/"},"modified":"2024-09-04T09:38:30","modified_gmt":"2024-09-04T07:38:30","slug":"directrices-generales-para-el-transporte-y-almacenamiento","status":"publish","type":"page","link":"https:\/\/sisgeo.com\/es\/directrices-generales-para-el-transporte-y-almacenamiento\/","title":{"rendered":"DIRECTRICES GENERALES PARA EL TRANSPORTE Y ALMACENAMIENTO"},"content":{"rendered":"\n<p>Sisgeo produce instrumentos de alta precisi\u00f3n, fabricada y embalada con todo el cuidado necesario. Para que los productos lleguen al lugar de utilizaci\u00f3n o instalaci\u00f3n, como si fueran apenas salidos de nuestros laboratorios, hay que tener todo el cuidado necesario para evitar da\u00f1os durante el transporte y durante el almacenamiento (ca\u00eddas, golpes, vibraciones excesivas, etc.). <\/p>\n\n<p>Para obtener instrucciones m\u00e1s detalladas sobre productos espec\u00edficos, consulte la documentaci\u00f3n del producto. Si no se especifica en detalle en la ficha t\u00e9cnica o el manual del producto, consulte la informaci\u00f3n de este documento. <\/p>\n\n<ol class=\"wp-block-list\">\n<li>TRANSPORTE AL LUGAR DE INSTALACI\u00d3N<br>Las siguientes instrucciones se aplican al transporte de los instrumentos al lugar de instalaci\u00f3n:\n<ul class=\"wp-block-list\">\n<li>Transportar los productos en el embalaje en el que se enviaron.<\/li>\n\n\n\n<li>No retirar las tapas u otras protecciones de los productos, cables, conectores o cualquier otra pieza enviada por Sisgeo.<\/li>\n\n\n\n<li>Si se utiliza un elevador para trasladar el equipo embalado, levante el paquete desde la parte inferior de la caja y aseg\u00farese de que las horquillas no perforen el paquete para no da\u00f1ar los productos.<\/li>\n\n\n\n<li>No apilar las cajas o embalajes unos encima de otros<br\/><br\/><\/li>\n<\/ul>\n<\/li>\n\n\n\n<li>REVISIONES QUE DEBEN REALIZARSE AL RECIBIR EL EQUIPO\n<ul class=\"wp-block-list\">\n<li>Comprobar que el embalaje y su contenido no est\u00e9n da\u00f1ados.<\/li>\n\n\n\n<li>Comprobar que no falte nada y que la entrega corresponda con el pedido.<\/li>\n\n\n\n<li>Descargar los manuales de usuario de los equipos desde el sitio web de Sisgeo.<\/li>\n\n\n\n<li>Comprobar que los Certificados de Conformidad y de Calibraci\u00f3n se hayan recibido por correo electr\u00f3nico a la direcci\u00f3n del personal que gestion\u00f3 la compra.<br\/><br\/>NOTA: Colocar los instrumentos en las caja o embalaje original y, si necesario, cerrar con cinta adhesiva hasta el momento de la instalaci\u00f3n. De esta manera, proteger\u00e1 los productos de posibles da\u00f1os. <br\/><br\/><\/li>\n<\/ul>\n<\/li>\n\n\n\n<li>ALMACENAMIENTO\n<ul class=\"wp-block-list\">\n<li>Dejar los productos en su embalaje original, que ofrece una protecci\u00f3n \u00f3ptima.<\/li>\n\n\n\n<li>No apilar las cajas o embalajes unos encima de otros.<\/li>\n\n\n\n<li>El rango de temperatura de almacenamiento, salvo que se indique lo contrario en la ficha t\u00e9cnica de los productos adquiridos, es de -10&#8230;+50 \u00b0C (preferiblemente +20 \u00b0C). Para equipos con bater\u00edas, el rango de temperatura de almacenamiento debe estar entre +10&#8230;+40 \u00b0C (preferiblemente +20 \u00b0C). <\/li>\n\n\n\n<li>Durante el almacenamiento, los productos deben ser protegidos de la nieve, lluvia y de la luz solar directa para evitar temperaturas superficiales excesivamente altas, as\u00ed como los efectos de la radiaci\u00f3n ultravioleta (por ejemplo, en las tuber\u00edas de PVC).<\/li>\n\n\n\n<li>Elija un lugar de almacenamiento donde no se condense la humedad y evite de cualquier forma que el agua y la humedad elevada entren a contacto con el equipo almacenado.<\/li>\n\n\n\n<li>No retirar las tapas u otras protecciones de los productos, cables, conectores o cualquier otra pieza enviada por Sisgeo.<\/li>\n\n\n\n<li>Las unidades de lectura, los registradores de datos y cualquier equipo con bater\u00edas recargables deben recargarse peri\u00f3dicamente cada 30 d\u00edas.<\/li>\n<\/ul>\n<\/li>\n<\/ol>\n\n<div style=\"height:30px\" aria-hidden=\"true\" class=\"wp-block-spacer\"><\/div>\n\n<p>Estas informaciones se utilizan como l\u00edneas gu\u00edas generales. Si necesita m\u00e1s informaci\u00f3n, p\u00f3ngase en contacto con su representante de ventas, comercial de referencia o abra un ticket de asistencia enviando un correo electr\u00f3nico a <a href=\"mailto:assistance@sisgeo.com\">assistance@sisgeo.com<\/a> <\/p>\n","protected":false},"excerpt":{"rendered":"<p>Sisgeo produce instrumentos de alta precisi\u00f3n, fabricada y embalada con todo el cuidado necesario. Para que los productos lleguen al lugar de utilizaci\u00f3n o instalaci\u00f3n, como si fueran apenas salidos de nuestros laboratorios, hay que tener todo el cuidado necesario para evitar da\u00f1os durante el transporte y durante el almacenamiento (ca\u00eddas, golpes, vibraciones excesivas, etc.). [&hellip;]<\/p>\n","protected":false},"author":1,"featured_media":0,"parent":0,"menu_order":0,"comment_status":"closed","ping_status":"closed","template":"","meta":{"_acf_changed":false,"footnotes":""},"categories":[],"tags":[840],"class_list":["post-25914","page","type-page","status-publish","hentry","tag-terms-es"],"acf":[],"yoast_head":"<!-- This site is optimized with the Yoast SEO Premium plugin v27.4 (Yoast SEO v27.4) - https:\/\/yoast.com\/product\/yoast-seo-premium-wordpress\/ -->\n<title>DIRECTRICES GENERALES PARA EL TRANSPORTE Y ALMACENAMIENTO - Sisgeo<\/title>\n<meta name=\"robots\" content=\"index, follow, max-snippet:-1, max-image-preview:large, max-video-preview:-1\" \/>\n<link rel=\"canonical\" href=\"https:\/\/sisgeo.com\/es\/directrices-generales-para-el-transporte-y-almacenamiento\/\" \/>\n<meta property=\"og:locale\" content=\"es_ES\" \/>\n<meta property=\"og:type\" content=\"article\" \/>\n<meta property=\"og:title\" content=\"DIRECTRICES GENERALES PARA EL TRANSPORTE Y ALMACENAMIENTO\" \/>\n<meta property=\"og:description\" content=\"Sisgeo produce instrumentos de alta precisi\u00f3n, fabricada y embalada con todo el cuidado necesario. Para que los productos lleguen al lugar de utilizaci\u00f3n o instalaci\u00f3n, como si fueran apenas salidos de nuestros laboratorios, hay que tener todo el cuidado necesario para evitar da\u00f1os durante el transporte y durante el almacenamiento (ca\u00eddas, golpes, vibraciones excesivas, etc.). [&hellip;]\" \/>\n<meta property=\"og:url\" content=\"https:\/\/sisgeo.com\/es\/directrices-generales-para-el-transporte-y-almacenamiento\/\" \/>\n<meta property=\"og:site_name\" content=\"Sisgeo\" \/>\n<meta property=\"article:modified_time\" content=\"2024-09-04T07:38:30+00:00\" \/>\n<meta name=\"twitter:card\" content=\"summary_large_image\" \/>\n<meta name=\"twitter:label1\" content=\"Tiempo de lectura\" \/>\n\t<meta name=\"twitter:data1\" content=\"3 minutos\" \/>\n<script type=\"application\/ld+json\" class=\"yoast-schema-graph\">{\"@context\":\"https:\\\/\\\/schema.org\",\"@graph\":[{\"@type\":\"WebPage\",\"@id\":\"https:\\\/\\\/sisgeo.com\\\/es\\\/directrices-generales-para-el-transporte-y-almacenamiento\\\/\",\"url\":\"https:\\\/\\\/sisgeo.com\\\/es\\\/directrices-generales-para-el-transporte-y-almacenamiento\\\/\",\"name\":\"DIRECTRICES GENERALES PARA EL TRANSPORTE Y ALMACENAMIENTO - Sisgeo\",\"isPartOf\":{\"@id\":\"https:\\\/\\\/sisgeo.com\\\/es\\\/#website\"},\"datePublished\":\"2024-08-26T07:53:07+00:00\",\"dateModified\":\"2024-09-04T07:38:30+00:00\",\"breadcrumb\":{\"@id\":\"https:\\\/\\\/sisgeo.com\\\/es\\\/directrices-generales-para-el-transporte-y-almacenamiento\\\/#breadcrumb\"},\"inLanguage\":\"es\",\"potentialAction\":[{\"@type\":\"ReadAction\",\"target\":[\"https:\\\/\\\/sisgeo.com\\\/es\\\/directrices-generales-para-el-transporte-y-almacenamiento\\\/\"]}]},{\"@type\":\"BreadcrumbList\",\"@id\":\"https:\\\/\\\/sisgeo.com\\\/es\\\/directrices-generales-para-el-transporte-y-almacenamiento\\\/#breadcrumb\",\"itemListElement\":[{\"@type\":\"ListItem\",\"position\":1,\"name\":\"Home\",\"item\":\"https:\\\/\\\/sisgeo.com\\\/es\\\/geotechnical-and-structural-instrumentation-for-shm\\\/\"},{\"@type\":\"ListItem\",\"position\":2,\"name\":\"DIRECTRICES GENERALES PARA EL TRANSPORTE Y ALMACENAMIENTO\"}]},{\"@type\":\"WebSite\",\"@id\":\"https:\\\/\\\/sisgeo.com\\\/es\\\/#website\",\"url\":\"https:\\\/\\\/sisgeo.com\\\/es\\\/\",\"name\":\"Sisgeo\",\"description\":\"Inclined to improvement\",\"publisher\":{\"@id\":\"https:\\\/\\\/sisgeo.com\\\/es\\\/#organization\"},\"potentialAction\":[{\"@type\":\"SearchAction\",\"target\":{\"@type\":\"EntryPoint\",\"urlTemplate\":\"https:\\\/\\\/sisgeo.com\\\/es\\\/?s={search_term_string}\"},\"query-input\":{\"@type\":\"PropertyValueSpecification\",\"valueRequired\":true,\"valueName\":\"search_term_string\"}}],\"inLanguage\":\"es\"},{\"@type\":\"Organization\",\"@id\":\"https:\\\/\\\/sisgeo.com\\\/es\\\/#organization\",\"name\":\"Sisgeo S.r.l.\",\"url\":\"https:\\\/\\\/sisgeo.com\\\/es\\\/\",\"logo\":{\"@type\":\"ImageObject\",\"inLanguage\":\"es\",\"@id\":\"https:\\\/\\\/sisgeo.com\\\/es\\\/#\\\/schema\\\/logo\\\/image\\\/\",\"url\":\"https:\\\/\\\/sisgeodev.pipehosting.it\\\/wp-content\\\/uploads\\\/2023\\\/06\\\/logo-RGB.png\",\"contentUrl\":\"https:\\\/\\\/sisgeodev.pipehosting.it\\\/wp-content\\\/uploads\\\/2023\\\/06\\\/logo-RGB.png\",\"width\":205,\"height\":97,\"caption\":\"Sisgeo S.r.l.\"},\"image\":{\"@id\":\"https:\\\/\\\/sisgeo.com\\\/es\\\/#\\\/schema\\\/logo\\\/image\\\/\"}}]}<\/script>\n<!-- \/ Yoast SEO Premium plugin. -->","yoast_head_json":{"title":"DIRECTRICES GENERALES PARA EL TRANSPORTE Y ALMACENAMIENTO - Sisgeo","robots":{"index":"index","follow":"follow","max-snippet":"max-snippet:-1","max-image-preview":"max-image-preview:large","max-video-preview":"max-video-preview:-1"},"canonical":"https:\/\/sisgeo.com\/es\/directrices-generales-para-el-transporte-y-almacenamiento\/","og_locale":"es_ES","og_type":"article","og_title":"DIRECTRICES GENERALES PARA EL TRANSPORTE Y ALMACENAMIENTO","og_description":"Sisgeo produce instrumentos de alta precisi\u00f3n, fabricada y embalada con todo el cuidado necesario. Para que los productos lleguen al lugar de utilizaci\u00f3n o instalaci\u00f3n, como si fueran apenas salidos de nuestros laboratorios, hay que tener todo el cuidado necesario para evitar da\u00f1os durante el transporte y durante el almacenamiento (ca\u00eddas, golpes, vibraciones excesivas, etc.). [&hellip;]","og_url":"https:\/\/sisgeo.com\/es\/directrices-generales-para-el-transporte-y-almacenamiento\/","og_site_name":"Sisgeo","article_modified_time":"2024-09-04T07:38:30+00:00","twitter_card":"summary_large_image","twitter_misc":{"Tiempo de lectura":"3 minutos"},"schema":{"@context":"https:\/\/schema.org","@graph":[{"@type":"WebPage","@id":"https:\/\/sisgeo.com\/es\/directrices-generales-para-el-transporte-y-almacenamiento\/","url":"https:\/\/sisgeo.com\/es\/directrices-generales-para-el-transporte-y-almacenamiento\/","name":"DIRECTRICES GENERALES PARA EL TRANSPORTE Y ALMACENAMIENTO - Sisgeo","isPartOf":{"@id":"https:\/\/sisgeo.com\/es\/#website"},"datePublished":"2024-08-26T07:53:07+00:00","dateModified":"2024-09-04T07:38:30+00:00","breadcrumb":{"@id":"https:\/\/sisgeo.com\/es\/directrices-generales-para-el-transporte-y-almacenamiento\/#breadcrumb"},"inLanguage":"es","potentialAction":[{"@type":"ReadAction","target":["https:\/\/sisgeo.com\/es\/directrices-generales-para-el-transporte-y-almacenamiento\/"]}]},{"@type":"BreadcrumbList","@id":"https:\/\/sisgeo.com\/es\/directrices-generales-para-el-transporte-y-almacenamiento\/#breadcrumb","itemListElement":[{"@type":"ListItem","position":1,"name":"Home","item":"https:\/\/sisgeo.com\/es\/geotechnical-and-structural-instrumentation-for-shm\/"},{"@type":"ListItem","position":2,"name":"DIRECTRICES GENERALES PARA EL TRANSPORTE Y ALMACENAMIENTO"}]},{"@type":"WebSite","@id":"https:\/\/sisgeo.com\/es\/#website","url":"https:\/\/sisgeo.com\/es\/","name":"Sisgeo","description":"Inclined to improvement","publisher":{"@id":"https:\/\/sisgeo.com\/es\/#organization"},"potentialAction":[{"@type":"SearchAction","target":{"@type":"EntryPoint","urlTemplate":"https:\/\/sisgeo.com\/es\/?s={search_term_string}"},"query-input":{"@type":"PropertyValueSpecification","valueRequired":true,"valueName":"search_term_string"}}],"inLanguage":"es"},{"@type":"Organization","@id":"https:\/\/sisgeo.com\/es\/#organization","name":"Sisgeo S.r.l.","url":"https:\/\/sisgeo.com\/es\/","logo":{"@type":"ImageObject","inLanguage":"es","@id":"https:\/\/sisgeo.com\/es\/#\/schema\/logo\/image\/","url":"https:\/\/sisgeodev.pipehosting.it\/wp-content\/uploads\/2023\/06\/logo-RGB.png","contentUrl":"https:\/\/sisgeodev.pipehosting.it\/wp-content\/uploads\/2023\/06\/logo-RGB.png","width":205,"height":97,"caption":"Sisgeo S.r.l."},"image":{"@id":"https:\/\/sisgeo.com\/es\/#\/schema\/logo\/image\/"}}]}},"_links":{"self":[{"href":"https:\/\/sisgeo.com\/es\/wp-json\/wp\/v2\/pages\/25914","targetHints":{"allow":["GET"]}}],"collection":[{"href":"https:\/\/sisgeo.com\/es\/wp-json\/wp\/v2\/pages"}],"about":[{"href":"https:\/\/sisgeo.com\/es\/wp-json\/wp\/v2\/types\/page"}],"author":[{"embeddable":true,"href":"https:\/\/sisgeo.com\/es\/wp-json\/wp\/v2\/users\/1"}],"replies":[{"embeddable":true,"href":"https:\/\/sisgeo.com\/es\/wp-json\/wp\/v2\/comments?post=25914"}],"version-history":[{"count":5,"href":"https:\/\/sisgeo.com\/es\/wp-json\/wp\/v2\/pages\/25914\/revisions"}],"predecessor-version":[{"id":25997,"href":"https:\/\/sisgeo.com\/es\/wp-json\/wp\/v2\/pages\/25914\/revisions\/25997"}],"wp:attachment":[{"href":"https:\/\/sisgeo.com\/es\/wp-json\/wp\/v2\/media?parent=25914"}],"wp:term":[{"taxonomy":"category","embeddable":true,"href":"https:\/\/sisgeo.com\/es\/wp-json\/wp\/v2\/categories?post=25914"},{"taxonomy":"post_tag","embeddable":true,"href":"https:\/\/sisgeo.com\/es\/wp-json\/wp\/v2\/tags?post=25914"}],"curies":[{"name":"wp","href":"https:\/\/api.w.org\/{rel}","templated":true}]}}