{"id":19710,"date":"2023-08-30T14:14:53","date_gmt":"2023-08-30T12:14:53","guid":{"rendered":"https:\/\/sisgeo.com\/systeme-qualite-et-certificats\/"},"modified":"2024-04-18T14:31:09","modified_gmt":"2024-04-18T12:31:09","slug":"systeme-qualite-et-certificats","status":"publish","type":"page","link":"https:\/\/sisgeo.com\/fr\/entreprise\/systeme-qualite-et-certificats\/","title":{"rendered":"Syst\u00e8me qualit\u00e9 et certificats"},"content":{"rendered":"\t\t<div data-elementor-type=\"wp-page\" data-elementor-id=\"19710\" class=\"elementor elementor-19710 elementor-9565\" data-elementor-post-type=\"page\">\n\t\t\t\t<div class=\"elementor-element elementor-element-9b6c437 e-flex e-con-boxed e-con e-parent\" data-id=\"9b6c437\" data-element_type=\"container\" data-e-type=\"container\">\n\t\t\t\t\t<div class=\"e-con-inner\">\n\t\t<div class=\"elementor-element elementor-element-c87195e e-con-full e-flex e-con e-child\" data-id=\"c87195e\" data-element_type=\"container\" data-e-type=\"container\">\n\t\t\t\t<div class=\"elementor-element elementor-element-cf51d58 dce_masking-none elementor-widget elementor-widget-image\" data-id=\"cf51d58\" data-element_type=\"widget\" data-e-type=\"widget\" data-widget_type=\"image.default\">\n\t\t\t\t<div class=\"elementor-widget-container\">\n\t\t\t\t\t\t\t\t\t\t\t\t\t\t\t<img fetchpriority=\"high\" decoding=\"async\" width=\"1292\" height=\"603\" src=\"https:\/\/sisgeo.com\/wp-content\/uploads\/2023\/09\/certification-sisgeo1.png\" class=\"attachment-full size-full wp-image-13451\" alt=\"\" srcset=\"https:\/\/sisgeo.com\/wp-content\/uploads\/2023\/09\/certification-sisgeo1.png 1292w, https:\/\/sisgeo.com\/wp-content\/uploads\/2023\/09\/certification-sisgeo1-300x140.png 300w, https:\/\/sisgeo.com\/wp-content\/uploads\/2023\/09\/certification-sisgeo1-1024x478.png 1024w, https:\/\/sisgeo.com\/wp-content\/uploads\/2023\/09\/certification-sisgeo1-768x358.png 768w\" sizes=\"(max-width: 1292px) 100vw, 1292px\" \/>\t\t\t\t\t\t\t\t\t\t\t\t\t\t\t<\/div>\n\t\t\t\t<\/div>\n\t\t\t\t<\/div>\n\t\t<div class=\"elementor-element elementor-element-54e0c4a e-con-full e-flex e-con e-child\" data-id=\"54e0c4a\" data-element_type=\"container\" data-e-type=\"container\">\n\t\t\t\t<div class=\"elementor-element elementor-element-95d55a1 dce_masking-none elementor-widget elementor-widget-image\" data-id=\"95d55a1\" data-element_type=\"widget\" data-e-type=\"widget\" data-widget_type=\"image.default\">\n\t\t\t\t<div class=\"elementor-widget-container\">\n\t\t\t\t\t\t\t\t\t\t\t\t\t\t\t<img decoding=\"async\" width=\"615\" height=\"349\" src=\"https:\/\/sisgeo.com\/wp-content\/uploads\/2023\/05\/Logo-SISGEO-sulla-facciata-della-sede.jpg\" class=\"attachment-full size-full wp-image-834\" alt=\"\" srcset=\"https:\/\/sisgeo.com\/wp-content\/uploads\/2023\/05\/Logo-SISGEO-sulla-facciata-della-sede.jpg 615w, https:\/\/sisgeo.com\/wp-content\/uploads\/2023\/05\/Logo-SISGEO-sulla-facciata-della-sede-300x170.jpg 300w\" sizes=\"(max-width: 615px) 100vw, 615px\" \/>\t\t\t\t\t\t\t\t\t\t\t\t\t\t\t<\/div>\n\t\t\t\t<\/div>\n\t\t\t\t<\/div>\n\t\t\t\t\t<\/div>\n\t\t\t\t<\/div>\n\t\t<div class=\"elementor-element elementor-element-a309bfd e-flex e-con-boxed e-con e-parent\" data-id=\"a309bfd\" data-element_type=\"container\" data-e-type=\"container\">\n\t\t\t\t\t<div class=\"e-con-inner\">\n\t\t<div class=\"elementor-element elementor-element-10b8e74 e-con-full e-flex e-con e-child\" data-id=\"10b8e74\" data-element_type=\"container\" data-e-type=\"container\">\n\t\t\t\t<div class=\"elementor-element elementor-element-0b7ef2e elementor-widget elementor-widget-heading\" data-id=\"0b7ef2e\" data-element_type=\"widget\" data-e-type=\"widget\" data-widget_type=\"heading.default\">\n\t\t\t\t<div class=\"elementor-widget-container\">\n\t\t\t\t\t<h2 class=\"elementor-heading-title elementor-size-default\">Notre approche de la qualit\u00e9<\/h2>\t\t\t\t<\/div>\n\t\t\t\t<\/div>\n\t\t\t\t<\/div>\n\t\t<div class=\"elementor-element elementor-element-fd80153 e-con-full e-flex e-con e-child\" data-id=\"fd80153\" data-element_type=\"container\" data-e-type=\"container\">\n\t\t\t\t<div data-dce-text-color=\"#000000\" class=\"elementor-element elementor-element-67d6472 elementor-widget elementor-widget-text-editor\" data-id=\"67d6472\" data-element_type=\"widget\" data-e-type=\"widget\" data-widget_type=\"text-editor.default\">\n\t\t\t\t<div class=\"elementor-widget-container\">\n\t\t\t\t\t\t\t\t\t<p>Chaque jour, sur chaque projet, nous adoptons une approche 100% orient\u00e9e vers nos clients afin de cr\u00e9er une cha\u00eene valoris\u00e9e d&rsquo;approvisionnement r\u00e9pondant \u00e0 toutes ses exigences. Pour ce faire, nous utilisons les donn\u00e9es comme sources de valeur ajout\u00e9e tout en nous engageant \u00e0 toujours appliquer les meilleures politiques possibles en mati\u00e8re de gestion de la qualit\u00e9 et de gestion des risques dans l&rsquo;ensemble de notre entreprise tout en veillant au bien-\u00eatre de l&rsquo;ensemble de notre personnel. <\/p>\n\t\t\t\t\t\t\t\t<\/div>\n\t\t\t\t<\/div>\n\t\t\t\t<div class=\"elementor-element elementor-element-afdc78f elementor-widget elementor-widget-heading\" data-id=\"afdc78f\" data-element_type=\"widget\" data-e-type=\"widget\" data-widget_type=\"heading.default\">\n\t\t\t\t<div class=\"elementor-widget-container\">\n\t\t\t\t\t<h3 class=\"elementor-heading-title elementor-size-default\">Valeurs - <span style=\"font-family:GT Planar\">Les piliers de notre philosophie<\/span><\/h3>\t\t\t\t<\/div>\n\t\t\t\t<\/div>\n\t\t\t\t<div class=\"elementor-element elementor-element-cbabfe7 elementor-widget elementor-widget-text-editor\" data-id=\"cbabfe7\" data-element_type=\"widget\" data-e-type=\"widget\" data-widget_type=\"text-editor.default\">\n\t\t\t\t<div class=\"elementor-widget-container\">\n\t\t\t\t\t\t\t\t\t<ul>\n<li>Transformer les demandes et les attentes en exigences<\/li>\n<li>Ne jamais n\u00e9gliger les obligations d\u00e9coulant des lois et r\u00e8glements<\/li>\n<li>Appliquer soigneusement notre syst\u00e8me de gestion de la qualit\u00e9<\/li>\n<li>Consid\u00e9rer la qualit\u00e9 comme une approche transversale<\/li>\n<li>G\u00e9rer les facteurs de risque internes et externes<\/li>\n<li>Adopter une approche ax\u00e9e sur les processus pour am\u00e9liorer les performances<\/li>\n<\/ul>\n\t\t\t\t\t\t\t\t<\/div>\n\t\t\t\t<\/div>\n\t\t\t\t<div class=\"elementor-element elementor-element-4d8f88c elementor-widget elementor-widget-heading\" data-id=\"4d8f88c\" data-element_type=\"widget\" data-e-type=\"widget\" data-widget_type=\"heading.default\">\n\t\t\t\t<div class=\"elementor-widget-container\">\n\t\t\t\t\t<h3 class=\"elementor-heading-title elementor-size-default\">Objectifs<\/h3>\t\t\t\t<\/div>\n\t\t\t\t<\/div>\n\t\t\t\t<div class=\"elementor-element elementor-element-7432403 elementor-widget elementor-widget-text-editor\" data-id=\"7432403\" data-element_type=\"widget\" data-e-type=\"widget\" data-widget_type=\"text-editor.default\">\n\t\t\t\t<div class=\"elementor-widget-container\">\n\t\t\t\t\t\t\t\t\t<ul>\n<li>Am\u00e9lioration continue des performances et de la fiabilit\u00e9 des produits\/services<\/li>\n<li>Mise \u00e0 jour et perfectionnement constants de tous les produits, services et processus<\/li>\n<li>Opportunit\u00e9 et planification minutieuse des activit\u00e9s visant \u00e0 soutenir le professionnalisme<\/li>\n<li>Responsabilisation de tous les employ\u00e9s en ce qui concerne les processus et les performances<\/li>\n<li>Programme de formation continue et de d\u00e9veloppement impliquant l&rsquo;ensemble du personnel<\/li>\n<li>Un niveau \u00e9lev\u00e9 de s\u00e9curit\u00e9 pour les travailleurs et une attention particuli\u00e8re accord\u00e9e aux conditions de leur environnement de travail<\/li>\n<li>Modernisation des processus de production en conformit\u00e9 avec les syst\u00e8mes d&rsquo;automatisation 4.0<\/li>\n<\/ul>\n\t\t\t\t\t\t\t\t<\/div>\n\t\t\t\t<\/div>\n\t\t\t\t<\/div>\n\t\t\t\t\t<\/div>\n\t\t\t\t<\/div>\n\t\t<div class=\"elementor-element elementor-element-d04f867 e-flex e-con-boxed e-con e-parent\" data-id=\"d04f867\" data-element_type=\"container\" data-e-type=\"container\">\n\t\t\t\t\t<div class=\"e-con-inner\">\n\t\t<div class=\"elementor-element elementor-element-0f7f413 e-con-full e-flex e-con e-child\" data-id=\"0f7f413\" data-element_type=\"container\" data-e-type=\"container\">\n\t\t\t\t<div class=\"elementor-element elementor-element-4a2bbf2 elementor-widget elementor-widget-heading\" data-id=\"4a2bbf2\" data-element_type=\"widget\" data-e-type=\"widget\" data-widget_type=\"heading.default\">\n\t\t\t\t<div class=\"elementor-widget-container\">\n\t\t\t\t\t<h2 class=\"elementor-heading-title elementor-size-default\">Certificats<\/h2>\t\t\t\t<\/div>\n\t\t\t\t<\/div>\n\t\t\t\t<div class=\"elementor-element elementor-element-7853114 dce_masking-none elementor-widget elementor-widget-image\" data-id=\"7853114\" data-element_type=\"widget\" data-e-type=\"widget\" data-widget_type=\"image.default\">\n\t\t\t\t<div class=\"elementor-widget-container\">\n\t\t\t\t\t\t\t\t\t\t\t\t\t\t\t\t<a href=\"\/wp-content\/uploads\/Certificato%20del%20sistema%20qualit\u00e0\/ISO%209001%20Sisgeo%202024.pdf\" target=\"_blank\" rel=\"nofollow\">\n\t\t\t\t\t\t\t<img decoding=\"async\" width=\"297\" height=\"421\" src=\"https:\/\/sisgeo.com\/wp-content\/uploads\/2023\/08\/Management-system-certificate.png\" class=\"attachment-full size-full wp-image-9602\" alt=\"\" srcset=\"https:\/\/sisgeo.com\/wp-content\/uploads\/2023\/08\/Management-system-certificate.png 297w, https:\/\/sisgeo.com\/wp-content\/uploads\/2023\/08\/Management-system-certificate-212x300.png 212w\" sizes=\"(max-width: 297px) 100vw, 297px\" \/>\t\t\t\t\t\t\t\t<\/a>\n\t\t\t\t\t\t\t\t\t\t\t\t\t\t\t<\/div>\n\t\t\t\t<\/div>\n\t\t\t\t<\/div>\n\t\t<div class=\"elementor-element elementor-element-5198862 e-con-full e-flex e-con e-child\" data-id=\"5198862\" data-element_type=\"container\" data-e-type=\"container\">\n\t\t\t\t<div class=\"elementor-element elementor-element-7956f88 elementor-widget elementor-widget-heading\" data-id=\"7956f88\" data-element_type=\"widget\" data-e-type=\"widget\" data-widget_type=\"heading.default\">\n\t\t\t\t<div class=\"elementor-widget-container\">\n\t\t\t\t\t<h3 class=\"elementor-heading-title elementor-size-default\">UNI EN ISO 9001:2015<\/h3>\t\t\t\t<\/div>\n\t\t\t\t<\/div>\n\t\t\t\t<div class=\"elementor-element elementor-element-73e45ec elementor-widget elementor-widget-text-editor\" data-id=\"73e45ec\" data-element_type=\"widget\" data-e-type=\"widget\" data-widget_type=\"text-editor.default\">\n\t\t\t\t<div class=\"elementor-widget-container\">\n\t\t\t\t\t\t\t\t\t<p>La production et la fourniture de tous nos produits et services sont guid\u00e9es par les concepts fondamentaux d&rsquo;organisation, de qualit\u00e9 et de satisfaction du client. En effet, en 1997, SISGEO a obtenu le certificat ISO et, depuis lors, la mise en \u0153uvre permanente et coh\u00e9rente de notre syst\u00e8me de qualit\u00e9 dans l&rsquo;ensemble de l&rsquo;entreprise nous a pouss\u00e9s \u00e0 nous d\u00e9velopper et \u00e0 am\u00e9liorer nos programmes. <\/p>\n<p>En 2018, Sisgeo a obtenu le nouveau CERTIFICAT ISO 9001:2015, concernant l&rsquo;ing\u00e9nierie et la fabrication d&rsquo;instruments g\u00e9otechniques, g\u00e9om\u00e9caniques et de g\u00e9nie civil, ainsi que la fabrication de syst\u00e8mes manuels et automatis\u00e9s pour les processus de surveillance g\u00e9otechnique et structurelle. <\/p>\n<p>Nous sommes tr\u00e8s fiers d&rsquo;avoir obtenu ce certificat et nous nous effor\u00e7ons d&rsquo;am\u00e9liorer continuellement nos produits et nos services afin d&rsquo;accro\u00eetre la satisfaction de nos clients.<\/p>\n\t\t\t\t\t\t\t\t<\/div>\n\t\t\t\t<\/div>\n\t\t\t\t<\/div>\n\t\t\t\t\t<\/div>\n\t\t\t\t<\/div>\n\t\t\t\t<\/div>\n\t\t","protected":false},"excerpt":{"rendered":"<p>Notre approche de la qualit\u00e9 Chaque jour, sur chaque projet, nous adoptons une approche 100% orient\u00e9e vers nos clients afin de cr\u00e9er une cha\u00eene valoris\u00e9e d&rsquo;approvisionnement r\u00e9pondant \u00e0 toutes ses exigences. Pour ce faire, nous utilisons les donn\u00e9es comme sources de valeur ajout\u00e9e tout en nous engageant \u00e0 toujours appliquer les meilleures politiques possibles en [&hellip;]<\/p>\n","protected":false},"author":1,"featured_media":0,"parent":19960,"menu_order":0,"comment_status":"closed","ping_status":"closed","template":"","meta":{"footnotes":""},"categories":[],"tags":[],"class_list":["post-19710","page","type-page","status-publish","hentry"],"yoast_head":"<!-- This site is optimized with the Yoast SEO Premium plugin v27.2 (Yoast SEO v27.2) - https:\/\/yoast.com\/product\/yoast-seo-premium-wordpress\/ -->\n<title>Syst\u00e8me qualit\u00e9 et certificats - Sisgeo<\/title>\n<meta name=\"robots\" content=\"index, follow, max-snippet:-1, max-image-preview:large, max-video-preview:-1\" \/>\n<link rel=\"canonical\" href=\"https:\/\/sisgeo.com\/fr\/entreprise\/systeme-qualite-et-certificats\/\" \/>\n<meta property=\"og:locale\" content=\"fr_FR\" \/>\n<meta property=\"og:type\" content=\"article\" \/>\n<meta property=\"og:title\" content=\"Syst\u00e8me qualit\u00e9 et certificats\" \/>\n<meta property=\"og:description\" content=\"Notre approche de la qualit\u00e9 Chaque jour, sur chaque projet, nous adoptons une approche 100% orient\u00e9e vers nos clients afin de cr\u00e9er une cha\u00eene valoris\u00e9e d&rsquo;approvisionnement r\u00e9pondant \u00e0 toutes ses exigences. Pour ce faire, nous utilisons les donn\u00e9es comme sources de valeur ajout\u00e9e tout en nous engageant \u00e0 toujours appliquer les meilleures politiques possibles en [&hellip;]\" \/>\n<meta property=\"og:url\" content=\"https:\/\/sisgeo.com\/fr\/entreprise\/systeme-qualite-et-certificats\/\" \/>\n<meta property=\"og:site_name\" content=\"Sisgeo\" \/>\n<meta property=\"article:modified_time\" content=\"2024-04-18T12:31:09+00:00\" \/>\n<meta property=\"og:image\" content=\"https:\/\/sisgeo.com\/wp-content\/uploads\/2023\/09\/certification-sisgeo1.png\" \/>\n<meta name=\"twitter:card\" content=\"summary_large_image\" \/>\n<meta name=\"twitter:label1\" content=\"Dur\u00e9e de lecture estim\u00e9e\" \/>\n\t<meta name=\"twitter:data1\" content=\"2 minutes\" \/>\n<script type=\"application\/ld+json\" class=\"yoast-schema-graph\">{\"@context\":\"https:\/\/schema.org\",\"@graph\":[{\"@type\":\"WebPage\",\"@id\":\"https:\/\/sisgeo.com\/fr\/entreprise\/systeme-qualite-et-certificats\/\",\"url\":\"https:\/\/sisgeo.com\/fr\/entreprise\/systeme-qualite-et-certificats\/\",\"name\":\"Syst\u00e8me qualit\u00e9 et certificats - Sisgeo\",\"isPartOf\":{\"@id\":\"https:\/\/sisgeo.com\/fr\/#website\"},\"primaryImageOfPage\":{\"@id\":\"https:\/\/sisgeo.com\/fr\/entreprise\/systeme-qualite-et-certificats\/#primaryimage\"},\"image\":{\"@id\":\"https:\/\/sisgeo.com\/fr\/entreprise\/systeme-qualite-et-certificats\/#primaryimage\"},\"thumbnailUrl\":\"https:\/\/sisgeo.com\/wp-content\/uploads\/2023\/09\/certification-sisgeo1.png\",\"datePublished\":\"2023-08-30T12:14:53+00:00\",\"dateModified\":\"2024-04-18T12:31:09+00:00\",\"breadcrumb\":{\"@id\":\"https:\/\/sisgeo.com\/fr\/entreprise\/systeme-qualite-et-certificats\/#breadcrumb\"},\"inLanguage\":\"fr-FR\",\"potentialAction\":[{\"@type\":\"ReadAction\",\"target\":[\"https:\/\/sisgeo.com\/fr\/entreprise\/systeme-qualite-et-certificats\/\"]}]},{\"@type\":\"ImageObject\",\"inLanguage\":\"fr-FR\",\"@id\":\"https:\/\/sisgeo.com\/fr\/entreprise\/systeme-qualite-et-certificats\/#primaryimage\",\"url\":\"https:\/\/sisgeo.com\/wp-content\/uploads\/2023\/09\/certification-sisgeo1.png\",\"contentUrl\":\"https:\/\/sisgeo.com\/wp-content\/uploads\/2023\/09\/certification-sisgeo1.png\"},{\"@type\":\"BreadcrumbList\",\"@id\":\"https:\/\/sisgeo.com\/fr\/entreprise\/systeme-qualite-et-certificats\/#breadcrumb\",\"itemListElement\":[{\"@type\":\"ListItem\",\"position\":1,\"name\":\"Home\",\"item\":\"https:\/\/sisgeo.com\/fr\/linstrumentation-geotechnique-et-structurale-pour-le-shm\/\"},{\"@type\":\"ListItem\",\"position\":2,\"name\":\"Entreprise\",\"item\":\"https:\/\/sisgeo.com\/fr\/entreprise\/\"},{\"@type\":\"ListItem\",\"position\":3,\"name\":\"Syst\u00e8me qualit\u00e9 et certificats\"}]},{\"@type\":\"WebSite\",\"@id\":\"https:\/\/sisgeo.com\/fr\/#website\",\"url\":\"https:\/\/sisgeo.com\/fr\/\",\"name\":\"Sisgeo\",\"description\":\"Inclined to improvement\",\"publisher\":{\"@id\":\"https:\/\/sisgeo.com\/fr\/#organization\"},\"potentialAction\":[{\"@type\":\"SearchAction\",\"target\":{\"@type\":\"EntryPoint\",\"urlTemplate\":\"https:\/\/sisgeo.com\/fr\/?s={search_term_string}\"},\"query-input\":{\"@type\":\"PropertyValueSpecification\",\"valueRequired\":true,\"valueName\":\"search_term_string\"}}],\"inLanguage\":\"fr-FR\"},{\"@type\":\"Organization\",\"@id\":\"https:\/\/sisgeo.com\/fr\/#organization\",\"name\":\"Sisgeo S.r.l.\",\"url\":\"https:\/\/sisgeo.com\/fr\/\",\"logo\":{\"@type\":\"ImageObject\",\"inLanguage\":\"fr-FR\",\"@id\":\"https:\/\/sisgeo.com\/fr\/#\/schema\/logo\/image\/\",\"url\":\"https:\/\/sisgeodev.pipehosting.it\/wp-content\/uploads\/2023\/06\/logo-RGB.png\",\"contentUrl\":\"https:\/\/sisgeodev.pipehosting.it\/wp-content\/uploads\/2023\/06\/logo-RGB.png\",\"width\":205,\"height\":97,\"caption\":\"Sisgeo S.r.l.\"},\"image\":{\"@id\":\"https:\/\/sisgeo.com\/fr\/#\/schema\/logo\/image\/\"}}]}<\/script>\n<!-- \/ Yoast SEO Premium plugin. -->","yoast_head_json":{"title":"Syst\u00e8me qualit\u00e9 et certificats - Sisgeo","robots":{"index":"index","follow":"follow","max-snippet":"max-snippet:-1","max-image-preview":"max-image-preview:large","max-video-preview":"max-video-preview:-1"},"canonical":"https:\/\/sisgeo.com\/fr\/entreprise\/systeme-qualite-et-certificats\/","og_locale":"fr_FR","og_type":"article","og_title":"Syst\u00e8me qualit\u00e9 et certificats","og_description":"Notre approche de la qualit\u00e9 Chaque jour, sur chaque projet, nous adoptons une approche 100% orient\u00e9e vers nos clients afin de cr\u00e9er une cha\u00eene valoris\u00e9e d&rsquo;approvisionnement r\u00e9pondant \u00e0 toutes ses exigences. Pour ce faire, nous utilisons les donn\u00e9es comme sources de valeur ajout\u00e9e tout en nous engageant \u00e0 toujours appliquer les meilleures politiques possibles en [&hellip;]","og_url":"https:\/\/sisgeo.com\/fr\/entreprise\/systeme-qualite-et-certificats\/","og_site_name":"Sisgeo","article_modified_time":"2024-04-18T12:31:09+00:00","og_image":[{"url":"https:\/\/sisgeo.com\/wp-content\/uploads\/2023\/09\/certification-sisgeo1.png","type":"","width":"","height":""}],"twitter_card":"summary_large_image","twitter_misc":{"Dur\u00e9e de lecture estim\u00e9e":"2 minutes"},"schema":{"@context":"https:\/\/schema.org","@graph":[{"@type":"WebPage","@id":"https:\/\/sisgeo.com\/fr\/entreprise\/systeme-qualite-et-certificats\/","url":"https:\/\/sisgeo.com\/fr\/entreprise\/systeme-qualite-et-certificats\/","name":"Syst\u00e8me qualit\u00e9 et certificats - Sisgeo","isPartOf":{"@id":"https:\/\/sisgeo.com\/fr\/#website"},"primaryImageOfPage":{"@id":"https:\/\/sisgeo.com\/fr\/entreprise\/systeme-qualite-et-certificats\/#primaryimage"},"image":{"@id":"https:\/\/sisgeo.com\/fr\/entreprise\/systeme-qualite-et-certificats\/#primaryimage"},"thumbnailUrl":"https:\/\/sisgeo.com\/wp-content\/uploads\/2023\/09\/certification-sisgeo1.png","datePublished":"2023-08-30T12:14:53+00:00","dateModified":"2024-04-18T12:31:09+00:00","breadcrumb":{"@id":"https:\/\/sisgeo.com\/fr\/entreprise\/systeme-qualite-et-certificats\/#breadcrumb"},"inLanguage":"fr-FR","potentialAction":[{"@type":"ReadAction","target":["https:\/\/sisgeo.com\/fr\/entreprise\/systeme-qualite-et-certificats\/"]}]},{"@type":"ImageObject","inLanguage":"fr-FR","@id":"https:\/\/sisgeo.com\/fr\/entreprise\/systeme-qualite-et-certificats\/#primaryimage","url":"https:\/\/sisgeo.com\/wp-content\/uploads\/2023\/09\/certification-sisgeo1.png","contentUrl":"https:\/\/sisgeo.com\/wp-content\/uploads\/2023\/09\/certification-sisgeo1.png"},{"@type":"BreadcrumbList","@id":"https:\/\/sisgeo.com\/fr\/entreprise\/systeme-qualite-et-certificats\/#breadcrumb","itemListElement":[{"@type":"ListItem","position":1,"name":"Home","item":"https:\/\/sisgeo.com\/fr\/linstrumentation-geotechnique-et-structurale-pour-le-shm\/"},{"@type":"ListItem","position":2,"name":"Entreprise","item":"https:\/\/sisgeo.com\/fr\/entreprise\/"},{"@type":"ListItem","position":3,"name":"Syst\u00e8me qualit\u00e9 et certificats"}]},{"@type":"WebSite","@id":"https:\/\/sisgeo.com\/fr\/#website","url":"https:\/\/sisgeo.com\/fr\/","name":"Sisgeo","description":"Inclined to improvement","publisher":{"@id":"https:\/\/sisgeo.com\/fr\/#organization"},"potentialAction":[{"@type":"SearchAction","target":{"@type":"EntryPoint","urlTemplate":"https:\/\/sisgeo.com\/fr\/?s={search_term_string}"},"query-input":{"@type":"PropertyValueSpecification","valueRequired":true,"valueName":"search_term_string"}}],"inLanguage":"fr-FR"},{"@type":"Organization","@id":"https:\/\/sisgeo.com\/fr\/#organization","name":"Sisgeo S.r.l.","url":"https:\/\/sisgeo.com\/fr\/","logo":{"@type":"ImageObject","inLanguage":"fr-FR","@id":"https:\/\/sisgeo.com\/fr\/#\/schema\/logo\/image\/","url":"https:\/\/sisgeodev.pipehosting.it\/wp-content\/uploads\/2023\/06\/logo-RGB.png","contentUrl":"https:\/\/sisgeodev.pipehosting.it\/wp-content\/uploads\/2023\/06\/logo-RGB.png","width":205,"height":97,"caption":"Sisgeo S.r.l."},"image":{"@id":"https:\/\/sisgeo.com\/fr\/#\/schema\/logo\/image\/"}}]}},"_links":{"self":[{"href":"https:\/\/sisgeo.com\/fr\/wp-json\/wp\/v2\/pages\/19710","targetHints":{"allow":["GET"]}}],"collection":[{"href":"https:\/\/sisgeo.com\/fr\/wp-json\/wp\/v2\/pages"}],"about":[{"href":"https:\/\/sisgeo.com\/fr\/wp-json\/wp\/v2\/types\/page"}],"author":[{"embeddable":true,"href":"https:\/\/sisgeo.com\/fr\/wp-json\/wp\/v2\/users\/1"}],"replies":[{"embeddable":true,"href":"https:\/\/sisgeo.com\/fr\/wp-json\/wp\/v2\/comments?post=19710"}],"version-history":[{"count":2,"href":"https:\/\/sisgeo.com\/fr\/wp-json\/wp\/v2\/pages\/19710\/revisions"}],"predecessor-version":[{"id":25083,"href":"https:\/\/sisgeo.com\/fr\/wp-json\/wp\/v2\/pages\/19710\/revisions\/25083"}],"up":[{"embeddable":true,"href":"https:\/\/sisgeo.com\/fr\/wp-json\/wp\/v2\/pages\/19960"}],"wp:attachment":[{"href":"https:\/\/sisgeo.com\/fr\/wp-json\/wp\/v2\/media?parent=19710"}],"wp:term":[{"taxonomy":"category","embeddable":true,"href":"https:\/\/sisgeo.com\/fr\/wp-json\/wp\/v2\/categories?post=19710"},{"taxonomy":"post_tag","embeddable":true,"href":"https:\/\/sisgeo.com\/fr\/wp-json\/wp\/v2\/tags?post=19710"}],"curies":[{"name":"wp","href":"https:\/\/api.w.org\/{rel}","templated":true}]}}