{"id":19902,"date":"2023-06-14T11:34:51","date_gmt":"2023-06-14T09:34:51","guid":{"rendered":"https:\/\/sisgeo.com\/applications\/chemins-de-fer\/"},"modified":"2024-10-24T17:23:11","modified_gmt":"2024-10-24T15:23:11","slug":"chemins-de-fer","status":"publish","type":"page","link":"https:\/\/sisgeo.com\/fr\/applications\/chemins-de-fer\/","title":{"rendered":"Chemins de fer"},"content":{"rendered":"\t\t<div data-elementor-type=\"wp-page\" data-elementor-id=\"19902\" class=\"elementor elementor-19902 elementor-2438\" data-elementor-post-type=\"page\">\n\t\t\t\t<div class=\"elementor-element elementor-element-b11e6bb e-flex e-con-boxed e-con e-parent\" data-id=\"b11e6bb\" data-element_type=\"container\" data-e-type=\"container\">\n\t\t\t\t\t<div class=\"e-con-inner\">\n\t\t\t\t<div class=\"elementor-element elementor-element-a8e266f elementor-widget elementor-widget-heading\" data-id=\"a8e266f\" data-element_type=\"widget\" data-e-type=\"widget\" data-widget_type=\"heading.default\">\n\t\t\t\t<div class=\"elementor-widget-container\">\n\t\t\t\t\t<h1 class=\"elementor-heading-title elementor-size-default\">Chemins de fer<\/h1>\t\t\t\t<\/div>\n\t\t\t\t<\/div>\n\t\t<div class=\"elementor-element elementor-element-1ffcb20 e-con-full e-flex e-con e-child\" data-id=\"1ffcb20\" data-element_type=\"container\" data-e-type=\"container\">\n\t\t\t\t<div class=\"elementor-element elementor-element-420773e dce_masking-none elementor-widget elementor-widget-image\" data-id=\"420773e\" data-element_type=\"widget\" data-e-type=\"widget\" data-widget_type=\"image.default\">\n\t\t\t\t<div class=\"elementor-widget-container\">\n\t\t\t\t\t\t\t\t\t\t\t\t\t\t\t<img fetchpriority=\"high\" decoding=\"async\" width=\"1292\" height=\"603\" src=\"https:\/\/sisgeo.com\/wp-content\/uploads\/2023\/08\/SISRAIL-Sisgeo-railways.jpg\" class=\"attachment-full size-full wp-image-4876\" alt=\"\" srcset=\"https:\/\/sisgeo.com\/wp-content\/uploads\/2023\/08\/SISRAIL-Sisgeo-railways.jpg 1292w, https:\/\/sisgeo.com\/wp-content\/uploads\/2023\/08\/SISRAIL-Sisgeo-railways-300x140.jpg 300w, https:\/\/sisgeo.com\/wp-content\/uploads\/2023\/08\/SISRAIL-Sisgeo-railways-1024x478.jpg 1024w, https:\/\/sisgeo.com\/wp-content\/uploads\/2023\/08\/SISRAIL-Sisgeo-railways-768x358.jpg 768w\" sizes=\"(max-width: 1292px) 100vw, 1292px\" \/>\t\t\t\t\t\t\t\t\t\t\t\t\t\t\t<\/div>\n\t\t\t\t<\/div>\n\t\t\t\t<\/div>\n\t\t\t\t\t<\/div>\n\t\t\t\t<\/div>\n\t\t<div class=\"elementor-element elementor-element-661d78c e-flex e-con-boxed e-con e-parent\" data-id=\"661d78c\" data-element_type=\"container\" data-e-type=\"container\">\n\t\t\t\t\t<div class=\"e-con-inner\">\n\t\t<div class=\"elementor-element elementor-element-9dbb309 e-con-full e-flex e-con e-child\" data-id=\"9dbb309\" data-element_type=\"container\" data-e-type=\"container\">\n\t\t\t\t<div class=\"elementor-element elementor-element-ff549c9 elementor-widget elementor-widget-dce-iframe\" data-id=\"ff549c9\" data-element_type=\"widget\" data-e-type=\"widget\" data-widget_type=\"dce-iframe.default\">\n\t\t\t\t<div class=\"elementor-widget-container\">\n\t\t\t\t\t\t\t<iframe src=\"https:\/\/sisrail.sisgeo.com\/fr\/\" frameborder=\"0\" width=\"100%\" height=\"550\" allowfullscreen=\"true\"><\/iframe>\n\t\t\t\t\t\t<\/div>\n\t\t\t\t<\/div>\n\t\t\t\t<\/div>\n\t\t<div class=\"elementor-element elementor-element-10961dd e-con-full e-flex e-con e-child\" data-id=\"10961dd\" data-element_type=\"container\" data-e-type=\"container\">\n\t\t\t\t<div data-dce-title-color=\"#E20717\" class=\"elementor-element elementor-element-9c822d5 elementor-widget elementor-widget-heading\" data-id=\"9c822d5\" data-element_type=\"widget\" data-e-type=\"widget\" data-widget_type=\"heading.default\">\n\t\t\t\t<div class=\"elementor-widget-container\">\n\t\t\t\t\t<h2 class=\"elementor-heading-title elementor-size-default\">QU'EST-CE QUE LA SURVEILLANCE DES CHEMINS DE FER?<\/h2>\t\t\t\t<\/div>\n\t\t\t\t<\/div>\n\t\t\t\t<div class=\"elementor-element elementor-element-a487431 elementor-widget elementor-widget-text-editor\" data-id=\"a487431\" data-element_type=\"widget\" data-e-type=\"widget\" data-widget_type=\"text-editor.default\">\n\t\t\t\t<div class=\"elementor-widget-container\">\n\t\t\t\t\t\t\t\t\t<p>La surveillance des d\u00e9formations ferroviaires se concentre sur la d\u00e9tection et la surveillance de tout changement ou d\u00e9formation de l\u2019infrastructure ferroviaire. Il peut s\u2019agir de la voie, du ballast, de la plate-forme et d\u2019autres composants du syst\u00e8me ferroviaire. <\/p>\n<p>Les d\u00e9formations peuvent \u00eatre dues \u00e0 divers facteurs, tels que des changements de temp\u00e9rature, un trafic ferroviaire intense ou des \u00e9v\u00e9nements naturels tels que des glissements de terrain ou des tremblements de terre. Ces d\u00e9formations peuvent avoir un impact significatif sur la s\u00e9curit\u00e9 et la fiabilit\u00e9 du syst\u00e8me ferroviaire, et il est donc important de les surveiller efficacement. <\/p>\n<p>Les syst\u00e8mes de surveillance des d\u00e9formations ferroviaires utilisent des capteurs pour collecter des donn\u00e9es sur les propri\u00e9t\u00e9s physiques de l\u2019infrastructure ferroviaire, telles que le d\u00e9placement, la d\u00e9formation et les vibrations de la voie et d\u2019autres composants. Ces donn\u00e9es sont ensuite analys\u00e9es pour d\u00e9tecter tout changement ou anomalie susceptible d\u2019indiquer des probl\u00e8mes ou des dangers potentiels. <\/p>\n<p>La surveillance des d\u00e9formations ferroviaires joue un r\u00f4le essentiel pour garantir la s\u00e9curit\u00e9 et la fiabilit\u00e9 du syst\u00e8me ferroviaire. En d\u00e9tectant et en traitant les d\u00e9formations \u00e0 un stade pr\u00e9coce, les op\u00e9rateurs ferroviaires peuvent prendre des mesures pour pr\u00e9venir les accidents et minimiser les interruptions de service. Elle permet \u00e9galement d\u2019optimiser les activit\u00e9s de maintenance et de r\u00e9paration, de r\u00e9duire les co\u00fbts et d\u2019am\u00e9liorer l\u2019efficacit\u00e9.La surveillance des d\u00e9formations ferroviaires joue un r\u00f4le essentiel pour garantir la s\u00e9curit\u00e9 et la fiabilit\u00e9 du syst\u00e8me ferroviaire. En d\u00e9tectant et en traitant les d\u00e9formations \u00e0 un stade pr\u00e9coce, les op\u00e9rateurs ferroviaires peuvent prendre des mesures pour pr\u00e9venir les accidents et minimiser les interruptions de service. Elle permet \u00e9galement d\u2019optimiser les activit\u00e9s de maintenance et de r\u00e9paration, de r\u00e9duire les co\u00fbts et d\u2019am\u00e9liorer l\u2019efficacit\u00e9.  <\/p>\n\t\t\t\t\t\t\t\t<\/div>\n\t\t\t\t<\/div>\n\t\t\t\t<div data-dce-title-color=\"#E20717\" class=\"elementor-element elementor-element-cee09c6 elementor-widget elementor-widget-heading\" data-id=\"cee09c6\" data-element_type=\"widget\" data-e-type=\"widget\" data-widget_type=\"heading.default\">\n\t\t\t\t<div class=\"elementor-widget-container\">\n\t\t\t\t\t<h2 class=\"elementor-heading-title elementor-size-default\">VISITER LE SITE DEDIE SISGEO RAIL<\/h2>\t\t\t\t<\/div>\n\t\t\t\t<\/div>\n\t\t\t\t<div data-dce-background-color=\"#FFFFFF00\" class=\"elementor-element elementor-element-0b16b21 elementor-widget elementor-widget-button\" data-id=\"0b16b21\" data-element_type=\"widget\" data-e-type=\"widget\" data-widget_type=\"button.default\">\n\t\t\t\t<div class=\"elementor-widget-container\">\n\t\t\t\t\t\t\t\t\t<div class=\"elementor-button-wrapper\">\n\t\t\t\t\t<a class=\"elementor-button elementor-button-link elementor-size-md\" href=\"https:\/\/sisrail.sisgeo.com\/fr\/\">\n\t\t\t\t\t\t<span class=\"elementor-button-content-wrapper\">\n\t\t\t\t\t\t<span class=\"elementor-button-icon\">\n\t\t\t\t<svg xmlns=\"http:\/\/www.w3.org\/2000\/svg\" width=\"28\" height=\"22\" viewBox=\"0 0 28 22\" fill=\"none\"><path fill-rule=\"evenodd\" clip-rule=\"evenodd\" d=\"M0 11.7483L25.0887 11.7483L16.1287 20.4037L17.248 21.5L28 10.9821L17.248 0.5L16.1287 1.59561L25.0887 10.2144L0 10.2144L0 11.7483Z\" fill=\"#E4002B\"><\/path><\/svg>\t\t\t<\/span>\n\t\t\t\t\t\t\t\t\t<span class=\"elementor-button-text\"><span style=\"font-size:14px\">Site Sisrail<\/span><\/span>\n\t\t\t\t\t<\/span>\n\t\t\t\t\t<\/a>\n\t\t\t\t<\/div>\n\t\t\t\t\t\t\t\t<\/div>\n\t\t\t\t<\/div>\n\t\t\t\t<\/div>\n\t\t\t\t\t<\/div>\n\t\t\t\t<\/div>\n\t\t\t\t<\/div>\n\t\t","protected":false},"excerpt":{"rendered":"<p>Chemins de fer QU&rsquo;EST-CE QUE LA SURVEILLANCE DES CHEMINS DE FER? La surveillance des d\u00e9formations ferroviaires se concentre sur la d\u00e9tection et la surveillance de tout changement ou d\u00e9formation de l\u2019infrastructure ferroviaire. Il peut s\u2019agir de la voie, du ballast, de la plate-forme et d\u2019autres composants du syst\u00e8me ferroviaire. Les d\u00e9formations peuvent \u00eatre dues \u00e0 [&hellip;]<\/p>\n","protected":false},"author":1,"featured_media":5949,"parent":19792,"menu_order":0,"comment_status":"closed","ping_status":"closed","template":"","meta":{"_acf_changed":false,"footnotes":""},"categories":[404],"tags":[],"class_list":["post-19902","page","type-page","status-publish","has-post-thumbnail","hentry","category-applications-fr"],"acf":[],"yoast_head":"<!-- This site is optimized with the Yoast SEO Premium plugin v27.4 (Yoast SEO v27.4) - https:\/\/yoast.com\/product\/yoast-seo-premium-wordpress\/ -->\n<title>Chemins de fer - Sisgeo<\/title>\n<meta name=\"robots\" content=\"index, follow, max-snippet:-1, max-image-preview:large, max-video-preview:-1\" \/>\n<link rel=\"canonical\" href=\"https:\/\/sisgeo.com\/fr\/applications\/chemins-de-fer\/\" \/>\n<meta property=\"og:locale\" content=\"fr_FR\" \/>\n<meta property=\"og:type\" content=\"article\" \/>\n<meta property=\"og:title\" content=\"Chemins de fer\" \/>\n<meta property=\"og:description\" content=\"Chemins de fer QU&rsquo;EST-CE QUE LA SURVEILLANCE DES CHEMINS DE FER? La surveillance des d\u00e9formations ferroviaires se concentre sur la d\u00e9tection et la surveillance de tout changement ou d\u00e9formation de l\u2019infrastructure ferroviaire. Il peut s\u2019agir de la voie, du ballast, de la plate-forme et d\u2019autres composants du syst\u00e8me ferroviaire. Les d\u00e9formations peuvent \u00eatre dues \u00e0 [&hellip;]\" \/>\n<meta property=\"og:url\" content=\"https:\/\/sisgeo.com\/fr\/applications\/chemins-de-fer\/\" \/>\n<meta property=\"og:site_name\" content=\"Sisgeo\" \/>\n<meta property=\"article:modified_time\" content=\"2024-10-24T15:23:11+00:00\" \/>\n<meta property=\"og:image\" content=\"https:\/\/sisgeo.com\/wp-content\/uploads\/2023\/08\/Railway-monitoring-application.jpg\" \/>\n\t<meta property=\"og:image:width\" content=\"651\" \/>\n\t<meta property=\"og:image:height\" content=\"975\" \/>\n\t<meta property=\"og:image:type\" content=\"image\/jpeg\" \/>\n<meta name=\"twitter:card\" content=\"summary_large_image\" \/>\n<meta name=\"twitter:label1\" content=\"Dur\u00e9e de lecture estim\u00e9e\" \/>\n\t<meta name=\"twitter:data1\" content=\"2 minutes\" \/>\n<script type=\"application\/ld+json\" class=\"yoast-schema-graph\">{\"@context\":\"https:\\\/\\\/schema.org\",\"@graph\":[{\"@type\":\"WebPage\",\"@id\":\"https:\\\/\\\/sisgeo.com\\\/fr\\\/applications\\\/chemins-de-fer\\\/\",\"url\":\"https:\\\/\\\/sisgeo.com\\\/fr\\\/applications\\\/chemins-de-fer\\\/\",\"name\":\"Chemins de fer - Sisgeo\",\"isPartOf\":{\"@id\":\"https:\\\/\\\/sisgeo.com\\\/fr\\\/#website\"},\"primaryImageOfPage\":{\"@id\":\"https:\\\/\\\/sisgeo.com\\\/fr\\\/applications\\\/chemins-de-fer\\\/#primaryimage\"},\"image\":{\"@id\":\"https:\\\/\\\/sisgeo.com\\\/fr\\\/applications\\\/chemins-de-fer\\\/#primaryimage\"},\"thumbnailUrl\":\"https:\\\/\\\/sisgeo.com\\\/wp-content\\\/uploads\\\/2023\\\/08\\\/Railway-monitoring-application.jpg\",\"datePublished\":\"2023-06-14T09:34:51+00:00\",\"dateModified\":\"2024-10-24T15:23:11+00:00\",\"breadcrumb\":{\"@id\":\"https:\\\/\\\/sisgeo.com\\\/fr\\\/applications\\\/chemins-de-fer\\\/#breadcrumb\"},\"inLanguage\":\"fr-FR\",\"potentialAction\":[{\"@type\":\"ReadAction\",\"target\":[\"https:\\\/\\\/sisgeo.com\\\/fr\\\/applications\\\/chemins-de-fer\\\/\"]}]},{\"@type\":\"ImageObject\",\"inLanguage\":\"fr-FR\",\"@id\":\"https:\\\/\\\/sisgeo.com\\\/fr\\\/applications\\\/chemins-de-fer\\\/#primaryimage\",\"url\":\"https:\\\/\\\/sisgeo.com\\\/wp-content\\\/uploads\\\/2023\\\/08\\\/Railway-monitoring-application.jpg\",\"contentUrl\":\"https:\\\/\\\/sisgeo.com\\\/wp-content\\\/uploads\\\/2023\\\/08\\\/Railway-monitoring-application.jpg\",\"width\":651,\"height\":975},{\"@type\":\"BreadcrumbList\",\"@id\":\"https:\\\/\\\/sisgeo.com\\\/fr\\\/applications\\\/chemins-de-fer\\\/#breadcrumb\",\"itemListElement\":[{\"@type\":\"ListItem\",\"position\":1,\"name\":\"Home\",\"item\":\"https:\\\/\\\/sisgeo.com\\\/fr\\\/linstrumentation-geotechnique-et-structurale-pour-le-shm\\\/\"},{\"@type\":\"ListItem\",\"position\":2,\"name\":\"Applications\",\"item\":\"https:\\\/\\\/sisgeo.com\\\/fr\\\/applications\\\/\"},{\"@type\":\"ListItem\",\"position\":3,\"name\":\"Chemins de fer\"}]},{\"@type\":\"WebSite\",\"@id\":\"https:\\\/\\\/sisgeo.com\\\/fr\\\/#website\",\"url\":\"https:\\\/\\\/sisgeo.com\\\/fr\\\/\",\"name\":\"Sisgeo\",\"description\":\"Inclined to improvement\",\"publisher\":{\"@id\":\"https:\\\/\\\/sisgeo.com\\\/fr\\\/#organization\"},\"potentialAction\":[{\"@type\":\"SearchAction\",\"target\":{\"@type\":\"EntryPoint\",\"urlTemplate\":\"https:\\\/\\\/sisgeo.com\\\/fr\\\/?s={search_term_string}\"},\"query-input\":{\"@type\":\"PropertyValueSpecification\",\"valueRequired\":true,\"valueName\":\"search_term_string\"}}],\"inLanguage\":\"fr-FR\"},{\"@type\":\"Organization\",\"@id\":\"https:\\\/\\\/sisgeo.com\\\/fr\\\/#organization\",\"name\":\"Sisgeo S.r.l.\",\"url\":\"https:\\\/\\\/sisgeo.com\\\/fr\\\/\",\"logo\":{\"@type\":\"ImageObject\",\"inLanguage\":\"fr-FR\",\"@id\":\"https:\\\/\\\/sisgeo.com\\\/fr\\\/#\\\/schema\\\/logo\\\/image\\\/\",\"url\":\"https:\\\/\\\/sisgeodev.pipehosting.it\\\/wp-content\\\/uploads\\\/2023\\\/06\\\/logo-RGB.png\",\"contentUrl\":\"https:\\\/\\\/sisgeodev.pipehosting.it\\\/wp-content\\\/uploads\\\/2023\\\/06\\\/logo-RGB.png\",\"width\":205,\"height\":97,\"caption\":\"Sisgeo S.r.l.\"},\"image\":{\"@id\":\"https:\\\/\\\/sisgeo.com\\\/fr\\\/#\\\/schema\\\/logo\\\/image\\\/\"}}]}<\/script>\n<!-- \/ Yoast SEO Premium plugin. -->","yoast_head_json":{"title":"Chemins de fer - Sisgeo","robots":{"index":"index","follow":"follow","max-snippet":"max-snippet:-1","max-image-preview":"max-image-preview:large","max-video-preview":"max-video-preview:-1"},"canonical":"https:\/\/sisgeo.com\/fr\/applications\/chemins-de-fer\/","og_locale":"fr_FR","og_type":"article","og_title":"Chemins de fer","og_description":"Chemins de fer QU&rsquo;EST-CE QUE LA SURVEILLANCE DES CHEMINS DE FER? La surveillance des d\u00e9formations ferroviaires se concentre sur la d\u00e9tection et la surveillance de tout changement ou d\u00e9formation de l\u2019infrastructure ferroviaire. Il peut s\u2019agir de la voie, du ballast, de la plate-forme et d\u2019autres composants du syst\u00e8me ferroviaire. Les d\u00e9formations peuvent \u00eatre dues \u00e0 [&hellip;]","og_url":"https:\/\/sisgeo.com\/fr\/applications\/chemins-de-fer\/","og_site_name":"Sisgeo","article_modified_time":"2024-10-24T15:23:11+00:00","og_image":[{"width":651,"height":975,"url":"https:\/\/sisgeo.com\/wp-content\/uploads\/2023\/08\/Railway-monitoring-application.jpg","type":"image\/jpeg"}],"twitter_card":"summary_large_image","twitter_misc":{"Dur\u00e9e de lecture estim\u00e9e":"2 minutes"},"schema":{"@context":"https:\/\/schema.org","@graph":[{"@type":"WebPage","@id":"https:\/\/sisgeo.com\/fr\/applications\/chemins-de-fer\/","url":"https:\/\/sisgeo.com\/fr\/applications\/chemins-de-fer\/","name":"Chemins de fer - Sisgeo","isPartOf":{"@id":"https:\/\/sisgeo.com\/fr\/#website"},"primaryImageOfPage":{"@id":"https:\/\/sisgeo.com\/fr\/applications\/chemins-de-fer\/#primaryimage"},"image":{"@id":"https:\/\/sisgeo.com\/fr\/applications\/chemins-de-fer\/#primaryimage"},"thumbnailUrl":"https:\/\/sisgeo.com\/wp-content\/uploads\/2023\/08\/Railway-monitoring-application.jpg","datePublished":"2023-06-14T09:34:51+00:00","dateModified":"2024-10-24T15:23:11+00:00","breadcrumb":{"@id":"https:\/\/sisgeo.com\/fr\/applications\/chemins-de-fer\/#breadcrumb"},"inLanguage":"fr-FR","potentialAction":[{"@type":"ReadAction","target":["https:\/\/sisgeo.com\/fr\/applications\/chemins-de-fer\/"]}]},{"@type":"ImageObject","inLanguage":"fr-FR","@id":"https:\/\/sisgeo.com\/fr\/applications\/chemins-de-fer\/#primaryimage","url":"https:\/\/sisgeo.com\/wp-content\/uploads\/2023\/08\/Railway-monitoring-application.jpg","contentUrl":"https:\/\/sisgeo.com\/wp-content\/uploads\/2023\/08\/Railway-monitoring-application.jpg","width":651,"height":975},{"@type":"BreadcrumbList","@id":"https:\/\/sisgeo.com\/fr\/applications\/chemins-de-fer\/#breadcrumb","itemListElement":[{"@type":"ListItem","position":1,"name":"Home","item":"https:\/\/sisgeo.com\/fr\/linstrumentation-geotechnique-et-structurale-pour-le-shm\/"},{"@type":"ListItem","position":2,"name":"Applications","item":"https:\/\/sisgeo.com\/fr\/applications\/"},{"@type":"ListItem","position":3,"name":"Chemins de fer"}]},{"@type":"WebSite","@id":"https:\/\/sisgeo.com\/fr\/#website","url":"https:\/\/sisgeo.com\/fr\/","name":"Sisgeo","description":"Inclined to improvement","publisher":{"@id":"https:\/\/sisgeo.com\/fr\/#organization"},"potentialAction":[{"@type":"SearchAction","target":{"@type":"EntryPoint","urlTemplate":"https:\/\/sisgeo.com\/fr\/?s={search_term_string}"},"query-input":{"@type":"PropertyValueSpecification","valueRequired":true,"valueName":"search_term_string"}}],"inLanguage":"fr-FR"},{"@type":"Organization","@id":"https:\/\/sisgeo.com\/fr\/#organization","name":"Sisgeo S.r.l.","url":"https:\/\/sisgeo.com\/fr\/","logo":{"@type":"ImageObject","inLanguage":"fr-FR","@id":"https:\/\/sisgeo.com\/fr\/#\/schema\/logo\/image\/","url":"https:\/\/sisgeodev.pipehosting.it\/wp-content\/uploads\/2023\/06\/logo-RGB.png","contentUrl":"https:\/\/sisgeodev.pipehosting.it\/wp-content\/uploads\/2023\/06\/logo-RGB.png","width":205,"height":97,"caption":"Sisgeo S.r.l."},"image":{"@id":"https:\/\/sisgeo.com\/fr\/#\/schema\/logo\/image\/"}}]}},"_links":{"self":[{"href":"https:\/\/sisgeo.com\/fr\/wp-json\/wp\/v2\/pages\/19902","targetHints":{"allow":["GET"]}}],"collection":[{"href":"https:\/\/sisgeo.com\/fr\/wp-json\/wp\/v2\/pages"}],"about":[{"href":"https:\/\/sisgeo.com\/fr\/wp-json\/wp\/v2\/types\/page"}],"author":[{"embeddable":true,"href":"https:\/\/sisgeo.com\/fr\/wp-json\/wp\/v2\/users\/1"}],"replies":[{"embeddable":true,"href":"https:\/\/sisgeo.com\/fr\/wp-json\/wp\/v2\/comments?post=19902"}],"version-history":[{"count":2,"href":"https:\/\/sisgeo.com\/fr\/wp-json\/wp\/v2\/pages\/19902\/revisions"}],"predecessor-version":[{"id":26511,"href":"https:\/\/sisgeo.com\/fr\/wp-json\/wp\/v2\/pages\/19902\/revisions\/26511"}],"up":[{"embeddable":true,"href":"https:\/\/sisgeo.com\/fr\/wp-json\/wp\/v2\/pages\/19792"}],"wp:featuredmedia":[{"embeddable":true,"href":"https:\/\/sisgeo.com\/fr\/wp-json\/wp\/v2\/media\/5949"}],"wp:attachment":[{"href":"https:\/\/sisgeo.com\/fr\/wp-json\/wp\/v2\/media?parent=19902"}],"wp:term":[{"taxonomy":"category","embeddable":true,"href":"https:\/\/sisgeo.com\/fr\/wp-json\/wp\/v2\/categories?post=19902"},{"taxonomy":"post_tag","embeddable":true,"href":"https:\/\/sisgeo.com\/fr\/wp-json\/wp\/v2\/tags?post=19902"}],"curies":[{"name":"wp","href":"https:\/\/api.w.org\/{rel}","templated":true}]}}