{"id":19951,"date":"2023-04-17T13:08:39","date_gmt":"2023-04-17T11:08:39","guid":{"rendered":"https:\/\/sisgeo.com\/assistance-technique\/"},"modified":"2024-05-16T12:36:12","modified_gmt":"2024-05-16T10:36:12","slug":"assistance-technique","status":"publish","type":"page","link":"https:\/\/sisgeo.com\/fr\/assistance-technique\/","title":{"rendered":"Assistance"},"content":{"rendered":"\t\t<div data-elementor-type=\"wp-page\" data-elementor-id=\"19951\" class=\"elementor elementor-19951 elementor-60\" data-elementor-post-type=\"page\">\n\t\t\t\t<div class=\"elementor-element elementor-element-9802fed e-flex e-con-boxed e-con e-parent\" data-id=\"9802fed\" data-element_type=\"container\" data-e-type=\"container\">\n\t\t\t\t\t<div class=\"e-con-inner\">\n\t\t<div class=\"elementor-element elementor-element-7aef576 e-con-full e-flex e-con e-child\" data-id=\"7aef576\" data-element_type=\"container\" data-e-type=\"container\">\n\t\t\t\t<\/div>\n\t\t\t\t\t<\/div>\n\t\t\t\t<\/div>\n\t\t<div class=\"elementor-element elementor-element-8a1b806 e-flex e-con-boxed e-con e-parent\" data-id=\"8a1b806\" data-element_type=\"container\" data-e-type=\"container\">\n\t\t\t\t\t<div class=\"e-con-inner\">\n\t\t<div class=\"elementor-element elementor-element-162cf24 e-con-full e-flex e-con e-child\" data-id=\"162cf24\" data-element_type=\"container\" data-e-type=\"container\">\n\t\t\t\t<div class=\"elementor-element elementor-element-9ad2756 dce_masking-none elementor-widget elementor-widget-image\" data-id=\"9ad2756\" data-element_type=\"widget\" data-e-type=\"widget\" data-widget_type=\"image.default\">\n\t\t\t\t<div class=\"elementor-widget-container\">\n\t\t\t\t\t\t\t\t\t\t\t\t\t\t\t\t<a href=\"https:\/\/support.sisgeo.com\/hc\/en-us\">\n\t\t\t\t\t\t\t<img fetchpriority=\"high\" decoding=\"async\" width=\"1292\" height=\"603\" src=\"https:\/\/sisgeo.com\/wp-content\/uploads\/2023\/09\/customer_care_sisgeo.jpg\" class=\"attachment-full size-full wp-image-10517\" alt=\"\" srcset=\"https:\/\/sisgeo.com\/wp-content\/uploads\/2023\/09\/customer_care_sisgeo.jpg 1292w, https:\/\/sisgeo.com\/wp-content\/uploads\/2023\/09\/customer_care_sisgeo-300x140.jpg 300w, https:\/\/sisgeo.com\/wp-content\/uploads\/2023\/09\/customer_care_sisgeo-1024x478.jpg 1024w, https:\/\/sisgeo.com\/wp-content\/uploads\/2023\/09\/customer_care_sisgeo-768x358.jpg 768w\" sizes=\"(max-width: 1292px) 100vw, 1292px\" \/>\t\t\t\t\t\t\t\t<\/a>\n\t\t\t\t\t\t\t\t\t\t\t\t\t\t\t<\/div>\n\t\t\t\t<\/div>\n\t\t\t\t<\/div>\n\t\t<div class=\"elementor-element elementor-element-d25a4f6 e-con-full e-flex e-con e-child\" data-id=\"d25a4f6\" data-element_type=\"container\" data-e-type=\"container\">\n\t\t\t\t<div class=\"elementor-element elementor-element-e64cc6d elementor-hidden-mobile elementor-widget elementor-widget-button\" data-id=\"e64cc6d\" data-element_type=\"widget\" data-e-type=\"widget\" data-widget_type=\"button.default\">\n\t\t\t\t<div class=\"elementor-widget-container\">\n\t\t\t\t\t\t\t\t\t<div class=\"elementor-button-wrapper\">\n\t\t\t\t\t<a class=\"elementor-button elementor-button-link elementor-size-md\" href=\"https:\/\/support.sisgeo.com\/hc\/en-us\">\n\t\t\t\t\t\t<span class=\"elementor-button-content-wrapper\">\n\t\t\t\t\t\t<span class=\"elementor-button-icon\">\n\t\t\t\t<svg xmlns=\"http:\/\/www.w3.org\/2000\/svg\" width=\"28\" height=\"22\" viewBox=\"0 0 28 22\" fill=\"none\"><path fill-rule=\"evenodd\" clip-rule=\"evenodd\" d=\"M0 11.3782L25.0887 11.3782L16.1287 20.0335L17.248 21.1299L28 10.612L17.248 0.129883L16.1287 1.2255L25.0887 9.84433L0 9.84433L0 11.3782Z\" fill=\"white\"><\/path><\/svg>\t\t\t<\/span>\n\t\t\t\t\t\t\t\t\t<span class=\"elementor-button-text\">\n          <span style=\"font-size:20px\">Acc\u00e9dez au portail d'assistance<\/span>\n        <\/span>\n\t\t\t\t\t<\/span>\n\t\t\t\t\t<\/a>\n\t\t\t\t<\/div>\n\t\t\t\t\t\t\t\t<\/div>\n\t\t\t\t<\/div>\n\t\t\t\t<div class=\"elementor-element elementor-element-403b411 elementor-hidden-desktop elementor-hidden-tablet elementor-widget elementor-widget-button\" data-id=\"403b411\" data-element_type=\"widget\" data-e-type=\"widget\" data-widget_type=\"button.default\">\n\t\t\t\t<div class=\"elementor-widget-container\">\n\t\t\t\t\t\t\t\t\t<div class=\"elementor-button-wrapper\">\n\t\t\t\t\t<a class=\"elementor-button elementor-button-link elementor-size-md\" href=\"https:\/\/support.sisgeo.com\/hc\/en-us\">\n\t\t\t\t\t\t<span class=\"elementor-button-content-wrapper\">\n\t\t\t\t\t\t\t\t\t<span class=\"elementor-button-text\">Acc\u00e9dez au portail d'assistance<\/span>\n\t\t\t\t\t<\/span>\n\t\t\t\t\t<\/a>\n\t\t\t\t<\/div>\n\t\t\t\t\t\t\t\t<\/div>\n\t\t\t\t<\/div>\n\t\t\t\t<\/div>\n\t\t\t\t\t<\/div>\n\t\t\t\t<\/div>\n\t\t<div class=\"elementor-element elementor-element-25860e3 e-flex e-con-boxed e-con e-parent\" data-id=\"25860e3\" data-element_type=\"container\" data-e-type=\"container\">\n\t\t\t\t\t<div class=\"e-con-inner\">\n\t\t\t\t<div class=\"elementor-element elementor-element-d9150ec elementor-widget elementor-widget-text-editor\" data-id=\"d9150ec\" data-element_type=\"widget\" data-e-type=\"widget\" data-widget_type=\"text-editor.default\">\n\t\t\t\t<div class=\"elementor-widget-container\">\n\t\t\t\t\t\t\t\t\t<p>Le service d&rsquo;assistance technique de Sisgeo est g\u00e9r\u00e9 par le d\u00e9partement Customer Care \u00e0 travers le portail web d\u00e9di\u00e9, accessible en cliquant <a href=\"https:\/\/support.sisgeo.com\/hc\/en-us\/categories\/360001328034-Support\" target=\"_blank\" rel=\"noopener\">ici<\/a>.<\/p>\n<p>Les services suivants peuvent \u00eatre activ\u00e9s ou g\u00e9r\u00e9s \u00e0 partir du portail de service:<\/p>\n<ul>\n<li>Retour pour entretien et\/ou r\u00e9paration de l&rsquo;instrument<\/li>\n<li>Location de syst\u00e8mes de mesure<\/li>\n<li>Demande de copies de rapports de calibration et de certificats de conformit\u00e9<\/li>\n<li>Ouverture d&rsquo;un ticket pour la r\u00e9solution d&rsquo;un probl\u00e8me technique<\/li>\n<li>Demandes de formation<\/li>\n<li>Activation de la supervision de l&rsquo;installation sur site<\/li>\n<\/ul>\n<p>Veuillez noter que les F.A.Q. (questions fr\u00e9quemment pos\u00e9es) et les manuels des instruments sont toujours disponibles en ligne.<\/p>\n\t\t\t\t\t\t\t\t<\/div>\n\t\t\t\t<\/div>\n\t\t\t\t\t<\/div>\n\t\t\t\t<\/div>\n\t\t<div class=\"elementor-element elementor-element-f8d0700 e-flex e-con-boxed e-con e-parent\" data-id=\"f8d0700\" data-element_type=\"container\" data-e-type=\"container\">\n\t\t\t\t\t<div class=\"e-con-inner\">\n\t\t<div class=\"elementor-element elementor-element-74dcf17 e-con-full e-flex e-con e-child\" data-id=\"74dcf17\" data-element_type=\"container\" data-e-type=\"container\">\n\t\t\t\t<div data-dce-title-color=\"#E20717\" class=\"elementor-element elementor-element-5b6883a elementor-widget elementor-widget-heading\" data-id=\"5b6883a\" data-element_type=\"widget\" data-e-type=\"widget\" data-widget_type=\"heading.default\">\n\t\t\t\t<div class=\"elementor-widget-container\">\n\t\t\t\t\t<h2 class=\"elementor-heading-title elementor-size-default\"><span style=\"font-family: GT Planar\">F.A.Q.<\/span> \u2013 Questions Fr\u00e9quemment Pos\u00e9es<\/h2>\t\t\t\t<\/div>\n\t\t\t\t<\/div>\n\t\t\t\t<\/div>\n\t\t<div class=\"elementor-element elementor-element-10e9267 e-con-full e-flex e-con e-child\" data-id=\"10e9267\" data-element_type=\"container\" data-e-type=\"container\">\n\t\t\t\t<div data-dce-text-color=\"#000000\" class=\"elementor-element elementor-element-62c6665 elementor-widget elementor-widget-text-editor\" data-id=\"62c6665\" data-element_type=\"widget\" data-e-type=\"widget\" data-widget_type=\"text-editor.default\">\n\t\t\t\t<div class=\"elementor-widget-container\">\n\t\t\t\t\t\t\t\t\t<p>Les r\u00e9ponses aux questions fr\u00e9quemment pos\u00e9es se trouvent dans la section F.A.Q:<\/p>\n\t\t\t\t\t\t\t\t<\/div>\n\t\t\t\t<\/div>\n\t\t\t\t<div data-dce-background-color=\"#FFFFFF00\" class=\"elementor-element elementor-element-77ae980 elementor-widget elementor-widget-button\" data-id=\"77ae980\" data-element_type=\"widget\" data-e-type=\"widget\" data-widget_type=\"button.default\">\n\t\t\t\t<div class=\"elementor-widget-container\">\n\t\t\t\t\t\t\t\t\t<div class=\"elementor-button-wrapper\">\n\t\t\t\t\t<a class=\"elementor-button elementor-button-link elementor-size-md\" href=\"https:\/\/sisgeo.com\/fr\/produits\/faq\/\">\n\t\t\t\t\t\t<span class=\"elementor-button-content-wrapper\">\n\t\t\t\t\t\t<span class=\"elementor-button-icon\">\n\t\t\t\t<svg xmlns=\"http:\/\/www.w3.org\/2000\/svg\" width=\"28\" height=\"22\" viewBox=\"0 0 28 22\" fill=\"none\"><path fill-rule=\"evenodd\" clip-rule=\"evenodd\" d=\"M0 11.7483L25.0887 11.7483L16.1287 20.4037L17.248 21.5L28 10.9821L17.248 0.5L16.1287 1.59561L25.0887 10.2144L0 10.2144L0 11.7483Z\" fill=\"#E4002B\"><\/path><\/svg>\t\t\t<\/span>\n\t\t\t\t\t\t\t\t\t<span class=\"elementor-button-text\">\n          <span style=\"font-size:12px\">Consultez les F.A.Q.<\/span>\n        <\/span>\n\t\t\t\t\t<\/span>\n\t\t\t\t\t<\/a>\n\t\t\t\t<\/div>\n\t\t\t\t\t\t\t\t<\/div>\n\t\t\t\t<\/div>\n\t\t\t\t<\/div>\n\t\t\t\t\t<\/div>\n\t\t\t\t<\/div>\n\t\t<div class=\"elementor-element elementor-element-ae53930 e-flex e-con-boxed e-con e-parent\" data-id=\"ae53930\" data-element_type=\"container\" data-e-type=\"container\">\n\t\t\t\t\t<div class=\"e-con-inner\">\n\t\t<div class=\"elementor-element elementor-element-ca18962 e-con-full e-flex e-con e-child\" data-id=\"ca18962\" data-element_type=\"container\" data-e-type=\"container\">\n\t\t\t\t<div data-dce-title-color=\"#E20717\" class=\"elementor-element elementor-element-31992aa elementor-widget elementor-widget-heading\" data-id=\"31992aa\" data-element_type=\"widget\" data-e-type=\"widget\" data-widget_type=\"heading.default\">\n\t\t\t\t<div class=\"elementor-widget-container\">\n\t\t\t\t\t<h2 class=\"elementor-heading-title elementor-size-default\">\n          <span style=\"font-family: GT Planar\">Manuels<\/span>\n        <\/h2>\t\t\t\t<\/div>\n\t\t\t\t<\/div>\n\t\t\t\t<\/div>\n\t\t<div class=\"elementor-element elementor-element-f9e0700 e-con-full e-flex e-con e-child\" data-id=\"f9e0700\" data-element_type=\"container\" data-e-type=\"container\">\n\t\t\t\t<div data-dce-text-color=\"#000000\" class=\"elementor-element elementor-element-45c1f71 elementor-widget elementor-widget-text-editor\" data-id=\"45c1f71\" data-element_type=\"widget\" data-e-type=\"widget\" data-widget_type=\"text-editor.default\">\n\t\t\t\t<div class=\"elementor-widget-container\">\n\t\t\t\t\t\t\t\t\t<p>Les manuels, qui peuvent \u00eatre t\u00e9l\u00e9charg\u00e9s apr\u00e8s connexion avec le nom d&rsquo;utilisateur et le mot de passe, contiennent des descriptions d\u00e9taill\u00e9es des instruments, des exemples d&rsquo;application, des op\u00e9rations pr\u00e9liminaires \u00e0 effectuer avant l&rsquo;installation, des descriptions d\u00e9taill\u00e9es des op\u00e9rations \u00e0 effectuer pendant l&rsquo;installation et la mani\u00e8re de lire les instruments.<\/p>\n\t\t\t\t\t\t\t\t<\/div>\n\t\t\t\t<\/div>\n\t\t\t\t<div data-dce-background-color=\"#FFFFFF00\" class=\"elementor-element elementor-element-f847988 elementor-widget elementor-widget-button\" data-id=\"f847988\" data-element_type=\"widget\" data-e-type=\"widget\" data-widget_type=\"button.default\">\n\t\t\t\t<div class=\"elementor-widget-container\">\n\t\t\t\t\t\t\t\t\t<div class=\"elementor-button-wrapper\">\n\t\t\t\t\t<a class=\"elementor-button elementor-button-link elementor-size-md\" href=\"https:\/\/sisgeo.com\/fr\/zone-de-telechargement\/manuels\/\">\n\t\t\t\t\t\t<span class=\"elementor-button-content-wrapper\">\n\t\t\t\t\t\t<span class=\"elementor-button-icon\">\n\t\t\t\t<svg xmlns=\"http:\/\/www.w3.org\/2000\/svg\" width=\"28\" height=\"22\" viewBox=\"0 0 28 22\" fill=\"none\"><path fill-rule=\"evenodd\" clip-rule=\"evenodd\" d=\"M0 11.7483L25.0887 11.7483L16.1287 20.4037L17.248 21.5L28 10.9821L17.248 0.5L16.1287 1.59561L25.0887 10.2144L0 10.2144L0 11.7483Z\" fill=\"#E4002B\"><\/path><\/svg>\t\t\t<\/span>\n\t\t\t\t\t\t\t\t\t<span class=\"elementor-button-text\">\n          <span style=\"font-size:12px\">consulter les manuels<\/span>\n        <\/span>\n\t\t\t\t\t<\/span>\n\t\t\t\t\t<\/a>\n\t\t\t\t<\/div>\n\t\t\t\t\t\t\t\t<\/div>\n\t\t\t\t<\/div>\n\t\t\t\t<\/div>\n\t\t\t\t\t<\/div>\n\t\t\t\t<\/div>\n\t\t\t\t<\/div>\n\t\t","protected":false},"excerpt":{"rendered":"<p>Acc\u00e9dez au portail d&rsquo;assistance Acc\u00e9dez au portail d&rsquo;assistance Le service d&rsquo;assistance technique de Sisgeo est g\u00e9r\u00e9 par le d\u00e9partement Customer Care \u00e0 travers le portail web d\u00e9di\u00e9, accessible en cliquant ici. Les services suivants peuvent \u00eatre activ\u00e9s ou g\u00e9r\u00e9s \u00e0 partir du portail de service: Retour pour entretien et\/ou r\u00e9paration de l&rsquo;instrument Location de syst\u00e8mes [&hellip;]<\/p>\n","protected":false},"author":1,"featured_media":0,"parent":0,"menu_order":0,"comment_status":"closed","ping_status":"closed","template":"","meta":{"footnotes":""},"categories":[],"tags":[],"class_list":["post-19951","page","type-page","status-publish","hentry"],"yoast_head":"<!-- This site is optimized with the Yoast SEO Premium plugin v27.4 (Yoast SEO v27.4) - https:\/\/yoast.com\/product\/yoast-seo-premium-wordpress\/ -->\n<title>Assistance - Sisgeo<\/title>\n<meta name=\"robots\" content=\"index, follow, max-snippet:-1, max-image-preview:large, max-video-preview:-1\" \/>\n<link rel=\"canonical\" href=\"https:\/\/sisgeo.com\/fr\/assistance-technique\/\" \/>\n<meta property=\"og:locale\" content=\"fr_FR\" \/>\n<meta property=\"og:type\" content=\"article\" \/>\n<meta property=\"og:title\" content=\"Assistance\" \/>\n<meta property=\"og:description\" content=\"Acc\u00e9dez au portail d&rsquo;assistance Acc\u00e9dez au portail d&rsquo;assistance Le service d&rsquo;assistance technique de Sisgeo est g\u00e9r\u00e9 par le d\u00e9partement Customer Care \u00e0 travers le portail web d\u00e9di\u00e9, accessible en cliquant ici. Les services suivants peuvent \u00eatre activ\u00e9s ou g\u00e9r\u00e9s \u00e0 partir du portail de service: Retour pour entretien et\/ou r\u00e9paration de l&rsquo;instrument Location de syst\u00e8mes [&hellip;]\" \/>\n<meta property=\"og:url\" content=\"https:\/\/sisgeo.com\/fr\/assistance-technique\/\" \/>\n<meta property=\"og:site_name\" content=\"Sisgeo\" \/>\n<meta property=\"article:modified_time\" content=\"2024-05-16T10:36:12+00:00\" \/>\n<meta property=\"og:image\" content=\"https:\/\/sisgeo.com\/wp-content\/uploads\/2023\/09\/customer_care_sisgeo.jpg\" \/>\n<meta name=\"twitter:card\" content=\"summary_large_image\" \/>\n<meta name=\"twitter:label1\" content=\"Dur\u00e9e de lecture estim\u00e9e\" \/>\n\t<meta name=\"twitter:data1\" content=\"1 minute\" \/>\n<script type=\"application\/ld+json\" class=\"yoast-schema-graph\">{\"@context\":\"https:\\\/\\\/schema.org\",\"@graph\":[{\"@type\":\"WebPage\",\"@id\":\"https:\\\/\\\/sisgeo.com\\\/fr\\\/assistance-technique\\\/\",\"url\":\"https:\\\/\\\/sisgeo.com\\\/fr\\\/assistance-technique\\\/\",\"name\":\"Assistance - Sisgeo\",\"isPartOf\":{\"@id\":\"https:\\\/\\\/sisgeo.com\\\/fr\\\/#website\"},\"primaryImageOfPage\":{\"@id\":\"https:\\\/\\\/sisgeo.com\\\/fr\\\/assistance-technique\\\/#primaryimage\"},\"image\":{\"@id\":\"https:\\\/\\\/sisgeo.com\\\/fr\\\/assistance-technique\\\/#primaryimage\"},\"thumbnailUrl\":\"https:\\\/\\\/sisgeo.com\\\/wp-content\\\/uploads\\\/2023\\\/09\\\/customer_care_sisgeo.jpg\",\"datePublished\":\"2023-04-17T11:08:39+00:00\",\"dateModified\":\"2024-05-16T10:36:12+00:00\",\"breadcrumb\":{\"@id\":\"https:\\\/\\\/sisgeo.com\\\/fr\\\/assistance-technique\\\/#breadcrumb\"},\"inLanguage\":\"fr-FR\",\"potentialAction\":[{\"@type\":\"ReadAction\",\"target\":[\"https:\\\/\\\/sisgeo.com\\\/fr\\\/assistance-technique\\\/\"]}]},{\"@type\":\"ImageObject\",\"inLanguage\":\"fr-FR\",\"@id\":\"https:\\\/\\\/sisgeo.com\\\/fr\\\/assistance-technique\\\/#primaryimage\",\"url\":\"https:\\\/\\\/sisgeo.com\\\/wp-content\\\/uploads\\\/2023\\\/09\\\/customer_care_sisgeo.jpg\",\"contentUrl\":\"https:\\\/\\\/sisgeo.com\\\/wp-content\\\/uploads\\\/2023\\\/09\\\/customer_care_sisgeo.jpg\"},{\"@type\":\"BreadcrumbList\",\"@id\":\"https:\\\/\\\/sisgeo.com\\\/fr\\\/assistance-technique\\\/#breadcrumb\",\"itemListElement\":[{\"@type\":\"ListItem\",\"position\":1,\"name\":\"Home\",\"item\":\"https:\\\/\\\/sisgeo.com\\\/fr\\\/linstrumentation-geotechnique-et-structurale-pour-le-shm\\\/\"},{\"@type\":\"ListItem\",\"position\":2,\"name\":\"Assistance\"}]},{\"@type\":\"WebSite\",\"@id\":\"https:\\\/\\\/sisgeo.com\\\/fr\\\/#website\",\"url\":\"https:\\\/\\\/sisgeo.com\\\/fr\\\/\",\"name\":\"Sisgeo\",\"description\":\"Inclined to improvement\",\"publisher\":{\"@id\":\"https:\\\/\\\/sisgeo.com\\\/fr\\\/#organization\"},\"potentialAction\":[{\"@type\":\"SearchAction\",\"target\":{\"@type\":\"EntryPoint\",\"urlTemplate\":\"https:\\\/\\\/sisgeo.com\\\/fr\\\/?s={search_term_string}\"},\"query-input\":{\"@type\":\"PropertyValueSpecification\",\"valueRequired\":true,\"valueName\":\"search_term_string\"}}],\"inLanguage\":\"fr-FR\"},{\"@type\":\"Organization\",\"@id\":\"https:\\\/\\\/sisgeo.com\\\/fr\\\/#organization\",\"name\":\"Sisgeo S.r.l.\",\"url\":\"https:\\\/\\\/sisgeo.com\\\/fr\\\/\",\"logo\":{\"@type\":\"ImageObject\",\"inLanguage\":\"fr-FR\",\"@id\":\"https:\\\/\\\/sisgeo.com\\\/fr\\\/#\\\/schema\\\/logo\\\/image\\\/\",\"url\":\"https:\\\/\\\/sisgeodev.pipehosting.it\\\/wp-content\\\/uploads\\\/2023\\\/06\\\/logo-RGB.png\",\"contentUrl\":\"https:\\\/\\\/sisgeodev.pipehosting.it\\\/wp-content\\\/uploads\\\/2023\\\/06\\\/logo-RGB.png\",\"width\":205,\"height\":97,\"caption\":\"Sisgeo S.r.l.\"},\"image\":{\"@id\":\"https:\\\/\\\/sisgeo.com\\\/fr\\\/#\\\/schema\\\/logo\\\/image\\\/\"}}]}<\/script>\n<!-- \/ Yoast SEO Premium plugin. -->","yoast_head_json":{"title":"Assistance - Sisgeo","robots":{"index":"index","follow":"follow","max-snippet":"max-snippet:-1","max-image-preview":"max-image-preview:large","max-video-preview":"max-video-preview:-1"},"canonical":"https:\/\/sisgeo.com\/fr\/assistance-technique\/","og_locale":"fr_FR","og_type":"article","og_title":"Assistance","og_description":"Acc\u00e9dez au portail d&rsquo;assistance Acc\u00e9dez au portail d&rsquo;assistance Le service d&rsquo;assistance technique de Sisgeo est g\u00e9r\u00e9 par le d\u00e9partement Customer Care \u00e0 travers le portail web d\u00e9di\u00e9, accessible en cliquant ici. Les services suivants peuvent \u00eatre activ\u00e9s ou g\u00e9r\u00e9s \u00e0 partir du portail de service: Retour pour entretien et\/ou r\u00e9paration de l&rsquo;instrument Location de syst\u00e8mes [&hellip;]","og_url":"https:\/\/sisgeo.com\/fr\/assistance-technique\/","og_site_name":"Sisgeo","article_modified_time":"2024-05-16T10:36:12+00:00","og_image":[{"url":"https:\/\/sisgeo.com\/wp-content\/uploads\/2023\/09\/customer_care_sisgeo.jpg","type":"","width":"","height":""}],"twitter_card":"summary_large_image","twitter_misc":{"Dur\u00e9e de lecture estim\u00e9e":"1 minute"},"schema":{"@context":"https:\/\/schema.org","@graph":[{"@type":"WebPage","@id":"https:\/\/sisgeo.com\/fr\/assistance-technique\/","url":"https:\/\/sisgeo.com\/fr\/assistance-technique\/","name":"Assistance - Sisgeo","isPartOf":{"@id":"https:\/\/sisgeo.com\/fr\/#website"},"primaryImageOfPage":{"@id":"https:\/\/sisgeo.com\/fr\/assistance-technique\/#primaryimage"},"image":{"@id":"https:\/\/sisgeo.com\/fr\/assistance-technique\/#primaryimage"},"thumbnailUrl":"https:\/\/sisgeo.com\/wp-content\/uploads\/2023\/09\/customer_care_sisgeo.jpg","datePublished":"2023-04-17T11:08:39+00:00","dateModified":"2024-05-16T10:36:12+00:00","breadcrumb":{"@id":"https:\/\/sisgeo.com\/fr\/assistance-technique\/#breadcrumb"},"inLanguage":"fr-FR","potentialAction":[{"@type":"ReadAction","target":["https:\/\/sisgeo.com\/fr\/assistance-technique\/"]}]},{"@type":"ImageObject","inLanguage":"fr-FR","@id":"https:\/\/sisgeo.com\/fr\/assistance-technique\/#primaryimage","url":"https:\/\/sisgeo.com\/wp-content\/uploads\/2023\/09\/customer_care_sisgeo.jpg","contentUrl":"https:\/\/sisgeo.com\/wp-content\/uploads\/2023\/09\/customer_care_sisgeo.jpg"},{"@type":"BreadcrumbList","@id":"https:\/\/sisgeo.com\/fr\/assistance-technique\/#breadcrumb","itemListElement":[{"@type":"ListItem","position":1,"name":"Home","item":"https:\/\/sisgeo.com\/fr\/linstrumentation-geotechnique-et-structurale-pour-le-shm\/"},{"@type":"ListItem","position":2,"name":"Assistance"}]},{"@type":"WebSite","@id":"https:\/\/sisgeo.com\/fr\/#website","url":"https:\/\/sisgeo.com\/fr\/","name":"Sisgeo","description":"Inclined to improvement","publisher":{"@id":"https:\/\/sisgeo.com\/fr\/#organization"},"potentialAction":[{"@type":"SearchAction","target":{"@type":"EntryPoint","urlTemplate":"https:\/\/sisgeo.com\/fr\/?s={search_term_string}"},"query-input":{"@type":"PropertyValueSpecification","valueRequired":true,"valueName":"search_term_string"}}],"inLanguage":"fr-FR"},{"@type":"Organization","@id":"https:\/\/sisgeo.com\/fr\/#organization","name":"Sisgeo S.r.l.","url":"https:\/\/sisgeo.com\/fr\/","logo":{"@type":"ImageObject","inLanguage":"fr-FR","@id":"https:\/\/sisgeo.com\/fr\/#\/schema\/logo\/image\/","url":"https:\/\/sisgeodev.pipehosting.it\/wp-content\/uploads\/2023\/06\/logo-RGB.png","contentUrl":"https:\/\/sisgeodev.pipehosting.it\/wp-content\/uploads\/2023\/06\/logo-RGB.png","width":205,"height":97,"caption":"Sisgeo S.r.l."},"image":{"@id":"https:\/\/sisgeo.com\/fr\/#\/schema\/logo\/image\/"}}]}},"_links":{"self":[{"href":"https:\/\/sisgeo.com\/fr\/wp-json\/wp\/v2\/pages\/19951","targetHints":{"allow":["GET"]}}],"collection":[{"href":"https:\/\/sisgeo.com\/fr\/wp-json\/wp\/v2\/pages"}],"about":[{"href":"https:\/\/sisgeo.com\/fr\/wp-json\/wp\/v2\/types\/page"}],"author":[{"embeddable":true,"href":"https:\/\/sisgeo.com\/fr\/wp-json\/wp\/v2\/users\/1"}],"replies":[{"embeddable":true,"href":"https:\/\/sisgeo.com\/fr\/wp-json\/wp\/v2\/comments?post=19951"}],"version-history":[{"count":5,"href":"https:\/\/sisgeo.com\/fr\/wp-json\/wp\/v2\/pages\/19951\/revisions"}],"predecessor-version":[{"id":25283,"href":"https:\/\/sisgeo.com\/fr\/wp-json\/wp\/v2\/pages\/19951\/revisions\/25283"}],"wp:attachment":[{"href":"https:\/\/sisgeo.com\/fr\/wp-json\/wp\/v2\/media?parent=19951"}],"wp:term":[{"taxonomy":"category","embeddable":true,"href":"https:\/\/sisgeo.com\/fr\/wp-json\/wp\/v2\/categories?post=19951"},{"taxonomy":"post_tag","embeddable":true,"href":"https:\/\/sisgeo.com\/fr\/wp-json\/wp\/v2\/tags?post=19951"}],"curies":[{"name":"wp","href":"https:\/\/api.w.org\/{rel}","templated":true}]}}