{"id":19975,"date":"2023-04-17T13:16:12","date_gmt":"2023-04-17T11:16:12","guid":{"rendered":"https:\/\/sisgeo.com\/zone-de-telechargement\/"},"modified":"2025-11-21T12:27:00","modified_gmt":"2025-11-21T11:27:00","slug":"zone-de-telechargement","status":"publish","type":"page","link":"https:\/\/sisgeo.com\/fr\/zone-de-telechargement\/","title":{"rendered":"Zone de t\u00e9l\u00e9chargement"},"content":{"rendered":"\t\t<div data-elementor-type=\"wp-page\" data-elementor-id=\"19975\" class=\"elementor elementor-19975 elementor-75\" data-elementor-post-type=\"page\">\n\t\t\t\t<div class=\"elementor-element elementor-element-3e16cb2 e-flex e-con-boxed e-con e-parent\" data-id=\"3e16cb2\" data-element_type=\"container\" data-e-type=\"container\" id=\"pulsanti\">\n\t\t\t\t\t<div class=\"e-con-inner\">\n\t\t<div class=\"elementor-element elementor-element-897aeb0 e-flex e-con-boxed e-con e-child\" data-id=\"897aeb0\" data-element_type=\"container\" data-e-type=\"container\">\n\t\t\t\t\t<div class=\"e-con-inner\">\n\t\t\t\t<div class=\"elementor-element elementor-element-2a2d7e0 btn elementor-widget elementor-widget-button\" data-id=\"2a2d7e0\" data-element_type=\"widget\" data-e-type=\"widget\" data-widget_type=\"button.default\">\n\t\t\t\t<div class=\"elementor-widget-container\">\n\t\t\t\t\t\t\t\t\t<div class=\"elementor-button-wrapper\">\n\t\t\t\t\t<a class=\"elementor-button elementor-button-link elementor-size-xl elementor-animation-grow\" href=\"https:\/\/sisgeo.com\/fr\/zone-de-telechargement\/fiche-technique\/\">\n\t\t\t\t\t\t<span class=\"elementor-button-content-wrapper\">\n\t\t\t\t\t\t<span class=\"elementor-button-icon\">\n\t\t\t\t<svg xmlns=\"http:\/\/www.w3.org\/2000\/svg\" width=\"88\" height=\"111\" viewBox=\"0 0 88 111\" fill=\"none\"><path fill-rule=\"evenodd\" clip-rule=\"evenodd\" d=\"M40.6285 0V89.6027L5.45528 57.6027L1 61.6L43.7422 100L86.3389 61.6L81.8866 57.6027L46.8617 89.6027V0L40.6285 0Z\" fill=\"white\"><\/path><line x1=\"0.022987\" y1=\"108\" x2=\"87.023\" y2=\"109\" stroke=\"white\" stroke-width=\"4\"><\/line><\/svg>\t\t\t<\/span>\n\t\t\t\t\t\t\t\t\t<span class=\"elementor-button-text\"><p style=\"font-size:20px;text-align: left\">Fiche<br>Tecnique<\/p><\/span>\n\t\t\t\t\t<\/span>\n\t\t\t\t\t<\/a>\n\t\t\t\t<\/div>\n\t\t\t\t\t\t\t\t<\/div>\n\t\t\t\t<\/div>\n\t\t\t\t<div class=\"elementor-element elementor-element-749926d btn elementor-widget elementor-widget-button\" data-id=\"749926d\" data-element_type=\"widget\" data-e-type=\"widget\" data-widget_type=\"button.default\">\n\t\t\t\t<div class=\"elementor-widget-container\">\n\t\t\t\t\t\t\t\t\t<div class=\"elementor-button-wrapper\">\n\t\t\t\t\t<a class=\"elementor-button elementor-button-link elementor-size-xl elementor-animation-grow\" href=\"https:\/\/sisgeo.com\/fr\/zone-de-telechargement\/manuels\/\">\n\t\t\t\t\t\t<span class=\"elementor-button-content-wrapper\">\n\t\t\t\t\t\t<span class=\"elementor-button-icon\">\n\t\t\t\t<svg xmlns=\"http:\/\/www.w3.org\/2000\/svg\" width=\"88\" height=\"111\" viewBox=\"0 0 88 111\" fill=\"none\"><path fill-rule=\"evenodd\" clip-rule=\"evenodd\" d=\"M40.6285 0V89.6027L5.45528 57.6027L1 61.6L43.7422 100L86.3389 61.6L81.8866 57.6027L46.8617 89.6027V0L40.6285 0Z\" fill=\"white\"><\/path><line x1=\"0.022987\" y1=\"108\" x2=\"87.023\" y2=\"109\" stroke=\"white\" stroke-width=\"4\"><\/line><\/svg>\t\t\t<\/span>\n\t\t\t\t\t\t\t\t\t<span class=\"elementor-button-text\"><p style=\"font-size:20px;text-align: left\">Manuels<br>D'utilisation<\/p><\/span>\n\t\t\t\t\t<\/span>\n\t\t\t\t\t<\/a>\n\t\t\t\t<\/div>\n\t\t\t\t\t\t\t\t<\/div>\n\t\t\t\t<\/div>\n\t\t\t\t<div class=\"elementor-element elementor-element-12162e1 btn elementor-widget elementor-widget-button\" data-id=\"12162e1\" data-element_type=\"widget\" data-e-type=\"widget\" data-widget_type=\"button.default\">\n\t\t\t\t<div class=\"elementor-widget-container\">\n\t\t\t\t\t\t\t\t\t<div class=\"elementor-button-wrapper\">\n\t\t\t\t\t<a class=\"elementor-button elementor-button-link elementor-size-xl elementor-animation-grow\" href=\"https:\/\/sisgeo.com\/fr\/zone-de-telechargement\/logiciels\/\">\n\t\t\t\t\t\t<span class=\"elementor-button-content-wrapper\">\n\t\t\t\t\t\t<span class=\"elementor-button-icon\">\n\t\t\t\t<svg xmlns=\"http:\/\/www.w3.org\/2000\/svg\" width=\"88\" height=\"111\" viewBox=\"0 0 88 111\" fill=\"none\"><path fill-rule=\"evenodd\" clip-rule=\"evenodd\" d=\"M40.6285 0V89.6027L5.45528 57.6027L1 61.6L43.7422 100L86.3389 61.6L81.8866 57.6027L46.8617 89.6027V0L40.6285 0Z\" fill=\"white\"><\/path><line x1=\"0.022987\" y1=\"108\" x2=\"87.023\" y2=\"109\" stroke=\"white\" stroke-width=\"4\"><\/line><\/svg>\t\t\t<\/span>\n\t\t\t\t\t\t\t\t\t<span class=\"elementor-button-text\"><p style=\"font-size:20px;text-align: left\">Logiciels et<br>Applications<\/p><\/span>\n\t\t\t\t\t<\/span>\n\t\t\t\t\t<\/a>\n\t\t\t\t<\/div>\n\t\t\t\t\t\t\t\t<\/div>\n\t\t\t\t<\/div>\n\t\t\t\t\t<\/div>\n\t\t\t\t<\/div>\n\t\t<div class=\"elementor-element elementor-element-b949648 e-flex e-con-boxed e-con e-child\" data-id=\"b949648\" data-element_type=\"container\" data-e-type=\"container\">\n\t\t\t\t\t<div class=\"e-con-inner\">\n\t\t\t\t<div class=\"elementor-element elementor-element-4cdd9e1 btn elementor-widget elementor-widget-button\" data-id=\"4cdd9e1\" data-element_type=\"widget\" data-e-type=\"widget\" data-widget_type=\"button.default\">\n\t\t\t\t<div class=\"elementor-widget-container\">\n\t\t\t\t\t\t\t\t\t<div class=\"elementor-button-wrapper\">\n\t\t\t\t\t<a class=\"elementor-button elementor-button-link elementor-size-xl elementor-animation-grow\" href=\"https:\/\/sisgeo.com\/fr\/zone-de-telechargement\/notes-dapplication\/\">\n\t\t\t\t\t\t<span class=\"elementor-button-content-wrapper\">\n\t\t\t\t\t\t<span class=\"elementor-button-icon\">\n\t\t\t\t<svg xmlns=\"http:\/\/www.w3.org\/2000\/svg\" width=\"88\" height=\"111\" viewBox=\"0 0 88 111\" fill=\"none\"><path fill-rule=\"evenodd\" clip-rule=\"evenodd\" d=\"M40.6285 0V89.6027L5.45528 57.6027L1 61.6L43.7422 100L86.3389 61.6L81.8866 57.6027L46.8617 89.6027V0L40.6285 0Z\" fill=\"white\"><\/path><line x1=\"0.022987\" y1=\"108\" x2=\"87.023\" y2=\"109\" stroke=\"white\" stroke-width=\"4\"><\/line><\/svg>\t\t\t<\/span>\n\t\t\t\t\t\t\t\t\t<span class=\"elementor-button-text\"><p style=\"font-size:20px;text-align: left\">Notes<br>D'application<\/p><\/span>\n\t\t\t\t\t<\/span>\n\t\t\t\t\t<\/a>\n\t\t\t\t<\/div>\n\t\t\t\t\t\t\t\t<\/div>\n\t\t\t\t<\/div>\n\t\t\t\t<div class=\"elementor-element elementor-element-17a2d7c btn elementor-widget elementor-widget-button\" data-id=\"17a2d7c\" data-element_type=\"widget\" data-e-type=\"widget\" data-widget_type=\"button.default\">\n\t\t\t\t<div class=\"elementor-widget-container\">\n\t\t\t\t\t\t\t\t\t<div class=\"elementor-button-wrapper\">\n\t\t\t\t\t<a class=\"elementor-button elementor-button-link elementor-size-xl elementor-animation-grow\" href=\"https:\/\/sisgeo.com\/fr\/zone-de-telechargement\/catalogues\/\">\n\t\t\t\t\t\t<span class=\"elementor-button-content-wrapper\">\n\t\t\t\t\t\t<span class=\"elementor-button-icon\">\n\t\t\t\t<svg xmlns=\"http:\/\/www.w3.org\/2000\/svg\" width=\"88\" height=\"111\" viewBox=\"0 0 88 111\" fill=\"none\"><path fill-rule=\"evenodd\" clip-rule=\"evenodd\" d=\"M40.6285 0V89.6027L5.45528 57.6027L1 61.6L43.7422 100L86.3389 61.6L81.8866 57.6027L46.8617 89.6027V0L40.6285 0Z\" fill=\"white\"><\/path><line x1=\"0.022987\" y1=\"108\" x2=\"87.023\" y2=\"109\" stroke=\"white\" stroke-width=\"4\"><\/line><\/svg>\t\t\t<\/span>\n\t\t\t\t\t\t\t\t\t<span class=\"elementor-button-text\"><p style=\"font-size:20px;text-align: left\">Catalogues<br>g\u00e9n\u00e9ral<\/p><\/span>\n\t\t\t\t\t<\/span>\n\t\t\t\t\t<\/a>\n\t\t\t\t<\/div>\n\t\t\t\t\t\t\t\t<\/div>\n\t\t\t\t<\/div>\n\t\t\t\t<div class=\"elementor-element elementor-element-6ff40a6 btn elementor-widget elementor-widget-button\" data-id=\"6ff40a6\" data-element_type=\"widget\" data-e-type=\"widget\" data-widget_type=\"button.default\">\n\t\t\t\t<div class=\"elementor-widget-container\">\n\t\t\t\t\t\t\t\t\t<div class=\"elementor-button-wrapper\">\n\t\t\t\t\t<a class=\"elementor-button elementor-button-link elementor-size-xl elementor-animation-grow\" href=\"https:\/\/sisgeo.com\/fr\/zone-de-telechargement\/references\/\">\n\t\t\t\t\t\t<span class=\"elementor-button-content-wrapper\">\n\t\t\t\t\t\t<span class=\"elementor-button-icon\">\n\t\t\t\t<svg xmlns=\"http:\/\/www.w3.org\/2000\/svg\" width=\"88\" height=\"111\" viewBox=\"0 0 88 111\" fill=\"none\"><path fill-rule=\"evenodd\" clip-rule=\"evenodd\" d=\"M40.6285 0V89.6027L5.45528 57.6027L1 61.6L43.7422 100L86.3389 61.6L81.8866 57.6027L46.8617 89.6027V0L40.6285 0Z\" fill=\"white\"><\/path><line x1=\"0.022987\" y1=\"108\" x2=\"87.023\" y2=\"109\" stroke=\"white\" stroke-width=\"4\"><\/line><\/svg>\t\t\t<\/span>\n\t\t\t\t\t\t\t\t\t<span class=\"elementor-button-text\"><p style=\"font-size:20px;text-align: left\">R\u00e9f\u00e9rences<br>et autres<\/p><\/span>\n\t\t\t\t\t<\/span>\n\t\t\t\t\t<\/a>\n\t\t\t\t<\/div>\n\t\t\t\t\t\t\t\t<\/div>\n\t\t\t\t<\/div>\n\t\t\t\t\t<\/div>\n\t\t\t\t<\/div>\n\t\t\t\t\t<\/div>\n\t\t\t\t<\/div>\n\t\t\t\t<\/div>\n\t\t","protected":false},"excerpt":{"rendered":"<p>FicheTecnique ManuelsD&rsquo;utilisation Logiciels etApplications NotesD&rsquo;application Cataloguesg\u00e9n\u00e9ral R\u00e9f\u00e9renceset autres<\/p>\n","protected":false},"author":1,"featured_media":0,"parent":0,"menu_order":0,"comment_status":"closed","ping_status":"closed","template":"","meta":{"footnotes":""},"categories":[],"tags":[],"class_list":["post-19975","page","type-page","status-publish","hentry"],"yoast_head":"<!-- This site is optimized with the Yoast SEO Premium plugin v27.2 (Yoast SEO v27.2) - https:\/\/yoast.com\/product\/yoast-seo-premium-wordpress\/ -->\n<title>Zone de t\u00e9l\u00e9chargement - Sisgeo<\/title>\n<meta name=\"robots\" content=\"index, follow, max-snippet:-1, max-image-preview:large, max-video-preview:-1\" \/>\n<link rel=\"canonical\" href=\"https:\/\/sisgeo.com\/fr\/zone-de-telechargement\/\" \/>\n<meta property=\"og:locale\" content=\"fr_FR\" \/>\n<meta property=\"og:type\" content=\"article\" \/>\n<meta property=\"og:title\" content=\"Zone de t\u00e9l\u00e9chargement\" \/>\n<meta property=\"og:description\" content=\"FicheTecnique ManuelsD&rsquo;utilisation Logiciels etApplications NotesD&rsquo;application Cataloguesg\u00e9n\u00e9ral R\u00e9f\u00e9renceset autres\" \/>\n<meta property=\"og:url\" content=\"https:\/\/sisgeo.com\/fr\/zone-de-telechargement\/\" \/>\n<meta property=\"og:site_name\" content=\"Sisgeo\" \/>\n<meta property=\"article:modified_time\" content=\"2025-11-21T11:27:00+00:00\" \/>\n<meta name=\"twitter:card\" content=\"summary_large_image\" \/>\n<script type=\"application\/ld+json\" class=\"yoast-schema-graph\">{\"@context\":\"https:\/\/schema.org\",\"@graph\":[{\"@type\":\"WebPage\",\"@id\":\"https:\/\/sisgeo.com\/fr\/zone-de-telechargement\/\",\"url\":\"https:\/\/sisgeo.com\/fr\/zone-de-telechargement\/\",\"name\":\"Zone de t\u00e9l\u00e9chargement - Sisgeo\",\"isPartOf\":{\"@id\":\"https:\/\/sisgeo.com\/fr\/#website\"},\"datePublished\":\"2023-04-17T11:16:12+00:00\",\"dateModified\":\"2025-11-21T11:27:00+00:00\",\"breadcrumb\":{\"@id\":\"https:\/\/sisgeo.com\/fr\/zone-de-telechargement\/#breadcrumb\"},\"inLanguage\":\"fr-FR\",\"potentialAction\":[{\"@type\":\"ReadAction\",\"target\":[\"https:\/\/sisgeo.com\/fr\/zone-de-telechargement\/\"]}]},{\"@type\":\"BreadcrumbList\",\"@id\":\"https:\/\/sisgeo.com\/fr\/zone-de-telechargement\/#breadcrumb\",\"itemListElement\":[{\"@type\":\"ListItem\",\"position\":1,\"name\":\"Home\",\"item\":\"https:\/\/sisgeo.com\/fr\/linstrumentation-geotechnique-et-structurale-pour-le-shm\/\"},{\"@type\":\"ListItem\",\"position\":2,\"name\":\"Zone de t\u00e9l\u00e9chargement\"}]},{\"@type\":\"WebSite\",\"@id\":\"https:\/\/sisgeo.com\/fr\/#website\",\"url\":\"https:\/\/sisgeo.com\/fr\/\",\"name\":\"Sisgeo\",\"description\":\"Inclined to improvement\",\"publisher\":{\"@id\":\"https:\/\/sisgeo.com\/fr\/#organization\"},\"potentialAction\":[{\"@type\":\"SearchAction\",\"target\":{\"@type\":\"EntryPoint\",\"urlTemplate\":\"https:\/\/sisgeo.com\/fr\/?s={search_term_string}\"},\"query-input\":{\"@type\":\"PropertyValueSpecification\",\"valueRequired\":true,\"valueName\":\"search_term_string\"}}],\"inLanguage\":\"fr-FR\"},{\"@type\":\"Organization\",\"@id\":\"https:\/\/sisgeo.com\/fr\/#organization\",\"name\":\"Sisgeo S.r.l.\",\"url\":\"https:\/\/sisgeo.com\/fr\/\",\"logo\":{\"@type\":\"ImageObject\",\"inLanguage\":\"fr-FR\",\"@id\":\"https:\/\/sisgeo.com\/fr\/#\/schema\/logo\/image\/\",\"url\":\"https:\/\/sisgeodev.pipehosting.it\/wp-content\/uploads\/2023\/06\/logo-RGB.png\",\"contentUrl\":\"https:\/\/sisgeodev.pipehosting.it\/wp-content\/uploads\/2023\/06\/logo-RGB.png\",\"width\":205,\"height\":97,\"caption\":\"Sisgeo S.r.l.\"},\"image\":{\"@id\":\"https:\/\/sisgeo.com\/fr\/#\/schema\/logo\/image\/\"}}]}<\/script>\n<!-- \/ Yoast SEO Premium plugin. -->","yoast_head_json":{"title":"Zone de t\u00e9l\u00e9chargement - Sisgeo","robots":{"index":"index","follow":"follow","max-snippet":"max-snippet:-1","max-image-preview":"max-image-preview:large","max-video-preview":"max-video-preview:-1"},"canonical":"https:\/\/sisgeo.com\/fr\/zone-de-telechargement\/","og_locale":"fr_FR","og_type":"article","og_title":"Zone de t\u00e9l\u00e9chargement","og_description":"FicheTecnique ManuelsD&rsquo;utilisation Logiciels etApplications NotesD&rsquo;application Cataloguesg\u00e9n\u00e9ral R\u00e9f\u00e9renceset autres","og_url":"https:\/\/sisgeo.com\/fr\/zone-de-telechargement\/","og_site_name":"Sisgeo","article_modified_time":"2025-11-21T11:27:00+00:00","twitter_card":"summary_large_image","schema":{"@context":"https:\/\/schema.org","@graph":[{"@type":"WebPage","@id":"https:\/\/sisgeo.com\/fr\/zone-de-telechargement\/","url":"https:\/\/sisgeo.com\/fr\/zone-de-telechargement\/","name":"Zone de t\u00e9l\u00e9chargement - Sisgeo","isPartOf":{"@id":"https:\/\/sisgeo.com\/fr\/#website"},"datePublished":"2023-04-17T11:16:12+00:00","dateModified":"2025-11-21T11:27:00+00:00","breadcrumb":{"@id":"https:\/\/sisgeo.com\/fr\/zone-de-telechargement\/#breadcrumb"},"inLanguage":"fr-FR","potentialAction":[{"@type":"ReadAction","target":["https:\/\/sisgeo.com\/fr\/zone-de-telechargement\/"]}]},{"@type":"BreadcrumbList","@id":"https:\/\/sisgeo.com\/fr\/zone-de-telechargement\/#breadcrumb","itemListElement":[{"@type":"ListItem","position":1,"name":"Home","item":"https:\/\/sisgeo.com\/fr\/linstrumentation-geotechnique-et-structurale-pour-le-shm\/"},{"@type":"ListItem","position":2,"name":"Zone de t\u00e9l\u00e9chargement"}]},{"@type":"WebSite","@id":"https:\/\/sisgeo.com\/fr\/#website","url":"https:\/\/sisgeo.com\/fr\/","name":"Sisgeo","description":"Inclined to improvement","publisher":{"@id":"https:\/\/sisgeo.com\/fr\/#organization"},"potentialAction":[{"@type":"SearchAction","target":{"@type":"EntryPoint","urlTemplate":"https:\/\/sisgeo.com\/fr\/?s={search_term_string}"},"query-input":{"@type":"PropertyValueSpecification","valueRequired":true,"valueName":"search_term_string"}}],"inLanguage":"fr-FR"},{"@type":"Organization","@id":"https:\/\/sisgeo.com\/fr\/#organization","name":"Sisgeo S.r.l.","url":"https:\/\/sisgeo.com\/fr\/","logo":{"@type":"ImageObject","inLanguage":"fr-FR","@id":"https:\/\/sisgeo.com\/fr\/#\/schema\/logo\/image\/","url":"https:\/\/sisgeodev.pipehosting.it\/wp-content\/uploads\/2023\/06\/logo-RGB.png","contentUrl":"https:\/\/sisgeodev.pipehosting.it\/wp-content\/uploads\/2023\/06\/logo-RGB.png","width":205,"height":97,"caption":"Sisgeo S.r.l."},"image":{"@id":"https:\/\/sisgeo.com\/fr\/#\/schema\/logo\/image\/"}}]}},"_links":{"self":[{"href":"https:\/\/sisgeo.com\/fr\/wp-json\/wp\/v2\/pages\/19975","targetHints":{"allow":["GET"]}}],"collection":[{"href":"https:\/\/sisgeo.com\/fr\/wp-json\/wp\/v2\/pages"}],"about":[{"href":"https:\/\/sisgeo.com\/fr\/wp-json\/wp\/v2\/types\/page"}],"author":[{"embeddable":true,"href":"https:\/\/sisgeo.com\/fr\/wp-json\/wp\/v2\/users\/1"}],"replies":[{"embeddable":true,"href":"https:\/\/sisgeo.com\/fr\/wp-json\/wp\/v2\/comments?post=19975"}],"version-history":[{"count":11,"href":"https:\/\/sisgeo.com\/fr\/wp-json\/wp\/v2\/pages\/19975\/revisions"}],"predecessor-version":[{"id":29490,"href":"https:\/\/sisgeo.com\/fr\/wp-json\/wp\/v2\/pages\/19975\/revisions\/29490"}],"wp:attachment":[{"href":"https:\/\/sisgeo.com\/fr\/wp-json\/wp\/v2\/media?parent=19975"}],"wp:term":[{"taxonomy":"category","embeddable":true,"href":"https:\/\/sisgeo.com\/fr\/wp-json\/wp\/v2\/categories?post=19975"},{"taxonomy":"post_tag","embeddable":true,"href":"https:\/\/sisgeo.com\/fr\/wp-json\/wp\/v2\/tags?post=19975"}],"curies":[{"name":"wp","href":"https:\/\/api.w.org\/{rel}","templated":true}]}}