{"id":19986,"date":"2023-09-21T11:59:23","date_gmt":"2023-09-21T09:59:23","guid":{"rendered":"https:\/\/sisgeo.com\/zone-de-telechargement\/notes-dapplication\/"},"modified":"2024-10-31T11:21:54","modified_gmt":"2024-10-31T10:21:54","slug":"notes-dapplication","status":"publish","type":"page","link":"https:\/\/sisgeo.com\/fr\/zone-de-telechargement\/notes-dapplication\/","title":{"rendered":"Notes d&rsquo;application"},"content":{"rendered":"\t\t<div data-elementor-type=\"wp-page\" data-elementor-id=\"19986\" class=\"elementor elementor-19986 elementor-14242\" data-elementor-post-type=\"page\">\n\t\t\t\t<div class=\"elementor-element elementor-element-31b928f e-flex e-con-boxed e-con e-parent\" data-id=\"31b928f\" data-element_type=\"container\" data-e-type=\"container\">\n\t\t\t\t\t<div class=\"e-con-inner\">\n\t\t\t\t\t<\/div>\n\t\t\t\t<\/div>\n\t\t<div class=\"elementor-element elementor-element-4fe2ca7 normali e-flex e-con-boxed e-con e-parent\" data-id=\"4fe2ca7\" data-element_type=\"container\" data-e-type=\"container\">\n\t\t\t\t\t<div class=\"e-con-inner\">\n\t\t<!-- dce invisible element 4f9cba8 --><!-- dce invisible element 43d1dc2 -->\t\t<div class=\"elementor-element elementor-element-004ae55 elementor-widget elementor-widget-dce-filebrowser\" data-id=\"004ae55\" data-element_type=\"widget\" data-e-type=\"widget\" data-settings=\"{&quot;enabled_visibility&quot;:&quot;yes&quot;,&quot;dce_visibility_selected&quot;:&quot;yes&quot;}\" data-widget_type=\"dce-filebrowser.default\">\n\t\t\t\t<div class=\"elementor-widget-container\">\n\t\t\t\t\t<ul class=\"list-unstyled dce-list dce-list-root\"><li class=\"file ext-pdf\"><a class=\"block btn-block dce-file-download\" href=\"https:\/\/sisgeo.com\/wp-content\/uploads\/Brochure%20applicazioni%20e%20referenze\/Brochure\/FR\/R\u00e9habilitation-et-modernisation-des-syst\u00e8mes-de-surveillance-pour-les-barrages%20_FR_02.pdf\" target=\"_blank\" data-md5=\"3ed3c99c5fcc32ba6ce94ffdee49aef8\" data-original-name=\"R\u00e9habilitation-et-modernisation-des-syst\u00e8mes-de-surveillance-pour-les-barrages _FR_02.pdf\"><span class=\"middle fiv-viv fiv-icon-pdf\"><\/span><span class=\"dce-file-text\"><strong class=\"dce-file-title\">R\u00e9habilitation-et-modernisation-des-syst\u00e8mes-de-surveillance-pour-les-barrages _FR_02<\/strong><\/span><\/a><\/li><li class=\"file ext-pdf\"><a class=\"block btn-block dce-file-download\" href=\"https:\/\/sisgeo.com\/wp-content\/uploads\/Brochure%20applicazioni%20e%20referenze\/Brochure\/FR\/Securite_et_suivi_des_barrages_FR_08.pdf\" target=\"_blank\" data-md5=\"a99d28e8b8c5364d80915e7bc53ece57\" data-original-name=\"Securite_et_suivi_des_barrages_FR_08.pdf\"><span class=\"middle fiv-viv fiv-icon-pdf\"><\/span><span class=\"dce-file-text\"><strong class=\"dce-file-title\">Securite_et_suivi_des_barrages_FR_08<\/strong><\/span><\/a><\/li><li class=\"file ext-pdf\"><a class=\"block btn-block dce-file-download\" href=\"https:\/\/sisgeo.com\/wp-content\/uploads\/Brochure%20applicazioni%20e%20referenze\/Brochure\/FR\/S\u00e8curit\u00e9_et_suivi_des_glissements_de_terrain_FR_07.pdf\" target=\"_blank\" data-md5=\"f3d0f65010f697e63825baa0eaa59435\" data-original-name=\"S\u00e8curit\u00e9_et_suivi_des_glissements_de_terrain_FR_07.pdf\"><span class=\"middle fiv-viv fiv-icon-pdf\"><\/span><span class=\"dce-file-text\"><strong class=\"dce-file-title\">S\u00e8curit\u00e9_et_suivi_des_glissements_de_terrain_FR_07<\/strong><\/span><\/a><\/li><li class=\"file ext-pdf\"><a class=\"block btn-block dce-file-download\" href=\"https:\/\/sisgeo.com\/wp-content\/uploads\/Brochure%20applicazioni%20e%20referenze\/Brochure\/FR\/S\u00e9curit\u00e9-et-surveillance-des%20gratte-ciels-et-patrimoines_FR_02.pdf\" target=\"_blank\" data-md5=\"b69b0d77e915aff077b4da7604361fcb\" data-original-name=\"S\u00e9curit\u00e9-et-surveillance-des gratte-ciels-et-patrimoines_FR_02.pdf\"><span class=\"middle fiv-viv fiv-icon-pdf\"><\/span><span class=\"dce-file-text\"><strong class=\"dce-file-title\">S\u00e9curit\u00e9-et-surveillance-des gratte-ciels-et-patrimoines_FR_02<\/strong><\/span><\/a><\/li><li class=\"file ext-pdf\"><a class=\"block btn-block dce-file-download\" href=\"https:\/\/sisgeo.com\/wp-content\/uploads\/Brochure%20applicazioni%20e%20referenze\/Brochure\/FR\/S\u00e9curit\u00e9-et-surveillance-des%20tunnels_FR_02.pdf\" target=\"_blank\" data-md5=\"0199851720fd2bb80f7fa5318f7fc30a\" data-original-name=\"S\u00e9curit\u00e9-et-surveillance-des tunnels_FR_02.pdf\"><span class=\"middle fiv-viv fiv-icon-pdf\"><\/span><span class=\"dce-file-text\"><strong class=\"dce-file-title\">S\u00e9curit\u00e9-et-surveillance-des tunnels_FR_02<\/strong><\/span><\/a><\/li><li class=\"file ext-pdf\"><a class=\"block btn-block dce-file-download\" href=\"https:\/\/sisgeo.com\/wp-content\/uploads\/Brochure%20applicazioni%20e%20referenze\/Brochure\/FR\/S\u00e9curit\u00e9_et_suirveillance_des_ponts_FR_00.pdf\" target=\"_blank\" data-md5=\"0fc30ab850edd440fbbc8d353477dc99\" data-original-name=\"S\u00e9curit\u00e9_et_suirveillance_des_ponts_FR_00.pdf\"><span class=\"middle fiv-viv fiv-icon-pdf\"><\/span><span class=\"dce-file-text\"><strong class=\"dce-file-title\">S\u00e9curit\u00e9_et_suirveillance_des_ponts_FR_00<\/strong><\/span><\/a><\/li><li class=\"file ext-pdf\"><a class=\"block btn-block dce-file-download\" href=\"https:\/\/sisgeo.com\/wp-content\/uploads\/Brochure%20applicazioni%20e%20referenze\/Brochure\/FR\/S\u00e9curit\u00e9_et_surveillance_des%20mine-FR_03.pdf\" target=\"_blank\" data-md5=\"029eb2c3b36aaa12f9403067235db1cf\" data-original-name=\"S\u00e9curit\u00e9_et_surveillance_des mine-FR_03.pdf\"><span class=\"middle fiv-viv fiv-icon-pdf\"><\/span><span class=\"dce-file-text\"><strong class=\"dce-file-title\">S\u00e9curit\u00e9_et_surveillance_des mine-FR_03<\/strong><\/span><\/a><\/li><li class=\"file ext-pdf\"><a class=\"block btn-block dce-file-download\" href=\"https:\/\/sisgeo.com\/wp-content\/uploads\/Brochure%20applicazioni%20e%20referenze\/Brochure\/FR\/securit\u00e8_et_suirveillance_des_ponts_FR_02.pdf\" target=\"_blank\" data-md5=\"f453501b9fe527d8fcf67a91aad907b7\" data-original-name=\"securit\u00e8_et_suirveillance_des_ponts_FR_02.pdf\"><span class=\"middle fiv-viv fiv-icon-pdf\"><\/span><span class=\"dce-file-text\"><strong class=\"dce-file-title\">securit\u00e8_et_suirveillance_des_ponts_FR_02<\/strong><\/span><\/a><\/li><\/ul>\t\t\t\t<\/div>\n\t\t\t\t<\/div>\n\t\t\t\t<div class=\"elementor-element elementor-element-86a7ec9 elementor-widget elementor-widget-dce-filebrowser\" data-id=\"86a7ec9\" data-element_type=\"widget\" data-e-type=\"widget\" data-widget_type=\"dce-filebrowser.default\">\n\t\t\t\t<div class=\"elementor-widget-container\">\n\t\t\t\t\t<ul class=\"list-unstyled dce-list dce-list-root\"><li class=\"file ext-pdf\"><a class=\"block btn-block dce-file-download\" href=\"https:\/\/sisgeo.com\/wp-content\/uploads\/Application%20Notes\/ENG\/Sisgeo_AN_EN_ALA-CAES_Pressure_plug_instrumentation_Geotechnical_m.pdf\" target=\"_blank\" data-md5=\"3c505f029f7b34694c8b49598160a687\" data-original-name=\"Sisgeo_AN_EN_ALA-CAES_Pressure_plug_instrumentation_Geotechnical_m.pdf\"><span class=\"middle fiv-viv fiv-icon-pdf\"><\/span><span class=\"dce-file-text\"><strong class=\"dce-file-title\">Sisgeo_AN_EN_ALA-CAES_Pressure_plug_instrumentation_Geotechnical_m<\/strong><\/span><\/a><\/li><li class=\"file ext-pdf\"><a class=\"block btn-block dce-file-download\" href=\"https:\/\/sisgeo.com\/wp-content\/uploads\/Application%20Notes\/ENG\/Sisgeo_AN_EN_Arosa_Switzerland_Excavation_in_Unstable_Slope.pdf\" target=\"_blank\" data-md5=\"4707ea4045fdc65f78db18d94974fb97\" data-original-name=\"Sisgeo_AN_EN_Arosa_Switzerland_Excavation_in_Unstable_Slope.pdf\"><span class=\"middle fiv-viv fiv-icon-pdf\"><\/span><span class=\"dce-file-text\"><strong class=\"dce-file-title\">Sisgeo_AN_EN_Arosa_Switzerland_Excavation_in_Unstable_Slope<\/strong><\/span><\/a><\/li><li class=\"file ext-pdf\"><a class=\"block btn-block dce-file-download\" href=\"https:\/\/sisgeo.com\/wp-content\/uploads\/Application%20Notes\/ENG\/Sisgeo_AN_EN_Doha_Quatar_Green_Line_Underground_Anchor_load_monito.pdf\" target=\"_blank\" data-md5=\"35666caec56243ac37aa850a65c4b258\" data-original-name=\"Sisgeo_AN_EN_Doha_Quatar_Green_Line_Underground_Anchor_load_monito.pdf\"><span class=\"middle fiv-viv fiv-icon-pdf\"><\/span><span class=\"dce-file-text\"><strong class=\"dce-file-title\">Sisgeo_AN_EN_Doha_Quatar_Green_Line_Underground_Anchor_load_monito<\/strong><\/span><\/a><\/li><li class=\"file ext-pdf\"><a class=\"block btn-block dce-file-download\" href=\"https:\/\/sisgeo.com\/wp-content\/uploads\/Application%20Notes\/ENG\/Sisgeo_AN_EN_Doha_Quatar_Green_Line_Underground_extensometers.pdf\" target=\"_blank\" data-md5=\"3581b9b7b8cb75ea8ba66da6c6b086d4\" data-original-name=\"Sisgeo_AN_EN_Doha_Quatar_Green_Line_Underground_extensometers.pdf\"><span class=\"middle fiv-viv fiv-icon-pdf\"><\/span><span class=\"dce-file-text\"><strong class=\"dce-file-title\">Sisgeo_AN_EN_Doha_Quatar_Green_Line_Underground_extensometers<\/strong><\/span><\/a><\/li><li class=\"file ext-pdf\"><a class=\"block btn-block dce-file-download\" href=\"https:\/\/sisgeo.com\/wp-content\/uploads\/Application%20Notes\/ENG\/Sisgeo_AN_EN_Sogamoso_dam_Construction_and_long-term_monitoring.pdf\" target=\"_blank\" data-md5=\"1732d23d0cbe74d18420ad2dda79ca8b\" data-original-name=\"Sisgeo_AN_EN_Sogamoso_dam_Construction_and_long-term_monitoring.pdf\"><span class=\"middle fiv-viv fiv-icon-pdf\"><\/span><span class=\"dce-file-text\"><strong class=\"dce-file-title\">Sisgeo_AN_EN_Sogamoso_dam_Construction_and_long-term_monitoring<\/strong><\/span><\/a><\/li><li class=\"file ext-pdf\"><a class=\"block btn-block dce-file-download\" href=\"https:\/\/sisgeo.com\/wp-content\/uploads\/Application%20Notes\/ENG\/Sisgeo_AN_EN_bozbergtunnel_anchor_load_monitoring_retaining_wall.pdf\" target=\"_blank\" data-md5=\"16dd0cf6c90e490a45c7023481afdcbe\" data-original-name=\"Sisgeo_AN_EN_bozbergtunnel_anchor_load_monitoring_retaining_wall.pdf\"><span class=\"middle fiv-viv fiv-icon-pdf\"><\/span><span class=\"dce-file-text\"><strong class=\"dce-file-title\">Sisgeo_AN_EN_bozbergtunnel_anchor_load_monitoring_retaining_wall<\/strong><\/span><\/a><\/li><li class=\"file ext-pdf\"><a class=\"block btn-block dce-file-download\" href=\"https:\/\/sisgeo.com\/wp-content\/uploads\/Application%20Notes\/ENG\/Sisgeo_AN_rock_cliff_monitoring.pdf\" target=\"_blank\" data-md5=\"f18d97172387c607a1fb9ec52ab1d534\" data-original-name=\"Sisgeo_AN_rock_cliff_monitoring.pdf\"><span class=\"middle fiv-viv fiv-icon-pdf\"><\/span><span class=\"dce-file-text\"><strong class=\"dce-file-title\">Sisgeo_AN_rock_cliff_monitoring<\/strong><\/span><\/a><\/li><li class=\"file ext-pdf\"><a class=\"block btn-block dce-file-download\" href=\"https:\/\/sisgeo.com\/wp-content\/uploads\/Application%20Notes\/ENG\/Sisgeo_WE_ARE_MONITORING_HISTORY.pdf\" target=\"_blank\" data-md5=\"4e0811ad88c0995bb60629b582f93cc0\" data-original-name=\"Sisgeo_WE_ARE_MONITORING_HISTORY.pdf\"><span class=\"middle fiv-viv fiv-icon-pdf\"><\/span><span class=\"dce-file-text\"><strong class=\"dce-file-title\">Sisgeo_WE_ARE_MONITORING_HISTORY<\/strong><\/span><\/a><\/li><li class=\"file ext-pdf\"><a class=\"block btn-block dce-file-download\" href=\"https:\/\/sisgeo.com\/wp-content\/uploads\/Application%20Notes\/ENG\/sisgeo_AN_extrusion_measurement_t-rex.pdf\" target=\"_blank\" data-md5=\"29a7b4f5a975b4957472fc4a9a3e5b2c\" data-original-name=\"sisgeo_AN_extrusion_measurement_t-rex.pdf\"><span class=\"middle fiv-viv fiv-icon-pdf\"><\/span><span class=\"dce-file-text\"><strong class=\"dce-file-title\">sisgeo_AN_extrusion_measurement_t-rex<\/strong><\/span><\/a><\/li><\/ul>\t\t\t\t<\/div>\n\t\t\t\t<\/div>\n\t\t\t\t\t<\/div>\n\t\t\t\t<\/div>\n\t\t\t\t<\/div>\n\t\t","protected":false},"excerpt":{"rendered":"<p>Bridges_safety_and_monitoring_EN_00 Buildings_skyscrapers_and_heritages_EN_01 Dams_safety_and_monitoring_EN_07 Landslides_safety_and_monitoring_EN_06 Mining_safety_and_monitoring_EN_02 Rehabiltation_and_modernization_of_monitoring_systems_in_dams_EN_00 Tunnel_safety_and_monitoring_EN_01 Mining_safety_and_monitoring_EN_02 Rehabilitaci\u00f3n-y-modernizaci\u00f3n-de-sistemas-de-monitoreo-para-presas_ES_00 Seguridad-y-monitoreo-de-edificios-y-patrimonios_ES_01 Seguridad-y-monitoreo-de-los-deslizamientos_ES_06 Seguridad-y-monitoreo-de-presas_ES_06 Seguridad-y-monitoreo-de-puentes_ES_00 Seguridad_y_monitoreo_de_los_tuneles_ES_01 Rehabiltation_and_modernization_of_monitoring_systems_in_dams_EN_00 S\u00e9curit\u00e9-et-surveillance-des gratte-ciels-et-patrimoines_FR_01 S\u00e9curit\u00e9-et-surveillance-des tunnels_FR_01 S\u00e9curit\u00e9_et_suirveillance_des_ponts_FR_00 S\u00e9curit\u00e9_et_suivi_des_glissements_de_terrain_FR_06 S\u00e9curit\u00e9_et_surveillance_des mine_FR_02 S\u00e9curit\u00e9_et_surveillance_des_barrages_FR_07 Sisgeo_AN_EN_ALA-CAES_Pressure_plug_instrumentation_Geotechnical_m Sisgeo_AN_EN_Arosa_Switzerland_Excavation_in_Unstable_Slope Sisgeo_AN_EN_Doha_Quatar_Green_Line_Underground_Anchor_load_monito Sisgeo_AN_EN_Doha_Quatar_Green_Line_Underground_extensometers Sisgeo_AN_EN_Sogamoso_dam_Construction_and_long-term_monitoring Sisgeo_AN_EN_bozbergtunnel_anchor_load_monitoring_retaining_wall Sisgeo_AN_rock_cliff_monitoring Sisgeo_WE_ARE_MONITORING_HISTORY sisgeo_AN_extrusion_measurement_t-rex<\/p>\n","protected":false},"author":1,"featured_media":0,"parent":19975,"menu_order":0,"comment_status":"closed","ping_status":"closed","template":"","meta":{"footnotes":""},"categories":[],"tags":[],"class_list":["post-19986","page","type-page","status-publish","hentry"],"yoast_head":"<!-- This site is optimized with the Yoast SEO Premium plugin v27.2 (Yoast SEO v27.2) - https:\/\/yoast.com\/product\/yoast-seo-premium-wordpress\/ -->\n<title>Notes d&#039;application - Sisgeo<\/title>\n<meta name=\"robots\" content=\"index, follow, max-snippet:-1, max-image-preview:large, max-video-preview:-1\" \/>\n<link rel=\"canonical\" href=\"https:\/\/sisgeo.com\/fr\/zone-de-telechargement\/notes-dapplication\/\" \/>\n<meta property=\"og:locale\" content=\"fr_FR\" \/>\n<meta property=\"og:type\" content=\"article\" \/>\n<meta property=\"og:title\" content=\"Notes d&#039;application\" \/>\n<meta property=\"og:description\" content=\"Bridges_safety_and_monitoring_EN_00 Buildings_skyscrapers_and_heritages_EN_01 Dams_safety_and_monitoring_EN_07 Landslides_safety_and_monitoring_EN_06 Mining_safety_and_monitoring_EN_02 Rehabiltation_and_modernization_of_monitoring_systems_in_dams_EN_00 Tunnel_safety_and_monitoring_EN_01 Mining_safety_and_monitoring_EN_02 Rehabilitaci\u00f3n-y-modernizaci\u00f3n-de-sistemas-de-monitoreo-para-presas_ES_00 Seguridad-y-monitoreo-de-edificios-y-patrimonios_ES_01 Seguridad-y-monitoreo-de-los-deslizamientos_ES_06 Seguridad-y-monitoreo-de-presas_ES_06 Seguridad-y-monitoreo-de-puentes_ES_00 Seguridad_y_monitoreo_de_los_tuneles_ES_01 Rehabiltation_and_modernization_of_monitoring_systems_in_dams_EN_00 S\u00e9curit\u00e9-et-surveillance-des gratte-ciels-et-patrimoines_FR_01 S\u00e9curit\u00e9-et-surveillance-des tunnels_FR_01 S\u00e9curit\u00e9_et_suirveillance_des_ponts_FR_00 S\u00e9curit\u00e9_et_suivi_des_glissements_de_terrain_FR_06 S\u00e9curit\u00e9_et_surveillance_des mine_FR_02 S\u00e9curit\u00e9_et_surveillance_des_barrages_FR_07 Sisgeo_AN_EN_ALA-CAES_Pressure_plug_instrumentation_Geotechnical_m Sisgeo_AN_EN_Arosa_Switzerland_Excavation_in_Unstable_Slope Sisgeo_AN_EN_Doha_Quatar_Green_Line_Underground_Anchor_load_monito Sisgeo_AN_EN_Doha_Quatar_Green_Line_Underground_extensometers Sisgeo_AN_EN_Sogamoso_dam_Construction_and_long-term_monitoring Sisgeo_AN_EN_bozbergtunnel_anchor_load_monitoring_retaining_wall Sisgeo_AN_rock_cliff_monitoring Sisgeo_WE_ARE_MONITORING_HISTORY sisgeo_AN_extrusion_measurement_t-rex\" \/>\n<meta property=\"og:url\" content=\"https:\/\/sisgeo.com\/fr\/zone-de-telechargement\/notes-dapplication\/\" \/>\n<meta property=\"og:site_name\" content=\"Sisgeo\" \/>\n<meta property=\"article:modified_time\" content=\"2024-10-31T10:21:54+00:00\" \/>\n<meta name=\"twitter:card\" content=\"summary_large_image\" \/>\n<meta name=\"twitter:label1\" content=\"Dur\u00e9e de lecture estim\u00e9e\" \/>\n\t<meta name=\"twitter:data1\" content=\"1 minute\" \/>\n<script type=\"application\/ld+json\" class=\"yoast-schema-graph\">{\"@context\":\"https:\/\/schema.org\",\"@graph\":[{\"@type\":\"WebPage\",\"@id\":\"https:\/\/sisgeo.com\/fr\/zone-de-telechargement\/notes-dapplication\/\",\"url\":\"https:\/\/sisgeo.com\/fr\/zone-de-telechargement\/notes-dapplication\/\",\"name\":\"Notes d'application - Sisgeo\",\"isPartOf\":{\"@id\":\"https:\/\/sisgeo.com\/fr\/#website\"},\"datePublished\":\"2023-09-21T09:59:23+00:00\",\"dateModified\":\"2024-10-31T10:21:54+00:00\",\"breadcrumb\":{\"@id\":\"https:\/\/sisgeo.com\/fr\/zone-de-telechargement\/notes-dapplication\/#breadcrumb\"},\"inLanguage\":\"fr-FR\",\"potentialAction\":[{\"@type\":\"ReadAction\",\"target\":[\"https:\/\/sisgeo.com\/fr\/zone-de-telechargement\/notes-dapplication\/\"]}]},{\"@type\":\"BreadcrumbList\",\"@id\":\"https:\/\/sisgeo.com\/fr\/zone-de-telechargement\/notes-dapplication\/#breadcrumb\",\"itemListElement\":[{\"@type\":\"ListItem\",\"position\":1,\"name\":\"Home\",\"item\":\"https:\/\/sisgeo.com\/fr\/linstrumentation-geotechnique-et-structurale-pour-le-shm\/\"},{\"@type\":\"ListItem\",\"position\":2,\"name\":\"Zone de t\u00e9l\u00e9chargement\",\"item\":\"https:\/\/sisgeo.com\/fr\/zone-de-telechargement\/\"},{\"@type\":\"ListItem\",\"position\":3,\"name\":\"Notes d&#8217;application\"}]},{\"@type\":\"WebSite\",\"@id\":\"https:\/\/sisgeo.com\/fr\/#website\",\"url\":\"https:\/\/sisgeo.com\/fr\/\",\"name\":\"Sisgeo\",\"description\":\"Inclined to improvement\",\"publisher\":{\"@id\":\"https:\/\/sisgeo.com\/fr\/#organization\"},\"potentialAction\":[{\"@type\":\"SearchAction\",\"target\":{\"@type\":\"EntryPoint\",\"urlTemplate\":\"https:\/\/sisgeo.com\/fr\/?s={search_term_string}\"},\"query-input\":{\"@type\":\"PropertyValueSpecification\",\"valueRequired\":true,\"valueName\":\"search_term_string\"}}],\"inLanguage\":\"fr-FR\"},{\"@type\":\"Organization\",\"@id\":\"https:\/\/sisgeo.com\/fr\/#organization\",\"name\":\"Sisgeo S.r.l.\",\"url\":\"https:\/\/sisgeo.com\/fr\/\",\"logo\":{\"@type\":\"ImageObject\",\"inLanguage\":\"fr-FR\",\"@id\":\"https:\/\/sisgeo.com\/fr\/#\/schema\/logo\/image\/\",\"url\":\"https:\/\/sisgeodev.pipehosting.it\/wp-content\/uploads\/2023\/06\/logo-RGB.png\",\"contentUrl\":\"https:\/\/sisgeodev.pipehosting.it\/wp-content\/uploads\/2023\/06\/logo-RGB.png\",\"width\":205,\"height\":97,\"caption\":\"Sisgeo S.r.l.\"},\"image\":{\"@id\":\"https:\/\/sisgeo.com\/fr\/#\/schema\/logo\/image\/\"}}]}<\/script>\n<!-- \/ Yoast SEO Premium plugin. -->","yoast_head_json":{"title":"Notes d'application - Sisgeo","robots":{"index":"index","follow":"follow","max-snippet":"max-snippet:-1","max-image-preview":"max-image-preview:large","max-video-preview":"max-video-preview:-1"},"canonical":"https:\/\/sisgeo.com\/fr\/zone-de-telechargement\/notes-dapplication\/","og_locale":"fr_FR","og_type":"article","og_title":"Notes d'application","og_description":"Bridges_safety_and_monitoring_EN_00 Buildings_skyscrapers_and_heritages_EN_01 Dams_safety_and_monitoring_EN_07 Landslides_safety_and_monitoring_EN_06 Mining_safety_and_monitoring_EN_02 Rehabiltation_and_modernization_of_monitoring_systems_in_dams_EN_00 Tunnel_safety_and_monitoring_EN_01 Mining_safety_and_monitoring_EN_02 Rehabilitaci\u00f3n-y-modernizaci\u00f3n-de-sistemas-de-monitoreo-para-presas_ES_00 Seguridad-y-monitoreo-de-edificios-y-patrimonios_ES_01 Seguridad-y-monitoreo-de-los-deslizamientos_ES_06 Seguridad-y-monitoreo-de-presas_ES_06 Seguridad-y-monitoreo-de-puentes_ES_00 Seguridad_y_monitoreo_de_los_tuneles_ES_01 Rehabiltation_and_modernization_of_monitoring_systems_in_dams_EN_00 S\u00e9curit\u00e9-et-surveillance-des gratte-ciels-et-patrimoines_FR_01 S\u00e9curit\u00e9-et-surveillance-des tunnels_FR_01 S\u00e9curit\u00e9_et_suirveillance_des_ponts_FR_00 S\u00e9curit\u00e9_et_suivi_des_glissements_de_terrain_FR_06 S\u00e9curit\u00e9_et_surveillance_des mine_FR_02 S\u00e9curit\u00e9_et_surveillance_des_barrages_FR_07 Sisgeo_AN_EN_ALA-CAES_Pressure_plug_instrumentation_Geotechnical_m Sisgeo_AN_EN_Arosa_Switzerland_Excavation_in_Unstable_Slope Sisgeo_AN_EN_Doha_Quatar_Green_Line_Underground_Anchor_load_monito Sisgeo_AN_EN_Doha_Quatar_Green_Line_Underground_extensometers Sisgeo_AN_EN_Sogamoso_dam_Construction_and_long-term_monitoring Sisgeo_AN_EN_bozbergtunnel_anchor_load_monitoring_retaining_wall Sisgeo_AN_rock_cliff_monitoring Sisgeo_WE_ARE_MONITORING_HISTORY sisgeo_AN_extrusion_measurement_t-rex","og_url":"https:\/\/sisgeo.com\/fr\/zone-de-telechargement\/notes-dapplication\/","og_site_name":"Sisgeo","article_modified_time":"2024-10-31T10:21:54+00:00","twitter_card":"summary_large_image","twitter_misc":{"Dur\u00e9e de lecture estim\u00e9e":"1 minute"},"schema":{"@context":"https:\/\/schema.org","@graph":[{"@type":"WebPage","@id":"https:\/\/sisgeo.com\/fr\/zone-de-telechargement\/notes-dapplication\/","url":"https:\/\/sisgeo.com\/fr\/zone-de-telechargement\/notes-dapplication\/","name":"Notes d'application - Sisgeo","isPartOf":{"@id":"https:\/\/sisgeo.com\/fr\/#website"},"datePublished":"2023-09-21T09:59:23+00:00","dateModified":"2024-10-31T10:21:54+00:00","breadcrumb":{"@id":"https:\/\/sisgeo.com\/fr\/zone-de-telechargement\/notes-dapplication\/#breadcrumb"},"inLanguage":"fr-FR","potentialAction":[{"@type":"ReadAction","target":["https:\/\/sisgeo.com\/fr\/zone-de-telechargement\/notes-dapplication\/"]}]},{"@type":"BreadcrumbList","@id":"https:\/\/sisgeo.com\/fr\/zone-de-telechargement\/notes-dapplication\/#breadcrumb","itemListElement":[{"@type":"ListItem","position":1,"name":"Home","item":"https:\/\/sisgeo.com\/fr\/linstrumentation-geotechnique-et-structurale-pour-le-shm\/"},{"@type":"ListItem","position":2,"name":"Zone de t\u00e9l\u00e9chargement","item":"https:\/\/sisgeo.com\/fr\/zone-de-telechargement\/"},{"@type":"ListItem","position":3,"name":"Notes d&#8217;application"}]},{"@type":"WebSite","@id":"https:\/\/sisgeo.com\/fr\/#website","url":"https:\/\/sisgeo.com\/fr\/","name":"Sisgeo","description":"Inclined to improvement","publisher":{"@id":"https:\/\/sisgeo.com\/fr\/#organization"},"potentialAction":[{"@type":"SearchAction","target":{"@type":"EntryPoint","urlTemplate":"https:\/\/sisgeo.com\/fr\/?s={search_term_string}"},"query-input":{"@type":"PropertyValueSpecification","valueRequired":true,"valueName":"search_term_string"}}],"inLanguage":"fr-FR"},{"@type":"Organization","@id":"https:\/\/sisgeo.com\/fr\/#organization","name":"Sisgeo S.r.l.","url":"https:\/\/sisgeo.com\/fr\/","logo":{"@type":"ImageObject","inLanguage":"fr-FR","@id":"https:\/\/sisgeo.com\/fr\/#\/schema\/logo\/image\/","url":"https:\/\/sisgeodev.pipehosting.it\/wp-content\/uploads\/2023\/06\/logo-RGB.png","contentUrl":"https:\/\/sisgeodev.pipehosting.it\/wp-content\/uploads\/2023\/06\/logo-RGB.png","width":205,"height":97,"caption":"Sisgeo S.r.l."},"image":{"@id":"https:\/\/sisgeo.com\/fr\/#\/schema\/logo\/image\/"}}]}},"_links":{"self":[{"href":"https:\/\/sisgeo.com\/fr\/wp-json\/wp\/v2\/pages\/19986","targetHints":{"allow":["GET"]}}],"collection":[{"href":"https:\/\/sisgeo.com\/fr\/wp-json\/wp\/v2\/pages"}],"about":[{"href":"https:\/\/sisgeo.com\/fr\/wp-json\/wp\/v2\/types\/page"}],"author":[{"embeddable":true,"href":"https:\/\/sisgeo.com\/fr\/wp-json\/wp\/v2\/users\/1"}],"replies":[{"embeddable":true,"href":"https:\/\/sisgeo.com\/fr\/wp-json\/wp\/v2\/comments?post=19986"}],"version-history":[{"count":5,"href":"https:\/\/sisgeo.com\/fr\/wp-json\/wp\/v2\/pages\/19986\/revisions"}],"predecessor-version":[{"id":26652,"href":"https:\/\/sisgeo.com\/fr\/wp-json\/wp\/v2\/pages\/19986\/revisions\/26652"}],"up":[{"embeddable":true,"href":"https:\/\/sisgeo.com\/fr\/wp-json\/wp\/v2\/pages\/19975"}],"wp:attachment":[{"href":"https:\/\/sisgeo.com\/fr\/wp-json\/wp\/v2\/media?parent=19986"}],"wp:term":[{"taxonomy":"category","embeddable":true,"href":"https:\/\/sisgeo.com\/fr\/wp-json\/wp\/v2\/categories?post=19986"},{"taxonomy":"post_tag","embeddable":true,"href":"https:\/\/sisgeo.com\/fr\/wp-json\/wp\/v2\/tags?post=19986"}],"curies":[{"name":"wp","href":"https:\/\/api.w.org\/{rel}","templated":true}]}}