{"id":20023,"date":"2023-09-22T17:38:26","date_gmt":"2023-09-22T15:38:26","guid":{"rendered":"https:\/\/sisgeo.com\/zone-de-telechargement\/fiche-technique\/fissurometres-et-jointmetres\/"},"modified":"2024-03-20T11:39:20","modified_gmt":"2024-03-20T10:39:20","slug":"fissurometres-et-jointmetres","status":"publish","type":"page","link":"https:\/\/sisgeo.com\/fr\/zone-de-telechargement\/fiche-technique\/fissurometres-et-jointmetres\/","title":{"rendered":"Fissurom\u00e8tres et jointm\u00e8tres"},"content":{"rendered":"\t\t<div data-elementor-type=\"wp-page\" data-elementor-id=\"20023\" class=\"elementor elementor-20023 elementor-15142\" data-elementor-post-type=\"page\">\n\t\t\t\t<div class=\"elementor-element elementor-element-cb5d006 e-flex e-con-boxed e-con e-parent\" data-id=\"cb5d006\" data-element_type=\"container\" data-e-type=\"container\">\n\t\t\t\t\t<div class=\"e-con-inner\">\n\t\t\t\t\t<\/div>\n\t\t\t\t<\/div>\n\t\t<div class=\"elementor-element elementor-element-a508917 normali e-flex e-con-boxed e-con e-parent\" data-id=\"a508917\" data-element_type=\"container\" data-e-type=\"container\">\n\t\t\t\t\t<div class=\"e-con-inner\">\n\t\t\t\t<div class=\"elementor-element elementor-element-bc9f539 elementor-widget elementor-widget-text-editor\" data-id=\"bc9f539\" data-element_type=\"widget\" data-e-type=\"widget\" data-widget_type=\"text-editor.default\">\n\t\t\t\t<div class=\"elementor-widget-container\">\n\t\t\t\t\t\t\t\t\t<p>Fissurom\u00e8tres m\u00e9caniques<\/p>\n\t\t\t\t\t\t\t\t<\/div>\n\t\t\t\t<\/div>\n\t\t<!-- dce invisible element 0f06bbf -->\t\t<div class=\"elementor-element elementor-element-ffb4ea6 elementor-widget elementor-widget-dce-filebrowser\" data-id=\"ffb4ea6\" data-element_type=\"widget\" data-e-type=\"widget\" data-settings=\"{&quot;enabled_visibility&quot;:&quot;yes&quot;,&quot;dce_visibility_selected&quot;:&quot;yes&quot;}\" data-widget_type=\"dce-filebrowser.default\">\n\t\t\t\t<div class=\"elementor-widget-container\">\n\t\t\t\t\t<ul class=\"list-unstyled dce-list dce-list-root\"><li class=\"file ext-pdf\"><a class=\"block btn-block dce-file-download\" href=\"https:\/\/sisgeo.com\/wp-content\/uploads\/Prodotti\/Crackmeters%20and%20Joint%20meters\/Mechanical%20crackmeters\/FR\/Datasheet\/D310_FR_07_fissurometres_mecaniques.pdf\" target=\"_blank\" data-md5=\"c7cec40dcb31c09bad4719941de5b778\" data-original-name=\"D310_FR_07_fissurometres_mecaniques.pdf\"><span class=\"middle fiv-viv fiv-icon-pdf\"><\/span><span class=\"dce-file-text\"><strong class=\"dce-file-title\">D310_FR_07_fissurometres_mecaniques<\/strong><\/span><\/a><\/li><\/ul>\t\t\t\t<\/div>\n\t\t\t\t<\/div>\n\t\t<!-- dce invisible element ce27105 -->\t\t\t<\/div>\n\t\t\t\t<\/div>\n\t\t<div class=\"elementor-element elementor-element-2d23870 normali e-flex e-con-boxed e-con e-parent\" data-id=\"2d23870\" data-element_type=\"container\" data-e-type=\"container\">\n\t\t\t\t\t<div class=\"e-con-inner\">\n\t\t\t\t<div class=\"elementor-element elementor-element-4cbcff5 elementor-widget elementor-widget-text-editor\" data-id=\"4cbcff5\" data-element_type=\"widget\" data-e-type=\"widget\" data-widget_type=\"text-editor.default\">\n\t\t\t\t<div class=\"elementor-widget-container\">\n\t\t\t\t\t\t\t\t\t<p>Fissurom\u00e8tres \u00e9lectriques et Jointm\u00e8tres<\/p>\n\t\t\t\t\t\t\t\t<\/div>\n\t\t\t\t<\/div>\n\t\t<!-- dce invisible element 064e7ba -->\t\t<div class=\"elementor-element elementor-element-7f7a771 elementor-widget elementor-widget-dce-filebrowser\" data-id=\"7f7a771\" data-element_type=\"widget\" data-e-type=\"widget\" data-settings=\"{&quot;enabled_visibility&quot;:&quot;yes&quot;,&quot;dce_visibility_selected&quot;:&quot;yes&quot;}\" data-widget_type=\"dce-filebrowser.default\">\n\t\t\t\t<div class=\"elementor-widget-container\">\n\t\t\t\t\t<ul class=\"list-unstyled dce-list dce-list-root\"><li class=\"file ext-pdf\"><a class=\"block btn-block dce-file-download\" href=\"https:\/\/sisgeo.com\/wp-content\/uploads\/Prodotti\/Crackmeters%20and%20Joint%20meters\/Electrical%20Crackmeters%20and%20Jointmeters\/FR\/Datasheet\/D313_FR_16_fissurometres_electriques_et_a_corde_vibrante.pdf\" target=\"_blank\" data-md5=\"6e72dd471e9eea17314369b2beddeb7c\" data-original-name=\"D313_FR_16_fissurometres_electriques_et_a_corde_vibrante.pdf\"><span class=\"middle fiv-viv fiv-icon-pdf\"><\/span><span class=\"dce-file-text\"><strong class=\"dce-file-title\">D313_FR_16_fissurometres_electriques_et_a_corde_vibrante<\/strong><\/span><\/a><\/li><\/ul>\t\t\t\t<\/div>\n\t\t\t\t<\/div>\n\t\t<!-- dce invisible element 91a888d -->\t\t\t<\/div>\n\t\t\t\t<\/div>\n\t\t<div class=\"elementor-element elementor-element-fcd4bc6 normali e-flex e-con-boxed e-con e-parent\" data-id=\"fcd4bc6\" data-element_type=\"container\" data-e-type=\"container\">\n\t\t\t\t\t<div class=\"e-con-inner\">\n\t\t\t\t<div class=\"elementor-element elementor-element-4403f40 elementor-widget elementor-widget-text-editor\" data-id=\"4403f40\" data-element_type=\"widget\" data-e-type=\"widget\" data-widget_type=\"text-editor.default\">\n\t\t\t\t<div class=\"elementor-widget-container\">\n\t\t\t\t\t\t\t\t\t<p>D\u00e9form\u00e8tres \u00e0 fil<\/p>\n\t\t\t\t\t\t\t\t<\/div>\n\t\t\t\t<\/div>\n\t\t<!-- dce invisible element 5d8ebd6 -->\t\t<div class=\"elementor-element elementor-element-e771a3f elementor-widget elementor-widget-dce-filebrowser\" data-id=\"e771a3f\" data-element_type=\"widget\" data-e-type=\"widget\" data-settings=\"{&quot;enabled_visibility&quot;:&quot;yes&quot;,&quot;dce_visibility_selected&quot;:&quot;yes&quot;}\" data-widget_type=\"dce-filebrowser.default\">\n\t\t\t\t<div class=\"elementor-widget-container\">\n\t\t\t\t\t<ul class=\"list-unstyled dce-list dce-list-root\"><li class=\"file ext-pdf\"><a class=\"block btn-block dce-file-download\" href=\"https:\/\/sisgeo.com\/wp-content\/uploads\/Prodotti\/Crackmeters%20and%20Joint%20meters\/Wire%20Deformeters\/FR\/Datasheet\/D300F_FR_04_deformetres_a_fil.pdf\" target=\"_blank\" data-md5=\"caadefee71d894a4e7402ce9f3a373b2\" data-original-name=\"D300F_FR_04_deformetres_a_fil.pdf\"><span class=\"middle fiv-viv fiv-icon-pdf\"><\/span><span class=\"dce-file-text\"><strong class=\"dce-file-title\">D300F_FR_04_deformetres_a_fil<\/strong><\/span><\/a><\/li><\/ul>\t\t\t\t<\/div>\n\t\t\t\t<\/div>\n\t\t<!-- dce invisible element f48183c -->\t\t\t<\/div>\n\t\t\t\t<\/div>\n\t\t<div class=\"elementor-element elementor-element-e1adc36 normali e-flex e-con-boxed e-con e-parent\" data-id=\"e1adc36\" data-element_type=\"container\" data-e-type=\"container\">\n\t\t\t\t\t<div class=\"e-con-inner\">\n\t\t\t\t<div class=\"elementor-element elementor-element-0f49181 elementor-widget elementor-widget-text-editor\" data-id=\"0f49181\" data-element_type=\"widget\" data-e-type=\"widget\" data-widget_type=\"text-editor.default\">\n\t\t\t\t<div class=\"elementor-widget-container\">\n\t\t\t\t\t\t\t\t\t<p>Fissurom\u00e8tres \u00e0 fil<\/p>\n\t\t\t\t\t\t\t\t<\/div>\n\t\t\t\t<\/div>\n\t\t<!-- dce invisible element 9516b0f -->\t\t<div class=\"elementor-element elementor-element-e3ae3af elementor-widget elementor-widget-dce-filebrowser\" data-id=\"e3ae3af\" data-element_type=\"widget\" data-e-type=\"widget\" data-settings=\"{&quot;enabled_visibility&quot;:&quot;yes&quot;,&quot;dce_visibility_selected&quot;:&quot;yes&quot;}\" data-widget_type=\"dce-filebrowser.default\">\n\t\t\t\t<div class=\"elementor-widget-container\">\n\t\t\t\t\t<ul class=\"list-unstyled dce-list dce-list-root\"><li class=\"file ext-pdf\"><a class=\"block btn-block dce-file-download\" href=\"https:\/\/sisgeo.com\/wp-content\/uploads\/Prodotti\/Crackmeters%20and%20Joint%20meters\/Wire%20Crackmeters\/FR\/Datasheet\/D241_FR_03_fissurometre_a_fil_longue_base.pdf\" target=\"_blank\" data-md5=\"31ddd4beecfff45b0cd0f412d2c627f8\" data-original-name=\"D241_FR_03_fissurometre_a_fil_longue_base.pdf\"><span class=\"middle fiv-viv fiv-icon-pdf\"><\/span><span class=\"dce-file-text\"><strong class=\"dce-file-title\">D241_FR_03_fissurometre_a_fil_longue_base<\/strong><\/span><\/a><\/li><\/ul>\t\t\t\t<\/div>\n\t\t\t\t<\/div>\n\t\t<!-- dce invisible element fdaaeab -->\t\t\t<\/div>\n\t\t\t\t<\/div>\n\t\t<div class=\"elementor-element elementor-element-909cf93 normali e-flex e-con-boxed e-con e-parent\" data-id=\"909cf93\" data-element_type=\"container\" data-e-type=\"container\">\n\t\t\t\t\t<div class=\"e-con-inner\">\n\t\t\t\t<div class=\"elementor-element elementor-element-f671783 elementor-widget elementor-widget-text-editor\" data-id=\"f671783\" data-element_type=\"widget\" data-e-type=\"widget\" data-widget_type=\"text-editor.default\">\n\t\t\t\t<div class=\"elementor-widget-container\">\n\t\t\t\t\t\t\t\t\t<p>Jointm\u00e8tres b\u00e9tonnables<\/p>\n\t\t\t\t\t\t\t\t<\/div>\n\t\t\t\t<\/div>\n\t\t<!-- dce invisible element 2cbfd29 -->\t\t<div class=\"elementor-element elementor-element-78271d4 elementor-widget elementor-widget-dce-filebrowser\" data-id=\"78271d4\" data-element_type=\"widget\" data-e-type=\"widget\" data-settings=\"{&quot;enabled_visibility&quot;:&quot;yes&quot;,&quot;dce_visibility_selected&quot;:&quot;yes&quot;}\" data-widget_type=\"dce-filebrowser.default\">\n\t\t\t\t<div class=\"elementor-widget-container\">\n\t\t\t\t\t<ul class=\"list-unstyled dce-list dce-list-root\"><li class=\"file ext-pdf\"><a class=\"block btn-block dce-file-download\" href=\"https:\/\/sisgeo.com\/wp-content\/uploads\/Prodotti\/Crackmeters%20and%20Joint%20meters\/Embedment%20Jointmeters\/FR\/Datasheet\/D314_FR_01_embedment_jointmeters_1.pdf\" target=\"_blank\" data-md5=\"2d24c339fcdf900740cb945041f62325\" data-original-name=\"D314_FR_01_embedment_jointmeters_1.pdf\"><span class=\"middle fiv-viv fiv-icon-pdf\"><\/span><span class=\"dce-file-text\"><strong class=\"dce-file-title\">D314_FR_01_embedment_jointmeters_1<\/strong><\/span><\/a><\/li><\/ul>\t\t\t\t<\/div>\n\t\t\t\t<\/div>\n\t\t<!-- dce invisible element 1d1e048 -->\t\t\t<\/div>\n\t\t\t\t<\/div>\n\t\t\t\t<\/div>\n\t\t","protected":false},"excerpt":{"rendered":"<p>Fissurom\u00e8tres m\u00e9caniques D310_EN_07_mechanical_jointmeters D310_FR_07_fissurometres_mecaniques D310_ES_07_fisurometros_mecanicos Fissurom\u00e8tres \u00e9lectriques et Jointm\u00e8tres D313_EN_16_electrical_and_vibrating_wire_crackmeters D313_FR_16_fissurometres_electriques_et_a_corde_vibrante D313_ES_14_fisurometros_electricos D\u00e9form\u00e8tres \u00e0 fil D300F_EN_04_Wire_deformeters D300F_FR_04_deformetres_a_fil D300F_ES_04_deformimetros_de_hilos Fissurom\u00e8tres \u00e0 fil D241_EN_03_wire_crackmeter_wire_extensometer D241_FR_03_fissurometre_a_fil_longue_base D241_ESP_02_extensometro_a_hilo Jointm\u00e8tres b\u00e9tonnables D314_EN_01_embedment_jointmeter D314_FR_01_embedment_jointmeters_1 D314_ES_01_medidores_de_junta_embebidos<\/p>\n","protected":false},"author":1,"featured_media":0,"parent":20005,"menu_order":0,"comment_status":"closed","ping_status":"closed","template":"","meta":{"footnotes":""},"categories":[],"tags":[],"class_list":["post-20023","page","type-page","status-publish","hentry"],"yoast_head":"<!-- This site is optimized with the Yoast SEO Premium plugin v27.2 (Yoast SEO v27.2) - https:\/\/yoast.com\/product\/yoast-seo-premium-wordpress\/ -->\n<title>Fissurom\u00e8tres et jointm\u00e8tres - Sisgeo<\/title>\n<meta name=\"robots\" content=\"index, follow, max-snippet:-1, max-image-preview:large, max-video-preview:-1\" \/>\n<link rel=\"canonical\" href=\"https:\/\/sisgeo.com\/fr\/zone-de-telechargement\/fiche-technique\/fissurometres-et-jointmetres\/\" \/>\n<meta property=\"og:locale\" content=\"fr_FR\" \/>\n<meta property=\"og:type\" content=\"article\" \/>\n<meta property=\"og:title\" content=\"Fissurom\u00e8tres et jointm\u00e8tres\" \/>\n<meta property=\"og:description\" content=\"Fissurom\u00e8tres m\u00e9caniques D310_EN_07_mechanical_jointmeters D310_FR_07_fissurometres_mecaniques D310_ES_07_fisurometros_mecanicos Fissurom\u00e8tres \u00e9lectriques et Jointm\u00e8tres D313_EN_16_electrical_and_vibrating_wire_crackmeters D313_FR_16_fissurometres_electriques_et_a_corde_vibrante D313_ES_14_fisurometros_electricos D\u00e9form\u00e8tres \u00e0 fil D300F_EN_04_Wire_deformeters D300F_FR_04_deformetres_a_fil D300F_ES_04_deformimetros_de_hilos Fissurom\u00e8tres \u00e0 fil D241_EN_03_wire_crackmeter_wire_extensometer D241_FR_03_fissurometre_a_fil_longue_base D241_ESP_02_extensometro_a_hilo Jointm\u00e8tres b\u00e9tonnables D314_EN_01_embedment_jointmeter D314_FR_01_embedment_jointmeters_1 D314_ES_01_medidores_de_junta_embebidos\" \/>\n<meta property=\"og:url\" content=\"https:\/\/sisgeo.com\/fr\/zone-de-telechargement\/fiche-technique\/fissurometres-et-jointmetres\/\" \/>\n<meta property=\"og:site_name\" content=\"Sisgeo\" \/>\n<meta property=\"article:modified_time\" content=\"2024-03-20T10:39:20+00:00\" \/>\n<meta name=\"twitter:card\" content=\"summary_large_image\" \/>\n<meta name=\"twitter:label1\" content=\"Dur\u00e9e de lecture estim\u00e9e\" \/>\n\t<meta name=\"twitter:data1\" content=\"1 minute\" \/>\n<script type=\"application\/ld+json\" class=\"yoast-schema-graph\">{\"@context\":\"https:\/\/schema.org\",\"@graph\":[{\"@type\":\"WebPage\",\"@id\":\"https:\/\/sisgeo.com\/fr\/zone-de-telechargement\/fiche-technique\/fissurometres-et-jointmetres\/\",\"url\":\"https:\/\/sisgeo.com\/fr\/zone-de-telechargement\/fiche-technique\/fissurometres-et-jointmetres\/\",\"name\":\"Fissurom\u00e8tres et jointm\u00e8tres - Sisgeo\",\"isPartOf\":{\"@id\":\"https:\/\/sisgeo.com\/fr\/#website\"},\"datePublished\":\"2023-09-22T15:38:26+00:00\",\"dateModified\":\"2024-03-20T10:39:20+00:00\",\"breadcrumb\":{\"@id\":\"https:\/\/sisgeo.com\/fr\/zone-de-telechargement\/fiche-technique\/fissurometres-et-jointmetres\/#breadcrumb\"},\"inLanguage\":\"fr-FR\",\"potentialAction\":[{\"@type\":\"ReadAction\",\"target\":[\"https:\/\/sisgeo.com\/fr\/zone-de-telechargement\/fiche-technique\/fissurometres-et-jointmetres\/\"]}]},{\"@type\":\"BreadcrumbList\",\"@id\":\"https:\/\/sisgeo.com\/fr\/zone-de-telechargement\/fiche-technique\/fissurometres-et-jointmetres\/#breadcrumb\",\"itemListElement\":[{\"@type\":\"ListItem\",\"position\":1,\"name\":\"Home\",\"item\":\"https:\/\/sisgeo.com\/fr\/linstrumentation-geotechnique-et-structurale-pour-le-shm\/\"},{\"@type\":\"ListItem\",\"position\":2,\"name\":\"Zone de t\u00e9l\u00e9chargement\",\"item\":\"https:\/\/sisgeo.com\/fr\/zone-de-telechargement\/\"},{\"@type\":\"ListItem\",\"position\":3,\"name\":\"Fiche technique\",\"item\":\"https:\/\/sisgeo.com\/fr\/zone-de-telechargement\/fiche-technique\/\"},{\"@type\":\"ListItem\",\"position\":4,\"name\":\"Fissurom\u00e8tres et jointm\u00e8tres\"}]},{\"@type\":\"WebSite\",\"@id\":\"https:\/\/sisgeo.com\/fr\/#website\",\"url\":\"https:\/\/sisgeo.com\/fr\/\",\"name\":\"Sisgeo\",\"description\":\"Inclined to improvement\",\"publisher\":{\"@id\":\"https:\/\/sisgeo.com\/fr\/#organization\"},\"potentialAction\":[{\"@type\":\"SearchAction\",\"target\":{\"@type\":\"EntryPoint\",\"urlTemplate\":\"https:\/\/sisgeo.com\/fr\/?s={search_term_string}\"},\"query-input\":{\"@type\":\"PropertyValueSpecification\",\"valueRequired\":true,\"valueName\":\"search_term_string\"}}],\"inLanguage\":\"fr-FR\"},{\"@type\":\"Organization\",\"@id\":\"https:\/\/sisgeo.com\/fr\/#organization\",\"name\":\"Sisgeo S.r.l.\",\"url\":\"https:\/\/sisgeo.com\/fr\/\",\"logo\":{\"@type\":\"ImageObject\",\"inLanguage\":\"fr-FR\",\"@id\":\"https:\/\/sisgeo.com\/fr\/#\/schema\/logo\/image\/\",\"url\":\"https:\/\/sisgeodev.pipehosting.it\/wp-content\/uploads\/2023\/06\/logo-RGB.png\",\"contentUrl\":\"https:\/\/sisgeodev.pipehosting.it\/wp-content\/uploads\/2023\/06\/logo-RGB.png\",\"width\":205,\"height\":97,\"caption\":\"Sisgeo S.r.l.\"},\"image\":{\"@id\":\"https:\/\/sisgeo.com\/fr\/#\/schema\/logo\/image\/\"}}]}<\/script>\n<!-- \/ Yoast SEO Premium plugin. -->","yoast_head_json":{"title":"Fissurom\u00e8tres et jointm\u00e8tres - Sisgeo","robots":{"index":"index","follow":"follow","max-snippet":"max-snippet:-1","max-image-preview":"max-image-preview:large","max-video-preview":"max-video-preview:-1"},"canonical":"https:\/\/sisgeo.com\/fr\/zone-de-telechargement\/fiche-technique\/fissurometres-et-jointmetres\/","og_locale":"fr_FR","og_type":"article","og_title":"Fissurom\u00e8tres et jointm\u00e8tres","og_description":"Fissurom\u00e8tres m\u00e9caniques D310_EN_07_mechanical_jointmeters D310_FR_07_fissurometres_mecaniques D310_ES_07_fisurometros_mecanicos Fissurom\u00e8tres \u00e9lectriques et Jointm\u00e8tres D313_EN_16_electrical_and_vibrating_wire_crackmeters D313_FR_16_fissurometres_electriques_et_a_corde_vibrante D313_ES_14_fisurometros_electricos D\u00e9form\u00e8tres \u00e0 fil D300F_EN_04_Wire_deformeters D300F_FR_04_deformetres_a_fil D300F_ES_04_deformimetros_de_hilos Fissurom\u00e8tres \u00e0 fil D241_EN_03_wire_crackmeter_wire_extensometer D241_FR_03_fissurometre_a_fil_longue_base D241_ESP_02_extensometro_a_hilo Jointm\u00e8tres b\u00e9tonnables D314_EN_01_embedment_jointmeter D314_FR_01_embedment_jointmeters_1 D314_ES_01_medidores_de_junta_embebidos","og_url":"https:\/\/sisgeo.com\/fr\/zone-de-telechargement\/fiche-technique\/fissurometres-et-jointmetres\/","og_site_name":"Sisgeo","article_modified_time":"2024-03-20T10:39:20+00:00","twitter_card":"summary_large_image","twitter_misc":{"Dur\u00e9e de lecture estim\u00e9e":"1 minute"},"schema":{"@context":"https:\/\/schema.org","@graph":[{"@type":"WebPage","@id":"https:\/\/sisgeo.com\/fr\/zone-de-telechargement\/fiche-technique\/fissurometres-et-jointmetres\/","url":"https:\/\/sisgeo.com\/fr\/zone-de-telechargement\/fiche-technique\/fissurometres-et-jointmetres\/","name":"Fissurom\u00e8tres et jointm\u00e8tres - Sisgeo","isPartOf":{"@id":"https:\/\/sisgeo.com\/fr\/#website"},"datePublished":"2023-09-22T15:38:26+00:00","dateModified":"2024-03-20T10:39:20+00:00","breadcrumb":{"@id":"https:\/\/sisgeo.com\/fr\/zone-de-telechargement\/fiche-technique\/fissurometres-et-jointmetres\/#breadcrumb"},"inLanguage":"fr-FR","potentialAction":[{"@type":"ReadAction","target":["https:\/\/sisgeo.com\/fr\/zone-de-telechargement\/fiche-technique\/fissurometres-et-jointmetres\/"]}]},{"@type":"BreadcrumbList","@id":"https:\/\/sisgeo.com\/fr\/zone-de-telechargement\/fiche-technique\/fissurometres-et-jointmetres\/#breadcrumb","itemListElement":[{"@type":"ListItem","position":1,"name":"Home","item":"https:\/\/sisgeo.com\/fr\/linstrumentation-geotechnique-et-structurale-pour-le-shm\/"},{"@type":"ListItem","position":2,"name":"Zone de t\u00e9l\u00e9chargement","item":"https:\/\/sisgeo.com\/fr\/zone-de-telechargement\/"},{"@type":"ListItem","position":3,"name":"Fiche technique","item":"https:\/\/sisgeo.com\/fr\/zone-de-telechargement\/fiche-technique\/"},{"@type":"ListItem","position":4,"name":"Fissurom\u00e8tres et jointm\u00e8tres"}]},{"@type":"WebSite","@id":"https:\/\/sisgeo.com\/fr\/#website","url":"https:\/\/sisgeo.com\/fr\/","name":"Sisgeo","description":"Inclined to improvement","publisher":{"@id":"https:\/\/sisgeo.com\/fr\/#organization"},"potentialAction":[{"@type":"SearchAction","target":{"@type":"EntryPoint","urlTemplate":"https:\/\/sisgeo.com\/fr\/?s={search_term_string}"},"query-input":{"@type":"PropertyValueSpecification","valueRequired":true,"valueName":"search_term_string"}}],"inLanguage":"fr-FR"},{"@type":"Organization","@id":"https:\/\/sisgeo.com\/fr\/#organization","name":"Sisgeo S.r.l.","url":"https:\/\/sisgeo.com\/fr\/","logo":{"@type":"ImageObject","inLanguage":"fr-FR","@id":"https:\/\/sisgeo.com\/fr\/#\/schema\/logo\/image\/","url":"https:\/\/sisgeodev.pipehosting.it\/wp-content\/uploads\/2023\/06\/logo-RGB.png","contentUrl":"https:\/\/sisgeodev.pipehosting.it\/wp-content\/uploads\/2023\/06\/logo-RGB.png","width":205,"height":97,"caption":"Sisgeo S.r.l."},"image":{"@id":"https:\/\/sisgeo.com\/fr\/#\/schema\/logo\/image\/"}}]}},"_links":{"self":[{"href":"https:\/\/sisgeo.com\/fr\/wp-json\/wp\/v2\/pages\/20023","targetHints":{"allow":["GET"]}}],"collection":[{"href":"https:\/\/sisgeo.com\/fr\/wp-json\/wp\/v2\/pages"}],"about":[{"href":"https:\/\/sisgeo.com\/fr\/wp-json\/wp\/v2\/types\/page"}],"author":[{"embeddable":true,"href":"https:\/\/sisgeo.com\/fr\/wp-json\/wp\/v2\/users\/1"}],"replies":[{"embeddable":true,"href":"https:\/\/sisgeo.com\/fr\/wp-json\/wp\/v2\/comments?post=20023"}],"version-history":[{"count":2,"href":"https:\/\/sisgeo.com\/fr\/wp-json\/wp\/v2\/pages\/20023\/revisions"}],"predecessor-version":[{"id":24618,"href":"https:\/\/sisgeo.com\/fr\/wp-json\/wp\/v2\/pages\/20023\/revisions\/24618"}],"up":[{"embeddable":true,"href":"https:\/\/sisgeo.com\/fr\/wp-json\/wp\/v2\/pages\/20005"}],"wp:attachment":[{"href":"https:\/\/sisgeo.com\/fr\/wp-json\/wp\/v2\/media?parent=20023"}],"wp:term":[{"taxonomy":"category","embeddable":true,"href":"https:\/\/sisgeo.com\/fr\/wp-json\/wp\/v2\/categories?post=20023"},{"taxonomy":"post_tag","embeddable":true,"href":"https:\/\/sisgeo.com\/fr\/wp-json\/wp\/v2\/tags?post=20023"}],"curies":[{"name":"wp","href":"https:\/\/api.w.org\/{rel}","templated":true}]}}