{"id":20042,"date":"2023-09-22T09:52:25","date_gmt":"2023-09-22T07:52:25","guid":{"rendered":"https:\/\/sisgeo.com\/zone-de-telechargement\/fiche-technique\/extensometres\/"},"modified":"2025-01-20T09:45:10","modified_gmt":"2025-01-20T08:45:10","slug":"extensometres","status":"publish","type":"page","link":"https:\/\/sisgeo.com\/fr\/zone-de-telechargement\/fiche-technique\/extensometres\/","title":{"rendered":"Extensometres"},"content":{"rendered":"\t\t<div data-elementor-type=\"wp-page\" data-elementor-id=\"20042\" class=\"elementor elementor-20042 elementor-14768\" data-elementor-post-type=\"page\">\n\t\t\t\t<div class=\"elementor-element elementor-element-cb5d006 e-flex e-con-boxed e-con e-parent\" data-id=\"cb5d006\" data-element_type=\"container\" data-e-type=\"container\">\n\t\t\t\t\t<div class=\"e-con-inner\">\n\t\t\t\t\t<\/div>\n\t\t\t\t<\/div>\n\t\t<div class=\"elementor-element elementor-element-a508917 normali e-flex e-con-boxed e-con e-parent\" data-id=\"a508917\" data-element_type=\"container\" data-e-type=\"container\">\n\t\t\t\t\t<div class=\"e-con-inner\">\n\t\t\t\t<div class=\"elementor-element elementor-element-bc9f539 elementor-widget elementor-widget-text-editor\" data-id=\"bc9f539\" data-element_type=\"widget\" data-e-type=\"widget\" data-widget_type=\"text-editor.default\">\n\t\t\t\t<div class=\"elementor-widget-container\">\n\t\t\t\t\t\t\t\t\t<p>MPBX &#8211; Extensom\u00e8tres en Forage multipoints<\/p>\n\t\t\t\t\t\t\t\t<\/div>\n\t\t\t\t<\/div>\n\t\t<!-- dce invisible element 0f06bbf -->\t\t<div class=\"elementor-element elementor-element-ffb4ea6 elementor-widget elementor-widget-dce-filebrowser\" data-id=\"ffb4ea6\" data-element_type=\"widget\" data-e-type=\"widget\" data-settings=\"{&quot;enabled_visibility&quot;:&quot;yes&quot;,&quot;dce_visibility_selected&quot;:&quot;yes&quot;}\" data-widget_type=\"dce-filebrowser.default\">\n\t\t\t\t<div class=\"elementor-widget-container\">\n\t\t\t\t\t<ul class=\"list-unstyled dce-list dce-list-root\"><li class=\"file ext-pdf\"><a class=\"block btn-block dce-file-download\" href=\"https:\/\/sisgeo.com\/wp-content\/uploads\/Prodotti\/Extensometers\/MPBX%20-%20Multipoint%20Borehole%20Extensometers\/FR\/Datasheet\/D222_EN_12_MPBX_borehole_rod_extensometer.pdf\" target=\"_blank\" data-md5=\"15dbf32f974ee110fd50ecb1a5571318\" data-original-name=\"D222_EN_12_MPBX_borehole_rod_extensometer.pdf\"><span class=\"middle fiv-viv fiv-icon-pdf\"><\/span><span class=\"dce-file-text\"><strong class=\"dce-file-title\">D222_EN_12_MPBX_borehole_rod_extensometer<\/strong><\/span><\/a><\/li><\/ul>\t\t\t\t<\/div>\n\t\t\t\t<\/div>\n\t\t<!-- dce invisible element ce27105 -->\t\t\t<\/div>\n\t\t\t\t<\/div>\n\t\t<div class=\"elementor-element elementor-element-2d23870 normali e-flex e-con-boxed e-con e-parent\" data-id=\"2d23870\" data-element_type=\"container\" data-e-type=\"container\">\n\t\t\t\t\t<div class=\"e-con-inner\">\n\t\t\t\t<div class=\"elementor-element elementor-element-4cbcff5 elementor-widget elementor-widget-text-editor\" data-id=\"4cbcff5\" data-element_type=\"widget\" data-e-type=\"widget\" data-widget_type=\"text-editor.default\">\n\t\t\t\t<div class=\"elementor-widget-container\">\n\t\t\t\t\t\t\t\t\t<p>MEXID &#8211; MPBX miniaturis\u00e9<\/p>\n\t\t\t\t\t\t\t\t<\/div>\n\t\t\t\t<\/div>\n\t\t<!-- dce invisible element 064e7ba -->\t\t<div class=\"elementor-element elementor-element-91a888d elementor-widget elementor-widget-dce-filebrowser\" data-id=\"91a888d\" data-element_type=\"widget\" data-e-type=\"widget\" data-settings=\"{&quot;enabled_visibility&quot;:&quot;yes&quot;,&quot;dce_visibility_selected&quot;:&quot;yes&quot;}\" data-widget_type=\"dce-filebrowser.default\">\n\t\t\t\t<div class=\"elementor-widget-container\">\n\t\t\t\t\t<ul class=\"list-unstyled dce-list dce-list-root\"><li class=\"file ext-pdf\"><a class=\"block btn-block dce-file-download\" href=\"https:\/\/sisgeo.com\/wp-content\/uploads\/Prodotti\/Extensometers\/MEXID%20Miniaturized%20MPBX\/FR\/Datasheet\/D2MX_FR_05_MEXID_mpbx_miniaturise.pdf\" target=\"_blank\" data-md5=\"ddbc5d1d7b1366b30aac7df296fe971c\" data-original-name=\"D2MX_FR_05_MEXID_mpbx_miniaturise.pdf\"><span class=\"middle fiv-viv fiv-icon-pdf\"><\/span><span class=\"dce-file-text\"><strong class=\"dce-file-title\">D2MX_FR_05_MEXID_mpbx_miniaturise<\/strong><\/span><\/a><\/li><\/ul>\t\t\t\t<\/div>\n\t\t\t\t<\/div>\n\t\t<!-- dce invisible element 7f7a771 -->\t\t\t<\/div>\n\t\t\t\t<\/div>\n\t\t<div class=\"elementor-element elementor-element-fcd4bc6 normali e-flex e-con-boxed e-con e-parent\" data-id=\"fcd4bc6\" data-element_type=\"container\" data-e-type=\"container\">\n\t\t\t\t\t<div class=\"e-con-inner\">\n\t\t<div class=\"elementor-element elementor-element-aa0d30f e-flex e-con-boxed e-con e-child\" data-id=\"aa0d30f\" data-element_type=\"container\" data-e-type=\"container\">\n\t\t\t\t\t<div class=\"e-con-inner\">\n\t\t\t\t<div class=\"elementor-element elementor-element-4403f40 elementor-widget elementor-widget-text-editor\" data-id=\"4403f40\" data-element_type=\"widget\" data-e-type=\"widget\" data-widget_type=\"text-editor.default\">\n\t\t\t\t<div class=\"elementor-widget-container\">\n\t\t\t\t\t\t\t\t\t<p>3D Extenso-inclinom\u00e8tre DEX-S<\/p>\n\t\t\t\t\t\t\t\t<\/div>\n\t\t\t\t<\/div>\n\t\t\t\t<div class=\"elementor-element elementor-element-9b36e84 elementor-widget elementor-widget-dce-filebrowser\" data-id=\"9b36e84\" data-element_type=\"widget\" data-e-type=\"widget\" data-settings=\"{&quot;enabled_visibility&quot;:&quot;yes&quot;,&quot;dce_visibility_selected&quot;:&quot;yes&quot;}\" data-widget_type=\"dce-filebrowser.default\">\n\t\t\t\t<div class=\"elementor-widget-container\">\n\t\t\t\t\t<ul class=\"list-unstyled dce-list dce-list-root\"><li class=\"file ext-pdf\"><a class=\"block btn-block dce-file-download\" href=\"https:\/\/sisgeo.com\/wp-content\/uploads\/Prodotti\/IPI%20In-Place%20Inclinometers\/DEX%20and%20DEX-S%203D%20estenso-inclinometer\/Spagnolo\/Datasheet\/DEX-S_EN_09_digital_DEX-S_extenso-inclinometer_datasheet.pdf\" target=\"_blank\" data-md5=\"cd0c0cde3c79c12d86da4bf17c02d7d3\" data-original-name=\"DEX-S_EN_09_digital_DEX-S_extenso-inclinometer_datasheet.pdf\"><span class=\"middle fiv-viv fiv-icon-pdf\"><\/span><span class=\"dce-file-text\"><strong class=\"dce-file-title\">DEX-S_EN_09_digital_DEX-S_extenso-inclinometer_datasheet<\/strong><\/span><\/a><\/li><\/ul>\t\t\t\t<\/div>\n\t\t\t\t<\/div>\n\t\t\t\t\t<\/div>\n\t\t\t\t<\/div>\n\t\t\t\t\t<\/div>\n\t\t\t\t<\/div>\n\t\t<div class=\"elementor-element elementor-element-e1adc36 normali e-flex e-con-boxed e-con e-parent\" data-id=\"e1adc36\" data-element_type=\"container\" data-e-type=\"container\">\n\t\t\t\t\t<div class=\"e-con-inner\">\n\t\t\t\t<div class=\"elementor-element elementor-element-0f49181 elementor-widget elementor-widget-text-editor\" data-id=\"0f49181\" data-element_type=\"widget\" data-e-type=\"widget\" data-widget_type=\"text-editor.default\">\n\t\t\t\t<div class=\"elementor-widget-container\">\n\t\t\t\t\t\t\t\t\t<p>Extensom\u00e8tres de remblai<\/p>\n\t\t\t\t\t\t\t\t<\/div>\n\t\t\t\t<\/div>\n\t\t<!-- dce invisible element 9516b0f -->\t\t<div class=\"elementor-element elementor-element-e3ae3af elementor-widget elementor-widget-dce-filebrowser\" data-id=\"e3ae3af\" data-element_type=\"widget\" data-e-type=\"widget\" data-settings=\"{&quot;enabled_visibility&quot;:&quot;yes&quot;,&quot;dce_visibility_selected&quot;:&quot;yes&quot;}\" data-widget_type=\"dce-filebrowser.default\">\n\t\t\t\t<div class=\"elementor-widget-container\">\n\t\t\t\t\t<ul class=\"list-unstyled dce-list dce-list-root\"><li class=\"file ext-pdf\"><a class=\"block btn-block dce-file-download\" href=\"https:\/\/sisgeo.com\/wp-content\/uploads\/Prodotti\/Extensometers\/Embankment%20Extensometers\/FR\/Datasheet\/D232_FR_08_extensometres_pour_remblais.pdf\" target=\"_blank\" data-md5=\"164260562c6e37cf795b310a7a9ebd25\" data-original-name=\"D232_FR_08_extensometres_pour_remblais.pdf\"><span class=\"middle fiv-viv fiv-icon-pdf\"><\/span><span class=\"dce-file-text\"><strong class=\"dce-file-title\">D232_FR_08_extensometres_pour_remblais<\/strong><\/span><\/a><\/li><\/ul>\t\t\t\t<\/div>\n\t\t\t\t<\/div>\n\t\t\t\t\t<\/div>\n\t\t\t\t<\/div>\n\t\t<div class=\"elementor-element elementor-element-909cf93 normali e-flex e-con-boxed e-con e-parent\" data-id=\"909cf93\" data-element_type=\"container\" data-e-type=\"container\">\n\t\t\t\t\t<div class=\"e-con-inner\">\n\t\t\t\t<div class=\"elementor-element elementor-element-f671783 elementor-widget elementor-widget-text-editor\" data-id=\"f671783\" data-element_type=\"widget\" data-e-type=\"widget\" data-widget_type=\"text-editor.default\">\n\t\t\t\t<div class=\"elementor-widget-container\">\n\t\t\t\t\t\t\t\t\t<p>T-REX Extensom\u00e8tre Incr\u00e9mentiel<\/p>\n\t\t\t\t\t\t\t\t<\/div>\n\t\t\t\t<\/div>\n\t\t<!-- dce invisible element 2cbfd29 -->\t\t<div class=\"elementor-element elementor-element-78271d4 elementor-widget elementor-widget-dce-filebrowser\" data-id=\"78271d4\" data-element_type=\"widget\" data-e-type=\"widget\" data-settings=\"{&quot;enabled_visibility&quot;:&quot;yes&quot;,&quot;dce_visibility_selected&quot;:&quot;yes&quot;}\" data-widget_type=\"dce-filebrowser.default\">\n\t\t\t\t<div class=\"elementor-widget-container\">\n\t\t\t\t\t<ul class=\"list-unstyled dce-list dce-list-root\"><li class=\"file ext-pdf\"><a class=\"block btn-block dce-file-download\" href=\"https:\/\/sisgeo.com\/wp-content\/uploads\/Prodotti\/Extensometers\/T-REX%20Incremental%20Extensometer\/FR\/Datasheet\/T-REX_FR_10_T-REX_extensom\u00e8tre%20incr\u00e9mentiel.pdf\" target=\"_blank\" data-md5=\"2ff32cb7b2fb79361156ba142ff196a4\" data-original-name=\"T-REX_FR_10_T-REX_extensom\u00e8tre incr\u00e9mentiel.pdf\"><span class=\"middle fiv-viv fiv-icon-pdf\"><\/span><span class=\"dce-file-text\"><strong class=\"dce-file-title\">T-REX_FR_10_T-REX_extensom\u00e8tre incr\u00e9mentiel<\/strong><\/span><\/a><\/li><\/ul>\t\t\t\t<\/div>\n\t\t\t\t<\/div>\n\t\t<!-- dce invisible element 1d1e048 -->\t\t\t<\/div>\n\t\t\t\t<\/div>\n\t\t<div class=\"elementor-element elementor-element-19a5ad8 normali e-flex e-con-boxed e-con e-parent\" data-id=\"19a5ad8\" data-element_type=\"container\" data-e-type=\"container\">\n\t\t\t\t\t<div class=\"e-con-inner\">\n\t\t\t\t<div class=\"elementor-element elementor-element-e126b08 elementor-widget elementor-widget-text-editor\" data-id=\"e126b08\" data-element_type=\"widget\" data-e-type=\"widget\" data-widget_type=\"text-editor.default\">\n\t\t\t\t<div class=\"elementor-widget-container\">\n\t\t\t\t\t\t\t\t\t<p>KLION logiciel pour inclinom\u00e8tres et extensom\u00e8tres<\/p>\n\t\t\t\t\t\t\t\t<\/div>\n\t\t\t\t<\/div>\n\t\t<!-- dce invisible element 633c053 -->\t\t<div class=\"elementor-element elementor-element-61dba7c elementor-widget elementor-widget-dce-filebrowser\" data-id=\"61dba7c\" data-element_type=\"widget\" data-e-type=\"widget\" data-settings=\"{&quot;enabled_visibility&quot;:&quot;yes&quot;,&quot;dce_visibility_selected&quot;:&quot;yes&quot;}\" data-widget_type=\"dce-filebrowser.default\">\n\t\t\t\t<div class=\"elementor-widget-container\">\n\t\t\t\t\t<ul class=\"list-unstyled dce-list dce-list-root\"><li class=\"file ext-pdf\"><a class=\"block btn-block dce-file-download\" href=\"https:\/\/sisgeo.com\/wp-content\/uploads\/Prodotti\/B.R.A.IN%20MEMS%20Probe%20Inclinometer\/KLION%20software%20for%20inclinometers%20and%20extensometers\/Francese\/Datasheet\/KLION_FR_01_logiciel_klion.pdf\" target=\"_blank\" data-md5=\"6e0ee1739b636a1b738b1b69ecde438e\" data-original-name=\"KLION_FR_01_logiciel_klion.pdf\"><span class=\"middle fiv-viv fiv-icon-pdf\"><\/span><span class=\"dce-file-text\"><strong class=\"dce-file-title\">KLION_FR_01_logiciel_klion<\/strong><\/span><\/a><\/li><\/ul>\t\t\t\t<\/div>\n\t\t\t\t<\/div>\n\t\t\t\t\t<\/div>\n\t\t\t\t<\/div>\n\t\t\t\t<\/div>\n\t\t","protected":false},"excerpt":{"rendered":"<p>MPBX &#8211; Extensom\u00e8tres en Forage multipoints D222_EN_11_MPBX_borehole_rod_extensometer D222_FR_11_MPBX_extensometre_a_tige_en_forage D222_ES_11_MPBX_borehole_rod_extensometer MEXID &#8211; MPBX miniaturis\u00e9 D2MX_EN_05_MEXID_miniaturized_mpbx D2MX_FR_05_MEXID_mpbx_miniaturise D2MX_ES_05_MEXID_miniaturized_mpbx 3D Extenso-inclinom\u00e8tre DEX-S DEX-S_EN_08_digital_DEX-S_extenso-inclinometer_datasheet Extensom\u00e8tres de remblai D232_EN_08_Embankment_extensometerS D232_FR_08_extensometres_pour_remblais T-REX Extensom\u00e8tre Incr\u00e9mentiel T-REX_EN_10_T-REX_incremental_extensometer T-REX_FR_10_T-REX_extensom\u00e8tre incr\u00e9mentiel TREX_ES_10_T-REX_incremental_extensometer KLION logiciel pour inclinom\u00e8tres et extensom\u00e8tres KLION_EN_01_software_for_inclinometers_and_ KLION_FR_01_logiciel_klion<\/p>\n","protected":false},"author":1,"featured_media":0,"parent":20005,"menu_order":0,"comment_status":"closed","ping_status":"closed","template":"","meta":{"footnotes":""},"categories":[],"tags":[],"class_list":["post-20042","page","type-page","status-publish","hentry"],"yoast_head":"<!-- This site is optimized with the Yoast SEO Premium plugin v27.2 (Yoast SEO v27.2) - https:\/\/yoast.com\/product\/yoast-seo-premium-wordpress\/ -->\n<title>Extensometres - Sisgeo<\/title>\n<meta name=\"robots\" content=\"index, follow, max-snippet:-1, max-image-preview:large, max-video-preview:-1\" \/>\n<link rel=\"canonical\" href=\"https:\/\/sisgeo.com\/fr\/zone-de-telechargement\/fiche-technique\/extensometres\/\" \/>\n<meta property=\"og:locale\" content=\"fr_FR\" \/>\n<meta property=\"og:type\" content=\"article\" \/>\n<meta property=\"og:title\" content=\"Extensometres\" \/>\n<meta property=\"og:description\" content=\"MPBX &#8211; Extensom\u00e8tres en Forage multipoints D222_EN_11_MPBX_borehole_rod_extensometer D222_FR_11_MPBX_extensometre_a_tige_en_forage D222_ES_11_MPBX_borehole_rod_extensometer MEXID &#8211; MPBX miniaturis\u00e9 D2MX_EN_05_MEXID_miniaturized_mpbx D2MX_FR_05_MEXID_mpbx_miniaturise D2MX_ES_05_MEXID_miniaturized_mpbx 3D Extenso-inclinom\u00e8tre DEX-S DEX-S_EN_08_digital_DEX-S_extenso-inclinometer_datasheet Extensom\u00e8tres de remblai D232_EN_08_Embankment_extensometerS D232_FR_08_extensometres_pour_remblais T-REX Extensom\u00e8tre Incr\u00e9mentiel T-REX_EN_10_T-REX_incremental_extensometer T-REX_FR_10_T-REX_extensom\u00e8tre incr\u00e9mentiel TREX_ES_10_T-REX_incremental_extensometer KLION logiciel pour inclinom\u00e8tres et extensom\u00e8tres KLION_EN_01_software_for_inclinometers_and_ KLION_FR_01_logiciel_klion\" \/>\n<meta property=\"og:url\" content=\"https:\/\/sisgeo.com\/fr\/zone-de-telechargement\/fiche-technique\/extensometres\/\" \/>\n<meta property=\"og:site_name\" content=\"Sisgeo\" \/>\n<meta property=\"article:modified_time\" content=\"2025-01-20T08:45:10+00:00\" \/>\n<meta name=\"twitter:card\" content=\"summary_large_image\" \/>\n<meta name=\"twitter:label1\" content=\"Dur\u00e9e de lecture estim\u00e9e\" \/>\n\t<meta name=\"twitter:data1\" content=\"1 minute\" \/>\n<script type=\"application\/ld+json\" class=\"yoast-schema-graph\">{\"@context\":\"https:\/\/schema.org\",\"@graph\":[{\"@type\":\"WebPage\",\"@id\":\"https:\/\/sisgeo.com\/fr\/zone-de-telechargement\/fiche-technique\/extensometres\/\",\"url\":\"https:\/\/sisgeo.com\/fr\/zone-de-telechargement\/fiche-technique\/extensometres\/\",\"name\":\"Extensometres - Sisgeo\",\"isPartOf\":{\"@id\":\"https:\/\/sisgeo.com\/fr\/#website\"},\"datePublished\":\"2023-09-22T07:52:25+00:00\",\"dateModified\":\"2025-01-20T08:45:10+00:00\",\"breadcrumb\":{\"@id\":\"https:\/\/sisgeo.com\/fr\/zone-de-telechargement\/fiche-technique\/extensometres\/#breadcrumb\"},\"inLanguage\":\"fr-FR\",\"potentialAction\":[{\"@type\":\"ReadAction\",\"target\":[\"https:\/\/sisgeo.com\/fr\/zone-de-telechargement\/fiche-technique\/extensometres\/\"]}]},{\"@type\":\"BreadcrumbList\",\"@id\":\"https:\/\/sisgeo.com\/fr\/zone-de-telechargement\/fiche-technique\/extensometres\/#breadcrumb\",\"itemListElement\":[{\"@type\":\"ListItem\",\"position\":1,\"name\":\"Home\",\"item\":\"https:\/\/sisgeo.com\/fr\/linstrumentation-geotechnique-et-structurale-pour-le-shm\/\"},{\"@type\":\"ListItem\",\"position\":2,\"name\":\"Zone de t\u00e9l\u00e9chargement\",\"item\":\"https:\/\/sisgeo.com\/fr\/zone-de-telechargement\/\"},{\"@type\":\"ListItem\",\"position\":3,\"name\":\"Fiche technique\",\"item\":\"https:\/\/sisgeo.com\/fr\/zone-de-telechargement\/fiche-technique\/\"},{\"@type\":\"ListItem\",\"position\":4,\"name\":\"Extensometres\"}]},{\"@type\":\"WebSite\",\"@id\":\"https:\/\/sisgeo.com\/fr\/#website\",\"url\":\"https:\/\/sisgeo.com\/fr\/\",\"name\":\"Sisgeo\",\"description\":\"Inclined to improvement\",\"publisher\":{\"@id\":\"https:\/\/sisgeo.com\/fr\/#organization\"},\"potentialAction\":[{\"@type\":\"SearchAction\",\"target\":{\"@type\":\"EntryPoint\",\"urlTemplate\":\"https:\/\/sisgeo.com\/fr\/?s={search_term_string}\"},\"query-input\":{\"@type\":\"PropertyValueSpecification\",\"valueRequired\":true,\"valueName\":\"search_term_string\"}}],\"inLanguage\":\"fr-FR\"},{\"@type\":\"Organization\",\"@id\":\"https:\/\/sisgeo.com\/fr\/#organization\",\"name\":\"Sisgeo S.r.l.\",\"url\":\"https:\/\/sisgeo.com\/fr\/\",\"logo\":{\"@type\":\"ImageObject\",\"inLanguage\":\"fr-FR\",\"@id\":\"https:\/\/sisgeo.com\/fr\/#\/schema\/logo\/image\/\",\"url\":\"https:\/\/sisgeodev.pipehosting.it\/wp-content\/uploads\/2023\/06\/logo-RGB.png\",\"contentUrl\":\"https:\/\/sisgeodev.pipehosting.it\/wp-content\/uploads\/2023\/06\/logo-RGB.png\",\"width\":205,\"height\":97,\"caption\":\"Sisgeo S.r.l.\"},\"image\":{\"@id\":\"https:\/\/sisgeo.com\/fr\/#\/schema\/logo\/image\/\"}}]}<\/script>\n<!-- \/ Yoast SEO Premium plugin. -->","yoast_head_json":{"title":"Extensometres - Sisgeo","robots":{"index":"index","follow":"follow","max-snippet":"max-snippet:-1","max-image-preview":"max-image-preview:large","max-video-preview":"max-video-preview:-1"},"canonical":"https:\/\/sisgeo.com\/fr\/zone-de-telechargement\/fiche-technique\/extensometres\/","og_locale":"fr_FR","og_type":"article","og_title":"Extensometres","og_description":"MPBX &#8211; Extensom\u00e8tres en Forage multipoints D222_EN_11_MPBX_borehole_rod_extensometer D222_FR_11_MPBX_extensometre_a_tige_en_forage D222_ES_11_MPBX_borehole_rod_extensometer MEXID &#8211; MPBX miniaturis\u00e9 D2MX_EN_05_MEXID_miniaturized_mpbx D2MX_FR_05_MEXID_mpbx_miniaturise D2MX_ES_05_MEXID_miniaturized_mpbx 3D Extenso-inclinom\u00e8tre DEX-S DEX-S_EN_08_digital_DEX-S_extenso-inclinometer_datasheet Extensom\u00e8tres de remblai D232_EN_08_Embankment_extensometerS D232_FR_08_extensometres_pour_remblais T-REX Extensom\u00e8tre Incr\u00e9mentiel T-REX_EN_10_T-REX_incremental_extensometer T-REX_FR_10_T-REX_extensom\u00e8tre incr\u00e9mentiel TREX_ES_10_T-REX_incremental_extensometer KLION logiciel pour inclinom\u00e8tres et extensom\u00e8tres KLION_EN_01_software_for_inclinometers_and_ KLION_FR_01_logiciel_klion","og_url":"https:\/\/sisgeo.com\/fr\/zone-de-telechargement\/fiche-technique\/extensometres\/","og_site_name":"Sisgeo","article_modified_time":"2025-01-20T08:45:10+00:00","twitter_card":"summary_large_image","twitter_misc":{"Dur\u00e9e de lecture estim\u00e9e":"1 minute"},"schema":{"@context":"https:\/\/schema.org","@graph":[{"@type":"WebPage","@id":"https:\/\/sisgeo.com\/fr\/zone-de-telechargement\/fiche-technique\/extensometres\/","url":"https:\/\/sisgeo.com\/fr\/zone-de-telechargement\/fiche-technique\/extensometres\/","name":"Extensometres - Sisgeo","isPartOf":{"@id":"https:\/\/sisgeo.com\/fr\/#website"},"datePublished":"2023-09-22T07:52:25+00:00","dateModified":"2025-01-20T08:45:10+00:00","breadcrumb":{"@id":"https:\/\/sisgeo.com\/fr\/zone-de-telechargement\/fiche-technique\/extensometres\/#breadcrumb"},"inLanguage":"fr-FR","potentialAction":[{"@type":"ReadAction","target":["https:\/\/sisgeo.com\/fr\/zone-de-telechargement\/fiche-technique\/extensometres\/"]}]},{"@type":"BreadcrumbList","@id":"https:\/\/sisgeo.com\/fr\/zone-de-telechargement\/fiche-technique\/extensometres\/#breadcrumb","itemListElement":[{"@type":"ListItem","position":1,"name":"Home","item":"https:\/\/sisgeo.com\/fr\/linstrumentation-geotechnique-et-structurale-pour-le-shm\/"},{"@type":"ListItem","position":2,"name":"Zone de t\u00e9l\u00e9chargement","item":"https:\/\/sisgeo.com\/fr\/zone-de-telechargement\/"},{"@type":"ListItem","position":3,"name":"Fiche technique","item":"https:\/\/sisgeo.com\/fr\/zone-de-telechargement\/fiche-technique\/"},{"@type":"ListItem","position":4,"name":"Extensometres"}]},{"@type":"WebSite","@id":"https:\/\/sisgeo.com\/fr\/#website","url":"https:\/\/sisgeo.com\/fr\/","name":"Sisgeo","description":"Inclined to improvement","publisher":{"@id":"https:\/\/sisgeo.com\/fr\/#organization"},"potentialAction":[{"@type":"SearchAction","target":{"@type":"EntryPoint","urlTemplate":"https:\/\/sisgeo.com\/fr\/?s={search_term_string}"},"query-input":{"@type":"PropertyValueSpecification","valueRequired":true,"valueName":"search_term_string"}}],"inLanguage":"fr-FR"},{"@type":"Organization","@id":"https:\/\/sisgeo.com\/fr\/#organization","name":"Sisgeo S.r.l.","url":"https:\/\/sisgeo.com\/fr\/","logo":{"@type":"ImageObject","inLanguage":"fr-FR","@id":"https:\/\/sisgeo.com\/fr\/#\/schema\/logo\/image\/","url":"https:\/\/sisgeodev.pipehosting.it\/wp-content\/uploads\/2023\/06\/logo-RGB.png","contentUrl":"https:\/\/sisgeodev.pipehosting.it\/wp-content\/uploads\/2023\/06\/logo-RGB.png","width":205,"height":97,"caption":"Sisgeo S.r.l."},"image":{"@id":"https:\/\/sisgeo.com\/fr\/#\/schema\/logo\/image\/"}}]}},"_links":{"self":[{"href":"https:\/\/sisgeo.com\/fr\/wp-json\/wp\/v2\/pages\/20042","targetHints":{"allow":["GET"]}}],"collection":[{"href":"https:\/\/sisgeo.com\/fr\/wp-json\/wp\/v2\/pages"}],"about":[{"href":"https:\/\/sisgeo.com\/fr\/wp-json\/wp\/v2\/types\/page"}],"author":[{"embeddable":true,"href":"https:\/\/sisgeo.com\/fr\/wp-json\/wp\/v2\/users\/1"}],"replies":[{"embeddable":true,"href":"https:\/\/sisgeo.com\/fr\/wp-json\/wp\/v2\/comments?post=20042"}],"version-history":[{"count":6,"href":"https:\/\/sisgeo.com\/fr\/wp-json\/wp\/v2\/pages\/20042\/revisions"}],"predecessor-version":[{"id":28002,"href":"https:\/\/sisgeo.com\/fr\/wp-json\/wp\/v2\/pages\/20042\/revisions\/28002"}],"up":[{"embeddable":true,"href":"https:\/\/sisgeo.com\/fr\/wp-json\/wp\/v2\/pages\/20005"}],"wp:attachment":[{"href":"https:\/\/sisgeo.com\/fr\/wp-json\/wp\/v2\/media?parent=20042"}],"wp:term":[{"taxonomy":"category","embeddable":true,"href":"https:\/\/sisgeo.com\/fr\/wp-json\/wp\/v2\/categories?post=20042"},{"taxonomy":"post_tag","embeddable":true,"href":"https:\/\/sisgeo.com\/fr\/wp-json\/wp\/v2\/tags?post=20042"}],"curies":[{"name":"wp","href":"https:\/\/api.w.org\/{rel}","templated":true}]}}